{"id":5761,"date":"2019-08-23T10:54:35","date_gmt":"2019-08-23T08:54:35","guid":{"rendered":"https:\/\/niipit.dk\/budumvej-hundeskov-aalborg\/?page_id=5761"},"modified":"2019-08-24T22:21:22","modified_gmt":"2019-08-24T20:21:22","slug":"om-hundeskoven","status":"publish","type":"page","link":"https:\/\/niipit.dk\/budumvej-hundeskov-aalborg\/om-hundeskoven\/","title":{"rendered":"Om hundeskoven"},"content":{"rendered":"\n<p style=\"text-align:center\">Der findes en  Facebook gruppe hvor du kan lave hundelegeaftaler<\/p>\n\n\n\n<p style=\"text-align:center\"><a href=\"https:\/\/www.facebook.com\/groups\/517225475007808\/\">Bes\u00f8g Facebook Gruppen her <\/a><br><\/p>\n\n\n\n<p><a href=\"https:\/\/niipit.dk\/budumvej-hundeskov-aalborg\/\">Budumvej Hundeskov<\/a> er en mark der er indhegnet. <br>Omr\u00e5det er delt op af en gr\u00f8ft. Den ene del er god til tr\u00e6ning af frit s\u00f8g<\/p>\n\n\n\n<p>Der er borde og b\u00e6nke samt skraldespand.<\/p>\n\n\n\n<p>Der er flere indgange til omr\u00e5det<\/p>\n\n\n\n<p>Parkeringsplads p\u00e5 stedet ogs\u00e5.<\/p>\n","protected":false},"excerpt":{"rendered":"<p>Der findes en Facebook gruppe hvor du kan lave hundelegeaftaler Bes\u00f8g Facebook Gruppen her Budumvej Hundeskov er en mark der er indhegnet. Omr\u00e5det er delt op af en gr\u00f8ft. Den ene del er god til tr\u00e6ning af frit s\u00f8g Der er borde og b\u00e6nke samt skraldespand. Der er flere indgange til omr\u00e5det Parkeringsplads p\u00e5 stedet <a class=\"moretag btn btn-primary\" href=\"https:\/\/niipit.dk\/budumvej-hundeskov-aalborg\/om-hundeskoven\/\">L\u00e6s mere<\/a><\/p>\n","protected":false},"author":151,"featured_media":0,"parent":0,"menu_order":0,"comment_status":"closed","ping_status":"closed","template":"","meta":{"_exactmetrics_skip_tracking":false,"_exactmetrics_sitenote_active":false,"_exactmetrics_sitenote_note":"","_exactmetrics_sitenote_category":0,"_monsterinsights_skip_tracking":false,"_monsterinsights_sitenote_active":false,"_monsterinsights_sitenote_note":"","_monsterinsights_sitenote_category":0,"footnotes":""},"class_list":["post-5761","page","type-page","status-publish","hentry"],"yoast_head":"<!-- This site is optimized with the Yoast SEO Premium plugin v16.3 (Yoast SEO v27.4) - https:\/\/yoast.com\/product\/yoast-seo-premium-wordpress\/ -->\n<title>Om hundeskoven - Budumvej Hundeskov Aalborg<\/title>\n<meta name=\"robots\" content=\"index, follow, max-snippet:-1, max-image-preview:large, max-video-preview:-1\" \/>\n<link rel=\"canonical\" href=\"https:\/\/niipit.dk\/budumvej-hundeskov-aalborg\/om-hundeskoven\/\" \/>\n<meta property=\"og:locale\" content=\"da_DK\" \/>\n<meta property=\"og:type\" content=\"article\" \/>\n<meta property=\"og:title\" content=\"Om hundeskoven - Budumvej Hundeskov Aalborg\" \/>\n<meta property=\"og:description\" content=\"Der findes en Facebook gruppe hvor du kan lave hundelegeaftaler Bes\u00f8g Facebook Gruppen her Budumvej Hundeskov er en mark der er indhegnet. Omr\u00e5det er delt op af en gr\u00f8ft. Den ene del er god til tr\u00e6ning af frit s\u00f8g Der er borde og b\u00e6nke samt skraldespand. Der er flere indgange til omr\u00e5det Parkeringsplads p\u00e5 stedet L\u00e6s mere\" \/>\n<meta property=\"og:url\" content=\"https:\/\/niipit.dk\/budumvej-hundeskov-aalborg\/om-hundeskoven\/\" \/>\n<meta property=\"og:site_name\" content=\"Budumvej Hundeskov Aalborg\" \/>\n<meta property=\"article:modified_time\" content=\"2019-08-24T20:21:22+00:00\" \/>\n<meta name=\"twitter:card\" content=\"summary_large_image\" \/>\n<script type=\"application\/ld+json\" class=\"yoast-schema-graph\">{\"@context\":\"https:\\\/\\\/schema.org\",\"@graph\":[{\"@type\":\"WebPage\",\"@id\":\"https:\\\/\\\/niipit.dk\\\/budumvej-hundeskov-aalborg\\\/om-hundeskoven\\\/\",\"url\":\"https:\\\/\\\/niipit.dk\\\/budumvej-hundeskov-aalborg\\\/om-hundeskoven\\\/\",\"name\":\"Om hundeskoven - Budumvej Hundeskov Aalborg\",\"isPartOf\":{\"@id\":\"https:\\\/\\\/niipit.dk\\\/budumvej-hundeskov-aalborg\\\/#website\"},\"datePublished\":\"2019-08-23T08:54:35+00:00\",\"dateModified\":\"2019-08-24T20:21:22+00:00\",\"breadcrumb\":{\"@id\":\"https:\\\/\\\/niipit.dk\\\/budumvej-hundeskov-aalborg\\\/om-hundeskoven\\\/#breadcrumb\"},\"inLanguage\":\"da-DK\",\"potentialAction\":[{\"@type\":\"ReadAction\",\"target\":[\"https:\\\/\\\/niipit.dk\\\/budumvej-hundeskov-aalborg\\\/om-hundeskoven\\\/\"]}]},{\"@type\":\"BreadcrumbList\",\"@id\":\"https:\\\/\\\/niipit.dk\\\/budumvej-hundeskov-aalborg\\\/om-hundeskoven\\\/#breadcrumb\",\"itemListElement\":[{\"@type\":\"ListItem\",\"position\":1,\"name\":\"Hjem\",\"item\":\"https:\\\/\\\/niipit.dk\\\/budumvej-hundeskov-aalborg\\\/\"},{\"@type\":\"ListItem\",\"position\":2,\"name\":\"Om hundeskoven\"}]},{\"@type\":\"WebSite\",\"@id\":\"https:\\\/\\\/niipit.dk\\\/budumvej-hundeskov-aalborg\\\/#website\",\"url\":\"https:\\\/\\\/niipit.dk\\\/budumvej-hundeskov-aalborg\\\/\",\"name\":\"Budumvej Hundeskov Aalborg\",\"description\":\"F\u00e5 din virksomhed p\u00e5 niipit\",\"potentialAction\":[{\"@type\":\"SearchAction\",\"target\":{\"@type\":\"EntryPoint\",\"urlTemplate\":\"https:\\\/\\\/niipit.dk\\\/budumvej-hundeskov-aalborg\\\/?s={search_term_string}\"},\"query-input\":{\"@type\":\"PropertyValueSpecification\",\"valueRequired\":true,\"valueName\":\"search_term_string\"}}],\"inLanguage\":\"da-DK\"}]}<\/script>\n<!-- \/ Yoast SEO Premium plugin. -->","yoast_head_json":{"title":"Om hundeskoven - Budumvej Hundeskov Aalborg","robots":{"index":"index","follow":"follow","max-snippet":"max-snippet:-1","max-image-preview":"max-image-preview:large","max-video-preview":"max-video-preview:-1"},"canonical":"https:\/\/niipit.dk\/budumvej-hundeskov-aalborg\/om-hundeskoven\/","og_locale":"da_DK","og_type":"article","og_title":"Om hundeskoven - Budumvej Hundeskov Aalborg","og_description":"Der findes en Facebook gruppe hvor du kan lave hundelegeaftaler Bes\u00f8g Facebook Gruppen her Budumvej Hundeskov er en mark der er indhegnet. Omr\u00e5det er delt op af en gr\u00f8ft. Den ene del er god til tr\u00e6ning af frit s\u00f8g Der er borde og b\u00e6nke samt skraldespand. Der er flere indgange til omr\u00e5det Parkeringsplads p\u00e5 stedet L\u00e6s mere","og_url":"https:\/\/niipit.dk\/budumvej-hundeskov-aalborg\/om-hundeskoven\/","og_site_name":"Budumvej Hundeskov Aalborg","article_modified_time":"2019-08-24T20:21:22+00:00","twitter_card":"summary_large_image","schema":{"@context":"https:\/\/schema.org","@graph":[{"@type":"WebPage","@id":"https:\/\/niipit.dk\/budumvej-hundeskov-aalborg\/om-hundeskoven\/","url":"https:\/\/niipit.dk\/budumvej-hundeskov-aalborg\/om-hundeskoven\/","name":"Om hundeskoven - Budumvej Hundeskov Aalborg","isPartOf":{"@id":"https:\/\/niipit.dk\/budumvej-hundeskov-aalborg\/#website"},"datePublished":"2019-08-23T08:54:35+00:00","dateModified":"2019-08-24T20:21:22+00:00","breadcrumb":{"@id":"https:\/\/niipit.dk\/budumvej-hundeskov-aalborg\/om-hundeskoven\/#breadcrumb"},"inLanguage":"da-DK","potentialAction":[{"@type":"ReadAction","target":["https:\/\/niipit.dk\/budumvej-hundeskov-aalborg\/om-hundeskoven\/"]}]},{"@type":"BreadcrumbList","@id":"https:\/\/niipit.dk\/budumvej-hundeskov-aalborg\/om-hundeskoven\/#breadcrumb","itemListElement":[{"@type":"ListItem","position":1,"name":"Hjem","item":"https:\/\/niipit.dk\/budumvej-hundeskov-aalborg\/"},{"@type":"ListItem","position":2,"name":"Om hundeskoven"}]},{"@type":"WebSite","@id":"https:\/\/niipit.dk\/budumvej-hundeskov-aalborg\/#website","url":"https:\/\/niipit.dk\/budumvej-hundeskov-aalborg\/","name":"Budumvej Hundeskov Aalborg","description":"F\u00e5 din virksomhed p\u00e5 niipit","potentialAction":[{"@type":"SearchAction","target":{"@type":"EntryPoint","urlTemplate":"https:\/\/niipit.dk\/budumvej-hundeskov-aalborg\/?s={search_term_string}"},"query-input":{"@type":"PropertyValueSpecification","valueRequired":true,"valueName":"search_term_string"}}],"inLanguage":"da-DK"}]}},"_links":{"self":[{"href":"https:\/\/niipit.dk\/budumvej-hundeskov-aalborg\/wp-json\/wp\/v2\/pages\/5761","targetHints":{"allow":["GET"]}}],"collection":[{"href":"https:\/\/niipit.dk\/budumvej-hundeskov-aalborg\/wp-json\/wp\/v2\/pages"}],"about":[{"href":"https:\/\/niipit.dk\/budumvej-hundeskov-aalborg\/wp-json\/wp\/v2\/types\/page"}],"author":[{"embeddable":true,"href":"https:\/\/niipit.dk\/budumvej-hundeskov-aalborg\/wp-json\/wp\/v2\/users\/151"}],"replies":[{"embeddable":true,"href":"https:\/\/niipit.dk\/budumvej-hundeskov-aalborg\/wp-json\/wp\/v2\/comments?post=5761"}],"version-history":[{"count":0,"href":"https:\/\/niipit.dk\/budumvej-hundeskov-aalborg\/wp-json\/wp\/v2\/pages\/5761\/revisions"}],"wp:attachment":[{"href":"https:\/\/niipit.dk\/budumvej-hundeskov-aalborg\/wp-json\/wp\/v2\/media?parent=5761"}],"curies":[{"name":"wp","href":"https:\/\/api.w.org\/{rel}","templated":true}]}}