{"id":5133,"date":"2018-08-15T22:08:09","date_gmt":"2018-08-15T20:08:09","guid":{"rendered":"https:\/\/niipit.dk\/nv2-QogM\/?page_id=5133"},"modified":"2020-07-02T20:29:05","modified_gmt":"2020-07-02T18:29:05","slug":"kontakt","status":"publish","type":"page","link":"https:\/\/niipit.dk\/brian-vegas\/kontakt\/","title":{"rendered":"Kontakt"},"content":{"rendered":"<h1><span style=\"color: #23282d; font-size: 1.6em; font-weight: 600;\">ComputerLab &#8211; Data &amp; Design<\/span><\/h1>\n<p>Har du en opgave eller et projekt du har brug for at tage en dialog om, er du velkommen at sende en mail, eller ringe indenfor telefontiden beskrevet nedenfor. Vi kan ogs\u00e5 arrangere et m\u00f8de p\u00e5 kontoret i Bredgade, eller planl\u00e6gge et bes\u00f8g hos dig.<\/p>\n<div>\n<p>Bredgade 25<br \/>\n1260 K\u00f8benhavn K<br \/>\n<em>* Bes\u00f8g og \u00e5bent kun efter aftale.<\/em><\/p>\n<p>W: <a href=\"http:\/\/www.ComputerLab.dk\">www.ComputerLab.dk<\/a><br \/>\nE: mail@ComputerLab.dk<br \/>\nP: +45 60 65 32 14<\/p>\n<h2><strong>Online support og telefontid<\/strong><\/h2>\n<p>Hverdage ml.: 19:00 &#8211; 23:00<br \/>\nWeekend ml.: 10:00\u00a0 &#8211; 21:00<\/p>\n<\/div>\n","protected":false},"excerpt":{"rendered":"<p>ComputerLab &#8211; Data &amp; Design Har du en opgave eller et projekt du har brug for at tage en dialog om, er du velkommen at sende en mail, eller ringe indenfor telefontiden beskrevet nedenfor. Vi kan ogs\u00e5 arrangere et m\u00f8de p\u00e5 kontoret i Bredgade, eller planl\u00e6gge et bes\u00f8g hos dig. Bredgade 25 1260 K\u00f8benhavn K <a class=\"moretag btn btn-primary\" href=\"https:\/\/niipit.dk\/brian-vegas\/kontakt\/\">L\u00e6s mere<\/a><\/p>\n","protected":false},"author":975,"featured_media":0,"parent":0,"menu_order":0,"comment_status":"closed","ping_status":"closed","template":"","meta":{"_exactmetrics_skip_tracking":false,"_exactmetrics_sitenote_active":false,"_exactmetrics_sitenote_note":"","_exactmetrics_sitenote_category":0,"_monsterinsights_skip_tracking":false,"_monsterinsights_sitenote_active":false,"_monsterinsights_sitenote_note":"","_monsterinsights_sitenote_category":0,"footnotes":""},"class_list":["post-5133","page","type-page","status-publish","hentry"],"yoast_head":"<!-- This site is optimized with the Yoast SEO Premium plugin v16.3 (Yoast SEO v27.4) - https:\/\/yoast.com\/product\/yoast-seo-premium-wordpress\/ -->\n<title>Kontakt - Brian Vegas<\/title>\n<meta name=\"robots\" content=\"index, follow, max-snippet:-1, max-image-preview:large, max-video-preview:-1\" \/>\n<link rel=\"canonical\" href=\"https:\/\/niipit.dk\/brian-vegas\/kontakt\/\" \/>\n<meta property=\"og:locale\" content=\"da_DK\" \/>\n<meta property=\"og:type\" content=\"article\" \/>\n<meta property=\"og:title\" content=\"Kontakt - Brian Vegas\" \/>\n<meta property=\"og:description\" content=\"ComputerLab &#8211; Data &amp; Design Har du en opgave eller et projekt du har brug for at tage en dialog om, er du velkommen at sende en mail, eller ringe indenfor telefontiden beskrevet nedenfor. Vi kan ogs\u00e5 arrangere et m\u00f8de p\u00e5 kontoret i Bredgade, eller planl\u00e6gge et bes\u00f8g hos dig. Bredgade 25 1260 K\u00f8benhavn K L\u00e6s mere\" \/>\n<meta property=\"og:url\" content=\"https:\/\/niipit.dk\/brian-vegas\/kontakt\/\" \/>\n<meta property=\"og:site_name\" content=\"Brian Vegas\" \/>\n<meta property=\"article:modified_time\" content=\"2020-07-02T18:29:05+00:00\" \/>\n<meta name=\"twitter:card\" content=\"summary_large_image\" \/>\n<script type=\"application\/ld+json\" class=\"yoast-schema-graph\">{\"@context\":\"https:\\\/\\\/schema.org\",\"@graph\":[{\"@type\":\"WebPage\",\"@id\":\"https:\\\/\\\/niipit.dk\\\/brian-vegas\\\/kontakt\\\/\",\"url\":\"https:\\\/\\\/niipit.dk\\\/brian-vegas\\\/kontakt\\\/\",\"name\":\"Kontakt - Brian Vegas\",\"isPartOf\":{\"@id\":\"https:\\\/\\\/niipit.dk\\\/brian-vegas\\\/#website\"},\"datePublished\":\"2018-08-15T20:08:09+00:00\",\"dateModified\":\"2020-07-02T18:29:05+00:00\",\"breadcrumb\":{\"@id\":\"https:\\\/\\\/niipit.dk\\\/brian-vegas\\\/kontakt\\\/#breadcrumb\"},\"inLanguage\":\"da-DK\",\"potentialAction\":[{\"@type\":\"ReadAction\",\"target\":[\"https:\\\/\\\/niipit.dk\\\/brian-vegas\\\/kontakt\\\/\"]}]},{\"@type\":\"BreadcrumbList\",\"@id\":\"https:\\\/\\\/niipit.dk\\\/brian-vegas\\\/kontakt\\\/#breadcrumb\",\"itemListElement\":[{\"@type\":\"ListItem\",\"position\":1,\"name\":\"Hjem\",\"item\":\"https:\\\/\\\/niipit.dk\\\/brian-vegas\\\/\"},{\"@type\":\"ListItem\",\"position\":2,\"name\":\"Kontakt\"}]},{\"@type\":\"WebSite\",\"@id\":\"https:\\\/\\\/niipit.dk\\\/brian-vegas\\\/#website\",\"url\":\"https:\\\/\\\/niipit.dk\\\/brian-vegas\\\/\",\"name\":\"Brian Vegas\",\"description\":\"ComputerLab - Data &amp; Design\",\"potentialAction\":[{\"@type\":\"SearchAction\",\"target\":{\"@type\":\"EntryPoint\",\"urlTemplate\":\"https:\\\/\\\/niipit.dk\\\/brian-vegas\\\/?s={search_term_string}\"},\"query-input\":{\"@type\":\"PropertyValueSpecification\",\"valueRequired\":true,\"valueName\":\"search_term_string\"}}],\"inLanguage\":\"da-DK\"}]}<\/script>\n<!-- \/ Yoast SEO Premium plugin. -->","yoast_head_json":{"title":"Kontakt - Brian Vegas","robots":{"index":"index","follow":"follow","max-snippet":"max-snippet:-1","max-image-preview":"max-image-preview:large","max-video-preview":"max-video-preview:-1"},"canonical":"https:\/\/niipit.dk\/brian-vegas\/kontakt\/","og_locale":"da_DK","og_type":"article","og_title":"Kontakt - Brian Vegas","og_description":"ComputerLab &#8211; Data &amp; Design Har du en opgave eller et projekt du har brug for at tage en dialog om, er du velkommen at sende en mail, eller ringe indenfor telefontiden beskrevet nedenfor. Vi kan ogs\u00e5 arrangere et m\u00f8de p\u00e5 kontoret i Bredgade, eller planl\u00e6gge et bes\u00f8g hos dig. Bredgade 25 1260 K\u00f8benhavn K L\u00e6s mere","og_url":"https:\/\/niipit.dk\/brian-vegas\/kontakt\/","og_site_name":"Brian Vegas","article_modified_time":"2020-07-02T18:29:05+00:00","twitter_card":"summary_large_image","schema":{"@context":"https:\/\/schema.org","@graph":[{"@type":"WebPage","@id":"https:\/\/niipit.dk\/brian-vegas\/kontakt\/","url":"https:\/\/niipit.dk\/brian-vegas\/kontakt\/","name":"Kontakt - Brian Vegas","isPartOf":{"@id":"https:\/\/niipit.dk\/brian-vegas\/#website"},"datePublished":"2018-08-15T20:08:09+00:00","dateModified":"2020-07-02T18:29:05+00:00","breadcrumb":{"@id":"https:\/\/niipit.dk\/brian-vegas\/kontakt\/#breadcrumb"},"inLanguage":"da-DK","potentialAction":[{"@type":"ReadAction","target":["https:\/\/niipit.dk\/brian-vegas\/kontakt\/"]}]},{"@type":"BreadcrumbList","@id":"https:\/\/niipit.dk\/brian-vegas\/kontakt\/#breadcrumb","itemListElement":[{"@type":"ListItem","position":1,"name":"Hjem","item":"https:\/\/niipit.dk\/brian-vegas\/"},{"@type":"ListItem","position":2,"name":"Kontakt"}]},{"@type":"WebSite","@id":"https:\/\/niipit.dk\/brian-vegas\/#website","url":"https:\/\/niipit.dk\/brian-vegas\/","name":"Brian Vegas","description":"ComputerLab - Data &amp; Design","potentialAction":[{"@type":"SearchAction","target":{"@type":"EntryPoint","urlTemplate":"https:\/\/niipit.dk\/brian-vegas\/?s={search_term_string}"},"query-input":{"@type":"PropertyValueSpecification","valueRequired":true,"valueName":"search_term_string"}}],"inLanguage":"da-DK"}]}},"_links":{"self":[{"href":"https:\/\/niipit.dk\/brian-vegas\/wp-json\/wp\/v2\/pages\/5133","targetHints":{"allow":["GET"]}}],"collection":[{"href":"https:\/\/niipit.dk\/brian-vegas\/wp-json\/wp\/v2\/pages"}],"about":[{"href":"https:\/\/niipit.dk\/brian-vegas\/wp-json\/wp\/v2\/types\/page"}],"author":[{"embeddable":true,"href":"https:\/\/niipit.dk\/brian-vegas\/wp-json\/wp\/v2\/users\/975"}],"replies":[{"embeddable":true,"href":"https:\/\/niipit.dk\/brian-vegas\/wp-json\/wp\/v2\/comments?post=5133"}],"version-history":[{"count":0,"href":"https:\/\/niipit.dk\/brian-vegas\/wp-json\/wp\/v2\/pages\/5133\/revisions"}],"wp:attachment":[{"href":"https:\/\/niipit.dk\/brian-vegas\/wp-json\/wp\/v2\/media?parent=5133"}],"curies":[{"name":"wp","href":"https:\/\/api.w.org\/{rel}","templated":true}]}}