{"id":5064,"date":"2020-04-10T22:29:34","date_gmt":"2020-04-10T20:29:34","guid":{"rendered":"https:\/\/niipit.dk\/bornglas-shop\/?page_id=5064"},"modified":"2021-04-25T10:06:16","modified_gmt":"2021-04-25T08:06:16","slug":"frontpage","status":"publish","type":"page","link":"https:\/\/niipit.dk\/bornglas\/","title":{"rendered":"Forside"},"content":{"rendered":"\n<hr class=\"wp-block-separator\"\/>\n\n\n\n<h1 class=\"wp-block-heading\" id=\"h-bornglas-din-glarmester-t-mrer-og-snedker-p-bornholm\">Bornglas \u2013 din glarmester, t\u00f8mrer og snedker p\u00e5 Bornholm<\/h1>\n\n\n\n<p>Er du i gang med, eller st\u00e5r du overfor en st\u00f8rre renovering af dit hus eller lejlighed? Og har du brug for hj\u00e6lp til b\u00e5de glarmester- og t\u00f8mreropgaver? S\u00e5 st\u00e5r du i den heldige situation, at Bornglas kan hj\u00e6lpe dig med begge typer opgaver i samme omb\u00e6ring. Det vil sige, at hvis vinduerne og d\u00f8rene i dit hus tr\u00e6nger til at blive skiftet, men at du ogs\u00e5 har brug for hj\u00e6lp til at bygge et nyt spisebord, kan du f\u00e5 begge opgaver klaret af samme firma og inden for samme tidsperspektiv.<\/p>\n\n\n\n<p>Ofte h\u00e6nger b\u00e5de glarmester- og t\u00f8mreropgaver ul\u00f8seligt sammen, og Bornglas er specialister p\u00e5 begge omr\u00e5der.<\/p>\n\n\n\n<h2 class=\"wp-block-heading\" id=\"h-hj-lp-til-alt-inden-for-glas-og-tr\">Hj\u00e6lp til alt inden for glas og tr\u00e6<\/h2>\n\n\n\n<p>Der er ingen opgave, der er for stor eller lille for Bornglas. Det er nemlig s\u00e5dan, at virksomheden er Bornholms st\u00f8rste og \u00e6ldste h\u00e5ndv\u00e6rker \u2013 i hvert fald som glarmester. Med mere end 25 \u00e5r i branchen har virksomheden l\u00f8st et utal af opgaver, og det har givet dem stor erfaring og h\u00e5ndv\u00e6rksm\u00e6ssig snilde, som de kan tr\u00e6kke p\u00e5 i udf\u00f8rslen af fremtidige opgaver. Derfor kan du v\u00e6re sikker p\u00e5, at Bornglas kan varetage din opgave med stor omhyggelighed og professionalisme.<\/p>\n\n\n\n<p>Bornglas kan eksempelvis hj\u00e6lpe dig med:<br>\u2022 Udskiftning af dine gamle vinduer til nye superenergi termoruder, der sparer dig mange penge p\u00e5 varmeregningen<br>\u2022 Udskiftning af d\u00f8re og vinduer<br>\u2022 Hj\u00e6lp til ops\u00e6tning af carport, udestue eller terrasse<br>\u2022 Dr\u00f8mmer du om et nyt udehus eller drivhus? Det kan Bornglas ogs\u00e5 hj\u00e6lpe med<\/p>\n\n\n\n<p>Uanset om du \u00f8nsker nye forsatsruder til dine gamle vinduer, snedkerm\u00f8bler, udskiftning af vinduer og d\u00f8re i stil med bygningens oprindelige stil, eller om du har en opgave p\u00e5 specialm\u00e5l eller med specifikke detaljer, s\u00e5 t\u00f8v ikke med at tage kontakt til Bornglas.<\/p>\n","protected":false},"excerpt":{"rendered":"<p>Bornglas \u2013 din glarmester, t\u00f8mrer og snedker p\u00e5 Bornholm Er du i gang med, eller st\u00e5r du overfor en st\u00f8rre renovering af dit hus eller lejlighed? Og har du brug for hj\u00e6lp til b\u00e5de glarmester- og t\u00f8mreropgaver? S\u00e5 st\u00e5r du i den heldige situation, at Bornglas kan hj\u00e6lpe dig med begge typer opgaver i samme <a class=\"moretag btn btn-primary\" href=\"https:\/\/niipit.dk\/bornglas\/\">L\u00e6s mere<\/a><\/p>\n","protected":false},"author":1,"featured_media":0,"parent":0,"menu_order":0,"comment_status":"closed","ping_status":"closed","template":"frontpagePremium.php","meta":{"_exactmetrics_skip_tracking":false,"_exactmetrics_sitenote_active":false,"_exactmetrics_sitenote_note":"","_exactmetrics_sitenote_category":0,"_monsterinsights_skip_tracking":false,"_monsterinsights_sitenote_active":false,"_monsterinsights_sitenote_note":"","_monsterinsights_sitenote_category":0,"footnotes":""},"class_list":["post-5064","page","type-page","status-publish","hentry"],"yoast_head":"<!-- This site is optimized with the Yoast SEO Premium plugin v16.3 (Yoast SEO v27.4) - https:\/\/yoast.com\/product\/yoast-seo-premium-wordpress\/ -->\n<title>L\u00e6s om Bornglas i R\u00f8nne | Glarmester, t\u00f8mrer og snedker<\/title>\n<meta name=\"description\" content=\"Tr\u00e6nger din bolig til en k\u00e6rlig h\u00e5nd | Kontakt Bornglas i dag for et uforpligtende tilbud \u260f 23 25 03 98 eller info@bornglas.dk\" \/>\n<meta name=\"robots\" content=\"index, follow, max-snippet:-1, max-image-preview:large, max-video-preview:-1\" \/>\n<link rel=\"canonical\" href=\"https:\/\/niipit.dk\/bornglas\/\" \/>\n<meta property=\"og:locale\" content=\"da_DK\" \/>\n<meta property=\"og:type\" content=\"article\" \/>\n<meta property=\"og:title\" content=\"L\u00e6s om Bornglas i R\u00f8nne | Glarmester, t\u00f8mrer og snedker\" \/>\n<meta property=\"og:description\" content=\"Tr\u00e6nger din bolig til en k\u00e6rlig h\u00e5nd | Kontakt Bornglas i dag for et uforpligtende tilbud \u260f 23 25 03 98 eller info@bornglas.dk\" \/>\n<meta property=\"og:url\" content=\"https:\/\/niipit.dk\/bornglas\/\" \/>\n<meta property=\"og:site_name\" content=\"bornglas\" \/>\n<meta property=\"article:modified_time\" content=\"2021-04-25T08:06:16+00:00\" \/>\n<meta name=\"twitter:card\" content=\"summary_large_image\" \/>\n<meta name=\"twitter:label1\" content=\"Estimeret l\u00e6setid\" \/>\n\t<meta name=\"twitter:data1\" content=\"2 minutter\" \/>\n<script type=\"application\/ld+json\" class=\"yoast-schema-graph\">{\"@context\":\"https:\\\/\\\/schema.org\",\"@graph\":[{\"@type\":\"WebPage\",\"@id\":\"https:\\\/\\\/niipit.dk\\\/bornglas\\\/\",\"url\":\"https:\\\/\\\/niipit.dk\\\/bornglas\\\/\",\"name\":\"L\u00e6s om Bornglas i R\u00f8nne | Glarmester, t\u00f8mrer og snedker\",\"isPartOf\":{\"@id\":\"https:\\\/\\\/niipit.dk\\\/bornglas\\\/#website\"},\"datePublished\":\"2020-04-10T20:29:34+00:00\",\"dateModified\":\"2021-04-25T08:06:16+00:00\",\"description\":\"Tr\u00e6nger din bolig til en k\u00e6rlig h\u00e5nd | Kontakt Bornglas i dag for et uforpligtende tilbud \u260f 23 25 03 98 eller info@bornglas.dk\",\"breadcrumb\":{\"@id\":\"https:\\\/\\\/niipit.dk\\\/bornglas\\\/#breadcrumb\"},\"inLanguage\":\"da-DK\",\"potentialAction\":[{\"@type\":\"ReadAction\",\"target\":[\"https:\\\/\\\/niipit.dk\\\/bornglas\\\/\"]}]},{\"@type\":\"BreadcrumbList\",\"@id\":\"https:\\\/\\\/niipit.dk\\\/bornglas\\\/#breadcrumb\",\"itemListElement\":[{\"@type\":\"ListItem\",\"position\":1,\"name\":\"Hjem\",\"item\":\"https:\\\/\\\/niipit.dk\\\/bornglas\\\/\"},{\"@type\":\"ListItem\",\"position\":2,\"name\":\"Forside\"}]},{\"@type\":\"WebSite\",\"@id\":\"https:\\\/\\\/niipit.dk\\\/bornglas\\\/#website\",\"url\":\"https:\\\/\\\/niipit.dk\\\/bornglas\\\/\",\"name\":\"bornglas\",\"description\":\"T\u00f8mrer, snedker, glarmester\",\"potentialAction\":[{\"@type\":\"SearchAction\",\"target\":{\"@type\":\"EntryPoint\",\"urlTemplate\":\"https:\\\/\\\/niipit.dk\\\/bornglas\\\/?s={search_term_string}\"},\"query-input\":{\"@type\":\"PropertyValueSpecification\",\"valueRequired\":true,\"valueName\":\"search_term_string\"}}],\"inLanguage\":\"da-DK\"}]}<\/script>\n<!-- \/ Yoast SEO Premium plugin. -->","yoast_head_json":{"title":"L\u00e6s om Bornglas i R\u00f8nne | Glarmester, t\u00f8mrer og snedker","description":"Tr\u00e6nger din bolig til en k\u00e6rlig h\u00e5nd | Kontakt Bornglas i dag for et uforpligtende tilbud \u260f 23 25 03 98 eller info@bornglas.dk","robots":{"index":"index","follow":"follow","max-snippet":"max-snippet:-1","max-image-preview":"max-image-preview:large","max-video-preview":"max-video-preview:-1"},"canonical":"https:\/\/niipit.dk\/bornglas\/","og_locale":"da_DK","og_type":"article","og_title":"L\u00e6s om Bornglas i R\u00f8nne | Glarmester, t\u00f8mrer og snedker","og_description":"Tr\u00e6nger din bolig til en k\u00e6rlig h\u00e5nd | Kontakt Bornglas i dag for et uforpligtende tilbud \u260f 23 25 03 98 eller info@bornglas.dk","og_url":"https:\/\/niipit.dk\/bornglas\/","og_site_name":"bornglas","article_modified_time":"2021-04-25T08:06:16+00:00","twitter_card":"summary_large_image","twitter_misc":{"Estimeret l\u00e6setid":"2 minutter"},"schema":{"@context":"https:\/\/schema.org","@graph":[{"@type":"WebPage","@id":"https:\/\/niipit.dk\/bornglas\/","url":"https:\/\/niipit.dk\/bornglas\/","name":"L\u00e6s om Bornglas i R\u00f8nne | Glarmester, t\u00f8mrer og snedker","isPartOf":{"@id":"https:\/\/niipit.dk\/bornglas\/#website"},"datePublished":"2020-04-10T20:29:34+00:00","dateModified":"2021-04-25T08:06:16+00:00","description":"Tr\u00e6nger din bolig til en k\u00e6rlig h\u00e5nd | Kontakt Bornglas i dag for et uforpligtende tilbud \u260f 23 25 03 98 eller info@bornglas.dk","breadcrumb":{"@id":"https:\/\/niipit.dk\/bornglas\/#breadcrumb"},"inLanguage":"da-DK","potentialAction":[{"@type":"ReadAction","target":["https:\/\/niipit.dk\/bornglas\/"]}]},{"@type":"BreadcrumbList","@id":"https:\/\/niipit.dk\/bornglas\/#breadcrumb","itemListElement":[{"@type":"ListItem","position":1,"name":"Hjem","item":"https:\/\/niipit.dk\/bornglas\/"},{"@type":"ListItem","position":2,"name":"Forside"}]},{"@type":"WebSite","@id":"https:\/\/niipit.dk\/bornglas\/#website","url":"https:\/\/niipit.dk\/bornglas\/","name":"bornglas","description":"T\u00f8mrer, snedker, glarmester","potentialAction":[{"@type":"SearchAction","target":{"@type":"EntryPoint","urlTemplate":"https:\/\/niipit.dk\/bornglas\/?s={search_term_string}"},"query-input":{"@type":"PropertyValueSpecification","valueRequired":true,"valueName":"search_term_string"}}],"inLanguage":"da-DK"}]}},"_links":{"self":[{"href":"https:\/\/niipit.dk\/bornglas\/wp-json\/wp\/v2\/pages\/5064","targetHints":{"allow":["GET"]}}],"collection":[{"href":"https:\/\/niipit.dk\/bornglas\/wp-json\/wp\/v2\/pages"}],"about":[{"href":"https:\/\/niipit.dk\/bornglas\/wp-json\/wp\/v2\/types\/page"}],"author":[{"embeddable":true,"href":"https:\/\/niipit.dk\/bornglas\/wp-json\/wp\/v2\/users\/1"}],"replies":[{"embeddable":true,"href":"https:\/\/niipit.dk\/bornglas\/wp-json\/wp\/v2\/comments?post=5064"}],"version-history":[{"count":1,"href":"https:\/\/niipit.dk\/bornglas\/wp-json\/wp\/v2\/pages\/5064\/revisions"}],"predecessor-version":[{"id":5985,"href":"https:\/\/niipit.dk\/bornglas\/wp-json\/wp\/v2\/pages\/5064\/revisions\/5985"}],"wp:attachment":[{"href":"https:\/\/niipit.dk\/bornglas\/wp-json\/wp\/v2\/media?parent=5064"}],"curies":[{"name":"wp","href":"https:\/\/api.w.org\/{rel}","templated":true}]}}