{"id":5064,"date":"2018-08-10T22:29:34","date_gmt":"2018-08-10T20:29:34","guid":{"rendered":"https:\/\/niipit.dk\/bomae-shop\/?page_id=5064"},"modified":"2020-01-18T20:20:26","modified_gmt":"2020-01-18T19:20:26","slug":"frontpage","status":"publish","type":"page","link":"https:\/\/niipit.dk\/bomae\/","title":{"rendered":"Forside"},"content":{"rendered":"\n<hr class=\"wp-block-separator\"\/>\n\n\n\n<h2 class=\"wp-block-heading\">Alt bolig i en pakke<\/h2>\n\n\n\n<p>Hos Bomae hj\u00e6lper vi dig med at k\u00f8be dr\u00f8mmeboligen nemmest og til den bedst mulige pris i en pakke. Vi s\u00f8rger for alt fra prisforhandling, det juridiske og alt andet, hvilket g\u00f8r k\u00f8bsrejsen s\u00e5 let som muligt. <\/p>\n\n\n\n<p>Vores team best\u00e5r udelukkende af kvalificerede eksperter, som til sammen udg\u00f8r den bedste pakke til boligk\u00f8bet. Vores ydelser vil spare dig markant mere end prisen p\u00e5 ans\u00e6ttelse og kan derfor anbefales til alle, som er i gang med at finde en bolig.<\/p>\n\n\n\n<p>Modsat traditionelle r\u00e5dgiver har vi fokus p\u00e5 at hj\u00e6lpe boligk\u00f8beren fremfor en neutral stilling eller, at v\u00e6re p\u00e5 boligs\u00e6lgers side. Udover selve boligens prisforhandlingen og det juridiske hj\u00e6lper vi dig ogs\u00e5 med finansiering af boligen og forhandling af l\u00e5net. <\/p>\n\n\n\n<p>Du vil typisk kunne sparre en masse penge p\u00e5 l\u00e5net, men det kan v\u00e6re sv\u00e6rt at f\u00e5 forhandlet den rigtige pris, da det kr\u00e6ver et st\u00e6rkt indblik p\u00e5 boligmarkedet, hvilket kr\u00e6ver meget erfaring.&nbsp;<\/p>\n\n\n\n<p>Vi befinder os i K\u00f8benhavn og har derfor ekstra meget ekspertise indenfor lokalomr\u00e5det, men har ogs\u00e5 st\u00e6rke kompetencer til resten af landet. <\/p>\n\n\n\n<h3 class=\"wp-block-heading\">Vores kunder siger&#8230;<\/h3>\n\n\n\n<p>Med 4,9 stjerner p\u00e5 Trustpilot og over 120+ anmeldelser vil vi fortsat g\u00f8re alle fremtidige kunder tilfredse med boligk\u00f8bet. <\/p>\n\n\n\n<p>Vores m\u00e5l er at boligk\u00f8bet skal v\u00e6re s\u00e5 let som muligt og v\u00e6re til den absolut bedste pris til dig.<\/p>\n\n\n\n<p>Hvis du leder efter kompetent r\u00e5dgivning, vil forhandle din bolig eller er p\u00e5 udkig efter en bolig er vi altid det rette valg for dig. <\/p>\n\n\n\n<p>Vi har \u00e5bent fra mandag til s\u00f8ndag mellem 08:00-20:00 og du er derfor velkommen til, at give os et opkald til hver en tid, s\u00e5 vi kan h\u00f8re netop din sag an. <\/p>\n\n\n\n<p>Hver sag er forskellig eftersom, at nogle kr\u00e6ver fokusomr\u00e5der forskellige steder og vi vil derfor klart anbefale, at du booker et m\u00f8de gratis, s\u00e5 vi kan give dig en bedre vurdering.<\/p>\n","protected":false},"excerpt":{"rendered":"<p>Alt bolig i en pakke Hos Bomae hj\u00e6lper vi dig med at k\u00f8be dr\u00f8mmeboligen nemmest og til den bedst mulige pris i en pakke. Vi s\u00f8rger for alt fra prisforhandling, det juridiske og alt andet, hvilket g\u00f8r k\u00f8bsrejsen s\u00e5 let som muligt. Vores team best\u00e5r udelukkende af kvalificerede eksperter, som til sammen udg\u00f8r den bedste <a class=\"moretag btn btn-primary\" href=\"https:\/\/niipit.dk\/bomae\/\">L\u00e6s mere<\/a><\/p>\n","protected":false},"author":1,"featured_media":0,"parent":0,"menu_order":0,"comment_status":"closed","ping_status":"closed","template":"frontpagePremium.php","meta":{"_exactmetrics_skip_tracking":false,"_exactmetrics_sitenote_active":false,"_exactmetrics_sitenote_note":"","_exactmetrics_sitenote_category":0,"_monsterinsights_skip_tracking":false,"_monsterinsights_sitenote_active":false,"_monsterinsights_sitenote_note":"","_monsterinsights_sitenote_category":0,"footnotes":""},"class_list":["post-5064","page","type-page","status-publish","hentry"],"yoast_head":"<!-- This site is optimized with the Yoast SEO Premium plugin v16.3 (Yoast SEO v27.3) - https:\/\/yoast.com\/product\/yoast-seo-premium-wordpress\/ -->\n<title>BOMAE.DK - Find hj\u00e6lp til k\u00f8berr\u00e5dgivning hos Niipit.dk<\/title>\n<meta name=\"description\" content=\"BOMAE.dk - Skal du k\u00f8be ny bolig - F\u00e5 trykhed med k\u00f8berr\u00e5dgivning - Din sikkerhed for en tryg bolighandel - Bestil en uforpligtende snak her.\" \/>\n<meta name=\"robots\" content=\"index, follow, max-snippet:-1, max-image-preview:large, max-video-preview:-1\" \/>\n<link rel=\"canonical\" href=\"https:\/\/niipit.dk\/bomae\/\" \/>\n<meta property=\"og:locale\" content=\"da_DK\" \/>\n<meta property=\"og:type\" content=\"article\" \/>\n<meta property=\"og:title\" content=\"BOMAE.DK - Find hj\u00e6lp til k\u00f8berr\u00e5dgivning hos Niipit.dk\" \/>\n<meta property=\"og:description\" content=\"BOMAE.dk - Skal du k\u00f8be ny bolig - F\u00e5 trykhed med k\u00f8berr\u00e5dgivning - Din sikkerhed for en tryg bolighandel - Bestil en uforpligtende snak her.\" \/>\n<meta property=\"og:url\" content=\"https:\/\/niipit.dk\/bomae\/\" \/>\n<meta property=\"og:site_name\" content=\"BOMAE\" \/>\n<meta property=\"article:modified_time\" content=\"2020-01-18T19:20:26+00:00\" \/>\n<meta name=\"twitter:card\" content=\"summary_large_image\" \/>\n<meta name=\"twitter:label1\" content=\"Estimeret l\u00e6setid\" \/>\n\t<meta name=\"twitter:data1\" content=\"2 minutter\" \/>\n<script type=\"application\/ld+json\" class=\"yoast-schema-graph\">{\"@context\":\"https:\\\/\\\/schema.org\",\"@graph\":[{\"@type\":\"WebPage\",\"@id\":\"https:\\\/\\\/niipit.dk\\\/bomae\\\/\",\"url\":\"https:\\\/\\\/niipit.dk\\\/bomae\\\/\",\"name\":\"BOMAE.DK - Find hj\u00e6lp til k\u00f8berr\u00e5dgivning hos Niipit.dk\",\"isPartOf\":{\"@id\":\"https:\\\/\\\/niipit.dk\\\/bomae\\\/#website\"},\"datePublished\":\"2018-08-10T20:29:34+00:00\",\"dateModified\":\"2020-01-18T19:20:26+00:00\",\"description\":\"BOMAE.dk - Skal du k\u00f8be ny bolig - F\u00e5 trykhed med k\u00f8berr\u00e5dgivning - Din sikkerhed for en tryg bolighandel - Bestil en uforpligtende snak her.\",\"breadcrumb\":{\"@id\":\"https:\\\/\\\/niipit.dk\\\/bomae\\\/#breadcrumb\"},\"inLanguage\":\"da-DK\",\"potentialAction\":[{\"@type\":\"ReadAction\",\"target\":[\"https:\\\/\\\/niipit.dk\\\/bomae\\\/\"]}]},{\"@type\":\"BreadcrumbList\",\"@id\":\"https:\\\/\\\/niipit.dk\\\/bomae\\\/#breadcrumb\",\"itemListElement\":[{\"@type\":\"ListItem\",\"position\":1,\"name\":\"Hjem\",\"item\":\"https:\\\/\\\/niipit.dk\\\/bomae\\\/\"},{\"@type\":\"ListItem\",\"position\":2,\"name\":\"Forside\"}]},{\"@type\":\"WebSite\",\"@id\":\"https:\\\/\\\/niipit.dk\\\/bomae\\\/#website\",\"url\":\"https:\\\/\\\/niipit.dk\\\/bomae\\\/\",\"name\":\"BOMAE\",\"description\":\"F\u00e5 din virksomhed p\u00e5 niipit\",\"potentialAction\":[{\"@type\":\"SearchAction\",\"target\":{\"@type\":\"EntryPoint\",\"urlTemplate\":\"https:\\\/\\\/niipit.dk\\\/bomae\\\/?s={search_term_string}\"},\"query-input\":{\"@type\":\"PropertyValueSpecification\",\"valueRequired\":true,\"valueName\":\"search_term_string\"}}],\"inLanguage\":\"da-DK\"}]}<\/script>\n<!-- \/ Yoast SEO Premium plugin. -->","yoast_head_json":{"title":"BOMAE.DK - Find hj\u00e6lp til k\u00f8berr\u00e5dgivning hos Niipit.dk","description":"BOMAE.dk - Skal du k\u00f8be ny bolig - F\u00e5 trykhed med k\u00f8berr\u00e5dgivning - Din sikkerhed for en tryg bolighandel - Bestil en uforpligtende snak her.","robots":{"index":"index","follow":"follow","max-snippet":"max-snippet:-1","max-image-preview":"max-image-preview:large","max-video-preview":"max-video-preview:-1"},"canonical":"https:\/\/niipit.dk\/bomae\/","og_locale":"da_DK","og_type":"article","og_title":"BOMAE.DK - Find hj\u00e6lp til k\u00f8berr\u00e5dgivning hos Niipit.dk","og_description":"BOMAE.dk - Skal du k\u00f8be ny bolig - F\u00e5 trykhed med k\u00f8berr\u00e5dgivning - Din sikkerhed for en tryg bolighandel - Bestil en uforpligtende snak her.","og_url":"https:\/\/niipit.dk\/bomae\/","og_site_name":"BOMAE","article_modified_time":"2020-01-18T19:20:26+00:00","twitter_card":"summary_large_image","twitter_misc":{"Estimeret l\u00e6setid":"2 minutter"},"schema":{"@context":"https:\/\/schema.org","@graph":[{"@type":"WebPage","@id":"https:\/\/niipit.dk\/bomae\/","url":"https:\/\/niipit.dk\/bomae\/","name":"BOMAE.DK - Find hj\u00e6lp til k\u00f8berr\u00e5dgivning hos Niipit.dk","isPartOf":{"@id":"https:\/\/niipit.dk\/bomae\/#website"},"datePublished":"2018-08-10T20:29:34+00:00","dateModified":"2020-01-18T19:20:26+00:00","description":"BOMAE.dk - Skal du k\u00f8be ny bolig - F\u00e5 trykhed med k\u00f8berr\u00e5dgivning - Din sikkerhed for en tryg bolighandel - Bestil en uforpligtende snak her.","breadcrumb":{"@id":"https:\/\/niipit.dk\/bomae\/#breadcrumb"},"inLanguage":"da-DK","potentialAction":[{"@type":"ReadAction","target":["https:\/\/niipit.dk\/bomae\/"]}]},{"@type":"BreadcrumbList","@id":"https:\/\/niipit.dk\/bomae\/#breadcrumb","itemListElement":[{"@type":"ListItem","position":1,"name":"Hjem","item":"https:\/\/niipit.dk\/bomae\/"},{"@type":"ListItem","position":2,"name":"Forside"}]},{"@type":"WebSite","@id":"https:\/\/niipit.dk\/bomae\/#website","url":"https:\/\/niipit.dk\/bomae\/","name":"BOMAE","description":"F\u00e5 din virksomhed p\u00e5 niipit","potentialAction":[{"@type":"SearchAction","target":{"@type":"EntryPoint","urlTemplate":"https:\/\/niipit.dk\/bomae\/?s={search_term_string}"},"query-input":{"@type":"PropertyValueSpecification","valueRequired":true,"valueName":"search_term_string"}}],"inLanguage":"da-DK"}]}},"_links":{"self":[{"href":"https:\/\/niipit.dk\/bomae\/wp-json\/wp\/v2\/pages\/5064","targetHints":{"allow":["GET"]}}],"collection":[{"href":"https:\/\/niipit.dk\/bomae\/wp-json\/wp\/v2\/pages"}],"about":[{"href":"https:\/\/niipit.dk\/bomae\/wp-json\/wp\/v2\/types\/page"}],"author":[{"embeddable":true,"href":"https:\/\/niipit.dk\/bomae\/wp-json\/wp\/v2\/users\/1"}],"replies":[{"embeddable":true,"href":"https:\/\/niipit.dk\/bomae\/wp-json\/wp\/v2\/comments?post=5064"}],"version-history":[{"count":0,"href":"https:\/\/niipit.dk\/bomae\/wp-json\/wp\/v2\/pages\/5064\/revisions"}],"wp:attachment":[{"href":"https:\/\/niipit.dk\/bomae\/wp-json\/wp\/v2\/media?parent=5064"}],"curies":[{"name":"wp","href":"https:\/\/api.w.org\/{rel}","templated":true}]}}