{"id":5064,"date":"2020-04-10T22:29:34","date_gmt":"2020-04-10T20:29:34","guid":{"rendered":"https:\/\/niipit.dk\/boegelunds-shop\/?page_id=5064"},"modified":"2020-06-18T01:30:50","modified_gmt":"2020-06-17T23:30:50","slug":"frontpage","status":"publish","type":"page","link":"https:\/\/niipit.dk\/boegelunds\/","title":{"rendered":"Forside"},"content":{"rendered":"\n<hr class=\"wp-block-separator\"\/>\n\n\n\n<h1 class=\"wp-block-heading\">Smukke haveanl\u00e6g i \u00c5rhus og omegn<\/h1>\n\n\n\n<p>Hos B\u00f8gelund <a href=\"https:\/\/bogelunds.dk\/haveanlaeg\/\" target=\"_blank\" rel=\"noreferrer noopener\">haveanl\u00e6g<\/a> er vi eksperter i haveanl\u00e6gning til rimelige priser. Vi hj\u00e6lper dig med at f\u00e5 dine havedr\u00f8mme til at g\u00e5 i opfyldelse.<\/p>\n\n\n\n<p>Mangler din have et pift?<br>B\u00f8gelunds kvalificerede ansatte har piftet alle slags haver op og skr\u00e6ddersyer haver til dig, s\u00e5 du f\u00e5r din dr\u00f8mmehave. Vores team inden for haveanl\u00e6g er altid klar p\u00e5 en udfordring, om den er stor eller lille.<\/p>\n","protected":false},"excerpt":{"rendered":"<p>Smukke haveanl\u00e6g i \u00c5rhus og omegn Hos B\u00f8gelund haveanl\u00e6g er vi eksperter i haveanl\u00e6gning til rimelige priser. Vi hj\u00e6lper dig med at f\u00e5 dine havedr\u00f8mme til at g\u00e5 i opfyldelse. Mangler din have et pift?B\u00f8gelunds kvalificerede ansatte har piftet alle slags haver op og skr\u00e6ddersyer haver til dig, s\u00e5 du f\u00e5r din dr\u00f8mmehave. Vores team <a class=\"moretag btn btn-primary\" href=\"https:\/\/niipit.dk\/boegelunds\/\">L\u00e6s mere<\/a><\/p>\n","protected":false},"author":1,"featured_media":0,"parent":0,"menu_order":0,"comment_status":"closed","ping_status":"closed","template":"frontpagePremium.php","meta":{"_exactmetrics_skip_tracking":false,"_exactmetrics_sitenote_active":false,"_exactmetrics_sitenote_note":"","_exactmetrics_sitenote_category":0,"_monsterinsights_skip_tracking":false,"_monsterinsights_sitenote_active":false,"_monsterinsights_sitenote_note":"","_monsterinsights_sitenote_category":0,"footnotes":""},"class_list":["post-5064","page","type-page","status-publish","hentry"],"yoast_head":"<!-- This site is optimized with the Yoast SEO Premium plugin v16.3 (Yoast SEO v27.4) - https:\/\/yoast.com\/product\/yoast-seo-premium-wordpress\/ -->\n<title>Haveservice F\u00e5 styr p\u00e5 haven \u279c Kontakt din Anl\u00e6gsgartner i \u00c5rhus i dag<\/title>\n<meta name=\"description\" content=\"Hos B\u00f8gelunds har vi mange \u00e5rs erfaring med etablering af haveanl\u00e6g, tr\u00e6f\u00e6ldning og flise bel\u00e6gning \u2502 Kontakt os for info og priser p\u00e5 \u260e 40 20 65 15\" \/>\n<meta name=\"robots\" content=\"index, follow, max-snippet:-1, max-image-preview:large, max-video-preview:-1\" \/>\n<link rel=\"canonical\" href=\"https:\/\/niipit.dk\/boegelunds\/\" \/>\n<meta property=\"og:locale\" content=\"da_DK\" \/>\n<meta property=\"og:type\" content=\"article\" \/>\n<meta property=\"og:title\" content=\"Haveservice F\u00e5 styr p\u00e5 haven \u279c Kontakt din Anl\u00e6gsgartner i \u00c5rhus i dag\" \/>\n<meta property=\"og:description\" content=\"Hos B\u00f8gelunds har vi mange \u00e5rs erfaring med etablering af haveanl\u00e6g, tr\u00e6f\u00e6ldning og flise bel\u00e6gning \u2502 Kontakt os for info og priser p\u00e5 \u260e 40 20 65 15\" \/>\n<meta property=\"og:url\" content=\"https:\/\/niipit.dk\/boegelunds\/\" \/>\n<meta property=\"og:site_name\" content=\"B\u00f8gelunds\" \/>\n<meta property=\"article:modified_time\" content=\"2020-06-17T23:30:50+00:00\" \/>\n<meta name=\"twitter:card\" content=\"summary_large_image\" \/>\n<script type=\"application\/ld+json\" class=\"yoast-schema-graph\">{\"@context\":\"https:\\\/\\\/schema.org\",\"@graph\":[{\"@type\":\"WebPage\",\"@id\":\"https:\\\/\\\/niipit.dk\\\/boegelunds\\\/\",\"url\":\"https:\\\/\\\/niipit.dk\\\/boegelunds\\\/\",\"name\":\"Haveservice F\u00e5 styr p\u00e5 haven \u279c Kontakt din Anl\u00e6gsgartner i \u00c5rhus i dag\",\"isPartOf\":{\"@id\":\"https:\\\/\\\/niipit.dk\\\/boegelunds\\\/#website\"},\"datePublished\":\"2020-04-10T20:29:34+00:00\",\"dateModified\":\"2020-06-17T23:30:50+00:00\",\"description\":\"Hos B\u00f8gelunds har vi mange \u00e5rs erfaring med etablering af haveanl\u00e6g, tr\u00e6f\u00e6ldning og flise bel\u00e6gning \u2502 Kontakt os for info og priser p\u00e5 \u260e 40 20 65 15\",\"breadcrumb\":{\"@id\":\"https:\\\/\\\/niipit.dk\\\/boegelunds\\\/#breadcrumb\"},\"inLanguage\":\"da-DK\",\"potentialAction\":[{\"@type\":\"ReadAction\",\"target\":[\"https:\\\/\\\/niipit.dk\\\/boegelunds\\\/\"]}]},{\"@type\":\"BreadcrumbList\",\"@id\":\"https:\\\/\\\/niipit.dk\\\/boegelunds\\\/#breadcrumb\",\"itemListElement\":[{\"@type\":\"ListItem\",\"position\":1,\"name\":\"Hjem\",\"item\":\"https:\\\/\\\/niipit.dk\\\/boegelunds\\\/\"},{\"@type\":\"ListItem\",\"position\":2,\"name\":\"Forside\"}]},{\"@type\":\"WebSite\",\"@id\":\"https:\\\/\\\/niipit.dk\\\/boegelunds\\\/#website\",\"url\":\"https:\\\/\\\/niipit.dk\\\/boegelunds\\\/\",\"name\":\"B\u00f8gelunds\",\"description\":\"Smukke haveanl\u00e6g i \u00c5rhus og omegn\",\"potentialAction\":[{\"@type\":\"SearchAction\",\"target\":{\"@type\":\"EntryPoint\",\"urlTemplate\":\"https:\\\/\\\/niipit.dk\\\/boegelunds\\\/?s={search_term_string}\"},\"query-input\":{\"@type\":\"PropertyValueSpecification\",\"valueRequired\":true,\"valueName\":\"search_term_string\"}}],\"inLanguage\":\"da-DK\"}]}<\/script>\n<!-- \/ Yoast SEO Premium plugin. -->","yoast_head_json":{"title":"Haveservice F\u00e5 styr p\u00e5 haven \u279c Kontakt din Anl\u00e6gsgartner i \u00c5rhus i dag","description":"Hos B\u00f8gelunds har vi mange \u00e5rs erfaring med etablering af haveanl\u00e6g, tr\u00e6f\u00e6ldning og flise bel\u00e6gning \u2502 Kontakt os for info og priser p\u00e5 \u260e 40 20 65 15","robots":{"index":"index","follow":"follow","max-snippet":"max-snippet:-1","max-image-preview":"max-image-preview:large","max-video-preview":"max-video-preview:-1"},"canonical":"https:\/\/niipit.dk\/boegelunds\/","og_locale":"da_DK","og_type":"article","og_title":"Haveservice F\u00e5 styr p\u00e5 haven \u279c Kontakt din Anl\u00e6gsgartner i \u00c5rhus i dag","og_description":"Hos B\u00f8gelunds har vi mange \u00e5rs erfaring med etablering af haveanl\u00e6g, tr\u00e6f\u00e6ldning og flise bel\u00e6gning \u2502 Kontakt os for info og priser p\u00e5 \u260e 40 20 65 15","og_url":"https:\/\/niipit.dk\/boegelunds\/","og_site_name":"B\u00f8gelunds","article_modified_time":"2020-06-17T23:30:50+00:00","twitter_card":"summary_large_image","schema":{"@context":"https:\/\/schema.org","@graph":[{"@type":"WebPage","@id":"https:\/\/niipit.dk\/boegelunds\/","url":"https:\/\/niipit.dk\/boegelunds\/","name":"Haveservice F\u00e5 styr p\u00e5 haven \u279c Kontakt din Anl\u00e6gsgartner i \u00c5rhus i dag","isPartOf":{"@id":"https:\/\/niipit.dk\/boegelunds\/#website"},"datePublished":"2020-04-10T20:29:34+00:00","dateModified":"2020-06-17T23:30:50+00:00","description":"Hos B\u00f8gelunds har vi mange \u00e5rs erfaring med etablering af haveanl\u00e6g, tr\u00e6f\u00e6ldning og flise bel\u00e6gning \u2502 Kontakt os for info og priser p\u00e5 \u260e 40 20 65 15","breadcrumb":{"@id":"https:\/\/niipit.dk\/boegelunds\/#breadcrumb"},"inLanguage":"da-DK","potentialAction":[{"@type":"ReadAction","target":["https:\/\/niipit.dk\/boegelunds\/"]}]},{"@type":"BreadcrumbList","@id":"https:\/\/niipit.dk\/boegelunds\/#breadcrumb","itemListElement":[{"@type":"ListItem","position":1,"name":"Hjem","item":"https:\/\/niipit.dk\/boegelunds\/"},{"@type":"ListItem","position":2,"name":"Forside"}]},{"@type":"WebSite","@id":"https:\/\/niipit.dk\/boegelunds\/#website","url":"https:\/\/niipit.dk\/boegelunds\/","name":"B\u00f8gelunds","description":"Smukke haveanl\u00e6g i \u00c5rhus og omegn","potentialAction":[{"@type":"SearchAction","target":{"@type":"EntryPoint","urlTemplate":"https:\/\/niipit.dk\/boegelunds\/?s={search_term_string}"},"query-input":{"@type":"PropertyValueSpecification","valueRequired":true,"valueName":"search_term_string"}}],"inLanguage":"da-DK"}]}},"_links":{"self":[{"href":"https:\/\/niipit.dk\/boegelunds\/wp-json\/wp\/v2\/pages\/5064","targetHints":{"allow":["GET"]}}],"collection":[{"href":"https:\/\/niipit.dk\/boegelunds\/wp-json\/wp\/v2\/pages"}],"about":[{"href":"https:\/\/niipit.dk\/boegelunds\/wp-json\/wp\/v2\/types\/page"}],"author":[{"embeddable":true,"href":"https:\/\/niipit.dk\/boegelunds\/wp-json\/wp\/v2\/users\/1"}],"replies":[{"embeddable":true,"href":"https:\/\/niipit.dk\/boegelunds\/wp-json\/wp\/v2\/comments?post=5064"}],"version-history":[{"count":0,"href":"https:\/\/niipit.dk\/boegelunds\/wp-json\/wp\/v2\/pages\/5064\/revisions"}],"wp:attachment":[{"href":"https:\/\/niipit.dk\/boegelunds\/wp-json\/wp\/v2\/media?parent=5064"}],"curies":[{"name":"wp","href":"https:\/\/api.w.org\/{rel}","templated":true}]}}