{"id":5064,"date":"2018-08-10T22:29:34","date_gmt":"2018-08-10T20:29:34","guid":{"rendered":"https:\/\/niipit.dk\/billigemballage-shop\/?page_id=5064"},"modified":"2020-06-18T01:31:44","modified_gmt":"2020-06-17T23:31:44","slug":"frontpage","status":"publish","type":"page","link":"https:\/\/niipit.dk\/billigemballage\/","title":{"rendered":"Forside"},"content":{"rendered":"\n<hr class=\"wp-block-separator\"\/>\n\n\n\n<h2 class=\"wp-block-heading\">Billigemballage.dk er stedet hvor du finder alle typer emballage til b\u00e5de webshop og privat. Uanset dit behov vil vi kunne im\u00f8dekomme det.<\/h2>\n\n\n\n<p>Billigemballage.dk er stedet hvor du finder alle typer <a href=\"https:\/\/www.billigemballage.dk\" target=\"_blank\" rel=\"noreferrer noopener\">emballage<\/a> til b\u00e5de webshop og privat. Uanset dit behov vil vi kunne im\u00f8dekomme det.<\/p>\n\n\n\n<p>Modsat andre emballage shops vil du ikke beh\u00f8ve, at betale et ekstra premium hos billigemballage. Her kan du finde noget af det billigste emballage i Danmark og selvf\u00f8lgelig til samme gode kvalitet, som man finde andre steder.<br>Vi har tre kerne kompetencer, som skiller os ud fra vores konkurrenter.<br>1) Vores gode service<br>2) Billige priser<br>3) Store sortiment<\/p>\n\n\n\n<p>Den gode service er kendetegnet ved f\u00f8lgende: Fri fragt ved k\u00f8b over 500,-, 1-3 dages leveringstid, ordren sendes samme hverdag ved k\u00f8b inden 12:00 og ingen kortgebyr.<\/p>\n\n\n\n<p>En af vores bedste fordele er, at vi er virkelige billige sammenlignet med nogle af vores konkurrenter. Vi mener ikke, at man skal betale et premium for, at f\u00e5 middelm\u00e5dig emballage. Derfor har vi valgt af priserne skal v\u00e6re gennemskuelige og overskuelige<\/p>\n\n\n\n<p>Sortimentet hos os er s\u00e6rdeles fyldestg\u00f8rende, da vi har over 30 vare kategorier p\u00e5 bare vores webshop. P\u00e5 den m\u00e5de sikrer vi, at vores kunder har alt man har brug for samlet p\u00e5 vores hjemmeside.<\/p>\n\n\n\n<p>Alt i alt er vi en af de f\u00f8rende emballage virksomheder i Danmark og kan hj\u00e6lpe dig med alle dine behov indenfor emballagens verden. Vi k\u00f8ber, s\u00e6lger og vejleder om emballage og er derfor blevet en af de f\u00f8rende indenfor branchen.<\/p>\n\n\n\n<p>Hvis du har nogle sp\u00f8rgsm\u00e5l eller lignende, s\u00e5 er du altid velkommen til, at kontakte os p\u00e5 vores mail eller give os et opkald. Vi hj\u00e6lper med alt fra vejledning og specielle aftaler, s\u00e5 du skal ikke holde dig tilbage.<\/p>\n\n\n\n<p>Vi kan hj\u00e6lpe dig uanset om du er en privat person eller hvis du er en virksomhed. Emballage er vores kald, s\u00e5 hvis du er i tvivl om hvilket produkt, som du har brug for kan du bare sige til.<\/p>\n","protected":false},"excerpt":{"rendered":"<p>Billigemballage.dk er stedet hvor du finder alle typer emballage til b\u00e5de webshop og privat. Uanset dit behov vil vi kunne im\u00f8dekomme det. Billigemballage.dk er stedet hvor du finder alle typer emballage til b\u00e5de webshop og privat. Uanset dit behov vil vi kunne im\u00f8dekomme det. Modsat andre emballage shops vil du ikke beh\u00f8ve, at betale et <a class=\"moretag btn btn-primary\" href=\"https:\/\/niipit.dk\/billigemballage\/\">L\u00e6s mere<\/a><\/p>\n","protected":false},"author":1,"featured_media":0,"parent":0,"menu_order":0,"comment_status":"closed","ping_status":"closed","template":"frontpagePremium.php","meta":{"_exactmetrics_skip_tracking":false,"_exactmetrics_sitenote_active":false,"_exactmetrics_sitenote_note":"","_exactmetrics_sitenote_category":0,"_monsterinsights_skip_tracking":false,"_monsterinsights_sitenote_active":false,"_monsterinsights_sitenote_note":"","_monsterinsights_sitenote_category":0,"footnotes":""},"class_list":["post-5064","page","type-page","status-publish","hentry"],"yoast_head":"<!-- This site is optimized with the Yoast SEO Premium plugin v16.3 (Yoast SEO v27.4) - https:\/\/yoast.com\/product\/yoast-seo-premium-wordpress\/ -->\n<title>Billigemballage - find alle typer emballage til b\u00e5de webshop og privat<\/title>\n<meta name=\"description\" content=\"Billigemballage.dk Her kan du finde noget af det billigste emballage i Danmark og selvf\u00f8lgelig til samme gode kvalitet, som man finde andre steder. \u276f\u276f\u276f\u276f\" \/>\n<meta name=\"robots\" content=\"index, follow, max-snippet:-1, max-image-preview:large, max-video-preview:-1\" \/>\n<link rel=\"canonical\" href=\"https:\/\/niipit.dk\/billigemballage\/\" \/>\n<meta property=\"og:locale\" content=\"da_DK\" \/>\n<meta property=\"og:type\" content=\"article\" \/>\n<meta property=\"og:title\" content=\"Billigemballage - find alle typer emballage til b\u00e5de webshop og privat\" \/>\n<meta property=\"og:description\" content=\"Billigemballage.dk Her kan du finde noget af det billigste emballage i Danmark og selvf\u00f8lgelig til samme gode kvalitet, som man finde andre steder. \u276f\u276f\u276f\u276f\" \/>\n<meta property=\"og:url\" content=\"https:\/\/niipit.dk\/billigemballage\/\" \/>\n<meta property=\"og:site_name\" content=\"billigemballage\" \/>\n<meta property=\"article:modified_time\" content=\"2020-06-17T23:31:44+00:00\" \/>\n<meta name=\"twitter:card\" content=\"summary_large_image\" \/>\n<meta name=\"twitter:label1\" content=\"Estimeret l\u00e6setid\" \/>\n\t<meta name=\"twitter:data1\" content=\"2 minutter\" \/>\n<script type=\"application\/ld+json\" class=\"yoast-schema-graph\">{\"@context\":\"https:\\\/\\\/schema.org\",\"@graph\":[{\"@type\":\"WebPage\",\"@id\":\"https:\\\/\\\/niipit.dk\\\/billigemballage\\\/\",\"url\":\"https:\\\/\\\/niipit.dk\\\/billigemballage\\\/\",\"name\":\"Billigemballage - find alle typer emballage til b\u00e5de webshop og privat\",\"isPartOf\":{\"@id\":\"https:\\\/\\\/niipit.dk\\\/billigemballage\\\/#website\"},\"datePublished\":\"2018-08-10T20:29:34+00:00\",\"dateModified\":\"2020-06-17T23:31:44+00:00\",\"description\":\"Billigemballage.dk Her kan du finde noget af det billigste emballage i Danmark og selvf\u00f8lgelig til samme gode kvalitet, som man finde andre steder. \u276f\u276f\u276f\u276f\",\"breadcrumb\":{\"@id\":\"https:\\\/\\\/niipit.dk\\\/billigemballage\\\/#breadcrumb\"},\"inLanguage\":\"da-DK\",\"potentialAction\":[{\"@type\":\"ReadAction\",\"target\":[\"https:\\\/\\\/niipit.dk\\\/billigemballage\\\/\"]}]},{\"@type\":\"BreadcrumbList\",\"@id\":\"https:\\\/\\\/niipit.dk\\\/billigemballage\\\/#breadcrumb\",\"itemListElement\":[{\"@type\":\"ListItem\",\"position\":1,\"name\":\"Hjem\",\"item\":\"https:\\\/\\\/niipit.dk\\\/billigemballage\\\/\"},{\"@type\":\"ListItem\",\"position\":2,\"name\":\"Forside\"}]},{\"@type\":\"WebSite\",\"@id\":\"https:\\\/\\\/niipit.dk\\\/billigemballage\\\/#website\",\"url\":\"https:\\\/\\\/niipit.dk\\\/billigemballage\\\/\",\"name\":\"billigemballage\",\"description\":\"- v\u00e6lg den rigtige emballage\",\"potentialAction\":[{\"@type\":\"SearchAction\",\"target\":{\"@type\":\"EntryPoint\",\"urlTemplate\":\"https:\\\/\\\/niipit.dk\\\/billigemballage\\\/?s={search_term_string}\"},\"query-input\":{\"@type\":\"PropertyValueSpecification\",\"valueRequired\":true,\"valueName\":\"search_term_string\"}}],\"inLanguage\":\"da-DK\"}]}<\/script>\n<!-- \/ Yoast SEO Premium plugin. -->","yoast_head_json":{"title":"Billigemballage - find alle typer emballage til b\u00e5de webshop og privat","description":"Billigemballage.dk Her kan du finde noget af det billigste emballage i Danmark og selvf\u00f8lgelig til samme gode kvalitet, som man finde andre steder. \u276f\u276f\u276f\u276f","robots":{"index":"index","follow":"follow","max-snippet":"max-snippet:-1","max-image-preview":"max-image-preview:large","max-video-preview":"max-video-preview:-1"},"canonical":"https:\/\/niipit.dk\/billigemballage\/","og_locale":"da_DK","og_type":"article","og_title":"Billigemballage - find alle typer emballage til b\u00e5de webshop og privat","og_description":"Billigemballage.dk Her kan du finde noget af det billigste emballage i Danmark og selvf\u00f8lgelig til samme gode kvalitet, som man finde andre steder. \u276f\u276f\u276f\u276f","og_url":"https:\/\/niipit.dk\/billigemballage\/","og_site_name":"billigemballage","article_modified_time":"2020-06-17T23:31:44+00:00","twitter_card":"summary_large_image","twitter_misc":{"Estimeret l\u00e6setid":"2 minutter"},"schema":{"@context":"https:\/\/schema.org","@graph":[{"@type":"WebPage","@id":"https:\/\/niipit.dk\/billigemballage\/","url":"https:\/\/niipit.dk\/billigemballage\/","name":"Billigemballage - find alle typer emballage til b\u00e5de webshop og privat","isPartOf":{"@id":"https:\/\/niipit.dk\/billigemballage\/#website"},"datePublished":"2018-08-10T20:29:34+00:00","dateModified":"2020-06-17T23:31:44+00:00","description":"Billigemballage.dk Her kan du finde noget af det billigste emballage i Danmark og selvf\u00f8lgelig til samme gode kvalitet, som man finde andre steder. \u276f\u276f\u276f\u276f","breadcrumb":{"@id":"https:\/\/niipit.dk\/billigemballage\/#breadcrumb"},"inLanguage":"da-DK","potentialAction":[{"@type":"ReadAction","target":["https:\/\/niipit.dk\/billigemballage\/"]}]},{"@type":"BreadcrumbList","@id":"https:\/\/niipit.dk\/billigemballage\/#breadcrumb","itemListElement":[{"@type":"ListItem","position":1,"name":"Hjem","item":"https:\/\/niipit.dk\/billigemballage\/"},{"@type":"ListItem","position":2,"name":"Forside"}]},{"@type":"WebSite","@id":"https:\/\/niipit.dk\/billigemballage\/#website","url":"https:\/\/niipit.dk\/billigemballage\/","name":"billigemballage","description":"- v\u00e6lg den rigtige emballage","potentialAction":[{"@type":"SearchAction","target":{"@type":"EntryPoint","urlTemplate":"https:\/\/niipit.dk\/billigemballage\/?s={search_term_string}"},"query-input":{"@type":"PropertyValueSpecification","valueRequired":true,"valueName":"search_term_string"}}],"inLanguage":"da-DK"}]}},"_links":{"self":[{"href":"https:\/\/niipit.dk\/billigemballage\/wp-json\/wp\/v2\/pages\/5064","targetHints":{"allow":["GET"]}}],"collection":[{"href":"https:\/\/niipit.dk\/billigemballage\/wp-json\/wp\/v2\/pages"}],"about":[{"href":"https:\/\/niipit.dk\/billigemballage\/wp-json\/wp\/v2\/types\/page"}],"author":[{"embeddable":true,"href":"https:\/\/niipit.dk\/billigemballage\/wp-json\/wp\/v2\/users\/1"}],"replies":[{"embeddable":true,"href":"https:\/\/niipit.dk\/billigemballage\/wp-json\/wp\/v2\/comments?post=5064"}],"version-history":[{"count":0,"href":"https:\/\/niipit.dk\/billigemballage\/wp-json\/wp\/v2\/pages\/5064\/revisions"}],"wp:attachment":[{"href":"https:\/\/niipit.dk\/billigemballage\/wp-json\/wp\/v2\/media?parent=5064"}],"curies":[{"name":"wp","href":"https:\/\/api.w.org\/{rel}","templated":true}]}}