{"id":5064,"date":"2019-10-10T22:29:00","date_gmt":"2019-10-10T20:29:00","guid":{"rendered":"https:\/\/niipit.dk\/barrit-mejeri-shop\/?page_id=5064"},"modified":"2020-03-22T21:28:23","modified_gmt":"2020-03-22T20:28:23","slug":"forside","status":"publish","type":"page","link":"https:\/\/niipit.dk\/barrit-mejeri\/","title":{"rendered":"Forside"},"content":{"rendered":"\n<hr class=\"wp-block-separator\"\/>\n\n\n\n<h2 class=\"wp-block-heading\">Barrit Mejeri siden 1887<\/h2>\n\n\n\n<p>Barrit Mejeri som det hedder til dagligt i lokalomr\u00e5det. Det officielle navn er Bjerre Herreds Mejeriselskab. Helt tilbage i 1887 blev det lille andelsmejeri opf\u00f8rt og siden har det dagligt sikret lokalomr\u00e5det m\u00e6lk og ost. Siden 2003 har focus v\u00e6ret p\u00e5 fl\u00f8deost og m\u00e6lk er i dag sket ikke en del af produktionen.<\/p>\n\n\n\n<p>Vidste du at Barrit Mejeri er et af de eneste tilbage v\u00e6rende selvst\u00e6ndig andelsmejerier der er i Danmark. Mejeriet besk\u00e6ftiger i dag 7 medarbejder og deres produktion munder ud i ikke mindre en 700 til 900 tons ost om \u00e5ret.<\/p>\n\n\n\n<p>I dag er det kun 20% af produkterne der bliver i Danmark og ikke mindre en 80% bliver eksporteret til Japan, Rusland, Kina, Fjern og mellem\u00f8sten. Mejeriet producerer kun fl\u00f8deost der specielfremstilles til f\u00f8devareindustrien ud fra  kunders \u00f8nsker og specifikationer. Det er alt fra supermarkeder, catering og food service-branchen der bestiller oste p\u00e5 mejeriet.<\/p>\n\n\n\n<p>Fl\u00f8deosten fra Barrit-Mejeri anvendes ofte som ren f\u00e6rdigvare i f.eks. storek\u00f8kkener eller som ingrediens i andre typer f\u00f8devarer, i fyldte k\u00f8d- og fjerkr\u00e6produkter.<\/p>\n\n\n\n<p>Ostehullet er butikken der holder \u00e5bent 2 dage om ugen, fredag og l\u00f8rdag. Her er du altid velkommen til at kigge forbi og se og smage p\u00e5 vores oste. Hvis du skal holde fest eller bare gerne vil have et bredudvalg af oste s\u00e5 er det her du finder lige de oset du ikke vidste du manglede. Priserne er ogs\u00e5 altid til din fordel.<\/p>\n\n\n\n<p>Mejeriet i Barrit er med i <a href=\"https:\/\/mejeri.dk\/branchen\/om-mejeribranchen\/mejerier-i-dk\/barrit-mejeri\">Mejeriforeningen<\/a><\/p>\n\n\n\n<div class=\"wp-block-image\"><figure class=\"aligncenter size-large\"><a href=\"https:\/\/niipit.dk\/barrit-mejeri\/anmeldelser\/\"><img loading=\"lazy\" decoding=\"async\" width=\"626\" height=\"419\" src=\"https:\/\/niipit.dk\/barrit-mejeri\/wp-content\/uploads\/sites\/410\/2020\/03\/Barrit-Mejeri-Fl\u00f8deost-p\u00e5-br\u00f8d.jpg\" alt=\"Barrit Mejeri fl\u00f8deost p\u00e5 br\u00f8d\" class=\"wp-image-6046\" srcset=\"https:\/\/niipit.dk\/barrit-mejeri\/wp-content\/uploads\/sites\/410\/2020\/03\/Barrit-Mejeri-Fl\u00f8deost-p\u00e5-br\u00f8d.jpg 626w, https:\/\/niipit.dk\/barrit-mejeri\/wp-content\/uploads\/sites\/410\/2020\/03\/Barrit-Mejeri-Fl\u00f8deost-p\u00e5-br\u00f8d-300x201.jpg 300w, https:\/\/niipit.dk\/barrit-mejeri\/wp-content\/uploads\/sites\/410\/2020\/03\/Barrit-Mejeri-Fl\u00f8deost-p\u00e5-br\u00f8d-600x402.jpg 600w\" sizes=\"auto, (max-width: 626px) 100vw, 626px\" \/><\/a><\/figure><\/div>\n","protected":false},"excerpt":{"rendered":"<p>Barrit Mejeri siden 1887 Barrit Mejeri som det hedder til dagligt i lokalomr\u00e5det. Det officielle navn er Bjerre Herreds Mejeriselskab. Helt tilbage i 1887 blev det lille andelsmejeri opf\u00f8rt og siden har det dagligt sikret lokalomr\u00e5det m\u00e6lk og ost. Siden 2003 har focus v\u00e6ret p\u00e5 fl\u00f8deost og m\u00e6lk er i dag sket ikke en del <a class=\"moretag btn btn-primary\" href=\"https:\/\/niipit.dk\/barrit-mejeri\/\">L\u00e6s mere<\/a><\/p>\n","protected":false},"author":1,"featured_media":0,"parent":0,"menu_order":0,"comment_status":"closed","ping_status":"closed","template":"frontpagePremium.php","meta":{"_exactmetrics_skip_tracking":false,"_exactmetrics_sitenote_active":false,"_exactmetrics_sitenote_note":"","_exactmetrics_sitenote_category":0,"_monsterinsights_skip_tracking":false,"_monsterinsights_sitenote_active":false,"_monsterinsights_sitenote_note":"","_monsterinsights_sitenote_category":0,"footnotes":""},"class_list":["post-5064","page","type-page","status-publish","hentry"],"yoast_head":"<!-- This site is optimized with the Yoast SEO Premium plugin v16.3 (Yoast SEO v27.5) - https:\/\/yoast.com\/product\/yoast-seo-premium-wordpress\/ -->\n<title>Barrit Mejeri | Shop lokale r\u00e5varer n\u00e5r du handler \u2714<\/title>\n<meta name=\"description\" content=\"Barrit Mejeri | Din lokale G\u00e5rdbutik i dit n\u00e6romr\u00e5de. N\u00e5r du handler lokalt s\u00e5 er det godt for dig, lokalomr\u00e5det og milj\u00f8et \u27a2\u27a2\u27a2\" \/>\n<meta name=\"robots\" content=\"index, follow, max-snippet:-1, max-image-preview:large, max-video-preview:-1\" \/>\n<link rel=\"canonical\" href=\"https:\/\/niipit.dk\/barrit-mejeri\/\" \/>\n<meta property=\"og:locale\" content=\"da_DK\" \/>\n<meta property=\"og:type\" content=\"article\" \/>\n<meta property=\"og:title\" content=\"Barrit Mejeri | Shop lokale r\u00e5varer n\u00e5r du handler \u2714\" \/>\n<meta property=\"og:description\" content=\"Barrit Mejeri | Din lokale G\u00e5rdbutik i dit n\u00e6romr\u00e5de. N\u00e5r du handler lokalt s\u00e5 er det godt for dig, lokalomr\u00e5det og milj\u00f8et \u27a2\u27a2\u27a2\" \/>\n<meta property=\"og:url\" content=\"https:\/\/niipit.dk\/barrit-mejeri\/\" \/>\n<meta property=\"og:site_name\" content=\"Barrit Mejeri\" \/>\n<meta property=\"article:modified_time\" content=\"2020-03-22T20:28:23+00:00\" \/>\n<meta name=\"twitter:card\" content=\"summary_large_image\" \/>\n<meta name=\"twitter:label1\" content=\"Estimeret l\u00e6setid\" \/>\n\t<meta name=\"twitter:data1\" content=\"1 minut\" \/>\n<script type=\"application\/ld+json\" class=\"yoast-schema-graph\">{\"@context\":\"https:\\\/\\\/schema.org\",\"@graph\":[{\"@type\":\"WebPage\",\"@id\":\"https:\\\/\\\/niipit.dk\\\/barrit-mejeri\\\/\",\"url\":\"https:\\\/\\\/niipit.dk\\\/barrit-mejeri\\\/\",\"name\":\"Barrit Mejeri | Shop lokale r\u00e5varer n\u00e5r du handler \u2714\",\"isPartOf\":{\"@id\":\"https:\\\/\\\/niipit.dk\\\/barrit-mejeri\\\/#website\"},\"datePublished\":\"2019-10-10T20:29:00+00:00\",\"dateModified\":\"2020-03-22T20:28:23+00:00\",\"description\":\"Barrit Mejeri | Din lokale G\u00e5rdbutik i dit n\u00e6romr\u00e5de. N\u00e5r du handler lokalt s\u00e5 er det godt for dig, lokalomr\u00e5det og milj\u00f8et \u27a2\u27a2\u27a2\",\"breadcrumb\":{\"@id\":\"https:\\\/\\\/niipit.dk\\\/barrit-mejeri\\\/#breadcrumb\"},\"inLanguage\":\"da-DK\",\"potentialAction\":[{\"@type\":\"ReadAction\",\"target\":[\"https:\\\/\\\/niipit.dk\\\/barrit-mejeri\\\/\"]}]},{\"@type\":\"BreadcrumbList\",\"@id\":\"https:\\\/\\\/niipit.dk\\\/barrit-mejeri\\\/#breadcrumb\",\"itemListElement\":[{\"@type\":\"ListItem\",\"position\":1,\"name\":\"Hjem\",\"item\":\"https:\\\/\\\/niipit.dk\\\/barrit-mejeri\\\/\"},{\"@type\":\"ListItem\",\"position\":2,\"name\":\"Forside\"}]},{\"@type\":\"WebSite\",\"@id\":\"https:\\\/\\\/niipit.dk\\\/barrit-mejeri\\\/#website\",\"url\":\"https:\\\/\\\/niipit.dk\\\/barrit-mejeri\\\/\",\"name\":\"Barrit Mejeri\",\"description\":\"Brug din lokale g\u00e5rdbutik n\u00e5r du handler\",\"potentialAction\":[{\"@type\":\"SearchAction\",\"target\":{\"@type\":\"EntryPoint\",\"urlTemplate\":\"https:\\\/\\\/niipit.dk\\\/barrit-mejeri\\\/?s={search_term_string}\"},\"query-input\":{\"@type\":\"PropertyValueSpecification\",\"valueRequired\":true,\"valueName\":\"search_term_string\"}}],\"inLanguage\":\"da-DK\"}]}<\/script>\n<!-- \/ Yoast SEO Premium plugin. -->","yoast_head_json":{"title":"Barrit Mejeri | Shop lokale r\u00e5varer n\u00e5r du handler \u2714","description":"Barrit Mejeri | Din lokale G\u00e5rdbutik i dit n\u00e6romr\u00e5de. N\u00e5r du handler lokalt s\u00e5 er det godt for dig, lokalomr\u00e5det og milj\u00f8et \u27a2\u27a2\u27a2","robots":{"index":"index","follow":"follow","max-snippet":"max-snippet:-1","max-image-preview":"max-image-preview:large","max-video-preview":"max-video-preview:-1"},"canonical":"https:\/\/niipit.dk\/barrit-mejeri\/","og_locale":"da_DK","og_type":"article","og_title":"Barrit Mejeri | Shop lokale r\u00e5varer n\u00e5r du handler \u2714","og_description":"Barrit Mejeri | Din lokale G\u00e5rdbutik i dit n\u00e6romr\u00e5de. N\u00e5r du handler lokalt s\u00e5 er det godt for dig, lokalomr\u00e5det og milj\u00f8et \u27a2\u27a2\u27a2","og_url":"https:\/\/niipit.dk\/barrit-mejeri\/","og_site_name":"Barrit Mejeri","article_modified_time":"2020-03-22T20:28:23+00:00","twitter_card":"summary_large_image","twitter_misc":{"Estimeret l\u00e6setid":"1 minut"},"schema":{"@context":"https:\/\/schema.org","@graph":[{"@type":"WebPage","@id":"https:\/\/niipit.dk\/barrit-mejeri\/","url":"https:\/\/niipit.dk\/barrit-mejeri\/","name":"Barrit Mejeri | Shop lokale r\u00e5varer n\u00e5r du handler \u2714","isPartOf":{"@id":"https:\/\/niipit.dk\/barrit-mejeri\/#website"},"datePublished":"2019-10-10T20:29:00+00:00","dateModified":"2020-03-22T20:28:23+00:00","description":"Barrit Mejeri | Din lokale G\u00e5rdbutik i dit n\u00e6romr\u00e5de. N\u00e5r du handler lokalt s\u00e5 er det godt for dig, lokalomr\u00e5det og milj\u00f8et \u27a2\u27a2\u27a2","breadcrumb":{"@id":"https:\/\/niipit.dk\/barrit-mejeri\/#breadcrumb"},"inLanguage":"da-DK","potentialAction":[{"@type":"ReadAction","target":["https:\/\/niipit.dk\/barrit-mejeri\/"]}]},{"@type":"BreadcrumbList","@id":"https:\/\/niipit.dk\/barrit-mejeri\/#breadcrumb","itemListElement":[{"@type":"ListItem","position":1,"name":"Hjem","item":"https:\/\/niipit.dk\/barrit-mejeri\/"},{"@type":"ListItem","position":2,"name":"Forside"}]},{"@type":"WebSite","@id":"https:\/\/niipit.dk\/barrit-mejeri\/#website","url":"https:\/\/niipit.dk\/barrit-mejeri\/","name":"Barrit Mejeri","description":"Brug din lokale g\u00e5rdbutik n\u00e5r du handler","potentialAction":[{"@type":"SearchAction","target":{"@type":"EntryPoint","urlTemplate":"https:\/\/niipit.dk\/barrit-mejeri\/?s={search_term_string}"},"query-input":{"@type":"PropertyValueSpecification","valueRequired":true,"valueName":"search_term_string"}}],"inLanguage":"da-DK"}]}},"_links":{"self":[{"href":"https:\/\/niipit.dk\/barrit-mejeri\/wp-json\/wp\/v2\/pages\/5064","targetHints":{"allow":["GET"]}}],"collection":[{"href":"https:\/\/niipit.dk\/barrit-mejeri\/wp-json\/wp\/v2\/pages"}],"about":[{"href":"https:\/\/niipit.dk\/barrit-mejeri\/wp-json\/wp\/v2\/types\/page"}],"author":[{"embeddable":true,"href":"https:\/\/niipit.dk\/barrit-mejeri\/wp-json\/wp\/v2\/users\/1"}],"replies":[{"embeddable":true,"href":"https:\/\/niipit.dk\/barrit-mejeri\/wp-json\/wp\/v2\/comments?post=5064"}],"version-history":[{"count":0,"href":"https:\/\/niipit.dk\/barrit-mejeri\/wp-json\/wp\/v2\/pages\/5064\/revisions"}],"wp:attachment":[{"href":"https:\/\/niipit.dk\/barrit-mejeri\/wp-json\/wp\/v2\/media?parent=5064"}],"curies":[{"name":"wp","href":"https:\/\/api.w.org\/{rel}","templated":true}]}}