{"id":6061,"date":"2019-09-25T13:13:34","date_gmt":"2019-09-25T11:13:34","guid":{"rendered":"https:\/\/niipit.dk\/barnevognstraening\/?post_type=product&#038;p=6061"},"modified":"2020-02-23T10:54:20","modified_gmt":"2020-02-23T09:54:20","slug":"barnevognstraening-5-klip","status":"publish","type":"product","link":"https:\/\/niipit.dk\/barnevognstraening\/produkt\/barnevognstraening-5-klip\/","title":{"rendered":"Barnevognstr\u00e6ning 5 klip"},"content":{"rendered":"<h1 style=\"text-align: center;\">Klippekort med 5 klip<br \/>\ntil barnevognstr\u00e6ning<br \/>\nI Gribskov<\/h1>\n<p>&nbsp;<\/p>\n<p style=\"text-align: center;\"><strong>Du f\u00e5r frugt og vand efter tr\u00e6ning<\/strong><\/p>\n","protected":false},"excerpt":{"rendered":"<p>Klippekort med 5 klip til barnevognstr\u00e6ning I Gribskov &nbsp; Du f\u00e5r frugt og vand efter tr\u00e6ning<\/p>\n","protected":false},"featured_media":0,"template":"","meta":{"_exactmetrics_skip_tracking":false,"_exactmetrics_sitenote_active":false,"_exactmetrics_sitenote_note":"","_exactmetrics_sitenote_category":0,"_monsterinsights_skip_tracking":false,"_monsterinsights_sitenote_active":false,"_monsterinsights_sitenote_note":"","_monsterinsights_sitenote_category":0},"product_brand":[],"product_cat":[2164],"product_tag":[],"shoptype":[],"class_list":{"0":"post-6061","1":"product","2":"type-product","3":"status-publish","5":"product_cat-alle-vare","7":"first","8":"instock","9":"shipping-taxable","10":"purchasable","11":"product-type-simple"},"yoast_head":"<!-- This site is optimized with the Yoast SEO Premium plugin v16.3 (Yoast SEO v27.4) - https:\/\/yoast.com\/product\/yoast-seo-premium-wordpress\/ -->\n<title>Barnevognstr\u00e6ning klippekort - tr\u00e6n sammen med andre<\/title>\n<meta name=\"description\" content=\"Barnevognstr\u00e6ning klippekort - Bagud med din tr\u00e6ning efter du har f\u00f8dt ? M\u00f8d op og lad os tr\u00e6ne sammen i skoven. Pris 80 kr pr gang inkl frugt og vand\" \/>\n<meta name=\"robots\" content=\"index, follow, max-snippet:-1, max-image-preview:large, max-video-preview:-1\" \/>\n<link rel=\"canonical\" href=\"https:\/\/niipit.dk\/barnevognstraening\/produkt\/barnevognstraening-5-klip\/\" \/>\n<meta property=\"og:locale\" content=\"da_DK\" \/>\n<meta property=\"og:type\" content=\"article\" \/>\n<meta property=\"og:title\" content=\"Barnevognstr\u00e6ning klippekort - tr\u00e6n sammen med andre\" \/>\n<meta property=\"og:description\" content=\"Barnevognstr\u00e6ning klippekort - Bagud med din tr\u00e6ning efter du har f\u00f8dt ? M\u00f8d op og lad os tr\u00e6ne sammen i skoven. Pris 80 kr pr gang inkl frugt og vand\" \/>\n<meta property=\"og:url\" content=\"https:\/\/niipit.dk\/barnevognstraening\/produkt\/barnevognstraening-5-klip\/\" \/>\n<meta property=\"og:site_name\" content=\"Barnevognstr\u00e6ning\" \/>\n<meta property=\"article:modified_time\" content=\"2020-02-23T09:54:20+00:00\" \/>\n<meta name=\"twitter:card\" content=\"summary_large_image\" \/>\n<script type=\"application\/ld+json\" class=\"yoast-schema-graph\">{\"@context\":\"https:\\\/\\\/schema.org\",\"@graph\":[{\"@type\":\"WebPage\",\"@id\":\"https:\\\/\\\/niipit.dk\\\/barnevognstraening\\\/produkt\\\/barnevognstraening-5-klip\\\/\",\"url\":\"https:\\\/\\\/niipit.dk\\\/barnevognstraening\\\/produkt\\\/barnevognstraening-5-klip\\\/\",\"name\":\"Barnevognstr\u00e6ning klippekort - tr\u00e6n sammen med andre\",\"isPartOf\":{\"@id\":\"https:\\\/\\\/niipit.dk\\\/barnevognstraening\\\/#website\"},\"datePublished\":\"2019-09-25T11:13:34+00:00\",\"dateModified\":\"2020-02-23T09:54:20+00:00\",\"description\":\"Barnevognstr\u00e6ning klippekort - Bagud med din tr\u00e6ning efter du har f\u00f8dt ? M\u00f8d op og lad os tr\u00e6ne sammen i skoven. Pris 80 kr pr gang inkl frugt og vand\",\"breadcrumb\":{\"@id\":\"https:\\\/\\\/niipit.dk\\\/barnevognstraening\\\/produkt\\\/barnevognstraening-5-klip\\\/#breadcrumb\"},\"inLanguage\":\"da-DK\",\"potentialAction\":[{\"@type\":\"ReadAction\",\"target\":[\"https:\\\/\\\/niipit.dk\\\/barnevognstraening\\\/produkt\\\/barnevognstraening-5-klip\\\/\"]}]},{\"@type\":\"BreadcrumbList\",\"@id\":\"https:\\\/\\\/niipit.dk\\\/barnevognstraening\\\/produkt\\\/barnevognstraening-5-klip\\\/#breadcrumb\",\"itemListElement\":[{\"@type\":\"ListItem\",\"position\":1,\"name\":\"Hjem\",\"item\":\"https:\\\/\\\/niipit.dk\\\/barnevognstraening\\\/\"},{\"@type\":\"ListItem\",\"position\":2,\"name\":\"Shop\",\"item\":\"https:\\\/\\\/niipit.dk\\\/barnevognstraening\\\/shop\\\/\"},{\"@type\":\"ListItem\",\"position\":3,\"name\":\"Barnevognstr\u00e6ning 5 klip\"}]},{\"@type\":\"WebSite\",\"@id\":\"https:\\\/\\\/niipit.dk\\\/barnevognstraening\\\/#website\",\"url\":\"https:\\\/\\\/niipit.dk\\\/barnevognstraening\\\/\",\"name\":\"Barnevognstr\u00e6ning\",\"description\":\"Sygeplejerske &amp; Sundhedsr\u00e5dgiver\",\"potentialAction\":[{\"@type\":\"SearchAction\",\"target\":{\"@type\":\"EntryPoint\",\"urlTemplate\":\"https:\\\/\\\/niipit.dk\\\/barnevognstraening\\\/?s={search_term_string}\"},\"query-input\":{\"@type\":\"PropertyValueSpecification\",\"valueRequired\":true,\"valueName\":\"search_term_string\"}}],\"inLanguage\":\"da-DK\"}]}<\/script>\n<!-- \/ Yoast SEO Premium plugin. -->","yoast_head_json":{"title":"Barnevognstr\u00e6ning klippekort - tr\u00e6n sammen med andre","description":"Barnevognstr\u00e6ning klippekort - Bagud med din tr\u00e6ning efter du har f\u00f8dt ? M\u00f8d op og lad os tr\u00e6ne sammen i skoven. Pris 80 kr pr gang inkl frugt og vand","robots":{"index":"index","follow":"follow","max-snippet":"max-snippet:-1","max-image-preview":"max-image-preview:large","max-video-preview":"max-video-preview:-1"},"canonical":"https:\/\/niipit.dk\/barnevognstraening\/produkt\/barnevognstraening-5-klip\/","og_locale":"da_DK","og_type":"article","og_title":"Barnevognstr\u00e6ning klippekort - tr\u00e6n sammen med andre","og_description":"Barnevognstr\u00e6ning klippekort - Bagud med din tr\u00e6ning efter du har f\u00f8dt ? M\u00f8d op og lad os tr\u00e6ne sammen i skoven. Pris 80 kr pr gang inkl frugt og vand","og_url":"https:\/\/niipit.dk\/barnevognstraening\/produkt\/barnevognstraening-5-klip\/","og_site_name":"Barnevognstr\u00e6ning","article_modified_time":"2020-02-23T09:54:20+00:00","twitter_card":"summary_large_image","schema":{"@context":"https:\/\/schema.org","@graph":[{"@type":"WebPage","@id":"https:\/\/niipit.dk\/barnevognstraening\/produkt\/barnevognstraening-5-klip\/","url":"https:\/\/niipit.dk\/barnevognstraening\/produkt\/barnevognstraening-5-klip\/","name":"Barnevognstr\u00e6ning klippekort - tr\u00e6n sammen med andre","isPartOf":{"@id":"https:\/\/niipit.dk\/barnevognstraening\/#website"},"datePublished":"2019-09-25T11:13:34+00:00","dateModified":"2020-02-23T09:54:20+00:00","description":"Barnevognstr\u00e6ning klippekort - Bagud med din tr\u00e6ning efter du har f\u00f8dt ? M\u00f8d op og lad os tr\u00e6ne sammen i skoven. Pris 80 kr pr gang inkl frugt og vand","breadcrumb":{"@id":"https:\/\/niipit.dk\/barnevognstraening\/produkt\/barnevognstraening-5-klip\/#breadcrumb"},"inLanguage":"da-DK","potentialAction":[{"@type":"ReadAction","target":["https:\/\/niipit.dk\/barnevognstraening\/produkt\/barnevognstraening-5-klip\/"]}]},{"@type":"BreadcrumbList","@id":"https:\/\/niipit.dk\/barnevognstraening\/produkt\/barnevognstraening-5-klip\/#breadcrumb","itemListElement":[{"@type":"ListItem","position":1,"name":"Hjem","item":"https:\/\/niipit.dk\/barnevognstraening\/"},{"@type":"ListItem","position":2,"name":"Shop","item":"https:\/\/niipit.dk\/barnevognstraening\/shop\/"},{"@type":"ListItem","position":3,"name":"Barnevognstr\u00e6ning 5 klip"}]},{"@type":"WebSite","@id":"https:\/\/niipit.dk\/barnevognstraening\/#website","url":"https:\/\/niipit.dk\/barnevognstraening\/","name":"Barnevognstr\u00e6ning","description":"Sygeplejerske &amp; Sundhedsr\u00e5dgiver","potentialAction":[{"@type":"SearchAction","target":{"@type":"EntryPoint","urlTemplate":"https:\/\/niipit.dk\/barnevognstraening\/?s={search_term_string}"},"query-input":{"@type":"PropertyValueSpecification","valueRequired":true,"valueName":"search_term_string"}}],"inLanguage":"da-DK"}]}},"_links":{"self":[{"href":"https:\/\/niipit.dk\/barnevognstraening\/wp-json\/wp\/v2\/product\/6061","targetHints":{"allow":["GET"]}}],"collection":[{"href":"https:\/\/niipit.dk\/barnevognstraening\/wp-json\/wp\/v2\/product"}],"about":[{"href":"https:\/\/niipit.dk\/barnevognstraening\/wp-json\/wp\/v2\/types\/product"}],"wp:attachment":[{"href":"https:\/\/niipit.dk\/barnevognstraening\/wp-json\/wp\/v2\/media?parent=6061"}],"wp:term":[{"taxonomy":"product_brand","embeddable":true,"href":"https:\/\/niipit.dk\/barnevognstraening\/wp-json\/wp\/v2\/product_brand?post=6061"},{"taxonomy":"product_cat","embeddable":true,"href":"https:\/\/niipit.dk\/barnevognstraening\/wp-json\/wp\/v2\/product_cat?post=6061"},{"taxonomy":"product_tag","embeddable":true,"href":"https:\/\/niipit.dk\/barnevognstraening\/wp-json\/wp\/v2\/product_tag?post=6061"},{"taxonomy":"shoptype","embeddable":true,"href":"https:\/\/niipit.dk\/barnevognstraening\/wp-json\/wp\/v2\/shoptype?post=6061"}],"curies":[{"name":"wp","href":"https:\/\/api.w.org\/{rel}","templated":true}]}}