{"id":5399,"date":"2019-01-30T21:26:49","date_gmt":"2019-01-30T20:26:49","guid":{"rendered":"https:\/\/niipit.dk\/barnevognstraening\/?page_id=5399"},"modified":"2020-02-02T13:14:56","modified_gmt":"2020-02-02T12:14:56","slug":"anmeldelser","status":"publish","type":"page","link":"https:\/\/niipit.dk\/barnevognstraening\/anmeldelser\/","title":{"rendered":"Anmeldelser"},"content":{"rendered":"\n<h1 class=\"has-text-align-center wp-block-heading\">ANMELDELSER BARNEVOGNSTR\u00c6NING<\/h1>\n","protected":false},"excerpt":{"rendered":"<p>ANMELDELSER BARNEVOGNSTR\u00c6NING<\/p>\n","protected":false},"author":1,"featured_media":0,"parent":0,"menu_order":0,"comment_status":"closed","ping_status":"closed","template":"reviews.php","meta":{"_exactmetrics_skip_tracking":false,"_exactmetrics_sitenote_active":false,"_exactmetrics_sitenote_note":"","_exactmetrics_sitenote_category":0,"_monsterinsights_skip_tracking":false,"_monsterinsights_sitenote_active":false,"_monsterinsights_sitenote_note":"","_monsterinsights_sitenote_category":0,"footnotes":""},"class_list":["post-5399","page","type-page","status-publish","hentry"],"yoast_head":"<!-- This site is optimized with the Yoast SEO Premium plugin v16.3 (Yoast SEO v27.4) - https:\/\/yoast.com\/product\/yoast-seo-premium-wordpress\/ -->\n<title>Anmeldelser - L\u00e6s eller skriv selv din anmeldelse af Barnevognstr\u00e6ning<\/title>\n<meta name=\"description\" content=\"Anmeldelser - Hvad siger vores kunder og hvad siger du? Er du usikker s\u00e5 l\u00e6s hvad andre kunder siger om at handle hos Barnevognstr\u00e6ning\" \/>\n<meta name=\"robots\" content=\"index, follow, max-snippet:-1, max-image-preview:large, max-video-preview:-1\" \/>\n<link rel=\"canonical\" href=\"http:\/\/niipit.dk\/barnevognstraening\/anmeldelser\/\" \/>\n<meta property=\"og:locale\" content=\"da_DK\" \/>\n<meta property=\"og:type\" content=\"article\" \/>\n<meta property=\"og:title\" content=\"Anmeldelser - L\u00e6s eller skriv selv din anmeldelse af Barnevognstr\u00e6ning\" \/>\n<meta property=\"og:description\" content=\"Anmeldelser - Hvad siger vores kunder og hvad siger du? Er du usikker s\u00e5 l\u00e6s hvad andre kunder siger om at handle hos Barnevognstr\u00e6ning\" \/>\n<meta property=\"og:url\" content=\"http:\/\/niipit.dk\/barnevognstraening\/anmeldelser\/\" \/>\n<meta property=\"og:site_name\" content=\"Barnevognstr\u00e6ning\" \/>\n<meta property=\"article:modified_time\" content=\"2020-02-02T12:14:56+00:00\" \/>\n<meta property=\"og:image\" content=\"http:\/\/niipit.dk\/barnevognstraening\/wp-content\/uploads\/sites\/300\/2019\/09\/Barnevognstr\u00e6ning-i-Gribskov-skovens-tr\u00e6ningsudstyr.jpg\" \/>\n\t<meta property=\"og:image:width\" content=\"2048\" \/>\n\t<meta property=\"og:image:height\" content=\"1536\" \/>\n\t<meta property=\"og:image:type\" content=\"image\/jpeg\" \/>\n<meta name=\"twitter:card\" content=\"summary_large_image\" \/>\n<script type=\"application\/ld+json\" class=\"yoast-schema-graph\">{\"@context\":\"https:\\\/\\\/schema.org\",\"@graph\":[{\"@type\":\"WebPage\",\"@id\":\"http:\\\/\\\/niipit.dk\\\/barnevognstraening\\\/anmeldelser\\\/\",\"url\":\"http:\\\/\\\/niipit.dk\\\/barnevognstraening\\\/anmeldelser\\\/\",\"name\":\"Anmeldelser - L\u00e6s eller skriv selv din anmeldelse af Barnevognstr\u00e6ning\",\"isPartOf\":{\"@id\":\"https:\\\/\\\/niipit.dk\\\/barnevognstraening\\\/#website\"},\"datePublished\":\"2019-01-30T20:26:49+00:00\",\"dateModified\":\"2020-02-02T12:14:56+00:00\",\"description\":\"Anmeldelser - Hvad siger vores kunder og hvad siger du? Er du usikker s\u00e5 l\u00e6s hvad andre kunder siger om at handle hos Barnevognstr\u00e6ning\",\"breadcrumb\":{\"@id\":\"http:\\\/\\\/niipit.dk\\\/barnevognstraening\\\/anmeldelser\\\/#breadcrumb\"},\"inLanguage\":\"da-DK\",\"potentialAction\":[{\"@type\":\"ReadAction\",\"target\":[\"http:\\\/\\\/niipit.dk\\\/barnevognstraening\\\/anmeldelser\\\/\"]}]},{\"@type\":\"BreadcrumbList\",\"@id\":\"http:\\\/\\\/niipit.dk\\\/barnevognstraening\\\/anmeldelser\\\/#breadcrumb\",\"itemListElement\":[{\"@type\":\"ListItem\",\"position\":1,\"name\":\"Hjem\",\"item\":\"https:\\\/\\\/niipit.dk\\\/barnevognstraening\\\/\"},{\"@type\":\"ListItem\",\"position\":2,\"name\":\"Anmeldelser\"}]},{\"@type\":\"WebSite\",\"@id\":\"https:\\\/\\\/niipit.dk\\\/barnevognstraening\\\/#website\",\"url\":\"https:\\\/\\\/niipit.dk\\\/barnevognstraening\\\/\",\"name\":\"Barnevognstr\u00e6ning\",\"description\":\"Sygeplejerske &amp; Sundhedsr\u00e5dgiver\",\"potentialAction\":[{\"@type\":\"SearchAction\",\"target\":{\"@type\":\"EntryPoint\",\"urlTemplate\":\"https:\\\/\\\/niipit.dk\\\/barnevognstraening\\\/?s={search_term_string}\"},\"query-input\":{\"@type\":\"PropertyValueSpecification\",\"valueRequired\":true,\"valueName\":\"search_term_string\"}}],\"inLanguage\":\"da-DK\"}]}<\/script>\n<!-- \/ Yoast SEO Premium plugin. -->","yoast_head_json":{"title":"Anmeldelser - L\u00e6s eller skriv selv din anmeldelse af Barnevognstr\u00e6ning","description":"Anmeldelser - Hvad siger vores kunder og hvad siger du? Er du usikker s\u00e5 l\u00e6s hvad andre kunder siger om at handle hos Barnevognstr\u00e6ning","robots":{"index":"index","follow":"follow","max-snippet":"max-snippet:-1","max-image-preview":"max-image-preview:large","max-video-preview":"max-video-preview:-1"},"canonical":"http:\/\/niipit.dk\/barnevognstraening\/anmeldelser\/","og_locale":"da_DK","og_type":"article","og_title":"Anmeldelser - L\u00e6s eller skriv selv din anmeldelse af Barnevognstr\u00e6ning","og_description":"Anmeldelser - Hvad siger vores kunder og hvad siger du? Er du usikker s\u00e5 l\u00e6s hvad andre kunder siger om at handle hos Barnevognstr\u00e6ning","og_url":"http:\/\/niipit.dk\/barnevognstraening\/anmeldelser\/","og_site_name":"Barnevognstr\u00e6ning","article_modified_time":"2020-02-02T12:14:56+00:00","og_image":[{"width":2048,"height":1536,"url":"http:\/\/niipit.dk\/barnevognstraening\/wp-content\/uploads\/sites\/300\/2019\/09\/Barnevognstr\u00e6ning-i-Gribskov-skovens-tr\u00e6ningsudstyr.jpg","type":"image\/jpeg"}],"twitter_card":"summary_large_image","schema":{"@context":"https:\/\/schema.org","@graph":[{"@type":"WebPage","@id":"http:\/\/niipit.dk\/barnevognstraening\/anmeldelser\/","url":"http:\/\/niipit.dk\/barnevognstraening\/anmeldelser\/","name":"Anmeldelser - L\u00e6s eller skriv selv din anmeldelse af Barnevognstr\u00e6ning","isPartOf":{"@id":"https:\/\/niipit.dk\/barnevognstraening\/#website"},"datePublished":"2019-01-30T20:26:49+00:00","dateModified":"2020-02-02T12:14:56+00:00","description":"Anmeldelser - Hvad siger vores kunder og hvad siger du? Er du usikker s\u00e5 l\u00e6s hvad andre kunder siger om at handle hos Barnevognstr\u00e6ning","breadcrumb":{"@id":"http:\/\/niipit.dk\/barnevognstraening\/anmeldelser\/#breadcrumb"},"inLanguage":"da-DK","potentialAction":[{"@type":"ReadAction","target":["http:\/\/niipit.dk\/barnevognstraening\/anmeldelser\/"]}]},{"@type":"BreadcrumbList","@id":"http:\/\/niipit.dk\/barnevognstraening\/anmeldelser\/#breadcrumb","itemListElement":[{"@type":"ListItem","position":1,"name":"Hjem","item":"https:\/\/niipit.dk\/barnevognstraening\/"},{"@type":"ListItem","position":2,"name":"Anmeldelser"}]},{"@type":"WebSite","@id":"https:\/\/niipit.dk\/barnevognstraening\/#website","url":"https:\/\/niipit.dk\/barnevognstraening\/","name":"Barnevognstr\u00e6ning","description":"Sygeplejerske &amp; Sundhedsr\u00e5dgiver","potentialAction":[{"@type":"SearchAction","target":{"@type":"EntryPoint","urlTemplate":"https:\/\/niipit.dk\/barnevognstraening\/?s={search_term_string}"},"query-input":{"@type":"PropertyValueSpecification","valueRequired":true,"valueName":"search_term_string"}}],"inLanguage":"da-DK"}]}},"_links":{"self":[{"href":"https:\/\/niipit.dk\/barnevognstraening\/wp-json\/wp\/v2\/pages\/5399","targetHints":{"allow":["GET"]}}],"collection":[{"href":"https:\/\/niipit.dk\/barnevognstraening\/wp-json\/wp\/v2\/pages"}],"about":[{"href":"https:\/\/niipit.dk\/barnevognstraening\/wp-json\/wp\/v2\/types\/page"}],"author":[{"embeddable":true,"href":"https:\/\/niipit.dk\/barnevognstraening\/wp-json\/wp\/v2\/users\/1"}],"replies":[{"embeddable":true,"href":"https:\/\/niipit.dk\/barnevognstraening\/wp-json\/wp\/v2\/comments?post=5399"}],"version-history":[{"count":0,"href":"https:\/\/niipit.dk\/barnevognstraening\/wp-json\/wp\/v2\/pages\/5399\/revisions"}],"wp:attachment":[{"href":"https:\/\/niipit.dk\/barnevognstraening\/wp-json\/wp\/v2\/media?parent=5399"}],"curies":[{"name":"wp","href":"https:\/\/api.w.org\/{rel}","templated":true}]}}