{"id":5064,"date":"2018-08-10T22:29:34","date_gmt":"2018-08-10T20:29:34","guid":{"rendered":"https:\/\/niipit.dk\/barnevognstraening\/?page_id=5064"},"modified":"2020-02-19T10:28:40","modified_gmt":"2020-02-19T09:28:40","slug":"frontpage","status":"publish","type":"page","link":"https:\/\/niipit.dk\/barnevognstraening\/","title":{"rendered":"Forside"},"content":{"rendered":"\n<hr class=\"wp-block-separator\"\/>\n\n\n\n<h2 class=\"wp-block-heading\">Barnevognstr\u00e6ning i Gribskov<\/h2>\n\n\n\n<p>Barnevognstr\u00e6ning er for dig der har en lille og ikke f\u00f8ler du kommer nok ud eller ikke har tid og overskud til at tr\u00e6ne efter f\u00f8dslen. <\/p>\n\n\n\n<p>Du har fokus p\u00e5 din sundhed og m\u00e5ske vil du gerne i form igen efter f\u00f8dslen eller af med de ekstra kilo der kom p\u00e5 under din graviditet.<\/p>\n\n\n\n<p>Hvis du \u00f8nsker at kombinere frisk luft, motion og et f\u00e6llesskab med andre m\u00f8dre\/f\u00e6dre s\u00e5 er denne tr\u00e6ning helt sikkert noget for dig.<\/p>\n\n\n\n<p>Det er en fitnesstime i skoven med barnevogn, klapvogn, slynge eller vikle.<br>Timen indeholder: &nbsp;styrketr\u00e6ning, ba\u00e6kkenbundstr\u00e6ning<br>Konditions\/intervaltr\u00e6ning, smidighed og mindfulness.<\/p>\n\n\n\n<p>????????????????Hurra????????????????<br>I dag kan jeg officielt melde ud at&nbsp;<a href=\"http:\/\/xn--barnevognstrning-5ob.dk\/\">Barnevognstr\u00e6ning.dk<\/a>&nbsp;har f\u00e5et den \u00e6re at b\u00e6re &nbsp; &nbsp; &nbsp; <br>Helsinge &#8211; Danmarks Bedste B\u00f8rneby logoet samt at Barnevognstr\u00e6ning er den f\u00f8rste godkendte aktivitet udover HDBB egne arrangementer.<br><br>???? Tak til HDBB for at v\u00e6re vision\u00e6re og tro p\u00e5 mit projekt.&nbsp;<br><br>F\u00f8lg med p\u00e5 facebooksiden for i l\u00f8bet af de n\u00e6ste dage kommer der gode tilbud i forhold til tilmelding til Barnevognstr\u00e6ning.<br>Der er frugt og vand efter timen<\/p>\n\n\n\n<p>PT er der hold i Gribskov, Helsinge , Hiller\u00f8d, Hundested, Frederiksv\u00e6rk, Birker\u00f8d og Holte. \u00a0<br><br>Vi starter ud forskellige steder i skoven s\u00e5 husk at hol dig opdateret p\u00e5 FB side om hvor vi er.<\/p>\n","protected":false},"excerpt":{"rendered":"<p>Barnevognstr\u00e6ning i Gribskov Barnevognstr\u00e6ning er for dig der har en lille og ikke f\u00f8ler du kommer nok ud eller ikke har tid og overskud til at tr\u00e6ne efter f\u00f8dslen. Du har fokus p\u00e5 din sundhed og m\u00e5ske vil du gerne i form igen efter f\u00f8dslen eller af med de ekstra kilo der kom p\u00e5 under <a class=\"moretag btn btn-primary\" href=\"https:\/\/niipit.dk\/barnevognstraening\/\">L\u00e6s mere<\/a><\/p>\n","protected":false},"author":1056,"featured_media":0,"parent":0,"menu_order":0,"comment_status":"closed","ping_status":"closed","template":"frontpagePremium.php","meta":{"_exactmetrics_skip_tracking":false,"_exactmetrics_sitenote_active":false,"_exactmetrics_sitenote_note":"","_exactmetrics_sitenote_category":0,"_monsterinsights_skip_tracking":false,"_monsterinsights_sitenote_active":false,"_monsterinsights_sitenote_note":"","_monsterinsights_sitenote_category":0,"footnotes":""},"class_list":["post-5064","page","type-page","status-publish","hentry"],"yoast_head":"<!-- This site is optimized with the Yoast SEO Premium plugin v16.3 (Yoast SEO v27.3) - https:\/\/yoast.com\/product\/yoast-seo-premium-wordpress\/ -->\n<title>Barnevognstr\u00e6ning i Gribskov - Vil du i form efter f\u00f8dslen?<\/title>\n<meta name=\"description\" content=\"Barnevognstr\u00e6ning i Gribskov er for dig der prioriterer sundhed, motion og samv\u00e6r med andre m\u00f8dre og f\u00e6dre efter f\u00f8dslen. Vi m\u00f8des flere gange hver uge.\" \/>\n<meta name=\"robots\" content=\"index, follow, max-snippet:-1, max-image-preview:large, max-video-preview:-1\" \/>\n<link rel=\"canonical\" href=\"https:\/\/niipit.dk\/barnevognstraening\/\" \/>\n<meta property=\"og:locale\" content=\"da_DK\" \/>\n<meta property=\"og:type\" content=\"article\" \/>\n<meta property=\"og:title\" content=\"Barnevognstr\u00e6ning i Gribskov - Vil du i form efter f\u00f8dslen?\" \/>\n<meta property=\"og:description\" content=\"Barnevognstr\u00e6ning i Gribskov er for dig der prioriterer sundhed, motion og samv\u00e6r med andre m\u00f8dre og f\u00e6dre efter f\u00f8dslen. Vi m\u00f8des flere gange hver uge.\" \/>\n<meta property=\"og:url\" content=\"https:\/\/niipit.dk\/barnevognstraening\/\" \/>\n<meta property=\"og:site_name\" content=\"Barnevognstr\u00e6ning\" \/>\n<meta property=\"article:modified_time\" content=\"2020-02-19T09:28:40+00:00\" \/>\n<meta name=\"twitter:card\" content=\"summary_large_image\" \/>\n<meta name=\"twitter:label1\" content=\"Estimeret l\u00e6setid\" \/>\n\t<meta name=\"twitter:data1\" content=\"1 minut\" \/>\n<script type=\"application\/ld+json\" class=\"yoast-schema-graph\">{\"@context\":\"https:\\\/\\\/schema.org\",\"@graph\":[{\"@type\":\"WebPage\",\"@id\":\"https:\\\/\\\/niipit.dk\\\/barnevognstraening\\\/\",\"url\":\"https:\\\/\\\/niipit.dk\\\/barnevognstraening\\\/\",\"name\":\"Barnevognstr\u00e6ning i Gribskov - Vil du i form efter f\u00f8dslen?\",\"isPartOf\":{\"@id\":\"https:\\\/\\\/niipit.dk\\\/barnevognstraening\\\/#website\"},\"datePublished\":\"2018-08-10T20:29:34+00:00\",\"dateModified\":\"2020-02-19T09:28:40+00:00\",\"description\":\"Barnevognstr\u00e6ning i Gribskov er for dig der prioriterer sundhed, motion og samv\u00e6r med andre m\u00f8dre og f\u00e6dre efter f\u00f8dslen. Vi m\u00f8des flere gange hver uge.\",\"breadcrumb\":{\"@id\":\"https:\\\/\\\/niipit.dk\\\/barnevognstraening\\\/#breadcrumb\"},\"inLanguage\":\"da-DK\",\"potentialAction\":[{\"@type\":\"ReadAction\",\"target\":[\"https:\\\/\\\/niipit.dk\\\/barnevognstraening\\\/\"]}]},{\"@type\":\"BreadcrumbList\",\"@id\":\"https:\\\/\\\/niipit.dk\\\/barnevognstraening\\\/#breadcrumb\",\"itemListElement\":[{\"@type\":\"ListItem\",\"position\":1,\"name\":\"Hjem\",\"item\":\"https:\\\/\\\/niipit.dk\\\/barnevognstraening\\\/\"},{\"@type\":\"ListItem\",\"position\":2,\"name\":\"Forside\"}]},{\"@type\":\"WebSite\",\"@id\":\"https:\\\/\\\/niipit.dk\\\/barnevognstraening\\\/#website\",\"url\":\"https:\\\/\\\/niipit.dk\\\/barnevognstraening\\\/\",\"name\":\"Barnevognstr\u00e6ning\",\"description\":\"Sygeplejerske &amp; Sundhedsr\u00e5dgiver\",\"potentialAction\":[{\"@type\":\"SearchAction\",\"target\":{\"@type\":\"EntryPoint\",\"urlTemplate\":\"https:\\\/\\\/niipit.dk\\\/barnevognstraening\\\/?s={search_term_string}\"},\"query-input\":{\"@type\":\"PropertyValueSpecification\",\"valueRequired\":true,\"valueName\":\"search_term_string\"}}],\"inLanguage\":\"da-DK\"}]}<\/script>\n<!-- \/ Yoast SEO Premium plugin. -->","yoast_head_json":{"title":"Barnevognstr\u00e6ning i Gribskov - Vil du i form efter f\u00f8dslen?","description":"Barnevognstr\u00e6ning i Gribskov er for dig der prioriterer sundhed, motion og samv\u00e6r med andre m\u00f8dre og f\u00e6dre efter f\u00f8dslen. Vi m\u00f8des flere gange hver uge.","robots":{"index":"index","follow":"follow","max-snippet":"max-snippet:-1","max-image-preview":"max-image-preview:large","max-video-preview":"max-video-preview:-1"},"canonical":"https:\/\/niipit.dk\/barnevognstraening\/","og_locale":"da_DK","og_type":"article","og_title":"Barnevognstr\u00e6ning i Gribskov - Vil du i form efter f\u00f8dslen?","og_description":"Barnevognstr\u00e6ning i Gribskov er for dig der prioriterer sundhed, motion og samv\u00e6r med andre m\u00f8dre og f\u00e6dre efter f\u00f8dslen. Vi m\u00f8des flere gange hver uge.","og_url":"https:\/\/niipit.dk\/barnevognstraening\/","og_site_name":"Barnevognstr\u00e6ning","article_modified_time":"2020-02-19T09:28:40+00:00","twitter_card":"summary_large_image","twitter_misc":{"Estimeret l\u00e6setid":"1 minut"},"schema":{"@context":"https:\/\/schema.org","@graph":[{"@type":"WebPage","@id":"https:\/\/niipit.dk\/barnevognstraening\/","url":"https:\/\/niipit.dk\/barnevognstraening\/","name":"Barnevognstr\u00e6ning i Gribskov - Vil du i form efter f\u00f8dslen?","isPartOf":{"@id":"https:\/\/niipit.dk\/barnevognstraening\/#website"},"datePublished":"2018-08-10T20:29:34+00:00","dateModified":"2020-02-19T09:28:40+00:00","description":"Barnevognstr\u00e6ning i Gribskov er for dig der prioriterer sundhed, motion og samv\u00e6r med andre m\u00f8dre og f\u00e6dre efter f\u00f8dslen. Vi m\u00f8des flere gange hver uge.","breadcrumb":{"@id":"https:\/\/niipit.dk\/barnevognstraening\/#breadcrumb"},"inLanguage":"da-DK","potentialAction":[{"@type":"ReadAction","target":["https:\/\/niipit.dk\/barnevognstraening\/"]}]},{"@type":"BreadcrumbList","@id":"https:\/\/niipit.dk\/barnevognstraening\/#breadcrumb","itemListElement":[{"@type":"ListItem","position":1,"name":"Hjem","item":"https:\/\/niipit.dk\/barnevognstraening\/"},{"@type":"ListItem","position":2,"name":"Forside"}]},{"@type":"WebSite","@id":"https:\/\/niipit.dk\/barnevognstraening\/#website","url":"https:\/\/niipit.dk\/barnevognstraening\/","name":"Barnevognstr\u00e6ning","description":"Sygeplejerske &amp; Sundhedsr\u00e5dgiver","potentialAction":[{"@type":"SearchAction","target":{"@type":"EntryPoint","urlTemplate":"https:\/\/niipit.dk\/barnevognstraening\/?s={search_term_string}"},"query-input":{"@type":"PropertyValueSpecification","valueRequired":true,"valueName":"search_term_string"}}],"inLanguage":"da-DK"}]}},"_links":{"self":[{"href":"https:\/\/niipit.dk\/barnevognstraening\/wp-json\/wp\/v2\/pages\/5064","targetHints":{"allow":["GET"]}}],"collection":[{"href":"https:\/\/niipit.dk\/barnevognstraening\/wp-json\/wp\/v2\/pages"}],"about":[{"href":"https:\/\/niipit.dk\/barnevognstraening\/wp-json\/wp\/v2\/types\/page"}],"author":[{"embeddable":true,"href":"https:\/\/niipit.dk\/barnevognstraening\/wp-json\/wp\/v2\/users\/1056"}],"replies":[{"embeddable":true,"href":"https:\/\/niipit.dk\/barnevognstraening\/wp-json\/wp\/v2\/comments?post=5064"}],"version-history":[{"count":0,"href":"https:\/\/niipit.dk\/barnevognstraening\/wp-json\/wp\/v2\/pages\/5064\/revisions"}],"wp:attachment":[{"href":"https:\/\/niipit.dk\/barnevognstraening\/wp-json\/wp\/v2\/media?parent=5064"}],"curies":[{"name":"wp","href":"https:\/\/api.w.org\/{rel}","templated":true}]}}