{"id":5064,"date":"2018-08-10T22:29:34","date_gmt":"2018-08-10T20:29:34","guid":{"rendered":"https:\/\/niipit.dk\/bandholm-hotel-shop\/?page_id=5064"},"modified":"2020-01-27T21:34:27","modified_gmt":"2020-01-27T20:34:27","slug":"frontpage","status":"publish","type":"page","link":"https:\/\/niipit.dk\/bandholm-hotel\/","title":{"rendered":""},"content":{"rendered":"\n<hr class=\"wp-block-separator\"\/>\n\n\n\n<h2 class=\"wp-block-heading\">Luksuri\u00f8st hotelophold p\u00e5 Lolland<\/h2>\n\n\n\n<p>Bandholm Hotel indbyder, foruden afslapning og fork\u00e6lelse i restaurant og wellness, til badning og dejlige spadsereture.&nbsp;<\/p>\n\n\n\n<p>Omr\u00e5det byder p\u00e5 frisk havluft, b\u00f8lgeskvulp og udsigt over vandet. Og i Bandholm kan man opleve en hyggelig, gammel by med pakhuse og idylliske, gule bindingsv\u00e6rkshuse.<\/p>\n\n\n\n<h3 class=\"wp-block-heading\">Bandholm Hotel &#8211; Danmarks bedste hotel i 2017, 2018 og 2019<\/h3>\n\n\n\n<p>Bandholm Hotel har i de senere \u00e5r gennemg\u00e5et en rivende udvikling og har vundet mange priser. B\u00e5de i 2017, 2018 og 2019 er Bandholm Hotel blevet k\u00e5ret som Danmarks bedste hotel af verdens st\u00f8rste rejsesite TripAdvisor. Hotellet har ogs\u00e5 vundet den prestigefyldte Luxury Travel Guide&#8217;s European Luxury Hotel And Restaurant Of The Year 2018 Award samt Luxury Sea View Hotel Of The Year 2016. I 2017 har Bandholm Hotel desuden modtaget\u00a0<a href=\"http:\/\/hotel.com\/\">Hotel.com<\/a>&#8216;s Loved by Guests Award 2017 og 2018, som kun gives til de allerbedste hoteller. Bandholm Hotel har desuden vundet TripAdvisor&#8217;s eftertragtede Travellers&#8217; Choice Award i 2015, 2016, 2017, 2018 og 2019, baseret p\u00e5 brugernes oplevelser.<\/p>\n\n\n\n<div class=\"wp-block-image\"><figure class=\"aligncenter size-full is-resized\"><img loading=\"lazy\" decoding=\"async\" src=\"https:\/\/niipit.dk\/bandholm-hotel\/wp-content\/uploads\/sites\/391\/2020\/01\/Bandholm-hotel.dk_.png\" alt=\"Bandholm-hotel.dk\" class=\"wp-image-5950\" width=\"750\" height=\"375\" srcset=\"https:\/\/niipit.dk\/bandholm-hotel\/wp-content\/uploads\/sites\/391\/2020\/01\/Bandholm-hotel.dk_.png 1000w, https:\/\/niipit.dk\/bandholm-hotel\/wp-content\/uploads\/sites\/391\/2020\/01\/Bandholm-hotel.dk_-300x150.png 300w, https:\/\/niipit.dk\/bandholm-hotel\/wp-content\/uploads\/sites\/391\/2020\/01\/Bandholm-hotel.dk_-768x384.png 768w, https:\/\/niipit.dk\/bandholm-hotel\/wp-content\/uploads\/sites\/391\/2020\/01\/Bandholm-hotel.dk_-600x300.png 600w\" sizes=\"auto, (max-width: 750px) 100vw, 750px\" \/><\/figure><\/div>\n","protected":false},"excerpt":{"rendered":"<p>Luksuri\u00f8st hotelophold p\u00e5 Lolland Bandholm Hotel indbyder, foruden afslapning og fork\u00e6lelse i restaurant og wellness, til badning og dejlige spadsereture.&nbsp; Omr\u00e5det byder p\u00e5 frisk havluft, b\u00f8lgeskvulp og udsigt over vandet. Og i Bandholm kan man opleve en hyggelig, gammel by med pakhuse og idylliske, gule bindingsv\u00e6rkshuse. Bandholm Hotel &#8211; Danmarks bedste hotel i 2017, 2018 <a class=\"moretag btn btn-primary\" href=\"https:\/\/niipit.dk\/bandholm-hotel\/\">L\u00e6s mere<\/a><\/p>\n","protected":false},"author":1,"featured_media":0,"parent":0,"menu_order":0,"comment_status":"closed","ping_status":"closed","template":"frontpagePremium.php","meta":{"_exactmetrics_skip_tracking":false,"_exactmetrics_sitenote_active":false,"_exactmetrics_sitenote_note":"","_exactmetrics_sitenote_category":0,"_monsterinsights_skip_tracking":false,"_monsterinsights_sitenote_active":false,"_monsterinsights_sitenote_note":"","_monsterinsights_sitenote_category":0,"footnotes":""},"class_list":["post-5064","page","type-page","status-publish","hentry"],"yoast_head":"<!-- This site is optimized with the Yoast SEO Premium plugin v16.3 (Yoast SEO v27.4) - https:\/\/yoast.com\/product\/yoast-seo-premium-wordpress\/ -->\n<title>Fork\u00e6l dine sanser med et ophold p\u00e5 Badehotel Bandholm Hotel<\/title>\n<meta name=\"description\" content=\"Bestil et Wellness Ophold for to p\u00e5 Danmarks Bedste Hotel | Et Weekendophold i Natursk\u00f8nne Omgivelser | Et Gourmetophold til madelskeren | Bestil i dag \u27a2\" \/>\n<meta name=\"robots\" content=\"index, follow, max-snippet:-1, max-image-preview:large, max-video-preview:-1\" \/>\n<link rel=\"canonical\" href=\"https:\/\/niipit.dk\/bandholm-hotel\/\" \/>\n<meta property=\"og:locale\" content=\"da_DK\" \/>\n<meta property=\"og:type\" content=\"article\" \/>\n<meta property=\"og:title\" content=\"Fork\u00e6l dine sanser med et ophold p\u00e5 Badehotel Bandholm Hotel\" \/>\n<meta property=\"og:description\" content=\"Bestil et Wellness Ophold for to p\u00e5 Danmarks Bedste Hotel | Et Weekendophold i Natursk\u00f8nne Omgivelser | Et Gourmetophold til madelskeren | Bestil i dag \u27a2\" \/>\n<meta property=\"og:url\" content=\"https:\/\/niipit.dk\/bandholm-hotel\/\" \/>\n<meta property=\"og:site_name\" content=\"Bandholm Hotel\" \/>\n<meta property=\"article:modified_time\" content=\"2020-01-27T20:34:27+00:00\" \/>\n<meta property=\"og:image\" content=\"https:\/\/niipit.dk\/bandholm-hotel\/wp-content\/uploads\/sites\/391\/2020\/01\/Bandholm-hotel.dk_.png\" \/>\n<meta name=\"twitter:card\" content=\"summary_large_image\" \/>\n<meta name=\"twitter:label1\" content=\"Estimeret l\u00e6setid\" \/>\n\t<meta name=\"twitter:data1\" content=\"1 minut\" \/>\n<script type=\"application\/ld+json\" class=\"yoast-schema-graph\">{\"@context\":\"https:\\\/\\\/schema.org\",\"@graph\":[{\"@type\":\"WebPage\",\"@id\":\"https:\\\/\\\/niipit.dk\\\/bandholm-hotel\\\/\",\"url\":\"https:\\\/\\\/niipit.dk\\\/bandholm-hotel\\\/\",\"name\":\"Fork\u00e6l dine sanser med et ophold p\u00e5 Badehotel Bandholm Hotel\",\"isPartOf\":{\"@id\":\"https:\\\/\\\/niipit.dk\\\/bandholm-hotel\\\/#website\"},\"primaryImageOfPage\":{\"@id\":\"https:\\\/\\\/niipit.dk\\\/bandholm-hotel\\\/#primaryimage\"},\"image\":{\"@id\":\"https:\\\/\\\/niipit.dk\\\/bandholm-hotel\\\/#primaryimage\"},\"thumbnailUrl\":\"https:\\\/\\\/niipit.dk\\\/bandholm-hotel\\\/wp-content\\\/uploads\\\/sites\\\/391\\\/2020\\\/01\\\/Bandholm-hotel.dk_.png\",\"datePublished\":\"2018-08-10T20:29:34+00:00\",\"dateModified\":\"2020-01-27T20:34:27+00:00\",\"description\":\"Bestil et Wellness Ophold for to p\u00e5 Danmarks Bedste Hotel | Et Weekendophold i Natursk\u00f8nne Omgivelser | Et Gourmetophold til madelskeren | Bestil i dag \u27a2\",\"inLanguage\":\"da-DK\",\"potentialAction\":[{\"@type\":\"ReadAction\",\"target\":[\"https:\\\/\\\/niipit.dk\\\/bandholm-hotel\\\/\"]}]},{\"@type\":\"ImageObject\",\"inLanguage\":\"da-DK\",\"@id\":\"https:\\\/\\\/niipit.dk\\\/bandholm-hotel\\\/#primaryimage\",\"url\":\"https:\\\/\\\/niipit.dk\\\/bandholm-hotel\\\/wp-content\\\/uploads\\\/sites\\\/391\\\/2020\\\/01\\\/Bandholm-hotel.dk_.png\",\"contentUrl\":\"https:\\\/\\\/niipit.dk\\\/bandholm-hotel\\\/wp-content\\\/uploads\\\/sites\\\/391\\\/2020\\\/01\\\/Bandholm-hotel.dk_.png\"},{\"@type\":\"WebSite\",\"@id\":\"https:\\\/\\\/niipit.dk\\\/bandholm-hotel\\\/#website\",\"url\":\"https:\\\/\\\/niipit.dk\\\/bandholm-hotel\\\/\",\"name\":\"Bandholm Hotel\",\"description\":\"Luksuri\u00f8s wellness og gastronomi med Havudsigt\",\"potentialAction\":[{\"@type\":\"SearchAction\",\"target\":{\"@type\":\"EntryPoint\",\"urlTemplate\":\"https:\\\/\\\/niipit.dk\\\/bandholm-hotel\\\/?s={search_term_string}\"},\"query-input\":{\"@type\":\"PropertyValueSpecification\",\"valueRequired\":true,\"valueName\":\"search_term_string\"}}],\"inLanguage\":\"da-DK\"}]}<\/script>\n<!-- \/ Yoast SEO Premium plugin. -->","yoast_head_json":{"title":"Fork\u00e6l dine sanser med et ophold p\u00e5 Badehotel Bandholm Hotel","description":"Bestil et Wellness Ophold for to p\u00e5 Danmarks Bedste Hotel | Et Weekendophold i Natursk\u00f8nne Omgivelser | Et Gourmetophold til madelskeren | Bestil i dag \u27a2","robots":{"index":"index","follow":"follow","max-snippet":"max-snippet:-1","max-image-preview":"max-image-preview:large","max-video-preview":"max-video-preview:-1"},"canonical":"https:\/\/niipit.dk\/bandholm-hotel\/","og_locale":"da_DK","og_type":"article","og_title":"Fork\u00e6l dine sanser med et ophold p\u00e5 Badehotel Bandholm Hotel","og_description":"Bestil et Wellness Ophold for to p\u00e5 Danmarks Bedste Hotel | Et Weekendophold i Natursk\u00f8nne Omgivelser | Et Gourmetophold til madelskeren | Bestil i dag \u27a2","og_url":"https:\/\/niipit.dk\/bandholm-hotel\/","og_site_name":"Bandholm Hotel","article_modified_time":"2020-01-27T20:34:27+00:00","og_image":[{"url":"https:\/\/niipit.dk\/bandholm-hotel\/wp-content\/uploads\/sites\/391\/2020\/01\/Bandholm-hotel.dk_.png","type":"","width":"","height":""}],"twitter_card":"summary_large_image","twitter_misc":{"Estimeret l\u00e6setid":"1 minut"},"schema":{"@context":"https:\/\/schema.org","@graph":[{"@type":"WebPage","@id":"https:\/\/niipit.dk\/bandholm-hotel\/","url":"https:\/\/niipit.dk\/bandholm-hotel\/","name":"Fork\u00e6l dine sanser med et ophold p\u00e5 Badehotel Bandholm Hotel","isPartOf":{"@id":"https:\/\/niipit.dk\/bandholm-hotel\/#website"},"primaryImageOfPage":{"@id":"https:\/\/niipit.dk\/bandholm-hotel\/#primaryimage"},"image":{"@id":"https:\/\/niipit.dk\/bandholm-hotel\/#primaryimage"},"thumbnailUrl":"https:\/\/niipit.dk\/bandholm-hotel\/wp-content\/uploads\/sites\/391\/2020\/01\/Bandholm-hotel.dk_.png","datePublished":"2018-08-10T20:29:34+00:00","dateModified":"2020-01-27T20:34:27+00:00","description":"Bestil et Wellness Ophold for to p\u00e5 Danmarks Bedste Hotel | Et Weekendophold i Natursk\u00f8nne Omgivelser | Et Gourmetophold til madelskeren | Bestil i dag \u27a2","inLanguage":"da-DK","potentialAction":[{"@type":"ReadAction","target":["https:\/\/niipit.dk\/bandholm-hotel\/"]}]},{"@type":"ImageObject","inLanguage":"da-DK","@id":"https:\/\/niipit.dk\/bandholm-hotel\/#primaryimage","url":"https:\/\/niipit.dk\/bandholm-hotel\/wp-content\/uploads\/sites\/391\/2020\/01\/Bandholm-hotel.dk_.png","contentUrl":"https:\/\/niipit.dk\/bandholm-hotel\/wp-content\/uploads\/sites\/391\/2020\/01\/Bandholm-hotel.dk_.png"},{"@type":"WebSite","@id":"https:\/\/niipit.dk\/bandholm-hotel\/#website","url":"https:\/\/niipit.dk\/bandholm-hotel\/","name":"Bandholm Hotel","description":"Luksuri\u00f8s wellness og gastronomi med Havudsigt","potentialAction":[{"@type":"SearchAction","target":{"@type":"EntryPoint","urlTemplate":"https:\/\/niipit.dk\/bandholm-hotel\/?s={search_term_string}"},"query-input":{"@type":"PropertyValueSpecification","valueRequired":true,"valueName":"search_term_string"}}],"inLanguage":"da-DK"}]}},"_links":{"self":[{"href":"https:\/\/niipit.dk\/bandholm-hotel\/wp-json\/wp\/v2\/pages\/5064","targetHints":{"allow":["GET"]}}],"collection":[{"href":"https:\/\/niipit.dk\/bandholm-hotel\/wp-json\/wp\/v2\/pages"}],"about":[{"href":"https:\/\/niipit.dk\/bandholm-hotel\/wp-json\/wp\/v2\/types\/page"}],"author":[{"embeddable":true,"href":"https:\/\/niipit.dk\/bandholm-hotel\/wp-json\/wp\/v2\/users\/1"}],"replies":[{"embeddable":true,"href":"https:\/\/niipit.dk\/bandholm-hotel\/wp-json\/wp\/v2\/comments?post=5064"}],"version-history":[{"count":0,"href":"https:\/\/niipit.dk\/bandholm-hotel\/wp-json\/wp\/v2\/pages\/5064\/revisions"}],"wp:attachment":[{"href":"https:\/\/niipit.dk\/bandholm-hotel\/wp-json\/wp\/v2\/media?parent=5064"}],"curies":[{"name":"wp","href":"https:\/\/api.w.org\/{rel}","templated":true}]}}