{"id":5064,"date":"2020-04-10T22:29:34","date_gmt":"2020-04-10T20:29:34","guid":{"rendered":"https:\/\/niipit.dk\/baboon-city-herning-shop\/?page_id=5064"},"modified":"2021-05-23T12:30:02","modified_gmt":"2021-05-23T10:30:02","slug":"frontpage","status":"publish","type":"page","link":"https:\/\/niipit.dk\/baboon-city-herning\/","title":{"rendered":"Forside"},"content":{"rendered":"\n<hr class=\"wp-block-separator\"\/>\n\n\n\n<h2 class=\"wp-block-heading\" id=\"h-baboon-city-herning\">Baboon City Herning<\/h2>\n\n\n\n<p>Det st\u00f8rste indend\u00f8rs legeland finder du hos Baboon City i <a href=\"https:\/\/da.wikipedia.org\/wiki\/Herning\" target=\"_blank\" rel=\"noreferrer noopener\">Herning<\/a>. Ikke nok med at der er et k\u00e6mpe areal at boltre sig p\u00e5, s\u00e5 er udvalget af aktiviteter lige blevet udvidet igen. Du kan boltre dig i trampoliner, tarzanbaner, air track, hoppeborg, sumobrydning, basket trampoliner, wall walking, radiobiler, multisportsbane, rodeotyr, paddel tennis, rutschebaner b\u00e5de inde og ude, karruseller og vippedyr. Ja vi kunne blive ved men med et bes\u00f8g i Baboon legeland kan du underholde hele familien. <\/p>\n\n\n\n<p>Alle er velkommen, store som sm\u00e5, b\u00f8rn m\u00e5 gerne tage deres voksne med hvis de tr\u00e6nger til at komme ud og have det sjovt. Som voksen kan du b\u00e5de v\u00e6re tilskuer, coach og legekammerart n\u00e5r du tager med ud i Baboon city. Her handler det nemlig om at have det sjovt alle sammen.<\/p>\n\n\n\n<div class=\"wp-block-image\"><figure class=\"aligncenter size-large\"><img loading=\"lazy\" decoding=\"async\" width=\"626\" height=\"506\" src=\"https:\/\/niipit.dk\/baboon-city-herning\/wp-content\/uploads\/sites\/720\/2021\/05\/Fest-og-leg-i-Baboon-city.jpg\" alt=\"Fest og sjov i Baboon city\" class=\"wp-image-5991\" srcset=\"https:\/\/niipit.dk\/baboon-city-herning\/wp-content\/uploads\/sites\/720\/2021\/05\/Fest-og-leg-i-Baboon-city.jpg 626w, https:\/\/niipit.dk\/baboon-city-herning\/wp-content\/uploads\/sites\/720\/2021\/05\/Fest-og-leg-i-Baboon-city-300x242.jpg 300w, https:\/\/niipit.dk\/baboon-city-herning\/wp-content\/uploads\/sites\/720\/2021\/05\/Fest-og-leg-i-Baboon-city-600x485.jpg 600w\" sizes=\"auto, (max-width: 626px) 100vw, 626px\" \/><\/figure><\/div>\n\n\n\n<h3 class=\"wp-block-heading\" id=\"h-f-dselsdag-i-herning-legeland\">F\u00f8dselsdag i Herning legeland<\/h3>\n\n\n\n<p>Du kan faktisk holde f\u00f8dselsdag i Herning legeland hvis du har lyst. Det g\u00e6lder faktisk b\u00e5de for b\u00f8rn og voksne. Mad kan bestilles i bege\u00e6nset udvalg i vores cafeteria. <\/p>\n\n\n\n<p>N\u00e5r du f\u00f8rst har betalt for din indgang s\u00e5 kan du blive i Baboon city i 4 timer. Men husk altid at tjekke vores \u00e5bningstider s\u00e5 du ikke k\u00f8re forg\u00e6ves. Det er altid muligt at tage en madpakke og noget drikke med s\u00e5 du eller dine b\u00f8rn ikke g\u00e5r kold under bes\u00f8get. Mange bruger nemlig rigtig meget energi i den tid de er p\u00e5 bes\u00f8g. HUSK alt mad og drikke skal indtages ved et ad de mange borde og stole. <\/p>\n\n\n\n<h3 class=\"wp-block-heading\" id=\"h-vi-passer-p-hinanden-i-danmarks-st-rste-legeland\">Vi passer p\u00e5 hinanden i Danmarks st\u00f8rste legeland<\/h3>\n\n\n\n<p>Pga Corona s\u00e5 kan der v\u00e6re specielle forholdsregler n\u00e5r i skal bes\u00f8ge Danmarks st\u00f8rste legeland Babooncity. For at v\u00e6re p\u00e5 den sikre side s\u00e5 tjek hvad reglerne er inden du kommer. Vi anbefaler altid at i s\u00f8rger for god h\u00e5ndhygiejne og fornuftig afstand til dem i ikke kender eller f\u00f8lges med, men tjek reglerne for en sikkerhedsskyld.<\/p>\n\n\n\n<div class=\"wp-block-image\"><figure class=\"aligncenter size-large\"><img loading=\"lazy\" decoding=\"async\" width=\"626\" height=\"352\" src=\"https:\/\/niipit.dk\/baboon-city-herning\/wp-content\/uploads\/sites\/720\/2021\/05\/Covid-19.-Vi-passer-paa-hinanden.jpg\" alt=\"Vi passer p\u00e5 hinanden i legeland\n\" class=\"wp-image-5990\" srcset=\"https:\/\/niipit.dk\/baboon-city-herning\/wp-content\/uploads\/sites\/720\/2021\/05\/Covid-19.-Vi-passer-paa-hinanden.jpg 626w, https:\/\/niipit.dk\/baboon-city-herning\/wp-content\/uploads\/sites\/720\/2021\/05\/Covid-19.-Vi-passer-paa-hinanden-300x169.jpg 300w, https:\/\/niipit.dk\/baboon-city-herning\/wp-content\/uploads\/sites\/720\/2021\/05\/Covid-19.-Vi-passer-paa-hinanden-600x337.jpg 600w\" sizes=\"auto, (max-width: 626px) 100vw, 626px\" \/><\/figure><\/div>\n\n\n\n<h3 class=\"wp-block-heading\" id=\"h-video-filmet-inde-fra-baboon-city\">Video filmet inde fra Baboon City.<\/h3>\n\n\n\n<p>Hvis du gerne vil se nogle af alle de fede muligheder der er i Baboon City s\u00e5 b\u00f8r du kigge denne video. Her f\u00e5r du 21 min rundvisning af nogle super seje gutter der har lavet denne video selv.<\/p>\n\n\n\n<figure class=\"wp-block-embed is-type-video is-provider-youtube wp-block-embed-youtube wp-embed-aspect-16-9 wp-has-aspect-ratio\"><div class=\"wp-block-embed__wrapper\">\n<iframe loading=\"lazy\" title=\"UDFORDRINGER I BABOON CITY!\" width=\"1170\" height=\"658\" src=\"https:\/\/www.youtube.com\/embed\/fmOGKADXoX0?feature=oembed\" frameborder=\"0\" allow=\"accelerometer; autoplay; clipboard-write; encrypted-media; gyroscope; picture-in-picture\" allowfullscreen><\/iframe>\n<\/div><\/figure>\n\n\n\n<p>L\u00e6s gerne <a href=\"https:\/\/niipit.dk\/baboon-city-herning\/anmeldelser\/\">anmeldelser<\/a> <\/p>\n","protected":false},"excerpt":{"rendered":"<p>Baboon City Herning Det st\u00f8rste indend\u00f8rs legeland finder du hos Baboon City i Herning. Ikke nok med at der er et k\u00e6mpe areal at boltre sig p\u00e5, s\u00e5 er udvalget af aktiviteter lige blevet udvidet igen. Du kan boltre dig i trampoliner, tarzanbaner, air track, hoppeborg, sumobrydning, basket trampoliner, wall walking, radiobiler, multisportsbane, rodeotyr, paddel <a class=\"moretag btn btn-primary\" href=\"https:\/\/niipit.dk\/baboon-city-herning\/\">L\u00e6s mere<\/a><\/p>\n","protected":false},"author":1,"featured_media":0,"parent":0,"menu_order":0,"comment_status":"closed","ping_status":"closed","template":"frontpagePremium.php","meta":{"_exactmetrics_skip_tracking":false,"_exactmetrics_sitenote_active":false,"_exactmetrics_sitenote_note":"","_exactmetrics_sitenote_category":0,"_monsterinsights_skip_tracking":false,"_monsterinsights_sitenote_active":false,"_monsterinsights_sitenote_note":"","_monsterinsights_sitenote_category":0,"footnotes":""},"class_list":["post-5064","page","type-page","status-publish","hentry"],"yoast_head":"<!-- This site is optimized with the Yoast SEO Premium plugin v16.3 (Yoast SEO v27.3) - https:\/\/yoast.com\/product\/yoast-seo-premium-wordpress\/ -->\n<title>Baboon City Herning - N\u00e5r du og familien skal have det sjovt<\/title>\n<meta name=\"description\" content=\"Baboon City Herning - Danmarks st\u00f8rste legeland for b\u00f8rn og voksne - Nu med Padel Tennis - 4 timers adgang - Se \u00e5bningstider \u27a2\" \/>\n<meta name=\"robots\" content=\"index, follow, max-snippet:-1, max-image-preview:large, max-video-preview:-1\" \/>\n<link rel=\"canonical\" href=\"https:\/\/niipit.dk\/baboon-city-herning\/\" \/>\n<meta property=\"og:locale\" content=\"da_DK\" \/>\n<meta property=\"og:type\" content=\"article\" \/>\n<meta property=\"og:title\" content=\"Baboon City Herning - N\u00e5r du og familien skal have det sjovt\" \/>\n<meta property=\"og:description\" content=\"Baboon City Herning - Danmarks st\u00f8rste legeland for b\u00f8rn og voksne - Nu med Padel Tennis - 4 timers adgang - Se \u00e5bningstider \u27a2\" \/>\n<meta property=\"og:url\" content=\"https:\/\/niipit.dk\/baboon-city-herning\/\" \/>\n<meta property=\"og:site_name\" content=\"Baboon City Herning\" \/>\n<meta property=\"article:modified_time\" content=\"2021-05-23T10:30:02+00:00\" \/>\n<meta property=\"og:image\" content=\"https:\/\/niipit.dk\/baboon-city-herning\/wp-content\/uploads\/sites\/720\/2021\/05\/Fest-og-leg-i-Baboon-city.jpg\" \/>\n<meta name=\"twitter:card\" content=\"summary_large_image\" \/>\n<meta name=\"twitter:label1\" content=\"Estimeret l\u00e6setid\" \/>\n\t<meta name=\"twitter:data1\" content=\"2 minutter\" \/>\n<script type=\"application\/ld+json\" class=\"yoast-schema-graph\">{\"@context\":\"https:\\\/\\\/schema.org\",\"@graph\":[{\"@type\":\"WebPage\",\"@id\":\"https:\\\/\\\/niipit.dk\\\/baboon-city-herning\\\/\",\"url\":\"https:\\\/\\\/niipit.dk\\\/baboon-city-herning\\\/\",\"name\":\"Baboon City Herning - N\u00e5r du og familien skal have det sjovt\",\"isPartOf\":{\"@id\":\"https:\\\/\\\/niipit.dk\\\/baboon-city-herning\\\/#website\"},\"primaryImageOfPage\":{\"@id\":\"https:\\\/\\\/niipit.dk\\\/baboon-city-herning\\\/#primaryimage\"},\"image\":{\"@id\":\"https:\\\/\\\/niipit.dk\\\/baboon-city-herning\\\/#primaryimage\"},\"thumbnailUrl\":\"https:\\\/\\\/niipit.dk\\\/baboon-city-herning\\\/wp-content\\\/uploads\\\/sites\\\/720\\\/2021\\\/05\\\/Fest-og-leg-i-Baboon-city.jpg\",\"datePublished\":\"2020-04-10T20:29:34+00:00\",\"dateModified\":\"2021-05-23T10:30:02+00:00\",\"description\":\"Baboon City Herning - Danmarks st\u00f8rste legeland for b\u00f8rn og voksne - Nu med Padel Tennis - 4 timers adgang - Se \u00e5bningstider \u27a2\",\"breadcrumb\":{\"@id\":\"https:\\\/\\\/niipit.dk\\\/baboon-city-herning\\\/#breadcrumb\"},\"inLanguage\":\"da-DK\",\"potentialAction\":[{\"@type\":\"ReadAction\",\"target\":[\"https:\\\/\\\/niipit.dk\\\/baboon-city-herning\\\/\"]}]},{\"@type\":\"ImageObject\",\"inLanguage\":\"da-DK\",\"@id\":\"https:\\\/\\\/niipit.dk\\\/baboon-city-herning\\\/#primaryimage\",\"url\":\"https:\\\/\\\/niipit.dk\\\/baboon-city-herning\\\/wp-content\\\/uploads\\\/sites\\\/720\\\/2021\\\/05\\\/Fest-og-leg-i-Baboon-city.jpg\",\"contentUrl\":\"https:\\\/\\\/niipit.dk\\\/baboon-city-herning\\\/wp-content\\\/uploads\\\/sites\\\/720\\\/2021\\\/05\\\/Fest-og-leg-i-Baboon-city.jpg\"},{\"@type\":\"BreadcrumbList\",\"@id\":\"https:\\\/\\\/niipit.dk\\\/baboon-city-herning\\\/#breadcrumb\",\"itemListElement\":[{\"@type\":\"ListItem\",\"position\":1,\"name\":\"Hjem\",\"item\":\"https:\\\/\\\/niipit.dk\\\/baboon-city-herning\\\/\"},{\"@type\":\"ListItem\",\"position\":2,\"name\":\"Forside\"}]},{\"@type\":\"WebSite\",\"@id\":\"https:\\\/\\\/niipit.dk\\\/baboon-city-herning\\\/#website\",\"url\":\"https:\\\/\\\/niipit.dk\\\/baboon-city-herning\\\/\",\"name\":\"Baboon City Herning\",\"description\":\"Legeland i Herning t\u00e6t p\u00e5 Ikast og Videb\u00e6k\",\"potentialAction\":[{\"@type\":\"SearchAction\",\"target\":{\"@type\":\"EntryPoint\",\"urlTemplate\":\"https:\\\/\\\/niipit.dk\\\/baboon-city-herning\\\/?s={search_term_string}\"},\"query-input\":{\"@type\":\"PropertyValueSpecification\",\"valueRequired\":true,\"valueName\":\"search_term_string\"}}],\"inLanguage\":\"da-DK\"}]}<\/script>\n<!-- \/ Yoast SEO Premium plugin. -->","yoast_head_json":{"title":"Baboon City Herning - N\u00e5r du og familien skal have det sjovt","description":"Baboon City Herning - Danmarks st\u00f8rste legeland for b\u00f8rn og voksne - Nu med Padel Tennis - 4 timers adgang - Se \u00e5bningstider \u27a2","robots":{"index":"index","follow":"follow","max-snippet":"max-snippet:-1","max-image-preview":"max-image-preview:large","max-video-preview":"max-video-preview:-1"},"canonical":"https:\/\/niipit.dk\/baboon-city-herning\/","og_locale":"da_DK","og_type":"article","og_title":"Baboon City Herning - N\u00e5r du og familien skal have det sjovt","og_description":"Baboon City Herning - Danmarks st\u00f8rste legeland for b\u00f8rn og voksne - Nu med Padel Tennis - 4 timers adgang - Se \u00e5bningstider \u27a2","og_url":"https:\/\/niipit.dk\/baboon-city-herning\/","og_site_name":"Baboon City Herning","article_modified_time":"2021-05-23T10:30:02+00:00","og_image":[{"url":"https:\/\/niipit.dk\/baboon-city-herning\/wp-content\/uploads\/sites\/720\/2021\/05\/Fest-og-leg-i-Baboon-city.jpg","type":"","width":"","height":""}],"twitter_card":"summary_large_image","twitter_misc":{"Estimeret l\u00e6setid":"2 minutter"},"schema":{"@context":"https:\/\/schema.org","@graph":[{"@type":"WebPage","@id":"https:\/\/niipit.dk\/baboon-city-herning\/","url":"https:\/\/niipit.dk\/baboon-city-herning\/","name":"Baboon City Herning - N\u00e5r du og familien skal have det sjovt","isPartOf":{"@id":"https:\/\/niipit.dk\/baboon-city-herning\/#website"},"primaryImageOfPage":{"@id":"https:\/\/niipit.dk\/baboon-city-herning\/#primaryimage"},"image":{"@id":"https:\/\/niipit.dk\/baboon-city-herning\/#primaryimage"},"thumbnailUrl":"https:\/\/niipit.dk\/baboon-city-herning\/wp-content\/uploads\/sites\/720\/2021\/05\/Fest-og-leg-i-Baboon-city.jpg","datePublished":"2020-04-10T20:29:34+00:00","dateModified":"2021-05-23T10:30:02+00:00","description":"Baboon City Herning - Danmarks st\u00f8rste legeland for b\u00f8rn og voksne - Nu med Padel Tennis - 4 timers adgang - Se \u00e5bningstider \u27a2","breadcrumb":{"@id":"https:\/\/niipit.dk\/baboon-city-herning\/#breadcrumb"},"inLanguage":"da-DK","potentialAction":[{"@type":"ReadAction","target":["https:\/\/niipit.dk\/baboon-city-herning\/"]}]},{"@type":"ImageObject","inLanguage":"da-DK","@id":"https:\/\/niipit.dk\/baboon-city-herning\/#primaryimage","url":"https:\/\/niipit.dk\/baboon-city-herning\/wp-content\/uploads\/sites\/720\/2021\/05\/Fest-og-leg-i-Baboon-city.jpg","contentUrl":"https:\/\/niipit.dk\/baboon-city-herning\/wp-content\/uploads\/sites\/720\/2021\/05\/Fest-og-leg-i-Baboon-city.jpg"},{"@type":"BreadcrumbList","@id":"https:\/\/niipit.dk\/baboon-city-herning\/#breadcrumb","itemListElement":[{"@type":"ListItem","position":1,"name":"Hjem","item":"https:\/\/niipit.dk\/baboon-city-herning\/"},{"@type":"ListItem","position":2,"name":"Forside"}]},{"@type":"WebSite","@id":"https:\/\/niipit.dk\/baboon-city-herning\/#website","url":"https:\/\/niipit.dk\/baboon-city-herning\/","name":"Baboon City Herning","description":"Legeland i Herning t\u00e6t p\u00e5 Ikast og Videb\u00e6k","potentialAction":[{"@type":"SearchAction","target":{"@type":"EntryPoint","urlTemplate":"https:\/\/niipit.dk\/baboon-city-herning\/?s={search_term_string}"},"query-input":{"@type":"PropertyValueSpecification","valueRequired":true,"valueName":"search_term_string"}}],"inLanguage":"da-DK"}]}},"_links":{"self":[{"href":"https:\/\/niipit.dk\/baboon-city-herning\/wp-json\/wp\/v2\/pages\/5064","targetHints":{"allow":["GET"]}}],"collection":[{"href":"https:\/\/niipit.dk\/baboon-city-herning\/wp-json\/wp\/v2\/pages"}],"about":[{"href":"https:\/\/niipit.dk\/baboon-city-herning\/wp-json\/wp\/v2\/types\/page"}],"author":[{"embeddable":true,"href":"https:\/\/niipit.dk\/baboon-city-herning\/wp-json\/wp\/v2\/users\/1"}],"replies":[{"embeddable":true,"href":"https:\/\/niipit.dk\/baboon-city-herning\/wp-json\/wp\/v2\/comments?post=5064"}],"version-history":[{"count":5,"href":"https:\/\/niipit.dk\/baboon-city-herning\/wp-json\/wp\/v2\/pages\/5064\/revisions"}],"predecessor-version":[{"id":5996,"href":"https:\/\/niipit.dk\/baboon-city-herning\/wp-json\/wp\/v2\/pages\/5064\/revisions\/5996"}],"wp:attachment":[{"href":"https:\/\/niipit.dk\/baboon-city-herning\/wp-json\/wp\/v2\/media?parent=5064"}],"curies":[{"name":"wp","href":"https:\/\/api.w.org\/{rel}","templated":true}]}}