{"id":5064,"date":"2018-08-10T22:29:34","date_gmt":"2018-08-10T20:29:34","guid":{"rendered":"https:\/\/niipit.dk\/arensbach-shop\/?page_id=5064"},"modified":"2020-01-28T15:49:31","modified_gmt":"2020-01-28T14:49:31","slug":"frontpage","status":"publish","type":"page","link":"https:\/\/niipit.dk\/arensbach\/","title":{"rendered":"Forside"},"content":{"rendered":"\n<hr class=\"wp-block-separator\"\/>\n\n\n\n<h2 class=\"wp-block-heading\">Ordentlighed, overholdte aftaler &amp; omhyggeligt h\u00e5ndv\u00e6rk<\/h2>\n\n\n\n<p>Hos Arensbach arbejder vi ud fra disse tre principper:<\/p>\n\n\n\n<p>Ordentlighed: Vi agerer ordentligt og respektfuldt overfor vores relationer b\u00e5de internt og eksternt, vi tager vores opgaver seri\u00f8st og g\u00f8r den ekstra indsats for projektet.<br>Vi er \u00e6rlige, vi tilbyder vores ansatte et sundt arbejdsmilj\u00f8 og de bedste forhold hvor intet overlades til tilf\u00e6ldighederne, der f\u00f8lges op p\u00e5 tingene fra start til slut.<\/p>\n\n\n\n<p>Overholdte aftaler: Vi kommer til den aftalte tid, bliver f\u00e6rdige til den aftalte tid, informerer undervejs og vi st\u00e5r ved vores ord!<\/p>\n\n\n\n<p>Omhyggeligt h\u00e5ndv\u00e6rk: Vores t\u00f8mrere br\u00e6nder for deres fag og s\u00e6tter en personlig stolthed i det, de skaber med deres h\u00e6nder.<\/p>\n\n\n\n<p>Arensbach A\/S drives af t\u00f8mrermester og bygningskonstrukt\u00f8r Ask Arensbach og er en veletableret byggevirksomhed med base i \u00c5rhus. T\u00f8mrerfirmaet arbejder i det meste af \u00d8st- og Midtjylland og besk\u00e6ftiger 22 medarbejdere.<\/p>\n\n\n\n<div class=\"wp-block-image\"><figure class=\"aligncenter size-large\"><a href=\"https:\/\/www.arensbach.dk\"><img loading=\"lazy\" decoding=\"async\" width=\"680\" height=\"680\" src=\"https:\/\/niipit.dk\/arensbach\/wp-content\/uploads\/sites\/394\/2020\/01\/Arensbach-T\u00f8mrer-\u00c5rhus.jpg\" alt=\"Arensbach T\u00f8mrer \u00c5rhus\" class=\"wp-image-5952\" srcset=\"https:\/\/niipit.dk\/arensbach\/wp-content\/uploads\/sites\/394\/2020\/01\/Arensbach-T\u00f8mrer-\u00c5rhus.jpg 680w, https:\/\/niipit.dk\/arensbach\/wp-content\/uploads\/sites\/394\/2020\/01\/Arensbach-T\u00f8mrer-\u00c5rhus-300x300.jpg 300w, https:\/\/niipit.dk\/arensbach\/wp-content\/uploads\/sites\/394\/2020\/01\/Arensbach-T\u00f8mrer-\u00c5rhus-150x150.jpg 150w, https:\/\/niipit.dk\/arensbach\/wp-content\/uploads\/sites\/394\/2020\/01\/Arensbach-T\u00f8mrer-\u00c5rhus-600x600.jpg 600w, https:\/\/niipit.dk\/arensbach\/wp-content\/uploads\/sites\/394\/2020\/01\/Arensbach-T\u00f8mrer-\u00c5rhus-100x100.jpg 100w\" sizes=\"auto, (max-width: 680px) 100vw, 680px\" \/><\/a><\/figure><\/div>\n","protected":false},"excerpt":{"rendered":"<p>Ordentlighed, overholdte aftaler &amp; omhyggeligt h\u00e5ndv\u00e6rk Hos Arensbach arbejder vi ud fra disse tre principper: Ordentlighed: Vi agerer ordentligt og respektfuldt overfor vores relationer b\u00e5de internt og eksternt, vi tager vores opgaver seri\u00f8st og g\u00f8r den ekstra indsats for projektet.Vi er \u00e6rlige, vi tilbyder vores ansatte et sundt arbejdsmilj\u00f8 og de bedste forhold hvor intet <a class=\"moretag btn btn-primary\" href=\"https:\/\/niipit.dk\/arensbach\/\">L\u00e6s mere<\/a><\/p>\n","protected":false},"author":1,"featured_media":0,"parent":0,"menu_order":0,"comment_status":"closed","ping_status":"closed","template":"frontpagePremium.php","meta":{"_exactmetrics_skip_tracking":false,"_exactmetrics_sitenote_active":false,"_exactmetrics_sitenote_note":"","_exactmetrics_sitenote_category":0,"_monsterinsights_skip_tracking":false,"_monsterinsights_sitenote_active":false,"_monsterinsights_sitenote_note":"","_monsterinsights_sitenote_category":0,"footnotes":""},"class_list":["post-5064","page","type-page","status-publish","hentry"],"yoast_head":"<!-- This site is optimized with the Yoast SEO Premium plugin v16.3 (Yoast SEO v27.3) - https:\/\/yoast.com\/product\/yoast-seo-premium-wordpress\/ -->\n<title>Dit t\u00f8mrerfirma i \u00c5rhus \u276f\u276f\u276f Arensbach T\u00f8mrer og Entreprise A\/S<\/title>\n<meta name=\"description\" content=\"Arensbach T\u00f8mrer og Entreprise udf\u00f8rer alt indenfor t\u00f8mrerarbejde i \u00c5rhus og omegn \u2502 Medlem af Byg Garanti \u2502 Indhent et Gratis Tilbud p\u00e5 \u260e 28 83 65 11 \u27a4\" \/>\n<meta name=\"robots\" content=\"index, follow, max-snippet:-1, max-image-preview:large, max-video-preview:-1\" \/>\n<link rel=\"canonical\" href=\"https:\/\/niipit.dk\/arensbach\/\" \/>\n<meta property=\"og:locale\" content=\"da_DK\" \/>\n<meta property=\"og:type\" content=\"article\" \/>\n<meta property=\"og:title\" content=\"Dit t\u00f8mrerfirma i \u00c5rhus \u276f\u276f\u276f Arensbach T\u00f8mrer og Entreprise A\/S\" \/>\n<meta property=\"og:description\" content=\"Arensbach T\u00f8mrer og Entreprise udf\u00f8rer alt indenfor t\u00f8mrerarbejde i \u00c5rhus og omegn \u2502 Medlem af Byg Garanti \u2502 Indhent et Gratis Tilbud p\u00e5 \u260e 28 83 65 11 \u27a4\" \/>\n<meta property=\"og:url\" content=\"https:\/\/niipit.dk\/arensbach\/\" \/>\n<meta property=\"og:site_name\" content=\"Arensbach\" \/>\n<meta property=\"article:modified_time\" content=\"2020-01-28T14:49:31+00:00\" \/>\n<meta name=\"twitter:card\" content=\"summary_large_image\" \/>\n<meta name=\"twitter:label1\" content=\"Estimeret l\u00e6setid\" \/>\n\t<meta name=\"twitter:data1\" content=\"1 minut\" \/>\n<script type=\"application\/ld+json\" class=\"yoast-schema-graph\">{\"@context\":\"https:\\\/\\\/schema.org\",\"@graph\":[{\"@type\":\"WebPage\",\"@id\":\"https:\\\/\\\/niipit.dk\\\/arensbach\\\/\",\"url\":\"https:\\\/\\\/niipit.dk\\\/arensbach\\\/\",\"name\":\"Dit t\u00f8mrerfirma i \u00c5rhus \u276f\u276f\u276f Arensbach T\u00f8mrer og Entreprise A\\\/S\",\"isPartOf\":{\"@id\":\"https:\\\/\\\/niipit.dk\\\/arensbach\\\/#website\"},\"datePublished\":\"2018-08-10T20:29:34+00:00\",\"dateModified\":\"2020-01-28T14:49:31+00:00\",\"description\":\"Arensbach T\u00f8mrer og Entreprise udf\u00f8rer alt indenfor t\u00f8mrerarbejde i \u00c5rhus og omegn \u2502 Medlem af Byg Garanti \u2502 Indhent et Gratis Tilbud p\u00e5 \u260e 28 83 65 11 \u27a4\",\"breadcrumb\":{\"@id\":\"https:\\\/\\\/niipit.dk\\\/arensbach\\\/#breadcrumb\"},\"inLanguage\":\"da-DK\",\"potentialAction\":[{\"@type\":\"ReadAction\",\"target\":[\"https:\\\/\\\/niipit.dk\\\/arensbach\\\/\"]}]},{\"@type\":\"BreadcrumbList\",\"@id\":\"https:\\\/\\\/niipit.dk\\\/arensbach\\\/#breadcrumb\",\"itemListElement\":[{\"@type\":\"ListItem\",\"position\":1,\"name\":\"Hjem\",\"item\":\"https:\\\/\\\/niipit.dk\\\/arensbach\\\/\"},{\"@type\":\"ListItem\",\"position\":2,\"name\":\"Forside\"}]},{\"@type\":\"WebSite\",\"@id\":\"https:\\\/\\\/niipit.dk\\\/arensbach\\\/#website\",\"url\":\"https:\\\/\\\/niipit.dk\\\/arensbach\\\/\",\"name\":\"Arensbach\",\"description\":\"T\u00f8mrer \u00c5rhus | Kontakt Arensbach T\u00f8mrer og Entreprise i dag\",\"potentialAction\":[{\"@type\":\"SearchAction\",\"target\":{\"@type\":\"EntryPoint\",\"urlTemplate\":\"https:\\\/\\\/niipit.dk\\\/arensbach\\\/?s={search_term_string}\"},\"query-input\":{\"@type\":\"PropertyValueSpecification\",\"valueRequired\":true,\"valueName\":\"search_term_string\"}}],\"inLanguage\":\"da-DK\"}]}<\/script>\n<!-- \/ Yoast SEO Premium plugin. -->","yoast_head_json":{"title":"Dit t\u00f8mrerfirma i \u00c5rhus \u276f\u276f\u276f Arensbach T\u00f8mrer og Entreprise A\/S","description":"Arensbach T\u00f8mrer og Entreprise udf\u00f8rer alt indenfor t\u00f8mrerarbejde i \u00c5rhus og omegn \u2502 Medlem af Byg Garanti \u2502 Indhent et Gratis Tilbud p\u00e5 \u260e 28 83 65 11 \u27a4","robots":{"index":"index","follow":"follow","max-snippet":"max-snippet:-1","max-image-preview":"max-image-preview:large","max-video-preview":"max-video-preview:-1"},"canonical":"https:\/\/niipit.dk\/arensbach\/","og_locale":"da_DK","og_type":"article","og_title":"Dit t\u00f8mrerfirma i \u00c5rhus \u276f\u276f\u276f Arensbach T\u00f8mrer og Entreprise A\/S","og_description":"Arensbach T\u00f8mrer og Entreprise udf\u00f8rer alt indenfor t\u00f8mrerarbejde i \u00c5rhus og omegn \u2502 Medlem af Byg Garanti \u2502 Indhent et Gratis Tilbud p\u00e5 \u260e 28 83 65 11 \u27a4","og_url":"https:\/\/niipit.dk\/arensbach\/","og_site_name":"Arensbach","article_modified_time":"2020-01-28T14:49:31+00:00","twitter_card":"summary_large_image","twitter_misc":{"Estimeret l\u00e6setid":"1 minut"},"schema":{"@context":"https:\/\/schema.org","@graph":[{"@type":"WebPage","@id":"https:\/\/niipit.dk\/arensbach\/","url":"https:\/\/niipit.dk\/arensbach\/","name":"Dit t\u00f8mrerfirma i \u00c5rhus \u276f\u276f\u276f Arensbach T\u00f8mrer og Entreprise A\/S","isPartOf":{"@id":"https:\/\/niipit.dk\/arensbach\/#website"},"datePublished":"2018-08-10T20:29:34+00:00","dateModified":"2020-01-28T14:49:31+00:00","description":"Arensbach T\u00f8mrer og Entreprise udf\u00f8rer alt indenfor t\u00f8mrerarbejde i \u00c5rhus og omegn \u2502 Medlem af Byg Garanti \u2502 Indhent et Gratis Tilbud p\u00e5 \u260e 28 83 65 11 \u27a4","breadcrumb":{"@id":"https:\/\/niipit.dk\/arensbach\/#breadcrumb"},"inLanguage":"da-DK","potentialAction":[{"@type":"ReadAction","target":["https:\/\/niipit.dk\/arensbach\/"]}]},{"@type":"BreadcrumbList","@id":"https:\/\/niipit.dk\/arensbach\/#breadcrumb","itemListElement":[{"@type":"ListItem","position":1,"name":"Hjem","item":"https:\/\/niipit.dk\/arensbach\/"},{"@type":"ListItem","position":2,"name":"Forside"}]},{"@type":"WebSite","@id":"https:\/\/niipit.dk\/arensbach\/#website","url":"https:\/\/niipit.dk\/arensbach\/","name":"Arensbach","description":"T\u00f8mrer \u00c5rhus | Kontakt Arensbach T\u00f8mrer og Entreprise i dag","potentialAction":[{"@type":"SearchAction","target":{"@type":"EntryPoint","urlTemplate":"https:\/\/niipit.dk\/arensbach\/?s={search_term_string}"},"query-input":{"@type":"PropertyValueSpecification","valueRequired":true,"valueName":"search_term_string"}}],"inLanguage":"da-DK"}]}},"_links":{"self":[{"href":"https:\/\/niipit.dk\/arensbach\/wp-json\/wp\/v2\/pages\/5064","targetHints":{"allow":["GET"]}}],"collection":[{"href":"https:\/\/niipit.dk\/arensbach\/wp-json\/wp\/v2\/pages"}],"about":[{"href":"https:\/\/niipit.dk\/arensbach\/wp-json\/wp\/v2\/types\/page"}],"author":[{"embeddable":true,"href":"https:\/\/niipit.dk\/arensbach\/wp-json\/wp\/v2\/users\/1"}],"replies":[{"embeddable":true,"href":"https:\/\/niipit.dk\/arensbach\/wp-json\/wp\/v2\/comments?post=5064"}],"version-history":[{"count":0,"href":"https:\/\/niipit.dk\/arensbach\/wp-json\/wp\/v2\/pages\/5064\/revisions"}],"wp:attachment":[{"href":"https:\/\/niipit.dk\/arensbach\/wp-json\/wp\/v2\/media?parent=5064"}],"curies":[{"name":"wp","href":"https:\/\/api.w.org\/{rel}","templated":true}]}}