{"id":9250,"date":"2020-03-06T08:53:01","date_gmt":"2020-03-06T07:53:01","guid":{"rendered":"https:\/\/niipit.dk\/ansigtsmaling\/?post_type=product&#038;p=9250"},"modified":"2022-05-25T11:51:49","modified_gmt":"2022-05-25T09:51:49","slug":"ansigtsmaling-til-barnedaab","status":"publish","type":"product","link":"https:\/\/niipit.dk\/ansigtsmaling\/produkt\/ansigtsmaling-til-barnedaab\/","title":{"rendered":"Ansigtsmaling til Barned\u00e5b"},"content":{"rendered":"<h1>Ansigtsmaling til Barned\u00e5b<\/h1>\n<h2>Fork\u00e6l familie og venners b\u00f8rn med en professionel <a href=\"http:\/\/www.colorfulfaces.dk\">ansigtsmaler<\/a> som kommer til jer og maler farverige tiger, sommerfugle og actionhelte.<\/h2>\n<p>Ansigtsmaling til Barned\u00e5b &#8211;\u00a0 hvor Tina underholder b\u00f8rnene med ansigtsmaling i 2 timer.<\/p>\n<h3>Ansigtsmaling til Barned\u00e5b<\/h3>\n<p>St\u00e5r du og dr\u00f8mmer om at holde den fineste barned\u00e5b for dit nyeste medlem af familien, s\u00e5 hj\u00e6lper jeg med kreativiteten og med masser af id\u00e9er til enten lette eller mere farverige ansigtsmalinger, skulle du have lyst til at virkelig give udtryk for k\u00f8nnet s\u00e5 kan der males i helt lyser\u00f8de toner eller baby bl\u00e5 farver det er helt op til dig.<\/p>\n<p>Det er klart nemme at underholde b\u00f8rnene til festen med professionel ansigtsmaling, s\u00e5ledes f\u00e5r du tid til at hygge omkring dine g\u00e6ster med glade og smilende b\u00f8rn.<\/p>\n<p>Har du mod p\u00e5 at v\u00e6re lidt mere kreativ s\u00e5 kan vi lade det v\u00e6re op til b\u00f8rnene hvad de \u00f8nsker at blive malet som p\u00e5 dagen, jeg vil selvf\u00f8lgelig v\u00e6re behj\u00e6lpelig med at matche farverne til deres i forvejen fine t\u00f8j, s\u00e5ledes f\u00e5r b\u00f8rnene en sk\u00f8n underholdning og I f\u00e5r dejlige billeder og minder fra jeres store dag.<\/p>\n<p><strong>Barned\u00e5bs pynt:<\/strong><\/p>\n<p>For at g\u00f8re den klassiske barned\u00e5b lidt sjovere s\u00e5 kan du her v\u00e6lge at pifte den op med professionel &#8220;pynt&#8221; som lige giver den sidste accessories til de i forvejen malede b\u00f8rn, det er et hit blandt de mindste og lidt st\u00f8rre.<\/p>\n<p><a href=\"https:\/\/niipit.dk\/ansigtsmaling\/produkt\/accessories-til-ansigtsmaling-tilvalg-pr-stk\/\">Denne pris er uden Accessories det skal bestilles udover.<\/a><\/p>\n<p>Prisen vises inkl moms.<br \/>\n<a href=\"https:\/\/niipit.dk\/ansigtsmaling\/handelsbetingelser\/\">L\u00e6s gerne mine handelsbetingelser inden du bestiller.<\/a><\/p>\n<p><a href=\"https:\/\/niipit.dk\/ansigtsmaling\/kontakt\/\">Har du husket at booke tid f\u00f8r du betaler? ellers klik her.<\/a><\/p>\n","protected":false},"excerpt":{"rendered":"<p>Ansigtsmaling til Barned\u00e5b Fork\u00e6l familie og venners b\u00f8rn med en professionel ansigtsmaler som kommer til jer og maler farverige tiger, sommerfugle og actionhelte. Ansigtsmaling til Barned\u00e5b &#8211;\u00a0 hvor Tina underholder b\u00f8rnene med ansigtsmaling i 2 timer. Ansigtsmaling til Barned\u00e5b St\u00e5r du og dr\u00f8mmer om at holde den fineste barned\u00e5b for dit nyeste medlem af familien, <a class=\"moretag btn btn-primary\" href=\"https:\/\/niipit.dk\/ansigtsmaling\/produkt\/ansigtsmaling-til-barnedaab\/\">L\u00e6s mere<\/a><\/p>\n","protected":false},"featured_media":10608,"template":"","meta":{"_exactmetrics_skip_tracking":false,"_exactmetrics_sitenote_active":false,"_exactmetrics_sitenote_note":"","_exactmetrics_sitenote_category":0,"_monsterinsights_skip_tracking":false,"_monsterinsights_sitenote_active":false,"_monsterinsights_sitenote_note":"","_monsterinsights_sitenote_category":0},"product_brand":[],"product_cat":[2192],"product_tag":[],"shoptype":[],"class_list":{"0":"post-9250","1":"product","2":"type-product","3":"status-publish","4":"has-post-thumbnail","6":"product_cat-for-private","8":"first","9":"instock","10":"shipping-taxable","11":"purchasable","12":"product-type-simple"},"yoast_head":"<!-- This site is optimized with the Yoast SEO plugin v27.3 - https:\/\/yoast.com\/product\/yoast-seo-wordpress\/ -->\n<title>Ansigtsmaling til Barned\u00e5b \u2764\ufe0e Bestil ansigtsmaler \u260f 2299 6808<\/title>\n<meta name=\"description\" content=\"Ansigtsmaling til Barned\u00e5b \u2764\ufe0e Dr\u00f8mmer om at holde den fineste og sjoveste barned\u00e5b for familien \u2764\ufe0e Ansigtsmaler Tina Henriksen k\u00f8re ud p\u00e5 hele sj\u00e6lland \u2764\ufe0e\" \/>\n<meta name=\"robots\" content=\"index, follow, max-snippet:-1, max-image-preview:large, max-video-preview:-1\" \/>\n<link rel=\"canonical\" href=\"https:\/\/niipit.dk\/ansigtsmaling\/produkt\/ansigtsmaling-til-barnedaab\/\" \/>\n<meta property=\"og:locale\" content=\"da_DK\" \/>\n<meta property=\"og:type\" content=\"article\" \/>\n<meta property=\"og:title\" content=\"Ansigtsmaling til Barned\u00e5b \u2764\ufe0e Bestil ansigtsmaler \u260f 2299 6808\" \/>\n<meta property=\"og:description\" content=\"Ansigtsmaling til Barned\u00e5b \u2764\ufe0e Dr\u00f8mmer om at holde den fineste og sjoveste barned\u00e5b for familien \u2764\ufe0e Ansigtsmaler Tina Henriksen k\u00f8re ud p\u00e5 hele sj\u00e6lland \u2764\ufe0e\" \/>\n<meta property=\"og:url\" content=\"https:\/\/niipit.dk\/ansigtsmaling\/produkt\/ansigtsmaling-til-barnedaab\/\" \/>\n<meta property=\"og:site_name\" content=\"Ansigtsmaling\" \/>\n<meta property=\"article:modified_time\" content=\"2022-05-25T09:51:49+00:00\" \/>\n<meta name=\"twitter:card\" content=\"summary_large_image\" \/>\n<meta name=\"twitter:image\" content=\"https:\/\/niipit.dk\/ansigtsmaling\/wp-content\/uploads\/sites\/215\/2022\/02\/Ansigtsmaling-boernefbodselsdag-priser.jpg\" \/>\n<meta name=\"twitter:label1\" content=\"Estimeret l\u00e6setid\" \/>\n\t<meta name=\"twitter:data1\" content=\"2 minutter\" \/>\n<script type=\"application\/ld+json\" class=\"yoast-schema-graph\">{\"@context\":\"https:\\\/\\\/schema.org\",\"@graph\":[{\"@type\":\"WebPage\",\"@id\":\"https:\\\/\\\/niipit.dk\\\/ansigtsmaling\\\/produkt\\\/ansigtsmaling-til-barnedaab\\\/\",\"url\":\"https:\\\/\\\/niipit.dk\\\/ansigtsmaling\\\/produkt\\\/ansigtsmaling-til-barnedaab\\\/\",\"name\":\"Ansigtsmaling til Barned\u00e5b \u2764\ufe0e Bestil ansigtsmaler \u260f 2299 6808\",\"isPartOf\":{\"@id\":\"https:\\\/\\\/niipit.dk\\\/ansigtsmaling\\\/#website\"},\"primaryImageOfPage\":{\"@id\":\"https:\\\/\\\/niipit.dk\\\/ansigtsmaling\\\/produkt\\\/ansigtsmaling-til-barnedaab\\\/#primaryimage\"},\"image\":{\"@id\":\"https:\\\/\\\/niipit.dk\\\/ansigtsmaling\\\/produkt\\\/ansigtsmaling-til-barnedaab\\\/#primaryimage\"},\"thumbnailUrl\":\"https:\\\/\\\/niipit.dk\\\/ansigtsmaling\\\/wp-content\\\/uploads\\\/sites\\\/215\\\/2022\\\/02\\\/Ansigtsmaling-boernefbodselsdag-priser.jpg\",\"datePublished\":\"2020-03-06T07:53:01+00:00\",\"dateModified\":\"2022-05-25T09:51:49+00:00\",\"description\":\"Ansigtsmaling til Barned\u00e5b \u2764\ufe0e Dr\u00f8mmer om at holde den fineste og sjoveste barned\u00e5b for familien \u2764\ufe0e Ansigtsmaler Tina Henriksen k\u00f8re ud p\u00e5 hele sj\u00e6lland \u2764\ufe0e\",\"breadcrumb\":{\"@id\":\"https:\\\/\\\/niipit.dk\\\/ansigtsmaling\\\/produkt\\\/ansigtsmaling-til-barnedaab\\\/#breadcrumb\"},\"inLanguage\":\"da-DK\",\"potentialAction\":[{\"@type\":\"ReadAction\",\"target\":[\"https:\\\/\\\/niipit.dk\\\/ansigtsmaling\\\/produkt\\\/ansigtsmaling-til-barnedaab\\\/\"]}]},{\"@type\":\"ImageObject\",\"inLanguage\":\"da-DK\",\"@id\":\"https:\\\/\\\/niipit.dk\\\/ansigtsmaling\\\/produkt\\\/ansigtsmaling-til-barnedaab\\\/#primaryimage\",\"url\":\"https:\\\/\\\/niipit.dk\\\/ansigtsmaling\\\/wp-content\\\/uploads\\\/sites\\\/215\\\/2022\\\/02\\\/Ansigtsmaling-boernefbodselsdag-priser.jpg\",\"contentUrl\":\"https:\\\/\\\/niipit.dk\\\/ansigtsmaling\\\/wp-content\\\/uploads\\\/sites\\\/215\\\/2022\\\/02\\\/Ansigtsmaling-boernefbodselsdag-priser.jpg\",\"width\":1080,\"height\":1080,\"caption\":\"colorful-faces-ansigtsmaling-boerne-fest\"},{\"@type\":\"BreadcrumbList\",\"@id\":\"https:\\\/\\\/niipit.dk\\\/ansigtsmaling\\\/produkt\\\/ansigtsmaling-til-barnedaab\\\/#breadcrumb\",\"itemListElement\":[{\"@type\":\"ListItem\",\"position\":1,\"name\":\"Hjem\",\"item\":\"https:\\\/\\\/niipit.dk\\\/ansigtsmaling\\\/\"},{\"@type\":\"ListItem\",\"position\":2,\"name\":\"Shop\",\"item\":\"https:\\\/\\\/niipit.dk\\\/ansigtsmaling\\\/shop\\\/\"},{\"@type\":\"ListItem\",\"position\":3,\"name\":\"Ansigtsmaling til Barned\u00e5b\"}]},{\"@type\":\"WebSite\",\"@id\":\"https:\\\/\\\/niipit.dk\\\/ansigtsmaling\\\/#website\",\"url\":\"https:\\\/\\\/niipit.dk\\\/ansigtsmaling\\\/\",\"name\":\"Ansigtsmaling\",\"description\":\"S\u00e6tter smil p\u00e5 ansigter. www.colorfulfaces.dk\",\"potentialAction\":[{\"@type\":\"SearchAction\",\"target\":{\"@type\":\"EntryPoint\",\"urlTemplate\":\"https:\\\/\\\/niipit.dk\\\/ansigtsmaling\\\/?s={search_term_string}\"},\"query-input\":{\"@type\":\"PropertyValueSpecification\",\"valueRequired\":true,\"valueName\":\"search_term_string\"}}],\"inLanguage\":\"da-DK\"}]}<\/script>\n<!-- \/ Yoast SEO plugin. -->","yoast_head_json":{"title":"Ansigtsmaling til Barned\u00e5b \u2764\ufe0e Bestil ansigtsmaler \u260f 2299 6808","description":"Ansigtsmaling til Barned\u00e5b \u2764\ufe0e Dr\u00f8mmer om at holde den fineste og sjoveste barned\u00e5b for familien \u2764\ufe0e Ansigtsmaler Tina Henriksen k\u00f8re ud p\u00e5 hele sj\u00e6lland \u2764\ufe0e","robots":{"index":"index","follow":"follow","max-snippet":"max-snippet:-1","max-image-preview":"max-image-preview:large","max-video-preview":"max-video-preview:-1"},"canonical":"https:\/\/niipit.dk\/ansigtsmaling\/produkt\/ansigtsmaling-til-barnedaab\/","og_locale":"da_DK","og_type":"article","og_title":"Ansigtsmaling til Barned\u00e5b \u2764\ufe0e Bestil ansigtsmaler \u260f 2299 6808","og_description":"Ansigtsmaling til Barned\u00e5b \u2764\ufe0e Dr\u00f8mmer om at holde den fineste og sjoveste barned\u00e5b for familien \u2764\ufe0e Ansigtsmaler Tina Henriksen k\u00f8re ud p\u00e5 hele sj\u00e6lland \u2764\ufe0e","og_url":"https:\/\/niipit.dk\/ansigtsmaling\/produkt\/ansigtsmaling-til-barnedaab\/","og_site_name":"Ansigtsmaling","article_modified_time":"2022-05-25T09:51:49+00:00","twitter_card":"summary_large_image","twitter_image":"https:\/\/niipit.dk\/ansigtsmaling\/wp-content\/uploads\/sites\/215\/2022\/02\/Ansigtsmaling-boernefbodselsdag-priser.jpg","twitter_misc":{"Estimeret l\u00e6setid":"2 minutter"},"schema":{"@context":"https:\/\/schema.org","@graph":[{"@type":"WebPage","@id":"https:\/\/niipit.dk\/ansigtsmaling\/produkt\/ansigtsmaling-til-barnedaab\/","url":"https:\/\/niipit.dk\/ansigtsmaling\/produkt\/ansigtsmaling-til-barnedaab\/","name":"Ansigtsmaling til Barned\u00e5b \u2764\ufe0e Bestil ansigtsmaler \u260f 2299 6808","isPartOf":{"@id":"https:\/\/niipit.dk\/ansigtsmaling\/#website"},"primaryImageOfPage":{"@id":"https:\/\/niipit.dk\/ansigtsmaling\/produkt\/ansigtsmaling-til-barnedaab\/#primaryimage"},"image":{"@id":"https:\/\/niipit.dk\/ansigtsmaling\/produkt\/ansigtsmaling-til-barnedaab\/#primaryimage"},"thumbnailUrl":"https:\/\/niipit.dk\/ansigtsmaling\/wp-content\/uploads\/sites\/215\/2022\/02\/Ansigtsmaling-boernefbodselsdag-priser.jpg","datePublished":"2020-03-06T07:53:01+00:00","dateModified":"2022-05-25T09:51:49+00:00","description":"Ansigtsmaling til Barned\u00e5b \u2764\ufe0e Dr\u00f8mmer om at holde den fineste og sjoveste barned\u00e5b for familien \u2764\ufe0e Ansigtsmaler Tina Henriksen k\u00f8re ud p\u00e5 hele sj\u00e6lland \u2764\ufe0e","breadcrumb":{"@id":"https:\/\/niipit.dk\/ansigtsmaling\/produkt\/ansigtsmaling-til-barnedaab\/#breadcrumb"},"inLanguage":"da-DK","potentialAction":[{"@type":"ReadAction","target":["https:\/\/niipit.dk\/ansigtsmaling\/produkt\/ansigtsmaling-til-barnedaab\/"]}]},{"@type":"ImageObject","inLanguage":"da-DK","@id":"https:\/\/niipit.dk\/ansigtsmaling\/produkt\/ansigtsmaling-til-barnedaab\/#primaryimage","url":"https:\/\/niipit.dk\/ansigtsmaling\/wp-content\/uploads\/sites\/215\/2022\/02\/Ansigtsmaling-boernefbodselsdag-priser.jpg","contentUrl":"https:\/\/niipit.dk\/ansigtsmaling\/wp-content\/uploads\/sites\/215\/2022\/02\/Ansigtsmaling-boernefbodselsdag-priser.jpg","width":1080,"height":1080,"caption":"colorful-faces-ansigtsmaling-boerne-fest"},{"@type":"BreadcrumbList","@id":"https:\/\/niipit.dk\/ansigtsmaling\/produkt\/ansigtsmaling-til-barnedaab\/#breadcrumb","itemListElement":[{"@type":"ListItem","position":1,"name":"Hjem","item":"https:\/\/niipit.dk\/ansigtsmaling\/"},{"@type":"ListItem","position":2,"name":"Shop","item":"https:\/\/niipit.dk\/ansigtsmaling\/shop\/"},{"@type":"ListItem","position":3,"name":"Ansigtsmaling til Barned\u00e5b"}]},{"@type":"WebSite","@id":"https:\/\/niipit.dk\/ansigtsmaling\/#website","url":"https:\/\/niipit.dk\/ansigtsmaling\/","name":"Ansigtsmaling","description":"S\u00e6tter smil p\u00e5 ansigter. www.colorfulfaces.dk","potentialAction":[{"@type":"SearchAction","target":{"@type":"EntryPoint","urlTemplate":"https:\/\/niipit.dk\/ansigtsmaling\/?s={search_term_string}"},"query-input":{"@type":"PropertyValueSpecification","valueRequired":true,"valueName":"search_term_string"}}],"inLanguage":"da-DK"}]}},"_links":{"self":[{"href":"https:\/\/niipit.dk\/ansigtsmaling\/wp-json\/wp\/v2\/product\/9250","targetHints":{"allow":["GET"]}}],"collection":[{"href":"https:\/\/niipit.dk\/ansigtsmaling\/wp-json\/wp\/v2\/product"}],"about":[{"href":"https:\/\/niipit.dk\/ansigtsmaling\/wp-json\/wp\/v2\/types\/product"}],"wp:featuredmedia":[{"embeddable":true,"href":"https:\/\/niipit.dk\/ansigtsmaling\/wp-json\/wp\/v2\/media\/10608"}],"wp:attachment":[{"href":"https:\/\/niipit.dk\/ansigtsmaling\/wp-json\/wp\/v2\/media?parent=9250"}],"wp:term":[{"taxonomy":"product_brand","embeddable":true,"href":"https:\/\/niipit.dk\/ansigtsmaling\/wp-json\/wp\/v2\/product_brand?post=9250"},{"taxonomy":"product_cat","embeddable":true,"href":"https:\/\/niipit.dk\/ansigtsmaling\/wp-json\/wp\/v2\/product_cat?post=9250"},{"taxonomy":"product_tag","embeddable":true,"href":"https:\/\/niipit.dk\/ansigtsmaling\/wp-json\/wp\/v2\/product_tag?post=9250"},{"taxonomy":"shoptype","embeddable":true,"href":"https:\/\/niipit.dk\/ansigtsmaling\/wp-json\/wp\/v2\/shoptype?post=9250"}],"curies":[{"name":"wp","href":"https:\/\/api.w.org\/{rel}","templated":true}]}}