{"id":8096,"date":"2020-01-27T14:05:50","date_gmt":"2020-01-27T13:05:50","guid":{"rendered":"https:\/\/niipit.dk\/ansigtsmaling\/?post_type=product&#038;p=8096"},"modified":"2022-01-27T14:14:15","modified_gmt":"2022-01-27T13:14:15","slug":"ansigtsmaling-til-erhverv-4-timer","status":"publish","type":"product","link":"https:\/\/niipit.dk\/ansigtsmaling\/produkt\/ansigtsmaling-til-erhverv-4-timer\/","title":{"rendered":"Ansigtsmaling til Erhverv 4 timer"},"content":{"rendered":"<h1>Ansigtsmaling til Erhverv 4 timer<\/h1>\n<h2>Ansigtsmaling er super popul\u00e6rt med flotte professionelle farver og vellignende motiver b\u00e5de til piger og drenge.<\/h2>\n<p><a href=\"http:\/\/www.colorfulfaces.dk\">Ansigtsmaling<\/a> til Erhverv 4 timer best\u00e5r af:<br \/>\nArrangement p\u00e5 fire timer, her kan der males op til 46 b\u00f8rn<\/p>\n<p><a href=\"https:\/\/niipit.dk\/ansigtsmaling\/produkt\/accessories-til-ansigtsmaling-tilvalg-pr-stk\/\">Denne pris er uden Accessories det skal bestilles udover.<\/a><\/p>\n<p>Har i \u00e5bent hus-arrangement, jubil\u00e6um eller m\u00e5ske f\u00f8dselsdag og har I allerede bestilt hoppeborg, tryllekunstner og p\u00f8lsevogn s\u00e5 er det \u201dprikken over \u00ed\u201d at tilf\u00f8je en professionel ansigtsmaler.<\/p>\n<p>Vi kan p\u00e5 forh\u00e5nd bestemme motiver til dagen eller der kan bestilles logo stencils s\u00e5ledes at jeres event bliver et hundrede procent m\u00e5lrettet og tilpasset jeres temadag.<\/p>\n<p>B\u00f8rn som har det sjov vil automatisk tiltr\u00e6kke flere mennesker, og det helt fantastiske er at ansigtsmalingen kan tilpasses p\u00e5 dagen, s\u00e5ledes at alle enten f\u00e5r en mindre makeup eller jeres super fantastisk logo p\u00e5 kinden.<\/p>\n<h2>For\u00e6ldrene&#8230;<\/h2>\n<p>For\u00e6ldre der f\u00f8ler at deres b\u00f8rn er i trygge rammer har mere tid og lyst til at deltage i jeres arrangement og med en topprofessionel ansigtsmaler som underholder b\u00f8rnene, har I mere tid til at tale og hygge om for\u00e6ldrene.<\/p>\n<p>Super egnet til b\u00e5de udend\u00f8rs samt indend\u00f8rs event. Vi kan sammen tilpasse de forskellige muligheder s\u00e5ledes at alt g\u00e5r op i en h\u00f8jere enhed p\u00e5 dagen.<\/p>\n<p>B\u00f8rnene g\u00e5r h\u00f8jst sandsynligt hjem med en logo ballon og et smukt minde p\u00e5 deres smilende ansigter og dagen bliver husket som noget helt s\u00e6rligt.<\/p>\n<h3>Glade b\u00f8rn er velforn\u00f8jet for\u00e6ldre.<\/h3>\n<p>&nbsp;<\/p>\n<p>Prisen vises inkl moms ved bestillingen.<br \/>\n3.825,- ex Moms<br \/>\n956- 25% moms<br \/>\n4.781,-\u00a0 kroner i alt<br \/>\n<a href=\"https:\/\/niipit.dk\/ansigtsmaling\/handelsbetingelser\/\">L\u00e6s gerne mine handelsbetingelser inden du bestiller.<\/a><\/p>\n<p><a href=\"https:\/\/niipit.dk\/ansigtsmaling\/kontakt\/\">Har du husket at booke tid f\u00f8r du betaler? ellers klik her.<\/a><\/p>\n","protected":false},"excerpt":{"rendered":"<p>Ansigtsmaling til Erhverv 4 timer Ansigtsmaling er super popul\u00e6rt med flotte professionelle farver og vellignende motiver b\u00e5de til piger og drenge. Ansigtsmaling til Erhverv 4 timer best\u00e5r af: Arrangement p\u00e5 fire timer, her kan der males op til 46 b\u00f8rn Denne pris er uden Accessories det skal bestilles udover. Har i \u00e5bent hus-arrangement, jubil\u00e6um eller <a class=\"moretag btn btn-primary\" href=\"https:\/\/niipit.dk\/ansigtsmaling\/produkt\/ansigtsmaling-til-erhverv-4-timer\/\">L\u00e6s mere<\/a><\/p>\n","protected":false},"featured_media":10448,"template":"","meta":{"_exactmetrics_skip_tracking":false,"_exactmetrics_sitenote_active":false,"_exactmetrics_sitenote_note":"","_exactmetrics_sitenote_category":0,"_monsterinsights_skip_tracking":false,"_monsterinsights_sitenote_active":false,"_monsterinsights_sitenote_note":"","_monsterinsights_sitenote_category":0},"product_brand":[],"product_cat":[2193],"product_tag":[],"shoptype":[],"class_list":{"0":"post-8096","1":"product","2":"type-product","3":"status-publish","4":"has-post-thumbnail","6":"product_cat-for-erhverv","8":"first","9":"instock","10":"shipping-taxable","11":"purchasable","12":"product-type-simple"},"yoast_head":"<!-- This site is optimized with the Yoast SEO plugin v27.3 - https:\/\/yoast.com\/product\/yoast-seo-wordpress\/ -->\n<title>Ansigtsmaling til Erhverv 4 timer Op til 46 b\u00f8rn fra kr. 3.825,-<\/title>\n<meta name=\"description\" content=\"Ansigtsmaling til Erhverv 4 timer | \u00c5bent hus | Jubil\u00e6um | Ejendomsm\u00e6gler | Bilforhandler | Tid til salg | Jeg d\u00e6kker Sj\u00e6lland | Book en ansigtsmaler \u27a4\u27a4\u27a4\" \/>\n<meta name=\"robots\" content=\"index, follow, max-snippet:-1, max-image-preview:large, max-video-preview:-1\" \/>\n<link rel=\"canonical\" href=\"https:\/\/niipit.dk\/ansigtsmaling\/produkt\/ansigtsmaling-til-erhverv-4-timer\/\" \/>\n<meta property=\"og:locale\" content=\"da_DK\" \/>\n<meta property=\"og:type\" content=\"article\" \/>\n<meta property=\"og:title\" content=\"Ansigtsmaling til Erhverv 4 timer Op til 46 b\u00f8rn fra kr. 3.825,-\" \/>\n<meta property=\"og:description\" content=\"Ansigtsmaling til Erhverv 4 timer | \u00c5bent hus | Jubil\u00e6um | Ejendomsm\u00e6gler | Bilforhandler | Tid til salg | Jeg d\u00e6kker Sj\u00e6lland | Book en ansigtsmaler \u27a4\u27a4\u27a4\" \/>\n<meta property=\"og:url\" content=\"https:\/\/niipit.dk\/ansigtsmaling\/produkt\/ansigtsmaling-til-erhverv-4-timer\/\" \/>\n<meta property=\"og:site_name\" content=\"Ansigtsmaling\" \/>\n<meta property=\"article:modified_time\" content=\"2022-01-27T13:14:15+00:00\" \/>\n<meta name=\"twitter:card\" content=\"summary_large_image\" \/>\n<meta name=\"twitter:image\" content=\"https:\/\/niipit.dk\/ansigtsmaling\/wp-content\/uploads\/sites\/215\/2020\/01\/Ansigtsmaling-erhverv-3-shop.jpg\" \/>\n<meta name=\"twitter:label1\" content=\"Estimeret l\u00e6setid\" \/>\n\t<meta name=\"twitter:data1\" content=\"2 minutter\" \/>\n<script type=\"application\/ld+json\" class=\"yoast-schema-graph\">{\"@context\":\"https:\\\/\\\/schema.org\",\"@graph\":[{\"@type\":\"WebPage\",\"@id\":\"https:\\\/\\\/niipit.dk\\\/ansigtsmaling\\\/produkt\\\/ansigtsmaling-til-erhverv-4-timer\\\/\",\"url\":\"https:\\\/\\\/niipit.dk\\\/ansigtsmaling\\\/produkt\\\/ansigtsmaling-til-erhverv-4-timer\\\/\",\"name\":\"Ansigtsmaling til Erhverv 4 timer Op til 46 b\u00f8rn fra kr. 3.825,-\",\"isPartOf\":{\"@id\":\"https:\\\/\\\/niipit.dk\\\/ansigtsmaling\\\/#website\"},\"primaryImageOfPage\":{\"@id\":\"https:\\\/\\\/niipit.dk\\\/ansigtsmaling\\\/produkt\\\/ansigtsmaling-til-erhverv-4-timer\\\/#primaryimage\"},\"image\":{\"@id\":\"https:\\\/\\\/niipit.dk\\\/ansigtsmaling\\\/produkt\\\/ansigtsmaling-til-erhverv-4-timer\\\/#primaryimage\"},\"thumbnailUrl\":\"https:\\\/\\\/niipit.dk\\\/ansigtsmaling\\\/wp-content\\\/uploads\\\/sites\\\/215\\\/2020\\\/01\\\/Ansigtsmaling-erhverv-3-shop.jpg\",\"datePublished\":\"2020-01-27T13:05:50+00:00\",\"dateModified\":\"2022-01-27T13:14:15+00:00\",\"description\":\"Ansigtsmaling til Erhverv 4 timer | \u00c5bent hus | Jubil\u00e6um | Ejendomsm\u00e6gler | Bilforhandler | Tid til salg | Jeg d\u00e6kker Sj\u00e6lland | Book en ansigtsmaler \u27a4\u27a4\u27a4\",\"breadcrumb\":{\"@id\":\"https:\\\/\\\/niipit.dk\\\/ansigtsmaling\\\/produkt\\\/ansigtsmaling-til-erhverv-4-timer\\\/#breadcrumb\"},\"inLanguage\":\"da-DK\",\"potentialAction\":[{\"@type\":\"ReadAction\",\"target\":[\"https:\\\/\\\/niipit.dk\\\/ansigtsmaling\\\/produkt\\\/ansigtsmaling-til-erhverv-4-timer\\\/\"]}]},{\"@type\":\"ImageObject\",\"inLanguage\":\"da-DK\",\"@id\":\"https:\\\/\\\/niipit.dk\\\/ansigtsmaling\\\/produkt\\\/ansigtsmaling-til-erhverv-4-timer\\\/#primaryimage\",\"url\":\"https:\\\/\\\/niipit.dk\\\/ansigtsmaling\\\/wp-content\\\/uploads\\\/sites\\\/215\\\/2020\\\/01\\\/Ansigtsmaling-erhverv-3-shop.jpg\",\"contentUrl\":\"https:\\\/\\\/niipit.dk\\\/ansigtsmaling\\\/wp-content\\\/uploads\\\/sites\\\/215\\\/2020\\\/01\\\/Ansigtsmaling-erhverv-3-shop.jpg\",\"width\":1080,\"height\":1080,\"caption\":\"Ansigtsmaling-erhverv-3-shop\"},{\"@type\":\"BreadcrumbList\",\"@id\":\"https:\\\/\\\/niipit.dk\\\/ansigtsmaling\\\/produkt\\\/ansigtsmaling-til-erhverv-4-timer\\\/#breadcrumb\",\"itemListElement\":[{\"@type\":\"ListItem\",\"position\":1,\"name\":\"Hjem\",\"item\":\"https:\\\/\\\/niipit.dk\\\/ansigtsmaling\\\/\"},{\"@type\":\"ListItem\",\"position\":2,\"name\":\"Shop\",\"item\":\"https:\\\/\\\/niipit.dk\\\/ansigtsmaling\\\/shop\\\/\"},{\"@type\":\"ListItem\",\"position\":3,\"name\":\"Ansigtsmaling til Erhverv 4 timer\"}]},{\"@type\":\"WebSite\",\"@id\":\"https:\\\/\\\/niipit.dk\\\/ansigtsmaling\\\/#website\",\"url\":\"https:\\\/\\\/niipit.dk\\\/ansigtsmaling\\\/\",\"name\":\"Ansigtsmaling\",\"description\":\"S\u00e6tter smil p\u00e5 ansigter. www.colorfulfaces.dk\",\"potentialAction\":[{\"@type\":\"SearchAction\",\"target\":{\"@type\":\"EntryPoint\",\"urlTemplate\":\"https:\\\/\\\/niipit.dk\\\/ansigtsmaling\\\/?s={search_term_string}\"},\"query-input\":{\"@type\":\"PropertyValueSpecification\",\"valueRequired\":true,\"valueName\":\"search_term_string\"}}],\"inLanguage\":\"da-DK\"}]}<\/script>\n<!-- \/ Yoast SEO plugin. -->","yoast_head_json":{"title":"Ansigtsmaling til Erhverv 4 timer Op til 46 b\u00f8rn fra kr. 3.825,-","description":"Ansigtsmaling til Erhverv 4 timer | \u00c5bent hus | Jubil\u00e6um | Ejendomsm\u00e6gler | Bilforhandler | Tid til salg | Jeg d\u00e6kker Sj\u00e6lland | Book en ansigtsmaler \u27a4\u27a4\u27a4","robots":{"index":"index","follow":"follow","max-snippet":"max-snippet:-1","max-image-preview":"max-image-preview:large","max-video-preview":"max-video-preview:-1"},"canonical":"https:\/\/niipit.dk\/ansigtsmaling\/produkt\/ansigtsmaling-til-erhverv-4-timer\/","og_locale":"da_DK","og_type":"article","og_title":"Ansigtsmaling til Erhverv 4 timer Op til 46 b\u00f8rn fra kr. 3.825,-","og_description":"Ansigtsmaling til Erhverv 4 timer | \u00c5bent hus | Jubil\u00e6um | Ejendomsm\u00e6gler | Bilforhandler | Tid til salg | Jeg d\u00e6kker Sj\u00e6lland | Book en ansigtsmaler \u27a4\u27a4\u27a4","og_url":"https:\/\/niipit.dk\/ansigtsmaling\/produkt\/ansigtsmaling-til-erhverv-4-timer\/","og_site_name":"Ansigtsmaling","article_modified_time":"2022-01-27T13:14:15+00:00","twitter_card":"summary_large_image","twitter_image":"https:\/\/niipit.dk\/ansigtsmaling\/wp-content\/uploads\/sites\/215\/2020\/01\/Ansigtsmaling-erhverv-3-shop.jpg","twitter_misc":{"Estimeret l\u00e6setid":"2 minutter"},"schema":{"@context":"https:\/\/schema.org","@graph":[{"@type":"WebPage","@id":"https:\/\/niipit.dk\/ansigtsmaling\/produkt\/ansigtsmaling-til-erhverv-4-timer\/","url":"https:\/\/niipit.dk\/ansigtsmaling\/produkt\/ansigtsmaling-til-erhverv-4-timer\/","name":"Ansigtsmaling til Erhverv 4 timer Op til 46 b\u00f8rn fra kr. 3.825,-","isPartOf":{"@id":"https:\/\/niipit.dk\/ansigtsmaling\/#website"},"primaryImageOfPage":{"@id":"https:\/\/niipit.dk\/ansigtsmaling\/produkt\/ansigtsmaling-til-erhverv-4-timer\/#primaryimage"},"image":{"@id":"https:\/\/niipit.dk\/ansigtsmaling\/produkt\/ansigtsmaling-til-erhverv-4-timer\/#primaryimage"},"thumbnailUrl":"https:\/\/niipit.dk\/ansigtsmaling\/wp-content\/uploads\/sites\/215\/2020\/01\/Ansigtsmaling-erhverv-3-shop.jpg","datePublished":"2020-01-27T13:05:50+00:00","dateModified":"2022-01-27T13:14:15+00:00","description":"Ansigtsmaling til Erhverv 4 timer | \u00c5bent hus | Jubil\u00e6um | Ejendomsm\u00e6gler | Bilforhandler | Tid til salg | Jeg d\u00e6kker Sj\u00e6lland | Book en ansigtsmaler \u27a4\u27a4\u27a4","breadcrumb":{"@id":"https:\/\/niipit.dk\/ansigtsmaling\/produkt\/ansigtsmaling-til-erhverv-4-timer\/#breadcrumb"},"inLanguage":"da-DK","potentialAction":[{"@type":"ReadAction","target":["https:\/\/niipit.dk\/ansigtsmaling\/produkt\/ansigtsmaling-til-erhverv-4-timer\/"]}]},{"@type":"ImageObject","inLanguage":"da-DK","@id":"https:\/\/niipit.dk\/ansigtsmaling\/produkt\/ansigtsmaling-til-erhverv-4-timer\/#primaryimage","url":"https:\/\/niipit.dk\/ansigtsmaling\/wp-content\/uploads\/sites\/215\/2020\/01\/Ansigtsmaling-erhverv-3-shop.jpg","contentUrl":"https:\/\/niipit.dk\/ansigtsmaling\/wp-content\/uploads\/sites\/215\/2020\/01\/Ansigtsmaling-erhverv-3-shop.jpg","width":1080,"height":1080,"caption":"Ansigtsmaling-erhverv-3-shop"},{"@type":"BreadcrumbList","@id":"https:\/\/niipit.dk\/ansigtsmaling\/produkt\/ansigtsmaling-til-erhverv-4-timer\/#breadcrumb","itemListElement":[{"@type":"ListItem","position":1,"name":"Hjem","item":"https:\/\/niipit.dk\/ansigtsmaling\/"},{"@type":"ListItem","position":2,"name":"Shop","item":"https:\/\/niipit.dk\/ansigtsmaling\/shop\/"},{"@type":"ListItem","position":3,"name":"Ansigtsmaling til Erhverv 4 timer"}]},{"@type":"WebSite","@id":"https:\/\/niipit.dk\/ansigtsmaling\/#website","url":"https:\/\/niipit.dk\/ansigtsmaling\/","name":"Ansigtsmaling","description":"S\u00e6tter smil p\u00e5 ansigter. www.colorfulfaces.dk","potentialAction":[{"@type":"SearchAction","target":{"@type":"EntryPoint","urlTemplate":"https:\/\/niipit.dk\/ansigtsmaling\/?s={search_term_string}"},"query-input":{"@type":"PropertyValueSpecification","valueRequired":true,"valueName":"search_term_string"}}],"inLanguage":"da-DK"}]}},"_links":{"self":[{"href":"https:\/\/niipit.dk\/ansigtsmaling\/wp-json\/wp\/v2\/product\/8096","targetHints":{"allow":["GET"]}}],"collection":[{"href":"https:\/\/niipit.dk\/ansigtsmaling\/wp-json\/wp\/v2\/product"}],"about":[{"href":"https:\/\/niipit.dk\/ansigtsmaling\/wp-json\/wp\/v2\/types\/product"}],"wp:featuredmedia":[{"embeddable":true,"href":"https:\/\/niipit.dk\/ansigtsmaling\/wp-json\/wp\/v2\/media\/10448"}],"wp:attachment":[{"href":"https:\/\/niipit.dk\/ansigtsmaling\/wp-json\/wp\/v2\/media?parent=8096"}],"wp:term":[{"taxonomy":"product_brand","embeddable":true,"href":"https:\/\/niipit.dk\/ansigtsmaling\/wp-json\/wp\/v2\/product_brand?post=8096"},{"taxonomy":"product_cat","embeddable":true,"href":"https:\/\/niipit.dk\/ansigtsmaling\/wp-json\/wp\/v2\/product_cat?post=8096"},{"taxonomy":"product_tag","embeddable":true,"href":"https:\/\/niipit.dk\/ansigtsmaling\/wp-json\/wp\/v2\/product_tag?post=8096"},{"taxonomy":"shoptype","embeddable":true,"href":"https:\/\/niipit.dk\/ansigtsmaling\/wp-json\/wp\/v2\/shoptype?post=8096"}],"curies":[{"name":"wp","href":"https:\/\/api.w.org\/{rel}","templated":true}]}}