{"id":7884,"date":"2020-01-20T22:09:43","date_gmt":"2020-01-20T21:09:43","guid":{"rendered":"https:\/\/niipit.dk\/ansigtsmaling\/?post_type=product&#038;p=7884"},"modified":"2022-05-25T08:17:25","modified_gmt":"2022-05-25T06:17:25","slug":"ansigtsmaling-til-gravid-mave","status":"publish","type":"product","link":"https:\/\/niipit.dk\/ansigtsmaling\/produkt\/ansigtsmaling-til-gravid-mave\/","title":{"rendered":"Ansigtsmaling til Gravid mave"},"content":{"rendered":"<h1>Ansigtsmaling til Gravid mave<\/h1>\n<h2>Din runde og flotte mave bliver til en sk\u00f8nt minde med dit ynglingsmotiv malet p\u00e5 maven og foreviget med billeder.<\/h2>\n<p><a href=\"http:\/\/www.colorfulfaces.dk\">Ansigtsmaling<\/a> til Gravid mave best\u00e5r af:<br \/>\n1 farvel\u00e6gning af din smukke gravide mave med baby inde i.<br \/>\nFotografering til at gemme.<\/p>\n<p>Jeg d\u00e6kker hele sj\u00e6lland<\/p>\n<h3>Ansigtsmaling til Gravid mave<\/h3>\n<p>Sammen finder vi det motiv du vil have til at pryde din flotte mave, det skal v\u00e6re ren selvfork\u00e6lelse at f\u00e5 malet din smukke mave s\u00e5ledes at det bliver en unik oplevelse for dig og baby.<\/p>\n<p>Ofte oplever jeg at baby f\u00f8lger penslen rundt p\u00e5 maven og bliver enten opl\u00f8ftede at de blide str\u00f8g eller meget tr\u00e6t og sover igennem.<\/p>\n<p>Vi har sammen den tid som du har brug for, det plejer at tage en time at f\u00e5 h\u00e5nddekoreret din smukke gravide mave, du kan f\u00e5 de pauser samt snacks som der er behov for undervejs.<\/p>\n<p>Det er ansigtsmaling jeg bruger til at male din runde mave med. Selvf\u00f8lgelig skal det v\u00e6re trygt og sikkert for dig at f\u00e5 malet din gravide mave. Ekstra fordel er at det er nemt at vaske af igen.<\/p>\n<h3>Foto af din malede mave<\/h3>\n<p>N\u00e5r vi to er f\u00e6rdige med at male og det bliver tid til et portr\u00e6t foto, anbefaler jeg at du booker en tid hos en professionel fotograf, eller jeg kan tage billedet for dig.<\/p>\n<p>Nogle kunder v\u00e6lger at f\u00e5 taget et familiebillede til den kommende lille ny verdens borger, s\u00e5ledes har du allerede det f\u00f8rste billede til det nye b\u00f8rnev\u00e6relse.<\/p>\n<p>&nbsp;<\/p>\n<p>Prisen vises inkl moms.<br \/>\n<a href=\"https:\/\/niipit.dk\/ansigtsmaling\/handelsbetingelser\/\">L\u00e6s gerne mine handelsbetingelser inden du bestiller.<\/a><\/p>\n<p><a href=\"https:\/\/niipit.dk\/ansigtsmaling\/kontakt\/\">Har du husket at booke tid f\u00f8r du betaler? ellers klik her.<\/a><\/p>\n","protected":false},"excerpt":{"rendered":"<p>Ansigtsmaling til Gravid mave Din runde og flotte mave bliver til en sk\u00f8nt minde med dit ynglingsmotiv malet p\u00e5 maven og foreviget med billeder. Ansigtsmaling til Gravid mave best\u00e5r af: 1 farvel\u00e6gning af din smukke gravide mave med baby inde i. Fotografering til at gemme. Jeg d\u00e6kker hele sj\u00e6lland Ansigtsmaling til Gravid mave Sammen finder <a class=\"moretag btn btn-primary\" href=\"https:\/\/niipit.dk\/ansigtsmaling\/produkt\/ansigtsmaling-til-gravid-mave\/\">L\u00e6s mere<\/a><\/p>\n","protected":false},"featured_media":10453,"template":"","meta":{"_exactmetrics_skip_tracking":false,"_exactmetrics_sitenote_active":false,"_exactmetrics_sitenote_note":"","_exactmetrics_sitenote_category":0,"_monsterinsights_skip_tracking":false,"_monsterinsights_sitenote_active":false,"_monsterinsights_sitenote_note":"","_monsterinsights_sitenote_category":0},"product_brand":[],"product_cat":[2192],"product_tag":[],"shoptype":[],"class_list":{"0":"post-7884","1":"product","2":"type-product","3":"status-publish","4":"has-post-thumbnail","6":"product_cat-for-private","8":"first","9":"instock","10":"shipping-taxable","11":"purchasable","12":"product-type-simple"},"yoast_head":"<!-- This site is optimized with the Yoast SEO plugin v27.4 - https:\/\/yoast.com\/product\/yoast-seo-wordpress\/ -->\n<title>Ansigtsmaling til Gravid mave Farvel\u00e6gning + foto fra kr. 2500,-<\/title>\n<meta name=\"description\" content=\"Ansigtsmaling til Gravid mave | Er ventetiden lang? | F\u00e5 malet din mave og bliv fotograferet s\u00e5 du kan vise Baby hvor meget du har gl\u00e6det dig | Se mere \u27a4\u27a4\u27a4\" \/>\n<meta name=\"robots\" content=\"index, follow, max-snippet:-1, max-image-preview:large, max-video-preview:-1\" \/>\n<link rel=\"canonical\" href=\"https:\/\/niipit.dk\/ansigtsmaling\/produkt\/ansigtsmaling-til-gravid-mave\/\" \/>\n<meta property=\"og:locale\" content=\"da_DK\" \/>\n<meta property=\"og:type\" content=\"article\" \/>\n<meta property=\"og:title\" content=\"Ansigtsmaling til Gravid mave Farvel\u00e6gning + foto fra kr. 2500,-\" \/>\n<meta property=\"og:description\" content=\"Ansigtsmaling til Gravid mave | Er ventetiden lang? | F\u00e5 malet din mave og bliv fotograferet s\u00e5 du kan vise Baby hvor meget du har gl\u00e6det dig | Se mere \u27a4\u27a4\u27a4\" \/>\n<meta property=\"og:url\" content=\"https:\/\/niipit.dk\/ansigtsmaling\/produkt\/ansigtsmaling-til-gravid-mave\/\" \/>\n<meta property=\"og:site_name\" content=\"Ansigtsmaling\" \/>\n<meta property=\"article:modified_time\" content=\"2022-05-25T06:17:25+00:00\" \/>\n<meta name=\"twitter:card\" content=\"summary_large_image\" \/>\n<meta name=\"twitter:image\" content=\"https:\/\/niipit.dk\/ansigtsmaling\/wp-content\/uploads\/sites\/215\/2020\/01\/Ansigtsmaling-gravid-shop.jpg\" \/>\n<meta name=\"twitter:label1\" content=\"Estimeret l\u00e6setid\" \/>\n\t<meta name=\"twitter:data1\" content=\"2 minutter\" \/>\n<script type=\"application\/ld+json\" class=\"yoast-schema-graph\">{\"@context\":\"https:\\\/\\\/schema.org\",\"@graph\":[{\"@type\":\"WebPage\",\"@id\":\"https:\\\/\\\/niipit.dk\\\/ansigtsmaling\\\/produkt\\\/ansigtsmaling-til-gravid-mave\\\/\",\"url\":\"https:\\\/\\\/niipit.dk\\\/ansigtsmaling\\\/produkt\\\/ansigtsmaling-til-gravid-mave\\\/\",\"name\":\"Ansigtsmaling til Gravid mave Farvel\u00e6gning + foto fra kr. 2500,-\",\"isPartOf\":{\"@id\":\"http:\\\/\\\/niipit.dk\\\/ansigtsmaling\\\/#website\"},\"primaryImageOfPage\":{\"@id\":\"https:\\\/\\\/niipit.dk\\\/ansigtsmaling\\\/produkt\\\/ansigtsmaling-til-gravid-mave\\\/#primaryimage\"},\"image\":{\"@id\":\"https:\\\/\\\/niipit.dk\\\/ansigtsmaling\\\/produkt\\\/ansigtsmaling-til-gravid-mave\\\/#primaryimage\"},\"thumbnailUrl\":\"https:\\\/\\\/niipit.dk\\\/ansigtsmaling\\\/wp-content\\\/uploads\\\/sites\\\/215\\\/2020\\\/01\\\/Ansigtsmaling-gravid-shop.jpg\",\"datePublished\":\"2020-01-20T21:09:43+00:00\",\"dateModified\":\"2022-05-25T06:17:25+00:00\",\"description\":\"Ansigtsmaling til Gravid mave | Er ventetiden lang? | F\u00e5 malet din mave og bliv fotograferet s\u00e5 du kan vise Baby hvor meget du har gl\u00e6det dig | Se mere \u27a4\u27a4\u27a4\",\"breadcrumb\":{\"@id\":\"https:\\\/\\\/niipit.dk\\\/ansigtsmaling\\\/produkt\\\/ansigtsmaling-til-gravid-mave\\\/#breadcrumb\"},\"inLanguage\":\"da-DK\",\"potentialAction\":[{\"@type\":\"ReadAction\",\"target\":[\"https:\\\/\\\/niipit.dk\\\/ansigtsmaling\\\/produkt\\\/ansigtsmaling-til-gravid-mave\\\/\"]}]},{\"@type\":\"ImageObject\",\"inLanguage\":\"da-DK\",\"@id\":\"https:\\\/\\\/niipit.dk\\\/ansigtsmaling\\\/produkt\\\/ansigtsmaling-til-gravid-mave\\\/#primaryimage\",\"url\":\"https:\\\/\\\/niipit.dk\\\/ansigtsmaling\\\/wp-content\\\/uploads\\\/sites\\\/215\\\/2020\\\/01\\\/Ansigtsmaling-gravid-shop.jpg\",\"contentUrl\":\"https:\\\/\\\/niipit.dk\\\/ansigtsmaling\\\/wp-content\\\/uploads\\\/sites\\\/215\\\/2020\\\/01\\\/Ansigtsmaling-gravid-shop.jpg\",\"width\":1080,\"height\":1080,\"caption\":\"Ansigtsmaling-gravid-shop\"},{\"@type\":\"BreadcrumbList\",\"@id\":\"https:\\\/\\\/niipit.dk\\\/ansigtsmaling\\\/produkt\\\/ansigtsmaling-til-gravid-mave\\\/#breadcrumb\",\"itemListElement\":[{\"@type\":\"ListItem\",\"position\":1,\"name\":\"Hjem\",\"item\":\"http:\\\/\\\/niipit.dk\\\/ansigtsmaling\\\/\"},{\"@type\":\"ListItem\",\"position\":2,\"name\":\"Shop\",\"item\":\"https:\\\/\\\/niipit.dk\\\/ansigtsmaling\\\/shop\\\/\"},{\"@type\":\"ListItem\",\"position\":3,\"name\":\"Ansigtsmaling til Gravid mave\"}]},{\"@type\":\"WebSite\",\"@id\":\"http:\\\/\\\/niipit.dk\\\/ansigtsmaling\\\/#website\",\"url\":\"http:\\\/\\\/niipit.dk\\\/ansigtsmaling\\\/\",\"name\":\"Ansigtsmaling\",\"description\":\"S\u00e6tter smil p\u00e5 ansigter. www.colorfulfaces.dk\",\"potentialAction\":[{\"@type\":\"SearchAction\",\"target\":{\"@type\":\"EntryPoint\",\"urlTemplate\":\"http:\\\/\\\/niipit.dk\\\/ansigtsmaling\\\/?s={search_term_string}\"},\"query-input\":{\"@type\":\"PropertyValueSpecification\",\"valueRequired\":true,\"valueName\":\"search_term_string\"}}],\"inLanguage\":\"da-DK\"}]}<\/script>\n<!-- \/ Yoast SEO plugin. -->","yoast_head_json":{"title":"Ansigtsmaling til Gravid mave Farvel\u00e6gning + foto fra kr. 2500,-","description":"Ansigtsmaling til Gravid mave | Er ventetiden lang? | F\u00e5 malet din mave og bliv fotograferet s\u00e5 du kan vise Baby hvor meget du har gl\u00e6det dig | Se mere \u27a4\u27a4\u27a4","robots":{"index":"index","follow":"follow","max-snippet":"max-snippet:-1","max-image-preview":"max-image-preview:large","max-video-preview":"max-video-preview:-1"},"canonical":"https:\/\/niipit.dk\/ansigtsmaling\/produkt\/ansigtsmaling-til-gravid-mave\/","og_locale":"da_DK","og_type":"article","og_title":"Ansigtsmaling til Gravid mave Farvel\u00e6gning + foto fra kr. 2500,-","og_description":"Ansigtsmaling til Gravid mave | Er ventetiden lang? | F\u00e5 malet din mave og bliv fotograferet s\u00e5 du kan vise Baby hvor meget du har gl\u00e6det dig | Se mere \u27a4\u27a4\u27a4","og_url":"https:\/\/niipit.dk\/ansigtsmaling\/produkt\/ansigtsmaling-til-gravid-mave\/","og_site_name":"Ansigtsmaling","article_modified_time":"2022-05-25T06:17:25+00:00","twitter_card":"summary_large_image","twitter_image":"https:\/\/niipit.dk\/ansigtsmaling\/wp-content\/uploads\/sites\/215\/2020\/01\/Ansigtsmaling-gravid-shop.jpg","twitter_misc":{"Estimeret l\u00e6setid":"2 minutter"},"schema":{"@context":"https:\/\/schema.org","@graph":[{"@type":"WebPage","@id":"https:\/\/niipit.dk\/ansigtsmaling\/produkt\/ansigtsmaling-til-gravid-mave\/","url":"https:\/\/niipit.dk\/ansigtsmaling\/produkt\/ansigtsmaling-til-gravid-mave\/","name":"Ansigtsmaling til Gravid mave Farvel\u00e6gning + foto fra kr. 2500,-","isPartOf":{"@id":"http:\/\/niipit.dk\/ansigtsmaling\/#website"},"primaryImageOfPage":{"@id":"https:\/\/niipit.dk\/ansigtsmaling\/produkt\/ansigtsmaling-til-gravid-mave\/#primaryimage"},"image":{"@id":"https:\/\/niipit.dk\/ansigtsmaling\/produkt\/ansigtsmaling-til-gravid-mave\/#primaryimage"},"thumbnailUrl":"https:\/\/niipit.dk\/ansigtsmaling\/wp-content\/uploads\/sites\/215\/2020\/01\/Ansigtsmaling-gravid-shop.jpg","datePublished":"2020-01-20T21:09:43+00:00","dateModified":"2022-05-25T06:17:25+00:00","description":"Ansigtsmaling til Gravid mave | Er ventetiden lang? | F\u00e5 malet din mave og bliv fotograferet s\u00e5 du kan vise Baby hvor meget du har gl\u00e6det dig | Se mere \u27a4\u27a4\u27a4","breadcrumb":{"@id":"https:\/\/niipit.dk\/ansigtsmaling\/produkt\/ansigtsmaling-til-gravid-mave\/#breadcrumb"},"inLanguage":"da-DK","potentialAction":[{"@type":"ReadAction","target":["https:\/\/niipit.dk\/ansigtsmaling\/produkt\/ansigtsmaling-til-gravid-mave\/"]}]},{"@type":"ImageObject","inLanguage":"da-DK","@id":"https:\/\/niipit.dk\/ansigtsmaling\/produkt\/ansigtsmaling-til-gravid-mave\/#primaryimage","url":"https:\/\/niipit.dk\/ansigtsmaling\/wp-content\/uploads\/sites\/215\/2020\/01\/Ansigtsmaling-gravid-shop.jpg","contentUrl":"https:\/\/niipit.dk\/ansigtsmaling\/wp-content\/uploads\/sites\/215\/2020\/01\/Ansigtsmaling-gravid-shop.jpg","width":1080,"height":1080,"caption":"Ansigtsmaling-gravid-shop"},{"@type":"BreadcrumbList","@id":"https:\/\/niipit.dk\/ansigtsmaling\/produkt\/ansigtsmaling-til-gravid-mave\/#breadcrumb","itemListElement":[{"@type":"ListItem","position":1,"name":"Hjem","item":"http:\/\/niipit.dk\/ansigtsmaling\/"},{"@type":"ListItem","position":2,"name":"Shop","item":"https:\/\/niipit.dk\/ansigtsmaling\/shop\/"},{"@type":"ListItem","position":3,"name":"Ansigtsmaling til Gravid mave"}]},{"@type":"WebSite","@id":"http:\/\/niipit.dk\/ansigtsmaling\/#website","url":"http:\/\/niipit.dk\/ansigtsmaling\/","name":"Ansigtsmaling","description":"S\u00e6tter smil p\u00e5 ansigter. www.colorfulfaces.dk","potentialAction":[{"@type":"SearchAction","target":{"@type":"EntryPoint","urlTemplate":"http:\/\/niipit.dk\/ansigtsmaling\/?s={search_term_string}"},"query-input":{"@type":"PropertyValueSpecification","valueRequired":true,"valueName":"search_term_string"}}],"inLanguage":"da-DK"}]}},"_links":{"self":[{"href":"https:\/\/niipit.dk\/ansigtsmaling\/wp-json\/wp\/v2\/product\/7884","targetHints":{"allow":["GET"]}}],"collection":[{"href":"https:\/\/niipit.dk\/ansigtsmaling\/wp-json\/wp\/v2\/product"}],"about":[{"href":"https:\/\/niipit.dk\/ansigtsmaling\/wp-json\/wp\/v2\/types\/product"}],"wp:featuredmedia":[{"embeddable":true,"href":"https:\/\/niipit.dk\/ansigtsmaling\/wp-json\/wp\/v2\/media\/10453"}],"wp:attachment":[{"href":"https:\/\/niipit.dk\/ansigtsmaling\/wp-json\/wp\/v2\/media?parent=7884"}],"wp:term":[{"taxonomy":"product_brand","embeddable":true,"href":"https:\/\/niipit.dk\/ansigtsmaling\/wp-json\/wp\/v2\/product_brand?post=7884"},{"taxonomy":"product_cat","embeddable":true,"href":"https:\/\/niipit.dk\/ansigtsmaling\/wp-json\/wp\/v2\/product_cat?post=7884"},{"taxonomy":"product_tag","embeddable":true,"href":"https:\/\/niipit.dk\/ansigtsmaling\/wp-json\/wp\/v2\/product_tag?post=7884"},{"taxonomy":"shoptype","embeddable":true,"href":"https:\/\/niipit.dk\/ansigtsmaling\/wp-json\/wp\/v2\/shoptype?post=7884"}],"curies":[{"name":"wp","href":"https:\/\/api.w.org\/{rel}","templated":true}]}}