{"id":7883,"date":"2020-01-27T14:04:54","date_gmt":"2020-01-27T13:04:54","guid":{"rendered":"https:\/\/niipit.dk\/ansigtsmaling\/?post_type=product&#038;p=7883"},"modified":"2022-01-27T14:50:22","modified_gmt":"2022-01-27T13:50:22","slug":"erhverv-3-timer","status":"publish","type":"product","link":"https:\/\/niipit.dk\/ansigtsmaling\/produkt\/erhverv-3-timer\/","title":{"rendered":"Ansigtsmaling til Erhverv 3 timer"},"content":{"rendered":"<h1>Ansigtsmaling til Erhverv 3 timer.<\/h1>\n<h2>Ansigtsmaling g\u00f8r sig godt til b\u00e5de mindre og st\u00f8rre events Tina ankommer og underholder b\u00f8rnene med sjove og uhyggelige malede ansigter.<\/h2>\n<p><a href=\"http:\/\/www.colorfulfaces.dk\">Ansigtsmaling<\/a> til Erhverv 3 timer best\u00e5r af:<br \/>\nArrangement p\u00e5 tre timer, her kan der males op til 34 b\u00f8rn<\/p>\n<p><a href=\"https:\/\/niipit.dk\/ansigtsmaling\/produkt\/accessories-til-ansigtsmaling-tilvalg-pr-stk\/\">Denne pris er uden Accessories det skal bestilles udover.<\/a><\/p>\n<p>St\u00e5r du med en begivenhed hvor du gerne vil tiltr\u00e6kke masser af b\u00f8rn inklusiv deres for\u00e6lder, s\u00e5 er ansigtsmaling &#8220;old school&#8221; og det virker.<\/p>\n<p>Specielt hvis b\u00f8rnene kan v\u00e6lge imellem at f\u00e5 malede b\u00e5de uhyggelige som prinsesse ansigter, det kr\u00e6ver en erfaren ansigtsmaler med en uddannelse bag sig.<\/p>\n<p>Det er vigtigt at b\u00f8rnene f\u00f8ler sig trygge og at motiverne er vellignende for at rigtigt mange \u00f8nsker at deltage, samt der skal v\u00e6re et bredt udvalg af muligheder at v\u00e6lge imellem.<\/p>\n<p>Jeg ankommer med en bred palet af farver og stencils s\u00e5ledes at alle b\u00f8rnene hurtigt kan v\u00e6lge farver og motiv og jeg maler ligeledes efter barnets alder s\u00e5dan at det g\u00e5r op i en h\u00f8jere enhed.<\/p>\n<h4>Min uddannelse<\/h4>\n<p>Er fra International Face Painting School ved verdens bedste ansigtsmaler Olga Murasev, s\u00e5ledes kan jeg give dine kunder det allerbedste.<\/p>\n<p>Min brede erfaring g\u00f8r at jeg er i stand til at matche farverne til b\u00f8rnenes t\u00f8j s\u00e5ledes g\u00e5r helheden op og b\u00f8rnene bliver rigtige glade n\u00e5r de ser sig selv i spejlet bagefter.<\/p>\n<p>&nbsp;<\/p>\n<p>Prisen vises inkl moms ved bestillingen.<br \/>\n3.025,- ex moms<br \/>\n756,- 25% Moms<br \/>\n3.781, 25,- kroner i alt<br \/>\n<a href=\"https:\/\/niipit.dk\/ansigtsmaling\/handelsbetingelser\/\">L\u00e6s gerne mine handelsbetingelser inden du bestiller.<\/a><\/p>\n<p><a href=\"https:\/\/niipit.dk\/ansigtsmaling\/kontakt\/\">Har du husket at booke tid f\u00f8r du betaler? ellers klik her.<\/a><\/p>\n","protected":false},"excerpt":{"rendered":"<p>Ansigtsmaling til Erhverv 3 timer. Ansigtsmaling g\u00f8r sig godt til b\u00e5de mindre og st\u00f8rre events Tina ankommer og underholder b\u00f8rnene med sjove og uhyggelige malede ansigter. Ansigtsmaling til Erhverv 3 timer best\u00e5r af: Arrangement p\u00e5 tre timer, her kan der males op til 34 b\u00f8rn Denne pris er uden Accessories det skal bestilles udover. St\u00e5r <a class=\"moretag btn btn-primary\" href=\"https:\/\/niipit.dk\/ansigtsmaling\/produkt\/erhverv-3-timer\/\">L\u00e6s mere<\/a><\/p>\n","protected":false},"featured_media":10451,"template":"","meta":{"_exactmetrics_skip_tracking":false,"_exactmetrics_sitenote_active":false,"_exactmetrics_sitenote_note":"","_exactmetrics_sitenote_category":0,"_monsterinsights_skip_tracking":false,"_monsterinsights_sitenote_active":false,"_monsterinsights_sitenote_note":"","_monsterinsights_sitenote_category":0},"product_brand":[],"product_cat":[2193],"product_tag":[],"shoptype":[],"class_list":{"0":"post-7883","1":"product","2":"type-product","3":"status-publish","4":"has-post-thumbnail","6":"product_cat-for-erhverv","8":"first","9":"instock","10":"shipping-taxable","11":"purchasable","12":"product-type-simple"},"yoast_head":"<!-- This site is optimized with the Yoast SEO plugin v27.2 - https:\/\/yoast.com\/product\/yoast-seo-wordpress\/ -->\n<title>Ansigtsmaling til Erhverv 3 timer Op til 34 b\u00f8rn fra kr. 3025,-<\/title>\n<meta name=\"description\" content=\"Ansigtsmaling til Erhverv 3 timer Byfest | Open By Night | Museum | Havnefest | Sjov for b\u00f8rn | Jeg k\u00f8re ud til hele sj\u00e6lland | Bestil en ansigtsmaler her \u27a4\" \/>\n<meta name=\"robots\" content=\"index, follow, max-snippet:-1, max-image-preview:large, max-video-preview:-1\" \/>\n<link rel=\"canonical\" href=\"https:\/\/niipit.dk\/ansigtsmaling\/produkt\/erhverv-3-timer\/\" \/>\n<meta property=\"og:locale\" content=\"da_DK\" \/>\n<meta property=\"og:type\" content=\"article\" \/>\n<meta property=\"og:title\" content=\"Ansigtsmaling til Erhverv 3 timer Op til 34 b\u00f8rn fra kr. 3025,-\" \/>\n<meta property=\"og:description\" content=\"Ansigtsmaling til Erhverv 3 timer Byfest | Open By Night | Museum | Havnefest | Sjov for b\u00f8rn | Jeg k\u00f8re ud til hele sj\u00e6lland | Bestil en ansigtsmaler her \u27a4\" \/>\n<meta property=\"og:url\" content=\"https:\/\/niipit.dk\/ansigtsmaling\/produkt\/erhverv-3-timer\/\" \/>\n<meta property=\"og:site_name\" content=\"Ansigtsmaling\" \/>\n<meta property=\"article:modified_time\" content=\"2022-01-27T13:50:22+00:00\" \/>\n<meta name=\"twitter:card\" content=\"summary_large_image\" \/>\n<meta name=\"twitter:image\" content=\"https:\/\/niipit.dk\/ansigtsmaling\/wp-content\/uploads\/sites\/215\/2020\/01\/Ansigtsmaling-erhver-3-shop.jpg\" \/>\n<meta name=\"twitter:label1\" content=\"Estimeret l\u00e6setid\" \/>\n\t<meta name=\"twitter:data1\" content=\"1 minut\" \/>\n<script type=\"application\/ld+json\" class=\"yoast-schema-graph\">{\"@context\":\"https:\/\/schema.org\",\"@graph\":[{\"@type\":\"WebPage\",\"@id\":\"https:\/\/niipit.dk\/ansigtsmaling\/produkt\/erhverv-3-timer\/\",\"url\":\"https:\/\/niipit.dk\/ansigtsmaling\/produkt\/erhverv-3-timer\/\",\"name\":\"Ansigtsmaling til Erhverv 3 timer Op til 34 b\u00f8rn fra kr. 3025,-\",\"isPartOf\":{\"@id\":\"https:\/\/niipit.dk\/ansigtsmaling\/#website\"},\"primaryImageOfPage\":{\"@id\":\"https:\/\/niipit.dk\/ansigtsmaling\/produkt\/erhverv-3-timer\/#primaryimage\"},\"image\":{\"@id\":\"https:\/\/niipit.dk\/ansigtsmaling\/produkt\/erhverv-3-timer\/#primaryimage\"},\"thumbnailUrl\":\"https:\/\/niipit.dk\/ansigtsmaling\/wp-content\/uploads\/sites\/215\/2020\/01\/Ansigtsmaling-erhver-3-shop.jpg\",\"datePublished\":\"2020-01-27T13:04:54+00:00\",\"dateModified\":\"2022-01-27T13:50:22+00:00\",\"description\":\"Ansigtsmaling til Erhverv 3 timer Byfest | Open By Night | Museum | Havnefest | Sjov for b\u00f8rn | Jeg k\u00f8re ud til hele sj\u00e6lland | Bestil en ansigtsmaler her \u27a4\",\"breadcrumb\":{\"@id\":\"https:\/\/niipit.dk\/ansigtsmaling\/produkt\/erhverv-3-timer\/#breadcrumb\"},\"inLanguage\":\"da-DK\",\"potentialAction\":[{\"@type\":\"ReadAction\",\"target\":[\"https:\/\/niipit.dk\/ansigtsmaling\/produkt\/erhverv-3-timer\/\"]}]},{\"@type\":\"ImageObject\",\"inLanguage\":\"da-DK\",\"@id\":\"https:\/\/niipit.dk\/ansigtsmaling\/produkt\/erhverv-3-timer\/#primaryimage\",\"url\":\"https:\/\/niipit.dk\/ansigtsmaling\/wp-content\/uploads\/sites\/215\/2020\/01\/Ansigtsmaling-erhver-3-shop.jpg\",\"contentUrl\":\"https:\/\/niipit.dk\/ansigtsmaling\/wp-content\/uploads\/sites\/215\/2020\/01\/Ansigtsmaling-erhver-3-shop.jpg\",\"width\":1080,\"height\":1080,\"caption\":\"Ansigtsmaling-til-Erhverv-timer\"},{\"@type\":\"BreadcrumbList\",\"@id\":\"https:\/\/niipit.dk\/ansigtsmaling\/produkt\/erhverv-3-timer\/#breadcrumb\",\"itemListElement\":[{\"@type\":\"ListItem\",\"position\":1,\"name\":\"Hjem\",\"item\":\"https:\/\/niipit.dk\/ansigtsmaling\/\"},{\"@type\":\"ListItem\",\"position\":2,\"name\":\"Shop\",\"item\":\"http:\/\/niipit.dk\/ansigtsmaling\/shop\/\"},{\"@type\":\"ListItem\",\"position\":3,\"name\":\"Ansigtsmaling til Erhverv 3 timer\"}]},{\"@type\":\"WebSite\",\"@id\":\"https:\/\/niipit.dk\/ansigtsmaling\/#website\",\"url\":\"https:\/\/niipit.dk\/ansigtsmaling\/\",\"name\":\"Ansigtsmaling\",\"description\":\"S\u00e6tter smil p\u00e5 ansigter. www.colorfulfaces.dk\",\"potentialAction\":[{\"@type\":\"SearchAction\",\"target\":{\"@type\":\"EntryPoint\",\"urlTemplate\":\"https:\/\/niipit.dk\/ansigtsmaling\/?s={search_term_string}\"},\"query-input\":{\"@type\":\"PropertyValueSpecification\",\"valueRequired\":true,\"valueName\":\"search_term_string\"}}],\"inLanguage\":\"da-DK\"}]}<\/script>\n<!-- \/ Yoast SEO plugin. -->","yoast_head_json":{"title":"Ansigtsmaling til Erhverv 3 timer Op til 34 b\u00f8rn fra kr. 3025,-","description":"Ansigtsmaling til Erhverv 3 timer Byfest | Open By Night | Museum | Havnefest | Sjov for b\u00f8rn | Jeg k\u00f8re ud til hele sj\u00e6lland | Bestil en ansigtsmaler her \u27a4","robots":{"index":"index","follow":"follow","max-snippet":"max-snippet:-1","max-image-preview":"max-image-preview:large","max-video-preview":"max-video-preview:-1"},"canonical":"https:\/\/niipit.dk\/ansigtsmaling\/produkt\/erhverv-3-timer\/","og_locale":"da_DK","og_type":"article","og_title":"Ansigtsmaling til Erhverv 3 timer Op til 34 b\u00f8rn fra kr. 3025,-","og_description":"Ansigtsmaling til Erhverv 3 timer Byfest | Open By Night | Museum | Havnefest | Sjov for b\u00f8rn | Jeg k\u00f8re ud til hele sj\u00e6lland | Bestil en ansigtsmaler her \u27a4","og_url":"https:\/\/niipit.dk\/ansigtsmaling\/produkt\/erhverv-3-timer\/","og_site_name":"Ansigtsmaling","article_modified_time":"2022-01-27T13:50:22+00:00","twitter_card":"summary_large_image","twitter_image":"https:\/\/niipit.dk\/ansigtsmaling\/wp-content\/uploads\/sites\/215\/2020\/01\/Ansigtsmaling-erhver-3-shop.jpg","twitter_misc":{"Estimeret l\u00e6setid":"1 minut"},"schema":{"@context":"https:\/\/schema.org","@graph":[{"@type":"WebPage","@id":"https:\/\/niipit.dk\/ansigtsmaling\/produkt\/erhverv-3-timer\/","url":"https:\/\/niipit.dk\/ansigtsmaling\/produkt\/erhverv-3-timer\/","name":"Ansigtsmaling til Erhverv 3 timer Op til 34 b\u00f8rn fra kr. 3025,-","isPartOf":{"@id":"https:\/\/niipit.dk\/ansigtsmaling\/#website"},"primaryImageOfPage":{"@id":"https:\/\/niipit.dk\/ansigtsmaling\/produkt\/erhverv-3-timer\/#primaryimage"},"image":{"@id":"https:\/\/niipit.dk\/ansigtsmaling\/produkt\/erhverv-3-timer\/#primaryimage"},"thumbnailUrl":"https:\/\/niipit.dk\/ansigtsmaling\/wp-content\/uploads\/sites\/215\/2020\/01\/Ansigtsmaling-erhver-3-shop.jpg","datePublished":"2020-01-27T13:04:54+00:00","dateModified":"2022-01-27T13:50:22+00:00","description":"Ansigtsmaling til Erhverv 3 timer Byfest | Open By Night | Museum | Havnefest | Sjov for b\u00f8rn | Jeg k\u00f8re ud til hele sj\u00e6lland | Bestil en ansigtsmaler her \u27a4","breadcrumb":{"@id":"https:\/\/niipit.dk\/ansigtsmaling\/produkt\/erhverv-3-timer\/#breadcrumb"},"inLanguage":"da-DK","potentialAction":[{"@type":"ReadAction","target":["https:\/\/niipit.dk\/ansigtsmaling\/produkt\/erhverv-3-timer\/"]}]},{"@type":"ImageObject","inLanguage":"da-DK","@id":"https:\/\/niipit.dk\/ansigtsmaling\/produkt\/erhverv-3-timer\/#primaryimage","url":"https:\/\/niipit.dk\/ansigtsmaling\/wp-content\/uploads\/sites\/215\/2020\/01\/Ansigtsmaling-erhver-3-shop.jpg","contentUrl":"https:\/\/niipit.dk\/ansigtsmaling\/wp-content\/uploads\/sites\/215\/2020\/01\/Ansigtsmaling-erhver-3-shop.jpg","width":1080,"height":1080,"caption":"Ansigtsmaling-til-Erhverv-timer"},{"@type":"BreadcrumbList","@id":"https:\/\/niipit.dk\/ansigtsmaling\/produkt\/erhverv-3-timer\/#breadcrumb","itemListElement":[{"@type":"ListItem","position":1,"name":"Hjem","item":"https:\/\/niipit.dk\/ansigtsmaling\/"},{"@type":"ListItem","position":2,"name":"Shop","item":"http:\/\/niipit.dk\/ansigtsmaling\/shop\/"},{"@type":"ListItem","position":3,"name":"Ansigtsmaling til Erhverv 3 timer"}]},{"@type":"WebSite","@id":"https:\/\/niipit.dk\/ansigtsmaling\/#website","url":"https:\/\/niipit.dk\/ansigtsmaling\/","name":"Ansigtsmaling","description":"S\u00e6tter smil p\u00e5 ansigter. www.colorfulfaces.dk","potentialAction":[{"@type":"SearchAction","target":{"@type":"EntryPoint","urlTemplate":"https:\/\/niipit.dk\/ansigtsmaling\/?s={search_term_string}"},"query-input":{"@type":"PropertyValueSpecification","valueRequired":true,"valueName":"search_term_string"}}],"inLanguage":"da-DK"}]}},"_links":{"self":[{"href":"https:\/\/niipit.dk\/ansigtsmaling\/wp-json\/wp\/v2\/product\/7883","targetHints":{"allow":["GET"]}}],"collection":[{"href":"https:\/\/niipit.dk\/ansigtsmaling\/wp-json\/wp\/v2\/product"}],"about":[{"href":"https:\/\/niipit.dk\/ansigtsmaling\/wp-json\/wp\/v2\/types\/product"}],"wp:featuredmedia":[{"embeddable":true,"href":"https:\/\/niipit.dk\/ansigtsmaling\/wp-json\/wp\/v2\/media\/10451"}],"wp:attachment":[{"href":"https:\/\/niipit.dk\/ansigtsmaling\/wp-json\/wp\/v2\/media?parent=7883"}],"wp:term":[{"taxonomy":"product_brand","embeddable":true,"href":"https:\/\/niipit.dk\/ansigtsmaling\/wp-json\/wp\/v2\/product_brand?post=7883"},{"taxonomy":"product_cat","embeddable":true,"href":"https:\/\/niipit.dk\/ansigtsmaling\/wp-json\/wp\/v2\/product_cat?post=7883"},{"taxonomy":"product_tag","embeddable":true,"href":"https:\/\/niipit.dk\/ansigtsmaling\/wp-json\/wp\/v2\/product_tag?post=7883"},{"taxonomy":"shoptype","embeddable":true,"href":"https:\/\/niipit.dk\/ansigtsmaling\/wp-json\/wp\/v2\/shoptype?post=7883"}],"curies":[{"name":"wp","href":"https:\/\/api.w.org\/{rel}","templated":true}]}}