{"id":7882,"date":"2020-01-27T14:03:14","date_gmt":"2020-01-27T13:03:14","guid":{"rendered":"https:\/\/niipit.dk\/ansigtsmaling\/?post_type=product&#038;p=7882"},"modified":"2022-01-27T14:07:36","modified_gmt":"2022-01-27T13:07:36","slug":"ansigtsmaling-til-erhverv-2-timer","status":"publish","type":"product","link":"https:\/\/niipit.dk\/ansigtsmaling\/produkt\/ansigtsmaling-til-erhverv-2-timer\/","title":{"rendered":"Ansigtsmaling til Erhverv 2 timer"},"content":{"rendered":"<h1>Ansigtsmaling til Erhverv 2 timer<\/h1>\n<h2>Ansigtsmaling er popul\u00e6rt til b\u00e5de de mindste og st\u00f8rre b\u00f8rn Tina tilpasser det enkelte motiv til barnets \u00f8nsker og matcher farverne med t\u00f8jet.<\/h2>\n<p><a href=\"http:\/\/www.colorfulfaces.dk\">Ansigtsmaling<\/a> til Erhverv 2 timer best\u00e5r af:<br \/>\nArrangement p\u00e5 to timer, her kan der males op til 22 b\u00f8rn<\/p>\n<p><a href=\"https:\/\/niipit.dk\/ansigtsmaling\/produkt\/accessories-til-ansigtsmaling-tilvalg-pr-stk\/\">Denne pris er uden Accessories det skal bestilles udover.<\/a><\/p>\n<p>St\u00e5r du med et arrangement hvor du gerne vil tiltr\u00e6kke B\u00f8rne familier i enten en bestemt alders gruppe eller efter \u201d jo flere desto bedre\u201d.<\/p>\n<p>Her er l\u00f8sningen: uddannet ansigtsmaler som hurtig og effektivt forvandler b\u00f8rnene til enten et forudbestemt motiv eller efter aftale.<\/p>\n<p>Skal dit event v\u00e6re farve koordineret s\u00e5 klarer jeg dette med for eksempel dine egne logo farver samt dit logo i et forud aftalt stencils, som du kan v\u00e6lge at beholde bagefter.<\/p>\n<p>Har du et kort slogan kan du v\u00e6lge at bruge dette i en stencil n\u00e5r blot vi har afstemt forventninger p\u00e5 forh\u00e5nd.<\/p>\n<h3>Hvad er egentlig en stencil:<\/h3>\n<p>Det er en tynd plastik skabelon som kan udformes i eksempelvis dit logo det kan vaskes og genbruges utallige gange.<\/p>\n<p>En stencil er meget god til events der gerne skulle kunne huskes idet det giver de helt rigtige dimensioner og farver p\u00e5 ganske kort tid.<\/p>\n<p>N\u00e5r ansigtsmaling er sammen sat rigtigt med dit logo s\u00e5 har du et meget effektivt budskab som er hurtigt at male ens til alle b\u00f8rnene.<\/p>\n<p>Jo flere ansigtsmalede b\u00f8rn som deltager i dit event desto flere B\u00f8rne familier vil det tiltr\u00e6kke fremad.<\/p>\n<p>&nbsp;<\/p>\n<p>Prisen vises inkl moms ved bestillingen.<br \/>\n2.225,- ex moms<br \/>\n556,- 25% moms<br \/>\n2.781,- kroner i alt<br \/>\n<a href=\"https:\/\/niipit.dk\/ansigtsmaling\/handelsbetingelser\/\">L\u00e6s gerne mine handelsbetingelser inden du bestiller.<\/a><\/p>\n<p><a href=\"https:\/\/niipit.dk\/ansigtsmaling\/kontakt\/\">Har du husket at booke tid f\u00f8r du betaler? ellers klik her.<\/a><\/p>\n","protected":false},"excerpt":{"rendered":"<p>Ansigtsmaling til Erhverv 2 timer Ansigtsmaling er popul\u00e6rt til b\u00e5de de mindste og st\u00f8rre b\u00f8rn Tina tilpasser det enkelte motiv til barnets \u00f8nsker og matcher farverne med t\u00f8jet. Ansigtsmaling til Erhverv 2 timer best\u00e5r af: Arrangement p\u00e5 to timer, her kan der males op til 22 b\u00f8rn Denne pris er uden Accessories det skal bestilles <a class=\"moretag btn btn-primary\" href=\"https:\/\/niipit.dk\/ansigtsmaling\/produkt\/ansigtsmaling-til-erhverv-2-timer\/\">L\u00e6s mere<\/a><\/p>\n","protected":false},"featured_media":10445,"template":"","meta":{"_exactmetrics_skip_tracking":false,"_exactmetrics_sitenote_active":false,"_exactmetrics_sitenote_note":"","_exactmetrics_sitenote_category":0,"_monsterinsights_skip_tracking":false,"_monsterinsights_sitenote_active":false,"_monsterinsights_sitenote_note":"","_monsterinsights_sitenote_category":0},"product_brand":[],"product_cat":[2193],"product_tag":[],"shoptype":[],"class_list":{"0":"post-7882","1":"product","2":"type-product","3":"status-publish","4":"has-post-thumbnail","6":"product_cat-for-erhverv","8":"first","9":"instock","10":"shipping-taxable","11":"purchasable","12":"product-type-simple"},"yoast_head":"<!-- This site is optimized with the Yoast SEO plugin v27.2 - https:\/\/yoast.com\/product\/yoast-seo-wordpress\/ -->\n<title>Ansigtsmaling til Erhverv 2 timer op til 22 b\u00f8rn fra kr. 2225,-<\/title>\n<meta name=\"description\" content=\"Ansigtsmaling til Erhverv 2 timer | Mangler du ro til at tale med for\u00e6ldre | Pr\u00f8v en ansigtsmaler | Det betaler sig | Jeg d\u00e6kker hele sj\u00e6lland | Bestil \u27a4\u27a4\u27a4\" \/>\n<meta name=\"robots\" content=\"index, follow, max-snippet:-1, max-image-preview:large, max-video-preview:-1\" \/>\n<link rel=\"canonical\" href=\"http:\/\/niipit.dk\/ansigtsmaling\/produkt\/ansigtsmaling-til-erhverv-2-timer\/\" \/>\n<meta property=\"og:locale\" content=\"da_DK\" \/>\n<meta property=\"og:type\" content=\"article\" \/>\n<meta property=\"og:title\" content=\"Ansigtsmaling til Erhverv 2 timer op til 22 b\u00f8rn fra kr. 2225,-\" \/>\n<meta property=\"og:description\" content=\"Ansigtsmaling til Erhverv 2 timer | Mangler du ro til at tale med for\u00e6ldre | Pr\u00f8v en ansigtsmaler | Det betaler sig | Jeg d\u00e6kker hele sj\u00e6lland | Bestil \u27a4\u27a4\u27a4\" \/>\n<meta property=\"og:url\" content=\"http:\/\/niipit.dk\/ansigtsmaling\/produkt\/ansigtsmaling-til-erhverv-2-timer\/\" \/>\n<meta property=\"og:site_name\" content=\"Ansigtsmaling\" \/>\n<meta property=\"article:modified_time\" content=\"2022-01-27T13:07:36+00:00\" \/>\n<meta name=\"twitter:card\" content=\"summary_large_image\" \/>\n<meta name=\"twitter:image\" content=\"https:\/\/niipit.dk\/ansigtsmaling\/wp-content\/uploads\/sites\/215\/2020\/01\/Ansigtsmaing-til-erhverv.jpg\" \/>\n<meta name=\"twitter:label1\" content=\"Estimeret l\u00e6setid\" \/>\n\t<meta name=\"twitter:data1\" content=\"2 minutter\" \/>\n<script type=\"application\/ld+json\" class=\"yoast-schema-graph\">{\"@context\":\"https:\/\/schema.org\",\"@graph\":[{\"@type\":\"WebPage\",\"@id\":\"http:\/\/niipit.dk\/ansigtsmaling\/produkt\/ansigtsmaling-til-erhverv-2-timer\/\",\"url\":\"http:\/\/niipit.dk\/ansigtsmaling\/produkt\/ansigtsmaling-til-erhverv-2-timer\/\",\"name\":\"Ansigtsmaling til Erhverv 2 timer op til 22 b\u00f8rn fra kr. 2225,-\",\"isPartOf\":{\"@id\":\"https:\/\/niipit.dk\/ansigtsmaling\/#website\"},\"primaryImageOfPage\":{\"@id\":\"http:\/\/niipit.dk\/ansigtsmaling\/produkt\/ansigtsmaling-til-erhverv-2-timer\/#primaryimage\"},\"image\":{\"@id\":\"http:\/\/niipit.dk\/ansigtsmaling\/produkt\/ansigtsmaling-til-erhverv-2-timer\/#primaryimage\"},\"thumbnailUrl\":\"https:\/\/niipit.dk\/ansigtsmaling\/wp-content\/uploads\/sites\/215\/2020\/01\/Ansigtsmaing-til-erhverv.jpg\",\"datePublished\":\"2020-01-27T13:03:14+00:00\",\"dateModified\":\"2022-01-27T13:07:36+00:00\",\"description\":\"Ansigtsmaling til Erhverv 2 timer | Mangler du ro til at tale med for\u00e6ldre | Pr\u00f8v en ansigtsmaler | Det betaler sig | Jeg d\u00e6kker hele sj\u00e6lland | Bestil \u27a4\u27a4\u27a4\",\"breadcrumb\":{\"@id\":\"http:\/\/niipit.dk\/ansigtsmaling\/produkt\/ansigtsmaling-til-erhverv-2-timer\/#breadcrumb\"},\"inLanguage\":\"da-DK\",\"potentialAction\":[{\"@type\":\"ReadAction\",\"target\":[\"http:\/\/niipit.dk\/ansigtsmaling\/produkt\/ansigtsmaling-til-erhverv-2-timer\/\"]}]},{\"@type\":\"ImageObject\",\"inLanguage\":\"da-DK\",\"@id\":\"http:\/\/niipit.dk\/ansigtsmaling\/produkt\/ansigtsmaling-til-erhverv-2-timer\/#primaryimage\",\"url\":\"https:\/\/niipit.dk\/ansigtsmaling\/wp-content\/uploads\/sites\/215\/2020\/01\/Ansigtsmaing-til-erhverv.jpg\",\"contentUrl\":\"https:\/\/niipit.dk\/ansigtsmaling\/wp-content\/uploads\/sites\/215\/2020\/01\/Ansigtsmaing-til-erhverv.jpg\",\"width\":1080,\"height\":1080,\"caption\":\"Ansigtsmaling-til-erhverv-shop\"},{\"@type\":\"BreadcrumbList\",\"@id\":\"http:\/\/niipit.dk\/ansigtsmaling\/produkt\/ansigtsmaling-til-erhverv-2-timer\/#breadcrumb\",\"itemListElement\":[{\"@type\":\"ListItem\",\"position\":1,\"name\":\"Hjem\",\"item\":\"https:\/\/niipit.dk\/ansigtsmaling\/\"},{\"@type\":\"ListItem\",\"position\":2,\"name\":\"Shop\",\"item\":\"http:\/\/niipit.dk\/ansigtsmaling\/shop\/\"},{\"@type\":\"ListItem\",\"position\":3,\"name\":\"Ansigtsmaling til Erhverv 2 timer\"}]},{\"@type\":\"WebSite\",\"@id\":\"https:\/\/niipit.dk\/ansigtsmaling\/#website\",\"url\":\"https:\/\/niipit.dk\/ansigtsmaling\/\",\"name\":\"Ansigtsmaling\",\"description\":\"S\u00e6tter smil p\u00e5 ansigter. www.colorfulfaces.dk\",\"potentialAction\":[{\"@type\":\"SearchAction\",\"target\":{\"@type\":\"EntryPoint\",\"urlTemplate\":\"https:\/\/niipit.dk\/ansigtsmaling\/?s={search_term_string}\"},\"query-input\":{\"@type\":\"PropertyValueSpecification\",\"valueRequired\":true,\"valueName\":\"search_term_string\"}}],\"inLanguage\":\"da-DK\"}]}<\/script>\n<!-- \/ Yoast SEO plugin. -->","yoast_head_json":{"title":"Ansigtsmaling til Erhverv 2 timer op til 22 b\u00f8rn fra kr. 2225,-","description":"Ansigtsmaling til Erhverv 2 timer | Mangler du ro til at tale med for\u00e6ldre | Pr\u00f8v en ansigtsmaler | Det betaler sig | Jeg d\u00e6kker hele sj\u00e6lland | Bestil \u27a4\u27a4\u27a4","robots":{"index":"index","follow":"follow","max-snippet":"max-snippet:-1","max-image-preview":"max-image-preview:large","max-video-preview":"max-video-preview:-1"},"canonical":"http:\/\/niipit.dk\/ansigtsmaling\/produkt\/ansigtsmaling-til-erhverv-2-timer\/","og_locale":"da_DK","og_type":"article","og_title":"Ansigtsmaling til Erhverv 2 timer op til 22 b\u00f8rn fra kr. 2225,-","og_description":"Ansigtsmaling til Erhverv 2 timer | Mangler du ro til at tale med for\u00e6ldre | Pr\u00f8v en ansigtsmaler | Det betaler sig | Jeg d\u00e6kker hele sj\u00e6lland | Bestil \u27a4\u27a4\u27a4","og_url":"http:\/\/niipit.dk\/ansigtsmaling\/produkt\/ansigtsmaling-til-erhverv-2-timer\/","og_site_name":"Ansigtsmaling","article_modified_time":"2022-01-27T13:07:36+00:00","twitter_card":"summary_large_image","twitter_image":"https:\/\/niipit.dk\/ansigtsmaling\/wp-content\/uploads\/sites\/215\/2020\/01\/Ansigtsmaing-til-erhverv.jpg","twitter_misc":{"Estimeret l\u00e6setid":"2 minutter"},"schema":{"@context":"https:\/\/schema.org","@graph":[{"@type":"WebPage","@id":"http:\/\/niipit.dk\/ansigtsmaling\/produkt\/ansigtsmaling-til-erhverv-2-timer\/","url":"http:\/\/niipit.dk\/ansigtsmaling\/produkt\/ansigtsmaling-til-erhverv-2-timer\/","name":"Ansigtsmaling til Erhverv 2 timer op til 22 b\u00f8rn fra kr. 2225,-","isPartOf":{"@id":"https:\/\/niipit.dk\/ansigtsmaling\/#website"},"primaryImageOfPage":{"@id":"http:\/\/niipit.dk\/ansigtsmaling\/produkt\/ansigtsmaling-til-erhverv-2-timer\/#primaryimage"},"image":{"@id":"http:\/\/niipit.dk\/ansigtsmaling\/produkt\/ansigtsmaling-til-erhverv-2-timer\/#primaryimage"},"thumbnailUrl":"https:\/\/niipit.dk\/ansigtsmaling\/wp-content\/uploads\/sites\/215\/2020\/01\/Ansigtsmaing-til-erhverv.jpg","datePublished":"2020-01-27T13:03:14+00:00","dateModified":"2022-01-27T13:07:36+00:00","description":"Ansigtsmaling til Erhverv 2 timer | Mangler du ro til at tale med for\u00e6ldre | Pr\u00f8v en ansigtsmaler | Det betaler sig | Jeg d\u00e6kker hele sj\u00e6lland | Bestil \u27a4\u27a4\u27a4","breadcrumb":{"@id":"http:\/\/niipit.dk\/ansigtsmaling\/produkt\/ansigtsmaling-til-erhverv-2-timer\/#breadcrumb"},"inLanguage":"da-DK","potentialAction":[{"@type":"ReadAction","target":["http:\/\/niipit.dk\/ansigtsmaling\/produkt\/ansigtsmaling-til-erhverv-2-timer\/"]}]},{"@type":"ImageObject","inLanguage":"da-DK","@id":"http:\/\/niipit.dk\/ansigtsmaling\/produkt\/ansigtsmaling-til-erhverv-2-timer\/#primaryimage","url":"https:\/\/niipit.dk\/ansigtsmaling\/wp-content\/uploads\/sites\/215\/2020\/01\/Ansigtsmaing-til-erhverv.jpg","contentUrl":"https:\/\/niipit.dk\/ansigtsmaling\/wp-content\/uploads\/sites\/215\/2020\/01\/Ansigtsmaing-til-erhverv.jpg","width":1080,"height":1080,"caption":"Ansigtsmaling-til-erhverv-shop"},{"@type":"BreadcrumbList","@id":"http:\/\/niipit.dk\/ansigtsmaling\/produkt\/ansigtsmaling-til-erhverv-2-timer\/#breadcrumb","itemListElement":[{"@type":"ListItem","position":1,"name":"Hjem","item":"https:\/\/niipit.dk\/ansigtsmaling\/"},{"@type":"ListItem","position":2,"name":"Shop","item":"http:\/\/niipit.dk\/ansigtsmaling\/shop\/"},{"@type":"ListItem","position":3,"name":"Ansigtsmaling til Erhverv 2 timer"}]},{"@type":"WebSite","@id":"https:\/\/niipit.dk\/ansigtsmaling\/#website","url":"https:\/\/niipit.dk\/ansigtsmaling\/","name":"Ansigtsmaling","description":"S\u00e6tter smil p\u00e5 ansigter. www.colorfulfaces.dk","potentialAction":[{"@type":"SearchAction","target":{"@type":"EntryPoint","urlTemplate":"https:\/\/niipit.dk\/ansigtsmaling\/?s={search_term_string}"},"query-input":{"@type":"PropertyValueSpecification","valueRequired":true,"valueName":"search_term_string"}}],"inLanguage":"da-DK"}]}},"_links":{"self":[{"href":"https:\/\/niipit.dk\/ansigtsmaling\/wp-json\/wp\/v2\/product\/7882","targetHints":{"allow":["GET"]}}],"collection":[{"href":"https:\/\/niipit.dk\/ansigtsmaling\/wp-json\/wp\/v2\/product"}],"about":[{"href":"https:\/\/niipit.dk\/ansigtsmaling\/wp-json\/wp\/v2\/types\/product"}],"wp:featuredmedia":[{"embeddable":true,"href":"https:\/\/niipit.dk\/ansigtsmaling\/wp-json\/wp\/v2\/media\/10445"}],"wp:attachment":[{"href":"https:\/\/niipit.dk\/ansigtsmaling\/wp-json\/wp\/v2\/media?parent=7882"}],"wp:term":[{"taxonomy":"product_brand","embeddable":true,"href":"https:\/\/niipit.dk\/ansigtsmaling\/wp-json\/wp\/v2\/product_brand?post=7882"},{"taxonomy":"product_cat","embeddable":true,"href":"https:\/\/niipit.dk\/ansigtsmaling\/wp-json\/wp\/v2\/product_cat?post=7882"},{"taxonomy":"product_tag","embeddable":true,"href":"https:\/\/niipit.dk\/ansigtsmaling\/wp-json\/wp\/v2\/product_tag?post=7882"},{"taxonomy":"shoptype","embeddable":true,"href":"https:\/\/niipit.dk\/ansigtsmaling\/wp-json\/wp\/v2\/shoptype?post=7882"}],"curies":[{"name":"wp","href":"https:\/\/api.w.org\/{rel}","templated":true}]}}