{"id":7876,"date":"2020-02-01T12:02:37","date_gmt":"2020-02-01T11:02:37","guid":{"rendered":"https:\/\/niipit.dk\/ansigtsmaling\/?post_type=product&#038;p=7876"},"modified":"2022-05-25T15:48:56","modified_gmt":"2022-05-25T13:48:56","slug":"ansigtsmaling-private-3-timer","status":"publish","type":"product","link":"https:\/\/niipit.dk\/ansigtsmaling\/produkt\/ansigtsmaling-private-3-timer\/","title":{"rendered":"Ansigtsmaling til Private 3 timer"},"content":{"rendered":"<h1>Ansigtsmaling private 3 timer<\/h1>\n<h2>Ansigtsmaler der kommer til jer og forvandler b\u00f8rnene til deres favorit dyr eller superhelt en aktivitet der er effektfuld b\u00e5de inde som udend\u00f8rs.<\/h2>\n<p><a href=\"http:\/\/www.colorfulfaces.dk\">Ansigtsmaling<\/a> private 3 timer<br \/>\nArrangement p\u00e5 tre timer, her kan der males op til 28 &#8211; 30 b\u00f8rn<\/p>\n<p><a href=\"https:\/\/niipit.dk\/ansigtsmaling\/produkt\/accessories-til-ansigtsmaling-tilvalg-pr-stk\/\">Denne pris er uden Accessories det skal bestilles udover.<\/a><\/p>\n<p>Der er intet s\u00e5 sjovt som effektfuld ansigtsmaling hvor man kan se pr\u00e6cis hvad det enkelte barn \u00f8nsker at v\u00e6re p\u00e5 dagen panda, sommerfugl, frost heltinde, tiger, l\u00f8ve, drage med store horn der er s\u00e5 mange muligheder for variation og farver, at alle kan f\u00e5 deres helt eget pr\u00e6g p\u00e5 lige deres motiv p\u00e5 dagen.<\/p>\n<h3>Action helt<\/h3>\n<p>Hvem vil ikke gerne se sit barn leve sin actionhelt dr\u00f8m ud som Spiderman, Kaptajn America, Cyborg eller Hulk.<\/p>\n<p>De forskellige motiver kan tilpasses de mindre b\u00f8rn s\u00e5ledes at der ikke males omkring munden, fordi det hurtigt bliver slikket af og til de st\u00f8rre b\u00f8rn som gerne vil v\u00e6re helt i overensstemmelse med deres valg p\u00e5 dagen.<\/p>\n<h3>Accessories<\/h3>\n<p>Tilf\u00f8j eventuelt accessoires\/ bling og du har et sikkert hit som drage horn formet i Magic Clay eller prinsesse pynt med perler p\u00e5 der totalt fuldender enhver ansigtsmaling og f\u00e5r barnet til at f\u00f8le sig som noget helt s\u00e6rligt p\u00e5 dagen.<\/p>\n<p>Ansigtsmalinger t\u00f8rre lynhurtigt og holder til alle de andre aktiviteter som ogs\u00e5 er arrangeret. Det bedste er at taget masser af billeder, s\u00e5 er det ganske ligetil at vaske makeuppen af med vand og s\u00e6be og selve accessoires kan gemmes og genbruges igen.<\/p>\n<p>&nbsp;<\/p>\n<p>Prisen vises inkl moms.<br \/>\n<a href=\"https:\/\/niipit.dk\/ansigtsmaling\/handelsbetingelser\/\">L\u00e6s gerne mine handelsbetingelser inden du bestiller.<\/a><\/p>\n<p><a href=\"https:\/\/niipit.dk\/ansigtsmaling\/kontakt\/\">Har du husket at booke tid f\u00f8r du betaler? ellers klik her.<\/a><\/p>\n","protected":false},"excerpt":{"rendered":"<p>Ansigtsmaling private 3 timer Ansigtsmaler der kommer til jer og forvandler b\u00f8rnene til deres favorit dyr eller superhelt en aktivitet der er effektfuld b\u00e5de inde som udend\u00f8rs. Ansigtsmaling private 3 timer Arrangement p\u00e5 tre timer, her kan der males op til 28 &#8211; 30 b\u00f8rn Denne pris er uden Accessories det skal bestilles udover. Der <a class=\"moretag btn btn-primary\" href=\"https:\/\/niipit.dk\/ansigtsmaling\/produkt\/ansigtsmaling-private-3-timer\/\">L\u00e6s mere<\/a><\/p>\n","protected":false},"featured_media":10473,"template":"","meta":{"_exactmetrics_skip_tracking":false,"_exactmetrics_sitenote_active":false,"_exactmetrics_sitenote_note":"","_exactmetrics_sitenote_category":0,"_monsterinsights_skip_tracking":false,"_monsterinsights_sitenote_active":false,"_monsterinsights_sitenote_note":"","_monsterinsights_sitenote_category":0},"product_brand":[],"product_cat":[2192],"product_tag":[],"shoptype":[],"class_list":{"0":"post-7876","1":"product","2":"type-product","3":"status-publish","4":"has-post-thumbnail","6":"product_cat-for-private","8":"first","9":"instock","10":"shipping-taxable","11":"purchasable","12":"product-type-simple"},"yoast_head":"<!-- This site is optimized with the Yoast SEO plugin v27.3 - https:\/\/yoast.com\/product\/yoast-seo-wordpress\/ -->\n<title>Ansigtsmaling til Private 3 timer op til 30 b\u00f8rn Fra kr. 2.462,-<\/title>\n<meta name=\"description\" content=\"Ansigtsmaling til Private 3 timer Barned\u00e5b, Konfirmation, Havefest, Vejfest, Halloween | Underholdning i verdens klasse | Jeg d\u00e6kker hele Sj\u00e6lland | Se nu \u27a4\" \/>\n<meta name=\"robots\" content=\"index, follow, max-snippet:-1, max-image-preview:large, max-video-preview:-1\" \/>\n<link rel=\"canonical\" href=\"https:\/\/niipit.dk\/ansigtsmaling\/produkt\/ansigtsmaling-private-3-timer\/\" \/>\n<meta property=\"og:locale\" content=\"da_DK\" \/>\n<meta property=\"og:type\" content=\"article\" \/>\n<meta property=\"og:title\" content=\"Ansigtsmaling til Private 3 timer op til 30 b\u00f8rn Fra kr. 2.462,-\" \/>\n<meta property=\"og:description\" content=\"Ansigtsmaling til Private 3 timer Barned\u00e5b, Konfirmation, Havefest, Vejfest, Halloween | Underholdning i verdens klasse | Jeg d\u00e6kker hele Sj\u00e6lland | Se nu \u27a4\" \/>\n<meta property=\"og:url\" content=\"https:\/\/niipit.dk\/ansigtsmaling\/produkt\/ansigtsmaling-private-3-timer\/\" \/>\n<meta property=\"og:site_name\" content=\"Ansigtsmaling\" \/>\n<meta property=\"article:modified_time\" content=\"2022-05-25T13:48:56+00:00\" \/>\n<meta name=\"twitter:card\" content=\"summary_large_image\" \/>\n<meta name=\"twitter:image\" content=\"https:\/\/niipit.dk\/ansigtsmaling\/wp-content\/uploads\/sites\/215\/2020\/02\/Ansigtsmaling-til-private-shop-1.jpg\" \/>\n<meta name=\"twitter:label1\" content=\"Estimeret l\u00e6setid\" \/>\n\t<meta name=\"twitter:data1\" content=\"2 minutter\" \/>\n<script type=\"application\/ld+json\" class=\"yoast-schema-graph\">{\"@context\":\"https:\\\/\\\/schema.org\",\"@graph\":[{\"@type\":\"WebPage\",\"@id\":\"https:\\\/\\\/niipit.dk\\\/ansigtsmaling\\\/produkt\\\/ansigtsmaling-private-3-timer\\\/\",\"url\":\"https:\\\/\\\/niipit.dk\\\/ansigtsmaling\\\/produkt\\\/ansigtsmaling-private-3-timer\\\/\",\"name\":\"Ansigtsmaling til Private 3 timer op til 30 b\u00f8rn Fra kr. 2.462,-\",\"isPartOf\":{\"@id\":\"https:\\\/\\\/niipit.dk\\\/ansigtsmaling\\\/#website\"},\"primaryImageOfPage\":{\"@id\":\"https:\\\/\\\/niipit.dk\\\/ansigtsmaling\\\/produkt\\\/ansigtsmaling-private-3-timer\\\/#primaryimage\"},\"image\":{\"@id\":\"https:\\\/\\\/niipit.dk\\\/ansigtsmaling\\\/produkt\\\/ansigtsmaling-private-3-timer\\\/#primaryimage\"},\"thumbnailUrl\":\"https:\\\/\\\/niipit.dk\\\/ansigtsmaling\\\/wp-content\\\/uploads\\\/sites\\\/215\\\/2020\\\/02\\\/Ansigtsmaling-til-private-shop-1.jpg\",\"datePublished\":\"2020-02-01T11:02:37+00:00\",\"dateModified\":\"2022-05-25T13:48:56+00:00\",\"description\":\"Ansigtsmaling til Private 3 timer Barned\u00e5b, Konfirmation, Havefest, Vejfest, Halloween | Underholdning i verdens klasse | Jeg d\u00e6kker hele Sj\u00e6lland | Se nu \u27a4\",\"breadcrumb\":{\"@id\":\"https:\\\/\\\/niipit.dk\\\/ansigtsmaling\\\/produkt\\\/ansigtsmaling-private-3-timer\\\/#breadcrumb\"},\"inLanguage\":\"da-DK\",\"potentialAction\":[{\"@type\":\"ReadAction\",\"target\":[\"https:\\\/\\\/niipit.dk\\\/ansigtsmaling\\\/produkt\\\/ansigtsmaling-private-3-timer\\\/\"]}]},{\"@type\":\"ImageObject\",\"inLanguage\":\"da-DK\",\"@id\":\"https:\\\/\\\/niipit.dk\\\/ansigtsmaling\\\/produkt\\\/ansigtsmaling-private-3-timer\\\/#primaryimage\",\"url\":\"https:\\\/\\\/niipit.dk\\\/ansigtsmaling\\\/wp-content\\\/uploads\\\/sites\\\/215\\\/2020\\\/02\\\/Ansigtsmaling-til-private-shop-1.jpg\",\"contentUrl\":\"https:\\\/\\\/niipit.dk\\\/ansigtsmaling\\\/wp-content\\\/uploads\\\/sites\\\/215\\\/2020\\\/02\\\/Ansigtsmaling-til-private-shop-1.jpg\",\"width\":1080,\"height\":1080,\"caption\":\"Ansigtsmaling-til-private-shop\"},{\"@type\":\"BreadcrumbList\",\"@id\":\"https:\\\/\\\/niipit.dk\\\/ansigtsmaling\\\/produkt\\\/ansigtsmaling-private-3-timer\\\/#breadcrumb\",\"itemListElement\":[{\"@type\":\"ListItem\",\"position\":1,\"name\":\"Hjem\",\"item\":\"https:\\\/\\\/niipit.dk\\\/ansigtsmaling\\\/\"},{\"@type\":\"ListItem\",\"position\":2,\"name\":\"Shop\",\"item\":\"https:\\\/\\\/niipit.dk\\\/ansigtsmaling\\\/shop\\\/\"},{\"@type\":\"ListItem\",\"position\":3,\"name\":\"Ansigtsmaling til Private 3 timer\"}]},{\"@type\":\"WebSite\",\"@id\":\"https:\\\/\\\/niipit.dk\\\/ansigtsmaling\\\/#website\",\"url\":\"https:\\\/\\\/niipit.dk\\\/ansigtsmaling\\\/\",\"name\":\"Ansigtsmaling\",\"description\":\"S\u00e6tter smil p\u00e5 ansigter. www.colorfulfaces.dk\",\"potentialAction\":[{\"@type\":\"SearchAction\",\"target\":{\"@type\":\"EntryPoint\",\"urlTemplate\":\"https:\\\/\\\/niipit.dk\\\/ansigtsmaling\\\/?s={search_term_string}\"},\"query-input\":{\"@type\":\"PropertyValueSpecification\",\"valueRequired\":true,\"valueName\":\"search_term_string\"}}],\"inLanguage\":\"da-DK\"}]}<\/script>\n<!-- \/ Yoast SEO plugin. -->","yoast_head_json":{"title":"Ansigtsmaling til Private 3 timer op til 30 b\u00f8rn Fra kr. 2.462,-","description":"Ansigtsmaling til Private 3 timer Barned\u00e5b, Konfirmation, Havefest, Vejfest, Halloween | Underholdning i verdens klasse | Jeg d\u00e6kker hele Sj\u00e6lland | Se nu \u27a4","robots":{"index":"index","follow":"follow","max-snippet":"max-snippet:-1","max-image-preview":"max-image-preview:large","max-video-preview":"max-video-preview:-1"},"canonical":"https:\/\/niipit.dk\/ansigtsmaling\/produkt\/ansigtsmaling-private-3-timer\/","og_locale":"da_DK","og_type":"article","og_title":"Ansigtsmaling til Private 3 timer op til 30 b\u00f8rn Fra kr. 2.462,-","og_description":"Ansigtsmaling til Private 3 timer Barned\u00e5b, Konfirmation, Havefest, Vejfest, Halloween | Underholdning i verdens klasse | Jeg d\u00e6kker hele Sj\u00e6lland | Se nu \u27a4","og_url":"https:\/\/niipit.dk\/ansigtsmaling\/produkt\/ansigtsmaling-private-3-timer\/","og_site_name":"Ansigtsmaling","article_modified_time":"2022-05-25T13:48:56+00:00","twitter_card":"summary_large_image","twitter_image":"https:\/\/niipit.dk\/ansigtsmaling\/wp-content\/uploads\/sites\/215\/2020\/02\/Ansigtsmaling-til-private-shop-1.jpg","twitter_misc":{"Estimeret l\u00e6setid":"2 minutter"},"schema":{"@context":"https:\/\/schema.org","@graph":[{"@type":"WebPage","@id":"https:\/\/niipit.dk\/ansigtsmaling\/produkt\/ansigtsmaling-private-3-timer\/","url":"https:\/\/niipit.dk\/ansigtsmaling\/produkt\/ansigtsmaling-private-3-timer\/","name":"Ansigtsmaling til Private 3 timer op til 30 b\u00f8rn Fra kr. 2.462,-","isPartOf":{"@id":"https:\/\/niipit.dk\/ansigtsmaling\/#website"},"primaryImageOfPage":{"@id":"https:\/\/niipit.dk\/ansigtsmaling\/produkt\/ansigtsmaling-private-3-timer\/#primaryimage"},"image":{"@id":"https:\/\/niipit.dk\/ansigtsmaling\/produkt\/ansigtsmaling-private-3-timer\/#primaryimage"},"thumbnailUrl":"https:\/\/niipit.dk\/ansigtsmaling\/wp-content\/uploads\/sites\/215\/2020\/02\/Ansigtsmaling-til-private-shop-1.jpg","datePublished":"2020-02-01T11:02:37+00:00","dateModified":"2022-05-25T13:48:56+00:00","description":"Ansigtsmaling til Private 3 timer Barned\u00e5b, Konfirmation, Havefest, Vejfest, Halloween | Underholdning i verdens klasse | Jeg d\u00e6kker hele Sj\u00e6lland | Se nu \u27a4","breadcrumb":{"@id":"https:\/\/niipit.dk\/ansigtsmaling\/produkt\/ansigtsmaling-private-3-timer\/#breadcrumb"},"inLanguage":"da-DK","potentialAction":[{"@type":"ReadAction","target":["https:\/\/niipit.dk\/ansigtsmaling\/produkt\/ansigtsmaling-private-3-timer\/"]}]},{"@type":"ImageObject","inLanguage":"da-DK","@id":"https:\/\/niipit.dk\/ansigtsmaling\/produkt\/ansigtsmaling-private-3-timer\/#primaryimage","url":"https:\/\/niipit.dk\/ansigtsmaling\/wp-content\/uploads\/sites\/215\/2020\/02\/Ansigtsmaling-til-private-shop-1.jpg","contentUrl":"https:\/\/niipit.dk\/ansigtsmaling\/wp-content\/uploads\/sites\/215\/2020\/02\/Ansigtsmaling-til-private-shop-1.jpg","width":1080,"height":1080,"caption":"Ansigtsmaling-til-private-shop"},{"@type":"BreadcrumbList","@id":"https:\/\/niipit.dk\/ansigtsmaling\/produkt\/ansigtsmaling-private-3-timer\/#breadcrumb","itemListElement":[{"@type":"ListItem","position":1,"name":"Hjem","item":"https:\/\/niipit.dk\/ansigtsmaling\/"},{"@type":"ListItem","position":2,"name":"Shop","item":"https:\/\/niipit.dk\/ansigtsmaling\/shop\/"},{"@type":"ListItem","position":3,"name":"Ansigtsmaling til Private 3 timer"}]},{"@type":"WebSite","@id":"https:\/\/niipit.dk\/ansigtsmaling\/#website","url":"https:\/\/niipit.dk\/ansigtsmaling\/","name":"Ansigtsmaling","description":"S\u00e6tter smil p\u00e5 ansigter. www.colorfulfaces.dk","potentialAction":[{"@type":"SearchAction","target":{"@type":"EntryPoint","urlTemplate":"https:\/\/niipit.dk\/ansigtsmaling\/?s={search_term_string}"},"query-input":{"@type":"PropertyValueSpecification","valueRequired":true,"valueName":"search_term_string"}}],"inLanguage":"da-DK"}]}},"_links":{"self":[{"href":"https:\/\/niipit.dk\/ansigtsmaling\/wp-json\/wp\/v2\/product\/7876","targetHints":{"allow":["GET"]}}],"collection":[{"href":"https:\/\/niipit.dk\/ansigtsmaling\/wp-json\/wp\/v2\/product"}],"about":[{"href":"https:\/\/niipit.dk\/ansigtsmaling\/wp-json\/wp\/v2\/types\/product"}],"wp:featuredmedia":[{"embeddable":true,"href":"https:\/\/niipit.dk\/ansigtsmaling\/wp-json\/wp\/v2\/media\/10473"}],"wp:attachment":[{"href":"https:\/\/niipit.dk\/ansigtsmaling\/wp-json\/wp\/v2\/media?parent=7876"}],"wp:term":[{"taxonomy":"product_brand","embeddable":true,"href":"https:\/\/niipit.dk\/ansigtsmaling\/wp-json\/wp\/v2\/product_brand?post=7876"},{"taxonomy":"product_cat","embeddable":true,"href":"https:\/\/niipit.dk\/ansigtsmaling\/wp-json\/wp\/v2\/product_cat?post=7876"},{"taxonomy":"product_tag","embeddable":true,"href":"https:\/\/niipit.dk\/ansigtsmaling\/wp-json\/wp\/v2\/product_tag?post=7876"},{"taxonomy":"shoptype","embeddable":true,"href":"https:\/\/niipit.dk\/ansigtsmaling\/wp-json\/wp\/v2\/shoptype?post=7876"}],"curies":[{"name":"wp","href":"https:\/\/api.w.org\/{rel}","templated":true}]}}