{"id":7833,"date":"2020-02-01T12:01:19","date_gmt":"2020-02-01T11:01:19","guid":{"rendered":"https:\/\/niipit.dk\/ansigtsmaling\/?post_type=product&#038;p=7833"},"modified":"2022-05-25T15:42:12","modified_gmt":"2022-05-25T13:42:12","slug":"ansigtsmaling-til-private-2-timer","status":"publish","type":"product","link":"https:\/\/niipit.dk\/ansigtsmaling\/produkt\/ansigtsmaling-til-private-2-timer\/","title":{"rendered":"Ansigtsmaling til Private 2 timer"},"content":{"rendered":"<h1>Ansigtsmaling til Private 2 timer<\/h1>\n<h2>Til b\u00f8rnef\u00f8dselsdag eller legegruppe ankommer Tina.<br \/>\nmed sig har hun en kuffert fuld af kvalitets ansigtsmaling og maler alle b\u00f8rnene til actionhelte, drager eller prinsesser.<\/h2>\n<p><a href=\"http:\/\/www.colorfulfaces.dk\">Ansigtsmaling<\/a> til Private 2 timer best\u00e5r af f\u00f8lgende:<br \/>\nArrangement p\u00e5 to timer, her kan der males op til 18 &#8211; 20 b\u00f8rn<\/p>\n<p><a href=\"https:\/\/niipit.dk\/ansigtsmaling\/produkt\/accessories-til-ansigtsmaling-tilvalg-pr-stk\/\">Denne pris er uden Accessories det skal bestilles udover.<\/a><\/p>\n<p>St\u00e5r du med to veninder eller to bedste venner som \u00f8nsker at sl\u00e5 deres lege-gruppe eller f\u00f8dselsdagsfest sammen. S\u00e5 er her en super mulighed for dig at booke Tina, til at ankomme og finde b\u00f8rnenes indre helt eller heltinde frem.<\/p>\n<p>Min kuffert indeholder regnbue farver b\u00e5de til drenge og piger s\u00e5ledes at alle f\u00e5r deres \u00f8nske opfyldt med eller uden en masse bling og glitter.<\/p>\n<h2>Det er b\u00f8rn vilde med<\/h2>\n<p>Popul\u00e6re ansigts motiver er:\u00a0 Anna og Elsa, drager med store horn, Spiderman, eller et mix af Spiderman\/ Wolverine og Kaptajn america i en og samme ansigtsmaling. Jeps det kan godt lade sig g\u00f8re.<\/p>\n<p>Hvad er ellers interessant jeg n\u00e6vner i fl\u00e6ng: kaniner, katte, hunde, elefanter, giraffer, l\u00f8ver, tiger, panda, enhj\u00f8rning og sommerfugle.<\/p>\n<p>Det er nemt for mig at tilpasse motivet til de mindste s\u00f8skende eller st\u00f8rre b\u00f8rn. S\u00e5ledes at alle f\u00e5r deres helt egen udgave af et popul\u00e6rt motiv. Det alle sjovest er bagefter n\u00e5r b\u00f8rnene l\u00f8ber rundt og tjekker hinanden ansigter ud.<\/p>\n<p>Hvis det er okay med dig tager jeg gerne et billede af alle b\u00f8rnene og sender dem til dig bagefter, minderne har du for altid.<\/p>\n<p>&nbsp;<\/p>\n<p>Prisen vises inkl moms.<br \/>\n<a href=\"https:\/\/niipit.dk\/ansigtsmaling\/handelsbetingelser\/\">L\u00e6s gerne mine handelsbetingelser inden du bestiller.<\/a><\/p>\n<p><a href=\"https:\/\/niipit.dk\/ansigtsmaling\/kontakt\/\">Har du husket at booke tid f\u00f8r du betaler? ellers klik her.<\/a><\/p>\n","protected":false},"excerpt":{"rendered":"<p>Ansigtsmaling til Private 2 timer Til b\u00f8rnef\u00f8dselsdag eller legegruppe ankommer Tina. med sig har hun en kuffert fuld af kvalitets ansigtsmaling og maler alle b\u00f8rnene til actionhelte, drager eller prinsesser. Ansigtsmaling til Private 2 timer best\u00e5r af f\u00f8lgende: Arrangement p\u00e5 to timer, her kan der males op til 18 &#8211; 20 b\u00f8rn Denne pris er <a class=\"moretag btn btn-primary\" href=\"https:\/\/niipit.dk\/ansigtsmaling\/produkt\/ansigtsmaling-til-private-2-timer\/\">L\u00e6s mere<\/a><\/p>\n","protected":false},"featured_media":10450,"template":"","meta":{"_exactmetrics_skip_tracking":false,"_exactmetrics_sitenote_active":false,"_exactmetrics_sitenote_note":"","_exactmetrics_sitenote_category":0,"_monsterinsights_skip_tracking":false,"_monsterinsights_sitenote_active":false,"_monsterinsights_sitenote_note":"","_monsterinsights_sitenote_category":0},"product_brand":[],"product_cat":[2192],"product_tag":[],"shoptype":[],"class_list":{"0":"post-7833","1":"product","2":"type-product","3":"status-publish","4":"has-post-thumbnail","6":"product_cat-for-private","8":"first","9":"instock","10":"shipping-taxable","11":"purchasable","12":"product-type-simple"},"yoast_head":"<!-- This site is optimized with the Yoast SEO plugin v27.3 - https:\/\/yoast.com\/product\/yoast-seo-wordpress\/ -->\n<title>Ansigtsmaling til Private 2 timer op til 20 b\u00f8rn fra kr.1.845,-<\/title>\n<meta name=\"description\" content=\"Ansigtsmaling til Private 2 timer Barned\u00e5b, B\u00f8rnef\u00f8dselsdag, Konfirmation, Fastelavn, Fastelavn, Halloween | Jeg d\u00e6kker hele sj\u00e6lland | Se hele pakken her \u27a4\" \/>\n<meta name=\"robots\" content=\"index, follow, max-snippet:-1, max-image-preview:large, max-video-preview:-1\" \/>\n<link rel=\"canonical\" href=\"https:\/\/niipit.dk\/ansigtsmaling\/produkt\/ansigtsmaling-til-private-2-timer\/\" \/>\n<meta property=\"og:locale\" content=\"da_DK\" \/>\n<meta property=\"og:type\" content=\"article\" \/>\n<meta property=\"og:title\" content=\"Ansigtsmaling til Private 2 timer op til 20 b\u00f8rn fra kr.1.845,-\" \/>\n<meta property=\"og:description\" content=\"Ansigtsmaling til Private 2 timer Barned\u00e5b, B\u00f8rnef\u00f8dselsdag, Konfirmation, Fastelavn, Fastelavn, Halloween | Jeg d\u00e6kker hele sj\u00e6lland | Se hele pakken her \u27a4\" \/>\n<meta property=\"og:url\" content=\"https:\/\/niipit.dk\/ansigtsmaling\/produkt\/ansigtsmaling-til-private-2-timer\/\" \/>\n<meta property=\"og:site_name\" content=\"Ansigtsmaling\" \/>\n<meta property=\"article:modified_time\" content=\"2022-05-25T13:42:12+00:00\" \/>\n<meta name=\"twitter:card\" content=\"summary_large_image\" \/>\n<meta name=\"twitter:image\" content=\"https:\/\/niipit.dk\/ansigtsmaling\/wp-content\/uploads\/sites\/215\/2020\/02\/Ansigtsmaling-til-private-2-shop.jpg\" \/>\n<meta name=\"twitter:label1\" content=\"Estimeret l\u00e6setid\" \/>\n\t<meta name=\"twitter:data1\" content=\"2 minutter\" \/>\n<script type=\"application\/ld+json\" class=\"yoast-schema-graph\">{\"@context\":\"https:\\\/\\\/schema.org\",\"@graph\":[{\"@type\":\"WebPage\",\"@id\":\"https:\\\/\\\/niipit.dk\\\/ansigtsmaling\\\/produkt\\\/ansigtsmaling-til-private-2-timer\\\/\",\"url\":\"https:\\\/\\\/niipit.dk\\\/ansigtsmaling\\\/produkt\\\/ansigtsmaling-til-private-2-timer\\\/\",\"name\":\"Ansigtsmaling til Private 2 timer op til 20 b\u00f8rn fra kr.1.845,-\",\"isPartOf\":{\"@id\":\"https:\\\/\\\/niipit.dk\\\/ansigtsmaling\\\/#website\"},\"primaryImageOfPage\":{\"@id\":\"https:\\\/\\\/niipit.dk\\\/ansigtsmaling\\\/produkt\\\/ansigtsmaling-til-private-2-timer\\\/#primaryimage\"},\"image\":{\"@id\":\"https:\\\/\\\/niipit.dk\\\/ansigtsmaling\\\/produkt\\\/ansigtsmaling-til-private-2-timer\\\/#primaryimage\"},\"thumbnailUrl\":\"https:\\\/\\\/niipit.dk\\\/ansigtsmaling\\\/wp-content\\\/uploads\\\/sites\\\/215\\\/2020\\\/02\\\/Ansigtsmaling-til-private-2-shop.jpg\",\"datePublished\":\"2020-02-01T11:01:19+00:00\",\"dateModified\":\"2022-05-25T13:42:12+00:00\",\"description\":\"Ansigtsmaling til Private 2 timer Barned\u00e5b, B\u00f8rnef\u00f8dselsdag, Konfirmation, Fastelavn, Fastelavn, Halloween | Jeg d\u00e6kker hele sj\u00e6lland | Se hele pakken her \u27a4\",\"breadcrumb\":{\"@id\":\"https:\\\/\\\/niipit.dk\\\/ansigtsmaling\\\/produkt\\\/ansigtsmaling-til-private-2-timer\\\/#breadcrumb\"},\"inLanguage\":\"da-DK\",\"potentialAction\":[{\"@type\":\"ReadAction\",\"target\":[\"https:\\\/\\\/niipit.dk\\\/ansigtsmaling\\\/produkt\\\/ansigtsmaling-til-private-2-timer\\\/\"]}]},{\"@type\":\"ImageObject\",\"inLanguage\":\"da-DK\",\"@id\":\"https:\\\/\\\/niipit.dk\\\/ansigtsmaling\\\/produkt\\\/ansigtsmaling-til-private-2-timer\\\/#primaryimage\",\"url\":\"https:\\\/\\\/niipit.dk\\\/ansigtsmaling\\\/wp-content\\\/uploads\\\/sites\\\/215\\\/2020\\\/02\\\/Ansigtsmaling-til-private-2-shop.jpg\",\"contentUrl\":\"https:\\\/\\\/niipit.dk\\\/ansigtsmaling\\\/wp-content\\\/uploads\\\/sites\\\/215\\\/2020\\\/02\\\/Ansigtsmaling-til-private-2-shop.jpg\",\"width\":1080,\"height\":1080,\"caption\":\"Ansigtsmaling-til-Private-2-timer\"},{\"@type\":\"BreadcrumbList\",\"@id\":\"https:\\\/\\\/niipit.dk\\\/ansigtsmaling\\\/produkt\\\/ansigtsmaling-til-private-2-timer\\\/#breadcrumb\",\"itemListElement\":[{\"@type\":\"ListItem\",\"position\":1,\"name\":\"Hjem\",\"item\":\"https:\\\/\\\/niipit.dk\\\/ansigtsmaling\\\/\"},{\"@type\":\"ListItem\",\"position\":2,\"name\":\"Shop\",\"item\":\"https:\\\/\\\/niipit.dk\\\/ansigtsmaling\\\/shop\\\/\"},{\"@type\":\"ListItem\",\"position\":3,\"name\":\"Ansigtsmaling til Private 2 timer\"}]},{\"@type\":\"WebSite\",\"@id\":\"https:\\\/\\\/niipit.dk\\\/ansigtsmaling\\\/#website\",\"url\":\"https:\\\/\\\/niipit.dk\\\/ansigtsmaling\\\/\",\"name\":\"Ansigtsmaling\",\"description\":\"S\u00e6tter smil p\u00e5 ansigter. www.colorfulfaces.dk\",\"potentialAction\":[{\"@type\":\"SearchAction\",\"target\":{\"@type\":\"EntryPoint\",\"urlTemplate\":\"https:\\\/\\\/niipit.dk\\\/ansigtsmaling\\\/?s={search_term_string}\"},\"query-input\":{\"@type\":\"PropertyValueSpecification\",\"valueRequired\":true,\"valueName\":\"search_term_string\"}}],\"inLanguage\":\"da-DK\"}]}<\/script>\n<!-- \/ Yoast SEO plugin. -->","yoast_head_json":{"title":"Ansigtsmaling til Private 2 timer op til 20 b\u00f8rn fra kr.1.845,-","description":"Ansigtsmaling til Private 2 timer Barned\u00e5b, B\u00f8rnef\u00f8dselsdag, Konfirmation, Fastelavn, Fastelavn, Halloween | Jeg d\u00e6kker hele sj\u00e6lland | Se hele pakken her \u27a4","robots":{"index":"index","follow":"follow","max-snippet":"max-snippet:-1","max-image-preview":"max-image-preview:large","max-video-preview":"max-video-preview:-1"},"canonical":"https:\/\/niipit.dk\/ansigtsmaling\/produkt\/ansigtsmaling-til-private-2-timer\/","og_locale":"da_DK","og_type":"article","og_title":"Ansigtsmaling til Private 2 timer op til 20 b\u00f8rn fra kr.1.845,-","og_description":"Ansigtsmaling til Private 2 timer Barned\u00e5b, B\u00f8rnef\u00f8dselsdag, Konfirmation, Fastelavn, Fastelavn, Halloween | Jeg d\u00e6kker hele sj\u00e6lland | Se hele pakken her \u27a4","og_url":"https:\/\/niipit.dk\/ansigtsmaling\/produkt\/ansigtsmaling-til-private-2-timer\/","og_site_name":"Ansigtsmaling","article_modified_time":"2022-05-25T13:42:12+00:00","twitter_card":"summary_large_image","twitter_image":"https:\/\/niipit.dk\/ansigtsmaling\/wp-content\/uploads\/sites\/215\/2020\/02\/Ansigtsmaling-til-private-2-shop.jpg","twitter_misc":{"Estimeret l\u00e6setid":"2 minutter"},"schema":{"@context":"https:\/\/schema.org","@graph":[{"@type":"WebPage","@id":"https:\/\/niipit.dk\/ansigtsmaling\/produkt\/ansigtsmaling-til-private-2-timer\/","url":"https:\/\/niipit.dk\/ansigtsmaling\/produkt\/ansigtsmaling-til-private-2-timer\/","name":"Ansigtsmaling til Private 2 timer op til 20 b\u00f8rn fra kr.1.845,-","isPartOf":{"@id":"https:\/\/niipit.dk\/ansigtsmaling\/#website"},"primaryImageOfPage":{"@id":"https:\/\/niipit.dk\/ansigtsmaling\/produkt\/ansigtsmaling-til-private-2-timer\/#primaryimage"},"image":{"@id":"https:\/\/niipit.dk\/ansigtsmaling\/produkt\/ansigtsmaling-til-private-2-timer\/#primaryimage"},"thumbnailUrl":"https:\/\/niipit.dk\/ansigtsmaling\/wp-content\/uploads\/sites\/215\/2020\/02\/Ansigtsmaling-til-private-2-shop.jpg","datePublished":"2020-02-01T11:01:19+00:00","dateModified":"2022-05-25T13:42:12+00:00","description":"Ansigtsmaling til Private 2 timer Barned\u00e5b, B\u00f8rnef\u00f8dselsdag, Konfirmation, Fastelavn, Fastelavn, Halloween | Jeg d\u00e6kker hele sj\u00e6lland | Se hele pakken her \u27a4","breadcrumb":{"@id":"https:\/\/niipit.dk\/ansigtsmaling\/produkt\/ansigtsmaling-til-private-2-timer\/#breadcrumb"},"inLanguage":"da-DK","potentialAction":[{"@type":"ReadAction","target":["https:\/\/niipit.dk\/ansigtsmaling\/produkt\/ansigtsmaling-til-private-2-timer\/"]}]},{"@type":"ImageObject","inLanguage":"da-DK","@id":"https:\/\/niipit.dk\/ansigtsmaling\/produkt\/ansigtsmaling-til-private-2-timer\/#primaryimage","url":"https:\/\/niipit.dk\/ansigtsmaling\/wp-content\/uploads\/sites\/215\/2020\/02\/Ansigtsmaling-til-private-2-shop.jpg","contentUrl":"https:\/\/niipit.dk\/ansigtsmaling\/wp-content\/uploads\/sites\/215\/2020\/02\/Ansigtsmaling-til-private-2-shop.jpg","width":1080,"height":1080,"caption":"Ansigtsmaling-til-Private-2-timer"},{"@type":"BreadcrumbList","@id":"https:\/\/niipit.dk\/ansigtsmaling\/produkt\/ansigtsmaling-til-private-2-timer\/#breadcrumb","itemListElement":[{"@type":"ListItem","position":1,"name":"Hjem","item":"https:\/\/niipit.dk\/ansigtsmaling\/"},{"@type":"ListItem","position":2,"name":"Shop","item":"https:\/\/niipit.dk\/ansigtsmaling\/shop\/"},{"@type":"ListItem","position":3,"name":"Ansigtsmaling til Private 2 timer"}]},{"@type":"WebSite","@id":"https:\/\/niipit.dk\/ansigtsmaling\/#website","url":"https:\/\/niipit.dk\/ansigtsmaling\/","name":"Ansigtsmaling","description":"S\u00e6tter smil p\u00e5 ansigter. www.colorfulfaces.dk","potentialAction":[{"@type":"SearchAction","target":{"@type":"EntryPoint","urlTemplate":"https:\/\/niipit.dk\/ansigtsmaling\/?s={search_term_string}"},"query-input":{"@type":"PropertyValueSpecification","valueRequired":true,"valueName":"search_term_string"}}],"inLanguage":"da-DK"}]}},"_links":{"self":[{"href":"https:\/\/niipit.dk\/ansigtsmaling\/wp-json\/wp\/v2\/product\/7833","targetHints":{"allow":["GET"]}}],"collection":[{"href":"https:\/\/niipit.dk\/ansigtsmaling\/wp-json\/wp\/v2\/product"}],"about":[{"href":"https:\/\/niipit.dk\/ansigtsmaling\/wp-json\/wp\/v2\/types\/product"}],"wp:featuredmedia":[{"embeddable":true,"href":"https:\/\/niipit.dk\/ansigtsmaling\/wp-json\/wp\/v2\/media\/10450"}],"wp:attachment":[{"href":"https:\/\/niipit.dk\/ansigtsmaling\/wp-json\/wp\/v2\/media?parent=7833"}],"wp:term":[{"taxonomy":"product_brand","embeddable":true,"href":"https:\/\/niipit.dk\/ansigtsmaling\/wp-json\/wp\/v2\/product_brand?post=7833"},{"taxonomy":"product_cat","embeddable":true,"href":"https:\/\/niipit.dk\/ansigtsmaling\/wp-json\/wp\/v2\/product_cat?post=7833"},{"taxonomy":"product_tag","embeddable":true,"href":"https:\/\/niipit.dk\/ansigtsmaling\/wp-json\/wp\/v2\/product_tag?post=7833"},{"taxonomy":"shoptype","embeddable":true,"href":"https:\/\/niipit.dk\/ansigtsmaling\/wp-json\/wp\/v2\/shoptype?post=7833"}],"curies":[{"name":"wp","href":"https:\/\/api.w.org\/{rel}","templated":true}]}}