{"id":7832,"date":"2020-02-01T12:00:32","date_gmt":"2020-02-01T11:00:32","guid":{"rendered":"https:\/\/niipit.dk\/ansigtsmaling\/?post_type=product&#038;p=7832"},"modified":"2022-05-25T15:57:52","modified_gmt":"2022-05-25T13:57:52","slug":"ansigtsmaling-til-private-1-time","status":"publish","type":"product","link":"https:\/\/niipit.dk\/ansigtsmaling\/produkt\/ansigtsmaling-til-private-1-time\/","title":{"rendered":"Ansigtsmaling til Private 1 time"},"content":{"rendered":"<h1>Ansigtsmaling til Private 1 time.<\/h1>\n<h2>En hyggelig aktivitet hvor Tina kommer til jer og forvandler alle b\u00f8rnene til deres favorit helt eller prinsesser\/ prinser med ansigtsmaling.<\/h2>\n<p><a href=\"http:\/\/www.colorfulfaces.dk\">Ansigtsmaling<\/a> til Private 1 time best\u00e5r af:<br \/>\nArrangement p\u00e5 en time, her kan der males op til 10 &#8211; 12 b\u00f8rn<\/p>\n<p><a href=\"https:\/\/niipit.dk\/ansigtsmaling\/produkt\/accessories-til-ansigtsmaling-tilvalg-pr-stk\/\">Denne pris er uden Accessories det skal bestilles udover.<\/a><\/p>\n<p>St\u00e5r du og skal arrangere en hyggestund for dine b\u00f8rn, hvorfor ikke booke Tina som ankommer med alle sine id\u00e9er og hj\u00e6lper ud med at fremtrylle b\u00f8rnenes \u00f8nsker om at v\u00e6re som deres helt for en dag.<\/p>\n<p>Eller det bliver den bedste MGP fest nogensinde med masser af glimmer og glade regnbue b\u00f8rn som render rundt og danser samt hygger sig, b\u00e5de glimmer og ansigtsmaling kan tilpasses i temaer eller s\u00e5gar farve koordineres s\u00e5 det passer til fest deltagernes t\u00f8j.<\/p>\n<h3>Hvis dit barn har et \u00f8nske om ansigtsmaling, s\u00e5 pr\u00f8v det inden barnet vokser fra det!<\/h3>\n<p>Det er ganske ligetil Tina forvandler b\u00f8rn til prinsesser og prinser eller katte, hunde, unicorns med flotte blomster og meget mere.<\/p>\n<p>Det er som \u201dicing on the cake\u201d og det giver rigtige sjove minder til alle som deltager, is\u00e6r hvis de inviteret ankommer i sjovt og festligt t\u00f8j som passer til anledningen, det bliver ikke nemmere og alt du skal huske er at tage billeder af hyggen.<\/p>\n<p>&nbsp;<\/p>\n<p>Prisen vises inkl moms.<br \/>\n<a href=\"https:\/\/niipit.dk\/ansigtsmaling\/handelsbetingelser\/\">L\u00e6s gerne mine handelsbetingelser inden du bestiller.<\/a><\/p>\n<p><a href=\"https:\/\/niipit.dk\/ansigtsmaling\/kontakt\/\">Har du husket at booke tid f\u00f8r du betaler? ellers klik her.<\/a><\/p>\n","protected":false},"excerpt":{"rendered":"<p>Ansigtsmaling til Private 1 time. En hyggelig aktivitet hvor Tina kommer til jer og forvandler alle b\u00f8rnene til deres favorit helt eller prinsesser\/ prinser med ansigtsmaling. Ansigtsmaling til Private 1 time best\u00e5r af: Arrangement p\u00e5 en time, her kan der males op til 10 &#8211; 12 b\u00f8rn Denne pris er uden Accessories det skal bestilles <a class=\"moretag btn btn-primary\" href=\"https:\/\/niipit.dk\/ansigtsmaling\/produkt\/ansigtsmaling-til-private-1-time\/\">L\u00e6s mere<\/a><\/p>\n","protected":false},"featured_media":10449,"template":"","meta":{"_exactmetrics_skip_tracking":false,"_exactmetrics_sitenote_active":false,"_exactmetrics_sitenote_note":"","_exactmetrics_sitenote_category":0,"_monsterinsights_skip_tracking":false,"_monsterinsights_sitenote_active":false,"_monsterinsights_sitenote_note":"","_monsterinsights_sitenote_category":0},"product_brand":[],"product_cat":[2192],"product_tag":[],"shoptype":[],"class_list":{"0":"post-7832","1":"product","2":"type-product","3":"status-publish","4":"has-post-thumbnail","6":"product_cat-for-private","8":"first","9":"instock","10":"shipping-taxable","11":"purchasable","12":"product-type-simple"},"yoast_head":"<!-- This site is optimized with the Yoast SEO plugin v27.3 - https:\/\/yoast.com\/product\/yoast-seo-wordpress\/ -->\n<title>Ansigtsmaling til Private 1 time op til 10 b\u00f8rn<\/title>\n<meta name=\"description\" content=\"Ansigtsmaling til Private 1 time Pyjamasparty, Barned\u00e5b, B\u00f8rnef\u00f8dselsdag, Familief\u00f8dselsdag | Sjov til de sm\u00e5 for f\u00e5 penge | Jeg d\u00e6kker hele sj\u00e6lland\" \/>\n<meta name=\"robots\" content=\"index, follow, max-snippet:-1, max-image-preview:large, max-video-preview:-1\" \/>\n<link rel=\"canonical\" href=\"https:\/\/niipit.dk\/ansigtsmaling\/produkt\/ansigtsmaling-til-private-1-time\/\" \/>\n<meta property=\"og:locale\" content=\"da_DK\" \/>\n<meta property=\"og:type\" content=\"article\" \/>\n<meta property=\"og:title\" content=\"Ansigtsmaling til Private 1 time op til 10 b\u00f8rn\" \/>\n<meta property=\"og:description\" content=\"Ansigtsmaling til Private 1 time Pyjamasparty, Barned\u00e5b, B\u00f8rnef\u00f8dselsdag, Familief\u00f8dselsdag | Sjov til de sm\u00e5 for f\u00e5 penge | Jeg d\u00e6kker hele sj\u00e6lland\" \/>\n<meta property=\"og:url\" content=\"https:\/\/niipit.dk\/ansigtsmaling\/produkt\/ansigtsmaling-til-private-1-time\/\" \/>\n<meta property=\"og:site_name\" content=\"Ansigtsmaling\" \/>\n<meta property=\"article:modified_time\" content=\"2022-05-25T13:57:52+00:00\" \/>\n<meta name=\"twitter:card\" content=\"summary_large_image\" \/>\n<meta name=\"twitter:image\" content=\"https:\/\/niipit.dk\/ansigtsmaling\/wp-content\/uploads\/sites\/215\/2020\/02\/Ansigtsmaling-private-1-shop.jpg\" \/>\n<meta name=\"twitter:label1\" content=\"Estimeret l\u00e6setid\" \/>\n\t<meta name=\"twitter:data1\" content=\"2 minutter\" \/>\n<script type=\"application\/ld+json\" class=\"yoast-schema-graph\">{\"@context\":\"https:\\\/\\\/schema.org\",\"@graph\":[{\"@type\":\"WebPage\",\"@id\":\"https:\\\/\\\/niipit.dk\\\/ansigtsmaling\\\/produkt\\\/ansigtsmaling-til-private-1-time\\\/\",\"url\":\"https:\\\/\\\/niipit.dk\\\/ansigtsmaling\\\/produkt\\\/ansigtsmaling-til-private-1-time\\\/\",\"name\":\"Ansigtsmaling til Private 1 time op til 10 b\u00f8rn\",\"isPartOf\":{\"@id\":\"https:\\\/\\\/niipit.dk\\\/ansigtsmaling\\\/#website\"},\"primaryImageOfPage\":{\"@id\":\"https:\\\/\\\/niipit.dk\\\/ansigtsmaling\\\/produkt\\\/ansigtsmaling-til-private-1-time\\\/#primaryimage\"},\"image\":{\"@id\":\"https:\\\/\\\/niipit.dk\\\/ansigtsmaling\\\/produkt\\\/ansigtsmaling-til-private-1-time\\\/#primaryimage\"},\"thumbnailUrl\":\"https:\\\/\\\/niipit.dk\\\/ansigtsmaling\\\/wp-content\\\/uploads\\\/sites\\\/215\\\/2020\\\/02\\\/Ansigtsmaling-private-1-shop.jpg\",\"datePublished\":\"2020-02-01T11:00:32+00:00\",\"dateModified\":\"2022-05-25T13:57:52+00:00\",\"description\":\"Ansigtsmaling til Private 1 time Pyjamasparty, Barned\u00e5b, B\u00f8rnef\u00f8dselsdag, Familief\u00f8dselsdag | Sjov til de sm\u00e5 for f\u00e5 penge | Jeg d\u00e6kker hele sj\u00e6lland\",\"breadcrumb\":{\"@id\":\"https:\\\/\\\/niipit.dk\\\/ansigtsmaling\\\/produkt\\\/ansigtsmaling-til-private-1-time\\\/#breadcrumb\"},\"inLanguage\":\"da-DK\",\"potentialAction\":[{\"@type\":\"ReadAction\",\"target\":[\"https:\\\/\\\/niipit.dk\\\/ansigtsmaling\\\/produkt\\\/ansigtsmaling-til-private-1-time\\\/\"]}]},{\"@type\":\"ImageObject\",\"inLanguage\":\"da-DK\",\"@id\":\"https:\\\/\\\/niipit.dk\\\/ansigtsmaling\\\/produkt\\\/ansigtsmaling-til-private-1-time\\\/#primaryimage\",\"url\":\"https:\\\/\\\/niipit.dk\\\/ansigtsmaling\\\/wp-content\\\/uploads\\\/sites\\\/215\\\/2020\\\/02\\\/Ansigtsmaling-private-1-shop.jpg\",\"contentUrl\":\"https:\\\/\\\/niipit.dk\\\/ansigtsmaling\\\/wp-content\\\/uploads\\\/sites\\\/215\\\/2020\\\/02\\\/Ansigtsmaling-private-1-shop.jpg\",\"width\":1080,\"height\":1080,\"caption\":\"Ansigtsmaling-til-Private-1-timer\"},{\"@type\":\"BreadcrumbList\",\"@id\":\"https:\\\/\\\/niipit.dk\\\/ansigtsmaling\\\/produkt\\\/ansigtsmaling-til-private-1-time\\\/#breadcrumb\",\"itemListElement\":[{\"@type\":\"ListItem\",\"position\":1,\"name\":\"Hjem\",\"item\":\"https:\\\/\\\/niipit.dk\\\/ansigtsmaling\\\/\"},{\"@type\":\"ListItem\",\"position\":2,\"name\":\"Shop\",\"item\":\"https:\\\/\\\/niipit.dk\\\/ansigtsmaling\\\/shop\\\/\"},{\"@type\":\"ListItem\",\"position\":3,\"name\":\"Ansigtsmaling til Private 1 time\"}]},{\"@type\":\"WebSite\",\"@id\":\"https:\\\/\\\/niipit.dk\\\/ansigtsmaling\\\/#website\",\"url\":\"https:\\\/\\\/niipit.dk\\\/ansigtsmaling\\\/\",\"name\":\"Ansigtsmaling\",\"description\":\"S\u00e6tter smil p\u00e5 ansigter. www.colorfulfaces.dk\",\"potentialAction\":[{\"@type\":\"SearchAction\",\"target\":{\"@type\":\"EntryPoint\",\"urlTemplate\":\"https:\\\/\\\/niipit.dk\\\/ansigtsmaling\\\/?s={search_term_string}\"},\"query-input\":{\"@type\":\"PropertyValueSpecification\",\"valueRequired\":true,\"valueName\":\"search_term_string\"}}],\"inLanguage\":\"da-DK\"}]}<\/script>\n<!-- \/ Yoast SEO plugin. -->","yoast_head_json":{"title":"Ansigtsmaling til Private 1 time op til 10 b\u00f8rn","description":"Ansigtsmaling til Private 1 time Pyjamasparty, Barned\u00e5b, B\u00f8rnef\u00f8dselsdag, Familief\u00f8dselsdag | Sjov til de sm\u00e5 for f\u00e5 penge | Jeg d\u00e6kker hele sj\u00e6lland","robots":{"index":"index","follow":"follow","max-snippet":"max-snippet:-1","max-image-preview":"max-image-preview:large","max-video-preview":"max-video-preview:-1"},"canonical":"https:\/\/niipit.dk\/ansigtsmaling\/produkt\/ansigtsmaling-til-private-1-time\/","og_locale":"da_DK","og_type":"article","og_title":"Ansigtsmaling til Private 1 time op til 10 b\u00f8rn","og_description":"Ansigtsmaling til Private 1 time Pyjamasparty, Barned\u00e5b, B\u00f8rnef\u00f8dselsdag, Familief\u00f8dselsdag | Sjov til de sm\u00e5 for f\u00e5 penge | Jeg d\u00e6kker hele sj\u00e6lland","og_url":"https:\/\/niipit.dk\/ansigtsmaling\/produkt\/ansigtsmaling-til-private-1-time\/","og_site_name":"Ansigtsmaling","article_modified_time":"2022-05-25T13:57:52+00:00","twitter_card":"summary_large_image","twitter_image":"https:\/\/niipit.dk\/ansigtsmaling\/wp-content\/uploads\/sites\/215\/2020\/02\/Ansigtsmaling-private-1-shop.jpg","twitter_misc":{"Estimeret l\u00e6setid":"2 minutter"},"schema":{"@context":"https:\/\/schema.org","@graph":[{"@type":"WebPage","@id":"https:\/\/niipit.dk\/ansigtsmaling\/produkt\/ansigtsmaling-til-private-1-time\/","url":"https:\/\/niipit.dk\/ansigtsmaling\/produkt\/ansigtsmaling-til-private-1-time\/","name":"Ansigtsmaling til Private 1 time op til 10 b\u00f8rn","isPartOf":{"@id":"https:\/\/niipit.dk\/ansigtsmaling\/#website"},"primaryImageOfPage":{"@id":"https:\/\/niipit.dk\/ansigtsmaling\/produkt\/ansigtsmaling-til-private-1-time\/#primaryimage"},"image":{"@id":"https:\/\/niipit.dk\/ansigtsmaling\/produkt\/ansigtsmaling-til-private-1-time\/#primaryimage"},"thumbnailUrl":"https:\/\/niipit.dk\/ansigtsmaling\/wp-content\/uploads\/sites\/215\/2020\/02\/Ansigtsmaling-private-1-shop.jpg","datePublished":"2020-02-01T11:00:32+00:00","dateModified":"2022-05-25T13:57:52+00:00","description":"Ansigtsmaling til Private 1 time Pyjamasparty, Barned\u00e5b, B\u00f8rnef\u00f8dselsdag, Familief\u00f8dselsdag | Sjov til de sm\u00e5 for f\u00e5 penge | Jeg d\u00e6kker hele sj\u00e6lland","breadcrumb":{"@id":"https:\/\/niipit.dk\/ansigtsmaling\/produkt\/ansigtsmaling-til-private-1-time\/#breadcrumb"},"inLanguage":"da-DK","potentialAction":[{"@type":"ReadAction","target":["https:\/\/niipit.dk\/ansigtsmaling\/produkt\/ansigtsmaling-til-private-1-time\/"]}]},{"@type":"ImageObject","inLanguage":"da-DK","@id":"https:\/\/niipit.dk\/ansigtsmaling\/produkt\/ansigtsmaling-til-private-1-time\/#primaryimage","url":"https:\/\/niipit.dk\/ansigtsmaling\/wp-content\/uploads\/sites\/215\/2020\/02\/Ansigtsmaling-private-1-shop.jpg","contentUrl":"https:\/\/niipit.dk\/ansigtsmaling\/wp-content\/uploads\/sites\/215\/2020\/02\/Ansigtsmaling-private-1-shop.jpg","width":1080,"height":1080,"caption":"Ansigtsmaling-til-Private-1-timer"},{"@type":"BreadcrumbList","@id":"https:\/\/niipit.dk\/ansigtsmaling\/produkt\/ansigtsmaling-til-private-1-time\/#breadcrumb","itemListElement":[{"@type":"ListItem","position":1,"name":"Hjem","item":"https:\/\/niipit.dk\/ansigtsmaling\/"},{"@type":"ListItem","position":2,"name":"Shop","item":"https:\/\/niipit.dk\/ansigtsmaling\/shop\/"},{"@type":"ListItem","position":3,"name":"Ansigtsmaling til Private 1 time"}]},{"@type":"WebSite","@id":"https:\/\/niipit.dk\/ansigtsmaling\/#website","url":"https:\/\/niipit.dk\/ansigtsmaling\/","name":"Ansigtsmaling","description":"S\u00e6tter smil p\u00e5 ansigter. www.colorfulfaces.dk","potentialAction":[{"@type":"SearchAction","target":{"@type":"EntryPoint","urlTemplate":"https:\/\/niipit.dk\/ansigtsmaling\/?s={search_term_string}"},"query-input":{"@type":"PropertyValueSpecification","valueRequired":true,"valueName":"search_term_string"}}],"inLanguage":"da-DK"}]}},"_links":{"self":[{"href":"https:\/\/niipit.dk\/ansigtsmaling\/wp-json\/wp\/v2\/product\/7832","targetHints":{"allow":["GET"]}}],"collection":[{"href":"https:\/\/niipit.dk\/ansigtsmaling\/wp-json\/wp\/v2\/product"}],"about":[{"href":"https:\/\/niipit.dk\/ansigtsmaling\/wp-json\/wp\/v2\/types\/product"}],"wp:featuredmedia":[{"embeddable":true,"href":"https:\/\/niipit.dk\/ansigtsmaling\/wp-json\/wp\/v2\/media\/10449"}],"wp:attachment":[{"href":"https:\/\/niipit.dk\/ansigtsmaling\/wp-json\/wp\/v2\/media?parent=7832"}],"wp:term":[{"taxonomy":"product_brand","embeddable":true,"href":"https:\/\/niipit.dk\/ansigtsmaling\/wp-json\/wp\/v2\/product_brand?post=7832"},{"taxonomy":"product_cat","embeddable":true,"href":"https:\/\/niipit.dk\/ansigtsmaling\/wp-json\/wp\/v2\/product_cat?post=7832"},{"taxonomy":"product_tag","embeddable":true,"href":"https:\/\/niipit.dk\/ansigtsmaling\/wp-json\/wp\/v2\/product_tag?post=7832"},{"taxonomy":"shoptype","embeddable":true,"href":"https:\/\/niipit.dk\/ansigtsmaling\/wp-json\/wp\/v2\/shoptype?post=7832"}],"curies":[{"name":"wp","href":"https:\/\/api.w.org\/{rel}","templated":true}]}}