{"id":10077,"date":"2021-02-10T12:08:37","date_gmt":"2021-02-10T11:08:37","guid":{"rendered":"https:\/\/niipit.dk\/ansigtsmaling\/?post_type=product&#038;p=10077"},"modified":"2023-02-20T13:04:35","modified_gmt":"2023-02-20T12:04:35","slug":"traeningsplader-til-ansigtsmaling","status":"publish","type":"product","link":"https:\/\/niipit.dk\/ansigtsmaling\/produkt\/traeningsplader-til-ansigtsmaling\/","title":{"rendered":"Tr\u00e6ningsplader til ansigtsmaling"},"content":{"rendered":"<div>\n<h2><span lang=\"DA\">Har du brug for tr\u00e6ningsplader til ansigtsmaling?<\/span><\/h2>\n<\/div>\n<div>\n<p>Tr\u00e6ningsplader til ansigtsmaling er til dig, der gerne vil have en ide om, hvordan du griber ansigtsmalingen an, samtidig med at du bliver fortrolig med et design, og undg\u00e5 ut\u00e5lmodige b\u00f8rn som venter.<\/p>\n<p>Du vil kunne udv\u00e6lge dine farver samt pensler uden at skulle bekymre dig om den tid, du benytter p\u00e5 at l\u00e6re at male et design.<\/p>\n<\/div>\n<p>Desuden har tr\u00e6ningspladerne den fordel, at blot du maler dit design en gang, s\u00e5 er du allerede ved at opbygge muskel hukommelse og er kommet et k\u00e6mpe skridt i den rigtige retning af at lykkes.<\/p>\n<p>Det er vigtigt for os for\u00e6ldre at im\u00f8dekomme vores b\u00f8rns \u00f8nsker, og samtidige have det super sjovt og hyggeligt, imens vi ansigtsmaler.<\/p>\n<p>Denne mulighed opn\u00e5r du med tr\u00e6ningsplader, idet du kan \u00f8ve dig p\u00e5 forh\u00e5nd eller I kan male p\u00e5 hver jeres plade samtidig.<\/p>\n<h3><\/h3>\n<h3>Kvalitet opn\u00e5r du med tr\u00e6ningspladerne.<\/h3>\n<p>Med tr\u00e6ningspladerne opn\u00e5r du, at afpr\u00f8ve dine pensler samt ansigtsmalings farver, plus du l\u00e6re at male, den rigtige st\u00f8rrelse af forskellige designs.<\/p>\n<p>Alle tr\u00e6ningspladerne har et virkelig st\u00f8rrelse af et barneansigt p\u00e5trykt, s\u00e5ledes at du bagefter ved, pr\u00e6cis hvor p\u00e5 ansigtet du skal placere dit design.<\/p>\n<p>Gentagelser p\u00e5 tr\u00e6ningspladerne giver dig en forst\u00e5else, for den rigtige st\u00f8rrelsen af ansigtsmaling og derved opn\u00e5r du kvalitet samt det rigtige udtryk.<\/p>\n<p>Alt mens du maler, finder du en forst\u00e5else for hvor lidt vand du skal benytte, for at lykkes med din ansigtsmaling.<\/p>\n<p>Derfor er det aldrig &#8220;spild af farver&#8221; at forbedre sig, og det er kun et minimum af farve, du benytter for at male p\u00e5 tr\u00e6ningspladerne.<\/p>\n<ul>\n<li>Pr\u00f8v om du foretr\u00e6kker at side ned eller st\u00e5 op, n\u00e5r du ansigtsmaler.<\/li>\n<li>Du kan med stor fordel flytte rundt p\u00e5 tr\u00e6ningspladen og tilmed s\u00e6tte den op p\u00e5 v\u00e6ggen med elefant-snot og st\u00e5 op og \u00f8ve dig.<\/li>\n<\/ul>\n<p>N\u00e5r du st\u00e5 op og \u00f8ve dig, \u00e6ndre du p\u00e5 din h\u00e5ndstilling og for et \u00f8get eller reduceret h\u00e5ndtryk n\u00e5r du maler. Det er rigtig god tr\u00e6ning at variere din h\u00e5ndstilling og \u00f8ve forskellige teknikker, da b\u00f8rn normalt sidder ned, n\u00e5r de bliver ansigtsmalet.<\/p>\n<p>Efter at du har malet p\u00e5 din tr\u00e6ningsplade s\u00e5 husk at tage et billedet med din mobil, derved kan du hurtigt og nemt se de forbedringer, som du opn\u00e5r med gentagelser, af at male p\u00e5 tr\u00e6ningspladen.<\/p>\n<p>Reng\u00f8r din tr\u00e6ningsplade p\u00e5 pr\u00e6cis samme m\u00e5de som et ansigts, f\u00f8rst s\u00e6be indtil alt farvepigmentet er opl\u00f8st og dern\u00e6st tempereret vand.<\/p>\n<p>Du vil erfare at du opn\u00e5r et hurtigere og bedre resultat med din ansigtsmaling efter at have benyttet tr\u00e6ningsplader og \u00f8vet gentagelser.<\/p>\n<div>\n<h3>Fordele med tr\u00e6ningsplader til ansigtsmaling.<\/h3>\n<div>\n<p>Der er flere fordele ved at \u00f8ve sig i at blive bedre til at male ansigter med tr\u00e6ningsplader.<\/p>\n<\/div>\n<div>\n<ul>\n<li><span lang=\"DA\">Du kan afpr\u00f8ve nye id\u00e9er, og se hvordan det vil se ud med de rigtige farver, og opbygge teknikker og muskel hukommelse som er vigtigt for at mestre ansigtsmaling.<\/span><\/li>\n<\/ul>\n<\/div>\n<div>\n<ul>\n<li><span lang=\"DA\">Det er ogs\u00e5 meget nemmere at ansigtsmale p\u00e5 et menneske, n\u00e5r f\u00f8rst du har pr\u00f8vet ideen og farverne samt designet og meget vigtigt den rigtige st\u00f8rrelse af din ansigtsmaling, p\u00e5 en tr\u00e6ningsplade.<\/span><\/li>\n<\/ul>\n<\/div>\n<div>\n<ul>\n<li><span lang=\"DA\">Tr\u00e6ningspladerne kan alts\u00e5 \u00f8ge din selvtillid, idet du kan \u00f8ve n\u00e5r du har brug for det, ydermere kan du vise og motivere dine b\u00f8rn samt se hvordan du forestiller dig motivet p\u00e5 ansigtet.<\/span><\/li>\n<\/ul>\n<\/div>\n<div>\n<ul>\n<li><span lang=\"DA\">Dine b\u00f8rn kan ogs\u00e5 male p\u00e5 tr\u00e6ningspladerne eller I kan sammen male og hygge jer n\u00e5r I er i det kreative hum\u00f8r. <\/span><\/li>\n<li>L\u00e6s ogs\u00e5 afsnittet tips l\u00e6ngere nede i teksten.<\/li>\n<\/ul>\n<\/div>\n<p><img loading=\"lazy\" decoding=\"async\" class=\"wp-image-10893 size-medium aligncenter\" src=\"https:\/\/niipit.dk\/ansigtsmaling\/wp-content\/uploads\/sites\/215\/2022\/09\/Colorfulfaces-plade-ABC-300x300.png\" alt=\"Cololrfulfaces-plade-ABC\" width=\"300\" height=\"300\" srcset=\"https:\/\/niipit.dk\/ansigtsmaling\/wp-content\/uploads\/sites\/215\/2022\/09\/Colorfulfaces-plade-ABC-300x300.png 300w, https:\/\/niipit.dk\/ansigtsmaling\/wp-content\/uploads\/sites\/215\/2022\/09\/Colorfulfaces-plade-ABC-1024x1024.png 1024w, https:\/\/niipit.dk\/ansigtsmaling\/wp-content\/uploads\/sites\/215\/2022\/09\/Colorfulfaces-plade-ABC-150x150.png 150w, https:\/\/niipit.dk\/ansigtsmaling\/wp-content\/uploads\/sites\/215\/2022\/09\/Colorfulfaces-plade-ABC-768x768.png 768w, https:\/\/niipit.dk\/ansigtsmaling\/wp-content\/uploads\/sites\/215\/2022\/09\/Colorfulfaces-plade-ABC-600x600.png 600w, https:\/\/niipit.dk\/ansigtsmaling\/wp-content\/uploads\/sites\/215\/2022\/09\/Colorfulfaces-plade-ABC-100x100.png 100w, https:\/\/niipit.dk\/ansigtsmaling\/wp-content\/uploads\/sites\/215\/2022\/09\/Colorfulfaces-plade-ABC.png 1080w\" sizes=\"auto, (max-width: 300px) 100vw, 300px\" \/><\/p>\n<\/div>\n<div>\n<div>\n<h3>Tre forskellige tr\u00e6ningsplader til ansigtsmaling.<\/h3>\n<p><span lang=\"DA\">Du kan v\u00e6lge imellem tre forskellige tr\u00e6ningsplader til ansigtsmaling, de er alle lette og af transparente plast med en let ru forside samt et p\u00e5trykt ansigt i virkelig st\u00f8rrelse.<\/span><\/p>\n<p><span lang=\"DA\">Det g\u00f8r, at du kan \u00f8ve forskellige designs, i den virkelige st\u00f8rrelse, som barnet eller den voksne skal have p\u00e5 ansigtet bagefter.<\/span><\/p>\n<p>Den f\u00f8rste tr\u00e6ningsplade A. Er med et fremadrettet barneansigt i naturlig st\u00f8rrelse.<\/p>\n<\/div>\n<div>\n<p><span lang=\"DA\">Den n\u00e6ste tr\u00e6ningsplade B. Er med en silhuet fra siden, \u00a0s\u00e5ledes er det muligt at \u00f8ve en anden slags teknik i naturlig st\u00f8rrelse.<\/span><\/p>\n<p><span lang=\"DA\"> Den tredje og sidste tr\u00e6ningsplade C. Er med et let farvetryk og delvis sidevendt, s\u00e5ledes kan du fornemme, hvordan farverne vil se ud, n\u00e5r designet bliver overf\u00f8rt til ansigtet, ovenik\u00f8bet i den rigtige st\u00f8rrelse.<\/span><\/p>\n<\/div>\n<div>\n<p>Tr\u00e6ningspladerne er nemme at reng\u00f8re, derfor kan du nemt og ubesv\u00e6ret, male gentagelser, lige s\u00e5 mange gange som du har behov for.<\/p>\n<p>Pladernes ru forside giver en fornemmelse af at male p\u00e5 huden, denne kombination er sv\u00e6rt af finde p\u00e5 andre materialer.<\/p>\n<p>Pladerne er specielt fremstillet og produceret i Danmark til brug for ansigtsmaling.<\/p>\n<p>For mig var tr\u00e6ningspladerne en god m\u00e5de at komme i m\u00e5l med min uddannelse som professionel ansigtsmaler, og jeg vil altid fremadrettet benytte tr\u00e6ningsplader, n\u00e5r jeg \u00f8ver nye design og teknikker samt til at vedligeholde min muskelhukommelse.<\/p>\n<\/div>\n<\/div>\n<div>\n<div>\n<h3><span lang=\"DA\">Alle pladerne er med et p\u00e5trykt. Mal med denne side op. <\/span><\/h3>\n<\/div>\n<div>\n<p><span lang=\"DA\">Der er p\u00e5trykt et mal denne side op, fordi der er en for og bagside, s\u00e5ledes er de lette at vaske rene og kan genbruges i \u00e5revis. Du b\u00f8r altid male p\u00e5 den ru forside som imiterer huden.<\/span><\/p>\n<\/div>\n<\/div>\n<div>\n<h3><span lang=\"DA\">Sp\u00f8rgsm\u00e5l om tr\u00e6ningsplader til ansigtsmaling.<\/span><\/h3>\n<\/div>\n<div>\n<p><em><span lang=\"DA\">Er det &#8220;spild&#8221; at benytte ansigtsmaling til tr\u00e6ningsplader?<\/span><\/em><\/p>\n<\/div>\n<div>\n<p><span lang=\"DA\">Det er kun ansigtsmaling du m\u00e5 benytte p\u00e5 alle tr\u00e6ningspladerne, og der er aldrig &#8220;spildtid&#8221; at forbedre sig.<\/span><\/p>\n<\/div>\n<div>\n<p><em><span lang=\"DA\">Man kan kun sidde ned og male?<\/span><\/em><\/p>\n<\/div>\n<div>\n<p><span lang=\"DA\">Du kan med stor fordel flytte rundt p\u00e5 pladerne og tilmed op s\u00e6tte dem, s\u00e5ledes at du st\u00e5 op og \u00f8ve dig, derved f\u00e5r du ogs\u00e5 \u00e6ndret p\u00e5 din h\u00e5ndstilling og enten \u00f8get eller reduceret h\u00e5ndtrykket n\u00e5r du \u00f8ver dig.<\/span><\/p>\n<\/div>\n<div>\n<p><span lang=\"DA\"><em>Hvordan bliver det som er malet p\u00e5 tr\u00e6ningspladen vasket af igen?<\/em><\/span><\/p>\n<\/div>\n<div>\n<p><span lang=\"DA\">Pr\u00e6cis som det bliver fra et ansigt. L\u00e6s mere om at vaske ansigtet rent fra ansigtsmaling, Tryk her.<\/span><\/p>\n<p><em>Hvorfor er gentagelser vigtige?<\/em><\/p>\n<p><span lang=\"DA\">Du \u00f8ver og opbygger muskelhukommelse\u00a0 p\u00e5 tr\u00e6ningspladerne og opn\u00e5r derefter, et bedre og hurtigere malet resultat p\u00e5 ansigtet.<\/span><\/p>\n<div>\n<p><em><span lang=\"DA\">Er det prisen?<\/span><\/em><\/p>\n<\/div>\n<div>\n<p><span lang=\"DA\">Pladerne koster rundt regnet det samme som familie pizza og cola til en aften &#8220;n\u00e5r pizzaen er spist og colaen drukket, er den v\u00e6k.&#8221; <\/span><\/p>\n<p><span lang=\"DA\">Tr\u00e6ningspladerne derimod er en investering i dig selv og din familie, som du genbruger.<\/span><\/p>\n<\/div>\n<\/div>\n<div>\n<h3><span lang=\"DA\">Tips.<\/span><\/h3>\n<p>Afgiv din ordre i dag, s\u00e5 sender jeg den til dig og du er allerede godt p\u00e5 vej til at lykkes med din ansigtsmaling.<\/p>\n<\/div>\n<div>\n<p><span lang=\"DA\">Tag et billede af det, som du har malet p\u00e5 pladen, inden du vasker den ren igen og gem det. Derved kan du hurtigt finde det frem og se din fremgang, det er meget motiverende.<\/span><\/p>\n<\/div>\n<p>Ydermere har du mulighed for at opn\u00e5r super hyggelig krea-tid med dit barn\/ b\u00f8rn, hvis I ansigtsmaler sammen p\u00e5 pladerne.<\/p>\n<p><iframe loading=\"lazy\" title=\"Ansigtsmaling p\u00e5 en kreativ A4 plade, fire forskellige designs du kan v\u00e6lge imellem\" width=\"1170\" height=\"658\" src=\"https:\/\/www.youtube.com\/embed\/KaqF5EWGmkE?feature=oembed\" frameborder=\"0\" allow=\"accelerometer; autoplay; clipboard-write; encrypted-media; gyroscope; picture-in-picture; web-share\" allowfullscreen><\/iframe><\/p>\n","protected":false},"excerpt":{"rendered":"<p>Har du brug for tr\u00e6ningsplader til ansigtsmaling? Tr\u00e6ningsplader til ansigtsmaling er til dig, der gerne vil have en ide om, hvordan du griber ansigtsmalingen an, samtidig med at du bliver fortrolig med et design, og undg\u00e5 ut\u00e5lmodige b\u00f8rn som venter. Du vil kunne udv\u00e6lge dine farver samt pensler uden at skulle bekymre dig om den <a class=\"moretag btn btn-primary\" href=\"https:\/\/niipit.dk\/ansigtsmaling\/produkt\/traeningsplader-til-ansigtsmaling\/\">L\u00e6s mere<\/a><\/p>\n","protected":false},"featured_media":10122,"template":"","meta":{"_exactmetrics_skip_tracking":false,"_exactmetrics_sitenote_active":false,"_exactmetrics_sitenote_note":"","_exactmetrics_sitenote_category":0,"_monsterinsights_skip_tracking":false,"_monsterinsights_sitenote_active":false,"_monsterinsights_sitenote_note":"","_monsterinsights_sitenote_category":0},"product_brand":[],"product_cat":[2192],"product_tag":[],"shoptype":[],"class_list":{"0":"post-10077","1":"product","2":"type-product","3":"status-publish","4":"has-post-thumbnail","6":"product_cat-for-private","8":"first","9":"instock","10":"shipping-taxable","11":"purchasable","12":"product-type-variable"},"yoast_head":"<!-- This site is optimized with the Yoast SEO plugin v27.2 - https:\/\/yoast.com\/product\/yoast-seo-wordpress\/ -->\n<title>Tr\u00e6ningsplader til ansigtsmaling n\u00e5r du vil l\u00e6re at male ansigter<\/title>\n<meta name=\"description\" content=\"Brug Tr\u00e6ningsplader til ansigtsmaling n\u00e5r du skal \u00f8ve dig i at male dit barns ansigt og du er allerede godt p\u00e5 vej til at lykkes.\" \/>\n<meta name=\"robots\" content=\"index, follow, max-snippet:-1, max-image-preview:large, max-video-preview:-1\" \/>\n<link rel=\"canonical\" href=\"https:\/\/niipit.dk\/ansigtsmaling\/produkt\/traeningsplader-til-ansigtsmaling\/\" \/>\n<meta property=\"og:locale\" content=\"da_DK\" \/>\n<meta property=\"og:type\" content=\"article\" \/>\n<meta property=\"og:title\" content=\"Tr\u00e6ningsplader til ansigtsmaling n\u00e5r du vil l\u00e6re at male ansigter\" \/>\n<meta property=\"og:description\" content=\"Brug Tr\u00e6ningsplader til ansigtsmaling n\u00e5r du skal \u00f8ve dig i at male dit barns ansigt og du er allerede godt p\u00e5 vej til at lykkes.\" \/>\n<meta property=\"og:url\" content=\"https:\/\/niipit.dk\/ansigtsmaling\/produkt\/traeningsplader-til-ansigtsmaling\/\" \/>\n<meta property=\"og:site_name\" content=\"Ansigtsmaling\" \/>\n<meta property=\"article:modified_time\" content=\"2023-02-20T12:04:35+00:00\" \/>\n<meta property=\"og:image\" content=\"https:\/\/niipit.dk\/ansigtsmaling\/wp-content\/uploads\/sites\/215\/2021\/02\/Ansigtsmaling-traeningsplade-c-Colorfulfaces.png\" \/>\n\t<meta property=\"og:image:width\" content=\"500\" \/>\n\t<meta property=\"og:image:height\" content=\"500\" \/>\n\t<meta property=\"og:image:type\" content=\"image\/png\" \/>\n<meta name=\"twitter:card\" content=\"summary_large_image\" \/>\n<meta name=\"twitter:label1\" content=\"Estimeret l\u00e6setid\" \/>\n\t<meta name=\"twitter:data1\" content=\"7 minutter\" \/>\n<script type=\"application\/ld+json\" class=\"yoast-schema-graph\">{\"@context\":\"https:\/\/schema.org\",\"@graph\":[{\"@type\":\"WebPage\",\"@id\":\"https:\/\/niipit.dk\/ansigtsmaling\/produkt\/traeningsplader-til-ansigtsmaling\/\",\"url\":\"https:\/\/niipit.dk\/ansigtsmaling\/produkt\/traeningsplader-til-ansigtsmaling\/\",\"name\":\"Tr\u00e6ningsplader til ansigtsmaling n\u00e5r du vil l\u00e6re at male ansigter\",\"isPartOf\":{\"@id\":\"https:\/\/niipit.dk\/ansigtsmaling\/#website\"},\"primaryImageOfPage\":{\"@id\":\"https:\/\/niipit.dk\/ansigtsmaling\/produkt\/traeningsplader-til-ansigtsmaling\/#primaryimage\"},\"image\":{\"@id\":\"https:\/\/niipit.dk\/ansigtsmaling\/produkt\/traeningsplader-til-ansigtsmaling\/#primaryimage\"},\"thumbnailUrl\":\"https:\/\/niipit.dk\/ansigtsmaling\/wp-content\/uploads\/sites\/215\/2021\/02\/Ansigtsmaling-traeningsplade-c-Colorfulfaces.png\",\"datePublished\":\"2021-02-10T11:08:37+00:00\",\"dateModified\":\"2023-02-20T12:04:35+00:00\",\"description\":\"Brug Tr\u00e6ningsplader til ansigtsmaling n\u00e5r du skal \u00f8ve dig i at male dit barns ansigt og du er allerede godt p\u00e5 vej til at lykkes.\",\"breadcrumb\":{\"@id\":\"https:\/\/niipit.dk\/ansigtsmaling\/produkt\/traeningsplader-til-ansigtsmaling\/#breadcrumb\"},\"inLanguage\":\"da-DK\",\"potentialAction\":[{\"@type\":\"ReadAction\",\"target\":[\"https:\/\/niipit.dk\/ansigtsmaling\/produkt\/traeningsplader-til-ansigtsmaling\/\"]}]},{\"@type\":\"ImageObject\",\"inLanguage\":\"da-DK\",\"@id\":\"https:\/\/niipit.dk\/ansigtsmaling\/produkt\/traeningsplader-til-ansigtsmaling\/#primaryimage\",\"url\":\"https:\/\/niipit.dk\/ansigtsmaling\/wp-content\/uploads\/sites\/215\/2021\/02\/Ansigtsmaling-traeningsplade-c-Colorfulfaces.png\",\"contentUrl\":\"https:\/\/niipit.dk\/ansigtsmaling\/wp-content\/uploads\/sites\/215\/2021\/02\/Ansigtsmaling-traeningsplade-c-Colorfulfaces.png\",\"width\":500,\"height\":500,\"caption\":\"Ansigtsmaling tr\u00e6ningsplade c Colorfulfaces\"},{\"@type\":\"BreadcrumbList\",\"@id\":\"https:\/\/niipit.dk\/ansigtsmaling\/produkt\/traeningsplader-til-ansigtsmaling\/#breadcrumb\",\"itemListElement\":[{\"@type\":\"ListItem\",\"position\":1,\"name\":\"Hjem\",\"item\":\"https:\/\/niipit.dk\/ansigtsmaling\/\"},{\"@type\":\"ListItem\",\"position\":2,\"name\":\"Shop\",\"item\":\"http:\/\/niipit.dk\/ansigtsmaling\/shop\/\"},{\"@type\":\"ListItem\",\"position\":3,\"name\":\"Tr\u00e6ningsplader til ansigtsmaling\"}]},{\"@type\":\"WebSite\",\"@id\":\"https:\/\/niipit.dk\/ansigtsmaling\/#website\",\"url\":\"https:\/\/niipit.dk\/ansigtsmaling\/\",\"name\":\"Ansigtsmaling\",\"description\":\"S\u00e6tter smil p\u00e5 ansigter. www.colorfulfaces.dk\",\"potentialAction\":[{\"@type\":\"SearchAction\",\"target\":{\"@type\":\"EntryPoint\",\"urlTemplate\":\"https:\/\/niipit.dk\/ansigtsmaling\/?s={search_term_string}\"},\"query-input\":{\"@type\":\"PropertyValueSpecification\",\"valueRequired\":true,\"valueName\":\"search_term_string\"}}],\"inLanguage\":\"da-DK\"}]}<\/script>\n<!-- \/ Yoast SEO plugin. -->","yoast_head_json":{"title":"Tr\u00e6ningsplader til ansigtsmaling n\u00e5r du vil l\u00e6re at male ansigter","description":"Brug Tr\u00e6ningsplader til ansigtsmaling n\u00e5r du skal \u00f8ve dig i at male dit barns ansigt og du er allerede godt p\u00e5 vej til at lykkes.","robots":{"index":"index","follow":"follow","max-snippet":"max-snippet:-1","max-image-preview":"max-image-preview:large","max-video-preview":"max-video-preview:-1"},"canonical":"https:\/\/niipit.dk\/ansigtsmaling\/produkt\/traeningsplader-til-ansigtsmaling\/","og_locale":"da_DK","og_type":"article","og_title":"Tr\u00e6ningsplader til ansigtsmaling n\u00e5r du vil l\u00e6re at male ansigter","og_description":"Brug Tr\u00e6ningsplader til ansigtsmaling n\u00e5r du skal \u00f8ve dig i at male dit barns ansigt og du er allerede godt p\u00e5 vej til at lykkes.","og_url":"https:\/\/niipit.dk\/ansigtsmaling\/produkt\/traeningsplader-til-ansigtsmaling\/","og_site_name":"Ansigtsmaling","article_modified_time":"2023-02-20T12:04:35+00:00","og_image":[{"width":500,"height":500,"url":"https:\/\/niipit.dk\/ansigtsmaling\/wp-content\/uploads\/sites\/215\/2021\/02\/Ansigtsmaling-traeningsplade-c-Colorfulfaces.png","type":"image\/png"}],"twitter_card":"summary_large_image","twitter_misc":{"Estimeret l\u00e6setid":"7 minutter"},"schema":{"@context":"https:\/\/schema.org","@graph":[{"@type":"WebPage","@id":"https:\/\/niipit.dk\/ansigtsmaling\/produkt\/traeningsplader-til-ansigtsmaling\/","url":"https:\/\/niipit.dk\/ansigtsmaling\/produkt\/traeningsplader-til-ansigtsmaling\/","name":"Tr\u00e6ningsplader til ansigtsmaling n\u00e5r du vil l\u00e6re at male ansigter","isPartOf":{"@id":"https:\/\/niipit.dk\/ansigtsmaling\/#website"},"primaryImageOfPage":{"@id":"https:\/\/niipit.dk\/ansigtsmaling\/produkt\/traeningsplader-til-ansigtsmaling\/#primaryimage"},"image":{"@id":"https:\/\/niipit.dk\/ansigtsmaling\/produkt\/traeningsplader-til-ansigtsmaling\/#primaryimage"},"thumbnailUrl":"https:\/\/niipit.dk\/ansigtsmaling\/wp-content\/uploads\/sites\/215\/2021\/02\/Ansigtsmaling-traeningsplade-c-Colorfulfaces.png","datePublished":"2021-02-10T11:08:37+00:00","dateModified":"2023-02-20T12:04:35+00:00","description":"Brug Tr\u00e6ningsplader til ansigtsmaling n\u00e5r du skal \u00f8ve dig i at male dit barns ansigt og du er allerede godt p\u00e5 vej til at lykkes.","breadcrumb":{"@id":"https:\/\/niipit.dk\/ansigtsmaling\/produkt\/traeningsplader-til-ansigtsmaling\/#breadcrumb"},"inLanguage":"da-DK","potentialAction":[{"@type":"ReadAction","target":["https:\/\/niipit.dk\/ansigtsmaling\/produkt\/traeningsplader-til-ansigtsmaling\/"]}]},{"@type":"ImageObject","inLanguage":"da-DK","@id":"https:\/\/niipit.dk\/ansigtsmaling\/produkt\/traeningsplader-til-ansigtsmaling\/#primaryimage","url":"https:\/\/niipit.dk\/ansigtsmaling\/wp-content\/uploads\/sites\/215\/2021\/02\/Ansigtsmaling-traeningsplade-c-Colorfulfaces.png","contentUrl":"https:\/\/niipit.dk\/ansigtsmaling\/wp-content\/uploads\/sites\/215\/2021\/02\/Ansigtsmaling-traeningsplade-c-Colorfulfaces.png","width":500,"height":500,"caption":"Ansigtsmaling tr\u00e6ningsplade c Colorfulfaces"},{"@type":"BreadcrumbList","@id":"https:\/\/niipit.dk\/ansigtsmaling\/produkt\/traeningsplader-til-ansigtsmaling\/#breadcrumb","itemListElement":[{"@type":"ListItem","position":1,"name":"Hjem","item":"https:\/\/niipit.dk\/ansigtsmaling\/"},{"@type":"ListItem","position":2,"name":"Shop","item":"http:\/\/niipit.dk\/ansigtsmaling\/shop\/"},{"@type":"ListItem","position":3,"name":"Tr\u00e6ningsplader til ansigtsmaling"}]},{"@type":"WebSite","@id":"https:\/\/niipit.dk\/ansigtsmaling\/#website","url":"https:\/\/niipit.dk\/ansigtsmaling\/","name":"Ansigtsmaling","description":"S\u00e6tter smil p\u00e5 ansigter. www.colorfulfaces.dk","potentialAction":[{"@type":"SearchAction","target":{"@type":"EntryPoint","urlTemplate":"https:\/\/niipit.dk\/ansigtsmaling\/?s={search_term_string}"},"query-input":{"@type":"PropertyValueSpecification","valueRequired":true,"valueName":"search_term_string"}}],"inLanguage":"da-DK"}]}},"_links":{"self":[{"href":"https:\/\/niipit.dk\/ansigtsmaling\/wp-json\/wp\/v2\/product\/10077","targetHints":{"allow":["GET"]}}],"collection":[{"href":"https:\/\/niipit.dk\/ansigtsmaling\/wp-json\/wp\/v2\/product"}],"about":[{"href":"https:\/\/niipit.dk\/ansigtsmaling\/wp-json\/wp\/v2\/types\/product"}],"wp:featuredmedia":[{"embeddable":true,"href":"https:\/\/niipit.dk\/ansigtsmaling\/wp-json\/wp\/v2\/media\/10122"}],"wp:attachment":[{"href":"https:\/\/niipit.dk\/ansigtsmaling\/wp-json\/wp\/v2\/media?parent=10077"}],"wp:term":[{"taxonomy":"product_brand","embeddable":true,"href":"https:\/\/niipit.dk\/ansigtsmaling\/wp-json\/wp\/v2\/product_brand?post=10077"},{"taxonomy":"product_cat","embeddable":true,"href":"https:\/\/niipit.dk\/ansigtsmaling\/wp-json\/wp\/v2\/product_cat?post=10077"},{"taxonomy":"product_tag","embeddable":true,"href":"https:\/\/niipit.dk\/ansigtsmaling\/wp-json\/wp\/v2\/product_tag?post=10077"},{"taxonomy":"shoptype","embeddable":true,"href":"https:\/\/niipit.dk\/ansigtsmaling\/wp-json\/wp\/v2\/shoptype?post=10077"}],"curies":[{"name":"wp","href":"https:\/\/api.w.org\/{rel}","templated":true}]}}