{"id":7182,"date":"2020-01-08T22:21:58","date_gmt":"2020-01-08T21:21:58","guid":{"rendered":"https:\/\/niipit.dk\/ansigtsmaling\/?page_id=7182"},"modified":"2022-03-24T11:08:59","modified_gmt":"2022-03-24T10:08:59","slug":"naar-du-booker-mig","status":"publish","type":"page","link":"https:\/\/niipit.dk\/ansigtsmaling\/naar-du-booker-mig\/","title":{"rendered":"N\u00e5r du booker mig"},"content":{"rendered":"\n<h2 class=\"wp-block-heading\" id=\"h-n-r-du-booker-mig\">N\u00e5r du booker mig<\/h2>\n\n\n\n<h4 class=\"wp-block-heading\" id=\"h-ansigtsmaler-tina-henriksen-grundige-uddannelse-er-din-garanti-for-en-god-oplevelse-med-ansigtsmaling-til-dit-arrangement\">Ansigtsmaler Tina Henriksen grundige uddannelse er din garanti for en god oplevelse med ansigtsmaling til dit arrangement.<\/h4>\n\n\n\n<h4 class=\"wp-block-heading\" id=\"h-alt-planl-gges-p-forh-nd\">Alt planl\u00e6gges p\u00e5 forh\u00e5nd<\/h4>\n\n\n\n<p>N\u00e5r du booker er det vigtigt at du fort\u00e6ller om jeg skal male ansigter til dit arrangement, planl\u00e6gger vi alt ved bookingen, s\u00e5 du undg\u00e5r overraskelser undervejs. Hele bookingen og selve arrangementet sker efter en fast og gennemtestet procedure, s\u00e5 du f\u00e5r en god oplevelse.<\/p>\n\n\n\n<h2 class=\"wp-block-heading\" id=\"h-f-r-bookingen\">F\u00f8r bookingen<\/h2>\n\n\n\n<p>Du skriver eller ringer til mig, uanset om du vil h\u00f8re<\/p>\n\n\n\n<ul class=\"wp-block-list\"><li>om en bestemt dag, er ledig?<\/li><li>hvor lang tid, jeg vil anbefale til netop dit arrangement<\/li><li>hvilke motiver, jeg anbefaler til din m\u00e5lgruppe<\/li><\/ul>\n\n\n\n<p>Det er vigtigt for mig altid at tage en grundig snak med mine kunder f\u00f8r en booking, &nbsp;s\u00e5 vi er helt sikre p\u00e5, at du f\u00e5r det forventede arrangement.<\/p>\n\n\n\n<p class=\"has-text-color\" style=\"color:#292e32\">Ring:&nbsp;<a href=\"tel:004522996808\">2299 6808<\/a>&nbsp;Hvis der er andet&nbsp;du har brug for at vide mere om?<\/p>\n\n\n\n<p class=\"has-text-color\" style=\"color:#292e32\">Du kan se de oftest stillede sp\u00f8rgsm\u00e5l her&nbsp;<a href=\"https:\/\/www.colorfulfaces.dk\/faq\">\u00a9 FAQ<\/a><\/p>\n\n\n\n<hr class=\"wp-block-separator\" \/>\n\n\n\n<h2 class=\"wp-block-heading\" id=\"h-ved-booking\">Ved booking<\/h2>\n\n\n\n<p>Laver vi en konkret aftale, hvoraf det fremg\u00e5r:<\/p>\n\n\n\n<ul class=\"wp-block-list\"><li>hvor mange b\u00f8rn, jeg skal male<\/li><li>hvor gamle de er<\/li><li>hvor og hvorn\u00e5r jeg skal m\u00f8de op, og hvor l\u00e6nge jeg skal blive<\/li><li>hvad arrangementet koster<\/li><li>om b\u00f8rnene skal males efter et s\u00e6rligt tema, og om de skal males i hele ansigtet eller have malet mindre detaljer som \u00e6bler, hjerter eller?<\/li><\/ul>\n\n\n\n<p>Afklaringen sker, for at jeg kan forberede mig grundigt p\u00e5 opgaven, og s\u00e5 jeg ikke skal forstyrre dig p\u00e5 dagen.<\/p>\n\n\n\n<p>Det tager mellem 2 og 6 minutter at male et barn, alt efter motivet. Derfor aftaler vi p\u00e5 forh\u00e5nd, hvilke typer motiver b\u00f8rnene kan v\u00e6lge imellem, s\u00e5 jeg kan n\u00e5 dem alle. Hvis b\u00f8rnene fik lov til at v\u00e6lge helt frit, ville de sj\u00e6ldent kunne overskue alle mulighederne, og samtidig kan jeg n\u00e5 at male b\u00f8rnene hurtigere, hvis alle males inden for samme tema. Derfor bliver opgaven billigere for dig.<\/p>\n\n\n\n<p>Herefter sender jeg en kontrakt til dig, hvoraf det fremg\u00e5r pr\u00e6cist, hvad vi har aftalt, samt en faktura p\u00e5 hele bel\u00f8bet eller en del af det. N\u00e5r du har betalt fakturaen, er aftalen endelig.<\/p>\n\n\n\n<hr class=\"wp-block-separator\" \/>\n\n\n\n<h2 class=\"wp-block-heading\" id=\"h-selve-arrangementet\">Selve arrangementet<\/h2>\n\n\n\n<p>P\u00e5 selve dagen m\u00f8der jeg op i god tid med mit mobile setup*, selv om jeg ved, at det kun tager mig 10 minutter at s\u00e6tte altid frem. Jeg kan sagtens klare mig selv, s\u00e5 du beh\u00f8ver ikke at bruge tid p\u00e5 mig og kan fokusere p\u00e5 dine andre opgaver som arrang\u00f8r.<\/p>\n\n\n\n<p>Det er vigtigt for mig at holde mit udstyr rent og professionelt. Derfor vasker jeg min pensel grundigt i vand med mild antibakteriel s\u00e6be mellem b\u00f8rnene, s\u00e5 de ikke kommer til at smitte hinanden med bakterier. Liges\u00e5dan maler jeg deres l\u00e6ber med en engangsapplikator, som selvf\u00f8lgelig smides ud i min egen medbragte skraldespand bagefter.<\/p>\n\n\n\n<p>Jeg maler ikke p\u00e5 b\u00f8rn, der har \u00f8jenbet\u00e6ndelse, infektioner, allergi, \u00e5bne s\u00e5r, eksem eller feber, ligesom jeg ikke maler fork\u00f8lede b\u00f8rn omkring n\u00e6sen. Det mobile setup best\u00e5r af min kuffert med alle produkterne og en h\u00f8j stol til b\u00f8rnene. Derved kan jeg st\u00e5 op og male ansigter i mange timer. Jeg har selv vand med, s\u00e5 jeg kan skifte vandet, n\u00e5r det bliver n\u00f8dvendigt. Bagefter tager jeg selvf\u00f8lgelig mit brugte vand med mig igen, s\u00e5 alt er lige s\u00e5 p\u00e6nt og nydeligt efter bes\u00f8get, som det var, da jeg kom.<\/p>\n\n\n\n<h2 class=\"wp-block-heading\" id=\"h-efter-arrangementet\">Efter arrangementet<\/h2>\n\n\n\n<p>N\u00e5r alle b\u00f8rnene render glade rundt med sjove, smukke eller uhyggelige ansigter, pakker jeg alt mit udstyr sammen igen og er ude af d\u00f8ren maksimalt 15 minutter efter, jeg har malet det sidste barn.<\/p>\n\n\n\n<p>Har du sp\u00f8rgsm\u00e5l efterf\u00f8lgende, ringer du selvf\u00f8lgelig bare. Men en af de mange fordele ved at hyre mig, er at du sikkert ikke har behov for det. Som regel ringer mine kunder f\u00f8rst til mig igen, n\u00e5r de vil hyre mig til et nyt arrangement, og s\u00e5 kan det jo ikke v\u00e6re bedre.<\/p>\n\n\n\n<h2 class=\"wp-block-heading\" id=\"h-du-er-velkommen-til-at-stille-flere-sp-rgsm-l\">Du er velkommen til at stille flere sp\u00f8rgsm\u00e5l.<\/h2>\n\n\n\n<p class=\"has-text-align-center has-text-color\" style=\"color:#292e32\"><a href=\"https:\/\/niipit.dk\/ansigtsmaling\/kontakt\/\">Bestil ansigtsmaler her<\/a><\/p>\n\n\n\n<div class=\"wp-block-image\"><figure class=\"aligncenter size-thumbnail\"><a href=\"tel:004522996808\"><img loading=\"lazy\" decoding=\"async\" width=\"150\" height=\"150\" src=\"https:\/\/niipit.dk\/ansigtsmaling\/wp-content\/uploads\/sites\/215\/2020\/01\/Ring-til-Ansigtsmaling-150x150.jpg\" alt=\"Ring til Ansigtsmaling\" class=\"wp-image-7870\" srcset=\"https:\/\/niipit.dk\/ansigtsmaling\/wp-content\/uploads\/sites\/215\/2020\/01\/Ring-til-Ansigtsmaling-150x150.jpg 150w, https:\/\/niipit.dk\/ansigtsmaling\/wp-content\/uploads\/sites\/215\/2020\/01\/Ring-til-Ansigtsmaling-300x300.jpg 300w, https:\/\/niipit.dk\/ansigtsmaling\/wp-content\/uploads\/sites\/215\/2020\/01\/Ring-til-Ansigtsmaling-100x100.jpg 100w\" sizes=\"auto, (max-width: 150px) 100vw, 150px\" \/><\/a><\/figure><\/div>\n\n\n\n<p class=\"has-text-align-center has-text-color\" style=\"color:#292e32\"><a href=\"tel:004522996808\">Tlf 22996808<\/a> eller <a href=\"mailto:tina@colorfulfaces.dk\">E-mail mig her<\/a><\/p>\n\n\n\n<p><\/p>\n\n\n\n<div class=\"wp-block-button aligncenter is-style-outline is-style-outline--1\"><a class=\"wp-block-button__link has-very-dark-gray-color has-text-color has-background\" style=\"background-color:#ddf5c7\"><strong>Send henvendelse &#8211; benyt skema herunder<\/strong><\/a><\/div>\n\n\n\n<div class=\"wp-block-columns is-layout-flex wp-container-core-columns-is-layout-9d6595d7 wp-block-columns-is-layout-flex\">\n<div class=\"wp-block-column is-layout-flow wp-block-column-is-layout-flow\"><\/div>\n\n\n\n<div class=\"wp-block-column is-layout-flow wp-block-column-is-layout-flow\"><\/div>\n<\/div>\n\n\n\n<div class=\"wpcf7 no-js\" id=\"wpcf7-f8392-o1\" lang=\"da-DK\" dir=\"ltr\" data-wpcf7-id=\"8392\">\n<div class=\"screen-reader-response\"><p role=\"status\" aria-live=\"polite\" aria-atomic=\"true\"><\/p> <ul><\/ul><\/div>\n<form action=\"\/ansigtsmaling\/wp-json\/wp\/v2\/pages\/7182#wpcf7-f8392-o1\" method=\"post\" class=\"wpcf7-form init\" aria-label=\"Kontaktformular\" novalidate=\"novalidate\" data-status=\"init\">\n<fieldset class=\"hidden-fields-container\"><input type=\"hidden\" name=\"_wpcf7\" value=\"8392\" \/><input type=\"hidden\" name=\"_wpcf7_version\" value=\"6.1.5\" \/><input type=\"hidden\" name=\"_wpcf7_locale\" value=\"da_DK\" \/><input type=\"hidden\" name=\"_wpcf7_unit_tag\" value=\"wpcf7-f8392-o1\" \/><input type=\"hidden\" name=\"_wpcf7_container_post\" value=\"0\" \/><input type=\"hidden\" name=\"_wpcf7_posted_data_hash\" value=\"\" \/>\n<\/fieldset>\n<div class=\"wpcf7-turnstile cf-turnstile\" data-sitekey=\"0x4AAAAAABqmpAAa4YG56tSw\" data-response-field-name=\"_wpcf7_turnstile_response\"><\/div>\n\n<p><label> Dit navn (skal udfyldes)<br \/>\n<span class=\"wpcf7-form-control-wrap\" data-name=\"your-name\"><input size=\"40\" maxlength=\"400\" class=\"wpcf7-form-control wpcf7-text wpcf7-validates-as-required\" aria-required=\"true\" aria-invalid=\"false\" value=\"\" type=\"text\" name=\"your-name\" \/><\/span> <\/label>\n<\/p>\n<p><label> Din e-mail (skal udfyldes)<br \/>\n<span class=\"wpcf7-form-control-wrap\" data-name=\"your-email\"><input size=\"40\" maxlength=\"400\" class=\"wpcf7-form-control wpcf7-email wpcf7-validates-as-required wpcf7-text wpcf7-validates-as-email\" aria-required=\"true\" aria-invalid=\"false\" value=\"\" type=\"email\" name=\"your-email\" \/><\/span> <\/label>\n<\/p>\n<p><label> Dato<br \/>\n<span class=\"wpcf7-form-control-wrap\" data-name=\"Dato\"><input size=\"40\" maxlength=\"400\" class=\"wpcf7-form-control wpcf7-text\" aria-invalid=\"false\" value=\"\" type=\"text\" name=\"Dato\" \/><\/span> <\/label>\n<\/p>\n<p><label> Hvilken anledning<br \/>\n<span class=\"wpcf7-form-control-wrap\" data-name=\"Anledning\"><select class=\"wpcf7-form-control wpcf7-select\" aria-invalid=\"false\" name=\"Anledning\"><option value=\"B\u00f8rnef\u00f8dselsdag\">B\u00f8rnef\u00f8dselsdag<\/option><option value=\"Fastelavn\">Fastelavn<\/option><option value=\"Halloween\">Halloween<\/option><option value=\"Barned\u00e5b\">Barned\u00e5b<\/option><option value=\"Erhvervsarrangement\">Erhvervsarrangement<\/option><option value=\"Gravide maver\">Gravide maver<\/option><option value=\"Jul\">Jul<\/option><\/select><\/span> <\/label>\n<\/p>\n<p><label> Hvor mange b\u00f8rn skal males<br \/>\n<span class=\"wpcf7-form-control-wrap\" data-name=\"Antal-born\"><input class=\"wpcf7-form-control wpcf7-number wpcf7-validates-as-required wpcf7-validates-as-number\" aria-required=\"true\" aria-invalid=\"false\" value=\"\" type=\"number\" name=\"Antal-born\" \/><\/span> <\/label>\n<\/p>\n<p><label> Hvilken adresse skal jeg komme til<br \/>\n<span class=\"wpcf7-form-control-wrap\" data-name=\"Adresse\"><input size=\"40\" maxlength=\"400\" class=\"wpcf7-form-control wpcf7-text wpcf7-validates-as-required\" aria-required=\"true\" aria-invalid=\"false\" value=\"\" type=\"text\" name=\"Adresse\" \/><\/span> <\/label>\n<\/p>\n<p><label> Hvilken postnr<br \/>\n<span class=\"wpcf7-form-control-wrap\" data-name=\"Postnummer\"><input class=\"wpcf7-form-control wpcf7-number wpcf7-validates-as-required wpcf7-validates-as-number\" aria-required=\"true\" aria-invalid=\"false\" value=\"\" type=\"number\" name=\"Postnummer\" \/><\/span><\/label>\n<\/p>\n<p><label> Din besked<br \/>\n<span class=\"wpcf7-form-control-wrap\" data-name=\"your-message\"><textarea cols=\"40\" rows=\"10\" maxlength=\"2000\" class=\"wpcf7-form-control wpcf7-textarea\" aria-invalid=\"false\" name=\"your-message\"><\/textarea><\/span> <\/label><br \/>\n<span class=\"wpcf7-form-control-wrap\" data-name=\"acceptance-682\"><span class=\"wpcf7-form-control wpcf7-acceptance optional\"><span class=\"wpcf7-list-item\"><label><input type=\"checkbox\" name=\"acceptance-682\" value=\"1\" aria-invalid=\"false\" \/><span class=\"wpcf7-list-item-label\">Jeg bekr\u00e6fter at Tina m\u00e5 kontakte mig via de informationer jeg har oplyst herover.<\/span><\/label><\/span><\/span><\/span><br \/>\n<span class=\"wpcf7-form-control-wrap\" data-name=\"quiz-228\"><label><span class=\"wpcf7-quiz-label\">Hvad er 4+12+3 ?<\/span> <input size=\"40\" class=\"wpcf7-form-control wpcf7-quiz\" autocomplete=\"off\" aria-required=\"true\" aria-invalid=\"false\" type=\"text\" name=\"quiz-228\" \/><\/label><input type=\"hidden\" name=\"_wpcf7_quiz_answer_quiz-228\" value=\"7c3617fbd3fddeffd99f3c8ebb6d446a\" \/><\/span><br \/>\n<input class=\"wpcf7-form-control wpcf7-submit has-spinner\" type=\"submit\" value=\"Indsend\" \/>\n<\/p><div class=\"wpcf7-response-output\" aria-hidden=\"true\"><\/div>\n<\/form>\n<\/div>\n\n","protected":false},"excerpt":{"rendered":"<p>N\u00e5r du booker mig Ansigtsmaler Tina Henriksen grundige uddannelse er din garanti for en god oplevelse med ansigtsmaling til dit arrangement. Alt planl\u00e6gges p\u00e5 forh\u00e5nd N\u00e5r du booker er det vigtigt at du fort\u00e6ller om jeg skal male ansigter til dit arrangement, planl\u00e6gger vi alt ved bookingen, s\u00e5 du undg\u00e5r overraskelser undervejs. Hele bookingen og <a class=\"moretag btn btn-primary\" href=\"https:\/\/niipit.dk\/ansigtsmaling\/naar-du-booker-mig\/\">L\u00e6s mere<\/a><\/p>\n","protected":false},"author":988,"featured_media":0,"parent":0,"menu_order":0,"comment_status":"closed","ping_status":"closed","template":"","meta":{"_exactmetrics_skip_tracking":false,"_exactmetrics_sitenote_active":false,"_exactmetrics_sitenote_note":"","_exactmetrics_sitenote_category":0,"_monsterinsights_skip_tracking":false,"_monsterinsights_sitenote_active":false,"_monsterinsights_sitenote_note":"","_monsterinsights_sitenote_category":0,"footnotes":""},"class_list":["post-7182","page","type-page","status-publish","hentry"],"yoast_head":"<!-- This site is optimized with the Yoast SEO plugin v27.3 - https:\/\/yoast.com\/product\/yoast-seo-wordpress\/ -->\n<title>N\u00e5r du booker ansigtamaling b\u00f8r du vide dette her...<\/title>\n<meta name=\"description\" content=\"N\u00e5r du booker ColorfulFaces.dk er det vigtigt, du ved hvor lidt du skal tage dig af. Du bestiller - ansigtsmaleren tager sig af resten i den tid du har k\u00f8bt\" \/>\n<meta name=\"robots\" content=\"index, follow, max-snippet:-1, max-image-preview:large, max-video-preview:-1\" \/>\n<link rel=\"canonical\" href=\"https:\/\/niipit.dk\/ansigtsmaling\/naar-du-booker-mig\/\" \/>\n<meta property=\"og:locale\" content=\"da_DK\" \/>\n<meta property=\"og:type\" content=\"article\" \/>\n<meta property=\"og:title\" content=\"N\u00e5r du booker ansigtamaling b\u00f8r du vide dette her...\" \/>\n<meta property=\"og:description\" content=\"N\u00e5r du booker ColorfulFaces.dk er det vigtigt, du ved hvor lidt du skal tage dig af. Du bestiller - ansigtsmaleren tager sig af resten i den tid du har k\u00f8bt\" \/>\n<meta property=\"og:url\" content=\"https:\/\/niipit.dk\/ansigtsmaling\/naar-du-booker-mig\/\" \/>\n<meta property=\"og:site_name\" content=\"Ansigtsmaling\" \/>\n<meta property=\"article:modified_time\" content=\"2022-03-24T10:08:59+00:00\" \/>\n<meta name=\"twitter:card\" content=\"summary_large_image\" \/>\n<meta name=\"twitter:image\" content=\"https:\/\/niipit.dk\/ansigtsmaling\/wp-content\/uploads\/sites\/215\/2020\/01\/Ring-til-Ansigtsmaling-150x150.jpg\" \/>\n<meta name=\"twitter:label1\" content=\"Estimeret l\u00e6setid\" \/>\n\t<meta name=\"twitter:data1\" content=\"4 minutter\" \/>\n<script type=\"application\/ld+json\" class=\"yoast-schema-graph\">{\"@context\":\"https:\\\/\\\/schema.org\",\"@graph\":[{\"@type\":\"WebPage\",\"@id\":\"https:\\\/\\\/niipit.dk\\\/ansigtsmaling\\\/naar-du-booker-mig\\\/\",\"url\":\"https:\\\/\\\/niipit.dk\\\/ansigtsmaling\\\/naar-du-booker-mig\\\/\",\"name\":\"N\u00e5r du booker ansigtamaling b\u00f8r du vide dette her...\",\"isPartOf\":{\"@id\":\"https:\\\/\\\/niipit.dk\\\/ansigtsmaling\\\/#website\"},\"primaryImageOfPage\":{\"@id\":\"https:\\\/\\\/niipit.dk\\\/ansigtsmaling\\\/naar-du-booker-mig\\\/#primaryimage\"},\"image\":{\"@id\":\"https:\\\/\\\/niipit.dk\\\/ansigtsmaling\\\/naar-du-booker-mig\\\/#primaryimage\"},\"thumbnailUrl\":\"https:\\\/\\\/niipit.dk\\\/ansigtsmaling\\\/wp-content\\\/uploads\\\/sites\\\/215\\\/2020\\\/01\\\/Ring-til-Ansigtsmaling-150x150.jpg\",\"datePublished\":\"2020-01-08T21:21:58+00:00\",\"dateModified\":\"2022-03-24T10:08:59+00:00\",\"description\":\"N\u00e5r du booker ColorfulFaces.dk er det vigtigt, du ved hvor lidt du skal tage dig af. Du bestiller - ansigtsmaleren tager sig af resten i den tid du har k\u00f8bt\",\"breadcrumb\":{\"@id\":\"https:\\\/\\\/niipit.dk\\\/ansigtsmaling\\\/naar-du-booker-mig\\\/#breadcrumb\"},\"inLanguage\":\"da-DK\",\"potentialAction\":[{\"@type\":\"ReadAction\",\"target\":[\"https:\\\/\\\/niipit.dk\\\/ansigtsmaling\\\/naar-du-booker-mig\\\/\"]}]},{\"@type\":\"ImageObject\",\"inLanguage\":\"da-DK\",\"@id\":\"https:\\\/\\\/niipit.dk\\\/ansigtsmaling\\\/naar-du-booker-mig\\\/#primaryimage\",\"url\":\"https:\\\/\\\/niipit.dk\\\/ansigtsmaling\\\/wp-content\\\/uploads\\\/sites\\\/215\\\/2020\\\/01\\\/Ring-til-Ansigtsmaling-150x150.jpg\",\"contentUrl\":\"https:\\\/\\\/niipit.dk\\\/ansigtsmaling\\\/wp-content\\\/uploads\\\/sites\\\/215\\\/2020\\\/01\\\/Ring-til-Ansigtsmaling-150x150.jpg\"},{\"@type\":\"BreadcrumbList\",\"@id\":\"https:\\\/\\\/niipit.dk\\\/ansigtsmaling\\\/naar-du-booker-mig\\\/#breadcrumb\",\"itemListElement\":[{\"@type\":\"ListItem\",\"position\":1,\"name\":\"Hjem\",\"item\":\"https:\\\/\\\/niipit.dk\\\/ansigtsmaling\\\/\"},{\"@type\":\"ListItem\",\"position\":2,\"name\":\"N\u00e5r du booker mig\"}]},{\"@type\":\"WebSite\",\"@id\":\"https:\\\/\\\/niipit.dk\\\/ansigtsmaling\\\/#website\",\"url\":\"https:\\\/\\\/niipit.dk\\\/ansigtsmaling\\\/\",\"name\":\"Ansigtsmaling\",\"description\":\"S\u00e6tter smil p\u00e5 ansigter. www.colorfulfaces.dk\",\"potentialAction\":[{\"@type\":\"SearchAction\",\"target\":{\"@type\":\"EntryPoint\",\"urlTemplate\":\"https:\\\/\\\/niipit.dk\\\/ansigtsmaling\\\/?s={search_term_string}\"},\"query-input\":{\"@type\":\"PropertyValueSpecification\",\"valueRequired\":true,\"valueName\":\"search_term_string\"}}],\"inLanguage\":\"da-DK\"}]}<\/script>\n<!-- \/ Yoast SEO plugin. -->","yoast_head_json":{"title":"N\u00e5r du booker ansigtamaling b\u00f8r du vide dette her...","description":"N\u00e5r du booker ColorfulFaces.dk er det vigtigt, du ved hvor lidt du skal tage dig af. Du bestiller - ansigtsmaleren tager sig af resten i den tid du har k\u00f8bt","robots":{"index":"index","follow":"follow","max-snippet":"max-snippet:-1","max-image-preview":"max-image-preview:large","max-video-preview":"max-video-preview:-1"},"canonical":"https:\/\/niipit.dk\/ansigtsmaling\/naar-du-booker-mig\/","og_locale":"da_DK","og_type":"article","og_title":"N\u00e5r du booker ansigtamaling b\u00f8r du vide dette her...","og_description":"N\u00e5r du booker ColorfulFaces.dk er det vigtigt, du ved hvor lidt du skal tage dig af. Du bestiller - ansigtsmaleren tager sig af resten i den tid du har k\u00f8bt","og_url":"https:\/\/niipit.dk\/ansigtsmaling\/naar-du-booker-mig\/","og_site_name":"Ansigtsmaling","article_modified_time":"2022-03-24T10:08:59+00:00","twitter_card":"summary_large_image","twitter_image":"https:\/\/niipit.dk\/ansigtsmaling\/wp-content\/uploads\/sites\/215\/2020\/01\/Ring-til-Ansigtsmaling-150x150.jpg","twitter_misc":{"Estimeret l\u00e6setid":"4 minutter"},"schema":{"@context":"https:\/\/schema.org","@graph":[{"@type":"WebPage","@id":"https:\/\/niipit.dk\/ansigtsmaling\/naar-du-booker-mig\/","url":"https:\/\/niipit.dk\/ansigtsmaling\/naar-du-booker-mig\/","name":"N\u00e5r du booker ansigtamaling b\u00f8r du vide dette her...","isPartOf":{"@id":"https:\/\/niipit.dk\/ansigtsmaling\/#website"},"primaryImageOfPage":{"@id":"https:\/\/niipit.dk\/ansigtsmaling\/naar-du-booker-mig\/#primaryimage"},"image":{"@id":"https:\/\/niipit.dk\/ansigtsmaling\/naar-du-booker-mig\/#primaryimage"},"thumbnailUrl":"https:\/\/niipit.dk\/ansigtsmaling\/wp-content\/uploads\/sites\/215\/2020\/01\/Ring-til-Ansigtsmaling-150x150.jpg","datePublished":"2020-01-08T21:21:58+00:00","dateModified":"2022-03-24T10:08:59+00:00","description":"N\u00e5r du booker ColorfulFaces.dk er det vigtigt, du ved hvor lidt du skal tage dig af. Du bestiller - ansigtsmaleren tager sig af resten i den tid du har k\u00f8bt","breadcrumb":{"@id":"https:\/\/niipit.dk\/ansigtsmaling\/naar-du-booker-mig\/#breadcrumb"},"inLanguage":"da-DK","potentialAction":[{"@type":"ReadAction","target":["https:\/\/niipit.dk\/ansigtsmaling\/naar-du-booker-mig\/"]}]},{"@type":"ImageObject","inLanguage":"da-DK","@id":"https:\/\/niipit.dk\/ansigtsmaling\/naar-du-booker-mig\/#primaryimage","url":"https:\/\/niipit.dk\/ansigtsmaling\/wp-content\/uploads\/sites\/215\/2020\/01\/Ring-til-Ansigtsmaling-150x150.jpg","contentUrl":"https:\/\/niipit.dk\/ansigtsmaling\/wp-content\/uploads\/sites\/215\/2020\/01\/Ring-til-Ansigtsmaling-150x150.jpg"},{"@type":"BreadcrumbList","@id":"https:\/\/niipit.dk\/ansigtsmaling\/naar-du-booker-mig\/#breadcrumb","itemListElement":[{"@type":"ListItem","position":1,"name":"Hjem","item":"https:\/\/niipit.dk\/ansigtsmaling\/"},{"@type":"ListItem","position":2,"name":"N\u00e5r du booker mig"}]},{"@type":"WebSite","@id":"https:\/\/niipit.dk\/ansigtsmaling\/#website","url":"https:\/\/niipit.dk\/ansigtsmaling\/","name":"Ansigtsmaling","description":"S\u00e6tter smil p\u00e5 ansigter. www.colorfulfaces.dk","potentialAction":[{"@type":"SearchAction","target":{"@type":"EntryPoint","urlTemplate":"https:\/\/niipit.dk\/ansigtsmaling\/?s={search_term_string}"},"query-input":{"@type":"PropertyValueSpecification","valueRequired":true,"valueName":"search_term_string"}}],"inLanguage":"da-DK"}]}},"_links":{"self":[{"href":"https:\/\/niipit.dk\/ansigtsmaling\/wp-json\/wp\/v2\/pages\/7182","targetHints":{"allow":["GET"]}}],"collection":[{"href":"https:\/\/niipit.dk\/ansigtsmaling\/wp-json\/wp\/v2\/pages"}],"about":[{"href":"https:\/\/niipit.dk\/ansigtsmaling\/wp-json\/wp\/v2\/types\/page"}],"author":[{"embeddable":true,"href":"https:\/\/niipit.dk\/ansigtsmaling\/wp-json\/wp\/v2\/users\/988"}],"replies":[{"embeddable":true,"href":"https:\/\/niipit.dk\/ansigtsmaling\/wp-json\/wp\/v2\/comments?post=7182"}],"version-history":[{"count":4,"href":"https:\/\/niipit.dk\/ansigtsmaling\/wp-json\/wp\/v2\/pages\/7182\/revisions"}],"predecessor-version":[{"id":10732,"href":"https:\/\/niipit.dk\/ansigtsmaling\/wp-json\/wp\/v2\/pages\/7182\/revisions\/10732"}],"wp:attachment":[{"href":"https:\/\/niipit.dk\/ansigtsmaling\/wp-json\/wp\/v2\/media?parent=7182"}],"curies":[{"name":"wp","href":"https:\/\/api.w.org\/{rel}","templated":true}]}}