{"id":7170,"date":"2020-01-08T22:13:08","date_gmt":"2020-01-08T21:13:08","guid":{"rendered":"https:\/\/niipit.dk\/ansigtsmaling\/?page_id=7170"},"modified":"2022-03-24T11:10:41","modified_gmt":"2022-03-24T10:10:41","slug":"accessories","status":"publish","type":"page","link":"https:\/\/niipit.dk\/ansigtsmaling\/accessories\/","title":{"rendered":"Accessories"},"content":{"rendered":"\n<h2 class=\"wp-block-heading\" id=\"h-accessories-og-glitter\">Accessories og glitter <\/h2>\n\n\n\n<div class=\"wp-block-columns is-layout-flex wp-container-core-columns-is-layout-9d6595d7 wp-block-columns-is-layout-flex\">\n<div class=\"wp-block-column is-layout-flow wp-block-column-is-layout-flow\" style=\"flex-basis:100%\">\n<div class=\"wp-block-columns is-layout-flex wp-container-core-columns-is-layout-9d6595d7 wp-block-columns-is-layout-flex\">\n<div class=\"wp-block-column is-layout-flow wp-block-column-is-layout-flow\" style=\"flex-basis:100%\">\n<p class=\"has-text-align-right\">opdateret 27 Januar 2022<\/p>\n\n\n\n<div class=\"wp-block-group\"><div class=\"wp-block-group__inner-container is-layout-flow wp-block-group-is-layout-flow\">\n<div class=\"wp-block-buttons is-layout-flex wp-block-buttons-is-layout-flex\"><\/div>\n<\/div><\/div>\n<\/div>\n<\/div>\n\n\n\n<div class=\"wp-block-image\"><figure class=\"alignright size-full\"><img loading=\"lazy\" decoding=\"async\" width=\"500\" height=\"255\" src=\"https:\/\/niipit.dk\/ansigtsmaling\/wp-content\/uploads\/sites\/215\/2020\/01\/colorful-faces-ansigtsmaling-Tina-Henriksen.png\" alt=\"ColourfulFaces.dk Ansigtsmaling Accessories\" class=\"wp-image-7031\" srcset=\"https:\/\/niipit.dk\/ansigtsmaling\/wp-content\/uploads\/sites\/215\/2020\/01\/colorful-faces-ansigtsmaling-Tina-Henriksen.png 500w, https:\/\/niipit.dk\/ansigtsmaling\/wp-content\/uploads\/sites\/215\/2020\/01\/colorful-faces-ansigtsmaling-Tina-Henriksen-300x153.png 300w\" sizes=\"auto, (max-width: 500px) 100vw, 500px\" \/><\/figure><\/div>\n\n\n\n<div class=\"wp-block-buttons is-layout-flex wp-block-buttons-is-layout-flex\"><\/div>\n<\/div>\n<\/div>\n\n\n\n<div class=\"wp-block-buttons is-layout-flex wp-block-buttons-is-layout-flex\"><\/div>\n\n\n\n<div class=\"wp-block-buttons is-layout-flex wp-block-buttons-is-layout-flex\"><\/div>\n\n\n\n<div class=\"wp-block-columns is-layout-flex wp-container-core-columns-is-layout-9d6595d7 wp-block-columns-is-layout-flex\">\n<div class=\"wp-block-column is-layout-flow wp-block-column-is-layout-flow\" style=\"flex-basis:66.66%\">\n<h3 class=\"wp-block-heading\" id=\"h-accessories-glitter-og-pynt\">Accessories, glitter og pynt<\/h3>\n<\/div>\n\n\n\n<div class=\"wp-block-column is-layout-flow wp-block-column-is-layout-flow\" style=\"flex-basis:33.33%\">\n<div class=\"wp-block-buttons is-layout-flex wp-block-buttons-is-layout-flex\">\n<div class=\"wp-block-button is-style-fill\"><a class=\"wp-block-button__link has-black-color has-text-color has-background\" href=\"https:\/\/niipit.dk\/ansigtsmaling\/produkt\/accessories-til-ansigtsmaling-tilvalg-pr-stk\/\" style=\"background-color:#d4acb7\" target=\"_blank\" rel=\"noreferrer noopener\">Bes\u00f8g shoppen her<\/a><\/div>\n<\/div>\n<\/div>\n<\/div>\n\n\n\n<div class=\"wp-block-columns is-layout-flex wp-container-core-columns-is-layout-9d6595d7 wp-block-columns-is-layout-flex\">\n<div class=\"wp-block-column is-layout-flow wp-block-column-is-layout-flow\" style=\"flex-basis:66.66%\">\n<div class=\"wp-block-columns is-layout-flex wp-container-core-columns-is-layout-9d6595d7 wp-block-columns-is-layout-flex\">\n<div class=\"wp-block-column is-layout-flow wp-block-column-is-layout-flow\"><\/div>\n<\/div>\n\n\n\n<h4 class=\"wp-block-heading\" id=\"h-har-fundet-vejen-frem-til-ansigtsmaling\">Har fundet vejen frem til ansigtsmaling<\/h4>\n\n\n\n<p>Accessories og Bio glitter i alverdens farver er nu en del af mit faste udstyr.<\/p>\n\n\n\n<p class=\"has-text-color\" style=\"color:#292e32\">Alle mine forskellige enhj\u00f8rning og drage horn&nbsp;er h\u00e5ndlavet og unikke, de er af <a href=\"https:\/\/www.cchobby.dk\/\" target=\"_blank\" rel=\"noreferrer noopener nofollow\">Silk clay<\/a> til seje og modige drenge &amp; piger.<\/p>\n\n\n\n<p>Der benyttes en speciel glitter Tulip lim som indk\u00f8bes fra England. <\/p>\n\n\n\n<h4 class=\"wp-block-heading\" id=\"h-b-rn-elsker-udkl-dning\">B\u00f8rn elsker udkl\u00e6dning<\/h4>\n\n\n\n<p>B\u00f8rn elsker at pynte sig uanset om det er drenge eller piger: De vil gerne se godt ud.<\/p>\n\n\n\n<p>Alle mine h\u00e5ndlavet gems er bl\u00f8de og velegnet til b\u00f8rn, samt&nbsp;genanvendelige p\u00e5 andre dage&nbsp;med nye sjove oplevelser og lege.<\/p>\n\n\n\n<p><em>B\u00f8rn, udkl\u00e6dning og ansigtsmaling er et sikkert hit.<\/em><\/p>\n\n\n\n<p>Prikken over i&#8217;et er glitter og smykkesten til alle slags ansigtsmalinger, kun fantasien s\u00e6tter begr\u00e6nsninger.<\/p>\n\n\n\n<h4 class=\"wp-block-heading\" id=\"h-smykkesten-og-perler\">Smykkesten og perler<\/h4>\n\n\n\n<p>Til forskellige ansigtsmalings som: Havfruer, enhj\u00f8rninger, sommerfugle, drager, katte, og mange flere.<\/p>\n\n\n\n<p>Har jeg produceret forskellig slags gems af smykkestens perler i alle slags farver og st\u00f8rrelser.<\/p>\n\n\n\n<p>De&nbsp;kan bestilles&nbsp;i forskellige varianter og farver: Derved bliver dit event helt unikt.  <\/p>\n\n\n\n<p>Den vandopl\u00f8selige body-lim er s\u00e5dan produceret, at der ikke opst\u00e5r nogle former for allergi, efter pynten er p\u00e5sat p\u00e5 huden. <\/p>\n\n\n\n<p>Accessories er bl\u00f8d og let, derved g\u00e5r den ikke i stykker, n\u00e5r den tages af med fingrene eller tempereret vand. <\/p>\n\n\n\n<p class=\"has-text-color\" style=\"color:#292e32\">Har du sp\u00f8rgsm\u00e5l s\u00e5 kontakt mig p\u00e5 mail: <a href=\"mailto:tina@colorfulfaces.dk?subject=Email%20fra%20hjemmesiden%20-%20Accessories&amp;body=Tak%20fordi%20du%20tager%20dig%20tid%20til%20at%20skrive%20til%20mig%20-%20jeg%20besvarer%20alle%20henvendelser%20indenfor%20en%20til%20to%20dage.\" target=\"_blank\" rel=\"noreferrer noopener\">tina@colorfulfaces.dk<\/a><\/p>\n\n\n\n<h4 class=\"wp-block-heading\" id=\"h-obs\">Obs<\/h4>\n\n\n\n<p>Opbevaring af pynt: De m\u00e5 kun p\u00e5s\u00e6ttes et stykke plastik, Kommer de i kontakt med papir kan de ikke tages af igen.<\/p>\n\n\n\n<p>Hvis limen p\u00e5 bagsiden t\u00f8rrer ud, kan kunstig \u00f8jenvippe lim bruges.<\/p>\n\n\n\n<p>Det at kunne give et barn et minde med \u00e9n accorieys som er et stykke h\u00e5ndlavet bling g\u00f8r hele oplevelsen sjovere. <\/p>\n\n\n\n<h4 class=\"has-white-background-color has-text-color has-background wp-block-heading\" id=\"h-se-prisen-for-accessories\" style=\"color:#292e32\"><a href=\"https:\/\/niipit.dk\/ansigtsmaling\/produkt\/accessories-til-ansigtsmaling-tilvalg-pr-stk\/\">Se prisen for \u201caccessories\u201d<\/a><\/h4>\n\n\n\n<p><em>P\u00e5 billederne herunder kan du se nogle eksempler.<\/em><\/p>\n\n\n\n<div class=\"wp-block-columns is-layout-flex wp-container-core-columns-is-layout-9d6595d7 wp-block-columns-is-layout-flex\">\n<div class=\"wp-block-column is-layout-flow wp-block-column-is-layout-flow\">\n<div class=\"wp-block-image\"><figure class=\"aligncenter size-large\"><img loading=\"lazy\" decoding=\"async\" width=\"1024\" height=\"1024\" src=\"https:\/\/niipit.dk\/ansigtsmaling\/wp-content\/uploads\/sites\/215\/2022\/01\/colorful-faces-bling-side-1-1024x1024.jpg\" alt=\"colorful-faces-bling-side-1\" class=\"wp-image-10409\" srcset=\"https:\/\/niipit.dk\/ansigtsmaling\/wp-content\/uploads\/sites\/215\/2022\/01\/colorful-faces-bling-side-1-1024x1024.jpg 1024w, https:\/\/niipit.dk\/ansigtsmaling\/wp-content\/uploads\/sites\/215\/2022\/01\/colorful-faces-bling-side-1-300x300.jpg 300w, https:\/\/niipit.dk\/ansigtsmaling\/wp-content\/uploads\/sites\/215\/2022\/01\/colorful-faces-bling-side-1-150x150.jpg 150w, https:\/\/niipit.dk\/ansigtsmaling\/wp-content\/uploads\/sites\/215\/2022\/01\/colorful-faces-bling-side-1-768x768.jpg 768w, https:\/\/niipit.dk\/ansigtsmaling\/wp-content\/uploads\/sites\/215\/2022\/01\/colorful-faces-bling-side-1-600x600.jpg 600w, https:\/\/niipit.dk\/ansigtsmaling\/wp-content\/uploads\/sites\/215\/2022\/01\/colorful-faces-bling-side-1-100x100.jpg 100w, https:\/\/niipit.dk\/ansigtsmaling\/wp-content\/uploads\/sites\/215\/2022\/01\/colorful-faces-bling-side-1.jpg 1080w\" sizes=\"auto, (max-width: 1024px) 100vw, 1024px\" \/><\/figure><\/div>\n<\/div>\n\n\n\n<div class=\"wp-block-column is-layout-flow wp-block-column-is-layout-flow\">\n<div class=\"wp-block-image\"><figure class=\"aligncenter size-large\"><img loading=\"lazy\" decoding=\"async\" width=\"1024\" height=\"1024\" src=\"https:\/\/niipit.dk\/ansigtsmaling\/wp-content\/uploads\/sites\/215\/2022\/01\/colorful-faces-bling-side-2-1024x1024.jpg\" alt=\"colorful-faces-bling-side-2\" class=\"wp-image-10411\" srcset=\"https:\/\/niipit.dk\/ansigtsmaling\/wp-content\/uploads\/sites\/215\/2022\/01\/colorful-faces-bling-side-2-1024x1024.jpg 1024w, https:\/\/niipit.dk\/ansigtsmaling\/wp-content\/uploads\/sites\/215\/2022\/01\/colorful-faces-bling-side-2-300x300.jpg 300w, https:\/\/niipit.dk\/ansigtsmaling\/wp-content\/uploads\/sites\/215\/2022\/01\/colorful-faces-bling-side-2-150x150.jpg 150w, https:\/\/niipit.dk\/ansigtsmaling\/wp-content\/uploads\/sites\/215\/2022\/01\/colorful-faces-bling-side-2-768x768.jpg 768w, https:\/\/niipit.dk\/ansigtsmaling\/wp-content\/uploads\/sites\/215\/2022\/01\/colorful-faces-bling-side-2-600x600.jpg 600w, https:\/\/niipit.dk\/ansigtsmaling\/wp-content\/uploads\/sites\/215\/2022\/01\/colorful-faces-bling-side-2-100x100.jpg 100w, https:\/\/niipit.dk\/ansigtsmaling\/wp-content\/uploads\/sites\/215\/2022\/01\/colorful-faces-bling-side-2.jpg 1080w\" sizes=\"auto, (max-width: 1024px) 100vw, 1024px\" \/><\/figure><\/div>\n<\/div>\n\n\n\n<div class=\"wp-block-column is-layout-flow wp-block-column-is-layout-flow\">\n<div class=\"wp-block-image\"><figure class=\"aligncenter size-large\"><img loading=\"lazy\" decoding=\"async\" width=\"1024\" height=\"1024\" src=\"https:\/\/niipit.dk\/ansigtsmaling\/wp-content\/uploads\/sites\/215\/2022\/01\/colorful-faces-bling-side-3-1024x1024.jpg\" alt=\"colorful-faces-bling-side-3\" class=\"wp-image-10410\" srcset=\"https:\/\/niipit.dk\/ansigtsmaling\/wp-content\/uploads\/sites\/215\/2022\/01\/colorful-faces-bling-side-3-1024x1024.jpg 1024w, https:\/\/niipit.dk\/ansigtsmaling\/wp-content\/uploads\/sites\/215\/2022\/01\/colorful-faces-bling-side-3-300x300.jpg 300w, https:\/\/niipit.dk\/ansigtsmaling\/wp-content\/uploads\/sites\/215\/2022\/01\/colorful-faces-bling-side-3-150x150.jpg 150w, https:\/\/niipit.dk\/ansigtsmaling\/wp-content\/uploads\/sites\/215\/2022\/01\/colorful-faces-bling-side-3-768x768.jpg 768w, https:\/\/niipit.dk\/ansigtsmaling\/wp-content\/uploads\/sites\/215\/2022\/01\/colorful-faces-bling-side-3-600x600.jpg 600w, https:\/\/niipit.dk\/ansigtsmaling\/wp-content\/uploads\/sites\/215\/2022\/01\/colorful-faces-bling-side-3-100x100.jpg 100w, https:\/\/niipit.dk\/ansigtsmaling\/wp-content\/uploads\/sites\/215\/2022\/01\/colorful-faces-bling-side-3.jpg 1080w\" sizes=\"auto, (max-width: 1024px) 100vw, 1024px\" \/><\/figure><\/div>\n<\/div>\n<\/div>\n<\/div>\n<\/div>\n\n\n\n<div class=\"wp-block-button aligncenter is-style-outline is-style-outline--1\"><a class=\"wp-block-button__link has-very-dark-gray-color has-text-color has-background\" style=\"background-color:#ddf5c7\"><strong>Foresp\u00f8rgsel til accessory &#8211; udfyld skema herunder<\/strong><\/a><\/div>\n\n\n\n<div class=\"wp-block-columns is-layout-flex wp-container-core-columns-is-layout-9d6595d7 wp-block-columns-is-layout-flex\">\n<div class=\"wp-block-column is-layout-flow wp-block-column-is-layout-flow\"><\/div>\n\n\n\n<div class=\"wp-block-column is-layout-flow wp-block-column-is-layout-flow\">\n<div class=\"wp-block-columns is-layout-flex wp-container-core-columns-is-layout-9d6595d7 wp-block-columns-is-layout-flex\">\n<div class=\"wp-block-column is-layout-flow wp-block-column-is-layout-flow\"><\/div>\n\n\n\n<div class=\"wp-block-column is-layout-flow wp-block-column-is-layout-flow\"><\/div>\n<\/div>\n<\/div>\n<\/div>\n\n\n\n<div class=\"wpcf7 no-js\" id=\"wpcf7-f8392-o1\" lang=\"da-DK\" dir=\"ltr\" data-wpcf7-id=\"8392\">\n<div class=\"screen-reader-response\"><p role=\"status\" aria-live=\"polite\" aria-atomic=\"true\"><\/p> <ul><\/ul><\/div>\n<form action=\"\/ansigtsmaling\/wp-json\/wp\/v2\/pages\/7170#wpcf7-f8392-o1\" method=\"post\" class=\"wpcf7-form init\" aria-label=\"Kontaktformular\" novalidate=\"novalidate\" data-status=\"init\">\n<fieldset class=\"hidden-fields-container\"><input type=\"hidden\" name=\"_wpcf7\" value=\"8392\" \/><input type=\"hidden\" name=\"_wpcf7_version\" value=\"6.1.5\" \/><input type=\"hidden\" name=\"_wpcf7_locale\" value=\"da_DK\" \/><input type=\"hidden\" name=\"_wpcf7_unit_tag\" value=\"wpcf7-f8392-o1\" \/><input type=\"hidden\" name=\"_wpcf7_container_post\" value=\"0\" \/><input type=\"hidden\" name=\"_wpcf7_posted_data_hash\" value=\"\" \/>\n<\/fieldset>\n<div class=\"wpcf7-turnstile cf-turnstile\" data-sitekey=\"0x4AAAAAABqmpAAa4YG56tSw\" data-response-field-name=\"_wpcf7_turnstile_response\"><\/div>\n\n<p><label> Dit navn (skal udfyldes)<br \/>\n<span class=\"wpcf7-form-control-wrap\" data-name=\"your-name\"><input size=\"40\" maxlength=\"400\" class=\"wpcf7-form-control wpcf7-text wpcf7-validates-as-required\" aria-required=\"true\" aria-invalid=\"false\" value=\"\" type=\"text\" name=\"your-name\" \/><\/span> <\/label>\n<\/p>\n<p><label> Din e-mail (skal udfyldes)<br \/>\n<span class=\"wpcf7-form-control-wrap\" data-name=\"your-email\"><input size=\"40\" maxlength=\"400\" class=\"wpcf7-form-control wpcf7-email wpcf7-validates-as-required wpcf7-text wpcf7-validates-as-email\" aria-required=\"true\" aria-invalid=\"false\" value=\"\" type=\"email\" name=\"your-email\" \/><\/span> <\/label>\n<\/p>\n<p><label> Dato<br \/>\n<span class=\"wpcf7-form-control-wrap\" data-name=\"Dato\"><input size=\"40\" maxlength=\"400\" class=\"wpcf7-form-control wpcf7-text\" aria-invalid=\"false\" value=\"\" type=\"text\" name=\"Dato\" \/><\/span> <\/label>\n<\/p>\n<p><label> Hvilken anledning<br \/>\n<span class=\"wpcf7-form-control-wrap\" data-name=\"Anledning\"><select class=\"wpcf7-form-control wpcf7-select\" aria-invalid=\"false\" name=\"Anledning\"><option value=\"B\u00f8rnef\u00f8dselsdag\">B\u00f8rnef\u00f8dselsdag<\/option><option value=\"Fastelavn\">Fastelavn<\/option><option value=\"Halloween\">Halloween<\/option><option value=\"Barned\u00e5b\">Barned\u00e5b<\/option><option value=\"Erhvervsarrangement\">Erhvervsarrangement<\/option><option value=\"Gravide maver\">Gravide maver<\/option><option value=\"Jul\">Jul<\/option><\/select><\/span> <\/label>\n<\/p>\n<p><label> Hvor mange b\u00f8rn skal males<br \/>\n<span class=\"wpcf7-form-control-wrap\" data-name=\"Antal-born\"><input class=\"wpcf7-form-control wpcf7-number wpcf7-validates-as-required wpcf7-validates-as-number\" aria-required=\"true\" aria-invalid=\"false\" value=\"\" type=\"number\" name=\"Antal-born\" \/><\/span> <\/label>\n<\/p>\n<p><label> Hvilken adresse skal jeg komme til<br \/>\n<span class=\"wpcf7-form-control-wrap\" data-name=\"Adresse\"><input size=\"40\" maxlength=\"400\" class=\"wpcf7-form-control wpcf7-text wpcf7-validates-as-required\" aria-required=\"true\" aria-invalid=\"false\" value=\"\" type=\"text\" name=\"Adresse\" \/><\/span> <\/label>\n<\/p>\n<p><label> Hvilken postnr<br \/>\n<span class=\"wpcf7-form-control-wrap\" data-name=\"Postnummer\"><input class=\"wpcf7-form-control wpcf7-number wpcf7-validates-as-required wpcf7-validates-as-number\" aria-required=\"true\" aria-invalid=\"false\" value=\"\" type=\"number\" name=\"Postnummer\" \/><\/span><\/label>\n<\/p>\n<p><label> Din besked<br \/>\n<span class=\"wpcf7-form-control-wrap\" data-name=\"your-message\"><textarea cols=\"40\" rows=\"10\" maxlength=\"2000\" class=\"wpcf7-form-control wpcf7-textarea\" aria-invalid=\"false\" name=\"your-message\"><\/textarea><\/span> <\/label><br \/>\n<span class=\"wpcf7-form-control-wrap\" data-name=\"acceptance-682\"><span class=\"wpcf7-form-control wpcf7-acceptance optional\"><span class=\"wpcf7-list-item\"><label><input type=\"checkbox\" name=\"acceptance-682\" value=\"1\" aria-invalid=\"false\" \/><span class=\"wpcf7-list-item-label\">Jeg bekr\u00e6fter at Tina m\u00e5 kontakte mig via de informationer jeg har oplyst herover.<\/span><\/label><\/span><\/span><\/span><br \/>\n<span class=\"wpcf7-form-control-wrap\" data-name=\"quiz-228\"><label><span class=\"wpcf7-quiz-label\">Hvad er 4+12+3 ?<\/span> <input size=\"40\" class=\"wpcf7-form-control wpcf7-quiz\" autocomplete=\"off\" aria-required=\"true\" aria-invalid=\"false\" type=\"text\" name=\"quiz-228\" \/><\/label><input type=\"hidden\" name=\"_wpcf7_quiz_answer_quiz-228\" value=\"7c3617fbd3fddeffd99f3c8ebb6d446a\" \/><\/span><br \/>\n<input class=\"wpcf7-form-control wpcf7-submit has-spinner\" type=\"submit\" value=\"Indsend\" \/>\n<\/p><div class=\"wpcf7-response-output\" aria-hidden=\"true\"><\/div>\n<\/form>\n<\/div>\n\n","protected":false},"excerpt":{"rendered":"<p>Accessories og glitter opdateret 27 Januar 2022 Accessories, glitter og pynt Har fundet vejen frem til ansigtsmaling Accessories og Bio glitter i alverdens farver er nu en del af mit faste udstyr. Alle mine forskellige enhj\u00f8rning og drage horn&nbsp;er h\u00e5ndlavet og unikke, de er af Silk clay til seje og modige drenge &amp; piger. Der <a class=\"moretag btn btn-primary\" href=\"https:\/\/niipit.dk\/ansigtsmaling\/accessories\/\">L\u00e6s mere<\/a><\/p>\n","protected":false},"author":988,"featured_media":0,"parent":0,"menu_order":0,"comment_status":"closed","ping_status":"closed","template":"","meta":{"_exactmetrics_skip_tracking":false,"_exactmetrics_sitenote_active":false,"_exactmetrics_sitenote_note":"","_exactmetrics_sitenote_category":0,"_monsterinsights_skip_tracking":false,"_monsterinsights_sitenote_active":false,"_monsterinsights_sitenote_note":"","_monsterinsights_sitenote_category":0,"footnotes":""},"class_list":["post-7170","page","type-page","status-publish","hentry"],"yoast_head":"<!-- This site is optimized with the Yoast SEO plugin v27.3 - https:\/\/yoast.com\/product\/yoast-seo-wordpress\/ -->\n<title>Accessories og Bio Glitter h\u00f8re med til Ansigtsmaling<\/title>\n<meta name=\"description\" content=\"Accessories og Glitter er blevet en helt naturlig del af oplevelsen med ansigtsmaling. ColorfulFaces har t\u00e6nkt p\u00e5 det hele n\u00e5r du booker os til din fest\" \/>\n<meta name=\"robots\" content=\"index, follow, max-snippet:-1, max-image-preview:large, max-video-preview:-1\" \/>\n<link rel=\"canonical\" href=\"https:\/\/niipit.dk\/ansigtsmaling\/accessories\/\" \/>\n<meta property=\"og:locale\" content=\"da_DK\" \/>\n<meta property=\"og:type\" content=\"article\" \/>\n<meta property=\"og:title\" content=\"Accessories og Bio Glitter h\u00f8re med til Ansigtsmaling\" \/>\n<meta property=\"og:description\" content=\"Accessories og Glitter er blevet en helt naturlig del af oplevelsen med ansigtsmaling. ColorfulFaces har t\u00e6nkt p\u00e5 det hele n\u00e5r du booker os til din fest\" \/>\n<meta property=\"og:url\" content=\"https:\/\/niipit.dk\/ansigtsmaling\/accessories\/\" \/>\n<meta property=\"og:site_name\" content=\"Ansigtsmaling\" \/>\n<meta property=\"article:modified_time\" content=\"2022-03-24T10:10:41+00:00\" \/>\n<meta name=\"twitter:card\" content=\"summary_large_image\" \/>\n<meta name=\"twitter:image\" content=\"https:\/\/niipit.dk\/ansigtsmaling\/wp-content\/uploads\/sites\/215\/2020\/01\/colorful-faces-ansigtsmaling-Tina-Henriksen.png\" \/>\n<meta name=\"twitter:label1\" content=\"Estimeret l\u00e6setid\" \/>\n\t<meta name=\"twitter:data1\" content=\"3 minutter\" \/>\n<script type=\"application\/ld+json\" class=\"yoast-schema-graph\">{\"@context\":\"https:\\\/\\\/schema.org\",\"@graph\":[{\"@type\":\"WebPage\",\"@id\":\"https:\\\/\\\/niipit.dk\\\/ansigtsmaling\\\/accessories\\\/\",\"url\":\"https:\\\/\\\/niipit.dk\\\/ansigtsmaling\\\/accessories\\\/\",\"name\":\"Accessories og Bio Glitter h\u00f8re med til Ansigtsmaling\",\"isPartOf\":{\"@id\":\"https:\\\/\\\/niipit.dk\\\/ansigtsmaling\\\/#website\"},\"primaryImageOfPage\":{\"@id\":\"https:\\\/\\\/niipit.dk\\\/ansigtsmaling\\\/accessories\\\/#primaryimage\"},\"image\":{\"@id\":\"https:\\\/\\\/niipit.dk\\\/ansigtsmaling\\\/accessories\\\/#primaryimage\"},\"thumbnailUrl\":\"https:\\\/\\\/niipit.dk\\\/ansigtsmaling\\\/wp-content\\\/uploads\\\/sites\\\/215\\\/2020\\\/01\\\/colorful-faces-ansigtsmaling-Tina-Henriksen.png\",\"datePublished\":\"2020-01-08T21:13:08+00:00\",\"dateModified\":\"2022-03-24T10:10:41+00:00\",\"description\":\"Accessories og Glitter er blevet en helt naturlig del af oplevelsen med ansigtsmaling. ColorfulFaces har t\u00e6nkt p\u00e5 det hele n\u00e5r du booker os til din fest\",\"breadcrumb\":{\"@id\":\"https:\\\/\\\/niipit.dk\\\/ansigtsmaling\\\/accessories\\\/#breadcrumb\"},\"inLanguage\":\"da-DK\",\"potentialAction\":[{\"@type\":\"ReadAction\",\"target\":[\"https:\\\/\\\/niipit.dk\\\/ansigtsmaling\\\/accessories\\\/\"]}]},{\"@type\":\"ImageObject\",\"inLanguage\":\"da-DK\",\"@id\":\"https:\\\/\\\/niipit.dk\\\/ansigtsmaling\\\/accessories\\\/#primaryimage\",\"url\":\"https:\\\/\\\/niipit.dk\\\/ansigtsmaling\\\/wp-content\\\/uploads\\\/sites\\\/215\\\/2020\\\/01\\\/colorful-faces-ansigtsmaling-Tina-Henriksen.png\",\"contentUrl\":\"https:\\\/\\\/niipit.dk\\\/ansigtsmaling\\\/wp-content\\\/uploads\\\/sites\\\/215\\\/2020\\\/01\\\/colorful-faces-ansigtsmaling-Tina-Henriksen.png\"},{\"@type\":\"BreadcrumbList\",\"@id\":\"https:\\\/\\\/niipit.dk\\\/ansigtsmaling\\\/accessories\\\/#breadcrumb\",\"itemListElement\":[{\"@type\":\"ListItem\",\"position\":1,\"name\":\"Hjem\",\"item\":\"https:\\\/\\\/niipit.dk\\\/ansigtsmaling\\\/\"},{\"@type\":\"ListItem\",\"position\":2,\"name\":\"Accessories\"}]},{\"@type\":\"WebSite\",\"@id\":\"https:\\\/\\\/niipit.dk\\\/ansigtsmaling\\\/#website\",\"url\":\"https:\\\/\\\/niipit.dk\\\/ansigtsmaling\\\/\",\"name\":\"Ansigtsmaling\",\"description\":\"S\u00e6tter smil p\u00e5 ansigter. www.colorfulfaces.dk\",\"potentialAction\":[{\"@type\":\"SearchAction\",\"target\":{\"@type\":\"EntryPoint\",\"urlTemplate\":\"https:\\\/\\\/niipit.dk\\\/ansigtsmaling\\\/?s={search_term_string}\"},\"query-input\":{\"@type\":\"PropertyValueSpecification\",\"valueRequired\":true,\"valueName\":\"search_term_string\"}}],\"inLanguage\":\"da-DK\"}]}<\/script>\n<!-- \/ Yoast SEO plugin. -->","yoast_head_json":{"title":"Accessories og Bio Glitter h\u00f8re med til Ansigtsmaling","description":"Accessories og Glitter er blevet en helt naturlig del af oplevelsen med ansigtsmaling. ColorfulFaces har t\u00e6nkt p\u00e5 det hele n\u00e5r du booker os til din fest","robots":{"index":"index","follow":"follow","max-snippet":"max-snippet:-1","max-image-preview":"max-image-preview:large","max-video-preview":"max-video-preview:-1"},"canonical":"https:\/\/niipit.dk\/ansigtsmaling\/accessories\/","og_locale":"da_DK","og_type":"article","og_title":"Accessories og Bio Glitter h\u00f8re med til Ansigtsmaling","og_description":"Accessories og Glitter er blevet en helt naturlig del af oplevelsen med ansigtsmaling. ColorfulFaces har t\u00e6nkt p\u00e5 det hele n\u00e5r du booker os til din fest","og_url":"https:\/\/niipit.dk\/ansigtsmaling\/accessories\/","og_site_name":"Ansigtsmaling","article_modified_time":"2022-03-24T10:10:41+00:00","twitter_card":"summary_large_image","twitter_image":"https:\/\/niipit.dk\/ansigtsmaling\/wp-content\/uploads\/sites\/215\/2020\/01\/colorful-faces-ansigtsmaling-Tina-Henriksen.png","twitter_misc":{"Estimeret l\u00e6setid":"3 minutter"},"schema":{"@context":"https:\/\/schema.org","@graph":[{"@type":"WebPage","@id":"https:\/\/niipit.dk\/ansigtsmaling\/accessories\/","url":"https:\/\/niipit.dk\/ansigtsmaling\/accessories\/","name":"Accessories og Bio Glitter h\u00f8re med til Ansigtsmaling","isPartOf":{"@id":"https:\/\/niipit.dk\/ansigtsmaling\/#website"},"primaryImageOfPage":{"@id":"https:\/\/niipit.dk\/ansigtsmaling\/accessories\/#primaryimage"},"image":{"@id":"https:\/\/niipit.dk\/ansigtsmaling\/accessories\/#primaryimage"},"thumbnailUrl":"https:\/\/niipit.dk\/ansigtsmaling\/wp-content\/uploads\/sites\/215\/2020\/01\/colorful-faces-ansigtsmaling-Tina-Henriksen.png","datePublished":"2020-01-08T21:13:08+00:00","dateModified":"2022-03-24T10:10:41+00:00","description":"Accessories og Glitter er blevet en helt naturlig del af oplevelsen med ansigtsmaling. ColorfulFaces har t\u00e6nkt p\u00e5 det hele n\u00e5r du booker os til din fest","breadcrumb":{"@id":"https:\/\/niipit.dk\/ansigtsmaling\/accessories\/#breadcrumb"},"inLanguage":"da-DK","potentialAction":[{"@type":"ReadAction","target":["https:\/\/niipit.dk\/ansigtsmaling\/accessories\/"]}]},{"@type":"ImageObject","inLanguage":"da-DK","@id":"https:\/\/niipit.dk\/ansigtsmaling\/accessories\/#primaryimage","url":"https:\/\/niipit.dk\/ansigtsmaling\/wp-content\/uploads\/sites\/215\/2020\/01\/colorful-faces-ansigtsmaling-Tina-Henriksen.png","contentUrl":"https:\/\/niipit.dk\/ansigtsmaling\/wp-content\/uploads\/sites\/215\/2020\/01\/colorful-faces-ansigtsmaling-Tina-Henriksen.png"},{"@type":"BreadcrumbList","@id":"https:\/\/niipit.dk\/ansigtsmaling\/accessories\/#breadcrumb","itemListElement":[{"@type":"ListItem","position":1,"name":"Hjem","item":"https:\/\/niipit.dk\/ansigtsmaling\/"},{"@type":"ListItem","position":2,"name":"Accessories"}]},{"@type":"WebSite","@id":"https:\/\/niipit.dk\/ansigtsmaling\/#website","url":"https:\/\/niipit.dk\/ansigtsmaling\/","name":"Ansigtsmaling","description":"S\u00e6tter smil p\u00e5 ansigter. www.colorfulfaces.dk","potentialAction":[{"@type":"SearchAction","target":{"@type":"EntryPoint","urlTemplate":"https:\/\/niipit.dk\/ansigtsmaling\/?s={search_term_string}"},"query-input":{"@type":"PropertyValueSpecification","valueRequired":true,"valueName":"search_term_string"}}],"inLanguage":"da-DK"}]}},"_links":{"self":[{"href":"https:\/\/niipit.dk\/ansigtsmaling\/wp-json\/wp\/v2\/pages\/7170","targetHints":{"allow":["GET"]}}],"collection":[{"href":"https:\/\/niipit.dk\/ansigtsmaling\/wp-json\/wp\/v2\/pages"}],"about":[{"href":"https:\/\/niipit.dk\/ansigtsmaling\/wp-json\/wp\/v2\/types\/page"}],"author":[{"embeddable":true,"href":"https:\/\/niipit.dk\/ansigtsmaling\/wp-json\/wp\/v2\/users\/988"}],"replies":[{"embeddable":true,"href":"https:\/\/niipit.dk\/ansigtsmaling\/wp-json\/wp\/v2\/comments?post=7170"}],"version-history":[{"count":23,"href":"https:\/\/niipit.dk\/ansigtsmaling\/wp-json\/wp\/v2\/pages\/7170\/revisions"}],"predecessor-version":[{"id":10733,"href":"https:\/\/niipit.dk\/ansigtsmaling\/wp-json\/wp\/v2\/pages\/7170\/revisions\/10733"}],"wp:attachment":[{"href":"https:\/\/niipit.dk\/ansigtsmaling\/wp-json\/wp\/v2\/media?parent=7170"}],"curies":[{"name":"wp","href":"https:\/\/api.w.org\/{rel}","templated":true}]}}