{"id":7150,"date":"2020-01-08T22:05:32","date_gmt":"2020-01-08T21:05:32","guid":{"rendered":"https:\/\/niipit.dk\/ansigtsmaling\/?page_id=7150"},"modified":"2022-03-24T11:12:04","modified_gmt":"2022-03-24T10:12:04","slug":"gravide-maver","status":"publish","type":"page","link":"https:\/\/niipit.dk\/ansigtsmaling\/gravide-maver\/","title":{"rendered":"Gravide maver"},"content":{"rendered":"\n<h2 class=\"wp-block-heading\" id=\"h-f-et-varigt-minde-om-den-s-de-ventetid-som-gravid\">F\u00e5 et varigt minde om den s\u00f8de ventetid som gravid<\/h2>\n\n\n\n<div class=\"wp-block-columns is-layout-flex wp-container-core-columns-is-layout-9d6595d7 wp-block-columns-is-layout-flex\">\n<div class=\"wp-block-column is-layout-flow wp-block-column-is-layout-flow\" style=\"flex-basis:66.66%\">\n<h3 class=\"wp-block-heading\" id=\"h-maling-af-maver-der-gemmer-p-sm-babyer-er-totalt-in\">Maling af maver der gemmer p\u00e5 sm\u00e5 babyer er totalt in<\/h3>\n\n\n\n<h4 class=\"wp-block-heading\" id=\"h-f-et-evigt-minde-som-h-jgravid\">F\u00e5 et evigt minde som h\u00f8jgravid<\/h4>\n\n\n\n<p>Gravide maver h\u00e6mmer os ofte i at g\u00f8re det vi gerne vil. Ofte kan du f\u00f8le dig afsk\u00e5ret fra mange af de aktiviteter og hobbyer du plejer at g\u00e5 op i. <\/p>\n\n\n\n<p>En stor mave med baby inden i f\u00e5r livet til at virke besv\u00e6rligt og g\u00f8r ofte at vi uds\u00e6tter oplevelser til bagefter f\u00f8dslen. <\/p>\n\n\n\n<p>Men hvorfor? Du har jo en meget fin mave, der udstr\u00e5ler liv, begyndelse, fremtid, muligheder og k\u00e6rlighed. <\/p>\n\n\n\n<p>Din gravide mave er ikke i vejen eller en forhindring men en mulighed du kun har i de 9 m\u00e5neder din graviditet st\u00e5r p\u00e5. <\/p>\n\n\n\n<p>Din graviditet kan jeg forevige til dig og din familie ved at male din mave. <\/p>\n\n\n\n<p>Jeg maler den store og smukke mave efter et motiv, vi planl\u00e6gger sammen. <\/p>\n\n\n\n<p>Du kan f\u00e5 et evigt minde der kan h\u00e6nge p\u00e5 dit barns v\u00e6relse l\u00e6nge efter du har f\u00f8dt. <\/p>\n\n\n\n<p>Senere kan du og dit barn snakke om hvordan du blev malet p\u00e5 din mave og hvorfor du ville give dit uf\u00f8dte barn den smukke oplevelse.<\/p>\n\n\n\n<h4 class=\"wp-block-heading\" id=\"h-f-r-under-og-efter-du-bliver-malet\">F\u00f8r, under og efter du bliver malet<\/h4>\n\n\n\n<p>N\u00e5r jeg maler gravide maver, forbereder jeg mig 1-2 dage. <\/p>\n\n\n\n<p>Jeg vil v\u00e6re sikker p\u00e5, at jeg kan male netop dit motiv. <\/p>\n\n\n\n<p>P\u00e5 selve dagen tager det 1 til 1\u00bd time at male din mave. <\/p>\n\n\n\n<p>Du har selvf\u00f8lgelig mulighed for at komme op og st\u00e5, g\u00e5 eller f\u00e5 noget at spise og drikke, n\u00e5r du f\u00e5r brug for det.<\/p>\n\n\n\n<p>N\u00e5r jeg er f\u00e6rdig med at male maven, er det tid til at f\u00e5 taget billeder af maven, enten af mig eller en fotograf.<\/p>\n\n\n\n<h3 class=\"wp-block-heading\" id=\"h-efter-maling-af-de-gravide-maver\">Efter maling af de gravide maver<\/h3>\n\n\n\n<p>De kvinder, jeg tidligere har malet, har meldt tilbage, at det er noget s\u00e6rligt kun at fokusere p\u00e5 maven. <\/p>\n\n\n\n<p>De siger at det er rart at have en legal grund til ikke at lave noget. <\/p>\n\n\n\n<p>Bare slappe af og blive fork\u00e6let p\u00e5 maven<\/p>\n\n\n\n<p>\u00d8nsker resten af din familie ogs\u00e5 at blive ansigtsmalet, aftaler vi det p\u00e5 forh\u00e5nd og s\u00e6tter yderligere en time af.<\/p>\n\n\n\n<p><strong>Et sk\u00f8nt familie minde med din mave i centrum omgivet af resten af familien.<\/strong><\/p>\n\n\n\n<p>Lad os f\u00e5 en snak om mulighederne for at f\u00e5 netop din gravide mave foreviget.<\/p>\n\n\n\n<h4 class=\"has-text-color wp-block-heading\" id=\"h-se-priser-for-ansigtsmaling-til-gravid-mave\" style=\"color:#292e32\"><a href=\"https:\/\/niipit.dk\/ansigtsmaling\/produkt\/ansigtsmaling-til-gravid-mave\/\">Se priser for &#8220;ansigtsmaling til gravid mave&#8221;<\/a><\/h4>\n\n\n\n<p class=\"has-text-align-center has-text-color\" style=\"color:#292e32\"><a href=\"https:\/\/niipit.dk\/ansigtsmaling\/kontakt\/\">Bestil ansigtsmaler her<\/a><\/p>\n\n\n\n<div class=\"wp-block-image\"><figure class=\"aligncenter size-thumbnail\"><a href=\"tel:004522996808\"><img loading=\"lazy\" decoding=\"async\" width=\"150\" height=\"150\" src=\"https:\/\/niipit.dk\/ansigtsmaling\/wp-content\/uploads\/sites\/215\/2020\/01\/Ring-til-Ansigtsmaling-150x150.jpg\" alt=\"Ring til Ansigtsmaling\" class=\"wp-image-7870\" srcset=\"https:\/\/niipit.dk\/ansigtsmaling\/wp-content\/uploads\/sites\/215\/2020\/01\/Ring-til-Ansigtsmaling-150x150.jpg 150w, https:\/\/niipit.dk\/ansigtsmaling\/wp-content\/uploads\/sites\/215\/2020\/01\/Ring-til-Ansigtsmaling-300x300.jpg 300w, https:\/\/niipit.dk\/ansigtsmaling\/wp-content\/uploads\/sites\/215\/2020\/01\/Ring-til-Ansigtsmaling-100x100.jpg 100w\" sizes=\"auto, (max-width: 150px) 100vw, 150px\" \/><\/a><\/figure><\/div>\n\n\n\n<p class=\"has-text-align-center has-text-color\" style=\"color:#292e32\"><a href=\"tel:004522996808\">Tlf 22996808<\/a> eller <a href=\"mailto:tina@colorfulfaces.dk\">E-mail mig her<\/a><\/p>\n\n\n\n<p><\/p>\n\n\n\n<div class=\"wp-block-columns is-layout-flex wp-container-core-columns-is-layout-9d6595d7 wp-block-columns-is-layout-flex\">\n<div class=\"wp-block-column is-layout-flow wp-block-column-is-layout-flow\">\n<div class=\"wp-block-image\"><figure class=\"aligncenter size-large\"><img loading=\"lazy\" decoding=\"async\" width=\"1024\" height=\"1024\" src=\"https:\/\/niipit.dk\/ansigtsmaling\/wp-content\/uploads\/sites\/215\/2022\/01\/Gravid-ansigtsmaling-side-1-1024x1024.jpg\" alt=\"gravid-ansigtsmaling-side-1\" class=\"wp-image-10454\" srcset=\"https:\/\/niipit.dk\/ansigtsmaling\/wp-content\/uploads\/sites\/215\/2022\/01\/Gravid-ansigtsmaling-side-1-1024x1024.jpg 1024w, https:\/\/niipit.dk\/ansigtsmaling\/wp-content\/uploads\/sites\/215\/2022\/01\/Gravid-ansigtsmaling-side-1-300x300.jpg 300w, https:\/\/niipit.dk\/ansigtsmaling\/wp-content\/uploads\/sites\/215\/2022\/01\/Gravid-ansigtsmaling-side-1-150x150.jpg 150w, https:\/\/niipit.dk\/ansigtsmaling\/wp-content\/uploads\/sites\/215\/2022\/01\/Gravid-ansigtsmaling-side-1-768x768.jpg 768w, https:\/\/niipit.dk\/ansigtsmaling\/wp-content\/uploads\/sites\/215\/2022\/01\/Gravid-ansigtsmaling-side-1-600x600.jpg 600w, https:\/\/niipit.dk\/ansigtsmaling\/wp-content\/uploads\/sites\/215\/2022\/01\/Gravid-ansigtsmaling-side-1-100x100.jpg 100w, https:\/\/niipit.dk\/ansigtsmaling\/wp-content\/uploads\/sites\/215\/2022\/01\/Gravid-ansigtsmaling-side-1.jpg 1080w\" sizes=\"auto, (max-width: 1024px) 100vw, 1024px\" \/><\/figure><\/div>\n<\/div>\n\n\n\n<div class=\"wp-block-column is-layout-flow wp-block-column-is-layout-flow\">\n<div class=\"wp-block-image\"><figure class=\"aligncenter size-large\"><img loading=\"lazy\" decoding=\"async\" width=\"1024\" height=\"1024\" src=\"https:\/\/niipit.dk\/ansigtsmaling\/wp-content\/uploads\/sites\/215\/2022\/01\/Gravid-ansigtsmaling-side-3-1024x1024.jpg\" alt=\"gravid-ansigtsmaling-side-3\" class=\"wp-image-10455\" srcset=\"https:\/\/niipit.dk\/ansigtsmaling\/wp-content\/uploads\/sites\/215\/2022\/01\/Gravid-ansigtsmaling-side-3-1024x1024.jpg 1024w, https:\/\/niipit.dk\/ansigtsmaling\/wp-content\/uploads\/sites\/215\/2022\/01\/Gravid-ansigtsmaling-side-3-300x300.jpg 300w, https:\/\/niipit.dk\/ansigtsmaling\/wp-content\/uploads\/sites\/215\/2022\/01\/Gravid-ansigtsmaling-side-3-150x150.jpg 150w, https:\/\/niipit.dk\/ansigtsmaling\/wp-content\/uploads\/sites\/215\/2022\/01\/Gravid-ansigtsmaling-side-3-768x768.jpg 768w, https:\/\/niipit.dk\/ansigtsmaling\/wp-content\/uploads\/sites\/215\/2022\/01\/Gravid-ansigtsmaling-side-3-600x600.jpg 600w, https:\/\/niipit.dk\/ansigtsmaling\/wp-content\/uploads\/sites\/215\/2022\/01\/Gravid-ansigtsmaling-side-3-100x100.jpg 100w, https:\/\/niipit.dk\/ansigtsmaling\/wp-content\/uploads\/sites\/215\/2022\/01\/Gravid-ansigtsmaling-side-3.jpg 1080w\" sizes=\"auto, (max-width: 1024px) 100vw, 1024px\" \/><\/figure><\/div>\n<\/div>\n\n\n\n<div class=\"wp-block-column is-layout-flow wp-block-column-is-layout-flow\">\n<div class=\"wp-block-image\"><figure class=\"aligncenter size-large\"><img loading=\"lazy\" decoding=\"async\" width=\"1024\" height=\"1024\" src=\"https:\/\/niipit.dk\/ansigtsmaling\/wp-content\/uploads\/sites\/215\/2022\/01\/Gravid-anssigtssmaling-side-2-1024x1024.jpg\" alt=\"gravid-ansigtsmaling-side-2\" class=\"wp-image-10456\" srcset=\"https:\/\/niipit.dk\/ansigtsmaling\/wp-content\/uploads\/sites\/215\/2022\/01\/Gravid-anssigtssmaling-side-2-1024x1024.jpg 1024w, https:\/\/niipit.dk\/ansigtsmaling\/wp-content\/uploads\/sites\/215\/2022\/01\/Gravid-anssigtssmaling-side-2-300x300.jpg 300w, https:\/\/niipit.dk\/ansigtsmaling\/wp-content\/uploads\/sites\/215\/2022\/01\/Gravid-anssigtssmaling-side-2-150x150.jpg 150w, https:\/\/niipit.dk\/ansigtsmaling\/wp-content\/uploads\/sites\/215\/2022\/01\/Gravid-anssigtssmaling-side-2-768x768.jpg 768w, https:\/\/niipit.dk\/ansigtsmaling\/wp-content\/uploads\/sites\/215\/2022\/01\/Gravid-anssigtssmaling-side-2-600x600.jpg 600w, https:\/\/niipit.dk\/ansigtsmaling\/wp-content\/uploads\/sites\/215\/2022\/01\/Gravid-anssigtssmaling-side-2-100x100.jpg 100w, https:\/\/niipit.dk\/ansigtsmaling\/wp-content\/uploads\/sites\/215\/2022\/01\/Gravid-anssigtssmaling-side-2.jpg 1080w\" sizes=\"auto, (max-width: 1024px) 100vw, 1024px\" \/><\/figure><\/div>\n<\/div>\n<\/div>\n<\/div>\n\n\n\n<div class=\"wp-block-column is-layout-flow wp-block-column-is-layout-flow\" style=\"flex-basis:33.33%\">\n<div class=\"wp-block-image\"><figure class=\"aligncenter size-large\"><img loading=\"lazy\" decoding=\"async\" width=\"500\" height=\"255\" src=\"https:\/\/niipit.dk\/ansigtsmaling\/wp-content\/uploads\/sites\/215\/2020\/01\/colorful-faces-ansigtsmaling-Tina-Henriksen.png\" alt=\"Ansigtsmaling gravide maver\" class=\"wp-image-7031\" srcset=\"https:\/\/niipit.dk\/ansigtsmaling\/wp-content\/uploads\/sites\/215\/2020\/01\/colorful-faces-ansigtsmaling-Tina-Henriksen.png 500w, https:\/\/niipit.dk\/ansigtsmaling\/wp-content\/uploads\/sites\/215\/2020\/01\/colorful-faces-ansigtsmaling-Tina-Henriksen-300x153.png 300w\" sizes=\"auto, (max-width: 500px) 100vw, 500px\" \/><\/figure><\/div>\n\n\n\n<p> <\/p>\n\n\n\n<div class=\"wp-block-button\"><a class=\"wp-block-button__link has-very-dark-gray-color has-text-color has-background\" href=\"https:\/\/niipit.dk\/ansigtsmaling\/se-det-hele-her\/\" style=\"background-color:#d4acb7\">Se her hvad jeg tilbyder<\/a><\/div>\n\n\n\n<p> <\/p>\n\n\n\n<div class=\"wp-block-button\"><a class=\"wp-block-button__link has-very-dark-gray-color has-text-color has-background\" href=\"https:\/\/niipit.dk\/ansigtsmaling\/boernefoedselsdag\/\" style=\"background-color:#d4acb7\">B\u00f8rnef\u00f8dselsdag<\/a><\/div>\n\n\n\n<p> <\/p>\n\n\n\n<div class=\"wp-block-button\"><a class=\"wp-block-button__link has-very-dark-gray-color has-text-color has-background\" href=\"https:\/\/niipit.dk\/ansigtsmaling\/fastelavn\/\" style=\"background-color:#d4acb7\">Fastelavn<\/a><\/div>\n\n\n\n<p><\/p>\n\n\n\n<div class=\"wp-block-button\"><a class=\"wp-block-button__link has-very-dark-gray-color has-text-color has-background\" href=\"https:\/\/niipit.dk\/ansigtsmaling\/halloween\/\" style=\"background-color:#d4acb7\">Halloween<\/a><\/div>\n\n\n\n<p> <\/p>\n\n\n\n<div class=\"wp-block-button\"><a class=\"wp-block-button__link has-very-dark-gray-color has-text-color has-background\" href=\"https:\/\/niipit.dk\/ansigtsmaling\/barnedaab\/\" style=\"background-color:#d4acb7\">Barned\u00e5b<\/a><\/div>\n\n\n\n<p> <\/p>\n\n\n\n<div class=\"wp-block-button\"><a class=\"wp-block-button__link has-very-dark-gray-color has-text-color has-background\" href=\"https:\/\/niipit.dk\/ansigtsmaling\/erhvervsarrangement\/\" style=\"background-color:#d4acb7\">Erhvervsarrangement<\/a><\/div>\n\n\n\n<p> <\/p>\n\n\n\n<div class=\"wp-block-button\"><a class=\"wp-block-button__link has-very-dark-gray-color has-text-color has-background\" href=\"https:\/\/niipit.dk\/ansigtsmaling\/gravide-maver\/\" style=\"background-color:#edc1cd\">Gravid mave<\/a><\/div>\n\n\n\n<p> <\/p>\n\n\n\n<div class=\"wp-block-button\"><a class=\"wp-block-button__link has-very-dark-gray-color has-text-color has-background\" href=\"https:\/\/niipit.dk\/ansigtsmaling\/accessories\/\" style=\"background-color:#d4acb7\">Accessories<\/a><\/div>\n\n\n\n<p> <\/p>\n\n\n\n<div class=\"wp-block-button\"><a class=\"wp-block-button__link has-very-dark-gray-color has-text-color has-background\" href=\"https:\/\/niipit.dk\/ansigtsmaling\/jul\/\" style=\"background-color:#d4acb7\">Jul<\/a><\/div>\n\n\n\n<p> <\/p>\n<\/div>\n<\/div>\n\n\n\n<div class=\"wp-block-button aligncenter is-style-outline is-style-outline--1\"><a class=\"wp-block-button__link has-very-dark-gray-color has-text-color has-background\" style=\"background-color:#ddf5c7\"><strong>Reserver dato &#8211; udfyld skema herunder<\/strong><\/a><\/div>\n\n\n\n<div class=\"wp-block-columns is-layout-flex wp-container-core-columns-is-layout-9d6595d7 wp-block-columns-is-layout-flex\">\n<div class=\"wp-block-column is-layout-flow wp-block-column-is-layout-flow\"><\/div>\n\n\n\n<div class=\"wp-block-column is-layout-flow wp-block-column-is-layout-flow\"><\/div>\n<\/div>\n\n\n\n<div class=\"wpcf7 no-js\" id=\"wpcf7-f8392-o1\" lang=\"da-DK\" dir=\"ltr\" data-wpcf7-id=\"8392\">\n<div class=\"screen-reader-response\"><p role=\"status\" aria-live=\"polite\" aria-atomic=\"true\"><\/p> <ul><\/ul><\/div>\n<form action=\"\/ansigtsmaling\/wp-json\/wp\/v2\/pages\/7150#wpcf7-f8392-o1\" method=\"post\" class=\"wpcf7-form init\" aria-label=\"Kontaktformular\" novalidate=\"novalidate\" data-status=\"init\">\n<fieldset class=\"hidden-fields-container\"><input type=\"hidden\" name=\"_wpcf7\" value=\"8392\" \/><input type=\"hidden\" name=\"_wpcf7_version\" value=\"6.1.5\" \/><input type=\"hidden\" name=\"_wpcf7_locale\" value=\"da_DK\" \/><input type=\"hidden\" name=\"_wpcf7_unit_tag\" value=\"wpcf7-f8392-o1\" \/><input type=\"hidden\" name=\"_wpcf7_container_post\" value=\"0\" \/><input type=\"hidden\" name=\"_wpcf7_posted_data_hash\" value=\"\" \/>\n<\/fieldset>\n<div class=\"wpcf7-turnstile cf-turnstile\" data-sitekey=\"0x4AAAAAABqmpAAa4YG56tSw\" data-response-field-name=\"_wpcf7_turnstile_response\"><\/div>\n\n<p><label> Dit navn (skal udfyldes)<br \/>\n<span class=\"wpcf7-form-control-wrap\" data-name=\"your-name\"><input size=\"40\" maxlength=\"400\" class=\"wpcf7-form-control wpcf7-text wpcf7-validates-as-required\" aria-required=\"true\" aria-invalid=\"false\" value=\"\" type=\"text\" name=\"your-name\" \/><\/span> <\/label>\n<\/p>\n<p><label> Din e-mail (skal udfyldes)<br \/>\n<span class=\"wpcf7-form-control-wrap\" data-name=\"your-email\"><input size=\"40\" maxlength=\"400\" class=\"wpcf7-form-control wpcf7-email wpcf7-validates-as-required wpcf7-text wpcf7-validates-as-email\" aria-required=\"true\" aria-invalid=\"false\" value=\"\" type=\"email\" name=\"your-email\" \/><\/span> <\/label>\n<\/p>\n<p><label> Dato<br \/>\n<span class=\"wpcf7-form-control-wrap\" data-name=\"Dato\"><input size=\"40\" maxlength=\"400\" class=\"wpcf7-form-control wpcf7-text\" aria-invalid=\"false\" value=\"\" type=\"text\" name=\"Dato\" \/><\/span> <\/label>\n<\/p>\n<p><label> Hvilken anledning<br \/>\n<span class=\"wpcf7-form-control-wrap\" data-name=\"Anledning\"><select class=\"wpcf7-form-control wpcf7-select\" aria-invalid=\"false\" name=\"Anledning\"><option value=\"B\u00f8rnef\u00f8dselsdag\">B\u00f8rnef\u00f8dselsdag<\/option><option value=\"Fastelavn\">Fastelavn<\/option><option value=\"Halloween\">Halloween<\/option><option value=\"Barned\u00e5b\">Barned\u00e5b<\/option><option value=\"Erhvervsarrangement\">Erhvervsarrangement<\/option><option value=\"Gravide maver\">Gravide maver<\/option><option value=\"Jul\">Jul<\/option><\/select><\/span> <\/label>\n<\/p>\n<p><label> Hvor mange b\u00f8rn skal males<br \/>\n<span class=\"wpcf7-form-control-wrap\" data-name=\"Antal-born\"><input class=\"wpcf7-form-control wpcf7-number wpcf7-validates-as-required wpcf7-validates-as-number\" aria-required=\"true\" aria-invalid=\"false\" value=\"\" type=\"number\" name=\"Antal-born\" \/><\/span> <\/label>\n<\/p>\n<p><label> Hvilken adresse skal jeg komme til<br \/>\n<span class=\"wpcf7-form-control-wrap\" data-name=\"Adresse\"><input size=\"40\" maxlength=\"400\" class=\"wpcf7-form-control wpcf7-text wpcf7-validates-as-required\" aria-required=\"true\" aria-invalid=\"false\" value=\"\" type=\"text\" name=\"Adresse\" \/><\/span> <\/label>\n<\/p>\n<p><label> Hvilken postnr<br \/>\n<span class=\"wpcf7-form-control-wrap\" data-name=\"Postnummer\"><input class=\"wpcf7-form-control wpcf7-number wpcf7-validates-as-required wpcf7-validates-as-number\" aria-required=\"true\" aria-invalid=\"false\" value=\"\" type=\"number\" name=\"Postnummer\" \/><\/span><\/label>\n<\/p>\n<p><label> Din besked<br \/>\n<span class=\"wpcf7-form-control-wrap\" data-name=\"your-message\"><textarea cols=\"40\" rows=\"10\" maxlength=\"2000\" class=\"wpcf7-form-control wpcf7-textarea\" aria-invalid=\"false\" name=\"your-message\"><\/textarea><\/span> <\/label><br \/>\n<span class=\"wpcf7-form-control-wrap\" data-name=\"acceptance-682\"><span class=\"wpcf7-form-control wpcf7-acceptance optional\"><span class=\"wpcf7-list-item\"><label><input type=\"checkbox\" name=\"acceptance-682\" value=\"1\" aria-invalid=\"false\" \/><span class=\"wpcf7-list-item-label\">Jeg bekr\u00e6fter at Tina m\u00e5 kontakte mig via de informationer jeg har oplyst herover.<\/span><\/label><\/span><\/span><\/span><br \/>\n<span class=\"wpcf7-form-control-wrap\" data-name=\"quiz-228\"><label><span class=\"wpcf7-quiz-label\">Hvad er 4+12+3 ?<\/span> <input size=\"40\" class=\"wpcf7-form-control wpcf7-quiz\" autocomplete=\"off\" aria-required=\"true\" aria-invalid=\"false\" type=\"text\" name=\"quiz-228\" \/><\/label><input type=\"hidden\" name=\"_wpcf7_quiz_answer_quiz-228\" value=\"7c3617fbd3fddeffd99f3c8ebb6d446a\" \/><\/span><br \/>\n<input class=\"wpcf7-form-control wpcf7-submit has-spinner\" type=\"submit\" value=\"Indsend\" \/>\n<\/p><div class=\"wpcf7-response-output\" aria-hidden=\"true\"><\/div>\n<\/form>\n<\/div>\n\n","protected":false},"excerpt":{"rendered":"<p>F\u00e5 et varigt minde om den s\u00f8de ventetid som gravid Maling af maver der gemmer p\u00e5 sm\u00e5 babyer er totalt in F\u00e5 et evigt minde som h\u00f8jgravid Gravide maver h\u00e6mmer os ofte i at g\u00f8re det vi gerne vil. Ofte kan du f\u00f8le dig afsk\u00e5ret fra mange af de aktiviteter og hobbyer du plejer at <a class=\"moretag btn btn-primary\" href=\"https:\/\/niipit.dk\/ansigtsmaling\/gravide-maver\/\">L\u00e6s mere<\/a><\/p>\n","protected":false},"author":988,"featured_media":0,"parent":0,"menu_order":0,"comment_status":"closed","ping_status":"closed","template":"","meta":{"_exactmetrics_skip_tracking":false,"_exactmetrics_sitenote_active":false,"_exactmetrics_sitenote_note":"","_exactmetrics_sitenote_category":0,"_monsterinsights_skip_tracking":false,"_monsterinsights_sitenote_active":false,"_monsterinsights_sitenote_note":"","_monsterinsights_sitenote_category":0,"footnotes":""},"class_list":["post-7150","page","type-page","status-publish","hentry"],"yoast_head":"<!-- This site is optimized with the Yoast SEO plugin v27.3 - https:\/\/yoast.com\/product\/yoast-seo-wordpress\/ -->\n<title>Gravide maver males og foreviges - ColorfulFaces.dk<\/title>\n<meta name=\"description\" content=\"Gravide maver er ofte oversete n\u00e5r det handler om forevigelse. G\u00f8r noget ekstra for dig og dit uf\u00f8dte barn. F\u00e5 malet et smukt motiv og bliv fotograferet.\" \/>\n<meta name=\"robots\" content=\"index, follow, max-snippet:-1, max-image-preview:large, max-video-preview:-1\" \/>\n<link rel=\"canonical\" href=\"https:\/\/niipit.dk\/ansigtsmaling\/gravide-maver\/\" \/>\n<meta property=\"og:locale\" content=\"da_DK\" \/>\n<meta property=\"og:type\" content=\"article\" \/>\n<meta property=\"og:title\" content=\"Gravide maver males og foreviges - ColorfulFaces.dk\" \/>\n<meta property=\"og:description\" content=\"Gravide maver er ofte oversete n\u00e5r det handler om forevigelse. G\u00f8r noget ekstra for dig og dit uf\u00f8dte barn. F\u00e5 malet et smukt motiv og bliv fotograferet.\" \/>\n<meta property=\"og:url\" content=\"https:\/\/niipit.dk\/ansigtsmaling\/gravide-maver\/\" \/>\n<meta property=\"og:site_name\" content=\"Ansigtsmaling\" \/>\n<meta property=\"article:modified_time\" content=\"2022-03-24T10:12:04+00:00\" \/>\n<meta name=\"twitter:card\" content=\"summary_large_image\" \/>\n<meta name=\"twitter:image\" content=\"https:\/\/niipit.dk\/ansigtsmaling\/wp-content\/uploads\/sites\/215\/2020\/01\/Ring-til-Ansigtsmaling-150x150.jpg\" \/>\n<meta name=\"twitter:label1\" content=\"Estimeret l\u00e6setid\" \/>\n\t<meta name=\"twitter:data1\" content=\"4 minutter\" \/>\n<script type=\"application\/ld+json\" class=\"yoast-schema-graph\">{\"@context\":\"https:\\\/\\\/schema.org\",\"@graph\":[{\"@type\":\"WebPage\",\"@id\":\"https:\\\/\\\/niipit.dk\\\/ansigtsmaling\\\/gravide-maver\\\/\",\"url\":\"https:\\\/\\\/niipit.dk\\\/ansigtsmaling\\\/gravide-maver\\\/\",\"name\":\"Gravide maver males og foreviges - ColorfulFaces.dk\",\"isPartOf\":{\"@id\":\"https:\\\/\\\/niipit.dk\\\/ansigtsmaling\\\/#website\"},\"primaryImageOfPage\":{\"@id\":\"https:\\\/\\\/niipit.dk\\\/ansigtsmaling\\\/gravide-maver\\\/#primaryimage\"},\"image\":{\"@id\":\"https:\\\/\\\/niipit.dk\\\/ansigtsmaling\\\/gravide-maver\\\/#primaryimage\"},\"thumbnailUrl\":\"https:\\\/\\\/niipit.dk\\\/ansigtsmaling\\\/wp-content\\\/uploads\\\/sites\\\/215\\\/2020\\\/01\\\/Ring-til-Ansigtsmaling-150x150.jpg\",\"datePublished\":\"2020-01-08T21:05:32+00:00\",\"dateModified\":\"2022-03-24T10:12:04+00:00\",\"description\":\"Gravide maver er ofte oversete n\u00e5r det handler om forevigelse. G\u00f8r noget ekstra for dig og dit uf\u00f8dte barn. F\u00e5 malet et smukt motiv og bliv fotograferet.\",\"breadcrumb\":{\"@id\":\"https:\\\/\\\/niipit.dk\\\/ansigtsmaling\\\/gravide-maver\\\/#breadcrumb\"},\"inLanguage\":\"da-DK\",\"potentialAction\":[{\"@type\":\"ReadAction\",\"target\":[\"https:\\\/\\\/niipit.dk\\\/ansigtsmaling\\\/gravide-maver\\\/\"]}]},{\"@type\":\"ImageObject\",\"inLanguage\":\"da-DK\",\"@id\":\"https:\\\/\\\/niipit.dk\\\/ansigtsmaling\\\/gravide-maver\\\/#primaryimage\",\"url\":\"https:\\\/\\\/niipit.dk\\\/ansigtsmaling\\\/wp-content\\\/uploads\\\/sites\\\/215\\\/2020\\\/01\\\/Ring-til-Ansigtsmaling-150x150.jpg\",\"contentUrl\":\"https:\\\/\\\/niipit.dk\\\/ansigtsmaling\\\/wp-content\\\/uploads\\\/sites\\\/215\\\/2020\\\/01\\\/Ring-til-Ansigtsmaling-150x150.jpg\"},{\"@type\":\"BreadcrumbList\",\"@id\":\"https:\\\/\\\/niipit.dk\\\/ansigtsmaling\\\/gravide-maver\\\/#breadcrumb\",\"itemListElement\":[{\"@type\":\"ListItem\",\"position\":1,\"name\":\"Hjem\",\"item\":\"https:\\\/\\\/niipit.dk\\\/ansigtsmaling\\\/\"},{\"@type\":\"ListItem\",\"position\":2,\"name\":\"Gravide maver\"}]},{\"@type\":\"WebSite\",\"@id\":\"https:\\\/\\\/niipit.dk\\\/ansigtsmaling\\\/#website\",\"url\":\"https:\\\/\\\/niipit.dk\\\/ansigtsmaling\\\/\",\"name\":\"Ansigtsmaling\",\"description\":\"S\u00e6tter smil p\u00e5 ansigter. www.colorfulfaces.dk\",\"potentialAction\":[{\"@type\":\"SearchAction\",\"target\":{\"@type\":\"EntryPoint\",\"urlTemplate\":\"https:\\\/\\\/niipit.dk\\\/ansigtsmaling\\\/?s={search_term_string}\"},\"query-input\":{\"@type\":\"PropertyValueSpecification\",\"valueRequired\":true,\"valueName\":\"search_term_string\"}}],\"inLanguage\":\"da-DK\"}]}<\/script>\n<!-- \/ Yoast SEO plugin. -->","yoast_head_json":{"title":"Gravide maver males og foreviges - ColorfulFaces.dk","description":"Gravide maver er ofte oversete n\u00e5r det handler om forevigelse. G\u00f8r noget ekstra for dig og dit uf\u00f8dte barn. F\u00e5 malet et smukt motiv og bliv fotograferet.","robots":{"index":"index","follow":"follow","max-snippet":"max-snippet:-1","max-image-preview":"max-image-preview:large","max-video-preview":"max-video-preview:-1"},"canonical":"https:\/\/niipit.dk\/ansigtsmaling\/gravide-maver\/","og_locale":"da_DK","og_type":"article","og_title":"Gravide maver males og foreviges - ColorfulFaces.dk","og_description":"Gravide maver er ofte oversete n\u00e5r det handler om forevigelse. G\u00f8r noget ekstra for dig og dit uf\u00f8dte barn. F\u00e5 malet et smukt motiv og bliv fotograferet.","og_url":"https:\/\/niipit.dk\/ansigtsmaling\/gravide-maver\/","og_site_name":"Ansigtsmaling","article_modified_time":"2022-03-24T10:12:04+00:00","twitter_card":"summary_large_image","twitter_image":"https:\/\/niipit.dk\/ansigtsmaling\/wp-content\/uploads\/sites\/215\/2020\/01\/Ring-til-Ansigtsmaling-150x150.jpg","twitter_misc":{"Estimeret l\u00e6setid":"4 minutter"},"schema":{"@context":"https:\/\/schema.org","@graph":[{"@type":"WebPage","@id":"https:\/\/niipit.dk\/ansigtsmaling\/gravide-maver\/","url":"https:\/\/niipit.dk\/ansigtsmaling\/gravide-maver\/","name":"Gravide maver males og foreviges - ColorfulFaces.dk","isPartOf":{"@id":"https:\/\/niipit.dk\/ansigtsmaling\/#website"},"primaryImageOfPage":{"@id":"https:\/\/niipit.dk\/ansigtsmaling\/gravide-maver\/#primaryimage"},"image":{"@id":"https:\/\/niipit.dk\/ansigtsmaling\/gravide-maver\/#primaryimage"},"thumbnailUrl":"https:\/\/niipit.dk\/ansigtsmaling\/wp-content\/uploads\/sites\/215\/2020\/01\/Ring-til-Ansigtsmaling-150x150.jpg","datePublished":"2020-01-08T21:05:32+00:00","dateModified":"2022-03-24T10:12:04+00:00","description":"Gravide maver er ofte oversete n\u00e5r det handler om forevigelse. G\u00f8r noget ekstra for dig og dit uf\u00f8dte barn. F\u00e5 malet et smukt motiv og bliv fotograferet.","breadcrumb":{"@id":"https:\/\/niipit.dk\/ansigtsmaling\/gravide-maver\/#breadcrumb"},"inLanguage":"da-DK","potentialAction":[{"@type":"ReadAction","target":["https:\/\/niipit.dk\/ansigtsmaling\/gravide-maver\/"]}]},{"@type":"ImageObject","inLanguage":"da-DK","@id":"https:\/\/niipit.dk\/ansigtsmaling\/gravide-maver\/#primaryimage","url":"https:\/\/niipit.dk\/ansigtsmaling\/wp-content\/uploads\/sites\/215\/2020\/01\/Ring-til-Ansigtsmaling-150x150.jpg","contentUrl":"https:\/\/niipit.dk\/ansigtsmaling\/wp-content\/uploads\/sites\/215\/2020\/01\/Ring-til-Ansigtsmaling-150x150.jpg"},{"@type":"BreadcrumbList","@id":"https:\/\/niipit.dk\/ansigtsmaling\/gravide-maver\/#breadcrumb","itemListElement":[{"@type":"ListItem","position":1,"name":"Hjem","item":"https:\/\/niipit.dk\/ansigtsmaling\/"},{"@type":"ListItem","position":2,"name":"Gravide maver"}]},{"@type":"WebSite","@id":"https:\/\/niipit.dk\/ansigtsmaling\/#website","url":"https:\/\/niipit.dk\/ansigtsmaling\/","name":"Ansigtsmaling","description":"S\u00e6tter smil p\u00e5 ansigter. www.colorfulfaces.dk","potentialAction":[{"@type":"SearchAction","target":{"@type":"EntryPoint","urlTemplate":"https:\/\/niipit.dk\/ansigtsmaling\/?s={search_term_string}"},"query-input":{"@type":"PropertyValueSpecification","valueRequired":true,"valueName":"search_term_string"}}],"inLanguage":"da-DK"}]}},"_links":{"self":[{"href":"https:\/\/niipit.dk\/ansigtsmaling\/wp-json\/wp\/v2\/pages\/7150","targetHints":{"allow":["GET"]}}],"collection":[{"href":"https:\/\/niipit.dk\/ansigtsmaling\/wp-json\/wp\/v2\/pages"}],"about":[{"href":"https:\/\/niipit.dk\/ansigtsmaling\/wp-json\/wp\/v2\/types\/page"}],"author":[{"embeddable":true,"href":"https:\/\/niipit.dk\/ansigtsmaling\/wp-json\/wp\/v2\/users\/988"}],"replies":[{"embeddable":true,"href":"https:\/\/niipit.dk\/ansigtsmaling\/wp-json\/wp\/v2\/comments?post=7150"}],"version-history":[{"count":7,"href":"https:\/\/niipit.dk\/ansigtsmaling\/wp-json\/wp\/v2\/pages\/7150\/revisions"}],"predecessor-version":[{"id":10734,"href":"https:\/\/niipit.dk\/ansigtsmaling\/wp-json\/wp\/v2\/pages\/7150\/revisions\/10734"}],"wp:attachment":[{"href":"https:\/\/niipit.dk\/ansigtsmaling\/wp-json\/wp\/v2\/media?parent=7150"}],"curies":[{"name":"wp","href":"https:\/\/api.w.org\/{rel}","templated":true}]}}