{"id":6973,"date":"2020-01-08T17:49:18","date_gmt":"2020-01-08T16:49:18","guid":{"rendered":"https:\/\/niipit.dk\/ansigtsmaling\/?page_id=6973"},"modified":"2022-03-24T11:34:57","modified_gmt":"2022-03-24T10:34:57","slug":"garanti-og-sikkerhed","status":"publish","type":"page","link":"https:\/\/niipit.dk\/ansigtsmaling\/garanti-og-sikkerhed\/","title":{"rendered":"Garanti og sikkerhed"},"content":{"rendered":"\n<h2 class=\"wp-block-heading\" id=\"h-din-garanti-og-sikkerhed\">Din garanti og sikkerhed<\/h2>\n\n\n\n<div class=\"wp-block-columns is-layout-flex wp-container-core-columns-is-layout-9d6595d7 wp-block-columns-is-layout-flex\">\n<div class=\"wp-block-column is-layout-flow wp-block-column-is-layout-flow\" style=\"flex-basis:66.66%\">\n<h3 class=\"wp-block-heading\" id=\"h-din-garanti-og-sikkerhed-1\">Din garanti og sikkerhed<\/h3>\n\n\n\n<p>Garanti og sikkerhed er et must n\u00e5r du booker mig til at male sjove ansigter til dit event. <\/p>\n\n\n\n<p>Derfor kan du v\u00e6re helt sikker p\u00e5, at jeg kun bruger ansigtsmaling af den h\u00f8jeste kvalitet.<\/p>\n\n\n\n<p>Jeg arbejder med f\u00f8lgende kvalitetsm\u00e6rker:<\/p>\n\n\n\n<ul class=\"wp-block-list\"><li>Fab&nbsp;&nbsp;<\/li><li>Superstar&nbsp; &nbsp; &nbsp;<\/li><li>Tag&nbsp; &nbsp; &nbsp;<\/li><li>Paradise<\/li><li>Diamond FX<\/li><li>Global<\/li><li>Fusion<\/li><\/ul>\n\n\n\n<p>Alle produkter er godkendt af EU \u2013 European Unio, CSPA- U.S. Consumer Specialty Products Association, FDA \u2013 U.S. Food and Drug Administration og Australian Standard. <\/p>\n\n\n\n<p>Derfor kan de allerfleste mennesker t\u00e5le dem, og det er let at vaske ansigtsmalingen af igen med tempereret vand og s\u00e6be. <\/p>\n\n\n\n<p>Udover at jeg selvf\u00f8lgelig kun bruger de bedste produkter, som er udviklet p\u00e5 bivoks og testet grundigt. <\/p>\n\n\n\n<p>Tester jeg dem som regel ogs\u00e5 selv for at v\u00e6re helt sikker p\u00e5, at de er gode nok. <\/p>\n\n\n\n<p>Ligesom jeg l\u00f8bende holder \u00f8je med, om nogle af produkterne skulle blive trukket tilbage fra markedet igen.<\/p>\n\n\n\n<p>De f\u00e5 mennesker, der ikke kan t\u00e5le mine produkter, er som regel meget allergiske, og  b\u00f8r derfor undg\u00e5 alle former for ansigtsmaling.<\/p>\n\n\n\n<h2 class=\"wp-block-heading\" id=\"h-din-garanti\">Din garanti<\/h2>\n\n\n\n<h3 class=\"wp-block-heading\" id=\"h-for-at-sikre-kvaliteten\">For at sikre kvaliteten<\/h3>\n\n\n\n<p>For at sikre kvaliteten og mine kunder. <\/p>\n\n\n\n<p>Lever op til garantien, er jeg lige s\u00e5 godt forsikret som en kosmetolog. <\/p>\n\n\n\n<p>Det g\u00f8r at mine kunder kan f\u00e5 op mod 10 millioner kroner i erstatning,&nbsp;hvis de eller deres b\u00f8rn mod forventning skulle f\u00e5 en parfumeallergi, efter jeg har malet p\u00e5 dem. <\/p>\n\n\n\n<p class=\"has-text-color\" style=\"color:#292e32\">Forsikringen&nbsp;er netop s\u00e5 h\u00f8j, fordi en s\u00e5dan allergi er p\u00e5 livstid. Det siger noget om vigtigheden af at bruge nogle ordentlige produkter, l\u00e6s ogs\u00e5&nbsp;<a href=\"https:\/\/niipit.dk\/ansigtsmaling\/handelsbetingelser\/\" target=\"_blank\" rel=\"noreferrer noopener\" aria-label=\" (\u00e5bner i en ny fane)\">Handelsbetingelser<\/a><\/p>\n\n\n\n<h4 class=\"wp-block-heading\" id=\"h-obs\">Obs<\/h4>\n\n\n\n<p class=\"has-text-color\" style=\"color:#292e32\">L\u00e6s for eksempel ogs\u00e5 om <strong><a href=\"https:\/\/niipit.dk\/ansigtsmaling\/faq\/\">FAQ<\/a> <\/strong>de mest stillede sp\u00f8rgsm\u00e5l.<\/p>\n\n\n\n<p class=\"has-text-color\" style=\"color:#292e32\">Vil du gerne vide mere <strong><a href=\"https:\/\/niipit.dk\/ansigtsmaling\/om-mig\/\">om mig<\/a><\/strong>. <\/p>\n\n\n\n<p>Har du flere sp\u00f8rgsm\u00e5l, er du meget velkommen til at kontakte mig<\/p>\n\n\n\n<p class=\"has-text-align-center has-text-color\" style=\"color:#292e32\"><a href=\"https:\/\/niipit.dk\/ansigtsmaling\/kontakt\/\">Bestil ansigtsmaler her<\/a><\/p>\n\n\n\n<div class=\"wp-block-image\"><figure class=\"aligncenter size-thumbnail\"><a href=\"tel:004522996808\"><img loading=\"lazy\" decoding=\"async\" width=\"150\" height=\"150\" src=\"https:\/\/niipit.dk\/ansigtsmaling\/wp-content\/uploads\/sites\/215\/2020\/01\/Ring-til-Ansigtsmaling-150x150.jpg\" alt=\"Ring til Ansigtsmaling\" class=\"wp-image-7870\" srcset=\"https:\/\/niipit.dk\/ansigtsmaling\/wp-content\/uploads\/sites\/215\/2020\/01\/Ring-til-Ansigtsmaling-150x150.jpg 150w, https:\/\/niipit.dk\/ansigtsmaling\/wp-content\/uploads\/sites\/215\/2020\/01\/Ring-til-Ansigtsmaling-300x300.jpg 300w, https:\/\/niipit.dk\/ansigtsmaling\/wp-content\/uploads\/sites\/215\/2020\/01\/Ring-til-Ansigtsmaling-100x100.jpg 100w\" sizes=\"auto, (max-width: 150px) 100vw, 150px\" \/><\/a><\/figure><\/div>\n\n\n\n<p class=\"has-text-align-center has-text-color\" style=\"color:#292e32\"><a href=\"tel:004522996808\">Tlf 22996808<\/a> eller <a href=\"mailto:tina@colorfulfaces.dk\">E-mail mig her<\/a><\/p>\n<\/div>\n\n\n\n<div class=\"wp-block-column is-layout-flow wp-block-column-is-layout-flow\" style=\"flex-basis:33.33%\"><\/div>\n<\/div>\n\n\n\n<div class=\"wp-block-image\"><figure class=\"aligncenter size-medium\"><img loading=\"lazy\" decoding=\"async\" width=\"300\" height=\"300\" src=\"https:\/\/niipit.dk\/ansigtsmaling\/wp-content\/uploads\/sites\/215\/2022\/01\/colorful-faces-garanti-og-sikkerhed-300x300.jpg\" alt=\"colorful-faces-din-garanti-og-sikkerhed\" class=\"wp-image-10535\" srcset=\"https:\/\/niipit.dk\/ansigtsmaling\/wp-content\/uploads\/sites\/215\/2022\/01\/colorful-faces-garanti-og-sikkerhed-300x300.jpg 300w, https:\/\/niipit.dk\/ansigtsmaling\/wp-content\/uploads\/sites\/215\/2022\/01\/colorful-faces-garanti-og-sikkerhed-1024x1024.jpg 1024w, https:\/\/niipit.dk\/ansigtsmaling\/wp-content\/uploads\/sites\/215\/2022\/01\/colorful-faces-garanti-og-sikkerhed-150x150.jpg 150w, https:\/\/niipit.dk\/ansigtsmaling\/wp-content\/uploads\/sites\/215\/2022\/01\/colorful-faces-garanti-og-sikkerhed-768x768.jpg 768w, https:\/\/niipit.dk\/ansigtsmaling\/wp-content\/uploads\/sites\/215\/2022\/01\/colorful-faces-garanti-og-sikkerhed-600x600.jpg 600w, https:\/\/niipit.dk\/ansigtsmaling\/wp-content\/uploads\/sites\/215\/2022\/01\/colorful-faces-garanti-og-sikkerhed-100x100.jpg 100w, https:\/\/niipit.dk\/ansigtsmaling\/wp-content\/uploads\/sites\/215\/2022\/01\/colorful-faces-garanti-og-sikkerhed.jpg 1080w\" sizes=\"auto, (max-width: 300px) 100vw, 300px\" \/><\/figure><\/div>\n\n\n\n<div class=\"wp-block-button aligncenter is-style-outline is-style-outline--1\"><a class=\"wp-block-button__link has-very-dark-gray-color has-text-color has-background\" style=\"background-color:#ddf5c7\"><strong>Send henvendelse &#8211; benyt skema herunder<\/strong><\/a><\/div>\n\n\n\n<div class=\"wp-block-columns is-layout-flex wp-container-core-columns-is-layout-9d6595d7 wp-block-columns-is-layout-flex\">\n<div class=\"wp-block-column is-layout-flow wp-block-column-is-layout-flow\"><\/div>\n\n\n\n<div class=\"wp-block-column is-layout-flow wp-block-column-is-layout-flow\"><\/div>\n<\/div>\n\n\n\n<div class=\"wpcf7 no-js\" id=\"wpcf7-f8392-o1\" lang=\"da-DK\" dir=\"ltr\" data-wpcf7-id=\"8392\">\n<div class=\"screen-reader-response\"><p role=\"status\" aria-live=\"polite\" aria-atomic=\"true\"><\/p> <ul><\/ul><\/div>\n<form action=\"\/ansigtsmaling\/wp-json\/wp\/v2\/pages\/6973#wpcf7-f8392-o1\" method=\"post\" class=\"wpcf7-form init\" aria-label=\"Kontaktformular\" novalidate=\"novalidate\" data-status=\"init\">\n<fieldset class=\"hidden-fields-container\"><input type=\"hidden\" name=\"_wpcf7\" value=\"8392\" \/><input type=\"hidden\" name=\"_wpcf7_version\" value=\"6.1.5\" \/><input type=\"hidden\" name=\"_wpcf7_locale\" value=\"da_DK\" \/><input type=\"hidden\" name=\"_wpcf7_unit_tag\" value=\"wpcf7-f8392-o1\" \/><input type=\"hidden\" name=\"_wpcf7_container_post\" value=\"0\" \/><input type=\"hidden\" name=\"_wpcf7_posted_data_hash\" value=\"\" \/>\n<\/fieldset>\n<div class=\"wpcf7-turnstile cf-turnstile\" data-sitekey=\"0x4AAAAAABqmpAAa4YG56tSw\" data-response-field-name=\"_wpcf7_turnstile_response\"><\/div>\n\n<p><label> Dit navn (skal udfyldes)<br \/>\n<span class=\"wpcf7-form-control-wrap\" data-name=\"your-name\"><input size=\"40\" maxlength=\"400\" class=\"wpcf7-form-control wpcf7-text wpcf7-validates-as-required\" aria-required=\"true\" aria-invalid=\"false\" value=\"\" type=\"text\" name=\"your-name\" \/><\/span> <\/label>\n<\/p>\n<p><label> Din e-mail (skal udfyldes)<br \/>\n<span class=\"wpcf7-form-control-wrap\" data-name=\"your-email\"><input size=\"40\" maxlength=\"400\" class=\"wpcf7-form-control wpcf7-email wpcf7-validates-as-required wpcf7-text wpcf7-validates-as-email\" aria-required=\"true\" aria-invalid=\"false\" value=\"\" type=\"email\" name=\"your-email\" \/><\/span> <\/label>\n<\/p>\n<p><label> Dato<br \/>\n<span class=\"wpcf7-form-control-wrap\" data-name=\"Dato\"><input size=\"40\" maxlength=\"400\" class=\"wpcf7-form-control wpcf7-text\" aria-invalid=\"false\" value=\"\" type=\"text\" name=\"Dato\" \/><\/span> <\/label>\n<\/p>\n<p><label> Hvilken anledning<br \/>\n<span class=\"wpcf7-form-control-wrap\" data-name=\"Anledning\"><select class=\"wpcf7-form-control wpcf7-select\" aria-invalid=\"false\" name=\"Anledning\"><option value=\"B\u00f8rnef\u00f8dselsdag\">B\u00f8rnef\u00f8dselsdag<\/option><option value=\"Fastelavn\">Fastelavn<\/option><option value=\"Halloween\">Halloween<\/option><option value=\"Barned\u00e5b\">Barned\u00e5b<\/option><option value=\"Erhvervsarrangement\">Erhvervsarrangement<\/option><option value=\"Gravide maver\">Gravide maver<\/option><option value=\"Jul\">Jul<\/option><\/select><\/span> <\/label>\n<\/p>\n<p><label> Hvor mange b\u00f8rn skal males<br \/>\n<span class=\"wpcf7-form-control-wrap\" data-name=\"Antal-born\"><input class=\"wpcf7-form-control wpcf7-number wpcf7-validates-as-required wpcf7-validates-as-number\" aria-required=\"true\" aria-invalid=\"false\" value=\"\" type=\"number\" name=\"Antal-born\" \/><\/span> <\/label>\n<\/p>\n<p><label> Hvilken adresse skal jeg komme til<br \/>\n<span class=\"wpcf7-form-control-wrap\" data-name=\"Adresse\"><input size=\"40\" maxlength=\"400\" class=\"wpcf7-form-control wpcf7-text wpcf7-validates-as-required\" aria-required=\"true\" aria-invalid=\"false\" value=\"\" type=\"text\" name=\"Adresse\" \/><\/span> <\/label>\n<\/p>\n<p><label> Hvilken postnr<br \/>\n<span class=\"wpcf7-form-control-wrap\" data-name=\"Postnummer\"><input class=\"wpcf7-form-control wpcf7-number wpcf7-validates-as-required wpcf7-validates-as-number\" aria-required=\"true\" aria-invalid=\"false\" value=\"\" type=\"number\" name=\"Postnummer\" \/><\/span><\/label>\n<\/p>\n<p><label> Din besked<br \/>\n<span class=\"wpcf7-form-control-wrap\" data-name=\"your-message\"><textarea cols=\"40\" rows=\"10\" maxlength=\"2000\" class=\"wpcf7-form-control wpcf7-textarea\" aria-invalid=\"false\" name=\"your-message\"><\/textarea><\/span> <\/label><br \/>\n<span class=\"wpcf7-form-control-wrap\" data-name=\"acceptance-682\"><span class=\"wpcf7-form-control wpcf7-acceptance optional\"><span class=\"wpcf7-list-item\"><label><input type=\"checkbox\" name=\"acceptance-682\" value=\"1\" aria-invalid=\"false\" \/><span class=\"wpcf7-list-item-label\">Jeg bekr\u00e6fter at Tina m\u00e5 kontakte mig via de informationer jeg har oplyst herover.<\/span><\/label><\/span><\/span><\/span><br \/>\n<span class=\"wpcf7-form-control-wrap\" data-name=\"quiz-228\"><label><span class=\"wpcf7-quiz-label\">Hvad er 4+12+3 ?<\/span> <input size=\"40\" class=\"wpcf7-form-control wpcf7-quiz\" autocomplete=\"off\" aria-required=\"true\" aria-invalid=\"false\" type=\"text\" name=\"quiz-228\" \/><\/label><input type=\"hidden\" name=\"_wpcf7_quiz_answer_quiz-228\" value=\"7c3617fbd3fddeffd99f3c8ebb6d446a\" \/><\/span><br \/>\n<input class=\"wpcf7-form-control wpcf7-submit has-spinner\" type=\"submit\" value=\"Indsend\" \/>\n<\/p><div class=\"wpcf7-response-output\" aria-hidden=\"true\"><\/div>\n<\/form>\n<\/div>\n\n","protected":false},"excerpt":{"rendered":"<p>Din garanti og sikkerhed Din garanti og sikkerhed Garanti og sikkerhed er et must n\u00e5r du booker mig til at male sjove ansigter til dit event. Derfor kan du v\u00e6re helt sikker p\u00e5, at jeg kun bruger ansigtsmaling af den h\u00f8jeste kvalitet. Jeg arbejder med f\u00f8lgende kvalitetsm\u00e6rker: Fab&nbsp;&nbsp; Superstar&nbsp; &nbsp; &nbsp; Tag&nbsp; &nbsp; &nbsp; Paradise <a class=\"moretag btn btn-primary\" href=\"https:\/\/niipit.dk\/ansigtsmaling\/garanti-og-sikkerhed\/\">L\u00e6s mere<\/a><\/p>\n","protected":false},"author":988,"featured_media":0,"parent":0,"menu_order":0,"comment_status":"closed","ping_status":"closed","template":"","meta":{"_exactmetrics_skip_tracking":false,"_exactmetrics_sitenote_active":false,"_exactmetrics_sitenote_note":"","_exactmetrics_sitenote_category":0,"_monsterinsights_skip_tracking":false,"_monsterinsights_sitenote_active":false,"_monsterinsights_sitenote_note":"","_monsterinsights_sitenote_category":0,"footnotes":""},"class_list":["post-6973","page","type-page","status-publish","hentry"],"yoast_head":"<!-- This site is optimized with the Yoast SEO plugin v27.3 - https:\/\/yoast.com\/product\/yoast-seo-wordpress\/ -->\n<title>Garanti og sikkerhed - Brug en professionel ansigtsmaler<\/title>\n<meta name=\"description\" content=\"Garanti og sikkerhed er alfa omega n\u00e5r det handler om ansigtsmaling af dine b\u00f8rn - Brug altid en professionel ansigtsmaler. ColorfulFaces.dk Dit bedste valg\" \/>\n<meta name=\"robots\" content=\"index, follow, max-snippet:-1, max-image-preview:large, max-video-preview:-1\" \/>\n<link rel=\"canonical\" href=\"https:\/\/niipit.dk\/ansigtsmaling\/garanti-og-sikkerhed\/\" \/>\n<meta property=\"og:locale\" content=\"da_DK\" \/>\n<meta property=\"og:type\" content=\"article\" \/>\n<meta property=\"og:title\" content=\"Garanti og sikkerhed - Brug en professionel ansigtsmaler\" \/>\n<meta property=\"og:description\" content=\"Garanti og sikkerhed er alfa omega n\u00e5r det handler om ansigtsmaling af dine b\u00f8rn - Brug altid en professionel ansigtsmaler. ColorfulFaces.dk Dit bedste valg\" \/>\n<meta property=\"og:url\" content=\"https:\/\/niipit.dk\/ansigtsmaling\/garanti-og-sikkerhed\/\" \/>\n<meta property=\"og:site_name\" content=\"Ansigtsmaling\" \/>\n<meta property=\"article:modified_time\" content=\"2022-03-24T10:34:57+00:00\" \/>\n<meta name=\"twitter:card\" content=\"summary_large_image\" \/>\n<meta name=\"twitter:image\" content=\"https:\/\/niipit.dk\/ansigtsmaling\/wp-content\/uploads\/sites\/215\/2020\/01\/Ring-til-Ansigtsmaling-150x150.jpg\" \/>\n<meta name=\"twitter:label1\" content=\"Estimeret l\u00e6setid\" \/>\n\t<meta name=\"twitter:data1\" content=\"3 minutter\" \/>\n<script type=\"application\/ld+json\" class=\"yoast-schema-graph\">{\"@context\":\"https:\\\/\\\/schema.org\",\"@graph\":[{\"@type\":\"WebPage\",\"@id\":\"https:\\\/\\\/niipit.dk\\\/ansigtsmaling\\\/garanti-og-sikkerhed\\\/\",\"url\":\"https:\\\/\\\/niipit.dk\\\/ansigtsmaling\\\/garanti-og-sikkerhed\\\/\",\"name\":\"Garanti og sikkerhed - Brug en professionel ansigtsmaler\",\"isPartOf\":{\"@id\":\"https:\\\/\\\/niipit.dk\\\/ansigtsmaling\\\/#website\"},\"primaryImageOfPage\":{\"@id\":\"https:\\\/\\\/niipit.dk\\\/ansigtsmaling\\\/garanti-og-sikkerhed\\\/#primaryimage\"},\"image\":{\"@id\":\"https:\\\/\\\/niipit.dk\\\/ansigtsmaling\\\/garanti-og-sikkerhed\\\/#primaryimage\"},\"thumbnailUrl\":\"https:\\\/\\\/niipit.dk\\\/ansigtsmaling\\\/wp-content\\\/uploads\\\/sites\\\/215\\\/2020\\\/01\\\/Ring-til-Ansigtsmaling-150x150.jpg\",\"datePublished\":\"2020-01-08T16:49:18+00:00\",\"dateModified\":\"2022-03-24T10:34:57+00:00\",\"description\":\"Garanti og sikkerhed er alfa omega n\u00e5r det handler om ansigtsmaling af dine b\u00f8rn - Brug altid en professionel ansigtsmaler. ColorfulFaces.dk Dit bedste valg\",\"breadcrumb\":{\"@id\":\"https:\\\/\\\/niipit.dk\\\/ansigtsmaling\\\/garanti-og-sikkerhed\\\/#breadcrumb\"},\"inLanguage\":\"da-DK\",\"potentialAction\":[{\"@type\":\"ReadAction\",\"target\":[\"https:\\\/\\\/niipit.dk\\\/ansigtsmaling\\\/garanti-og-sikkerhed\\\/\"]}]},{\"@type\":\"ImageObject\",\"inLanguage\":\"da-DK\",\"@id\":\"https:\\\/\\\/niipit.dk\\\/ansigtsmaling\\\/garanti-og-sikkerhed\\\/#primaryimage\",\"url\":\"https:\\\/\\\/niipit.dk\\\/ansigtsmaling\\\/wp-content\\\/uploads\\\/sites\\\/215\\\/2020\\\/01\\\/Ring-til-Ansigtsmaling-150x150.jpg\",\"contentUrl\":\"https:\\\/\\\/niipit.dk\\\/ansigtsmaling\\\/wp-content\\\/uploads\\\/sites\\\/215\\\/2020\\\/01\\\/Ring-til-Ansigtsmaling-150x150.jpg\"},{\"@type\":\"BreadcrumbList\",\"@id\":\"https:\\\/\\\/niipit.dk\\\/ansigtsmaling\\\/garanti-og-sikkerhed\\\/#breadcrumb\",\"itemListElement\":[{\"@type\":\"ListItem\",\"position\":1,\"name\":\"Hjem\",\"item\":\"https:\\\/\\\/niipit.dk\\\/ansigtsmaling\\\/\"},{\"@type\":\"ListItem\",\"position\":2,\"name\":\"Garanti og sikkerhed\"}]},{\"@type\":\"WebSite\",\"@id\":\"https:\\\/\\\/niipit.dk\\\/ansigtsmaling\\\/#website\",\"url\":\"https:\\\/\\\/niipit.dk\\\/ansigtsmaling\\\/\",\"name\":\"Ansigtsmaling\",\"description\":\"S\u00e6tter smil p\u00e5 ansigter. www.colorfulfaces.dk\",\"potentialAction\":[{\"@type\":\"SearchAction\",\"target\":{\"@type\":\"EntryPoint\",\"urlTemplate\":\"https:\\\/\\\/niipit.dk\\\/ansigtsmaling\\\/?s={search_term_string}\"},\"query-input\":{\"@type\":\"PropertyValueSpecification\",\"valueRequired\":true,\"valueName\":\"search_term_string\"}}],\"inLanguage\":\"da-DK\"}]}<\/script>\n<!-- \/ Yoast SEO plugin. -->","yoast_head_json":{"title":"Garanti og sikkerhed - Brug en professionel ansigtsmaler","description":"Garanti og sikkerhed er alfa omega n\u00e5r det handler om ansigtsmaling af dine b\u00f8rn - Brug altid en professionel ansigtsmaler. ColorfulFaces.dk Dit bedste valg","robots":{"index":"index","follow":"follow","max-snippet":"max-snippet:-1","max-image-preview":"max-image-preview:large","max-video-preview":"max-video-preview:-1"},"canonical":"https:\/\/niipit.dk\/ansigtsmaling\/garanti-og-sikkerhed\/","og_locale":"da_DK","og_type":"article","og_title":"Garanti og sikkerhed - Brug en professionel ansigtsmaler","og_description":"Garanti og sikkerhed er alfa omega n\u00e5r det handler om ansigtsmaling af dine b\u00f8rn - Brug altid en professionel ansigtsmaler. ColorfulFaces.dk Dit bedste valg","og_url":"https:\/\/niipit.dk\/ansigtsmaling\/garanti-og-sikkerhed\/","og_site_name":"Ansigtsmaling","article_modified_time":"2022-03-24T10:34:57+00:00","twitter_card":"summary_large_image","twitter_image":"https:\/\/niipit.dk\/ansigtsmaling\/wp-content\/uploads\/sites\/215\/2020\/01\/Ring-til-Ansigtsmaling-150x150.jpg","twitter_misc":{"Estimeret l\u00e6setid":"3 minutter"},"schema":{"@context":"https:\/\/schema.org","@graph":[{"@type":"WebPage","@id":"https:\/\/niipit.dk\/ansigtsmaling\/garanti-og-sikkerhed\/","url":"https:\/\/niipit.dk\/ansigtsmaling\/garanti-og-sikkerhed\/","name":"Garanti og sikkerhed - Brug en professionel ansigtsmaler","isPartOf":{"@id":"https:\/\/niipit.dk\/ansigtsmaling\/#website"},"primaryImageOfPage":{"@id":"https:\/\/niipit.dk\/ansigtsmaling\/garanti-og-sikkerhed\/#primaryimage"},"image":{"@id":"https:\/\/niipit.dk\/ansigtsmaling\/garanti-og-sikkerhed\/#primaryimage"},"thumbnailUrl":"https:\/\/niipit.dk\/ansigtsmaling\/wp-content\/uploads\/sites\/215\/2020\/01\/Ring-til-Ansigtsmaling-150x150.jpg","datePublished":"2020-01-08T16:49:18+00:00","dateModified":"2022-03-24T10:34:57+00:00","description":"Garanti og sikkerhed er alfa omega n\u00e5r det handler om ansigtsmaling af dine b\u00f8rn - Brug altid en professionel ansigtsmaler. ColorfulFaces.dk Dit bedste valg","breadcrumb":{"@id":"https:\/\/niipit.dk\/ansigtsmaling\/garanti-og-sikkerhed\/#breadcrumb"},"inLanguage":"da-DK","potentialAction":[{"@type":"ReadAction","target":["https:\/\/niipit.dk\/ansigtsmaling\/garanti-og-sikkerhed\/"]}]},{"@type":"ImageObject","inLanguage":"da-DK","@id":"https:\/\/niipit.dk\/ansigtsmaling\/garanti-og-sikkerhed\/#primaryimage","url":"https:\/\/niipit.dk\/ansigtsmaling\/wp-content\/uploads\/sites\/215\/2020\/01\/Ring-til-Ansigtsmaling-150x150.jpg","contentUrl":"https:\/\/niipit.dk\/ansigtsmaling\/wp-content\/uploads\/sites\/215\/2020\/01\/Ring-til-Ansigtsmaling-150x150.jpg"},{"@type":"BreadcrumbList","@id":"https:\/\/niipit.dk\/ansigtsmaling\/garanti-og-sikkerhed\/#breadcrumb","itemListElement":[{"@type":"ListItem","position":1,"name":"Hjem","item":"https:\/\/niipit.dk\/ansigtsmaling\/"},{"@type":"ListItem","position":2,"name":"Garanti og sikkerhed"}]},{"@type":"WebSite","@id":"https:\/\/niipit.dk\/ansigtsmaling\/#website","url":"https:\/\/niipit.dk\/ansigtsmaling\/","name":"Ansigtsmaling","description":"S\u00e6tter smil p\u00e5 ansigter. www.colorfulfaces.dk","potentialAction":[{"@type":"SearchAction","target":{"@type":"EntryPoint","urlTemplate":"https:\/\/niipit.dk\/ansigtsmaling\/?s={search_term_string}"},"query-input":{"@type":"PropertyValueSpecification","valueRequired":true,"valueName":"search_term_string"}}],"inLanguage":"da-DK"}]}},"_links":{"self":[{"href":"https:\/\/niipit.dk\/ansigtsmaling\/wp-json\/wp\/v2\/pages\/6973","targetHints":{"allow":["GET"]}}],"collection":[{"href":"https:\/\/niipit.dk\/ansigtsmaling\/wp-json\/wp\/v2\/pages"}],"about":[{"href":"https:\/\/niipit.dk\/ansigtsmaling\/wp-json\/wp\/v2\/types\/page"}],"author":[{"embeddable":true,"href":"https:\/\/niipit.dk\/ansigtsmaling\/wp-json\/wp\/v2\/users\/988"}],"replies":[{"embeddable":true,"href":"https:\/\/niipit.dk\/ansigtsmaling\/wp-json\/wp\/v2\/comments?post=6973"}],"version-history":[{"count":4,"href":"https:\/\/niipit.dk\/ansigtsmaling\/wp-json\/wp\/v2\/pages\/6973\/revisions"}],"predecessor-version":[{"id":10748,"href":"https:\/\/niipit.dk\/ansigtsmaling\/wp-json\/wp\/v2\/pages\/6973\/revisions\/10748"}],"wp:attachment":[{"href":"https:\/\/niipit.dk\/ansigtsmaling\/wp-json\/wp\/v2\/media?parent=6973"}],"curies":[{"name":"wp","href":"https:\/\/api.w.org\/{rel}","templated":true}]}}