{"id":6954,"date":"2020-01-08T16:58:27","date_gmt":"2020-01-08T15:58:27","guid":{"rendered":"https:\/\/niipit.dk\/ansigtsmaling\/?page_id=6954"},"modified":"2022-01-28T19:02:08","modified_gmt":"2022-01-28T18:02:08","slug":"faq","status":"publish","type":"page","link":"https:\/\/niipit.dk\/ansigtsmaling\/faq\/","title":{"rendered":"FAQ"},"content":{"rendered":"\n<h2 class=\"wp-block-heading\" id=\"h-faq\">FAQ<\/h2>\n\n\n\n<div class=\"wp-block-image\"><figure class=\"aligncenter size-medium\"><img loading=\"lazy\" decoding=\"async\" width=\"300\" height=\"300\" src=\"https:\/\/niipit.dk\/ansigtsmaling\/wp-content\/uploads\/sites\/215\/2022\/01\/colorful-faces-FAQ-300x300.jpg\" alt=\"colorful-faces-FAQ\" class=\"wp-image-10533\" srcset=\"https:\/\/niipit.dk\/ansigtsmaling\/wp-content\/uploads\/sites\/215\/2022\/01\/colorful-faces-FAQ-300x300.jpg 300w, https:\/\/niipit.dk\/ansigtsmaling\/wp-content\/uploads\/sites\/215\/2022\/01\/colorful-faces-FAQ-1024x1024.jpg 1024w, https:\/\/niipit.dk\/ansigtsmaling\/wp-content\/uploads\/sites\/215\/2022\/01\/colorful-faces-FAQ-150x150.jpg 150w, https:\/\/niipit.dk\/ansigtsmaling\/wp-content\/uploads\/sites\/215\/2022\/01\/colorful-faces-FAQ-768x768.jpg 768w, https:\/\/niipit.dk\/ansigtsmaling\/wp-content\/uploads\/sites\/215\/2022\/01\/colorful-faces-FAQ-600x600.jpg 600w, https:\/\/niipit.dk\/ansigtsmaling\/wp-content\/uploads\/sites\/215\/2022\/01\/colorful-faces-FAQ-100x100.jpg 100w, https:\/\/niipit.dk\/ansigtsmaling\/wp-content\/uploads\/sites\/215\/2022\/01\/colorful-faces-FAQ.jpg 1080w\" sizes=\"auto, (max-width: 300px) 100vw, 300px\" \/><\/figure><\/div>\n\n\n\n<p><\/p>\n\n\n\n<p><\/p>\n\n\n\n<p><\/p>\n\n\n\n<h3 class=\"wp-block-heading\" id=\"h-faq-besvare-alle-mulige-og-umulige-sp-rgsm-l-du-m-tte-have-om-ansigtsmaling\">Faq besvare alle mulige og umulige sp\u00f8rgsm\u00e5l du m\u00e5tte have om ansigtsmaling.<\/h3>\n\n\n\n<p><\/p>\n\n\n\n<p><\/p>\n\n\n\n<p><\/p>\n\n\n\n<h4 class=\"wp-block-heading\" id=\"h-hvilken-aldersgruppe-har-mest-gl-de-af-ansigtsmaling\">Hvilken aldersgruppe har mest gl\u00e6de af ansigtsmaling?<\/h4>\n\n\n\n<p>Frar\u00e5des b\u00f8rn under to \u00e5r, ellers alle b\u00f8rn og voksne som finder det sjovt.<\/p>\n\n\n\n<h4 class=\"wp-block-heading\" id=\"h-hvordan-f-les-det-at-have-ansigtsmaling-p\">Hvordan f\u00f8les det at have ansigtsmaling p\u00e5?<\/h4>\n\n\n\n<p>Det f\u00f8les som makeup let og behageligt.<\/p>\n\n\n\n<h4 class=\"wp-block-heading\" id=\"h-medbringer-jeg-selv-alt\">Medbringer jeg selv alt?<\/h4>\n\n\n\n<p>&nbsp;Ja &#8211; h\u00f8jstol til b\u00f8rnene samt mit mobile kuffert p\u00e5 stetoskop-ben som udg\u00f8r mit bord og &#8220;s\u00e6tter smil p\u00e5 ansigter&#8221;.<\/p>\n\n\n\n<h4 class=\"wp-block-heading\" id=\"h-hvordan-vasker-jeg-ansigtsmakeup-af-mit-barn-igen\">Hvordan vasker jeg ansigtsmakeup af mit barn igen?<\/h4>\n\n\n\n<p>Du kan vaske ansigtsmalingen af igen med tempereret vand og s\u00e6be, s\u00e5 det kan ikke v\u00e6re nemmere.<\/p>\n\n\n\n<h4 class=\"wp-block-heading\" id=\"h-kan-det-komme-af-t-jet\">Kan det komme af t\u00f8jet?<\/h4>\n\n\n\n<p>Sagtens. Selv om jeg passer p\u00e5 ikke at f\u00e5 maling p\u00e5 b\u00f8rnenes t\u00f8j, kan der jo ske sm\u00e5 uheld. Jeg har flere gange f\u00e5et ansigtsmaling p\u00e5 mit eget t\u00f8j og har endnu ikke haft problemer med at f\u00e5 t\u00f8jet rent efter en tur i vaskemaskinen.<\/p>\n\n\n\n<h4 class=\"wp-block-heading\" id=\"h-kan-jeg-sove-med-ansigtsmaling-p\">Kan jeg sove med ansigtsmaling p\u00e5?<\/h4>\n\n\n\n<p>Det anbefales ikke &#8211; ligesom makeup tages af om aftenen, s\u00e5ledes at huden kan f\u00e5 en pause under nattes\u00f8vnen, s\u00e5 fjernes ansigtsmaling ogs\u00e5 f\u00f8r sengetid. Formentlig er der allerede taget sk\u00f8nne billeder som minder. Alt ansigtsmaling vaskes af med tempereret vand og eventuel farvepigment opl\u00f8ses med lidt mere s\u00e6be, eller du kan benytte lidt baby- eller kokosolie.<\/p>\n\n\n\n<h4 class=\"wp-block-heading\" id=\"h-hvordan-fjerner-jeg-accessories\">Hvordan fjerner jeg Accessories?<\/h4>\n\n\n\n<p>Accessories l\u00f8ftes&nbsp;forsigtigt i enderne fra huden&nbsp;eller l\u00f8snes med tempereret vand og opbevares p\u00e5 et stykke plastik.<\/p>\n\n\n\n<h4 class=\"wp-block-heading\" id=\"h-kan-jeg-gemme-et-aftryk-af-ansigtsmasken\">Kan jeg gemme et aftryk af ansigtsmasken?<\/h4>\n\n\n\n<p>Ja, det kan du godt. L\u00e6g en renseserviet p\u00e5 ansigtet i 2-3 minutter. N\u00e5r farverne tr\u00e6der tydeligt frem p\u00e5 renseservietten, kan du tage den af ansigtet, og det&nbsp;<em>todimensionelle<\/em><em>&nbsp;<\/em>aftryk f\u00f8lger med. N\u00e5r aftrykket har ligget til t\u00f8rre i 10-12 minutter med indersiden opad, er det helt t\u00f8rt, og dit barn har et varigt minde, I kan s\u00e6tte ind i albummet.<\/p>\n\n\n\n<h4 class=\"wp-block-heading\" id=\"h-hvis-der-forekommer-et-omrids-af-motivet-p-huden-efter-at-ansigtsmalingen-er-vasket-af\">Hvis der forekommer et omrids af motivet p\u00e5 huden, efter at ansigtsmalingen er vasket af?<\/h4>\n\n\n\n<p>Kan det skyldes t\u00f8r eller lettere sensitiv hud &#8211; det vigtigeste er dog, at det er v\u00e6k igen allerede dagen efter.<\/p>\n\n\n\n<p><\/p>\n\n\n\n<p>Skriv gerne hvis du har flere sp\u00f8rgsm\u00e5l &#8211; s\u00e5 svarer jeg i l\u00f8bet af en til to dage.<\/p>\n\n\n\n<div class=\"wp-block-button aligncenter is-style-outline is-style-outline--1\"><a class=\"wp-block-button__link has-very-dark-gray-color has-text-color has-background\" style=\"background-color:#ddf5c7\"><strong>Send henvendelse &#8211; benyt skema herunder<\/strong><\/a><\/div>\n\n\n\n<div class=\"wp-block-columns is-layout-flex wp-container-core-columns-is-layout-9d6595d7 wp-block-columns-is-layout-flex\">\n<div class=\"wp-block-column is-layout-flow wp-block-column-is-layout-flow\"><\/div>\n\n\n\n<div class=\"wp-block-column is-layout-flow wp-block-column-is-layout-flow\"><\/div>\n<\/div>\n\n\n\n<div class=\"wpcf7 no-js\" id=\"wpcf7-f8392-o1\" lang=\"da-DK\" dir=\"ltr\" data-wpcf7-id=\"8392\">\n<div class=\"screen-reader-response\"><p role=\"status\" aria-live=\"polite\" aria-atomic=\"true\"><\/p> <ul><\/ul><\/div>\n<form action=\"\/ansigtsmaling\/wp-json\/wp\/v2\/pages\/6954#wpcf7-f8392-o1\" method=\"post\" class=\"wpcf7-form init\" aria-label=\"Kontaktformular\" novalidate=\"novalidate\" data-status=\"init\">\n<fieldset class=\"hidden-fields-container\"><input type=\"hidden\" name=\"_wpcf7\" value=\"8392\" \/><input type=\"hidden\" name=\"_wpcf7_version\" value=\"6.1.5\" \/><input type=\"hidden\" name=\"_wpcf7_locale\" value=\"da_DK\" \/><input type=\"hidden\" name=\"_wpcf7_unit_tag\" value=\"wpcf7-f8392-o1\" \/><input type=\"hidden\" name=\"_wpcf7_container_post\" value=\"0\" \/><input type=\"hidden\" name=\"_wpcf7_posted_data_hash\" value=\"\" \/>\n<\/fieldset>\n<div class=\"wpcf7-turnstile cf-turnstile\" data-sitekey=\"0x4AAAAAABqmpAAa4YG56tSw\" data-response-field-name=\"_wpcf7_turnstile_response\"><\/div>\n\n<p><label> Dit navn (skal udfyldes)<br \/>\n<span class=\"wpcf7-form-control-wrap\" data-name=\"your-name\"><input size=\"40\" maxlength=\"400\" class=\"wpcf7-form-control wpcf7-text wpcf7-validates-as-required\" aria-required=\"true\" aria-invalid=\"false\" value=\"\" type=\"text\" name=\"your-name\" \/><\/span> <\/label>\n<\/p>\n<p><label> Din e-mail (skal udfyldes)<br \/>\n<span class=\"wpcf7-form-control-wrap\" data-name=\"your-email\"><input size=\"40\" maxlength=\"400\" class=\"wpcf7-form-control wpcf7-email wpcf7-validates-as-required wpcf7-text wpcf7-validates-as-email\" aria-required=\"true\" aria-invalid=\"false\" value=\"\" type=\"email\" name=\"your-email\" \/><\/span> <\/label>\n<\/p>\n<p><label> Dato<br \/>\n<span class=\"wpcf7-form-control-wrap\" data-name=\"Dato\"><input size=\"40\" maxlength=\"400\" class=\"wpcf7-form-control wpcf7-text\" aria-invalid=\"false\" value=\"\" type=\"text\" name=\"Dato\" \/><\/span> <\/label>\n<\/p>\n<p><label> Hvilken anledning<br \/>\n<span class=\"wpcf7-form-control-wrap\" data-name=\"Anledning\"><select class=\"wpcf7-form-control wpcf7-select\" aria-invalid=\"false\" name=\"Anledning\"><option value=\"B\u00f8rnef\u00f8dselsdag\">B\u00f8rnef\u00f8dselsdag<\/option><option value=\"Fastelavn\">Fastelavn<\/option><option value=\"Halloween\">Halloween<\/option><option value=\"Barned\u00e5b\">Barned\u00e5b<\/option><option value=\"Erhvervsarrangement\">Erhvervsarrangement<\/option><option value=\"Gravide maver\">Gravide maver<\/option><option value=\"Jul\">Jul<\/option><\/select><\/span> <\/label>\n<\/p>\n<p><label> Hvor mange b\u00f8rn skal males<br \/>\n<span class=\"wpcf7-form-control-wrap\" data-name=\"Antal-born\"><input class=\"wpcf7-form-control wpcf7-number wpcf7-validates-as-required wpcf7-validates-as-number\" aria-required=\"true\" aria-invalid=\"false\" value=\"\" type=\"number\" name=\"Antal-born\" \/><\/span> <\/label>\n<\/p>\n<p><label> Hvilken adresse skal jeg komme til<br \/>\n<span class=\"wpcf7-form-control-wrap\" data-name=\"Adresse\"><input size=\"40\" maxlength=\"400\" class=\"wpcf7-form-control wpcf7-text wpcf7-validates-as-required\" aria-required=\"true\" aria-invalid=\"false\" value=\"\" type=\"text\" name=\"Adresse\" \/><\/span> <\/label>\n<\/p>\n<p><label> Hvilken postnr<br \/>\n<span class=\"wpcf7-form-control-wrap\" data-name=\"Postnummer\"><input class=\"wpcf7-form-control wpcf7-number wpcf7-validates-as-required wpcf7-validates-as-number\" aria-required=\"true\" aria-invalid=\"false\" value=\"\" type=\"number\" name=\"Postnummer\" \/><\/span><\/label>\n<\/p>\n<p><label> Din besked<br \/>\n<span class=\"wpcf7-form-control-wrap\" data-name=\"your-message\"><textarea cols=\"40\" rows=\"10\" maxlength=\"2000\" class=\"wpcf7-form-control wpcf7-textarea\" aria-invalid=\"false\" name=\"your-message\"><\/textarea><\/span> <\/label><br \/>\n<span class=\"wpcf7-form-control-wrap\" data-name=\"acceptance-682\"><span class=\"wpcf7-form-control wpcf7-acceptance optional\"><span class=\"wpcf7-list-item\"><label><input type=\"checkbox\" name=\"acceptance-682\" value=\"1\" aria-invalid=\"false\" \/><span class=\"wpcf7-list-item-label\">Jeg bekr\u00e6fter at Tina m\u00e5 kontakte mig via de informationer jeg har oplyst herover.<\/span><\/label><\/span><\/span><\/span><br \/>\n<span class=\"wpcf7-form-control-wrap\" data-name=\"quiz-228\"><label><span class=\"wpcf7-quiz-label\">Hvad er 4+12+3 ?<\/span> <input size=\"40\" class=\"wpcf7-form-control wpcf7-quiz\" autocomplete=\"off\" aria-required=\"true\" aria-invalid=\"false\" type=\"text\" name=\"quiz-228\" \/><\/label><input type=\"hidden\" name=\"_wpcf7_quiz_answer_quiz-228\" value=\"7c3617fbd3fddeffd99f3c8ebb6d446a\" \/><\/span><br \/>\n<input class=\"wpcf7-form-control wpcf7-submit has-spinner\" type=\"submit\" value=\"Indsend\" \/>\n<\/p><div class=\"wpcf7-response-output\" aria-hidden=\"true\"><\/div>\n<\/form>\n<\/div>\n\n","protected":false},"excerpt":{"rendered":"<p>FAQ Faq besvare alle mulige og umulige sp\u00f8rgsm\u00e5l du m\u00e5tte have om ansigtsmaling. Hvilken aldersgruppe har mest gl\u00e6de af ansigtsmaling? Frar\u00e5des b\u00f8rn under to \u00e5r, ellers alle b\u00f8rn og voksne som finder det sjovt. Hvordan f\u00f8les det at have ansigtsmaling p\u00e5? Det f\u00f8les som makeup let og behageligt. Medbringer jeg selv alt? &nbsp;Ja &#8211; h\u00f8jstol <a class=\"moretag btn btn-primary\" href=\"https:\/\/niipit.dk\/ansigtsmaling\/faq\/\">L\u00e6s mere<\/a><\/p>\n","protected":false},"author":988,"featured_media":0,"parent":0,"menu_order":0,"comment_status":"closed","ping_status":"closed","template":"","meta":{"_exactmetrics_skip_tracking":false,"_exactmetrics_sitenote_active":false,"_exactmetrics_sitenote_note":"","_exactmetrics_sitenote_category":0,"_monsterinsights_skip_tracking":false,"_monsterinsights_sitenote_active":false,"_monsterinsights_sitenote_note":"","_monsterinsights_sitenote_category":0,"footnotes":""},"class_list":["post-6954","page","type-page","status-publish","hentry"],"yoast_head":"<!-- This site is optimized with the Yoast SEO plugin v27.3 - https:\/\/yoast.com\/product\/yoast-seo-wordpress\/ -->\n<title>FAQ Ansigtsmaling - Colorful Faces din ansigtsmaler<\/title>\n<meta name=\"description\" content=\"FAQ. Hvilken aldersgruppe har mest gl\u00e6de af Ansigtsmaling? Ansigtsmaling frar\u00e5des b\u00f8rn under 2 \u00e5r - Hvad er lovligt, hvad kan dit barn t\u00e5le. Se her\" \/>\n<meta name=\"robots\" content=\"index, follow, max-snippet:-1, max-image-preview:large, max-video-preview:-1\" \/>\n<link rel=\"canonical\" href=\"https:\/\/niipit.dk\/ansigtsmaling\/faq\/\" \/>\n<meta property=\"og:locale\" content=\"da_DK\" \/>\n<meta property=\"og:type\" content=\"article\" \/>\n<meta property=\"og:title\" content=\"FAQ Ansigtsmaling - Colorful Faces din ansigtsmaler\" \/>\n<meta property=\"og:description\" content=\"FAQ. Hvilken aldersgruppe har mest gl\u00e6de af Ansigtsmaling? Ansigtsmaling frar\u00e5des b\u00f8rn under 2 \u00e5r - Hvad er lovligt, hvad kan dit barn t\u00e5le. Se her\" \/>\n<meta property=\"og:url\" content=\"https:\/\/niipit.dk\/ansigtsmaling\/faq\/\" \/>\n<meta property=\"og:site_name\" content=\"Ansigtsmaling\" \/>\n<meta property=\"article:modified_time\" content=\"2022-01-28T18:02:08+00:00\" \/>\n<meta property=\"og:image\" content=\"https:\/\/niipit.dk\/ansigtsmaling\/wp-content\/uploads\/sites\/215\/2020\/03\/FAQ-ansigtsmaling-1.jpg\" \/>\n\t<meta property=\"og:image:width\" content=\"626\" \/>\n\t<meta property=\"og:image:height\" content=\"626\" \/>\n\t<meta property=\"og:image:type\" content=\"image\/jpeg\" \/>\n<meta name=\"twitter:card\" content=\"summary_large_image\" \/>\n<meta name=\"twitter:label1\" content=\"Estimeret l\u00e6setid\" \/>\n\t<meta name=\"twitter:data1\" content=\"2 minutter\" \/>\n<script type=\"application\/ld+json\" class=\"yoast-schema-graph\">{\"@context\":\"https:\\\/\\\/schema.org\",\"@graph\":[{\"@type\":\"WebPage\",\"@id\":\"https:\\\/\\\/niipit.dk\\\/ansigtsmaling\\\/faq\\\/\",\"url\":\"https:\\\/\\\/niipit.dk\\\/ansigtsmaling\\\/faq\\\/\",\"name\":\"FAQ Ansigtsmaling - Colorful Faces din ansigtsmaler\",\"isPartOf\":{\"@id\":\"https:\\\/\\\/niipit.dk\\\/ansigtsmaling\\\/#website\"},\"primaryImageOfPage\":{\"@id\":\"https:\\\/\\\/niipit.dk\\\/ansigtsmaling\\\/faq\\\/#primaryimage\"},\"image\":{\"@id\":\"https:\\\/\\\/niipit.dk\\\/ansigtsmaling\\\/faq\\\/#primaryimage\"},\"thumbnailUrl\":\"https:\\\/\\\/niipit.dk\\\/ansigtsmaling\\\/wp-content\\\/uploads\\\/sites\\\/215\\\/2022\\\/01\\\/colorful-faces-FAQ-300x300.jpg\",\"datePublished\":\"2020-01-08T15:58:27+00:00\",\"dateModified\":\"2022-01-28T18:02:08+00:00\",\"description\":\"FAQ. Hvilken aldersgruppe har mest gl\u00e6de af Ansigtsmaling? Ansigtsmaling frar\u00e5des b\u00f8rn under 2 \u00e5r - Hvad er lovligt, hvad kan dit barn t\u00e5le. Se her\",\"breadcrumb\":{\"@id\":\"https:\\\/\\\/niipit.dk\\\/ansigtsmaling\\\/faq\\\/#breadcrumb\"},\"inLanguage\":\"da-DK\",\"potentialAction\":[{\"@type\":\"ReadAction\",\"target\":[\"https:\\\/\\\/niipit.dk\\\/ansigtsmaling\\\/faq\\\/\"]}]},{\"@type\":\"ImageObject\",\"inLanguage\":\"da-DK\",\"@id\":\"https:\\\/\\\/niipit.dk\\\/ansigtsmaling\\\/faq\\\/#primaryimage\",\"url\":\"https:\\\/\\\/niipit.dk\\\/ansigtsmaling\\\/wp-content\\\/uploads\\\/sites\\\/215\\\/2022\\\/01\\\/colorful-faces-FAQ-300x300.jpg\",\"contentUrl\":\"https:\\\/\\\/niipit.dk\\\/ansigtsmaling\\\/wp-content\\\/uploads\\\/sites\\\/215\\\/2022\\\/01\\\/colorful-faces-FAQ-300x300.jpg\"},{\"@type\":\"BreadcrumbList\",\"@id\":\"https:\\\/\\\/niipit.dk\\\/ansigtsmaling\\\/faq\\\/#breadcrumb\",\"itemListElement\":[{\"@type\":\"ListItem\",\"position\":1,\"name\":\"Hjem\",\"item\":\"https:\\\/\\\/niipit.dk\\\/ansigtsmaling\\\/\"},{\"@type\":\"ListItem\",\"position\":2,\"name\":\"FAQ\"}]},{\"@type\":\"WebSite\",\"@id\":\"https:\\\/\\\/niipit.dk\\\/ansigtsmaling\\\/#website\",\"url\":\"https:\\\/\\\/niipit.dk\\\/ansigtsmaling\\\/\",\"name\":\"Ansigtsmaling\",\"description\":\"S\u00e6tter smil p\u00e5 ansigter. www.colorfulfaces.dk\",\"potentialAction\":[{\"@type\":\"SearchAction\",\"target\":{\"@type\":\"EntryPoint\",\"urlTemplate\":\"https:\\\/\\\/niipit.dk\\\/ansigtsmaling\\\/?s={search_term_string}\"},\"query-input\":{\"@type\":\"PropertyValueSpecification\",\"valueRequired\":true,\"valueName\":\"search_term_string\"}}],\"inLanguage\":\"da-DK\"}]}<\/script>\n<!-- \/ Yoast SEO plugin. -->","yoast_head_json":{"title":"FAQ Ansigtsmaling - Colorful Faces din ansigtsmaler","description":"FAQ. Hvilken aldersgruppe har mest gl\u00e6de af Ansigtsmaling? Ansigtsmaling frar\u00e5des b\u00f8rn under 2 \u00e5r - Hvad er lovligt, hvad kan dit barn t\u00e5le. Se her","robots":{"index":"index","follow":"follow","max-snippet":"max-snippet:-1","max-image-preview":"max-image-preview:large","max-video-preview":"max-video-preview:-1"},"canonical":"https:\/\/niipit.dk\/ansigtsmaling\/faq\/","og_locale":"da_DK","og_type":"article","og_title":"FAQ Ansigtsmaling - Colorful Faces din ansigtsmaler","og_description":"FAQ. Hvilken aldersgruppe har mest gl\u00e6de af Ansigtsmaling? Ansigtsmaling frar\u00e5des b\u00f8rn under 2 \u00e5r - Hvad er lovligt, hvad kan dit barn t\u00e5le. Se her","og_url":"https:\/\/niipit.dk\/ansigtsmaling\/faq\/","og_site_name":"Ansigtsmaling","article_modified_time":"2022-01-28T18:02:08+00:00","og_image":[{"width":626,"height":626,"url":"https:\/\/niipit.dk\/ansigtsmaling\/wp-content\/uploads\/sites\/215\/2020\/03\/FAQ-ansigtsmaling-1.jpg","type":"image\/jpeg"}],"twitter_card":"summary_large_image","twitter_misc":{"Estimeret l\u00e6setid":"2 minutter"},"schema":{"@context":"https:\/\/schema.org","@graph":[{"@type":"WebPage","@id":"https:\/\/niipit.dk\/ansigtsmaling\/faq\/","url":"https:\/\/niipit.dk\/ansigtsmaling\/faq\/","name":"FAQ Ansigtsmaling - Colorful Faces din ansigtsmaler","isPartOf":{"@id":"https:\/\/niipit.dk\/ansigtsmaling\/#website"},"primaryImageOfPage":{"@id":"https:\/\/niipit.dk\/ansigtsmaling\/faq\/#primaryimage"},"image":{"@id":"https:\/\/niipit.dk\/ansigtsmaling\/faq\/#primaryimage"},"thumbnailUrl":"https:\/\/niipit.dk\/ansigtsmaling\/wp-content\/uploads\/sites\/215\/2022\/01\/colorful-faces-FAQ-300x300.jpg","datePublished":"2020-01-08T15:58:27+00:00","dateModified":"2022-01-28T18:02:08+00:00","description":"FAQ. Hvilken aldersgruppe har mest gl\u00e6de af Ansigtsmaling? Ansigtsmaling frar\u00e5des b\u00f8rn under 2 \u00e5r - Hvad er lovligt, hvad kan dit barn t\u00e5le. Se her","breadcrumb":{"@id":"https:\/\/niipit.dk\/ansigtsmaling\/faq\/#breadcrumb"},"inLanguage":"da-DK","potentialAction":[{"@type":"ReadAction","target":["https:\/\/niipit.dk\/ansigtsmaling\/faq\/"]}]},{"@type":"ImageObject","inLanguage":"da-DK","@id":"https:\/\/niipit.dk\/ansigtsmaling\/faq\/#primaryimage","url":"https:\/\/niipit.dk\/ansigtsmaling\/wp-content\/uploads\/sites\/215\/2022\/01\/colorful-faces-FAQ-300x300.jpg","contentUrl":"https:\/\/niipit.dk\/ansigtsmaling\/wp-content\/uploads\/sites\/215\/2022\/01\/colorful-faces-FAQ-300x300.jpg"},{"@type":"BreadcrumbList","@id":"https:\/\/niipit.dk\/ansigtsmaling\/faq\/#breadcrumb","itemListElement":[{"@type":"ListItem","position":1,"name":"Hjem","item":"https:\/\/niipit.dk\/ansigtsmaling\/"},{"@type":"ListItem","position":2,"name":"FAQ"}]},{"@type":"WebSite","@id":"https:\/\/niipit.dk\/ansigtsmaling\/#website","url":"https:\/\/niipit.dk\/ansigtsmaling\/","name":"Ansigtsmaling","description":"S\u00e6tter smil p\u00e5 ansigter. www.colorfulfaces.dk","potentialAction":[{"@type":"SearchAction","target":{"@type":"EntryPoint","urlTemplate":"https:\/\/niipit.dk\/ansigtsmaling\/?s={search_term_string}"},"query-input":{"@type":"PropertyValueSpecification","valueRequired":true,"valueName":"search_term_string"}}],"inLanguage":"da-DK"}]}},"_links":{"self":[{"href":"https:\/\/niipit.dk\/ansigtsmaling\/wp-json\/wp\/v2\/pages\/6954","targetHints":{"allow":["GET"]}}],"collection":[{"href":"https:\/\/niipit.dk\/ansigtsmaling\/wp-json\/wp\/v2\/pages"}],"about":[{"href":"https:\/\/niipit.dk\/ansigtsmaling\/wp-json\/wp\/v2\/types\/page"}],"author":[{"embeddable":true,"href":"https:\/\/niipit.dk\/ansigtsmaling\/wp-json\/wp\/v2\/users\/988"}],"replies":[{"embeddable":true,"href":"https:\/\/niipit.dk\/ansigtsmaling\/wp-json\/wp\/v2\/comments?post=6954"}],"version-history":[{"count":4,"href":"https:\/\/niipit.dk\/ansigtsmaling\/wp-json\/wp\/v2\/pages\/6954\/revisions"}],"predecessor-version":[{"id":10534,"href":"https:\/\/niipit.dk\/ansigtsmaling\/wp-json\/wp\/v2\/pages\/6954\/revisions\/10534"}],"wp:attachment":[{"href":"https:\/\/niipit.dk\/ansigtsmaling\/wp-json\/wp\/v2\/media?parent=6954"}],"curies":[{"name":"wp","href":"https:\/\/api.w.org\/{rel}","templated":true}]}}