{"id":5499,"date":"2019-02-19T13:33:16","date_gmt":"2019-02-19T12:33:16","guid":{"rendered":"https:\/\/niipit.dk\/mastergoldblog\/?page_id=5499"},"modified":"2023-01-30T12:51:39","modified_gmt":"2023-01-30T11:51:39","slug":"video","status":"publish","type":"page","link":"https:\/\/niipit.dk\/ansigtsmaling\/video\/","title":{"rendered":"Video"},"content":{"rendered":"\n<h1 class=\"wp-block-heading\" id=\"h-ansigtsmaling-videoer-til-inspiration\">Ansigtsmaling videoer til inspiration<\/h1>\n\n\n\n<p class=\"has-text-align-left\">Ansigtsmaling til b\u00f8rne f\u00f8dselsdag eller barned\u00e5b og andre sjove begivenheder<\/p>\n\n\n\n<figure class=\"wp-block-embed is-type-video is-provider-youtube wp-block-embed-youtube wp-embed-aspect-4-3 wp-has-aspect-ratio\"><div class=\"wp-block-embed__wrapper\">\n<iframe loading=\"lazy\" title=\"Ansigtsmaling til b\u00f8rnef\u00f8dselsdag, barned\u00e5b og andre sjove begivenheder\" width=\"1170\" height=\"878\" src=\"https:\/\/www.youtube.com\/embed\/QhLZtnKcK5Y?feature=oembed\" frameborder=\"0\" allow=\"accelerometer; autoplay; clipboard-write; encrypted-media; gyroscope; picture-in-picture; web-share\" allowfullscreen><\/iframe>\n<\/div><\/figure>\n\n\n\n<div class=\"wp-block-buttons is-layout-flex wp-block-buttons-is-layout-flex\">\n<div class=\"wp-block-button\"><a class=\"wp-block-button__link has-black-color has-text-color has-background\" href=\"https:\/\/niipit.dk\/ansigtsmaling\/se-det-hele-her\/\" style=\"background-color:#d4acb7\" target=\"_blank\" rel=\"noreferrer noopener\">For booking &#8211; tryk her <\/a><\/div>\n<\/div>\n\n\n\n<h3 class=\"wp-block-heading\" id=\"h-fastelavn-ideer\">Fastelavn ideer<\/h3>\n\n\n\n<figure class=\"wp-block-embed is-type-video is-provider-youtube wp-block-embed-youtube wp-embed-aspect-16-9 wp-has-aspect-ratio\"><div class=\"wp-block-embed__wrapper\">\n<iframe loading=\"lazy\" title=\"Ansigtsmaling til fastelavn inspiration \ud83d\udc69\ud83c\udffb\u200d\ud83c\udfa8\u2b50\ufe0f\" width=\"1170\" height=\"658\" src=\"https:\/\/www.youtube.com\/embed\/eGnhvSkpn4U?feature=oembed\" frameborder=\"0\" allow=\"accelerometer; autoplay; clipboard-write; encrypted-media; gyroscope; picture-in-picture; web-share\" allowfullscreen><\/iframe>\n<\/div><figcaption>Her f\u00e5r du fastelavns inspiration<\/figcaption><\/figure>\n\n\n\n<p class=\"has-text-align-center\"><strong>For yderlige information se siden fastelavn <\/strong><\/p>\n\n\n\n<div class=\"wp-block-button aligncenter\"><a class=\"wp-block-button__link has-very-dark-gray-color has-text-color has-background\" href=\"https:\/\/niipit.dk\/ansigtsmaling\/fastelavn\/\" style=\"background-color:#d4acb7\">Fastelavn tryk her<\/a><\/div>\n\n\n\n<p><\/p>\n\n\n\n<p class=\"has-text-align-center\">Ansigtsmaling Kat, Slange samt Pink skildpadde?<\/p>\n\n\n\n<figure class=\"wp-block-embed is-type-video is-provider-youtube wp-block-embed-youtube wp-embed-aspect-16-9 wp-has-aspect-ratio\"><div class=\"wp-block-embed__wrapper\">\n<iframe loading=\"lazy\" title=\"Ansigtsmaling kat I Slange I skildpadde \ud83d\udc31\ud83d\udc0d\ud83d\udc22\" width=\"1170\" height=\"658\" src=\"https:\/\/www.youtube.com\/embed\/90HOg3BkqBI?feature=oembed\" frameborder=\"0\" allow=\"accelerometer; autoplay; clipboard-write; encrypted-media; gyroscope; picture-in-picture; web-share\" allowfullscreen><\/iframe>\n<\/div><\/figure>\n\n\n\n<p>Har du brug for hj\u00e6lp til ansigtsmaling &#8211; s\u00e5 har jeg en facebook gruppe til dig: &#8220;Ansigtsmaling- Leg med farver&#8221;<\/p>\n\n\n\n<div class=\"wp-block-buttons is-layout-flex wp-block-buttons-is-layout-flex\">\n<div class=\"wp-block-button\"><a class=\"wp-block-button__link has-black-color has-text-color has-background\" href=\"https:\/\/www.facebook.com\/groups\/658820268128845\" style=\"background-color:#d4acb7\">Ja tak, til fb gruppe<\/a><\/div>\n<\/div>\n","protected":false},"excerpt":{"rendered":"<p>Ansigtsmaling videoer til inspiration Ansigtsmaling til b\u00f8rne f\u00f8dselsdag eller barned\u00e5b og andre sjove begivenheder Fastelavn ideer For yderlige information se siden fastelavn Ansigtsmaling Kat, Slange samt Pink skildpadde? Har du brug for hj\u00e6lp til ansigtsmaling &#8211; s\u00e5 har jeg en facebook gruppe til dig: &#8220;Ansigtsmaling- Leg med farver&#8221;<\/p>\n","protected":false},"author":988,"featured_media":0,"parent":0,"menu_order":0,"comment_status":"closed","ping_status":"closed","template":"","meta":{"_exactmetrics_skip_tracking":false,"_exactmetrics_sitenote_active":false,"_exactmetrics_sitenote_note":"","_exactmetrics_sitenote_category":0,"_monsterinsights_skip_tracking":false,"_monsterinsights_sitenote_active":false,"_monsterinsights_sitenote_note":"","_monsterinsights_sitenote_category":0,"footnotes":""},"class_list":["post-5499","page","type-page","status-publish","hentry"],"yoast_head":"<!-- This site is optimized with the Yoast SEO plugin v27.3 - https:\/\/yoast.com\/product\/yoast-seo-wordpress\/ -->\n<title>Video - Se film fra Ansigtsmaling p\u00e5 vores Niipit Virksomhedsprofil<\/title>\n<meta name=\"description\" content=\"Video omr\u00e5det fra Ansigtsmaling viser dig nogle af vores bedste varer - se med her og blive klogere p\u00e5 hvem Ansigtsmaling er og hvordan vi kan hj\u00e6lpe dig\" \/>\n<meta name=\"robots\" content=\"index, follow, max-snippet:-1, max-image-preview:large, max-video-preview:-1\" \/>\n<link rel=\"canonical\" href=\"https:\/\/niipit.dk\/ansigtsmaling\/video\/\" \/>\n<meta property=\"og:locale\" content=\"da_DK\" \/>\n<meta property=\"og:type\" content=\"article\" \/>\n<meta property=\"og:title\" content=\"Video - Se film fra Ansigtsmaling p\u00e5 vores Niipit Virksomhedsprofil\" \/>\n<meta property=\"og:description\" content=\"Video omr\u00e5det fra Ansigtsmaling viser dig nogle af vores bedste varer - se med her og blive klogere p\u00e5 hvem Ansigtsmaling er og hvordan vi kan hj\u00e6lpe dig\" \/>\n<meta property=\"og:url\" content=\"https:\/\/niipit.dk\/ansigtsmaling\/video\/\" \/>\n<meta property=\"og:site_name\" content=\"Ansigtsmaling\" \/>\n<meta property=\"article:modified_time\" content=\"2023-01-30T11:51:39+00:00\" \/>\n<meta property=\"og:image\" content=\"https:\/\/niipit.dk\/ansigtsmaling\/wp-content\/uploads\/sites\/215\/2019\/05\/IMG_0382.jpg\" \/>\n\t<meta property=\"og:image:width\" content=\"1200\" \/>\n\t<meta property=\"og:image:height\" content=\"619\" \/>\n\t<meta property=\"og:image:type\" content=\"image\/jpeg\" \/>\n<meta name=\"twitter:card\" content=\"summary_large_image\" \/>\n<meta name=\"twitter:label1\" content=\"Estimeret l\u00e6setid\" \/>\n\t<meta name=\"twitter:data1\" content=\"1 minut\" \/>\n<script type=\"application\/ld+json\" class=\"yoast-schema-graph\">{\"@context\":\"https:\\\/\\\/schema.org\",\"@graph\":[{\"@type\":\"WebPage\",\"@id\":\"https:\\\/\\\/niipit.dk\\\/ansigtsmaling\\\/video\\\/\",\"url\":\"https:\\\/\\\/niipit.dk\\\/ansigtsmaling\\\/video\\\/\",\"name\":\"Video - Se film fra Ansigtsmaling p\u00e5 vores Niipit Virksomhedsprofil\",\"isPartOf\":{\"@id\":\"https:\\\/\\\/niipit.dk\\\/ansigtsmaling\\\/#website\"},\"datePublished\":\"2019-02-19T12:33:16+00:00\",\"dateModified\":\"2023-01-30T11:51:39+00:00\",\"description\":\"Video omr\u00e5det fra Ansigtsmaling viser dig nogle af vores bedste varer - se med her og blive klogere p\u00e5 hvem Ansigtsmaling er og hvordan vi kan hj\u00e6lpe dig\",\"breadcrumb\":{\"@id\":\"https:\\\/\\\/niipit.dk\\\/ansigtsmaling\\\/video\\\/#breadcrumb\"},\"inLanguage\":\"da-DK\",\"potentialAction\":[{\"@type\":\"ReadAction\",\"target\":[\"https:\\\/\\\/niipit.dk\\\/ansigtsmaling\\\/video\\\/\"]}]},{\"@type\":\"BreadcrumbList\",\"@id\":\"https:\\\/\\\/niipit.dk\\\/ansigtsmaling\\\/video\\\/#breadcrumb\",\"itemListElement\":[{\"@type\":\"ListItem\",\"position\":1,\"name\":\"Hjem\",\"item\":\"https:\\\/\\\/niipit.dk\\\/ansigtsmaling\\\/\"},{\"@type\":\"ListItem\",\"position\":2,\"name\":\"Video\"}]},{\"@type\":\"WebSite\",\"@id\":\"https:\\\/\\\/niipit.dk\\\/ansigtsmaling\\\/#website\",\"url\":\"https:\\\/\\\/niipit.dk\\\/ansigtsmaling\\\/\",\"name\":\"Ansigtsmaling\",\"description\":\"S\u00e6tter smil p\u00e5 ansigter. www.colorfulfaces.dk\",\"potentialAction\":[{\"@type\":\"SearchAction\",\"target\":{\"@type\":\"EntryPoint\",\"urlTemplate\":\"https:\\\/\\\/niipit.dk\\\/ansigtsmaling\\\/?s={search_term_string}\"},\"query-input\":{\"@type\":\"PropertyValueSpecification\",\"valueRequired\":true,\"valueName\":\"search_term_string\"}}],\"inLanguage\":\"da-DK\"}]}<\/script>\n<!-- \/ Yoast SEO plugin. -->","yoast_head_json":{"title":"Video - Se film fra Ansigtsmaling p\u00e5 vores Niipit Virksomhedsprofil","description":"Video omr\u00e5det fra Ansigtsmaling viser dig nogle af vores bedste varer - se med her og blive klogere p\u00e5 hvem Ansigtsmaling er og hvordan vi kan hj\u00e6lpe dig","robots":{"index":"index","follow":"follow","max-snippet":"max-snippet:-1","max-image-preview":"max-image-preview:large","max-video-preview":"max-video-preview:-1"},"canonical":"https:\/\/niipit.dk\/ansigtsmaling\/video\/","og_locale":"da_DK","og_type":"article","og_title":"Video - Se film fra Ansigtsmaling p\u00e5 vores Niipit Virksomhedsprofil","og_description":"Video omr\u00e5det fra Ansigtsmaling viser dig nogle af vores bedste varer - se med her og blive klogere p\u00e5 hvem Ansigtsmaling er og hvordan vi kan hj\u00e6lpe dig","og_url":"https:\/\/niipit.dk\/ansigtsmaling\/video\/","og_site_name":"Ansigtsmaling","article_modified_time":"2023-01-30T11:51:39+00:00","og_image":[{"width":1200,"height":619,"url":"https:\/\/niipit.dk\/ansigtsmaling\/wp-content\/uploads\/sites\/215\/2019\/05\/IMG_0382.jpg","type":"image\/jpeg"}],"twitter_card":"summary_large_image","twitter_misc":{"Estimeret l\u00e6setid":"1 minut"},"schema":{"@context":"https:\/\/schema.org","@graph":[{"@type":"WebPage","@id":"https:\/\/niipit.dk\/ansigtsmaling\/video\/","url":"https:\/\/niipit.dk\/ansigtsmaling\/video\/","name":"Video - Se film fra Ansigtsmaling p\u00e5 vores Niipit Virksomhedsprofil","isPartOf":{"@id":"https:\/\/niipit.dk\/ansigtsmaling\/#website"},"datePublished":"2019-02-19T12:33:16+00:00","dateModified":"2023-01-30T11:51:39+00:00","description":"Video omr\u00e5det fra Ansigtsmaling viser dig nogle af vores bedste varer - se med her og blive klogere p\u00e5 hvem Ansigtsmaling er og hvordan vi kan hj\u00e6lpe dig","breadcrumb":{"@id":"https:\/\/niipit.dk\/ansigtsmaling\/video\/#breadcrumb"},"inLanguage":"da-DK","potentialAction":[{"@type":"ReadAction","target":["https:\/\/niipit.dk\/ansigtsmaling\/video\/"]}]},{"@type":"BreadcrumbList","@id":"https:\/\/niipit.dk\/ansigtsmaling\/video\/#breadcrumb","itemListElement":[{"@type":"ListItem","position":1,"name":"Hjem","item":"https:\/\/niipit.dk\/ansigtsmaling\/"},{"@type":"ListItem","position":2,"name":"Video"}]},{"@type":"WebSite","@id":"https:\/\/niipit.dk\/ansigtsmaling\/#website","url":"https:\/\/niipit.dk\/ansigtsmaling\/","name":"Ansigtsmaling","description":"S\u00e6tter smil p\u00e5 ansigter. www.colorfulfaces.dk","potentialAction":[{"@type":"SearchAction","target":{"@type":"EntryPoint","urlTemplate":"https:\/\/niipit.dk\/ansigtsmaling\/?s={search_term_string}"},"query-input":{"@type":"PropertyValueSpecification","valueRequired":true,"valueName":"search_term_string"}}],"inLanguage":"da-DK"}]}},"_links":{"self":[{"href":"https:\/\/niipit.dk\/ansigtsmaling\/wp-json\/wp\/v2\/pages\/5499","targetHints":{"allow":["GET"]}}],"collection":[{"href":"https:\/\/niipit.dk\/ansigtsmaling\/wp-json\/wp\/v2\/pages"}],"about":[{"href":"https:\/\/niipit.dk\/ansigtsmaling\/wp-json\/wp\/v2\/types\/page"}],"author":[{"embeddable":true,"href":"https:\/\/niipit.dk\/ansigtsmaling\/wp-json\/wp\/v2\/users\/988"}],"replies":[{"embeddable":true,"href":"https:\/\/niipit.dk\/ansigtsmaling\/wp-json\/wp\/v2\/comments?post=5499"}],"version-history":[{"count":5,"href":"https:\/\/niipit.dk\/ansigtsmaling\/wp-json\/wp\/v2\/pages\/5499\/revisions"}],"predecessor-version":[{"id":10913,"href":"https:\/\/niipit.dk\/ansigtsmaling\/wp-json\/wp\/v2\/pages\/5499\/revisions\/10913"}],"wp:attachment":[{"href":"https:\/\/niipit.dk\/ansigtsmaling\/wp-json\/wp\/v2\/media?parent=5499"}],"curies":[{"name":"wp","href":"https:\/\/api.w.org\/{rel}","templated":true}]}}