{"id":5133,"date":"2018-08-15T22:08:09","date_gmt":"2018-08-15T20:08:09","guid":{"rendered":"https:\/\/niipit.dk\/nv2-QogM\/?page_id=5133"},"modified":"2022-03-30T10:28:38","modified_gmt":"2022-03-30T08:28:38","slug":"kontakt","status":"publish","type":"page","link":"https:\/\/niipit.dk\/ansigtsmaling\/kontakt\/","title":{"rendered":"Kontakt"},"content":{"rendered":"<div class=\"row justify-content-md-center\">\n<div class=\"col-xs-12 col-sm-12 col-md-6 col-lg-4\">\n<p><strong>Colorfulfaces.dk &#8211; CVR nr. 38235435<\/strong><\/p>\n<p>Tina Henriksen<br \/>3450 Aller\u00f8d<br \/>Danmark, k\u00f8rer hele Sj\u00e6lland<br \/>E: tina@colorfulfaces.dk<br \/>P: <a href=\"tel:004522996808\"><span style=\"color: #292e32\">+45 2299 6808<\/span><\/a> ( sms gerne )<\/p>\n<p><strong>Henvendelse\u00a0<\/strong><br \/>Hverdage ml.: 08:00 &#8211; 20:00<\/p>\n<p><strong>Venligst<\/strong> ret foresp\u00f8rgsel s\u00e5 du er sikker p\u00e5 om din booking dato er ledig, en booking er f\u00f8rst endegyldig n\u00e5r du har modtaget en bekr\u00e6ftelsesmail fra Tina med datoen.<\/p>\n<\/div>\n<\/div>\n\n\n<div class=\"wpcf7 no-js\" id=\"wpcf7-f8392-o1\" lang=\"da-DK\" dir=\"ltr\" data-wpcf7-id=\"8392\">\n<div class=\"screen-reader-response\"><p role=\"status\" aria-live=\"polite\" aria-atomic=\"true\"><\/p> <ul><\/ul><\/div>\n<form action=\"\/ansigtsmaling\/wp-json\/wp\/v2\/pages\/5133#wpcf7-f8392-o1\" method=\"post\" class=\"wpcf7-form init\" aria-label=\"Kontaktformular\" novalidate=\"novalidate\" data-status=\"init\">\n<fieldset class=\"hidden-fields-container\"><input type=\"hidden\" name=\"_wpcf7\" value=\"8392\" \/><input type=\"hidden\" name=\"_wpcf7_version\" value=\"6.1.5\" \/><input type=\"hidden\" name=\"_wpcf7_locale\" value=\"da_DK\" \/><input type=\"hidden\" name=\"_wpcf7_unit_tag\" value=\"wpcf7-f8392-o1\" \/><input type=\"hidden\" name=\"_wpcf7_container_post\" value=\"0\" \/><input type=\"hidden\" name=\"_wpcf7_posted_data_hash\" value=\"\" \/>\n<\/fieldset>\n<div class=\"wpcf7-turnstile cf-turnstile\" data-sitekey=\"0x4AAAAAABqmpAAa4YG56tSw\" data-response-field-name=\"_wpcf7_turnstile_response\"><\/div>\n\n<p><label> Dit navn (skal udfyldes)<br \/>\n<span class=\"wpcf7-form-control-wrap\" data-name=\"your-name\"><input size=\"40\" maxlength=\"400\" class=\"wpcf7-form-control wpcf7-text wpcf7-validates-as-required\" aria-required=\"true\" aria-invalid=\"false\" value=\"\" type=\"text\" name=\"your-name\" \/><\/span> <\/label>\n<\/p>\n<p><label> Din e-mail (skal udfyldes)<br \/>\n<span class=\"wpcf7-form-control-wrap\" data-name=\"your-email\"><input size=\"40\" maxlength=\"400\" class=\"wpcf7-form-control wpcf7-email wpcf7-validates-as-required wpcf7-text wpcf7-validates-as-email\" aria-required=\"true\" aria-invalid=\"false\" value=\"\" type=\"email\" name=\"your-email\" \/><\/span> <\/label>\n<\/p>\n<p><label> Dato<br \/>\n<span class=\"wpcf7-form-control-wrap\" data-name=\"Dato\"><input size=\"40\" maxlength=\"400\" class=\"wpcf7-form-control wpcf7-text\" aria-invalid=\"false\" value=\"\" type=\"text\" name=\"Dato\" \/><\/span> <\/label>\n<\/p>\n<p><label> Hvilken anledning<br \/>\n<span class=\"wpcf7-form-control-wrap\" data-name=\"Anledning\"><select class=\"wpcf7-form-control wpcf7-select\" aria-invalid=\"false\" name=\"Anledning\"><option value=\"B\u00f8rnef\u00f8dselsdag\">B\u00f8rnef\u00f8dselsdag<\/option><option value=\"Fastelavn\">Fastelavn<\/option><option value=\"Halloween\">Halloween<\/option><option value=\"Barned\u00e5b\">Barned\u00e5b<\/option><option value=\"Erhvervsarrangement\">Erhvervsarrangement<\/option><option value=\"Gravide maver\">Gravide maver<\/option><option value=\"Jul\">Jul<\/option><\/select><\/span> <\/label>\n<\/p>\n<p><label> Hvor mange b\u00f8rn skal males<br \/>\n<span class=\"wpcf7-form-control-wrap\" data-name=\"Antal-born\"><input class=\"wpcf7-form-control wpcf7-number wpcf7-validates-as-required wpcf7-validates-as-number\" aria-required=\"true\" aria-invalid=\"false\" value=\"\" type=\"number\" name=\"Antal-born\" \/><\/span> <\/label>\n<\/p>\n<p><label> Hvilken adresse skal jeg komme til<br \/>\n<span class=\"wpcf7-form-control-wrap\" data-name=\"Adresse\"><input size=\"40\" maxlength=\"400\" class=\"wpcf7-form-control wpcf7-text wpcf7-validates-as-required\" aria-required=\"true\" aria-invalid=\"false\" value=\"\" type=\"text\" name=\"Adresse\" \/><\/span> <\/label>\n<\/p>\n<p><label> Hvilken postnr<br \/>\n<span class=\"wpcf7-form-control-wrap\" data-name=\"Postnummer\"><input class=\"wpcf7-form-control wpcf7-number wpcf7-validates-as-required wpcf7-validates-as-number\" aria-required=\"true\" aria-invalid=\"false\" value=\"\" type=\"number\" name=\"Postnummer\" \/><\/span><\/label>\n<\/p>\n<p><label> Din besked<br \/>\n<span class=\"wpcf7-form-control-wrap\" data-name=\"your-message\"><textarea cols=\"40\" rows=\"10\" maxlength=\"2000\" class=\"wpcf7-form-control wpcf7-textarea\" aria-invalid=\"false\" name=\"your-message\"><\/textarea><\/span> <\/label><br \/>\n<span class=\"wpcf7-form-control-wrap\" data-name=\"acceptance-682\"><span class=\"wpcf7-form-control wpcf7-acceptance optional\"><span class=\"wpcf7-list-item\"><label><input type=\"checkbox\" name=\"acceptance-682\" value=\"1\" aria-invalid=\"false\" \/><span class=\"wpcf7-list-item-label\">Jeg bekr\u00e6fter at Tina m\u00e5 kontakte mig via de informationer jeg har oplyst herover.<\/span><\/label><\/span><\/span><\/span><br \/>\n<span class=\"wpcf7-form-control-wrap\" data-name=\"quiz-228\"><label><span class=\"wpcf7-quiz-label\">Hvad er 4+12+3 ?<\/span> <input size=\"40\" class=\"wpcf7-form-control wpcf7-quiz\" autocomplete=\"off\" aria-required=\"true\" aria-invalid=\"false\" type=\"text\" name=\"quiz-228\" \/><\/label><input type=\"hidden\" name=\"_wpcf7_quiz_answer_quiz-228\" value=\"7c3617fbd3fddeffd99f3c8ebb6d446a\" \/><\/span><br \/>\n<input class=\"wpcf7-form-control wpcf7-submit has-spinner\" type=\"submit\" value=\"Indsend\" \/>\n<\/p><div class=\"wpcf7-response-output\" aria-hidden=\"true\"><\/div>\n<\/form>\n<\/div>\n\n\n\n\n<div class=\"wp-block-columns is-layout-flex wp-container-core-columns-is-layout-9d6595d7 wp-block-columns-is-layout-flex\">\n<div class=\"wp-block-column is-layout-flow wp-block-column-is-layout-flow\"><\/div>\n\n\n\n<div class=\"wp-block-column is-layout-flow wp-block-column-is-layout-flow\"><\/div>\n<\/div>\n","protected":false},"excerpt":{"rendered":"<p>Colorfulfaces.dk &#8211; CVR nr. 38235435 Tina Henriksen3450 Aller\u00f8dDanmark, k\u00f8rer hele Sj\u00e6llandE: tina@colorfulfaces.dkP: +45 2299 6808 ( sms gerne ) Henvendelse\u00a0Hverdage ml.: 08:00 &#8211; 20:00 Venligst ret foresp\u00f8rgsel s\u00e5 du er sikker p\u00e5 om din booking dato er ledig, en booking er f\u00f8rst endegyldig n\u00e5r du har modtaget en bekr\u00e6ftelsesmail fra Tina med datoen.<\/p>\n","protected":false},"author":988,"featured_media":0,"parent":0,"menu_order":0,"comment_status":"closed","ping_status":"closed","template":"","meta":{"_exactmetrics_skip_tracking":false,"_exactmetrics_sitenote_active":false,"_exactmetrics_sitenote_note":"","_exactmetrics_sitenote_category":0,"_monsterinsights_skip_tracking":false,"_monsterinsights_sitenote_active":false,"_monsterinsights_sitenote_note":"","_monsterinsights_sitenote_category":0,"footnotes":""},"class_list":["post-5133","page","type-page","status-publish","hentry"],"yoast_head":"<!-- This site is optimized with the Yoast SEO plugin v27.3 - https:\/\/yoast.com\/product\/yoast-seo-wordpress\/ -->\n<title>Kontakt ColorfulFaces.dk - Dit bedste valg af ansigtsmaler<\/title>\n<meta name=\"description\" content=\"Kontakt ColorfulFaces.dk - Ansigtsmaling er det nye sort til Barned\u00e5b - B\u00f8rnef\u00f8dselsdag - Halloween - Jul. Gl\u00e6d dine b\u00f8rn og Book mig allerede i dag.\" \/>\n<meta name=\"robots\" content=\"index, follow, max-snippet:-1, max-image-preview:large, max-video-preview:-1\" \/>\n<link rel=\"canonical\" href=\"https:\/\/niipit.dk\/ansigtsmaling\/kontakt\/\" \/>\n<meta property=\"og:locale\" content=\"da_DK\" \/>\n<meta property=\"og:type\" content=\"article\" \/>\n<meta property=\"og:title\" content=\"Kontakt ColorfulFaces.dk - Dit bedste valg af ansigtsmaler\" \/>\n<meta property=\"og:description\" content=\"Kontakt ColorfulFaces.dk - Ansigtsmaling er det nye sort til Barned\u00e5b - B\u00f8rnef\u00f8dselsdag - Halloween - Jul. Gl\u00e6d dine b\u00f8rn og Book mig allerede i dag.\" \/>\n<meta property=\"og:url\" content=\"https:\/\/niipit.dk\/ansigtsmaling\/kontakt\/\" \/>\n<meta property=\"og:site_name\" content=\"Ansigtsmaling\" \/>\n<meta property=\"article:modified_time\" content=\"2022-03-30T08:28:38+00:00\" \/>\n<meta name=\"twitter:card\" content=\"summary_large_image\" \/>\n<meta name=\"twitter:label1\" content=\"Estimeret l\u00e6setid\" \/>\n\t<meta name=\"twitter:data1\" content=\"1 minut\" \/>\n<script type=\"application\/ld+json\" class=\"yoast-schema-graph\">{\"@context\":\"https:\\\/\\\/schema.org\",\"@graph\":[{\"@type\":\"WebPage\",\"@id\":\"https:\\\/\\\/niipit.dk\\\/ansigtsmaling\\\/kontakt\\\/\",\"url\":\"https:\\\/\\\/niipit.dk\\\/ansigtsmaling\\\/kontakt\\\/\",\"name\":\"Kontakt ColorfulFaces.dk - Dit bedste valg af ansigtsmaler\",\"isPartOf\":{\"@id\":\"https:\\\/\\\/niipit.dk\\\/ansigtsmaling\\\/#website\"},\"datePublished\":\"2018-08-15T20:08:09+00:00\",\"dateModified\":\"2022-03-30T08:28:38+00:00\",\"description\":\"Kontakt ColorfulFaces.dk - Ansigtsmaling er det nye sort til Barned\u00e5b - B\u00f8rnef\u00f8dselsdag - Halloween - Jul. Gl\u00e6d dine b\u00f8rn og Book mig allerede i dag.\",\"breadcrumb\":{\"@id\":\"https:\\\/\\\/niipit.dk\\\/ansigtsmaling\\\/kontakt\\\/#breadcrumb\"},\"inLanguage\":\"da-DK\",\"potentialAction\":[{\"@type\":\"ReadAction\",\"target\":[\"https:\\\/\\\/niipit.dk\\\/ansigtsmaling\\\/kontakt\\\/\"]}]},{\"@type\":\"BreadcrumbList\",\"@id\":\"https:\\\/\\\/niipit.dk\\\/ansigtsmaling\\\/kontakt\\\/#breadcrumb\",\"itemListElement\":[{\"@type\":\"ListItem\",\"position\":1,\"name\":\"Hjem\",\"item\":\"https:\\\/\\\/niipit.dk\\\/ansigtsmaling\\\/\"},{\"@type\":\"ListItem\",\"position\":2,\"name\":\"Kontakt\"}]},{\"@type\":\"WebSite\",\"@id\":\"https:\\\/\\\/niipit.dk\\\/ansigtsmaling\\\/#website\",\"url\":\"https:\\\/\\\/niipit.dk\\\/ansigtsmaling\\\/\",\"name\":\"Ansigtsmaling\",\"description\":\"S\u00e6tter smil p\u00e5 ansigter. www.colorfulfaces.dk\",\"potentialAction\":[{\"@type\":\"SearchAction\",\"target\":{\"@type\":\"EntryPoint\",\"urlTemplate\":\"https:\\\/\\\/niipit.dk\\\/ansigtsmaling\\\/?s={search_term_string}\"},\"query-input\":{\"@type\":\"PropertyValueSpecification\",\"valueRequired\":true,\"valueName\":\"search_term_string\"}}],\"inLanguage\":\"da-DK\"}]}<\/script>\n<!-- \/ Yoast SEO plugin. -->","yoast_head_json":{"title":"Kontakt ColorfulFaces.dk - Dit bedste valg af ansigtsmaler","description":"Kontakt ColorfulFaces.dk - Ansigtsmaling er det nye sort til Barned\u00e5b - B\u00f8rnef\u00f8dselsdag - Halloween - Jul. Gl\u00e6d dine b\u00f8rn og Book mig allerede i dag.","robots":{"index":"index","follow":"follow","max-snippet":"max-snippet:-1","max-image-preview":"max-image-preview:large","max-video-preview":"max-video-preview:-1"},"canonical":"https:\/\/niipit.dk\/ansigtsmaling\/kontakt\/","og_locale":"da_DK","og_type":"article","og_title":"Kontakt ColorfulFaces.dk - Dit bedste valg af ansigtsmaler","og_description":"Kontakt ColorfulFaces.dk - Ansigtsmaling er det nye sort til Barned\u00e5b - B\u00f8rnef\u00f8dselsdag - Halloween - Jul. Gl\u00e6d dine b\u00f8rn og Book mig allerede i dag.","og_url":"https:\/\/niipit.dk\/ansigtsmaling\/kontakt\/","og_site_name":"Ansigtsmaling","article_modified_time":"2022-03-30T08:28:38+00:00","twitter_card":"summary_large_image","twitter_misc":{"Estimeret l\u00e6setid":"1 minut"},"schema":{"@context":"https:\/\/schema.org","@graph":[{"@type":"WebPage","@id":"https:\/\/niipit.dk\/ansigtsmaling\/kontakt\/","url":"https:\/\/niipit.dk\/ansigtsmaling\/kontakt\/","name":"Kontakt ColorfulFaces.dk - Dit bedste valg af ansigtsmaler","isPartOf":{"@id":"https:\/\/niipit.dk\/ansigtsmaling\/#website"},"datePublished":"2018-08-15T20:08:09+00:00","dateModified":"2022-03-30T08:28:38+00:00","description":"Kontakt ColorfulFaces.dk - Ansigtsmaling er det nye sort til Barned\u00e5b - B\u00f8rnef\u00f8dselsdag - Halloween - Jul. Gl\u00e6d dine b\u00f8rn og Book mig allerede i dag.","breadcrumb":{"@id":"https:\/\/niipit.dk\/ansigtsmaling\/kontakt\/#breadcrumb"},"inLanguage":"da-DK","potentialAction":[{"@type":"ReadAction","target":["https:\/\/niipit.dk\/ansigtsmaling\/kontakt\/"]}]},{"@type":"BreadcrumbList","@id":"https:\/\/niipit.dk\/ansigtsmaling\/kontakt\/#breadcrumb","itemListElement":[{"@type":"ListItem","position":1,"name":"Hjem","item":"https:\/\/niipit.dk\/ansigtsmaling\/"},{"@type":"ListItem","position":2,"name":"Kontakt"}]},{"@type":"WebSite","@id":"https:\/\/niipit.dk\/ansigtsmaling\/#website","url":"https:\/\/niipit.dk\/ansigtsmaling\/","name":"Ansigtsmaling","description":"S\u00e6tter smil p\u00e5 ansigter. www.colorfulfaces.dk","potentialAction":[{"@type":"SearchAction","target":{"@type":"EntryPoint","urlTemplate":"https:\/\/niipit.dk\/ansigtsmaling\/?s={search_term_string}"},"query-input":{"@type":"PropertyValueSpecification","valueRequired":true,"valueName":"search_term_string"}}],"inLanguage":"da-DK"}]}},"_links":{"self":[{"href":"https:\/\/niipit.dk\/ansigtsmaling\/wp-json\/wp\/v2\/pages\/5133","targetHints":{"allow":["GET"]}}],"collection":[{"href":"https:\/\/niipit.dk\/ansigtsmaling\/wp-json\/wp\/v2\/pages"}],"about":[{"href":"https:\/\/niipit.dk\/ansigtsmaling\/wp-json\/wp\/v2\/types\/page"}],"author":[{"embeddable":true,"href":"https:\/\/niipit.dk\/ansigtsmaling\/wp-json\/wp\/v2\/users\/988"}],"replies":[{"embeddable":true,"href":"https:\/\/niipit.dk\/ansigtsmaling\/wp-json\/wp\/v2\/comments?post=5133"}],"version-history":[{"count":5,"href":"https:\/\/niipit.dk\/ansigtsmaling\/wp-json\/wp\/v2\/pages\/5133\/revisions"}],"predecessor-version":[{"id":10751,"href":"https:\/\/niipit.dk\/ansigtsmaling\/wp-json\/wp\/v2\/pages\/5133\/revisions\/10751"}],"wp:attachment":[{"href":"https:\/\/niipit.dk\/ansigtsmaling\/wp-json\/wp\/v2\/media?parent=5133"}],"curies":[{"name":"wp","href":"https:\/\/api.w.org\/{rel}","templated":true}]}}