{"id":5105,"date":"2018-08-15T22:02:47","date_gmt":"2018-08-15T20:02:47","guid":{"rendered":"https:\/\/niipit.dk\/nv2-QogM\/?page_id=5105"},"modified":"2022-01-28T19:59:28","modified_gmt":"2022-01-28T18:59:28","slug":"om-mig","status":"publish","type":"page","link":"https:\/\/niipit.dk\/ansigtsmaling\/om-mig\/","title":{"rendered":"Om mig"},"content":{"rendered":"\n<h2 class=\"wp-block-heading\" id=\"h-derfor-er-jeg-et-sikkert-valg-til-dit-arrangement\">Derfor er jeg et sikkert valg til dit arrangement<\/h2>\n\n\n\n<div class=\"wp-block-columns is-layout-flex wp-container-core-columns-is-layout-9d6595d7 wp-block-columns-is-layout-flex\">\n<div class=\"wp-block-column is-layout-flow wp-block-column-is-layout-flow\" style=\"flex-basis:66.66%\">\n<h2 class=\"wp-block-heading\" id=\"h-jeg-tina-henriksen-er-kvinden-bag-colorfulfaces-dk\">Jeg, Tina Henriksen, er kvinden bag colorfulfaces.dk<\/h2>\n\n\n\n<p>Om mig &#8211; Mor til to b\u00f8rn p\u00e5 henholdsvis 12&nbsp;og 17 \u00e5r. Da de var mindre, oplevede jeg selv lidt for ofte, at de kom hjem med ansigtet fyldt med ansigtsmaling af en d\u00e5rlig kvalitet. Og jeg kunne ikke udholde det.<\/p>\n\n\n\n<p>Derfor begyndte jeg selv at unders\u00f8ge markedet, for selvf\u00f8lgelig skulle mine b\u00f8rn have al den sjov, de havde lyst til med ansigtsmaling. Jeg ville bare v\u00e6re sikker p\u00e5, at kvaliteten var i orden, s\u00e5 ansigtsmalingen:&nbsp;<\/p>\n\n\n\n<ul class=\"wp-block-list\"><li>sad p\u00e6nt resten af dagen<\/li><li>let kunne vaskes af<\/li><li>ikke gav eksem eller parfumeallergi<\/li><\/ul>\n\n\n\n<p>Og det blev starten til Colorfulfaces.dk, der i dag er mit fuldtidsarbejde. Mine kunder v\u00e6lger mig netop til, fordi de vil v\u00e6re sikre p\u00e5, at deres b\u00f8rn kun er i kontakt med kvalitetsprodukter.<\/p>\n\n\n\n<h3 class=\"wp-block-heading\" id=\"h-om-mig-min-uddannelse\">Om mig &#8211; min uddannelse<\/h3>\n\n\n\n<h4 class=\"wp-block-heading\" id=\"h-netop-fordi-min-interesse-for-faget\">Netop fordi min interesse for faget<\/h4>\n\n\n\n<p>Begyndte, fordi&nbsp;kvalitet er s\u00e5 vigtigt for mig, har jeg stadig stor fokus p\u00e5 kvalitet og sikkerhed&nbsp;<a rel=\"noreferrer noopener\" aria-label=\" (\u00e5bner i en ny fane)\" href=\"https:\/\/niipit.dk\/ansigtsmaling\/naar-du-booker-mig\/\" target=\"_blank\">F\u00f8r booking<\/a><\/p>\n\n\n\n<p>Derfor er jeg uddannet hos verdens mest anerkendte ansigtsmaler Olga&nbsp;Murasev, der driver International Face Painting School by Olga Murasev\u00b4s &#8211; Face paint like a pro. For at best\u00e5 det h\u00f8jeste niveau p\u00e5 uddannelsen har jeg f\u00e5et&nbsp;godkendt 45 skoledesigns samt tre af mine egne designs. Samtidig har&nbsp;jeg skullet&nbsp;redeg\u00f8re for teorien bag samt mit valg af blandt andet pensler og makeup. Selve uddannelsen tog&nbsp;et \u00e5r at gennemf\u00f8re samt best\u00e5et med Honor.<\/p>\n\n\n\n<p>Det g\u00f8r, at jeg er blandt de&nbsp;dygtigste ansigtsmalere i Danmark, og det forpligter selvf\u00f8lgelig.<\/p>\n\n\n\n<p>L\u00f8bende samler jeg ogs\u00e5&nbsp;ny viden i forskellige grupper med andre ansigtsmalere over hele verden. Her udveksler vi inspiration til nye designs, jeg kan male p\u00e5 b\u00e5de voksne og b\u00f8rn.<\/p>\n<\/div>\n\n\n\n<div class=\"wp-block-column is-layout-flow wp-block-column-is-layout-flow\" style=\"flex-basis:33.33%\">\n<div class=\"wp-block-button aligncenter\"><a class=\"wp-block-button__link has-very-dark-gray-color has-text-color has-background\" href=\"https:\/\/niipit.dk\/ansigtsmaling\/om-mig\/\" style=\"background-color:#d4acb7\">Om mig<\/a><\/div>\n\n\n\n<p> <\/p>\n\n\n\n<div class=\"wp-block-button aligncenter\"><a class=\"wp-block-button__link has-very-dark-gray-color has-text-color has-background\" href=\"https:\/\/niipit.dk\/ansigtsmaling\/din-garanti-og-sikkerhed\/\" style=\"background-color:#d4acb7\">Din garanti og sikkerhed<\/a><\/div>\n\n\n\n<p> <\/p>\n\n\n\n<div class=\"wp-block-button aligncenter\"><a class=\"wp-block-button__link has-very-dark-gray-color has-text-color has-background\" href=\"https:\/\/niipit.dk\/ansigtsmaling\/category\/alle\/\" style=\"background-color:#d4acb7\">Min blog<\/a><\/div>\n\n\n\n<p> <\/p>\n\n\n\n<div class=\"wp-block-button aligncenter\"><a class=\"wp-block-button__link has-very-dark-gray-color has-text-color has-background\" href=\"https:\/\/www.facebook.com\/groups\/658820268128845\" style=\"background-color:#d4acb7\" target=\"_blank\" rel=\"noreferrer noopener\">Kom med i fb gruppe &#8211; &#8220;Ansigtsmaling &#8211; Leg med farver&#8221;<\/a><\/div>\n\n\n\n<p><\/p>\n\n\n\n<div class=\"wp-block-image\"><figure class=\"aligncenter size-full\"><img loading=\"lazy\" decoding=\"async\" width=\"800\" height=\"800\" src=\"https:\/\/niipit.dk\/ansigtsmaling\/wp-content\/uploads\/sites\/215\/2022\/01\/Tina-colorfulfaces-din-professionelle-ansigtsmaler.jpg\" alt=\"Tina-colorfulfaces-din-profesionelle-ansigtsmaler\" class=\"wp-image-10218\" srcset=\"https:\/\/niipit.dk\/ansigtsmaling\/wp-content\/uploads\/sites\/215\/2022\/01\/Tina-colorfulfaces-din-professionelle-ansigtsmaler.jpg 800w, https:\/\/niipit.dk\/ansigtsmaling\/wp-content\/uploads\/sites\/215\/2022\/01\/Tina-colorfulfaces-din-professionelle-ansigtsmaler-300x300.jpg 300w, https:\/\/niipit.dk\/ansigtsmaling\/wp-content\/uploads\/sites\/215\/2022\/01\/Tina-colorfulfaces-din-professionelle-ansigtsmaler-150x150.jpg 150w, https:\/\/niipit.dk\/ansigtsmaling\/wp-content\/uploads\/sites\/215\/2022\/01\/Tina-colorfulfaces-din-professionelle-ansigtsmaler-768x768.jpg 768w, https:\/\/niipit.dk\/ansigtsmaling\/wp-content\/uploads\/sites\/215\/2022\/01\/Tina-colorfulfaces-din-professionelle-ansigtsmaler-600x600.jpg 600w, https:\/\/niipit.dk\/ansigtsmaling\/wp-content\/uploads\/sites\/215\/2022\/01\/Tina-colorfulfaces-din-professionelle-ansigtsmaler-100x100.jpg 100w\" sizes=\"auto, (max-width: 800px) 100vw, 800px\" \/><\/figure><\/div>\n\n\n\n<p><strong>\u00d8vrige kurser best\u00e5et:&nbsp;<\/strong>&nbsp;Anders Lerche, special Make-up og effects kursus,&nbsp;Feb.2017.<\/p>\n\n\n\n<p><strong>EFABE<\/strong>&nbsp;&#8211; European Face and Body Art Event,&nbsp;Mar. 2018.<\/p>\n\n\n\n<p class=\"has-text-align-left\">EFABE &#8211; European Face And Body Art Event, Mar. 2020. Aflyst\/Covid-19.<\/p>\n<\/div>\n<\/div>\n\n\n\n<div class=\"wp-block-columns is-layout-flex wp-container-core-columns-is-layout-9d6595d7 wp-block-columns-is-layout-flex\">\n<div class=\"wp-block-column is-layout-flow wp-block-column-is-layout-flow\">\n<figure class=\"wp-block-image size-large\"><img loading=\"lazy\" decoding=\"async\" width=\"1024\" height=\"1024\" src=\"https:\/\/niipit.dk\/ansigtsmaling\/wp-content\/uploads\/sites\/215\/2022\/01\/colorful-faces-om-mig-2-1024x1024.jpg\" alt=\"colorful-faces-om-mig-2\" class=\"wp-image-10537\" srcset=\"https:\/\/niipit.dk\/ansigtsmaling\/wp-content\/uploads\/sites\/215\/2022\/01\/colorful-faces-om-mig-2-1024x1024.jpg 1024w, https:\/\/niipit.dk\/ansigtsmaling\/wp-content\/uploads\/sites\/215\/2022\/01\/colorful-faces-om-mig-2-300x300.jpg 300w, https:\/\/niipit.dk\/ansigtsmaling\/wp-content\/uploads\/sites\/215\/2022\/01\/colorful-faces-om-mig-2-150x150.jpg 150w, https:\/\/niipit.dk\/ansigtsmaling\/wp-content\/uploads\/sites\/215\/2022\/01\/colorful-faces-om-mig-2-768x768.jpg 768w, https:\/\/niipit.dk\/ansigtsmaling\/wp-content\/uploads\/sites\/215\/2022\/01\/colorful-faces-om-mig-2-600x600.jpg 600w, https:\/\/niipit.dk\/ansigtsmaling\/wp-content\/uploads\/sites\/215\/2022\/01\/colorful-faces-om-mig-2-100x100.jpg 100w, https:\/\/niipit.dk\/ansigtsmaling\/wp-content\/uploads\/sites\/215\/2022\/01\/colorful-faces-om-mig-2.jpg 1080w\" sizes=\"auto, (max-width: 1024px) 100vw, 1024px\" \/><\/figure>\n<\/div>\n\n\n\n<div class=\"wp-block-column is-layout-flow wp-block-column-is-layout-flow\">\n<figure class=\"wp-block-image size-large\"><img loading=\"lazy\" decoding=\"async\" width=\"1024\" height=\"1024\" src=\"https:\/\/niipit.dk\/ansigtsmaling\/wp-content\/uploads\/sites\/215\/2022\/01\/colorful-faces-om-mig-1-1024x1024.jpg\" alt=\"colorful-faces-om-mig-1\" class=\"wp-image-10538\" srcset=\"https:\/\/niipit.dk\/ansigtsmaling\/wp-content\/uploads\/sites\/215\/2022\/01\/colorful-faces-om-mig-1-1024x1024.jpg 1024w, https:\/\/niipit.dk\/ansigtsmaling\/wp-content\/uploads\/sites\/215\/2022\/01\/colorful-faces-om-mig-1-300x300.jpg 300w, https:\/\/niipit.dk\/ansigtsmaling\/wp-content\/uploads\/sites\/215\/2022\/01\/colorful-faces-om-mig-1-150x150.jpg 150w, https:\/\/niipit.dk\/ansigtsmaling\/wp-content\/uploads\/sites\/215\/2022\/01\/colorful-faces-om-mig-1-768x768.jpg 768w, https:\/\/niipit.dk\/ansigtsmaling\/wp-content\/uploads\/sites\/215\/2022\/01\/colorful-faces-om-mig-1-600x600.jpg 600w, https:\/\/niipit.dk\/ansigtsmaling\/wp-content\/uploads\/sites\/215\/2022\/01\/colorful-faces-om-mig-1-100x100.jpg 100w, https:\/\/niipit.dk\/ansigtsmaling\/wp-content\/uploads\/sites\/215\/2022\/01\/colorful-faces-om-mig-1.jpg 1080w\" sizes=\"auto, (max-width: 1024px) 100vw, 1024px\" \/><\/figure>\n<\/div>\n\n\n\n<div class=\"wp-block-column is-layout-flow wp-block-column-is-layout-flow\">\n<figure class=\"wp-block-image size-large\"><img loading=\"lazy\" decoding=\"async\" width=\"1024\" height=\"1024\" src=\"https:\/\/niipit.dk\/ansigtsmaling\/wp-content\/uploads\/sites\/215\/2022\/01\/colorful-faces-om-mig-3-1024x1024.jpg\" alt=\"colorful-faces-om-mig-3\" class=\"wp-image-10539\" srcset=\"https:\/\/niipit.dk\/ansigtsmaling\/wp-content\/uploads\/sites\/215\/2022\/01\/colorful-faces-om-mig-3-1024x1024.jpg 1024w, https:\/\/niipit.dk\/ansigtsmaling\/wp-content\/uploads\/sites\/215\/2022\/01\/colorful-faces-om-mig-3-300x300.jpg 300w, https:\/\/niipit.dk\/ansigtsmaling\/wp-content\/uploads\/sites\/215\/2022\/01\/colorful-faces-om-mig-3-150x150.jpg 150w, https:\/\/niipit.dk\/ansigtsmaling\/wp-content\/uploads\/sites\/215\/2022\/01\/colorful-faces-om-mig-3-768x768.jpg 768w, https:\/\/niipit.dk\/ansigtsmaling\/wp-content\/uploads\/sites\/215\/2022\/01\/colorful-faces-om-mig-3-600x600.jpg 600w, https:\/\/niipit.dk\/ansigtsmaling\/wp-content\/uploads\/sites\/215\/2022\/01\/colorful-faces-om-mig-3-100x100.jpg 100w, https:\/\/niipit.dk\/ansigtsmaling\/wp-content\/uploads\/sites\/215\/2022\/01\/colorful-faces-om-mig-3.jpg 1080w\" sizes=\"auto, (max-width: 1024px) 100vw, 1024px\" \/><\/figure>\n<\/div>\n<\/div>\n\n\n\n<div class=\"wp-block-button aligncenter is-style-outline is-style-outline--1\"><a class=\"wp-block-button__link has-very-dark-gray-color has-text-color has-background\" style=\"background-color:#ddf5c7\"><strong>Send henvendelse &#8211; benyt skema herunder<\/strong><\/a><\/div>\n\n\n\n<div class=\"wp-block-columns is-layout-flex wp-container-core-columns-is-layout-9d6595d7 wp-block-columns-is-layout-flex\">\n<div class=\"wp-block-column is-layout-flow wp-block-column-is-layout-flow\"><\/div>\n\n\n\n<div class=\"wp-block-column is-layout-flow wp-block-column-is-layout-flow\"><\/div>\n<\/div>\n\n\n\n<div class=\"wpcf7 no-js\" id=\"wpcf7-f8392-o1\" lang=\"da-DK\" dir=\"ltr\" data-wpcf7-id=\"8392\">\n<div class=\"screen-reader-response\"><p role=\"status\" aria-live=\"polite\" aria-atomic=\"true\"><\/p> <ul><\/ul><\/div>\n<form action=\"\/ansigtsmaling\/wp-json\/wp\/v2\/pages\/5105#wpcf7-f8392-o1\" method=\"post\" class=\"wpcf7-form init\" aria-label=\"Kontaktformular\" novalidate=\"novalidate\" data-status=\"init\">\n<fieldset class=\"hidden-fields-container\"><input type=\"hidden\" name=\"_wpcf7\" value=\"8392\" \/><input type=\"hidden\" name=\"_wpcf7_version\" value=\"6.1.5\" \/><input type=\"hidden\" name=\"_wpcf7_locale\" value=\"da_DK\" \/><input type=\"hidden\" name=\"_wpcf7_unit_tag\" value=\"wpcf7-f8392-o1\" \/><input type=\"hidden\" name=\"_wpcf7_container_post\" value=\"0\" \/><input type=\"hidden\" name=\"_wpcf7_posted_data_hash\" value=\"\" \/>\n<\/fieldset>\n<div class=\"wpcf7-turnstile cf-turnstile\" data-sitekey=\"0x4AAAAAABqmpAAa4YG56tSw\" data-response-field-name=\"_wpcf7_turnstile_response\"><\/div>\n\n<p><label> Dit navn (skal udfyldes)<br \/>\n<span class=\"wpcf7-form-control-wrap\" data-name=\"your-name\"><input size=\"40\" maxlength=\"400\" class=\"wpcf7-form-control wpcf7-text wpcf7-validates-as-required\" aria-required=\"true\" aria-invalid=\"false\" value=\"\" type=\"text\" name=\"your-name\" \/><\/span> <\/label>\n<\/p>\n<p><label> Din e-mail (skal udfyldes)<br \/>\n<span class=\"wpcf7-form-control-wrap\" data-name=\"your-email\"><input size=\"40\" maxlength=\"400\" class=\"wpcf7-form-control wpcf7-email wpcf7-validates-as-required wpcf7-text wpcf7-validates-as-email\" aria-required=\"true\" aria-invalid=\"false\" value=\"\" type=\"email\" name=\"your-email\" \/><\/span> <\/label>\n<\/p>\n<p><label> Dato<br \/>\n<span class=\"wpcf7-form-control-wrap\" data-name=\"Dato\"><input size=\"40\" maxlength=\"400\" class=\"wpcf7-form-control wpcf7-text\" aria-invalid=\"false\" value=\"\" type=\"text\" name=\"Dato\" \/><\/span> <\/label>\n<\/p>\n<p><label> Hvilken anledning<br \/>\n<span class=\"wpcf7-form-control-wrap\" data-name=\"Anledning\"><select class=\"wpcf7-form-control wpcf7-select\" aria-invalid=\"false\" name=\"Anledning\"><option value=\"B\u00f8rnef\u00f8dselsdag\">B\u00f8rnef\u00f8dselsdag<\/option><option value=\"Fastelavn\">Fastelavn<\/option><option value=\"Halloween\">Halloween<\/option><option value=\"Barned\u00e5b\">Barned\u00e5b<\/option><option value=\"Erhvervsarrangement\">Erhvervsarrangement<\/option><option value=\"Gravide maver\">Gravide maver<\/option><option value=\"Jul\">Jul<\/option><\/select><\/span> <\/label>\n<\/p>\n<p><label> Hvor mange b\u00f8rn skal males<br \/>\n<span class=\"wpcf7-form-control-wrap\" data-name=\"Antal-born\"><input class=\"wpcf7-form-control wpcf7-number wpcf7-validates-as-required wpcf7-validates-as-number\" aria-required=\"true\" aria-invalid=\"false\" value=\"\" type=\"number\" name=\"Antal-born\" \/><\/span> <\/label>\n<\/p>\n<p><label> Hvilken adresse skal jeg komme til<br \/>\n<span class=\"wpcf7-form-control-wrap\" data-name=\"Adresse\"><input size=\"40\" maxlength=\"400\" class=\"wpcf7-form-control wpcf7-text wpcf7-validates-as-required\" aria-required=\"true\" aria-invalid=\"false\" value=\"\" type=\"text\" name=\"Adresse\" \/><\/span> <\/label>\n<\/p>\n<p><label> Hvilken postnr<br \/>\n<span class=\"wpcf7-form-control-wrap\" data-name=\"Postnummer\"><input class=\"wpcf7-form-control wpcf7-number wpcf7-validates-as-required wpcf7-validates-as-number\" aria-required=\"true\" aria-invalid=\"false\" value=\"\" type=\"number\" name=\"Postnummer\" \/><\/span><\/label>\n<\/p>\n<p><label> Din besked<br \/>\n<span class=\"wpcf7-form-control-wrap\" data-name=\"your-message\"><textarea cols=\"40\" rows=\"10\" maxlength=\"2000\" class=\"wpcf7-form-control wpcf7-textarea\" aria-invalid=\"false\" name=\"your-message\"><\/textarea><\/span> <\/label><br \/>\n<span class=\"wpcf7-form-control-wrap\" data-name=\"acceptance-682\"><span class=\"wpcf7-form-control wpcf7-acceptance optional\"><span class=\"wpcf7-list-item\"><label><input type=\"checkbox\" name=\"acceptance-682\" value=\"1\" aria-invalid=\"false\" \/><span class=\"wpcf7-list-item-label\">Jeg bekr\u00e6fter at Tina m\u00e5 kontakte mig via de informationer jeg har oplyst herover.<\/span><\/label><\/span><\/span><\/span><br \/>\n<span class=\"wpcf7-form-control-wrap\" data-name=\"quiz-228\"><label><span class=\"wpcf7-quiz-label\">Hvad er 4+12+3 ?<\/span> <input size=\"40\" class=\"wpcf7-form-control wpcf7-quiz\" autocomplete=\"off\" aria-required=\"true\" aria-invalid=\"false\" type=\"text\" name=\"quiz-228\" \/><\/label><input type=\"hidden\" name=\"_wpcf7_quiz_answer_quiz-228\" value=\"7c3617fbd3fddeffd99f3c8ebb6d446a\" \/><\/span><br \/>\n<input class=\"wpcf7-form-control wpcf7-submit has-spinner\" type=\"submit\" value=\"Indsend\" \/>\n<\/p><div class=\"wpcf7-response-output\" aria-hidden=\"true\"><\/div>\n<\/form>\n<\/div>\n\n","protected":false},"excerpt":{"rendered":"<p>Derfor er jeg et sikkert valg til dit arrangement Jeg, Tina Henriksen, er kvinden bag colorfulfaces.dk Om mig &#8211; Mor til to b\u00f8rn p\u00e5 henholdsvis 12&nbsp;og 17 \u00e5r. Da de var mindre, oplevede jeg selv lidt for ofte, at de kom hjem med ansigtet fyldt med ansigtsmaling af en d\u00e5rlig kvalitet. Og jeg kunne ikke <a class=\"moretag btn btn-primary\" href=\"https:\/\/niipit.dk\/ansigtsmaling\/om-mig\/\">L\u00e6s mere<\/a><\/p>\n","protected":false},"author":988,"featured_media":0,"parent":0,"menu_order":0,"comment_status":"closed","ping_status":"closed","template":"","meta":{"_exactmetrics_skip_tracking":false,"_exactmetrics_sitenote_active":false,"_exactmetrics_sitenote_note":"","_exactmetrics_sitenote_category":0,"_monsterinsights_skip_tracking":false,"_monsterinsights_sitenote_active":false,"_monsterinsights_sitenote_note":"","_monsterinsights_sitenote_category":0,"footnotes":""},"class_list":["post-5105","page","type-page","status-publish","hentry"],"yoast_head":"<!-- This site is optimized with the Yoast SEO plugin v27.3 - https:\/\/yoast.com\/product\/yoast-seo-wordpress\/ -->\n<title>Om mig - Tina Henriksen - Ansigtsmaler - ColorfulFaces.dk<\/title>\n<meta name=\"description\" content=\"Om mig - giver dig et indblik i hvem er Tina Henriksen og ColorfulFaces.dk Din Professionelle ansigtsmaler i Nordsj\u00e6lland og K\u00f8benhavn\" \/>\n<meta name=\"robots\" content=\"index, follow, max-snippet:-1, max-image-preview:large, max-video-preview:-1\" \/>\n<link rel=\"canonical\" href=\"http:\/\/niipit.dk\/ansigtsmaling\/om-mig\/\" \/>\n<meta property=\"og:locale\" content=\"da_DK\" \/>\n<meta property=\"og:type\" content=\"article\" \/>\n<meta property=\"og:title\" content=\"Om mig - Tina Henriksen - Ansigtsmaler - ColorfulFaces.dk\" \/>\n<meta property=\"og:description\" content=\"Om mig - giver dig et indblik i hvem er Tina Henriksen og ColorfulFaces.dk Din Professionelle ansigtsmaler i Nordsj\u00e6lland og K\u00f8benhavn\" \/>\n<meta property=\"og:url\" content=\"http:\/\/niipit.dk\/ansigtsmaling\/om-mig\/\" \/>\n<meta property=\"og:site_name\" content=\"Ansigtsmaling\" \/>\n<meta property=\"article:modified_time\" content=\"2022-01-28T18:59:28+00:00\" \/>\n<meta name=\"twitter:card\" content=\"summary_large_image\" \/>\n<meta name=\"twitter:image\" content=\"https:\/\/niipit.dk\/ansigtsmaling\/wp-content\/uploads\/sites\/215\/2022\/01\/Tina-colorfulfaces-din-professionelle-ansigtsmaler.jpg\" \/>\n<meta name=\"twitter:label1\" content=\"Estimeret l\u00e6setid\" \/>\n\t<meta name=\"twitter:data1\" content=\"3 minutter\" \/>\n<script type=\"application\/ld+json\" class=\"yoast-schema-graph\">{\"@context\":\"https:\\\/\\\/schema.org\",\"@graph\":[{\"@type\":\"WebPage\",\"@id\":\"http:\\\/\\\/niipit.dk\\\/ansigtsmaling\\\/om-mig\\\/\",\"url\":\"http:\\\/\\\/niipit.dk\\\/ansigtsmaling\\\/om-mig\\\/\",\"name\":\"Om mig - Tina Henriksen - Ansigtsmaler - ColorfulFaces.dk\",\"isPartOf\":{\"@id\":\"https:\\\/\\\/niipit.dk\\\/ansigtsmaling\\\/#website\"},\"primaryImageOfPage\":{\"@id\":\"http:\\\/\\\/niipit.dk\\\/ansigtsmaling\\\/om-mig\\\/#primaryimage\"},\"image\":{\"@id\":\"http:\\\/\\\/niipit.dk\\\/ansigtsmaling\\\/om-mig\\\/#primaryimage\"},\"thumbnailUrl\":\"https:\\\/\\\/niipit.dk\\\/ansigtsmaling\\\/wp-content\\\/uploads\\\/sites\\\/215\\\/2022\\\/01\\\/Tina-colorfulfaces-din-professionelle-ansigtsmaler.jpg\",\"datePublished\":\"2018-08-15T20:02:47+00:00\",\"dateModified\":\"2022-01-28T18:59:28+00:00\",\"description\":\"Om mig - giver dig et indblik i hvem er Tina Henriksen og ColorfulFaces.dk Din Professionelle ansigtsmaler i Nordsj\u00e6lland og K\u00f8benhavn\",\"breadcrumb\":{\"@id\":\"http:\\\/\\\/niipit.dk\\\/ansigtsmaling\\\/om-mig\\\/#breadcrumb\"},\"inLanguage\":\"da-DK\",\"potentialAction\":[{\"@type\":\"ReadAction\",\"target\":[\"http:\\\/\\\/niipit.dk\\\/ansigtsmaling\\\/om-mig\\\/\"]}]},{\"@type\":\"ImageObject\",\"inLanguage\":\"da-DK\",\"@id\":\"http:\\\/\\\/niipit.dk\\\/ansigtsmaling\\\/om-mig\\\/#primaryimage\",\"url\":\"https:\\\/\\\/niipit.dk\\\/ansigtsmaling\\\/wp-content\\\/uploads\\\/sites\\\/215\\\/2022\\\/01\\\/Tina-colorfulfaces-din-professionelle-ansigtsmaler.jpg\",\"contentUrl\":\"https:\\\/\\\/niipit.dk\\\/ansigtsmaling\\\/wp-content\\\/uploads\\\/sites\\\/215\\\/2022\\\/01\\\/Tina-colorfulfaces-din-professionelle-ansigtsmaler.jpg\",\"width\":800,\"height\":800,\"caption\":\"Tina-colorfulfaces-din-profesionelle-ansigtsmaler\"},{\"@type\":\"BreadcrumbList\",\"@id\":\"http:\\\/\\\/niipit.dk\\\/ansigtsmaling\\\/om-mig\\\/#breadcrumb\",\"itemListElement\":[{\"@type\":\"ListItem\",\"position\":1,\"name\":\"Hjem\",\"item\":\"https:\\\/\\\/niipit.dk\\\/ansigtsmaling\\\/\"},{\"@type\":\"ListItem\",\"position\":2,\"name\":\"Om mig\"}]},{\"@type\":\"WebSite\",\"@id\":\"https:\\\/\\\/niipit.dk\\\/ansigtsmaling\\\/#website\",\"url\":\"https:\\\/\\\/niipit.dk\\\/ansigtsmaling\\\/\",\"name\":\"Ansigtsmaling\",\"description\":\"S\u00e6tter smil p\u00e5 ansigter. www.colorfulfaces.dk\",\"potentialAction\":[{\"@type\":\"SearchAction\",\"target\":{\"@type\":\"EntryPoint\",\"urlTemplate\":\"https:\\\/\\\/niipit.dk\\\/ansigtsmaling\\\/?s={search_term_string}\"},\"query-input\":{\"@type\":\"PropertyValueSpecification\",\"valueRequired\":true,\"valueName\":\"search_term_string\"}}],\"inLanguage\":\"da-DK\"}]}<\/script>\n<!-- \/ Yoast SEO plugin. -->","yoast_head_json":{"title":"Om mig - Tina Henriksen - Ansigtsmaler - ColorfulFaces.dk","description":"Om mig - giver dig et indblik i hvem er Tina Henriksen og ColorfulFaces.dk Din Professionelle ansigtsmaler i Nordsj\u00e6lland og K\u00f8benhavn","robots":{"index":"index","follow":"follow","max-snippet":"max-snippet:-1","max-image-preview":"max-image-preview:large","max-video-preview":"max-video-preview:-1"},"canonical":"http:\/\/niipit.dk\/ansigtsmaling\/om-mig\/","og_locale":"da_DK","og_type":"article","og_title":"Om mig - Tina Henriksen - Ansigtsmaler - ColorfulFaces.dk","og_description":"Om mig - giver dig et indblik i hvem er Tina Henriksen og ColorfulFaces.dk Din Professionelle ansigtsmaler i Nordsj\u00e6lland og K\u00f8benhavn","og_url":"http:\/\/niipit.dk\/ansigtsmaling\/om-mig\/","og_site_name":"Ansigtsmaling","article_modified_time":"2022-01-28T18:59:28+00:00","twitter_card":"summary_large_image","twitter_image":"https:\/\/niipit.dk\/ansigtsmaling\/wp-content\/uploads\/sites\/215\/2022\/01\/Tina-colorfulfaces-din-professionelle-ansigtsmaler.jpg","twitter_misc":{"Estimeret l\u00e6setid":"3 minutter"},"schema":{"@context":"https:\/\/schema.org","@graph":[{"@type":"WebPage","@id":"http:\/\/niipit.dk\/ansigtsmaling\/om-mig\/","url":"http:\/\/niipit.dk\/ansigtsmaling\/om-mig\/","name":"Om mig - Tina Henriksen - Ansigtsmaler - ColorfulFaces.dk","isPartOf":{"@id":"https:\/\/niipit.dk\/ansigtsmaling\/#website"},"primaryImageOfPage":{"@id":"http:\/\/niipit.dk\/ansigtsmaling\/om-mig\/#primaryimage"},"image":{"@id":"http:\/\/niipit.dk\/ansigtsmaling\/om-mig\/#primaryimage"},"thumbnailUrl":"https:\/\/niipit.dk\/ansigtsmaling\/wp-content\/uploads\/sites\/215\/2022\/01\/Tina-colorfulfaces-din-professionelle-ansigtsmaler.jpg","datePublished":"2018-08-15T20:02:47+00:00","dateModified":"2022-01-28T18:59:28+00:00","description":"Om mig - giver dig et indblik i hvem er Tina Henriksen og ColorfulFaces.dk Din Professionelle ansigtsmaler i Nordsj\u00e6lland og K\u00f8benhavn","breadcrumb":{"@id":"http:\/\/niipit.dk\/ansigtsmaling\/om-mig\/#breadcrumb"},"inLanguage":"da-DK","potentialAction":[{"@type":"ReadAction","target":["http:\/\/niipit.dk\/ansigtsmaling\/om-mig\/"]}]},{"@type":"ImageObject","inLanguage":"da-DK","@id":"http:\/\/niipit.dk\/ansigtsmaling\/om-mig\/#primaryimage","url":"https:\/\/niipit.dk\/ansigtsmaling\/wp-content\/uploads\/sites\/215\/2022\/01\/Tina-colorfulfaces-din-professionelle-ansigtsmaler.jpg","contentUrl":"https:\/\/niipit.dk\/ansigtsmaling\/wp-content\/uploads\/sites\/215\/2022\/01\/Tina-colorfulfaces-din-professionelle-ansigtsmaler.jpg","width":800,"height":800,"caption":"Tina-colorfulfaces-din-profesionelle-ansigtsmaler"},{"@type":"BreadcrumbList","@id":"http:\/\/niipit.dk\/ansigtsmaling\/om-mig\/#breadcrumb","itemListElement":[{"@type":"ListItem","position":1,"name":"Hjem","item":"https:\/\/niipit.dk\/ansigtsmaling\/"},{"@type":"ListItem","position":2,"name":"Om mig"}]},{"@type":"WebSite","@id":"https:\/\/niipit.dk\/ansigtsmaling\/#website","url":"https:\/\/niipit.dk\/ansigtsmaling\/","name":"Ansigtsmaling","description":"S\u00e6tter smil p\u00e5 ansigter. www.colorfulfaces.dk","potentialAction":[{"@type":"SearchAction","target":{"@type":"EntryPoint","urlTemplate":"https:\/\/niipit.dk\/ansigtsmaling\/?s={search_term_string}"},"query-input":{"@type":"PropertyValueSpecification","valueRequired":true,"valueName":"search_term_string"}}],"inLanguage":"da-DK"}]}},"_links":{"self":[{"href":"https:\/\/niipit.dk\/ansigtsmaling\/wp-json\/wp\/v2\/pages\/5105","targetHints":{"allow":["GET"]}}],"collection":[{"href":"https:\/\/niipit.dk\/ansigtsmaling\/wp-json\/wp\/v2\/pages"}],"about":[{"href":"https:\/\/niipit.dk\/ansigtsmaling\/wp-json\/wp\/v2\/types\/page"}],"author":[{"embeddable":true,"href":"https:\/\/niipit.dk\/ansigtsmaling\/wp-json\/wp\/v2\/users\/988"}],"replies":[{"embeddable":true,"href":"https:\/\/niipit.dk\/ansigtsmaling\/wp-json\/wp\/v2\/comments?post=5105"}],"version-history":[{"count":5,"href":"https:\/\/niipit.dk\/ansigtsmaling\/wp-json\/wp\/v2\/pages\/5105\/revisions"}],"predecessor-version":[{"id":10540,"href":"https:\/\/niipit.dk\/ansigtsmaling\/wp-json\/wp\/v2\/pages\/5105\/revisions\/10540"}],"wp:attachment":[{"href":"https:\/\/niipit.dk\/ansigtsmaling\/wp-json\/wp\/v2\/media?parent=5105"}],"curies":[{"name":"wp","href":"https:\/\/api.w.org\/{rel}","templated":true}]}}