{"id":5064,"date":"2018-08-10T22:29:34","date_gmt":"2018-08-10T20:29:34","guid":{"rendered":"https:\/\/niipit.dk\/mastergoldblog\/?page_id=5064"},"modified":"2022-05-03T15:19:18","modified_gmt":"2022-05-03T13:19:18","slug":"frontpage","status":"publish","type":"page","link":"https:\/\/niipit.dk\/ansigtsmaling\/","title":{"rendered":"forside"},"content":{"rendered":"\n<h2 class=\"has-text-align-center has-text-color wp-block-heading\" id=\"h-ansigtsmaling-colorfulfaces-dk-s-tter-smil-p-ansigter\" style=\"color:#0caf16\"><mark style=\"color:#4e575f\" class=\"has-inline-color\">Ansigtsmaling | Colorfulfaces.dk | S\u00e6tter smil p\u00e5 ansigter<\/mark><\/h2>\n\n\n\n<hr class=\"wp-block-separator\" \/>\n\n\n\n<p>Har du overvejet en Ansigtsmaler til dit barns barned\u00e5b eller b\u00f8rnef\u00f8dselsdag, m\u00e5ske endda til konfirmationen. <\/p>\n\n\n\n<p>N\u00e5r b\u00f8rn er underholdt og hygger sig s\u00e5 er de glade og tiden g\u00e5r hurtigt for dem, det giver mor og far tid til at slappe af og hygge sig. <\/p>\n\n\n\n<p>Hvis du bruger den rigtige ansigtsmaler s\u00e5 vil b\u00f8rnene flokkes omkring hende og se hvad de andre f\u00e5r malet. De snakker sammen om hvordan de skal se ud og de gl\u00e6der sig sammen. <\/p>\n\n\n\n<p>N\u00e5r de er ansigtsmalet s\u00e5 starter legen for alvor og deres udsmykkede ansigter er nu hovedrollen i deres leg. <\/p>\n\n\n\n<p>Malede b\u00f8rn er glade b\u00f8rn og det s\u00e6tter smil p\u00e5 b\u00f8rn og barnlige sj\u00e6le. Har du overvejet at hyre en professionel ansigtsmaler til din n\u00e6ste fest s\u00e5 kig her. <\/p>\n\n\n\n<p>Hvis du bor p\u00e5 sj\u00e6lland s\u00e5 kan du sagtens f\u00e5 bes\u00f8g af Colorfulfaces.dk til den n\u00e6ste store familiesammenkomst.<\/p>\n\n\n\n<hr class=\"wp-block-separator\" \/>\n\n\n\n<h2 class=\"has-text-align-center wp-block-heading\" id=\"h-bes-g-shoppen-og-se-alle-mine-ydelser\"><a href=\"https:\/\/niipit.dk\/ansigtsmaling\/shop\/\">Bes\u00f8g shoppen og se alle mine ydelser<\/a> <\/h2>\n\n\n\n<div class=\"wp-block-columns is-layout-flex wp-container-core-columns-is-layout-9d6595d7 wp-block-columns-is-layout-flex\">\n<div class=\"wp-block-column is-layout-flow wp-block-column-is-layout-flow\">\n<h2 class=\"has-very-dark-gray-color has-text-color wp-block-heading\" id=\"h-kom-med-i-facebook-gruppe\">Kom med i facebook gruppe<\/h2>\n\n\n\n<h4 class=\"wp-block-heading\" id=\"h-til-for-ldre-med-b-rn-som-elsker-ansigtsmaling\">Til for\u00e6ldre med b\u00f8rn som elsker ansigtsmaling<\/h4>\n\n\n\n<h4 class=\"wp-block-heading\" id=\"h-s-dan-bruger-du-indk-bte-farver-og-opn-r-sk-nne-resultater\">S\u00e5dan bruger du indk\u00f8bte farver og opn\u00e5r sk\u00f8nne resultater<\/h4>\n\n\n\n<h4 class=\"wp-block-heading\" id=\"h-s-dan-vaskes-makeuppen-af-sk-nsomt\">S\u00e5dan vaskes makeuppen af sk\u00e5nsomt<\/h4>\n\n\n\n<h4 class=\"wp-block-heading\" id=\"h-faq-de-mest-vigtige\">FAQ de mest vigtige<\/h4>\n\n\n\n<p><em>Kom med i facebook gruppe og f\u00e5 mere inspiration. <\/em><\/p>\n\n\n\n<div class=\"wp-block-button is-style-fill\"><a class=\"wp-block-button__link has-text-color has-background\" href=\"https:\/\/www.facebook.com\/groups\/658820268128845\" style=\"background-color:#d4acb7;color:#4e575f\" target=\"_blank\" rel=\"noreferrer noopener\">Ja tak, til gruppe<\/a><\/div>\n<\/div>\n\n\n\n<div class=\"wp-block-column is-layout-flow wp-block-column-is-layout-flow\">\n<h2 class=\"has-text-align-center has-very-dark-gray-color has-text-color wp-block-heading\" id=\"h-min-blog\">Min blog!<\/h2>\n\n\n\n<div class=\"wp-block-columns is-layout-flex wp-container-core-columns-is-layout-9d6595d7 wp-block-columns-is-layout-flex\">\n<div class=\"wp-block-column is-layout-flow wp-block-column-is-layout-flow\">\n<div class=\"wp-block-image\"><figure class=\"aligncenter size-thumbnail\"><img loading=\"lazy\" decoding=\"async\" width=\"150\" height=\"150\" src=\"https:\/\/niipit.dk\/ansigtsmaling\/wp-content\/uploads\/sites\/215\/2022\/01\/colorfu-face-forside-1-150x150.jpg\" alt=\"colorful-faces-forside-1\" class=\"wp-image-10392\" srcset=\"https:\/\/niipit.dk\/ansigtsmaling\/wp-content\/uploads\/sites\/215\/2022\/01\/colorfu-face-forside-1-150x150.jpg 150w, https:\/\/niipit.dk\/ansigtsmaling\/wp-content\/uploads\/sites\/215\/2022\/01\/colorfu-face-forside-1-300x300.jpg 300w, https:\/\/niipit.dk\/ansigtsmaling\/wp-content\/uploads\/sites\/215\/2022\/01\/colorfu-face-forside-1-1024x1024.jpg 1024w, https:\/\/niipit.dk\/ansigtsmaling\/wp-content\/uploads\/sites\/215\/2022\/01\/colorfu-face-forside-1-768x768.jpg 768w, https:\/\/niipit.dk\/ansigtsmaling\/wp-content\/uploads\/sites\/215\/2022\/01\/colorfu-face-forside-1-600x600.jpg 600w, https:\/\/niipit.dk\/ansigtsmaling\/wp-content\/uploads\/sites\/215\/2022\/01\/colorfu-face-forside-1-100x100.jpg 100w, https:\/\/niipit.dk\/ansigtsmaling\/wp-content\/uploads\/sites\/215\/2022\/01\/colorfu-face-forside-1.jpg 1080w\" sizes=\"auto, (max-width: 150px) 100vw, 150px\" \/><\/figure><\/div>\n\n\n\n<figure class=\"wp-block-image size-thumbnail\"><img loading=\"lazy\" decoding=\"async\" width=\"150\" height=\"150\" src=\"https:\/\/niipit.dk\/ansigtsmaling\/wp-content\/uploads\/sites\/215\/2022\/01\/colorful-faces-fastelavn-heks-150x150.jpg\" alt=\"colorful-faces-fasteavn-heks\" class=\"wp-image-10394\" srcset=\"https:\/\/niipit.dk\/ansigtsmaling\/wp-content\/uploads\/sites\/215\/2022\/01\/colorful-faces-fastelavn-heks-150x150.jpg 150w, https:\/\/niipit.dk\/ansigtsmaling\/wp-content\/uploads\/sites\/215\/2022\/01\/colorful-faces-fastelavn-heks-300x300.jpg 300w, https:\/\/niipit.dk\/ansigtsmaling\/wp-content\/uploads\/sites\/215\/2022\/01\/colorful-faces-fastelavn-heks-1024x1024.jpg 1024w, https:\/\/niipit.dk\/ansigtsmaling\/wp-content\/uploads\/sites\/215\/2022\/01\/colorful-faces-fastelavn-heks-768x768.jpg 768w, https:\/\/niipit.dk\/ansigtsmaling\/wp-content\/uploads\/sites\/215\/2022\/01\/colorful-faces-fastelavn-heks-600x600.jpg 600w, https:\/\/niipit.dk\/ansigtsmaling\/wp-content\/uploads\/sites\/215\/2022\/01\/colorful-faces-fastelavn-heks-100x100.jpg 100w, https:\/\/niipit.dk\/ansigtsmaling\/wp-content\/uploads\/sites\/215\/2022\/01\/colorful-faces-fastelavn-heks.jpg 1080w\" sizes=\"auto, (max-width: 150px) 100vw, 150px\" \/><\/figure>\n<\/div>\n\n\n\n<div class=\"wp-block-column is-vertically-aligned-center is-layout-flow wp-block-column-is-layout-flow\">\n<div class=\"wp-block-image\"><figure class=\"aligncenter size-thumbnail\"><img loading=\"lazy\" decoding=\"async\" width=\"150\" height=\"150\" src=\"https:\/\/niipit.dk\/ansigtsmaling\/wp-content\/uploads\/sites\/215\/2022\/01\/colorful-faces-ansigtsmaling-erhvervsarrangement-150x150.jpg\" alt=\"colorful-faces-ansigtsmaling-erhversarrangement\" class=\"wp-image-10390\" srcset=\"https:\/\/niipit.dk\/ansigtsmaling\/wp-content\/uploads\/sites\/215\/2022\/01\/colorful-faces-ansigtsmaling-erhvervsarrangement-150x150.jpg 150w, https:\/\/niipit.dk\/ansigtsmaling\/wp-content\/uploads\/sites\/215\/2022\/01\/colorful-faces-ansigtsmaling-erhvervsarrangement-300x300.jpg 300w, https:\/\/niipit.dk\/ansigtsmaling\/wp-content\/uploads\/sites\/215\/2022\/01\/colorful-faces-ansigtsmaling-erhvervsarrangement-1024x1024.jpg 1024w, https:\/\/niipit.dk\/ansigtsmaling\/wp-content\/uploads\/sites\/215\/2022\/01\/colorful-faces-ansigtsmaling-erhvervsarrangement-768x768.jpg 768w, https:\/\/niipit.dk\/ansigtsmaling\/wp-content\/uploads\/sites\/215\/2022\/01\/colorful-faces-ansigtsmaling-erhvervsarrangement-600x600.jpg 600w, https:\/\/niipit.dk\/ansigtsmaling\/wp-content\/uploads\/sites\/215\/2022\/01\/colorful-faces-ansigtsmaling-erhvervsarrangement-100x100.jpg 100w, https:\/\/niipit.dk\/ansigtsmaling\/wp-content\/uploads\/sites\/215\/2022\/01\/colorful-faces-ansigtsmaling-erhvervsarrangement.jpg 1080w\" sizes=\"auto, (max-width: 150px) 100vw, 150px\" \/><\/figure><\/div>\n\n\n\n<div class=\"wp-block-image\"><figure class=\"aligncenter size-thumbnail\"><img loading=\"lazy\" decoding=\"async\" width=\"150\" height=\"150\" src=\"https:\/\/niipit.dk\/ansigtsmaling\/wp-content\/uploads\/sites\/215\/2022\/01\/colorful-faces-kom-med-1-150x150.jpg\" alt=\"fb gruppe\" class=\"wp-image-10388\" srcset=\"https:\/\/niipit.dk\/ansigtsmaling\/wp-content\/uploads\/sites\/215\/2022\/01\/colorful-faces-kom-med-1-150x150.jpg 150w, https:\/\/niipit.dk\/ansigtsmaling\/wp-content\/uploads\/sites\/215\/2022\/01\/colorful-faces-kom-med-1-300x300.jpg 300w, https:\/\/niipit.dk\/ansigtsmaling\/wp-content\/uploads\/sites\/215\/2022\/01\/colorful-faces-kom-med-1-1024x1024.jpg 1024w, https:\/\/niipit.dk\/ansigtsmaling\/wp-content\/uploads\/sites\/215\/2022\/01\/colorful-faces-kom-med-1-768x768.jpg 768w, https:\/\/niipit.dk\/ansigtsmaling\/wp-content\/uploads\/sites\/215\/2022\/01\/colorful-faces-kom-med-1-600x600.jpg 600w, https:\/\/niipit.dk\/ansigtsmaling\/wp-content\/uploads\/sites\/215\/2022\/01\/colorful-faces-kom-med-1-100x100.jpg 100w, https:\/\/niipit.dk\/ansigtsmaling\/wp-content\/uploads\/sites\/215\/2022\/01\/colorful-faces-kom-med-1.jpg 1080w\" sizes=\"auto, (max-width: 150px) 100vw, 150px\" \/><\/figure><\/div>\n<\/div>\n<\/div>\n<\/div>\n\n\n\n<div class=\"wp-block-column is-layout-flow wp-block-column-is-layout-flow\">\n<h2 class=\"has-very-dark-gray-color has-text-color wp-block-heading\" id=\"h-kontakt-information\">Kontakt Information:<\/h2>\n\n\n\n<h3 class=\"wp-block-heading\" id=\"h-colorfulfaces-tina-henriksene-mail-tina-colorfulfaces-dk3450-aller-d-sj-lland-danmark\">Colorfulfaces Tina Henriksen<br>E-mail: <a href=\"mailto:tina@colorfulfaces.dk\">tina@colorfulfaces.dk<\/a><br>3450 Aller\u00f8d, Sj\u00e6lland Danmark<\/h3>\n\n\n\n<h3 class=\"wp-block-heading\" id=\"h-ring-2299-6808\">Ring:&nbsp;<a href=\"tel:004522996808\">2299 6808&nbsp;<\/a><\/h3>\n\n\n\n<div class=\"wp-block-image\"><figure class=\"aligncenter size-large\"><a href=\"https:\/\/niipit.dk\/ansigtsmaling\/garanti-og-sikkerhed\/\"><img loading=\"lazy\" decoding=\"async\" width=\"680\" height=\"400\" src=\"https:\/\/niipit.dk\/ansigtsmaling\/wp-content\/uploads\/sites\/215\/2020\/01\/Colorful-faces-Ansigtmaling-Certificering-Diplom.png\" alt=\"Colorfulfaces.dk Ansigtmaling Certificering\" class=\"wp-image-7202\" srcset=\"https:\/\/niipit.dk\/ansigtsmaling\/wp-content\/uploads\/sites\/215\/2020\/01\/Colorful-faces-Ansigtmaling-Certificering-Diplom.png 680w, https:\/\/niipit.dk\/ansigtsmaling\/wp-content\/uploads\/sites\/215\/2020\/01\/Colorful-faces-Ansigtmaling-Certificering-Diplom-300x176.png 300w, https:\/\/niipit.dk\/ansigtsmaling\/wp-content\/uploads\/sites\/215\/2020\/01\/Colorful-faces-Ansigtmaling-Certificering-Diplom-600x353.png 600w\" sizes=\"auto, (max-width: 680px) 100vw, 680px\" \/><\/a><\/figure><\/div>\n<\/div>\n<\/div>\n","protected":false},"excerpt":{"rendered":"<p>Ansigtsmaling | Colorfulfaces.dk | S\u00e6tter smil p\u00e5 ansigter Har du overvejet en Ansigtsmaler til dit barns barned\u00e5b eller b\u00f8rnef\u00f8dselsdag, m\u00e5ske endda til konfirmationen. N\u00e5r b\u00f8rn er underholdt og hygger sig s\u00e5 er de glade og tiden g\u00e5r hurtigt for dem, det giver mor og far tid til at slappe af og hygge sig. Hvis du <a class=\"moretag btn btn-primary\" href=\"https:\/\/niipit.dk\/ansigtsmaling\/\">L\u00e6s mere<\/a><\/p>\n","protected":false},"author":988,"featured_media":10407,"parent":0,"menu_order":0,"comment_status":"closed","ping_status":"closed","template":"frontpagePremium.php","meta":{"_exactmetrics_skip_tracking":false,"_exactmetrics_sitenote_active":false,"_exactmetrics_sitenote_note":"","_exactmetrics_sitenote_category":0,"_monsterinsights_skip_tracking":false,"_monsterinsights_sitenote_active":false,"_monsterinsights_sitenote_note":"","_monsterinsights_sitenote_category":0,"footnotes":""},"class_list":["post-5064","page","type-page","status-publish","has-post-thumbnail","hentry"],"yoast_head":"<!-- This site is optimized with the Yoast SEO plugin v27.3 - https:\/\/yoast.com\/product\/yoast-seo-wordpress\/ -->\n<title>Ansigtsmaling ColorfulFaces.dk Tina Henriksen Tlf. 22996808<\/title>\n<meta name=\"description\" content=\"Ansigtsmaling - Tina Henriksen er din Professionelle ansigtsmaler - Din sikkerhed for ordentligt arbejde og glade b\u00f8rn b\u00e5de under og efter udsmykning\" \/>\n<meta name=\"robots\" content=\"index, follow, max-snippet:-1, max-image-preview:large, max-video-preview:-1\" \/>\n<link rel=\"canonical\" href=\"https:\/\/niipit.dk\/ansigtsmaling\/\" \/>\n<meta property=\"og:locale\" content=\"da_DK\" \/>\n<meta property=\"og:type\" content=\"article\" \/>\n<meta property=\"og:title\" content=\"Ansigtsmaling ColorfulFaces.dk Tina Henriksen Tlf. 22996808\" \/>\n<meta property=\"og:description\" content=\"Ansigtsmaling - Tina Henriksen er din Professionelle ansigtsmaler - Din sikkerhed for ordentligt arbejde og glade b\u00f8rn b\u00e5de under og efter udsmykning\" \/>\n<meta property=\"og:url\" content=\"https:\/\/niipit.dk\/ansigtsmaling\/\" \/>\n<meta property=\"og:site_name\" content=\"Ansigtsmaling\" \/>\n<meta property=\"article:modified_time\" content=\"2022-05-03T13:19:18+00:00\" \/>\n<meta name=\"twitter:card\" content=\"summary_large_image\" \/>\n<meta name=\"twitter:image\" content=\"https:\/\/niipit.dk\/ansigtsmaling\/wp-content\/uploads\/sites\/215\/2022\/01\/colorful-faces-gravid-ansigtsmaling-e1643199632748.jpg\" \/>\n<meta name=\"twitter:label1\" content=\"Estimeret l\u00e6setid\" \/>\n\t<meta name=\"twitter:data1\" content=\"3 minutter\" \/>\n<script type=\"application\/ld+json\" class=\"yoast-schema-graph\">{\"@context\":\"https:\\\/\\\/schema.org\",\"@graph\":[{\"@type\":\"WebPage\",\"@id\":\"https:\\\/\\\/niipit.dk\\\/ansigtsmaling\\\/\",\"url\":\"https:\\\/\\\/niipit.dk\\\/ansigtsmaling\\\/\",\"name\":\"Ansigtsmaling ColorfulFaces.dk Tina Henriksen Tlf. 22996808\",\"isPartOf\":{\"@id\":\"https:\\\/\\\/niipit.dk\\\/ansigtsmaling\\\/#website\"},\"primaryImageOfPage\":{\"@id\":\"https:\\\/\\\/niipit.dk\\\/ansigtsmaling\\\/#primaryimage\"},\"image\":{\"@id\":\"https:\\\/\\\/niipit.dk\\\/ansigtsmaling\\\/#primaryimage\"},\"thumbnailUrl\":\"https:\\\/\\\/niipit.dk\\\/ansigtsmaling\\\/wp-content\\\/uploads\\\/sites\\\/215\\\/2022\\\/01\\\/colorful-faces-gravid-ansigtsmaling-e1643199632748.jpg\",\"datePublished\":\"2018-08-10T20:29:34+00:00\",\"dateModified\":\"2022-05-03T13:19:18+00:00\",\"description\":\"Ansigtsmaling - Tina Henriksen er din Professionelle ansigtsmaler - Din sikkerhed for ordentligt arbejde og glade b\u00f8rn b\u00e5de under og efter udsmykning\",\"breadcrumb\":{\"@id\":\"https:\\\/\\\/niipit.dk\\\/ansigtsmaling\\\/#breadcrumb\"},\"inLanguage\":\"da-DK\",\"potentialAction\":[{\"@type\":\"ReadAction\",\"target\":[\"https:\\\/\\\/niipit.dk\\\/ansigtsmaling\\\/\"]}]},{\"@type\":\"ImageObject\",\"inLanguage\":\"da-DK\",\"@id\":\"https:\\\/\\\/niipit.dk\\\/ansigtsmaling\\\/#primaryimage\",\"url\":\"https:\\\/\\\/niipit.dk\\\/ansigtsmaling\\\/wp-content\\\/uploads\\\/sites\\\/215\\\/2022\\\/01\\\/colorful-faces-gravid-ansigtsmaling-e1643199632748.jpg\",\"contentUrl\":\"https:\\\/\\\/niipit.dk\\\/ansigtsmaling\\\/wp-content\\\/uploads\\\/sites\\\/215\\\/2022\\\/01\\\/colorful-faces-gravid-ansigtsmaling-e1643199632748.jpg\",\"width\":210,\"height\":210,\"caption\":\"colorful-faces-gravid-anssigtsmaing-pink\"},{\"@type\":\"BreadcrumbList\",\"@id\":\"https:\\\/\\\/niipit.dk\\\/ansigtsmaling\\\/#breadcrumb\",\"itemListElement\":[{\"@type\":\"ListItem\",\"position\":1,\"name\":\"Hjem\",\"item\":\"https:\\\/\\\/niipit.dk\\\/ansigtsmaling\\\/\"},{\"@type\":\"ListItem\",\"position\":2,\"name\":\"forside\"}]},{\"@type\":\"WebSite\",\"@id\":\"https:\\\/\\\/niipit.dk\\\/ansigtsmaling\\\/#website\",\"url\":\"https:\\\/\\\/niipit.dk\\\/ansigtsmaling\\\/\",\"name\":\"Ansigtsmaling\",\"description\":\"S\u00e6tter smil p\u00e5 ansigter. www.colorfulfaces.dk\",\"potentialAction\":[{\"@type\":\"SearchAction\",\"target\":{\"@type\":\"EntryPoint\",\"urlTemplate\":\"https:\\\/\\\/niipit.dk\\\/ansigtsmaling\\\/?s={search_term_string}\"},\"query-input\":{\"@type\":\"PropertyValueSpecification\",\"valueRequired\":true,\"valueName\":\"search_term_string\"}}],\"inLanguage\":\"da-DK\"}]}<\/script>\n<!-- \/ Yoast SEO plugin. -->","yoast_head_json":{"title":"Ansigtsmaling ColorfulFaces.dk Tina Henriksen Tlf. 22996808","description":"Ansigtsmaling - Tina Henriksen er din Professionelle ansigtsmaler - Din sikkerhed for ordentligt arbejde og glade b\u00f8rn b\u00e5de under og efter udsmykning","robots":{"index":"index","follow":"follow","max-snippet":"max-snippet:-1","max-image-preview":"max-image-preview:large","max-video-preview":"max-video-preview:-1"},"canonical":"https:\/\/niipit.dk\/ansigtsmaling\/","og_locale":"da_DK","og_type":"article","og_title":"Ansigtsmaling ColorfulFaces.dk Tina Henriksen Tlf. 22996808","og_description":"Ansigtsmaling - Tina Henriksen er din Professionelle ansigtsmaler - Din sikkerhed for ordentligt arbejde og glade b\u00f8rn b\u00e5de under og efter udsmykning","og_url":"https:\/\/niipit.dk\/ansigtsmaling\/","og_site_name":"Ansigtsmaling","article_modified_time":"2022-05-03T13:19:18+00:00","twitter_card":"summary_large_image","twitter_image":"https:\/\/niipit.dk\/ansigtsmaling\/wp-content\/uploads\/sites\/215\/2022\/01\/colorful-faces-gravid-ansigtsmaling-e1643199632748.jpg","twitter_misc":{"Estimeret l\u00e6setid":"3 minutter"},"schema":{"@context":"https:\/\/schema.org","@graph":[{"@type":"WebPage","@id":"https:\/\/niipit.dk\/ansigtsmaling\/","url":"https:\/\/niipit.dk\/ansigtsmaling\/","name":"Ansigtsmaling ColorfulFaces.dk Tina Henriksen Tlf. 22996808","isPartOf":{"@id":"https:\/\/niipit.dk\/ansigtsmaling\/#website"},"primaryImageOfPage":{"@id":"https:\/\/niipit.dk\/ansigtsmaling\/#primaryimage"},"image":{"@id":"https:\/\/niipit.dk\/ansigtsmaling\/#primaryimage"},"thumbnailUrl":"https:\/\/niipit.dk\/ansigtsmaling\/wp-content\/uploads\/sites\/215\/2022\/01\/colorful-faces-gravid-ansigtsmaling-e1643199632748.jpg","datePublished":"2018-08-10T20:29:34+00:00","dateModified":"2022-05-03T13:19:18+00:00","description":"Ansigtsmaling - Tina Henriksen er din Professionelle ansigtsmaler - Din sikkerhed for ordentligt arbejde og glade b\u00f8rn b\u00e5de under og efter udsmykning","breadcrumb":{"@id":"https:\/\/niipit.dk\/ansigtsmaling\/#breadcrumb"},"inLanguage":"da-DK","potentialAction":[{"@type":"ReadAction","target":["https:\/\/niipit.dk\/ansigtsmaling\/"]}]},{"@type":"ImageObject","inLanguage":"da-DK","@id":"https:\/\/niipit.dk\/ansigtsmaling\/#primaryimage","url":"https:\/\/niipit.dk\/ansigtsmaling\/wp-content\/uploads\/sites\/215\/2022\/01\/colorful-faces-gravid-ansigtsmaling-e1643199632748.jpg","contentUrl":"https:\/\/niipit.dk\/ansigtsmaling\/wp-content\/uploads\/sites\/215\/2022\/01\/colorful-faces-gravid-ansigtsmaling-e1643199632748.jpg","width":210,"height":210,"caption":"colorful-faces-gravid-anssigtsmaing-pink"},{"@type":"BreadcrumbList","@id":"https:\/\/niipit.dk\/ansigtsmaling\/#breadcrumb","itemListElement":[{"@type":"ListItem","position":1,"name":"Hjem","item":"https:\/\/niipit.dk\/ansigtsmaling\/"},{"@type":"ListItem","position":2,"name":"forside"}]},{"@type":"WebSite","@id":"https:\/\/niipit.dk\/ansigtsmaling\/#website","url":"https:\/\/niipit.dk\/ansigtsmaling\/","name":"Ansigtsmaling","description":"S\u00e6tter smil p\u00e5 ansigter. www.colorfulfaces.dk","potentialAction":[{"@type":"SearchAction","target":{"@type":"EntryPoint","urlTemplate":"https:\/\/niipit.dk\/ansigtsmaling\/?s={search_term_string}"},"query-input":{"@type":"PropertyValueSpecification","valueRequired":true,"valueName":"search_term_string"}}],"inLanguage":"da-DK"}]}},"_links":{"self":[{"href":"https:\/\/niipit.dk\/ansigtsmaling\/wp-json\/wp\/v2\/pages\/5064","targetHints":{"allow":["GET"]}}],"collection":[{"href":"https:\/\/niipit.dk\/ansigtsmaling\/wp-json\/wp\/v2\/pages"}],"about":[{"href":"https:\/\/niipit.dk\/ansigtsmaling\/wp-json\/wp\/v2\/types\/page"}],"author":[{"embeddable":true,"href":"https:\/\/niipit.dk\/ansigtsmaling\/wp-json\/wp\/v2\/users\/988"}],"replies":[{"embeddable":true,"href":"https:\/\/niipit.dk\/ansigtsmaling\/wp-json\/wp\/v2\/comments?post=5064"}],"version-history":[{"count":16,"href":"https:\/\/niipit.dk\/ansigtsmaling\/wp-json\/wp\/v2\/pages\/5064\/revisions"}],"predecessor-version":[{"id":10826,"href":"https:\/\/niipit.dk\/ansigtsmaling\/wp-json\/wp\/v2\/pages\/5064\/revisions\/10826"}],"wp:featuredmedia":[{"embeddable":true,"href":"https:\/\/niipit.dk\/ansigtsmaling\/wp-json\/wp\/v2\/media\/10407"}],"wp:attachment":[{"href":"https:\/\/niipit.dk\/ansigtsmaling\/wp-json\/wp\/v2\/media?parent=5064"}],"curies":[{"name":"wp","href":"https:\/\/api.w.org\/{rel}","templated":true}]}}