{"id":10100,"date":"2021-03-02T14:27:50","date_gmt":"2021-03-02T13:27:50","guid":{"rendered":"https:\/\/niipit.dk\/ansigtsmaling\/?page_id=10100"},"modified":"2022-02-09T22:14:15","modified_gmt":"2022-02-09T21:14:15","slug":"handelsbetingelser","status":"publish","type":"page","link":"https:\/\/niipit.dk\/ansigtsmaling\/handelsbetingelser\/","title":{"rendered":"Handelsbetingelser"},"content":{"rendered":"\n<h1 class=\"wp-block-heading\" id=\"h-handelsbetingelser-for-fysiske-varer-hos-colorfulfaces-dk\">Handelsbetingelser for fysiske varer hos Colorfulfaces.dk<\/h1>\n\n\n\n<p><strong>Colorfulfaces.dk&nbsp;<\/strong><br>Engbuen 7<br>3450 Aller\u00f8d<br>TLF:&nbsp;<a href=\"tel:+45 22996808\">+45 22996808<\/a><br>CVR: 38235435<\/p>\n\n\n\n<h2 class=\"wp-block-heading\" id=\"h-betaling\">Betaling<\/h2>\n\n\n\n<p>Colorfulfaces.dk modtager online betalinger med; Visa, Mastercard, Visa Electron.&nbsp;<\/p>\n\n\n\n<p>Betaling vil f\u00f8rst blive trukket p\u00e5 din konto, n\u00e5r den fysiske vare afsendes eller det virtuelle produkt er oprettet med mindre andet er aftalt eller fremg\u00e5r af din ordre.<\/p>\n\n\n\n<p>Ved betaling med Visa Electron og Mastercard Debit, som er debitkort, vil betalingen blive reserveret p\u00e5 din konto i overensstemmelse med vilk\u00e5rene for dit kort, indtil vi tr\u00e6kker eller afviser betalingen.<\/p>\n\n\n\n<p>Alle bel\u00f8b p\u00e5 hjemmesiden er inklusiv moms.<br>Hjemmesiden bruger f\u00f8lgende valutaer til priss\u00e6tning:<br>Denmark &#8211; Kroner (DKK)ViaBill<\/p>\n\n\n\n<p>Du kan v\u00e6lge at benytte ViaBill, n\u00e5r du handler via os.&nbsp;<a href=\"https:\/\/viabill.com\/dk\/\" target=\"_blank\" rel=\"noreferrer noopener nofollow\">Info om Viabill<\/a><\/p>\n\n\n\n<p>Colorfulfaces.dk benytter en sikker betalingsserver, der krypterer alle oplysninger med SSL protokol hvilket betyder din data er sikker og ikke kan l\u00e6ses af andre udefrakommende.<\/p>\n\n\n\n<p>Colorfulfaces.dk&#8217;s egen hjemmeside bruger ligeledes kryptering med SSL protokol.<\/p>\n\n\n\n<h2 class=\"wp-block-heading\" id=\"h-levering\">Levering<\/h2>\n\n\n\n<p>Leveringstiden for din ordre er 1-4 hverdage.<\/p>\n\n\n\n<p>Leverings omr\u00e5de: Vi leverer kun varer indenfor Danmark..<\/p>\n\n\n\n<p>Colorfulfaces.dk afsender varer med f\u00f8lgende: GLS Pakkeshop<\/p>\n\n\n\n<p>Fragten bliver beregnet ud fra v\u00e6gt.<\/p>\n\n\n\n<p>Du vil altid modtage et track and trace nr. s\u00e5 du kan f\u00f8lge din pakke, fra vores lager og hjem til dig.<\/p>\n\n\n\n<h2 class=\"wp-block-heading\" id=\"h-fortrydelsesret\">Fortrydelsesret<\/h2>\n\n\n\n<p>Der gives 14 dages fuld fortrydelsesret p\u00e5 varer k\u00f8bt p\u00e5 hjemmesiden med mindre andet er aftalt eller fremg\u00e5r af din ordre.<\/p>\n\n\n\n<p>Den 14 dags periode starter den dag hvor ordren er leveret.<\/p>\n\n\n\n<p>Eventuelle returneringsomkostninger afholder du selv.<\/p>\n\n\n\n<p>\u00d8nske om fortrydelse skal meddeles os senest 14 efter leveringen og v\u00e6re os i h\u00e6nde seneste 14 dage efter vi er informeret om dit brug af fortrydelsesretten.<\/p>\n\n\n\n<p>\u00d8nske om brug af fortrydelsesret skal sendes p\u00e5 mail&nbsp;<a href=\"mailto:tina@colorfulfaces.dk\">tina@colorfulfaces.dk<\/a>&nbsp;hvortil standardfortrydelsesformularen bedes v\u00e6re udfyldt og sendt med (jf. formularen nederst i handelsbetingelserne).<\/p>\n\n\n\n<h2 class=\"wp-block-heading\" id=\"h-varens-stand-ved-returnering\">Varens stand ved returnering<\/h2>\n\n\n\n<p>Du h\u00e6fter for den forringelse af varens v\u00e6rdi, som skyldes anden h\u00e5ndtering, end hvad der er n\u00f8dvendigt for at fastsl\u00e5 varens art, egenskaber og funktion. Dette betyder at du m\u00e5 pr\u00f8ve varen p\u00e5 samme m\u00e5de som hvis du handlede i en fysisk butik.<\/p>\n\n\n\n<p>Hvis varen er pr\u00f8vet udover, hvad der er beskrevet ovenfor, betragtes den som brugt og af forringet v\u00e6rdi. Dette betyder, at du ved fortrydelse af k\u00f8bet f\u00e5r en mindre del eller intet af k\u00f8bsbel\u00f8bet retur. Det er op til Colorfulfaces.dk at vurdere varens stand.<\/p>\n\n\n\n<h2 class=\"wp-block-heading\" id=\"h-reklamationsret\">Reklamationsret<\/h2>\n\n\n\n<p>Der gives 2 \u00e5rs reklamationsret p\u00e5 produkter i henhold til den danske k\u00f8belov. Reklamationsretten g\u00e6lder for alle fejl i software, materiale og fabrikation.<\/p>\n\n\n\n<p>Reklamation vedr. fejl og mangler skal meddeles til Colorfulfaces.dk i rimelig tid efter varens modtagelse.&nbsp;\u2028Her anses max. to m\u00e5neder som rimelig tid, med mindre andet er aftalt.\u2028Vi refunderer rimelige fragtomkostninger.<\/p>\n\n\n\n<p>Reklamationen frafalder ved forkert eller ualmindelig betjening af produktet.<\/p>\n\n\n\n<p>Colorfulfaces.dk d\u00e6kker returneringsomkostningerne i rimeligt omfang.<\/p>\n\n\n\n<p>Ved returnering kontaktes virksomheden:<\/p>\n\n\n\n<p><strong>Colorfulfaces.dk<\/strong><br>Engbuen 7<br>3450 Aller\u00f8d<br>TLF:&nbsp;<a href=\"tel:+45 22996808\">+45 22996808<\/a><\/p>\n\n\n\n<p>Reklamationer modtages&nbsp;<strong>ikke<\/strong>&nbsp;hvis disse er sendt p\u00e5 efterkrav.<\/p>\n\n\n\n<h2 class=\"wp-block-heading\" id=\"h-kunde-privatlivspolitik\">Kunde- &amp; Privatlivspolitik<\/h2>\n\n\n\n<p>Vi videres\u00e6lger ikke personlige oplysninger og videregiver ikke dine personlige oplysninger til andre, de er kun registreret i vores kundekartotek. Du kan til enhver tid f\u00e5 slettet dine oplysninger.<\/p>\n\n\n\n<p>For at du kan indg\u00e5 aftale med Colorfulfaces.dk, har vi brug for f\u00f8lgende oplysninger:<br>. Navn<br>. Adresse<br>. Telefonnummer<br>. E-mail adresse<\/p>\n\n\n\n<p>Vi foretager registreringen af dine personoplysninger med det form\u00e5l, at kunne levere varen til dig.<\/p>\n\n\n\n<p>Personoplysningerne registreres hos Colorfulfaces.dk og opbevares i op til fem \u00e5r, hvorefter oplysningerne slettes.<\/p>\n\n\n\n<p>N\u00e5r der indsamles personoplysninger via vores hjemmeside, sikrer vi, at det altid sker ved afgivelse af dit udtrykkelige samtykke, s\u00e5ledes at du er informeret om pr\u00e6cis, hvilke oplysninger, der indsamles og hvorfor.<\/p>\n\n\n\n<p>Direkt\u00f8ren og de ansatte for Colorfulfaces.dk har adgang til de oplysninger, der registreres om dig.<\/p>\n\n\n\n<p>Den dataansvarlige i Colorfulfaces.dk er: Tina<\/p>\n\n\n\n<p>Vi opbevarer og transmitterer ikke kundeoplysninger krypteret.<\/p>\n\n\n\n<p>Som registreret hos Colorfulfaces.dk har du altid ret til at g\u00f8re indsigelse mod registreringen. Du har ogs\u00e5 ret til indsigt i, hvilke oplysninger, der er registreret om dig. Disse rettigheder har du efter Persondataloven og henvendelse i forbindelse hermed rettes til&nbsp;<a href=\"mailto:tina@colorfulfaces.dk\">tina@colorfulfaces.dk<\/a>.<\/p>\n\n\n\n<p><strong>Cookies<\/strong><br>P\u00e5 www.niipit.dk\/ansigtsmaling\/ anvendes cookies med det form\u00e5l at optimere hjemmesiden og dets funktionalitet, og dermed g\u00f8re bes\u00f8get s\u00e5 nemt som muligt for dig.<\/p>\n\n\n\n<p>Du kan til enhver tid slette cookies fra din computer, se vejledningen p\u00e5&nbsp;<a href=\"https:\/\/niipit.dk\/ryd-cookies-og-privatlivspolitik\/\">Webshop Cookies og Privatlivspolitik<\/a>.<\/p>\n\n\n\n<p><strong>Log-statistik<\/strong><br>Vi bruger en log-statistik p\u00e5 www.niipit.dk\/ansigtsmaling\/, hvilket betyder, at et statistik-system opsamler information, som kan give et statistisk billede af, hvor mange bes\u00f8gende vi har, hvor de kommer fra og hvor p\u00e5 websitet det forlades mv.<\/p>\n\n\n\n<p>Logstatistikken anvendes kun med det form\u00e5l, at optimere Colorfulfaces.dk&#8217;s hjemmeside.<\/p>\n\n\n\n<h2 class=\"wp-block-heading\" id=\"h-forbrugerbeskyttelse\">Forbrugerbeskyttelse<\/h2>\n\n\n\n<p>L\u00e6s mere om din beskyttelse som forbruger n\u00e5r du k\u00f8ber via en PensoPay betalingsl\u00f8sning:<br><a href=\"https:\/\/pensopay.com\/mere\/forbrugerbeskyttelse\/\" target=\"_blank\" rel=\"noreferrer noopener\">https:\/\/pensopay.com\/mere\/forbrugerbeskyttelse\/<\/a><\/p>\n\n\n\n<h2 class=\"wp-block-heading\" id=\"h-klagemuligheder\">Klagemuligheder<\/h2>\n\n\n\n<p>Ved klage skal vores e-mail adresse angives: tina@colorfulfaces.dk samt hjemmesiden du har k\u00f8bt varen p\u00e5.<br>En klage over en vare eller tjenesteydelse kan indgives til Center for Klagel\u00f8sning, N\u00e6vnenes Hus, Toldboden 2, 8800 Viborg.<br>Du kan klage til Center for Klagel\u00f8sning via Klageportalen for N\u00e6vnenes Hus&nbsp;<a href=\"https:\/\/kpo.naevneneshus.dk\/Public\/Home\/ChooseLoginProvider?returnUrl=https:\/\/kpo.naevneneshus.dk\/External\" target=\"_blank\" rel=\"noreferrer noopener nofollow\">(Link)<\/a>.<br>For EU-borgere uden for EU skal klager sendes via EU Kommissionens online klageplatform.<br><a href=\"http:\/\/ec.europa.eu\/consumers\/odr\/\" target=\"_blank\" rel=\"noreferrer noopener nofollow\">ec.europa.eu<\/a><\/p>\n\n\n\n<h2 class=\"wp-block-heading\" id=\"handelsbetingelser-for-booking-af-ansigtsmaler-fra-colorfulfaces-dk\">Handelsbetingelser for booking af ansigtsmaler fra Colorfulfaces.dk<\/h2>\n\n\n\n<p><strong>Colorfulfaces.dk&nbsp;<\/strong><br>Engbuen 7<br>3450 Aller\u00f8d<br>TLF:&nbsp;<a href=\"tel:+45 22 99 6808\">+45 22 99 6808<\/a><br>CVR: 38235435<\/p>\n\n\n\n<h2 class=\"wp-block-heading\" id=\"betaling\">Betaling<\/h2>\n\n\n\n<p>Colorfulfaces.dk modtager online betalinger med; Visa, Mastercard, Visa Electron.&nbsp;<\/p>\n\n\n\n<p>Reserverings fee p\u00e5 25% vil blive trukket p\u00e5 din konto, n\u00e5r booking datoen bliver bekr\u00e6ftet, med mindre andet er aftalt eller fremg\u00e5r af din ordre. P\u00e5 dagen for afholdelse af arrangementet tr\u00e6kkes resten af betalingen.<\/p>\n\n\n\n<p>Alle aftaler er bindende\/ datoen reserveret: n\u00e5r reserveringsfee p\u00e5 25% er indbetalt. Reserveringsfee bliver ikke tilbagebetalt.<\/p>\n\n\n\n<p>Ved betaling med Visa Electron og Mastercard Debit, som er debitkort, vil betalingen blive reserveret p\u00e5 din konto i overensstemmelse med vilk\u00e5rene for dit kort, indtil vi tr\u00e6kker eller afviser betalingen.<\/p>\n\n\n\n<p>Alle bel\u00f8b p\u00e5 hjemmesiden er inklusiv moms.<br>Hjemmesiden bruger f\u00f8lgende valutaer til priss\u00e6tning:<br>Denmark &#8211; Kroner (DKK)ViaBill<\/p>\n\n\n\n<p>Du kan v\u00e6lge at benytte ViaBill, n\u00e5r du handler via os.&nbsp;<a href=\"https:\/\/viabill.com\/dk\/\" target=\"_blank\" rel=\"noreferrer noopener nofollow\">Info om Viabill<\/a><\/p>\n\n\n\n<p>Colorfulfaces.dk benytter en sikker betalingsserver, der krypterer alle oplysninger med SSL protokol hvilket betyder din data er sikker og ikke kan l\u00e6ses af andre udefrakommende.<\/p>\n\n\n\n<p>Colorfulfaces.dk&#8217;s egen hjemmeside bruger ligeledes kryptering med SSL protokol.<\/p>\n\n\n\n<h2 class=\"wp-block-heading\" id=\"fortrydelsesret\">Fortrydelsesret<\/h2>\n\n\n\n<p>Aflyser du et reserveret arrangement mere end 3 uger f\u00f8r arrangementet skal finde sted, mister du kun dit reserveringsfee. Har du forudbetalt hele arrangementet, f\u00e5r du differencen mellem reserveringsfee og det fulde bel\u00f8b tilbage.<\/p>\n\n\n\n<p>Der gives 14 dages fuld fortrydelsesret p\u00e5 varer k\u00f8bt p\u00e5 hjemmesiden med mindre andet er aftalt eller fremg\u00e5r af din ordre.<\/p>\n\n\n\n<p>Den 14 dags periode starter den dag hvor ordren er leveret.<\/p>\n\n\n\n<p>Eventuelle returneringsomkostninger afholder du selv.<\/p>\n\n\n\n<p>\u00d8nske om fortrydelse skal meddeles os senest 14 efter leveringen og v\u00e6re os i h\u00e6nde seneste 14 dage efter vi er informeret om dit brug af fortrydelsesretten.<\/p>\n\n\n\n<p>\u00d8nske om brug af fortrydelsesret skal sendes p\u00e5 mail&nbsp;<a href=\"mailto:tina@colorfulfaces.dk\">tina@colorfulfaces.dk<\/a>&nbsp;hvortil standardfortrydelsesformularen bedes v\u00e6re udfyldt og sendt med (jf. formularen nederst i handelsbetingelserne).<\/p>\n\n\n\n<h3 class=\"wp-block-heading\" id=\"block-a3dd3251-c218-44da-869e-e7f150f911d1\">Sygdom:<\/h3>\n\n\n\n<p>I tilf\u00e6lde af at jeg bliver syg og er n\u00f8d til at aflyse vores aftale, for du det indbetalte bel\u00f8b retur. Hvis du har indbetalt&nbsp; 25% i reserveringsfee er det dette bel\u00f8b du for tilbage. Hvis du har betalt for hele arrangementet forud, returneres det fulde bel\u00f8b. Jeg vil altid pr\u00f8ve at v\u00e6re behj\u00e6lpelig med, at finde en anden kompetent ansigtsmaler, som du herefter selv kan indg\u00e5r en ny aftale med.<\/p>\n\n\n\n<h3 class=\"wp-block-heading\" id=\"h-s-rlige-betingelser\">S\u00e6rlige betingelser:<\/h3>\n\n\n\n<p>S\u00e6rlig reserveringsfee p\u00e5 75% for opgaver, der er afh\u00e6ngig af specialmotiver, som jeg skal s\u00e6tte mig ekstra ind i, eller hvor jeg er begr\u00e6nset af, kun at benytte bestemte indk\u00f8bte farver til arrangementet efter aftale.<\/p>\n\n\n\n<p>Bestilling af specialdesignet accessories er bindende med det samme, aftalen bekr\u00e6ftet skriftligt.<\/p>\n\n\n\n<p>Hvis antal af b\u00f8rn bliver reduceret, beholdes indg\u00e5ede aftale, og der males mere detaljerede motiver.<\/p>\n\n\n\n<p>Der skal altid v\u00e6re en voksne tilstede, som er ansvarlig for b\u00f8rnene og holder opsyn med dem.<\/p>\n\n\n\n<h2 class=\"wp-block-heading\" id=\"kunde-privatlivspolitik\">Kunde- &amp; Privatlivspolitik<\/h2>\n\n\n\n<p>Vi videres\u00e6lger ikke personlige oplysninger og videregiver ikke dine personlige oplysninger til andre, de er kun registreret i vores kundekartotek. Du kan til enhver tid f\u00e5 slettet dine oplysninger.<\/p>\n\n\n\n<p>For at du kan indg\u00e5 aftale med colorfulfaces.dk, har vi brug for f\u00f8lgende oplysninger:<br>. Navn<br>. Adresse<br>. Telefonnummer<br>. E-mail adresse<\/p>\n\n\n\n<p>Vi foretager registreringen af dine personoplysninger med det form\u00e5l, at kunne levere varen til dig.<\/p>\n\n\n\n<p>Personoplysningerne registreres hos Niipit \/ Colorfulfaces.dk og opbevares i op til fem \u00e5r, hvorefter oplysningerne slettes.<\/p>\n\n\n\n<p>N\u00e5r der indsamles personoplysninger via vores hjemmeside, sikrer vi, at det altid sker ved afgivelse af dit udtrykkelige samtykke, s\u00e5ledes at du er informeret om pr\u00e6cis, hvilke oplysninger, der indsamles og hvorfor.<\/p>\n\n\n\n<p>Direkt\u00f8ren og de ansatte for Colorfulfaces.dk, samt Niipit.dk har adgang til de oplysninger, der registreres om dig.<\/p>\n\n\n\n<p>Den dataansvarlige i Colorfulfaces.dk er: Tina<br>Den dataansvarlige i Niipit.dk er: Helle<\/p>\n\n\n\n<p>Vi opbevarer og transmitterer ikke kundeoplysninger krypteret.<\/p>\n\n\n\n<p>Som registreret hos Colorfulfaces.dk har du altid ret til at g\u00f8re indsigelse mod registreringen. Du har ogs\u00e5 ret til indsigt i, hvilke oplysninger, der er registreret om dig. Disse rettigheder har du efter Persondataloven og henvendelse i forbindelse hermed rettes til&nbsp;<a href=\"mailto:tina@colorfulfaces.dk\">tina@colorfulfaces.dk<\/a>.<\/p>\n\n\n\n<p><strong>Cookies<\/strong><br>P\u00e5 www.niipit.dk\/ansigtsmaling\/ anvendes cookies med det form\u00e5l at optimere hjemmesiden og dets funktionalitet, og dermed g\u00f8re bes\u00f8get s\u00e5 nemt som muligt for dig.<\/p>\n\n\n\n<p>Du kan til enhver tid slette cookies fra din computer, se vejledningen p\u00e5&nbsp;<a href=\"https:\/\/niipit.dk\/ryd-cookies-og-privatlivspolitik\/\">Webshop Cookies og Privatlivspolitik<\/a>.<\/p>\n\n\n\n<p><strong>Log-statistik<\/strong><br>Vi bruger en log-statistik p\u00e5 www.niipit.dk\/ansigtsmaling\/, hvilket betyder, at et statistik-system opsamler information, som kan give et statistisk billede af, hvor mange bes\u00f8gende vi har, hvor de kommer fra og hvor p\u00e5 websitet det forlades mv.<\/p>\n\n\n\n<p>Logstatistikken anvendes kun med det form\u00e5l, at optimere Colorfulfaces.dk&#8217;s hjemmeside.<\/p>\n\n\n\n<h2 class=\"wp-block-heading\" id=\"forbrugerbeskyttelse\">Forbrugerbeskyttelse<\/h2>\n\n\n\n<p>L\u00e6s mere om din beskyttelse som forbruger n\u00e5r du k\u00f8ber via en PensoPay betalingsl\u00f8sning:<br><a href=\"https:\/\/pensopay.com\/mere\/forbrugerbeskyttelse\/\" target=\"_blank\" rel=\"noreferrer noopener\">https:\/\/pensopay.com\/mere\/forbrugerbeskyttelse\/<\/a><\/p>\n\n\n\n<h2 class=\"wp-block-heading\" id=\"klagemuligheder\">Klagemuligheder<\/h2>\n\n\n\n<p>Ved klage skal vores e-mail adresse angives: tina@colorfulfaces.dk samt hjemmesiden du har k\u00f8bt varen p\u00e5.<br>En klage over en vare eller tjenesteydelse kan indgives til Center for Klagel\u00f8sning, N\u00e6vnenes Hus, Toldboden 2, 8800 Viborg.<br>Du kan klage til Center for Klagel\u00f8sning via Klageportalen for N\u00e6vnenes Hus&nbsp;<a href=\"https:\/\/kpo.naevneneshus.dk\/Public\/Home\/ChooseLoginProvider?returnUrl=https:\/\/kpo.naevneneshus.dk\/External\" target=\"_blank\" rel=\"noreferrer noopener nofollow\">(Link)<\/a>.<br>For EU-borgere uden for EU skal klager sendes via EU Kommissionens online klageplatform.<br><a href=\"http:\/\/ec.europa.eu\/consumers\/odr\/\" target=\"_blank\" rel=\"noreferrer noopener nofollow\">ec.europa.eu<\/a><\/p>\n","protected":false},"excerpt":{"rendered":"<p>Handelsbetingelser for fysiske varer hos Colorfulfaces.dk Colorfulfaces.dk&nbsp;Engbuen 73450 Aller\u00f8dTLF:&nbsp;+45 22996808CVR: 38235435 Betaling Colorfulfaces.dk modtager online betalinger med; Visa, Mastercard, Visa Electron.&nbsp; Betaling vil f\u00f8rst blive trukket p\u00e5 din konto, n\u00e5r den fysiske vare afsendes eller det virtuelle produkt er oprettet med mindre andet er aftalt eller fremg\u00e5r af din ordre. Ved betaling med Visa Electron <a class=\"moretag btn btn-primary\" href=\"https:\/\/niipit.dk\/ansigtsmaling\/handelsbetingelser\/\">L\u00e6s mere<\/a><\/p>\n","protected":false},"author":151,"featured_media":0,"parent":0,"menu_order":0,"comment_status":"closed","ping_status":"closed","template":"","meta":{"_exactmetrics_skip_tracking":false,"_exactmetrics_sitenote_active":false,"_exactmetrics_sitenote_note":"","_exactmetrics_sitenote_category":0,"_monsterinsights_skip_tracking":false,"_monsterinsights_sitenote_active":false,"_monsterinsights_sitenote_note":"","_monsterinsights_sitenote_category":0,"footnotes":""},"class_list":["post-10100","page","type-page","status-publish","hentry"],"yoast_head":"<!-- This site is optimized with the Yoast SEO plugin v27.3 - https:\/\/yoast.com\/product\/yoast-seo-wordpress\/ -->\n<title>Handelsbetingelser - Ansigtsmaling<\/title>\n<meta name=\"robots\" content=\"noindex, follow\" \/>\n<meta property=\"og:locale\" content=\"da_DK\" \/>\n<meta property=\"og:type\" content=\"article\" \/>\n<meta property=\"og:title\" content=\"Handelsbetingelser - Ansigtsmaling\" \/>\n<meta property=\"og:description\" content=\"Handelsbetingelser for fysiske varer hos Colorfulfaces.dk Colorfulfaces.dk&nbsp;Engbuen 73450 Aller\u00f8dTLF:&nbsp;+45 22996808CVR: 38235435 Betaling Colorfulfaces.dk modtager online betalinger med; Visa, Mastercard, Visa Electron.&nbsp; Betaling vil f\u00f8rst blive trukket p\u00e5 din konto, n\u00e5r den fysiske vare afsendes eller det virtuelle produkt er oprettet med mindre andet er aftalt eller fremg\u00e5r af din ordre. Ved betaling med Visa Electron L\u00e6s mere\" \/>\n<meta property=\"og:url\" content=\"https:\/\/niipit.dk\/ansigtsmaling\/handelsbetingelser\/\" \/>\n<meta property=\"og:site_name\" content=\"Ansigtsmaling\" \/>\n<meta property=\"article:modified_time\" content=\"2022-02-09T21:14:15+00:00\" \/>\n<meta name=\"twitter:card\" content=\"summary_large_image\" \/>\n<meta name=\"twitter:label1\" content=\"Estimeret l\u00e6setid\" \/>\n\t<meta name=\"twitter:data1\" content=\"9 minutter\" \/>\n<script type=\"application\/ld+json\" class=\"yoast-schema-graph\">{\"@context\":\"https:\\\/\\\/schema.org\",\"@graph\":[{\"@type\":\"WebPage\",\"@id\":\"https:\\\/\\\/niipit.dk\\\/ansigtsmaling\\\/handelsbetingelser\\\/\",\"url\":\"https:\\\/\\\/niipit.dk\\\/ansigtsmaling\\\/handelsbetingelser\\\/\",\"name\":\"Handelsbetingelser - Ansigtsmaling\",\"isPartOf\":{\"@id\":\"https:\\\/\\\/niipit.dk\\\/ansigtsmaling\\\/#website\"},\"datePublished\":\"2021-03-02T13:27:50+00:00\",\"dateModified\":\"2022-02-09T21:14:15+00:00\",\"breadcrumb\":{\"@id\":\"https:\\\/\\\/niipit.dk\\\/ansigtsmaling\\\/handelsbetingelser\\\/#breadcrumb\"},\"inLanguage\":\"da-DK\",\"potentialAction\":[{\"@type\":\"ReadAction\",\"target\":[\"https:\\\/\\\/niipit.dk\\\/ansigtsmaling\\\/handelsbetingelser\\\/\"]}]},{\"@type\":\"BreadcrumbList\",\"@id\":\"https:\\\/\\\/niipit.dk\\\/ansigtsmaling\\\/handelsbetingelser\\\/#breadcrumb\",\"itemListElement\":[{\"@type\":\"ListItem\",\"position\":1,\"name\":\"Hjem\",\"item\":\"https:\\\/\\\/niipit.dk\\\/ansigtsmaling\\\/\"},{\"@type\":\"ListItem\",\"position\":2,\"name\":\"Handelsbetingelser\"}]},{\"@type\":\"WebSite\",\"@id\":\"https:\\\/\\\/niipit.dk\\\/ansigtsmaling\\\/#website\",\"url\":\"https:\\\/\\\/niipit.dk\\\/ansigtsmaling\\\/\",\"name\":\"Ansigtsmaling\",\"description\":\"S\u00e6tter smil p\u00e5 ansigter. www.colorfulfaces.dk\",\"potentialAction\":[{\"@type\":\"SearchAction\",\"target\":{\"@type\":\"EntryPoint\",\"urlTemplate\":\"https:\\\/\\\/niipit.dk\\\/ansigtsmaling\\\/?s={search_term_string}\"},\"query-input\":{\"@type\":\"PropertyValueSpecification\",\"valueRequired\":true,\"valueName\":\"search_term_string\"}}],\"inLanguage\":\"da-DK\"}]}<\/script>\n<!-- \/ Yoast SEO plugin. -->","yoast_head_json":{"title":"Handelsbetingelser - Ansigtsmaling","robots":{"index":"noindex","follow":"follow"},"og_locale":"da_DK","og_type":"article","og_title":"Handelsbetingelser - Ansigtsmaling","og_description":"Handelsbetingelser for fysiske varer hos Colorfulfaces.dk Colorfulfaces.dk&nbsp;Engbuen 73450 Aller\u00f8dTLF:&nbsp;+45 22996808CVR: 38235435 Betaling Colorfulfaces.dk modtager online betalinger med; Visa, Mastercard, Visa Electron.&nbsp; Betaling vil f\u00f8rst blive trukket p\u00e5 din konto, n\u00e5r den fysiske vare afsendes eller det virtuelle produkt er oprettet med mindre andet er aftalt eller fremg\u00e5r af din ordre. Ved betaling med Visa Electron L\u00e6s mere","og_url":"https:\/\/niipit.dk\/ansigtsmaling\/handelsbetingelser\/","og_site_name":"Ansigtsmaling","article_modified_time":"2022-02-09T21:14:15+00:00","twitter_card":"summary_large_image","twitter_misc":{"Estimeret l\u00e6setid":"9 minutter"},"schema":{"@context":"https:\/\/schema.org","@graph":[{"@type":"WebPage","@id":"https:\/\/niipit.dk\/ansigtsmaling\/handelsbetingelser\/","url":"https:\/\/niipit.dk\/ansigtsmaling\/handelsbetingelser\/","name":"Handelsbetingelser - Ansigtsmaling","isPartOf":{"@id":"https:\/\/niipit.dk\/ansigtsmaling\/#website"},"datePublished":"2021-03-02T13:27:50+00:00","dateModified":"2022-02-09T21:14:15+00:00","breadcrumb":{"@id":"https:\/\/niipit.dk\/ansigtsmaling\/handelsbetingelser\/#breadcrumb"},"inLanguage":"da-DK","potentialAction":[{"@type":"ReadAction","target":["https:\/\/niipit.dk\/ansigtsmaling\/handelsbetingelser\/"]}]},{"@type":"BreadcrumbList","@id":"https:\/\/niipit.dk\/ansigtsmaling\/handelsbetingelser\/#breadcrumb","itemListElement":[{"@type":"ListItem","position":1,"name":"Hjem","item":"https:\/\/niipit.dk\/ansigtsmaling\/"},{"@type":"ListItem","position":2,"name":"Handelsbetingelser"}]},{"@type":"WebSite","@id":"https:\/\/niipit.dk\/ansigtsmaling\/#website","url":"https:\/\/niipit.dk\/ansigtsmaling\/","name":"Ansigtsmaling","description":"S\u00e6tter smil p\u00e5 ansigter. www.colorfulfaces.dk","potentialAction":[{"@type":"SearchAction","target":{"@type":"EntryPoint","urlTemplate":"https:\/\/niipit.dk\/ansigtsmaling\/?s={search_term_string}"},"query-input":{"@type":"PropertyValueSpecification","valueRequired":true,"valueName":"search_term_string"}}],"inLanguage":"da-DK"}]}},"_links":{"self":[{"href":"https:\/\/niipit.dk\/ansigtsmaling\/wp-json\/wp\/v2\/pages\/10100","targetHints":{"allow":["GET"]}}],"collection":[{"href":"https:\/\/niipit.dk\/ansigtsmaling\/wp-json\/wp\/v2\/pages"}],"about":[{"href":"https:\/\/niipit.dk\/ansigtsmaling\/wp-json\/wp\/v2\/types\/page"}],"author":[{"embeddable":true,"href":"https:\/\/niipit.dk\/ansigtsmaling\/wp-json\/wp\/v2\/users\/151"}],"replies":[{"embeddable":true,"href":"https:\/\/niipit.dk\/ansigtsmaling\/wp-json\/wp\/v2\/comments?post=10100"}],"version-history":[{"count":9,"href":"https:\/\/niipit.dk\/ansigtsmaling\/wp-json\/wp\/v2\/pages\/10100\/revisions"}],"predecessor-version":[{"id":10654,"href":"https:\/\/niipit.dk\/ansigtsmaling\/wp-json\/wp\/v2\/pages\/10100\/revisions\/10654"}],"wp:attachment":[{"href":"https:\/\/niipit.dk\/ansigtsmaling\/wp-json\/wp\/v2\/media?parent=10100"}],"curies":[{"name":"wp","href":"https:\/\/api.w.org\/{rel}","templated":true}]}}