{"id":6263,"date":"2020-04-21T10:40:59","date_gmt":"2020-04-21T08:40:59","guid":{"rendered":"https:\/\/niipit.dk\/ansatte\/?post_type=product&#038;p=6263"},"modified":"2020-04-21T12:41:15","modified_gmt":"2020-04-21T10:41:15","slug":"advarsler-og-paataler","status":"publish","type":"product","link":"https:\/\/niipit.dk\/ansatte\/produkt\/advarsler-og-paataler\/","title":{"rendered":"Advarsler og p\u00e5taler"},"content":{"rendered":"<h1>Hj\u00e6lp til \u00a0advarsler og p\u00e5taler<\/h1>\n<h2>Har du styr p\u00e5 reglerne for advarsler og p\u00e5taler?<\/h2>\n<p>Her finder du juridisk korrekte advarsler &amp; p\u00e5taler<\/p>\n<p>&nbsp;<\/p>\n","protected":false},"excerpt":{"rendered":"<p>Hj\u00e6lp til \u00a0advarsler og p\u00e5taler Har du styr p\u00e5 reglerne for advarsler og p\u00e5taler? Her finder du juridisk korrekte advarsler &amp; p\u00e5taler &nbsp;<\/p>\n","protected":false},"featured_media":6264,"template":"","meta":{"_exactmetrics_skip_tracking":false,"_exactmetrics_sitenote_active":false,"_exactmetrics_sitenote_note":"","_exactmetrics_sitenote_category":0,"_monsterinsights_skip_tracking":false,"_monsterinsights_sitenote_active":false,"_monsterinsights_sitenote_note":"","_monsterinsights_sitenote_category":0},"product_brand":[],"product_cat":[2172],"product_tag":[],"shoptype":[],"class_list":{"0":"post-6263","1":"product","2":"type-product","3":"status-publish","4":"has-post-thumbnail","6":"product_cat-b4b-tilbud","8":"first","9":"instock","10":"shipping-taxable","11":"product-type-external"},"yoast_head":"<!-- This site is optimized with the Yoast SEO Premium plugin v16.3 (Yoast SEO v27.4) - https:\/\/yoast.com\/product\/yoast-seo-premium-wordpress\/ -->\n<title>Advarsler og p\u00e5taler - Ansatte<\/title>\n<meta name=\"robots\" content=\"index, follow, max-snippet:-1, max-image-preview:large, max-video-preview:-1\" \/>\n<link rel=\"canonical\" href=\"https:\/\/niipit.dk\/ansatte\/produkt\/advarsler-og-paataler\/\" \/>\n<meta property=\"og:locale\" content=\"da_DK\" \/>\n<meta property=\"og:type\" content=\"article\" \/>\n<meta property=\"og:title\" content=\"Advarsler og p\u00e5taler - Ansatte\" \/>\n<meta property=\"og:description\" content=\"Hj\u00e6lp til \u00a0advarsler og p\u00e5taler Har du styr p\u00e5 reglerne for advarsler og p\u00e5taler? Her finder du juridisk korrekte advarsler &amp; p\u00e5taler &nbsp;\" \/>\n<meta property=\"og:url\" content=\"https:\/\/niipit.dk\/ansatte\/produkt\/advarsler-og-paataler\/\" \/>\n<meta property=\"og:site_name\" content=\"Ansatte\" \/>\n<meta property=\"article:modified_time\" content=\"2020-04-21T10:41:15+00:00\" \/>\n<meta property=\"og:image\" content=\"https:\/\/niipit.dk\/ansatte\/wp-content\/uploads\/sites\/323\/2020\/04\/Advarsler-og-P\u00e5taler-Ansatte.dk_.png\" \/>\n\t<meta property=\"og:image:width\" content=\"682\" \/>\n\t<meta property=\"og:image:height\" content=\"682\" \/>\n\t<meta property=\"og:image:type\" content=\"image\/png\" \/>\n<meta name=\"twitter:card\" content=\"summary_large_image\" \/>\n<script type=\"application\/ld+json\" class=\"yoast-schema-graph\">{\"@context\":\"https:\\\/\\\/schema.org\",\"@graph\":[{\"@type\":\"WebPage\",\"@id\":\"https:\\\/\\\/niipit.dk\\\/ansatte\\\/produkt\\\/advarsler-og-paataler\\\/\",\"url\":\"https:\\\/\\\/niipit.dk\\\/ansatte\\\/produkt\\\/advarsler-og-paataler\\\/\",\"name\":\"Advarsler og p\u00e5taler - Ansatte\",\"isPartOf\":{\"@id\":\"http:\\\/\\\/niipit.dk\\\/ansatte\\\/#website\"},\"primaryImageOfPage\":{\"@id\":\"https:\\\/\\\/niipit.dk\\\/ansatte\\\/produkt\\\/advarsler-og-paataler\\\/#primaryimage\"},\"image\":{\"@id\":\"https:\\\/\\\/niipit.dk\\\/ansatte\\\/produkt\\\/advarsler-og-paataler\\\/#primaryimage\"},\"thumbnailUrl\":\"https:\\\/\\\/niipit.dk\\\/ansatte\\\/wp-content\\\/uploads\\\/sites\\\/323\\\/2020\\\/04\\\/Advarsler-og-P\u00e5taler-Ansatte.dk_.png\",\"datePublished\":\"2020-04-21T08:40:59+00:00\",\"dateModified\":\"2020-04-21T10:41:15+00:00\",\"breadcrumb\":{\"@id\":\"https:\\\/\\\/niipit.dk\\\/ansatte\\\/produkt\\\/advarsler-og-paataler\\\/#breadcrumb\"},\"inLanguage\":\"da-DK\",\"potentialAction\":[{\"@type\":\"ReadAction\",\"target\":[\"https:\\\/\\\/niipit.dk\\\/ansatte\\\/produkt\\\/advarsler-og-paataler\\\/\"]}]},{\"@type\":\"ImageObject\",\"inLanguage\":\"da-DK\",\"@id\":\"https:\\\/\\\/niipit.dk\\\/ansatte\\\/produkt\\\/advarsler-og-paataler\\\/#primaryimage\",\"url\":\"https:\\\/\\\/niipit.dk\\\/ansatte\\\/wp-content\\\/uploads\\\/sites\\\/323\\\/2020\\\/04\\\/Advarsler-og-P\u00e5taler-Ansatte.dk_.png\",\"contentUrl\":\"https:\\\/\\\/niipit.dk\\\/ansatte\\\/wp-content\\\/uploads\\\/sites\\\/323\\\/2020\\\/04\\\/Advarsler-og-P\u00e5taler-Ansatte.dk_.png\",\"width\":682,\"height\":682,\"caption\":\"Advarsler og P\u00e5taler Ansatte.dk\"},{\"@type\":\"BreadcrumbList\",\"@id\":\"https:\\\/\\\/niipit.dk\\\/ansatte\\\/produkt\\\/advarsler-og-paataler\\\/#breadcrumb\",\"itemListElement\":[{\"@type\":\"ListItem\",\"position\":1,\"name\":\"Hjem\",\"item\":\"http:\\\/\\\/niipit.dk\\\/ansatte\\\/\"},{\"@type\":\"ListItem\",\"position\":2,\"name\":\"Shop\",\"item\":\"https:\\\/\\\/niipit.dk\\\/ansatte\\\/?page_id=5078\"},{\"@type\":\"ListItem\",\"position\":3,\"name\":\"Advarsler og p\u00e5taler\"}]},{\"@type\":\"WebSite\",\"@id\":\"http:\\\/\\\/niipit.dk\\\/ansatte\\\/#website\",\"url\":\"http:\\\/\\\/niipit.dk\\\/ansatte\\\/\",\"name\":\"Ansatte\",\"description\":\"F\u00e5 din virksomhed p\u00e5 niipit\",\"potentialAction\":[{\"@type\":\"SearchAction\",\"target\":{\"@type\":\"EntryPoint\",\"urlTemplate\":\"http:\\\/\\\/niipit.dk\\\/ansatte\\\/?s={search_term_string}\"},\"query-input\":{\"@type\":\"PropertyValueSpecification\",\"valueRequired\":true,\"valueName\":\"search_term_string\"}}],\"inLanguage\":\"da-DK\"}]}<\/script>\n<!-- \/ Yoast SEO Premium plugin. -->","yoast_head_json":{"title":"Advarsler og p\u00e5taler - Ansatte","robots":{"index":"index","follow":"follow","max-snippet":"max-snippet:-1","max-image-preview":"max-image-preview:large","max-video-preview":"max-video-preview:-1"},"canonical":"https:\/\/niipit.dk\/ansatte\/produkt\/advarsler-og-paataler\/","og_locale":"da_DK","og_type":"article","og_title":"Advarsler og p\u00e5taler - Ansatte","og_description":"Hj\u00e6lp til \u00a0advarsler og p\u00e5taler Har du styr p\u00e5 reglerne for advarsler og p\u00e5taler? Her finder du juridisk korrekte advarsler &amp; p\u00e5taler &nbsp;","og_url":"https:\/\/niipit.dk\/ansatte\/produkt\/advarsler-og-paataler\/","og_site_name":"Ansatte","article_modified_time":"2020-04-21T10:41:15+00:00","og_image":[{"width":682,"height":682,"url":"https:\/\/niipit.dk\/ansatte\/wp-content\/uploads\/sites\/323\/2020\/04\/Advarsler-og-P\u00e5taler-Ansatte.dk_.png","type":"image\/png"}],"twitter_card":"summary_large_image","schema":{"@context":"https:\/\/schema.org","@graph":[{"@type":"WebPage","@id":"https:\/\/niipit.dk\/ansatte\/produkt\/advarsler-og-paataler\/","url":"https:\/\/niipit.dk\/ansatte\/produkt\/advarsler-og-paataler\/","name":"Advarsler og p\u00e5taler - Ansatte","isPartOf":{"@id":"http:\/\/niipit.dk\/ansatte\/#website"},"primaryImageOfPage":{"@id":"https:\/\/niipit.dk\/ansatte\/produkt\/advarsler-og-paataler\/#primaryimage"},"image":{"@id":"https:\/\/niipit.dk\/ansatte\/produkt\/advarsler-og-paataler\/#primaryimage"},"thumbnailUrl":"https:\/\/niipit.dk\/ansatte\/wp-content\/uploads\/sites\/323\/2020\/04\/Advarsler-og-P\u00e5taler-Ansatte.dk_.png","datePublished":"2020-04-21T08:40:59+00:00","dateModified":"2020-04-21T10:41:15+00:00","breadcrumb":{"@id":"https:\/\/niipit.dk\/ansatte\/produkt\/advarsler-og-paataler\/#breadcrumb"},"inLanguage":"da-DK","potentialAction":[{"@type":"ReadAction","target":["https:\/\/niipit.dk\/ansatte\/produkt\/advarsler-og-paataler\/"]}]},{"@type":"ImageObject","inLanguage":"da-DK","@id":"https:\/\/niipit.dk\/ansatte\/produkt\/advarsler-og-paataler\/#primaryimage","url":"https:\/\/niipit.dk\/ansatte\/wp-content\/uploads\/sites\/323\/2020\/04\/Advarsler-og-P\u00e5taler-Ansatte.dk_.png","contentUrl":"https:\/\/niipit.dk\/ansatte\/wp-content\/uploads\/sites\/323\/2020\/04\/Advarsler-og-P\u00e5taler-Ansatte.dk_.png","width":682,"height":682,"caption":"Advarsler og P\u00e5taler Ansatte.dk"},{"@type":"BreadcrumbList","@id":"https:\/\/niipit.dk\/ansatte\/produkt\/advarsler-og-paataler\/#breadcrumb","itemListElement":[{"@type":"ListItem","position":1,"name":"Hjem","item":"http:\/\/niipit.dk\/ansatte\/"},{"@type":"ListItem","position":2,"name":"Shop","item":"https:\/\/niipit.dk\/ansatte\/?page_id=5078"},{"@type":"ListItem","position":3,"name":"Advarsler og p\u00e5taler"}]},{"@type":"WebSite","@id":"http:\/\/niipit.dk\/ansatte\/#website","url":"http:\/\/niipit.dk\/ansatte\/","name":"Ansatte","description":"F\u00e5 din virksomhed p\u00e5 niipit","potentialAction":[{"@type":"SearchAction","target":{"@type":"EntryPoint","urlTemplate":"http:\/\/niipit.dk\/ansatte\/?s={search_term_string}"},"query-input":{"@type":"PropertyValueSpecification","valueRequired":true,"valueName":"search_term_string"}}],"inLanguage":"da-DK"}]}},"_links":{"self":[{"href":"https:\/\/niipit.dk\/ansatte\/wp-json\/wp\/v2\/product\/6263","targetHints":{"allow":["GET"]}}],"collection":[{"href":"https:\/\/niipit.dk\/ansatte\/wp-json\/wp\/v2\/product"}],"about":[{"href":"https:\/\/niipit.dk\/ansatte\/wp-json\/wp\/v2\/types\/product"}],"wp:featuredmedia":[{"embeddable":true,"href":"https:\/\/niipit.dk\/ansatte\/wp-json\/wp\/v2\/media\/6264"}],"wp:attachment":[{"href":"https:\/\/niipit.dk\/ansatte\/wp-json\/wp\/v2\/media?parent=6263"}],"wp:term":[{"taxonomy":"product_brand","embeddable":true,"href":"https:\/\/niipit.dk\/ansatte\/wp-json\/wp\/v2\/product_brand?post=6263"},{"taxonomy":"product_cat","embeddable":true,"href":"https:\/\/niipit.dk\/ansatte\/wp-json\/wp\/v2\/product_cat?post=6263"},{"taxonomy":"product_tag","embeddable":true,"href":"https:\/\/niipit.dk\/ansatte\/wp-json\/wp\/v2\/product_tag?post=6263"},{"taxonomy":"shoptype","embeddable":true,"href":"https:\/\/niipit.dk\/ansatte\/wp-json\/wp\/v2\/shoptype?post=6263"}],"curies":[{"name":"wp","href":"https:\/\/api.w.org\/{rel}","templated":true}]}}