{"id":6255,"date":"2020-04-21T12:35:23","date_gmt":"2020-04-21T10:35:23","guid":{"rendered":"https:\/\/niipit.dk\/ansatte\/?post_type=product&#038;p=6255"},"modified":"2021-01-01T10:35:19","modified_gmt":"2021-01-01T09:35:19","slug":"hr-personalejuridisk-raadgivning","status":"publish","type":"product","link":"https:\/\/niipit.dk\/ansatte\/produkt\/hr-personalejuridisk-raadgivning\/","title":{"rendered":"HR &#038; Personalejuridisk r\u00e5dgivning"},"content":{"rendered":"<h1>F\u00e5 2 m\u00e5neder HR &amp; Personalejuridisk r\u00e5dgivning for 0 kr<\/h1>\n<h2>Ubegr\u00e6nset personlig HR &amp; Personalejuridiske r\u00e5dgivning til dig som har ansatte.<\/h2>\n<p>Mangler du hj\u00e6lp til korrekt valg af ans\u00e6ttelseskontrakt jf. ans\u00e6ttelsesvilk\u00e5r<br \/>\nHar du brug for hj\u00e6lp til korrekt udarbejdelse af ans\u00e6ttelseskontrakt<br \/>\nHar du styr p\u00e5 korrekt udarbejdelse af en advarsel<br \/>\nMangler du hj\u00e6lp til korrekt udarbejdelse af en opsigelse<br \/>\nKender du en korrekt anvendelse af bortvisning<br \/>\nHar du 100% styr p\u00e5 sygdom og forpligtelser for personale<br \/>\nKender du til reglerne for graviditet og barsel for personale<br \/>\nDriller ferie og feriepenge dig<br \/>\nMangler du hj\u00e6lp til overenskomstforhold<br \/>\nBruger du kunde- og konkurrenceklausuler<br \/>\nKender du reglerne og forhold vedr. elever og flexjobbere<br \/>\nHar du styr p\u00e5 funktion\u00e6rlov og anden ans\u00e6ttelsesretlig lovgivning<br \/>\nKender du reglerne om personaleforhold ved overtagelse af virksomhed<br \/>\nEr der styr p\u00e5 arbejdsmilj\u00f8, herunder arbejdspladsvurdering (APV), og anmeldelse af arbejdsskader<br \/>\nHar du styr p\u00e5 sygeforsikring og sygedagpenge for ejer<br \/>\nVed du hvilke rettigheder og \u00f8konomi der g\u00e6lder under barsel for ejer<\/p>\n<h3>F\u00e5 24\/7\/365 adgang til HR-platformen og undg\u00e5 un\u00f8dige udgifter.<\/h3>\n<p>For under 300 kr pr m\u00e5ned pr medarbejder kan du f\u00e5 Hj\u00e6lp f\u00f8r skaden sker.<\/p>\n<p>Bliv medlem Nu og f\u00e5 de f\u00f8rste 2 m\u00e5neder for 0 kr<\/p>\n","protected":false},"excerpt":{"rendered":"<p>F\u00e5 2 m\u00e5neder HR &amp; Personalejuridisk r\u00e5dgivning for 0 kr Ubegr\u00e6nset personlig HR &amp; Personalejuridiske r\u00e5dgivning til dig som har ansatte. Mangler du hj\u00e6lp til korrekt valg af ans\u00e6ttelseskontrakt jf. ans\u00e6ttelsesvilk\u00e5r Har du brug for hj\u00e6lp til korrekt udarbejdelse af ans\u00e6ttelseskontrakt Har du styr p\u00e5 korrekt udarbejdelse af en advarsel Mangler du hj\u00e6lp til korrekt <a class=\"moretag btn btn-primary\" href=\"https:\/\/niipit.dk\/ansatte\/produkt\/hr-personalejuridisk-raadgivning\/\">L\u00e6s mere<\/a><\/p>\n","protected":false},"featured_media":5982,"template":"","meta":{"_exactmetrics_skip_tracking":false,"_exactmetrics_sitenote_active":false,"_exactmetrics_sitenote_note":"","_exactmetrics_sitenote_category":0,"_monsterinsights_skip_tracking":false,"_monsterinsights_sitenote_active":false,"_monsterinsights_sitenote_note":"","_monsterinsights_sitenote_category":0},"product_brand":[],"product_cat":[2172],"product_tag":[],"shoptype":[],"class_list":{"0":"post-6255","1":"product","2":"type-product","3":"status-publish","4":"has-post-thumbnail","6":"product_cat-b4b-tilbud","8":"first","9":"instock","10":"shipping-taxable","11":"product-type-external"},"yoast_head":"<!-- This site is optimized with the Yoast SEO Premium plugin v16.3 (Yoast SEO v27.4) - https:\/\/yoast.com\/product\/yoast-seo-premium-wordpress\/ -->\n<title>HR &amp; Personalejuridisk r\u00e5dgivning - Ansatte<\/title>\n<meta name=\"robots\" content=\"index, follow, max-snippet:-1, max-image-preview:large, max-video-preview:-1\" \/>\n<link rel=\"canonical\" href=\"https:\/\/niipit.dk\/ansatte\/produkt\/hr-personalejuridisk-raadgivning\/\" \/>\n<meta property=\"og:locale\" content=\"da_DK\" \/>\n<meta property=\"og:type\" content=\"article\" \/>\n<meta property=\"og:title\" content=\"HR &amp; Personalejuridisk r\u00e5dgivning - Ansatte\" \/>\n<meta property=\"og:description\" content=\"F\u00e5 2 m\u00e5neder HR &amp; Personalejuridisk r\u00e5dgivning for 0 kr Ubegr\u00e6nset personlig HR &amp; Personalejuridiske r\u00e5dgivning til dig som har ansatte. Mangler du hj\u00e6lp til korrekt valg af ans\u00e6ttelseskontrakt jf. ans\u00e6ttelsesvilk\u00e5r Har du brug for hj\u00e6lp til korrekt udarbejdelse af ans\u00e6ttelseskontrakt Har du styr p\u00e5 korrekt udarbejdelse af en advarsel Mangler du hj\u00e6lp til korrekt L\u00e6s mere\" \/>\n<meta property=\"og:url\" content=\"https:\/\/niipit.dk\/ansatte\/produkt\/hr-personalejuridisk-raadgivning\/\" \/>\n<meta property=\"og:site_name\" content=\"Ansatte\" \/>\n<meta property=\"article:modified_time\" content=\"2021-01-01T09:35:19+00:00\" \/>\n<meta property=\"og:image\" content=\"https:\/\/niipit.dk\/ansatte\/wp-content\/uploads\/sites\/323\/2019\/10\/ansatte.dk-Fremtidens-HR-Platform.png\" \/>\n\t<meta property=\"og:image:width\" content=\"237\" \/>\n\t<meta property=\"og:image:height\" content=\"41\" \/>\n\t<meta property=\"og:image:type\" content=\"image\/png\" \/>\n<meta name=\"twitter:card\" content=\"summary_large_image\" \/>\n<meta name=\"twitter:label1\" content=\"Estimeret l\u00e6setid\" \/>\n\t<meta name=\"twitter:data1\" content=\"1 minut\" \/>\n<script type=\"application\/ld+json\" class=\"yoast-schema-graph\">{\"@context\":\"https:\\\/\\\/schema.org\",\"@graph\":[{\"@type\":\"WebPage\",\"@id\":\"https:\\\/\\\/niipit.dk\\\/ansatte\\\/produkt\\\/hr-personalejuridisk-raadgivning\\\/\",\"url\":\"https:\\\/\\\/niipit.dk\\\/ansatte\\\/produkt\\\/hr-personalejuridisk-raadgivning\\\/\",\"name\":\"HR & Personalejuridisk r\u00e5dgivning - Ansatte\",\"isPartOf\":{\"@id\":\"http:\\\/\\\/niipit.dk\\\/ansatte\\\/#website\"},\"primaryImageOfPage\":{\"@id\":\"https:\\\/\\\/niipit.dk\\\/ansatte\\\/produkt\\\/hr-personalejuridisk-raadgivning\\\/#primaryimage\"},\"image\":{\"@id\":\"https:\\\/\\\/niipit.dk\\\/ansatte\\\/produkt\\\/hr-personalejuridisk-raadgivning\\\/#primaryimage\"},\"thumbnailUrl\":\"https:\\\/\\\/niipit.dk\\\/ansatte\\\/wp-content\\\/uploads\\\/sites\\\/323\\\/2019\\\/10\\\/ansatte.dk-Fremtidens-HR-Platform.png\",\"datePublished\":\"2020-04-21T10:35:23+00:00\",\"dateModified\":\"2021-01-01T09:35:19+00:00\",\"breadcrumb\":{\"@id\":\"https:\\\/\\\/niipit.dk\\\/ansatte\\\/produkt\\\/hr-personalejuridisk-raadgivning\\\/#breadcrumb\"},\"inLanguage\":\"da-DK\",\"potentialAction\":[{\"@type\":\"ReadAction\",\"target\":[\"https:\\\/\\\/niipit.dk\\\/ansatte\\\/produkt\\\/hr-personalejuridisk-raadgivning\\\/\"]}]},{\"@type\":\"ImageObject\",\"inLanguage\":\"da-DK\",\"@id\":\"https:\\\/\\\/niipit.dk\\\/ansatte\\\/produkt\\\/hr-personalejuridisk-raadgivning\\\/#primaryimage\",\"url\":\"https:\\\/\\\/niipit.dk\\\/ansatte\\\/wp-content\\\/uploads\\\/sites\\\/323\\\/2019\\\/10\\\/ansatte.dk-Fremtidens-HR-Platform.png\",\"contentUrl\":\"https:\\\/\\\/niipit.dk\\\/ansatte\\\/wp-content\\\/uploads\\\/sites\\\/323\\\/2019\\\/10\\\/ansatte.dk-Fremtidens-HR-Platform.png\",\"width\":237,\"height\":41,\"caption\":\"Ansatte.dk Fremtidens HR-Platform\"},{\"@type\":\"BreadcrumbList\",\"@id\":\"https:\\\/\\\/niipit.dk\\\/ansatte\\\/produkt\\\/hr-personalejuridisk-raadgivning\\\/#breadcrumb\",\"itemListElement\":[{\"@type\":\"ListItem\",\"position\":1,\"name\":\"Hjem\",\"item\":\"http:\\\/\\\/niipit.dk\\\/ansatte\\\/\"},{\"@type\":\"ListItem\",\"position\":2,\"name\":\"Shop\",\"item\":\"https:\\\/\\\/niipit.dk\\\/ansatte\\\/?page_id=5078\"},{\"@type\":\"ListItem\",\"position\":3,\"name\":\"HR &#038; Personalejuridisk r\u00e5dgivning\"}]},{\"@type\":\"WebSite\",\"@id\":\"http:\\\/\\\/niipit.dk\\\/ansatte\\\/#website\",\"url\":\"http:\\\/\\\/niipit.dk\\\/ansatte\\\/\",\"name\":\"Ansatte\",\"description\":\"F\u00e5 din virksomhed p\u00e5 niipit\",\"potentialAction\":[{\"@type\":\"SearchAction\",\"target\":{\"@type\":\"EntryPoint\",\"urlTemplate\":\"http:\\\/\\\/niipit.dk\\\/ansatte\\\/?s={search_term_string}\"},\"query-input\":{\"@type\":\"PropertyValueSpecification\",\"valueRequired\":true,\"valueName\":\"search_term_string\"}}],\"inLanguage\":\"da-DK\"}]}<\/script>\n<!-- \/ Yoast SEO Premium plugin. -->","yoast_head_json":{"title":"HR & Personalejuridisk r\u00e5dgivning - Ansatte","robots":{"index":"index","follow":"follow","max-snippet":"max-snippet:-1","max-image-preview":"max-image-preview:large","max-video-preview":"max-video-preview:-1"},"canonical":"https:\/\/niipit.dk\/ansatte\/produkt\/hr-personalejuridisk-raadgivning\/","og_locale":"da_DK","og_type":"article","og_title":"HR & Personalejuridisk r\u00e5dgivning - Ansatte","og_description":"F\u00e5 2 m\u00e5neder HR &amp; Personalejuridisk r\u00e5dgivning for 0 kr Ubegr\u00e6nset personlig HR &amp; Personalejuridiske r\u00e5dgivning til dig som har ansatte. Mangler du hj\u00e6lp til korrekt valg af ans\u00e6ttelseskontrakt jf. ans\u00e6ttelsesvilk\u00e5r Har du brug for hj\u00e6lp til korrekt udarbejdelse af ans\u00e6ttelseskontrakt Har du styr p\u00e5 korrekt udarbejdelse af en advarsel Mangler du hj\u00e6lp til korrekt L\u00e6s mere","og_url":"https:\/\/niipit.dk\/ansatte\/produkt\/hr-personalejuridisk-raadgivning\/","og_site_name":"Ansatte","article_modified_time":"2021-01-01T09:35:19+00:00","og_image":[{"width":237,"height":41,"url":"https:\/\/niipit.dk\/ansatte\/wp-content\/uploads\/sites\/323\/2019\/10\/ansatte.dk-Fremtidens-HR-Platform.png","type":"image\/png"}],"twitter_card":"summary_large_image","twitter_misc":{"Estimeret l\u00e6setid":"1 minut"},"schema":{"@context":"https:\/\/schema.org","@graph":[{"@type":"WebPage","@id":"https:\/\/niipit.dk\/ansatte\/produkt\/hr-personalejuridisk-raadgivning\/","url":"https:\/\/niipit.dk\/ansatte\/produkt\/hr-personalejuridisk-raadgivning\/","name":"HR & Personalejuridisk r\u00e5dgivning - Ansatte","isPartOf":{"@id":"http:\/\/niipit.dk\/ansatte\/#website"},"primaryImageOfPage":{"@id":"https:\/\/niipit.dk\/ansatte\/produkt\/hr-personalejuridisk-raadgivning\/#primaryimage"},"image":{"@id":"https:\/\/niipit.dk\/ansatte\/produkt\/hr-personalejuridisk-raadgivning\/#primaryimage"},"thumbnailUrl":"https:\/\/niipit.dk\/ansatte\/wp-content\/uploads\/sites\/323\/2019\/10\/ansatte.dk-Fremtidens-HR-Platform.png","datePublished":"2020-04-21T10:35:23+00:00","dateModified":"2021-01-01T09:35:19+00:00","breadcrumb":{"@id":"https:\/\/niipit.dk\/ansatte\/produkt\/hr-personalejuridisk-raadgivning\/#breadcrumb"},"inLanguage":"da-DK","potentialAction":[{"@type":"ReadAction","target":["https:\/\/niipit.dk\/ansatte\/produkt\/hr-personalejuridisk-raadgivning\/"]}]},{"@type":"ImageObject","inLanguage":"da-DK","@id":"https:\/\/niipit.dk\/ansatte\/produkt\/hr-personalejuridisk-raadgivning\/#primaryimage","url":"https:\/\/niipit.dk\/ansatte\/wp-content\/uploads\/sites\/323\/2019\/10\/ansatte.dk-Fremtidens-HR-Platform.png","contentUrl":"https:\/\/niipit.dk\/ansatte\/wp-content\/uploads\/sites\/323\/2019\/10\/ansatte.dk-Fremtidens-HR-Platform.png","width":237,"height":41,"caption":"Ansatte.dk Fremtidens HR-Platform"},{"@type":"BreadcrumbList","@id":"https:\/\/niipit.dk\/ansatte\/produkt\/hr-personalejuridisk-raadgivning\/#breadcrumb","itemListElement":[{"@type":"ListItem","position":1,"name":"Hjem","item":"http:\/\/niipit.dk\/ansatte\/"},{"@type":"ListItem","position":2,"name":"Shop","item":"https:\/\/niipit.dk\/ansatte\/?page_id=5078"},{"@type":"ListItem","position":3,"name":"HR &#038; Personalejuridisk r\u00e5dgivning"}]},{"@type":"WebSite","@id":"http:\/\/niipit.dk\/ansatte\/#website","url":"http:\/\/niipit.dk\/ansatte\/","name":"Ansatte","description":"F\u00e5 din virksomhed p\u00e5 niipit","potentialAction":[{"@type":"SearchAction","target":{"@type":"EntryPoint","urlTemplate":"http:\/\/niipit.dk\/ansatte\/?s={search_term_string}"},"query-input":{"@type":"PropertyValueSpecification","valueRequired":true,"valueName":"search_term_string"}}],"inLanguage":"da-DK"}]}},"_links":{"self":[{"href":"https:\/\/niipit.dk\/ansatte\/wp-json\/wp\/v2\/product\/6255","targetHints":{"allow":["GET"]}}],"collection":[{"href":"https:\/\/niipit.dk\/ansatte\/wp-json\/wp\/v2\/product"}],"about":[{"href":"https:\/\/niipit.dk\/ansatte\/wp-json\/wp\/v2\/types\/product"}],"wp:featuredmedia":[{"embeddable":true,"href":"https:\/\/niipit.dk\/ansatte\/wp-json\/wp\/v2\/media\/5982"}],"wp:attachment":[{"href":"https:\/\/niipit.dk\/ansatte\/wp-json\/wp\/v2\/media?parent=6255"}],"wp:term":[{"taxonomy":"product_brand","embeddable":true,"href":"https:\/\/niipit.dk\/ansatte\/wp-json\/wp\/v2\/product_brand?post=6255"},{"taxonomy":"product_cat","embeddable":true,"href":"https:\/\/niipit.dk\/ansatte\/wp-json\/wp\/v2\/product_cat?post=6255"},{"taxonomy":"product_tag","embeddable":true,"href":"https:\/\/niipit.dk\/ansatte\/wp-json\/wp\/v2\/product_tag?post=6255"},{"taxonomy":"shoptype","embeddable":true,"href":"https:\/\/niipit.dk\/ansatte\/wp-json\/wp\/v2\/shoptype?post=6255"}],"curies":[{"name":"wp","href":"https:\/\/api.w.org\/{rel}","templated":true}]}}