{"id":5064,"date":"2018-08-10T22:29:34","date_gmt":"2018-08-10T20:29:34","guid":{"rendered":"https:\/\/niipit.dk\/ansatte\/?page_id=5064"},"modified":"2020-01-20T13:24:09","modified_gmt":"2020-01-20T12:24:09","slug":"frontpage","status":"publish","type":"page","link":"https:\/\/niipit.dk\/ansatte\/","title":{"rendered":"Forside"},"content":{"rendered":"","protected":false},"excerpt":{"rendered":"","protected":false},"author":151,"featured_media":0,"parent":0,"menu_order":0,"comment_status":"closed","ping_status":"closed","template":"frontpagePremium.php","meta":{"_exactmetrics_skip_tracking":false,"_exactmetrics_sitenote_active":false,"_exactmetrics_sitenote_note":"","_exactmetrics_sitenote_category":0,"_monsterinsights_skip_tracking":false,"_monsterinsights_sitenote_active":false,"_monsterinsights_sitenote_note":"","_monsterinsights_sitenote_category":0,"footnotes":""},"class_list":["post-5064","page","type-page","status-publish","hentry"],"yoast_head":"<!-- This site is optimized with the Yoast SEO Premium plugin v16.3 (Yoast SEO v27.3) - https:\/\/yoast.com\/product\/yoast-seo-premium-wordpress\/ -->\n<title>Ansatte har deres fageforening - Arbejdsgivere har Ansatte.dk<\/title>\n<meta name=\"description\" content=\"Har du Ansatte og dr\u00f8mmer du om HR og personalejuridsisk r\u00e5dgivning. S\u00e5 se her hvordan du kan f\u00e5 hj\u00e6lp hver m\u00e5ned. Priser fra 236 kr pr m\u00e5ned\" \/>\n<meta name=\"robots\" content=\"index, follow, max-snippet:-1, max-image-preview:large, max-video-preview:-1\" \/>\n<link rel=\"canonical\" href=\"http:\/\/niipit.dk\/ansatte\/\" \/>\n<meta property=\"og:locale\" content=\"da_DK\" \/>\n<meta property=\"og:type\" content=\"article\" \/>\n<meta property=\"og:title\" content=\"Ansatte har deres fageforening - Arbejdsgivere har Ansatte.dk\" \/>\n<meta property=\"og:description\" content=\"Har du Ansatte og dr\u00f8mmer du om HR og personalejuridsisk r\u00e5dgivning. S\u00e5 se her hvordan du kan f\u00e5 hj\u00e6lp hver m\u00e5ned. Priser fra 236 kr pr m\u00e5ned\" \/>\n<meta property=\"og:url\" content=\"http:\/\/niipit.dk\/ansatte\/\" \/>\n<meta property=\"og:site_name\" content=\"Ansatte\" \/>\n<meta property=\"article:modified_time\" content=\"2020-01-20T12:24:09+00:00\" \/>\n<meta property=\"og:image\" content=\"http:\/\/niipit.dk\/ansatte\/wp-content\/uploads\/sites\/323\/2019\/10\/Ansatte.dk-Hr-og-Personalejuridisk-r\u00e5dgivning.jpg\" \/>\n\t<meta property=\"og:image:width\" content=\"1200\" \/>\n\t<meta property=\"og:image:height\" content=\"628\" \/>\n\t<meta property=\"og:image:type\" content=\"image\/jpeg\" \/>\n<meta name=\"twitter:card\" content=\"summary_large_image\" \/>\n<script type=\"application\/ld+json\" class=\"yoast-schema-graph\">{\"@context\":\"https:\\\/\\\/schema.org\",\"@graph\":[{\"@type\":\"WebPage\",\"@id\":\"http:\\\/\\\/niipit.dk\\\/ansatte\\\/\",\"url\":\"http:\\\/\\\/niipit.dk\\\/ansatte\\\/\",\"name\":\"Ansatte har deres fageforening - Arbejdsgivere har Ansatte.dk\",\"isPartOf\":{\"@id\":\"http:\\\/\\\/niipit.dk\\\/ansatte\\\/#website\"},\"datePublished\":\"2018-08-10T20:29:34+00:00\",\"dateModified\":\"2020-01-20T12:24:09+00:00\",\"description\":\"Har du Ansatte og dr\u00f8mmer du om HR og personalejuridsisk r\u00e5dgivning. S\u00e5 se her hvordan du kan f\u00e5 hj\u00e6lp hver m\u00e5ned. Priser fra 236 kr pr m\u00e5ned\",\"breadcrumb\":{\"@id\":\"http:\\\/\\\/niipit.dk\\\/ansatte\\\/#breadcrumb\"},\"inLanguage\":\"da-DK\",\"potentialAction\":[{\"@type\":\"ReadAction\",\"target\":[\"http:\\\/\\\/niipit.dk\\\/ansatte\\\/\"]}]},{\"@type\":\"BreadcrumbList\",\"@id\":\"http:\\\/\\\/niipit.dk\\\/ansatte\\\/#breadcrumb\",\"itemListElement\":[{\"@type\":\"ListItem\",\"position\":1,\"name\":\"Hjem\",\"item\":\"http:\\\/\\\/niipit.dk\\\/ansatte\\\/\"},{\"@type\":\"ListItem\",\"position\":2,\"name\":\"Forside\"}]},{\"@type\":\"WebSite\",\"@id\":\"http:\\\/\\\/niipit.dk\\\/ansatte\\\/#website\",\"url\":\"http:\\\/\\\/niipit.dk\\\/ansatte\\\/\",\"name\":\"Ansatte\",\"description\":\"F\u00e5 din virksomhed p\u00e5 niipit\",\"potentialAction\":[{\"@type\":\"SearchAction\",\"target\":{\"@type\":\"EntryPoint\",\"urlTemplate\":\"http:\\\/\\\/niipit.dk\\\/ansatte\\\/?s={search_term_string}\"},\"query-input\":{\"@type\":\"PropertyValueSpecification\",\"valueRequired\":true,\"valueName\":\"search_term_string\"}}],\"inLanguage\":\"da-DK\"}]}<\/script>\n<!-- \/ Yoast SEO Premium plugin. -->","yoast_head_json":{"title":"Ansatte har deres fageforening - Arbejdsgivere har Ansatte.dk","description":"Har du Ansatte og dr\u00f8mmer du om HR og personalejuridsisk r\u00e5dgivning. S\u00e5 se her hvordan du kan f\u00e5 hj\u00e6lp hver m\u00e5ned. Priser fra 236 kr pr m\u00e5ned","robots":{"index":"index","follow":"follow","max-snippet":"max-snippet:-1","max-image-preview":"max-image-preview:large","max-video-preview":"max-video-preview:-1"},"canonical":"http:\/\/niipit.dk\/ansatte\/","og_locale":"da_DK","og_type":"article","og_title":"Ansatte har deres fageforening - Arbejdsgivere har Ansatte.dk","og_description":"Har du Ansatte og dr\u00f8mmer du om HR og personalejuridsisk r\u00e5dgivning. S\u00e5 se her hvordan du kan f\u00e5 hj\u00e6lp hver m\u00e5ned. Priser fra 236 kr pr m\u00e5ned","og_url":"http:\/\/niipit.dk\/ansatte\/","og_site_name":"Ansatte","article_modified_time":"2020-01-20T12:24:09+00:00","og_image":[{"width":1200,"height":628,"url":"http:\/\/niipit.dk\/ansatte\/wp-content\/uploads\/sites\/323\/2019\/10\/Ansatte.dk-Hr-og-Personalejuridisk-r\u00e5dgivning.jpg","type":"image\/jpeg"}],"twitter_card":"summary_large_image","schema":{"@context":"https:\/\/schema.org","@graph":[{"@type":"WebPage","@id":"http:\/\/niipit.dk\/ansatte\/","url":"http:\/\/niipit.dk\/ansatte\/","name":"Ansatte har deres fageforening - Arbejdsgivere har Ansatte.dk","isPartOf":{"@id":"http:\/\/niipit.dk\/ansatte\/#website"},"datePublished":"2018-08-10T20:29:34+00:00","dateModified":"2020-01-20T12:24:09+00:00","description":"Har du Ansatte og dr\u00f8mmer du om HR og personalejuridsisk r\u00e5dgivning. S\u00e5 se her hvordan du kan f\u00e5 hj\u00e6lp hver m\u00e5ned. Priser fra 236 kr pr m\u00e5ned","breadcrumb":{"@id":"http:\/\/niipit.dk\/ansatte\/#breadcrumb"},"inLanguage":"da-DK","potentialAction":[{"@type":"ReadAction","target":["http:\/\/niipit.dk\/ansatte\/"]}]},{"@type":"BreadcrumbList","@id":"http:\/\/niipit.dk\/ansatte\/#breadcrumb","itemListElement":[{"@type":"ListItem","position":1,"name":"Hjem","item":"http:\/\/niipit.dk\/ansatte\/"},{"@type":"ListItem","position":2,"name":"Forside"}]},{"@type":"WebSite","@id":"http:\/\/niipit.dk\/ansatte\/#website","url":"http:\/\/niipit.dk\/ansatte\/","name":"Ansatte","description":"F\u00e5 din virksomhed p\u00e5 niipit","potentialAction":[{"@type":"SearchAction","target":{"@type":"EntryPoint","urlTemplate":"http:\/\/niipit.dk\/ansatte\/?s={search_term_string}"},"query-input":{"@type":"PropertyValueSpecification","valueRequired":true,"valueName":"search_term_string"}}],"inLanguage":"da-DK"}]}},"_links":{"self":[{"href":"https:\/\/niipit.dk\/ansatte\/wp-json\/wp\/v2\/pages\/5064","targetHints":{"allow":["GET"]}}],"collection":[{"href":"https:\/\/niipit.dk\/ansatte\/wp-json\/wp\/v2\/pages"}],"about":[{"href":"https:\/\/niipit.dk\/ansatte\/wp-json\/wp\/v2\/types\/page"}],"author":[{"embeddable":true,"href":"https:\/\/niipit.dk\/ansatte\/wp-json\/wp\/v2\/users\/151"}],"replies":[{"embeddable":true,"href":"https:\/\/niipit.dk\/ansatte\/wp-json\/wp\/v2\/comments?post=5064"}],"version-history":[{"count":0,"href":"https:\/\/niipit.dk\/ansatte\/wp-json\/wp\/v2\/pages\/5064\/revisions"}],"wp:attachment":[{"href":"https:\/\/niipit.dk\/ansatte\/wp-json\/wp\/v2\/media?parent=5064"}],"curies":[{"name":"wp","href":"https:\/\/api.w.org\/{rel}","templated":true}]}}