{"id":5105,"date":"2018-08-15T22:02:47","date_gmt":"2018-08-15T20:02:47","guid":{"rendered":"https:\/\/niipit.dk\/nv2-QogM\/?page_id=5105"},"modified":"2020-07-02T20:15:33","modified_gmt":"2020-07-02T18:15:33","slug":"om","status":"publish","type":"page","link":"https:\/\/niipit.dk\/annette-dich\/om\/","title":{"rendered":"Min  Historie"},"content":{"rendered":"<div class=\"thrv_wrapper thrv_heading\" data-tag=\"h1\" data-css=\"tve-u-163a601a1f4\">\n<h1 class=\"font_2\">Lidt mere om min historie.<\/h1>\n<\/div>\n<div class=\"thrv_wrapper thrv_text_element tve_empty_dropzone\" data-css=\"tve-u-163a60acbcb\">\n<div class=\"thrv_wrapper thrv_text_element tve_empty_dropzone\" data-css=\"tve-u-163a3bcdd15\">\n<p data-css=\"tve-u-163a3bcdd13\">\u00a0<\/p>\n<\/div>\n<\/div>\n\n\n<h2 class=\"wp-block-heading\">Ja, jeg var tryllebundet, da jeg s\u00e5 den TV-udsendelse.<br>\u00a0<\/h2>\n\n\n\n<p><strong>Mennesker, der gennem mange \u00e5r ikke havde v\u00e6ret til tandl\u00e6ge p\u00e5 grund af en alt overskyggende angst, l\u00e5 fuldst\u00e6ndig up\u00e5virket og fik lavet deres&nbsp;t\u00e6nder \u2013 jeg var solgt.<br>Dem, der deltog i udsendelsen og som var i hypnose, var ganske up\u00e5virkede&nbsp;\u2013 Ja jeg var solgt. D\u00e9t d\u00e9r ville jeg kunne \u2013 t\u00e6nkte jeg.<\/strong><br>&nbsp;<\/p>\n\n\n\n<p><strong>Men der skulle g\u00e5 mange \u00e5r og l\u00f8be meeeeget vand i \u00e5en f\u00f8rst.&nbsp;<\/strong><strong>For selv om jeg ikke har tandl\u00e6geangst(skr\u00e6k) \u2013 s\u00e5 fik jeg angst, da min mand smuttede med en anden.<br><br>Jeg stod et sted, som jeg ikke havde set komme. Tanker med bekymringer, vrede, at v\u00e6re vraget og skiftet ud, fyldte. Der var flere sp\u00f8rgsm\u00e5l end der kom svar. Det fik virkelig tag i mig, og endte i angst.<\/strong><\/p>\n\n\n\n<p>\u200b<\/p>\n\n\n\n<p><strong>\u200bDet tog nogle \u00e5r at bide skeer med, og undervejs fors\u00f8gte jeg forskellige former for terapi. P\u00e5 min vej tilbage \u201dl\u00f8b\u201d jeg ind i en dygtig hypnotis\u00f8r, og brikkerne begyndte langsomt at falde p\u00e5 plads. Jeg opdagede, at&nbsp;det var ok at have alle de&nbsp;f\u00f8leser&nbsp;jeg havde. Jeg var helt ok som jeg var. Den&nbsp;store befrielse for mig var, at jeg oplevede, at hypnosen p\u00e5 en blid og indsigtsfuld m\u00e5de br\u00f8d med mine f\u00f8lelser, tanker og vaner. Det \u00e6ndrede mit liv, og det blev vejen ud af angstens greb.<\/strong><br><br><strong>Selvom det lyder som en klich\u00e9 &#8211; vil&nbsp;jeg ikke have v\u00e6ret noget af det foruden. Jeg blev kastet ud et sted, hvor jeg troede, jeg skulle d\u00f8. Jeg opdagede i stedet, hvor uendelig st\u00e6rk og modig kroppen og sindet er, n\u00e5r jeg t\u00f8r se min v\u00e6rste&nbsp;vrede, uvished, magtesl\u00f8shed&nbsp;og sorg i \u00f8jnene.<br><br>Derfor ved jeg nu, hvor stor en overvindelse og hvor mange kr\u00e6fter der skal til&nbsp;for at komme fri af angsten og skr\u00e6kken.<br><br>Nu mange \u00e5r efter st\u00e5r jeg endelig her, hvor jeg er klar til at hj\u00e6lpe dig ud af tandl\u00e6geskr\u00e6kkens jerngreb.<\/strong><\/p>\n\n\n\n<p><br><strong>Start din forvandling i dag &#8211; f\u00e5 en&nbsp;gratis og nem 12 trins&nbsp;<a href=\"https:\/\/www.annette-dich.dk\/gratis-til-dig\">Selvhypnose.<\/a><\/strong><\/p>\n\n\n\n<p><strong>\u200b<\/strong><\/p>\n\n\n\n<p><strong>\u200b<\/strong><\/p>\n\n\n\n<p><strong>\u200b<\/strong><\/p>\n\n\n\n<h2 class=\"wp-block-heading\"><strong>Min faglige&nbsp;baggrund<\/strong><\/h2>\n\n\n\n<h4 class=\"wp-block-heading\"><strong>Hypnose v. Mads Aggerholm Munch 2017 og 2018<\/strong><\/h4>\n\n\n\n<p><strong>Sexolog v. Joan \u00d8rting 2014-2016<br><br>Skolesekret\u00e6r Gasv\u00e6rksvejens Skole 2008-2018<\/strong><\/p>\n\n\n\n<p><strong>Tankefeltterapeut v. Lars Mygin 2004-2005<\/strong><\/p>\n\n\n\n<p><strong>Medunderviser p\u00e5 hypnoseuddannelsen v. Hypnoseinstituttet 2004<\/strong><\/p>\n\n\n\n<p><strong>Hypnose og NLP master v. Hypnose instituttet 2003-2004<\/strong><\/p>\n\n\n\n<p><strong>Zoneterapeut v. Solvej Lauborg 1984-1986<\/strong><\/p>\n\n\n\n<p><strong>Tandklinikassistent og tandl\u00e6geh\u00f8jskolen 1979-2007<\/strong><\/p>\n","protected":false},"excerpt":{"rendered":"<p>Lidt mere om min historie. \u00a0 Ja, jeg var tryllebundet, da jeg s\u00e5 den TV-udsendelse.\u00a0 Mennesker, der gennem mange \u00e5r ikke havde v\u00e6ret til tandl\u00e6ge p\u00e5 grund af en alt overskyggende angst, l\u00e5 fuldst\u00e6ndig up\u00e5virket og fik lavet deres&nbsp;t\u00e6nder \u2013 jeg var solgt.Dem, der deltog i udsendelsen og som var i hypnose, var ganske up\u00e5virkede&nbsp;\u2013 <a class=\"moretag btn btn-primary\" href=\"https:\/\/niipit.dk\/annette-dich\/om\/\">L\u00e6s mere<\/a><\/p>\n","protected":false},"author":970,"featured_media":0,"parent":0,"menu_order":0,"comment_status":"closed","ping_status":"closed","template":"","meta":{"_exactmetrics_skip_tracking":false,"_exactmetrics_sitenote_active":false,"_exactmetrics_sitenote_note":"","_exactmetrics_sitenote_category":0,"_monsterinsights_skip_tracking":false,"_monsterinsights_sitenote_active":false,"_monsterinsights_sitenote_note":"","_monsterinsights_sitenote_category":0,"footnotes":""},"class_list":["post-5105","page","type-page","status-publish","hentry"],"yoast_head":"<!-- This site is optimized with the Yoast SEO Premium plugin v16.3 (Yoast SEO v27.4) - https:\/\/yoast.com\/product\/yoast-seo-premium-wordpress\/ -->\n<title>Min Historie - Annette Dich<\/title>\n<meta name=\"robots\" content=\"index, follow, max-snippet:-1, max-image-preview:large, max-video-preview:-1\" \/>\n<link rel=\"canonical\" href=\"https:\/\/niipit.dk\/annette-dich\/om\/\" \/>\n<meta property=\"og:locale\" content=\"da_DK\" \/>\n<meta property=\"og:type\" content=\"article\" \/>\n<meta property=\"og:title\" content=\"Min Historie - Annette Dich\" \/>\n<meta property=\"og:description\" content=\"Lidt mere om min historie. \u00a0 Ja, jeg var tryllebundet, da jeg s\u00e5 den TV-udsendelse.\u00a0 Mennesker, der gennem mange \u00e5r ikke havde v\u00e6ret til tandl\u00e6ge p\u00e5 grund af en alt overskyggende angst, l\u00e5 fuldst\u00e6ndig up\u00e5virket og fik lavet deres&nbsp;t\u00e6nder \u2013 jeg var solgt.Dem, der deltog i udsendelsen og som var i hypnose, var ganske up\u00e5virkede&nbsp;\u2013 L\u00e6s mere\" \/>\n<meta property=\"og:url\" content=\"https:\/\/niipit.dk\/annette-dich\/om\/\" \/>\n<meta property=\"og:site_name\" content=\"Annette Dich\" \/>\n<meta property=\"article:modified_time\" content=\"2020-07-02T18:15:33+00:00\" \/>\n<meta name=\"twitter:card\" content=\"summary_large_image\" \/>\n<meta name=\"twitter:label1\" content=\"Estimeret l\u00e6setid\" \/>\n\t<meta name=\"twitter:data1\" content=\"2 minutter\" \/>\n<script type=\"application\/ld+json\" class=\"yoast-schema-graph\">{\"@context\":\"https:\\\/\\\/schema.org\",\"@graph\":[{\"@type\":\"WebPage\",\"@id\":\"https:\\\/\\\/niipit.dk\\\/annette-dich\\\/om\\\/\",\"url\":\"https:\\\/\\\/niipit.dk\\\/annette-dich\\\/om\\\/\",\"name\":\"Min Historie - Annette Dich\",\"isPartOf\":{\"@id\":\"https:\\\/\\\/niipit.dk\\\/annette-dich\\\/#website\"},\"datePublished\":\"2018-08-15T20:02:47+00:00\",\"dateModified\":\"2020-07-02T18:15:33+00:00\",\"breadcrumb\":{\"@id\":\"https:\\\/\\\/niipit.dk\\\/annette-dich\\\/om\\\/#breadcrumb\"},\"inLanguage\":\"da-DK\",\"potentialAction\":[{\"@type\":\"ReadAction\",\"target\":[\"https:\\\/\\\/niipit.dk\\\/annette-dich\\\/om\\\/\"]}]},{\"@type\":\"BreadcrumbList\",\"@id\":\"https:\\\/\\\/niipit.dk\\\/annette-dich\\\/om\\\/#breadcrumb\",\"itemListElement\":[{\"@type\":\"ListItem\",\"position\":1,\"name\":\"Hjem\",\"item\":\"https:\\\/\\\/niipit.dk\\\/annette-dich\\\/\"},{\"@type\":\"ListItem\",\"position\":2,\"name\":\"Min Historie\"}]},{\"@type\":\"WebSite\",\"@id\":\"https:\\\/\\\/niipit.dk\\\/annette-dich\\\/#website\",\"url\":\"https:\\\/\\\/niipit.dk\\\/annette-dich\\\/\",\"name\":\"Annette Dich\",\"description\":\"Velv\u00e6re for dig\",\"potentialAction\":[{\"@type\":\"SearchAction\",\"target\":{\"@type\":\"EntryPoint\",\"urlTemplate\":\"https:\\\/\\\/niipit.dk\\\/annette-dich\\\/?s={search_term_string}\"},\"query-input\":{\"@type\":\"PropertyValueSpecification\",\"valueRequired\":true,\"valueName\":\"search_term_string\"}}],\"inLanguage\":\"da-DK\"}]}<\/script>\n<!-- \/ Yoast SEO Premium plugin. -->","yoast_head_json":{"title":"Min Historie - Annette Dich","robots":{"index":"index","follow":"follow","max-snippet":"max-snippet:-1","max-image-preview":"max-image-preview:large","max-video-preview":"max-video-preview:-1"},"canonical":"https:\/\/niipit.dk\/annette-dich\/om\/","og_locale":"da_DK","og_type":"article","og_title":"Min Historie - Annette Dich","og_description":"Lidt mere om min historie. \u00a0 Ja, jeg var tryllebundet, da jeg s\u00e5 den TV-udsendelse.\u00a0 Mennesker, der gennem mange \u00e5r ikke havde v\u00e6ret til tandl\u00e6ge p\u00e5 grund af en alt overskyggende angst, l\u00e5 fuldst\u00e6ndig up\u00e5virket og fik lavet deres&nbsp;t\u00e6nder \u2013 jeg var solgt.Dem, der deltog i udsendelsen og som var i hypnose, var ganske up\u00e5virkede&nbsp;\u2013 L\u00e6s mere","og_url":"https:\/\/niipit.dk\/annette-dich\/om\/","og_site_name":"Annette Dich","article_modified_time":"2020-07-02T18:15:33+00:00","twitter_card":"summary_large_image","twitter_misc":{"Estimeret l\u00e6setid":"2 minutter"},"schema":{"@context":"https:\/\/schema.org","@graph":[{"@type":"WebPage","@id":"https:\/\/niipit.dk\/annette-dich\/om\/","url":"https:\/\/niipit.dk\/annette-dich\/om\/","name":"Min Historie - Annette Dich","isPartOf":{"@id":"https:\/\/niipit.dk\/annette-dich\/#website"},"datePublished":"2018-08-15T20:02:47+00:00","dateModified":"2020-07-02T18:15:33+00:00","breadcrumb":{"@id":"https:\/\/niipit.dk\/annette-dich\/om\/#breadcrumb"},"inLanguage":"da-DK","potentialAction":[{"@type":"ReadAction","target":["https:\/\/niipit.dk\/annette-dich\/om\/"]}]},{"@type":"BreadcrumbList","@id":"https:\/\/niipit.dk\/annette-dich\/om\/#breadcrumb","itemListElement":[{"@type":"ListItem","position":1,"name":"Hjem","item":"https:\/\/niipit.dk\/annette-dich\/"},{"@type":"ListItem","position":2,"name":"Min Historie"}]},{"@type":"WebSite","@id":"https:\/\/niipit.dk\/annette-dich\/#website","url":"https:\/\/niipit.dk\/annette-dich\/","name":"Annette Dich","description":"Velv\u00e6re for dig","potentialAction":[{"@type":"SearchAction","target":{"@type":"EntryPoint","urlTemplate":"https:\/\/niipit.dk\/annette-dich\/?s={search_term_string}"},"query-input":{"@type":"PropertyValueSpecification","valueRequired":true,"valueName":"search_term_string"}}],"inLanguage":"da-DK"}]}},"_links":{"self":[{"href":"https:\/\/niipit.dk\/annette-dich\/wp-json\/wp\/v2\/pages\/5105","targetHints":{"allow":["GET"]}}],"collection":[{"href":"https:\/\/niipit.dk\/annette-dich\/wp-json\/wp\/v2\/pages"}],"about":[{"href":"https:\/\/niipit.dk\/annette-dich\/wp-json\/wp\/v2\/types\/page"}],"author":[{"embeddable":true,"href":"https:\/\/niipit.dk\/annette-dich\/wp-json\/wp\/v2\/users\/970"}],"replies":[{"embeddable":true,"href":"https:\/\/niipit.dk\/annette-dich\/wp-json\/wp\/v2\/comments?post=5105"}],"version-history":[{"count":0,"href":"https:\/\/niipit.dk\/annette-dich\/wp-json\/wp\/v2\/pages\/5105\/revisions"}],"wp:attachment":[{"href":"https:\/\/niipit.dk\/annette-dich\/wp-json\/wp\/v2\/media?parent=5105"}],"curies":[{"name":"wp","href":"https:\/\/api.w.org\/{rel}","templated":true}]}}