{"id":5064,"date":"2020-04-10T22:29:34","date_gmt":"2020-04-10T20:29:34","guid":{"rendered":"https:\/\/niipit.dk\/algefirma-shop\/?page_id=5064"},"modified":"2021-03-09T14:04:52","modified_gmt":"2021-03-09T13:04:52","slug":"frontpage","status":"publish","type":"page","link":"https:\/\/niipit.dk\/algefirma\/","title":{"rendered":"Forside"},"content":{"rendered":"\n<hr class=\"wp-block-separator\"\/>\n\n\n\n<h1 class=\"wp-block-heading\" id=\"h-f-fjernet-alger-fra-fliser-og-facader-p-milj-rigtig-vis\">F\u00e5 fjernet alger fra fliser og facader p\u00e5 milj\u00f8rigtig vis<\/h1>\n\n\n\n<h2 class=\"wp-block-heading\" id=\"h-algefirma-har-mange-rs-erfaring-i-algebehandling-og-prioriterer-milj-et-h-jt\">Algefirma har mange \u00e5rs erfaring i algebehandling og prioriterer milj\u00f8et h\u00f8jt<\/h2>\n\n\n\n<p>Uanset om du er privat eller erhvervsdrivende, har du sikkert oplevet at f\u00e5 alger og snavs p\u00e5 din ejendom. Det kan b\u00e5de v\u00e6re facader, tag og fliser, der bliver overtaget af den snavsede og gr\u00f8nne bel\u00e6gning, vi kender som alger. Det ser b\u00e5de grimt og sjusket ud, og det kan hurtigt \u00f8del\u00e6gge det gode f\u00f8rsteh\u00e5ndsindtryk, hvis facaden er gr\u00f8n af alger og snavs. Heldigvis er der hj\u00e6lp at hente hos Algefirma. De kan fjerne alger og snavs, s\u00e5 din facade, dit tag eller dine fliser n\u00e6rmest fremst\u00e5r som nye igen.<\/p>\n\n\n\n<p>Deres <a href=\"https:\/\/algefirma.dk\/algebehandling\/\" target=\"_blank\" rel=\"noreferrer noopener\">algebehandling<\/a> giver dig ikke bare et flot resultat, men den sikrer ogs\u00e5 et langvarigt resultat. Derudover er rensningen er sk\u00e5nsom overfor milj\u00f8et og vil faktisk forl\u00e6nge levetiden for b\u00e5de fliser, tr\u00e6 og tagsten.<\/p>\n\n\n\n<h3 class=\"wp-block-heading\" id=\"h-v-lg-en-algebehandling-der-ikke-skader-materialer-og-milj\">V\u00e6lg en algebehandling, der ikke skader materialer og milj\u00f8<\/h3>\n\n\n\n<p>Hos Algefirma prioriterer de milj\u00f8venlighed h\u00f8jt, og deres algebehandlinger overholder alle lov- og milj\u00f8krav. Det fungerer som din sikkerhed for, at deres metoder og midler til rensning af din algebesatte overflade er sk\u00e5nsomme over for b\u00e5de overfladens materiale s\u00e5vel som milj\u00f8et. Det betyder ligeledes, at vandmilj\u00f8et og beplantningen n\u00e6r den behandlede overflade ikke lider skade i forbindelse med en algebehandling. Hos Algefirma anvender de det nyeste og mest effektive udstyr, og de leverer derfor altid et resultat, som matcher dine \u00f8nsker og krav.<\/p>\n\n\n\n<h3 class=\"wp-block-heading\" id=\"h-algebehandling-med-10-rs-garanti\">Algebehandling med 10 \u00e5rs garanti<\/h3>\n\n\n\n<p>Hos Algefirma g\u00e5r de meget op i at levere en b\u00e6redygtig service til deres kunder. Det g\u00e6lder b\u00e5de b\u00e6redygtighed i forhold til milj\u00f8et, men s\u00e5 sandelig ogs\u00e5 i forhold til, hvor l\u00e6nge behandlingen holder \u2013 de tilbyder endda 10 \u00e5rs garanti for algebehandling af fliser.<\/p>\n\n\n\n<p>Efter en algebehandling behandler de overfladen med en impr\u00e6gnering, der g\u00f8r det meget sv\u00e6rere for alger og snavs at s\u00e6tte sig p\u00e5 facaden efterf\u00f8lgende. Derudover tilbyder de en serviceaftale, hvor de en gang om \u00e5ret kommer forbi og renser overfladen i bund. De har forskellige priser, som passer til flere budgetter og behov.<\/p>\n","protected":false},"excerpt":{"rendered":"<p>F\u00e5 fjernet alger fra fliser og facader p\u00e5 milj\u00f8rigtig vis Algefirma har mange \u00e5rs erfaring i algebehandling og prioriterer milj\u00f8et h\u00f8jt Uanset om du er privat eller erhvervsdrivende, har du sikkert oplevet at f\u00e5 alger og snavs p\u00e5 din ejendom. Det kan b\u00e5de v\u00e6re facader, tag og fliser, der bliver overtaget af den snavsede og <a class=\"moretag btn btn-primary\" href=\"https:\/\/niipit.dk\/algefirma\/\">L\u00e6s mere<\/a><\/p>\n","protected":false},"author":1,"featured_media":0,"parent":0,"menu_order":0,"comment_status":"closed","ping_status":"closed","template":"frontpagePremium.php","meta":{"_exactmetrics_skip_tracking":false,"_exactmetrics_sitenote_active":false,"_exactmetrics_sitenote_note":"","_exactmetrics_sitenote_category":0,"_monsterinsights_skip_tracking":false,"_monsterinsights_sitenote_active":false,"_monsterinsights_sitenote_note":"","_monsterinsights_sitenote_category":0,"footnotes":""},"class_list":["post-5064","page","type-page","status-publish","hentry"],"yoast_head":"<!-- This site is optimized with the Yoast SEO Premium plugin v16.3 (Yoast SEO v27.4) - https:\/\/yoast.com\/product\/yoast-seo-premium-wordpress\/ -->\n<title>Algefirma | Bliv fri for alger og mos | Professionel algebehandling<\/title>\n<meta name=\"description\" content=\"Kontakt endelig Algefirma ApS i dag for et uforpligtende tilbud, s\u00e5 kan du blive fri for alger og mos f\u00f8r din nabo \u27a2\u27a2\" \/>\n<meta name=\"robots\" content=\"index, follow, max-snippet:-1, max-image-preview:large, max-video-preview:-1\" \/>\n<link rel=\"canonical\" href=\"https:\/\/niipit.dk\/algefirma\/\" \/>\n<meta property=\"og:locale\" content=\"da_DK\" \/>\n<meta property=\"og:type\" content=\"article\" \/>\n<meta property=\"og:title\" content=\"Algefirma | Bliv fri for alger og mos | Professionel algebehandling\" \/>\n<meta property=\"og:description\" content=\"Kontakt endelig Algefirma ApS i dag for et uforpligtende tilbud, s\u00e5 kan du blive fri for alger og mos f\u00f8r din nabo \u27a2\u27a2\" \/>\n<meta property=\"og:url\" content=\"https:\/\/niipit.dk\/algefirma\/\" \/>\n<meta property=\"og:site_name\" content=\"Algefirma\" \/>\n<meta property=\"article:modified_time\" content=\"2021-03-09T13:04:52+00:00\" \/>\n<meta name=\"twitter:card\" content=\"summary_large_image\" \/>\n<meta name=\"twitter:label1\" content=\"Estimeret l\u00e6setid\" \/>\n\t<meta name=\"twitter:data1\" content=\"2 minutter\" \/>\n<script type=\"application\/ld+json\" class=\"yoast-schema-graph\">{\"@context\":\"https:\\\/\\\/schema.org\",\"@graph\":[{\"@type\":\"WebPage\",\"@id\":\"https:\\\/\\\/niipit.dk\\\/algefirma\\\/\",\"url\":\"https:\\\/\\\/niipit.dk\\\/algefirma\\\/\",\"name\":\"Algefirma | Bliv fri for alger og mos | Professionel algebehandling\",\"isPartOf\":{\"@id\":\"https:\\\/\\\/niipit.dk\\\/algefirma\\\/#website\"},\"datePublished\":\"2020-04-10T20:29:34+00:00\",\"dateModified\":\"2021-03-09T13:04:52+00:00\",\"description\":\"Kontakt endelig Algefirma ApS i dag for et uforpligtende tilbud, s\u00e5 kan du blive fri for alger og mos f\u00f8r din nabo \u27a2\u27a2\",\"breadcrumb\":{\"@id\":\"https:\\\/\\\/niipit.dk\\\/algefirma\\\/#breadcrumb\"},\"inLanguage\":\"da-DK\",\"potentialAction\":[{\"@type\":\"ReadAction\",\"target\":[\"https:\\\/\\\/niipit.dk\\\/algefirma\\\/\"]}]},{\"@type\":\"BreadcrumbList\",\"@id\":\"https:\\\/\\\/niipit.dk\\\/algefirma\\\/#breadcrumb\",\"itemListElement\":[{\"@type\":\"ListItem\",\"position\":1,\"name\":\"Hjem\",\"item\":\"https:\\\/\\\/niipit.dk\\\/algefirma\\\/\"},{\"@type\":\"ListItem\",\"position\":2,\"name\":\"Forside\"}]},{\"@type\":\"WebSite\",\"@id\":\"https:\\\/\\\/niipit.dk\\\/algefirma\\\/#website\",\"url\":\"https:\\\/\\\/niipit.dk\\\/algefirma\\\/\",\"name\":\"Algefirma\",\"description\":\"Professionel algebehandling\",\"potentialAction\":[{\"@type\":\"SearchAction\",\"target\":{\"@type\":\"EntryPoint\",\"urlTemplate\":\"https:\\\/\\\/niipit.dk\\\/algefirma\\\/?s={search_term_string}\"},\"query-input\":{\"@type\":\"PropertyValueSpecification\",\"valueRequired\":true,\"valueName\":\"search_term_string\"}}],\"inLanguage\":\"da-DK\"}]}<\/script>\n<!-- \/ Yoast SEO Premium plugin. -->","yoast_head_json":{"title":"Algefirma | Bliv fri for alger og mos | Professionel algebehandling","description":"Kontakt endelig Algefirma ApS i dag for et uforpligtende tilbud, s\u00e5 kan du blive fri for alger og mos f\u00f8r din nabo \u27a2\u27a2","robots":{"index":"index","follow":"follow","max-snippet":"max-snippet:-1","max-image-preview":"max-image-preview:large","max-video-preview":"max-video-preview:-1"},"canonical":"https:\/\/niipit.dk\/algefirma\/","og_locale":"da_DK","og_type":"article","og_title":"Algefirma | Bliv fri for alger og mos | Professionel algebehandling","og_description":"Kontakt endelig Algefirma ApS i dag for et uforpligtende tilbud, s\u00e5 kan du blive fri for alger og mos f\u00f8r din nabo \u27a2\u27a2","og_url":"https:\/\/niipit.dk\/algefirma\/","og_site_name":"Algefirma","article_modified_time":"2021-03-09T13:04:52+00:00","twitter_card":"summary_large_image","twitter_misc":{"Estimeret l\u00e6setid":"2 minutter"},"schema":{"@context":"https:\/\/schema.org","@graph":[{"@type":"WebPage","@id":"https:\/\/niipit.dk\/algefirma\/","url":"https:\/\/niipit.dk\/algefirma\/","name":"Algefirma | Bliv fri for alger og mos | Professionel algebehandling","isPartOf":{"@id":"https:\/\/niipit.dk\/algefirma\/#website"},"datePublished":"2020-04-10T20:29:34+00:00","dateModified":"2021-03-09T13:04:52+00:00","description":"Kontakt endelig Algefirma ApS i dag for et uforpligtende tilbud, s\u00e5 kan du blive fri for alger og mos f\u00f8r din nabo \u27a2\u27a2","breadcrumb":{"@id":"https:\/\/niipit.dk\/algefirma\/#breadcrumb"},"inLanguage":"da-DK","potentialAction":[{"@type":"ReadAction","target":["https:\/\/niipit.dk\/algefirma\/"]}]},{"@type":"BreadcrumbList","@id":"https:\/\/niipit.dk\/algefirma\/#breadcrumb","itemListElement":[{"@type":"ListItem","position":1,"name":"Hjem","item":"https:\/\/niipit.dk\/algefirma\/"},{"@type":"ListItem","position":2,"name":"Forside"}]},{"@type":"WebSite","@id":"https:\/\/niipit.dk\/algefirma\/#website","url":"https:\/\/niipit.dk\/algefirma\/","name":"Algefirma","description":"Professionel algebehandling","potentialAction":[{"@type":"SearchAction","target":{"@type":"EntryPoint","urlTemplate":"https:\/\/niipit.dk\/algefirma\/?s={search_term_string}"},"query-input":{"@type":"PropertyValueSpecification","valueRequired":true,"valueName":"search_term_string"}}],"inLanguage":"da-DK"}]}},"_links":{"self":[{"href":"https:\/\/niipit.dk\/algefirma\/wp-json\/wp\/v2\/pages\/5064","targetHints":{"allow":["GET"]}}],"collection":[{"href":"https:\/\/niipit.dk\/algefirma\/wp-json\/wp\/v2\/pages"}],"about":[{"href":"https:\/\/niipit.dk\/algefirma\/wp-json\/wp\/v2\/types\/page"}],"author":[{"embeddable":true,"href":"https:\/\/niipit.dk\/algefirma\/wp-json\/wp\/v2\/users\/1"}],"replies":[{"embeddable":true,"href":"https:\/\/niipit.dk\/algefirma\/wp-json\/wp\/v2\/comments?post=5064"}],"version-history":[{"count":1,"href":"https:\/\/niipit.dk\/algefirma\/wp-json\/wp\/v2\/pages\/5064\/revisions"}],"predecessor-version":[{"id":5989,"href":"https:\/\/niipit.dk\/algefirma\/wp-json\/wp\/v2\/pages\/5064\/revisions\/5989"}],"wp:attachment":[{"href":"https:\/\/niipit.dk\/algefirma\/wp-json\/wp\/v2\/media?parent=5064"}],"curies":[{"name":"wp","href":"https:\/\/api.w.org\/{rel}","templated":true}]}}