{"id":5729,"date":"2019-05-14T14:35:10","date_gmt":"2019-05-14T12:35:10","guid":{"rendered":"https:\/\/niipit.dk\/action-art\/?page_id=5729"},"modified":"2019-12-28T21:36:26","modified_gmt":"2019-12-28T20:36:26","slug":"video","status":"publish","type":"page","link":"https:\/\/niipit.dk\/action-art\/video\/","title":{"rendered":"Video"},"content":{"rendered":"\n<figure class=\"wp-block-embed-youtube wp-block-embed is-type-video is-provider-youtube wp-embed-aspect-16-9 wp-has-aspect-ratio\"><div class=\"wp-block-embed__wrapper\">\n<iframe loading=\"lazy\" title=\"See the new PANDORA Valentine&#039;s commercial\" width=\"1170\" height=\"658\" src=\"https:\/\/www.youtube.com\/embed\/OZnitWQA_-Y?feature=oembed\" frameborder=\"0\" allow=\"accelerometer; autoplay; clipboard-write; encrypted-media; gyroscope; picture-in-picture\" allowfullscreen><\/iframe>\n<\/div><\/figure>\n\n\n\n<h3 class=\"wp-block-heading\">Pandora reklame<\/h3>\n\n\n\n<hr class=\"wp-block-separator\"\/>\n\n\n\n<figure class=\"wp-block-embed-youtube wp-block-embed is-type-video is-provider-youtube wp-embed-aspect-16-9 wp-has-aspect-ratio\"><div class=\"wp-block-embed__wrapper\">\n<iframe loading=\"lazy\" title=\"Jabra Motion  Ultimate technology 2C maximum convenience\" width=\"1170\" height=\"658\" src=\"https:\/\/www.youtube.com\/embed\/n1Gezksf9Ck?feature=oembed\" frameborder=\"0\" allow=\"accelerometer; autoplay; clipboard-write; encrypted-media; gyroscope; picture-in-picture\" allowfullscreen><\/iframe>\n<\/div><\/figure>\n\n\n\n<h3 class=\"wp-block-heading\">Jabra Motion Ultimate Technology<\/h3>\n\n\n\n<hr class=\"wp-block-separator\"\/>\n\n\n\n<figure class=\"wp-block-embed-youtube wp-block-embed is-type-video is-provider-youtube wp-embed-aspect-16-9 wp-has-aspect-ratio\"><div class=\"wp-block-embed__wrapper\">\n<iframe loading=\"lazy\" title=\"Hitman 2 - All Missions | Full game, Silent Assassin\" width=\"1170\" height=\"658\" src=\"https:\/\/www.youtube.com\/embed\/fuTaUSxFUw0?feature=oembed\" frameborder=\"0\" allow=\"accelerometer; autoplay; clipboard-write; encrypted-media; gyroscope; picture-in-picture\" allowfullscreen><\/iframe>\n<\/div><\/figure>\n\n\n\n<h3 class=\"wp-block-heading\">Hitman 2<\/h3>\n\n\n\n<p>Det er mig, Tina Robinson, der laver de fleste bev\u00e6gelser I de kvindelige karakterer i spillet &#8220;Hitman 2&#8221;<\/p>\n\n\n\n<hr class=\"wp-block-separator\"\/>\n\n\n\n<figure class=\"wp-block-embed-youtube wp-block-embed is-type-video is-provider-youtube wp-embed-aspect-4-3 wp-has-aspect-ratio\"><div class=\"wp-block-embed__wrapper\">\n<iframe loading=\"lazy\" title=\"[PC] Hitman: Contracts (2004) Walkthrough\" width=\"1170\" height=\"878\" src=\"https:\/\/www.youtube.com\/embed\/W9w0ZrPVtEQ?feature=oembed\" frameborder=\"0\" allow=\"accelerometer; autoplay; clipboard-write; encrypted-media; gyroscope; picture-in-picture\" allowfullscreen><\/iframe>\n<\/div><\/figure>\n\n\n\n<h3 class=\"wp-block-heading\">Hitman 3<\/h3>\n\n\n\n<p>Igen i Hitman 3 er det mig, Tina Robinson, der laver de fleste af de kvindelige bev\u00e6gelser i spillet. Dog vil du ogs\u00e5 kunne se mig lave bev\u00e6gelser for de mandlige karakterer.<\/p>\n\n\n\n<hr class=\"wp-block-separator\"\/>\n","protected":false},"excerpt":{"rendered":"<p>Pandora reklame Jabra Motion Ultimate Technology Hitman 2 Det er mig, Tina Robinson, der laver de fleste bev\u00e6gelser I de kvindelige karakterer i spillet &#8220;Hitman 2&#8221; Hitman 3 Igen i Hitman 3 er det mig, Tina Robinson, der laver de fleste af de kvindelige bev\u00e6gelser i spillet. Dog vil du ogs\u00e5 kunne se mig lave <a class=\"moretag btn btn-primary\" href=\"https:\/\/niipit.dk\/action-art\/video\/\">L\u00e6s mere<\/a><\/p>\n","protected":false},"author":151,"featured_media":0,"parent":0,"menu_order":0,"comment_status":"closed","ping_status":"closed","template":"","meta":{"_exactmetrics_skip_tracking":false,"_exactmetrics_sitenote_active":false,"_exactmetrics_sitenote_note":"","_exactmetrics_sitenote_category":0,"_monsterinsights_skip_tracking":false,"_monsterinsights_sitenote_active":false,"_monsterinsights_sitenote_note":"","_monsterinsights_sitenote_category":0,"footnotes":""},"class_list":["post-5729","page","type-page","status-publish","hentry"],"yoast_head":"<!-- This site is optimized with the Yoast SEO Premium plugin v16.3 (Yoast SEO v27.3) - https:\/\/yoast.com\/product\/yoast-seo-premium-wordpress\/ -->\n<title>Tina Robinson Video - Et udpluk af reklamevideo og skuespil<\/title>\n<meta name=\"description\" content=\"Tina Robinson Video viser dig et udpluk af v reklame film og skuespil \/ videospil som jeg har v\u00e6ret en del af gennem tiden. Se her\" \/>\n<meta name=\"robots\" content=\"index, follow, max-snippet:-1, max-image-preview:large, max-video-preview:-1\" \/>\n<link rel=\"canonical\" href=\"https:\/\/niipit.dk\/action-art\/video\/\" \/>\n<meta property=\"og:locale\" content=\"da_DK\" \/>\n<meta property=\"og:type\" content=\"article\" \/>\n<meta property=\"og:title\" content=\"Tina Robinson Video - Et udpluk af reklamevideo og skuespil\" \/>\n<meta property=\"og:description\" content=\"Tina Robinson Video viser dig et udpluk af v reklame film og skuespil \/ videospil som jeg har v\u00e6ret en del af gennem tiden. Se her\" \/>\n<meta property=\"og:url\" content=\"https:\/\/niipit.dk\/action-art\/video\/\" \/>\n<meta property=\"og:site_name\" content=\"Action Art\" \/>\n<meta property=\"article:modified_time\" content=\"2019-12-28T20:36:26+00:00\" \/>\n<meta name=\"twitter:card\" content=\"summary_large_image\" \/>\n<script type=\"application\/ld+json\" class=\"yoast-schema-graph\">{\"@context\":\"https:\\\/\\\/schema.org\",\"@graph\":[{\"@type\":\"WebPage\",\"@id\":\"https:\\\/\\\/niipit.dk\\\/action-art\\\/video\\\/\",\"url\":\"https:\\\/\\\/niipit.dk\\\/action-art\\\/video\\\/\",\"name\":\"Tina Robinson Video - Et udpluk af reklamevideo og skuespil\",\"isPartOf\":{\"@id\":\"https:\\\/\\\/niipit.dk\\\/action-art\\\/#website\"},\"datePublished\":\"2019-05-14T12:35:10+00:00\",\"dateModified\":\"2019-12-28T20:36:26+00:00\",\"description\":\"Tina Robinson Video viser dig et udpluk af v reklame film og skuespil \\\/ videospil som jeg har v\u00e6ret en del af gennem tiden. Se her\",\"breadcrumb\":{\"@id\":\"https:\\\/\\\/niipit.dk\\\/action-art\\\/video\\\/#breadcrumb\"},\"inLanguage\":\"da-DK\",\"potentialAction\":[{\"@type\":\"ReadAction\",\"target\":[\"https:\\\/\\\/niipit.dk\\\/action-art\\\/video\\\/\"]}]},{\"@type\":\"BreadcrumbList\",\"@id\":\"https:\\\/\\\/niipit.dk\\\/action-art\\\/video\\\/#breadcrumb\",\"itemListElement\":[{\"@type\":\"ListItem\",\"position\":1,\"name\":\"Hjem\",\"item\":\"https:\\\/\\\/niipit.dk\\\/action-art\\\/\"},{\"@type\":\"ListItem\",\"position\":2,\"name\":\"Video\"}]},{\"@type\":\"WebSite\",\"@id\":\"https:\\\/\\\/niipit.dk\\\/action-art\\\/#website\",\"url\":\"https:\\\/\\\/niipit.dk\\\/action-art\\\/\",\"name\":\"Action Art\",\"description\":\"Dynamic Inspiration of Expression\",\"potentialAction\":[{\"@type\":\"SearchAction\",\"target\":{\"@type\":\"EntryPoint\",\"urlTemplate\":\"https:\\\/\\\/niipit.dk\\\/action-art\\\/?s={search_term_string}\"},\"query-input\":{\"@type\":\"PropertyValueSpecification\",\"valueRequired\":true,\"valueName\":\"search_term_string\"}}],\"inLanguage\":\"da-DK\"}]}<\/script>\n<!-- \/ Yoast SEO Premium plugin. -->","yoast_head_json":{"title":"Tina Robinson Video - Et udpluk af reklamevideo og skuespil","description":"Tina Robinson Video viser dig et udpluk af v reklame film og skuespil \/ videospil som jeg har v\u00e6ret en del af gennem tiden. Se her","robots":{"index":"index","follow":"follow","max-snippet":"max-snippet:-1","max-image-preview":"max-image-preview:large","max-video-preview":"max-video-preview:-1"},"canonical":"https:\/\/niipit.dk\/action-art\/video\/","og_locale":"da_DK","og_type":"article","og_title":"Tina Robinson Video - Et udpluk af reklamevideo og skuespil","og_description":"Tina Robinson Video viser dig et udpluk af v reklame film og skuespil \/ videospil som jeg har v\u00e6ret en del af gennem tiden. Se her","og_url":"https:\/\/niipit.dk\/action-art\/video\/","og_site_name":"Action Art","article_modified_time":"2019-12-28T20:36:26+00:00","twitter_card":"summary_large_image","schema":{"@context":"https:\/\/schema.org","@graph":[{"@type":"WebPage","@id":"https:\/\/niipit.dk\/action-art\/video\/","url":"https:\/\/niipit.dk\/action-art\/video\/","name":"Tina Robinson Video - Et udpluk af reklamevideo og skuespil","isPartOf":{"@id":"https:\/\/niipit.dk\/action-art\/#website"},"datePublished":"2019-05-14T12:35:10+00:00","dateModified":"2019-12-28T20:36:26+00:00","description":"Tina Robinson Video viser dig et udpluk af v reklame film og skuespil \/ videospil som jeg har v\u00e6ret en del af gennem tiden. Se her","breadcrumb":{"@id":"https:\/\/niipit.dk\/action-art\/video\/#breadcrumb"},"inLanguage":"da-DK","potentialAction":[{"@type":"ReadAction","target":["https:\/\/niipit.dk\/action-art\/video\/"]}]},{"@type":"BreadcrumbList","@id":"https:\/\/niipit.dk\/action-art\/video\/#breadcrumb","itemListElement":[{"@type":"ListItem","position":1,"name":"Hjem","item":"https:\/\/niipit.dk\/action-art\/"},{"@type":"ListItem","position":2,"name":"Video"}]},{"@type":"WebSite","@id":"https:\/\/niipit.dk\/action-art\/#website","url":"https:\/\/niipit.dk\/action-art\/","name":"Action Art","description":"Dynamic Inspiration of Expression","potentialAction":[{"@type":"SearchAction","target":{"@type":"EntryPoint","urlTemplate":"https:\/\/niipit.dk\/action-art\/?s={search_term_string}"},"query-input":{"@type":"PropertyValueSpecification","valueRequired":true,"valueName":"search_term_string"}}],"inLanguage":"da-DK"}]}},"_links":{"self":[{"href":"https:\/\/niipit.dk\/action-art\/wp-json\/wp\/v2\/pages\/5729","targetHints":{"allow":["GET"]}}],"collection":[{"href":"https:\/\/niipit.dk\/action-art\/wp-json\/wp\/v2\/pages"}],"about":[{"href":"https:\/\/niipit.dk\/action-art\/wp-json\/wp\/v2\/types\/page"}],"author":[{"embeddable":true,"href":"https:\/\/niipit.dk\/action-art\/wp-json\/wp\/v2\/users\/151"}],"replies":[{"embeddable":true,"href":"https:\/\/niipit.dk\/action-art\/wp-json\/wp\/v2\/comments?post=5729"}],"version-history":[{"count":0,"href":"https:\/\/niipit.dk\/action-art\/wp-json\/wp\/v2\/pages\/5729\/revisions"}],"wp:attachment":[{"href":"https:\/\/niipit.dk\/action-art\/wp-json\/wp\/v2\/media?parent=5729"}],"curies":[{"name":"wp","href":"https:\/\/api.w.org\/{rel}","templated":true}]}}