{"id":5064,"date":"2018-08-10T22:29:34","date_gmt":"2018-08-10T20:29:34","guid":{"rendered":"https:\/\/niipit.dk\/action-art\/?page_id=5064"},"modified":"2020-02-22T09:17:53","modified_gmt":"2020-02-22T08:17:53","slug":"frontpage","status":"publish","type":"page","link":"https:\/\/niipit.dk\/action-art\/","title":{"rendered":"Forside"},"content":{"rendered":"\n<hr class=\"wp-block-separator\"\/>\n\n\n\n<h2 class=\"wp-block-heading\">Action Art Tina Robinson<\/h2>\n\n\n\n<p>Action Art Tina Robinson er hende du mangler hvis du har brug for et foredrag om Gospel eller en skuespiller der har stor erfaring inden for ren\u00e6ssance og middelalderv\u00e5ben.<\/p>\n\n\n\n<h3 class=\"wp-block-heading\">Effektiv teambuilding med gospel&nbsp;<\/h3>\n\n\n\n<p>Leder du efter Teambuilding arrangementer s\u00e5 er gospel en rigtig god samarbejds\u00f8velse? Hvis du har du en gruppe mennesker, der skal rystes sammen og l\u00e6re i en fart at arbejde sammen s\u00e5 de f\u00e5r det optimale ud af hinanden? S\u00e5 burde du pr\u00f8ve teambuilding med gospel fra Action Art Tina Robinson \u2013 det er teambuilding, der virker!&nbsp;<\/p>\n\n\n\n<p><\/p>\n","protected":false},"excerpt":{"rendered":"<p>Action Art Tina Robinson Action Art Tina Robinson er hende du mangler hvis du har brug for et foredrag om Gospel eller en skuespiller der har stor erfaring inden for ren\u00e6ssance og middelalderv\u00e5ben. Effektiv teambuilding med gospel&nbsp; Leder du efter Teambuilding arrangementer s\u00e5 er gospel en rigtig god samarbejds\u00f8velse? Hvis du har du en gruppe <a class=\"moretag btn btn-primary\" href=\"https:\/\/niipit.dk\/action-art\/\">L\u00e6s mere<\/a><\/p>\n","protected":false},"author":151,"featured_media":0,"parent":0,"menu_order":0,"comment_status":"closed","ping_status":"closed","template":"frontpagePremium.php","meta":{"_exactmetrics_skip_tracking":false,"_exactmetrics_sitenote_active":false,"_exactmetrics_sitenote_note":"","_exactmetrics_sitenote_category":0,"_monsterinsights_skip_tracking":false,"_monsterinsights_sitenote_active":false,"_monsterinsights_sitenote_note":"","_monsterinsights_sitenote_category":0,"footnotes":""},"class_list":["post-5064","page","type-page","status-publish","hentry"],"yoast_head":"<!-- This site is optimized with the Yoast SEO Premium plugin v16.3 (Yoast SEO v27.3) - https:\/\/yoast.com\/product\/yoast-seo-premium-wordpress\/ -->\n<title>Action Art Tina Robinson L\u00e6s blog eller se galleri og video<\/title>\n<meta name=\"description\" content=\"Action Art Tina Robinson - Skuespiller - Stuntwoman - Korundervisning - Rytter med hest - Middelalder fest - Reklamefilm - Stemme. Se det hele her\" \/>\n<meta name=\"robots\" content=\"index, follow, max-snippet:-1, max-image-preview:large, max-video-preview:-1\" \/>\n<link rel=\"canonical\" href=\"https:\/\/niipit.dk\/action-art\/\" \/>\n<meta property=\"og:locale\" content=\"da_DK\" \/>\n<meta property=\"og:type\" content=\"article\" \/>\n<meta property=\"og:title\" content=\"Action Art Tina Robinson L\u00e6s blog eller se galleri og video\" \/>\n<meta property=\"og:description\" content=\"Action Art Tina Robinson - Skuespiller - Stuntwoman - Korundervisning - Rytter med hest - Middelalder fest - Reklamefilm - Stemme. Se det hele her\" \/>\n<meta property=\"og:url\" content=\"https:\/\/niipit.dk\/action-art\/\" \/>\n<meta property=\"og:site_name\" content=\"Action Art\" \/>\n<meta property=\"article:modified_time\" content=\"2020-02-22T08:17:53+00:00\" \/>\n<meta name=\"twitter:card\" content=\"summary_large_image\" \/>\n<meta name=\"twitter:label1\" content=\"Estimeret l\u00e6setid\" \/>\n\t<meta name=\"twitter:data1\" content=\"1 minut\" \/>\n<script type=\"application\/ld+json\" class=\"yoast-schema-graph\">{\"@context\":\"https:\\\/\\\/schema.org\",\"@graph\":[{\"@type\":\"WebPage\",\"@id\":\"https:\\\/\\\/niipit.dk\\\/action-art\\\/\",\"url\":\"https:\\\/\\\/niipit.dk\\\/action-art\\\/\",\"name\":\"Action Art Tina Robinson L\u00e6s blog eller se galleri og video\",\"isPartOf\":{\"@id\":\"https:\\\/\\\/niipit.dk\\\/action-art\\\/#website\"},\"datePublished\":\"2018-08-10T20:29:34+00:00\",\"dateModified\":\"2020-02-22T08:17:53+00:00\",\"description\":\"Action Art Tina Robinson - Skuespiller - Stuntwoman - Korundervisning - Rytter med hest - Middelalder fest - Reklamefilm - Stemme. Se det hele her\",\"breadcrumb\":{\"@id\":\"https:\\\/\\\/niipit.dk\\\/action-art\\\/#breadcrumb\"},\"inLanguage\":\"da-DK\",\"potentialAction\":[{\"@type\":\"ReadAction\",\"target\":[\"https:\\\/\\\/niipit.dk\\\/action-art\\\/\"]}]},{\"@type\":\"BreadcrumbList\",\"@id\":\"https:\\\/\\\/niipit.dk\\\/action-art\\\/#breadcrumb\",\"itemListElement\":[{\"@type\":\"ListItem\",\"position\":1,\"name\":\"Hjem\",\"item\":\"https:\\\/\\\/niipit.dk\\\/action-art\\\/\"},{\"@type\":\"ListItem\",\"position\":2,\"name\":\"Forside\"}]},{\"@type\":\"WebSite\",\"@id\":\"https:\\\/\\\/niipit.dk\\\/action-art\\\/#website\",\"url\":\"https:\\\/\\\/niipit.dk\\\/action-art\\\/\",\"name\":\"Action Art\",\"description\":\"Dynamic Inspiration of Expression\",\"potentialAction\":[{\"@type\":\"SearchAction\",\"target\":{\"@type\":\"EntryPoint\",\"urlTemplate\":\"https:\\\/\\\/niipit.dk\\\/action-art\\\/?s={search_term_string}\"},\"query-input\":{\"@type\":\"PropertyValueSpecification\",\"valueRequired\":true,\"valueName\":\"search_term_string\"}}],\"inLanguage\":\"da-DK\"}]}<\/script>\n<!-- \/ Yoast SEO Premium plugin. -->","yoast_head_json":{"title":"Action Art Tina Robinson L\u00e6s blog eller se galleri og video","description":"Action Art Tina Robinson - Skuespiller - Stuntwoman - Korundervisning - Rytter med hest - Middelalder fest - Reklamefilm - Stemme. Se det hele her","robots":{"index":"index","follow":"follow","max-snippet":"max-snippet:-1","max-image-preview":"max-image-preview:large","max-video-preview":"max-video-preview:-1"},"canonical":"https:\/\/niipit.dk\/action-art\/","og_locale":"da_DK","og_type":"article","og_title":"Action Art Tina Robinson L\u00e6s blog eller se galleri og video","og_description":"Action Art Tina Robinson - Skuespiller - Stuntwoman - Korundervisning - Rytter med hest - Middelalder fest - Reklamefilm - Stemme. Se det hele her","og_url":"https:\/\/niipit.dk\/action-art\/","og_site_name":"Action Art","article_modified_time":"2020-02-22T08:17:53+00:00","twitter_card":"summary_large_image","twitter_misc":{"Estimeret l\u00e6setid":"1 minut"},"schema":{"@context":"https:\/\/schema.org","@graph":[{"@type":"WebPage","@id":"https:\/\/niipit.dk\/action-art\/","url":"https:\/\/niipit.dk\/action-art\/","name":"Action Art Tina Robinson L\u00e6s blog eller se galleri og video","isPartOf":{"@id":"https:\/\/niipit.dk\/action-art\/#website"},"datePublished":"2018-08-10T20:29:34+00:00","dateModified":"2020-02-22T08:17:53+00:00","description":"Action Art Tina Robinson - Skuespiller - Stuntwoman - Korundervisning - Rytter med hest - Middelalder fest - Reklamefilm - Stemme. Se det hele her","breadcrumb":{"@id":"https:\/\/niipit.dk\/action-art\/#breadcrumb"},"inLanguage":"da-DK","potentialAction":[{"@type":"ReadAction","target":["https:\/\/niipit.dk\/action-art\/"]}]},{"@type":"BreadcrumbList","@id":"https:\/\/niipit.dk\/action-art\/#breadcrumb","itemListElement":[{"@type":"ListItem","position":1,"name":"Hjem","item":"https:\/\/niipit.dk\/action-art\/"},{"@type":"ListItem","position":2,"name":"Forside"}]},{"@type":"WebSite","@id":"https:\/\/niipit.dk\/action-art\/#website","url":"https:\/\/niipit.dk\/action-art\/","name":"Action Art","description":"Dynamic Inspiration of Expression","potentialAction":[{"@type":"SearchAction","target":{"@type":"EntryPoint","urlTemplate":"https:\/\/niipit.dk\/action-art\/?s={search_term_string}"},"query-input":{"@type":"PropertyValueSpecification","valueRequired":true,"valueName":"search_term_string"}}],"inLanguage":"da-DK"}]}},"_links":{"self":[{"href":"https:\/\/niipit.dk\/action-art\/wp-json\/wp\/v2\/pages\/5064","targetHints":{"allow":["GET"]}}],"collection":[{"href":"https:\/\/niipit.dk\/action-art\/wp-json\/wp\/v2\/pages"}],"about":[{"href":"https:\/\/niipit.dk\/action-art\/wp-json\/wp\/v2\/types\/page"}],"author":[{"embeddable":true,"href":"https:\/\/niipit.dk\/action-art\/wp-json\/wp\/v2\/users\/151"}],"replies":[{"embeddable":true,"href":"https:\/\/niipit.dk\/action-art\/wp-json\/wp\/v2\/comments?post=5064"}],"version-history":[{"count":0,"href":"https:\/\/niipit.dk\/action-art\/wp-json\/wp\/v2\/pages\/5064\/revisions"}],"wp:attachment":[{"href":"https:\/\/niipit.dk\/action-art\/wp-json\/wp\/v2\/media?parent=5064"}],"curies":[{"name":"wp","href":"https:\/\/api.w.org\/{rel}","templated":true}]}}