{"id":5064,"date":"2020-04-10T22:29:34","date_gmt":"2020-04-10T20:29:34","guid":{"rendered":"https:\/\/niipit.dk\/aarhus-padeltennis-shop\/?page_id=5064"},"modified":"2024-08-06T14:10:31","modified_gmt":"2024-08-06T12:10:31","slug":"frontpage","status":"publish","type":"page","link":"https:\/\/niipit.dk\/aarhus-padeltennis\/","title":{"rendered":"Forside"},"content":{"rendered":"\n<hr class=\"wp-block-separator has-css-opacity\"\/>\n\n\n\n<h1 class=\"wp-block-heading\" id=\"h-alle-er-velkomne-hos-aarhus-padeltennis\">Alle er velkomne hos Aarhus Padeltennis<\/h1>\n\n\n\n<h2 class=\"wp-block-heading\" id=\"h-uanset-om-du-er-ny-eller-prof-kan-du-spille-padeltennis-her\">Uanset om du er ny eller prof, kan du spille padeltennis her<\/h2>\n\n\n\n<p>Padeltennis er stadig en ny sportsgren i Danmark, men den er meget udbredt mange andre steder i verden \u2013 faktisk er det efter sigende den n\u00e6stst\u00f8rste sport i Spanien (kun overg\u00e5et af fodbold), og mere end 2 millioner argentinere spiller det. Aarhus Padeltennis br\u00e6nder for at udbrede den sjove sportsgren til \u00e5rhusianerne, og derfor har de lavet et tr\u00e6ningscenter, hvor alle er velkomne \u2013 begyndere s\u00e5vel som proffer.<\/p>\n\n\n\n<h3 class=\"wp-block-heading\" id=\"h-hvad-er-padeltennis\">Hvad er padeltennis?<\/h3>\n\n\n\n<p>Padeltennis kan bedst betegnes som en sportsgren, der ligger midt imellem squash og tennis. Den blev i sin tid opfundet af mexicaneren Enrique Corcuera, der spillede en tennisbold op ad sin mur derhjemme og blev tr\u00e6t af, at den hele tiden r\u00f8g ind i naboens have. Han udviklede banen lidt efter lidt, og i dag best\u00e5r den af fire v\u00e6gge i forskellige h\u00f8jder med et net i midten samt et areal p\u00e5 20&#215;10 meter. Du spiller med et bat, og bolden er en tennisbold.<\/p>\n\n\n\n<p>Man spiller n\u00e6sten altid double i padeltennis, men man kan ogs\u00e5 spille singles. Der er en lang r\u00e6kke regler i padeltennis, og dem er de heldigvis eksperter i at l\u00e6re dig hos Aarhus Padeltennis.<\/p>\n\n\n\n<h3 class=\"wp-block-heading\" id=\"h-kom-og-v-r-med\">Kom og v\u00e6r med!<\/h3>\n\n\n\n<p>Hos Aarhus Padeltennis bestr\u00e6ber de sig p\u00e5, at alle skal f\u00f8le sig velkomne i tr\u00e6ningscenteret. Uanset om du er ung eller gammel, begynder eller prof, er der plads til dig, hvis du \u00f8nsker at have det sjovt og dyrke motion p\u00e5 en ny og sjov m\u00e5de. De har skabt en hyggelig atmosf\u00e6re, s\u00e5 det altid er rart at dyrke sport hos dem. I tr\u00e6ningscenteret er der bad og omkl\u00e6dningsfaciliteter, du kan l\u00e5ne et bat gratis, og bolde kan du k\u00f8be 3 stk. af for kun 60 kr.<\/p>\n\n\n\n<p>Mangler du en at spille med? S\u00e5 fortvivl ej! Aarhus Padeltennis har et st\u00e6rkt f\u00e6llesskab, og det er n\u00e6sten altid muligt at finde en makker i deres lukkede Facebookgruppe. Find linket til Facebookgruppen p\u00e5 Aarhus Padeltennis\u2019 hjemmeside.<\/p>\n","protected":false},"excerpt":{"rendered":"<p>Alle er velkomne hos Aarhus Padeltennis Uanset om du er ny eller prof, kan du spille padeltennis her Padeltennis er stadig en ny sportsgren i Danmark, men den er meget udbredt mange andre steder i verden \u2013 faktisk er det efter sigende den n\u00e6stst\u00f8rste sport i Spanien (kun overg\u00e5et af fodbold), og mere end 2 <a class=\"moretag btn btn-primary\" href=\"https:\/\/niipit.dk\/aarhus-padeltennis\/\">L\u00e6s mere<\/a><\/p>\n","protected":false},"author":1,"featured_media":0,"parent":0,"menu_order":0,"comment_status":"closed","ping_status":"closed","template":"frontpagePremium.php","meta":{"_exactmetrics_skip_tracking":false,"_exactmetrics_sitenote_active":false,"_exactmetrics_sitenote_note":"","_exactmetrics_sitenote_category":0,"_monsterinsights_skip_tracking":false,"_monsterinsights_sitenote_active":false,"_monsterinsights_sitenote_note":"","_monsterinsights_sitenote_category":0,"footnotes":""},"class_list":["post-5064","page","type-page","status-publish","hentry"],"yoast_head":"<!-- This site is optimized with the Yoast SEO plugin v27.3 - https:\/\/yoast.com\/product\/yoast-seo-wordpress\/ -->\n<title>Spil paddeltennis hos Aarhus paddeltennis i Viby J<\/title>\n<meta name=\"description\" content=\"Paddeltennis er en sjov ketsjersport | En blanding mellem Squash og Tennis | Kom og oplev det hos Aarhus paddeltennis\" \/>\n<meta name=\"robots\" content=\"index, follow, max-snippet:-1, max-image-preview:large, max-video-preview:-1\" \/>\n<link rel=\"canonical\" href=\"https:\/\/niipit.dk\/aarhus-padeltennis\/\" \/>\n<meta property=\"og:locale\" content=\"da_DK\" \/>\n<meta property=\"og:type\" content=\"article\" \/>\n<meta property=\"og:title\" content=\"Spil paddeltennis hos Aarhus paddeltennis i Viby J\" \/>\n<meta property=\"og:description\" content=\"Paddeltennis er en sjov ketsjersport | En blanding mellem Squash og Tennis | Kom og oplev det hos Aarhus paddeltennis\" \/>\n<meta property=\"og:url\" content=\"https:\/\/niipit.dk\/aarhus-padeltennis\/\" \/>\n<meta property=\"og:site_name\" content=\"aarhus-padeltennis\" \/>\n<meta property=\"article:modified_time\" content=\"2024-08-06T12:10:31+00:00\" \/>\n<meta name=\"twitter:card\" content=\"summary_large_image\" \/>\n<meta name=\"twitter:label1\" content=\"Estimeret l\u00e6setid\" \/>\n\t<meta name=\"twitter:data1\" content=\"3 minutter\" \/>\n<script type=\"application\/ld+json\" class=\"yoast-schema-graph\">{\"@context\":\"https:\\\/\\\/schema.org\",\"@graph\":[{\"@type\":\"WebPage\",\"@id\":\"https:\\\/\\\/niipit.dk\\\/aarhus-padeltennis\\\/\",\"url\":\"https:\\\/\\\/niipit.dk\\\/aarhus-padeltennis\\\/\",\"name\":\"Spil paddeltennis hos Aarhus paddeltennis i Viby J\",\"isPartOf\":{\"@id\":\"https:\\\/\\\/niipit.dk\\\/aarhus-padeltennis\\\/#website\"},\"datePublished\":\"2020-04-10T20:29:34+00:00\",\"dateModified\":\"2024-08-06T12:10:31+00:00\",\"description\":\"Paddeltennis er en sjov ketsjersport | En blanding mellem Squash og Tennis | Kom og oplev det hos Aarhus paddeltennis\",\"breadcrumb\":{\"@id\":\"https:\\\/\\\/niipit.dk\\\/aarhus-padeltennis\\\/#breadcrumb\"},\"inLanguage\":\"da-DK\",\"potentialAction\":[{\"@type\":\"ReadAction\",\"target\":[\"https:\\\/\\\/niipit.dk\\\/aarhus-padeltennis\\\/\"]}]},{\"@type\":\"BreadcrumbList\",\"@id\":\"https:\\\/\\\/niipit.dk\\\/aarhus-padeltennis\\\/#breadcrumb\",\"itemListElement\":[{\"@type\":\"ListItem\",\"position\":1,\"name\":\"Hjem\",\"item\":\"https:\\\/\\\/niipit.dk\\\/aarhus-padeltennis\\\/\"},{\"@type\":\"ListItem\",\"position\":2,\"name\":\"Forside\"}]},{\"@type\":\"WebSite\",\"@id\":\"https:\\\/\\\/niipit.dk\\\/aarhus-padeltennis\\\/#website\",\"url\":\"https:\\\/\\\/niipit.dk\\\/aarhus-padeltennis\\\/\",\"name\":\"aarhus-padeltennis\",\"description\":\"De fedeste holdaktiviteter\",\"potentialAction\":[{\"@type\":\"SearchAction\",\"target\":{\"@type\":\"EntryPoint\",\"urlTemplate\":\"https:\\\/\\\/niipit.dk\\\/aarhus-padeltennis\\\/?s={search_term_string}\"},\"query-input\":{\"@type\":\"PropertyValueSpecification\",\"valueRequired\":true,\"valueName\":\"search_term_string\"}}],\"inLanguage\":\"da-DK\"}]}<\/script>\n<!-- \/ Yoast SEO plugin. -->","yoast_head_json":{"title":"Spil paddeltennis hos Aarhus paddeltennis i Viby J","description":"Paddeltennis er en sjov ketsjersport | En blanding mellem Squash og Tennis | Kom og oplev det hos Aarhus paddeltennis","robots":{"index":"index","follow":"follow","max-snippet":"max-snippet:-1","max-image-preview":"max-image-preview:large","max-video-preview":"max-video-preview:-1"},"canonical":"https:\/\/niipit.dk\/aarhus-padeltennis\/","og_locale":"da_DK","og_type":"article","og_title":"Spil paddeltennis hos Aarhus paddeltennis i Viby J","og_description":"Paddeltennis er en sjov ketsjersport | En blanding mellem Squash og Tennis | Kom og oplev det hos Aarhus paddeltennis","og_url":"https:\/\/niipit.dk\/aarhus-padeltennis\/","og_site_name":"aarhus-padeltennis","article_modified_time":"2024-08-06T12:10:31+00:00","twitter_card":"summary_large_image","twitter_misc":{"Estimeret l\u00e6setid":"3 minutter"},"schema":{"@context":"https:\/\/schema.org","@graph":[{"@type":"WebPage","@id":"https:\/\/niipit.dk\/aarhus-padeltennis\/","url":"https:\/\/niipit.dk\/aarhus-padeltennis\/","name":"Spil paddeltennis hos Aarhus paddeltennis i Viby J","isPartOf":{"@id":"https:\/\/niipit.dk\/aarhus-padeltennis\/#website"},"datePublished":"2020-04-10T20:29:34+00:00","dateModified":"2024-08-06T12:10:31+00:00","description":"Paddeltennis er en sjov ketsjersport | En blanding mellem Squash og Tennis | Kom og oplev det hos Aarhus paddeltennis","breadcrumb":{"@id":"https:\/\/niipit.dk\/aarhus-padeltennis\/#breadcrumb"},"inLanguage":"da-DK","potentialAction":[{"@type":"ReadAction","target":["https:\/\/niipit.dk\/aarhus-padeltennis\/"]}]},{"@type":"BreadcrumbList","@id":"https:\/\/niipit.dk\/aarhus-padeltennis\/#breadcrumb","itemListElement":[{"@type":"ListItem","position":1,"name":"Hjem","item":"https:\/\/niipit.dk\/aarhus-padeltennis\/"},{"@type":"ListItem","position":2,"name":"Forside"}]},{"@type":"WebSite","@id":"https:\/\/niipit.dk\/aarhus-padeltennis\/#website","url":"https:\/\/niipit.dk\/aarhus-padeltennis\/","name":"aarhus-padeltennis","description":"De fedeste holdaktiviteter","potentialAction":[{"@type":"SearchAction","target":{"@type":"EntryPoint","urlTemplate":"https:\/\/niipit.dk\/aarhus-padeltennis\/?s={search_term_string}"},"query-input":{"@type":"PropertyValueSpecification","valueRequired":true,"valueName":"search_term_string"}}],"inLanguage":"da-DK"}]}},"_links":{"self":[{"href":"https:\/\/niipit.dk\/aarhus-padeltennis\/wp-json\/wp\/v2\/pages\/5064","targetHints":{"allow":["GET"]}}],"collection":[{"href":"https:\/\/niipit.dk\/aarhus-padeltennis\/wp-json\/wp\/v2\/pages"}],"about":[{"href":"https:\/\/niipit.dk\/aarhus-padeltennis\/wp-json\/wp\/v2\/types\/page"}],"author":[{"embeddable":true,"href":"https:\/\/niipit.dk\/aarhus-padeltennis\/wp-json\/wp\/v2\/users\/1"}],"replies":[{"embeddable":true,"href":"https:\/\/niipit.dk\/aarhus-padeltennis\/wp-json\/wp\/v2\/comments?post=5064"}],"version-history":[{"count":2,"href":"https:\/\/niipit.dk\/aarhus-padeltennis\/wp-json\/wp\/v2\/pages\/5064\/revisions"}],"predecessor-version":[{"id":5993,"href":"https:\/\/niipit.dk\/aarhus-padeltennis\/wp-json\/wp\/v2\/pages\/5064\/revisions\/5993"}],"wp:attachment":[{"href":"https:\/\/niipit.dk\/aarhus-padeltennis\/wp-json\/wp\/v2\/media?parent=5064"}],"curies":[{"name":"wp","href":"https:\/\/api.w.org\/{rel}","templated":true}]}}