{"id":5064,"date":"2018-08-10T22:29:34","date_gmt":"2018-08-10T20:29:34","guid":{"rendered":"https:\/\/niipit.dk\/aabyhoj-tandlaegeklinik-shop\/?page_id=5064"},"modified":"2021-09-25T08:13:18","modified_gmt":"2021-09-25T06:13:18","slug":"frontpage","status":"publish","type":"page","link":"https:\/\/niipit.dk\/aabyhoj-tandlaegeklinik\/","title":{"rendered":"Forside"},"content":{"rendered":"\n<hr class=\"wp-block-separator\"\/>\n\n\n\n<h1 class=\"wp-block-heading\">Tandl\u00e6ge i \u00c5rhus med venligt personale og fornuftige priser<\/h1>\n\n\n\n<p><h2>\u00c5byh\u00f8j Tandl\u00e6ge Team tilbyder en lang r\u00e6kke tandplejebehandlinger<\/h2>\n<p>F\u00f8rstesalen i den r\u00f8de murstensbygning p\u00e5 Silkeborgvej 244 i \u00c5byh\u00f8j har siden 1954 huset en tandl\u00e6geklinik. I dag er det fjerde generation af tandl\u00e6ger, der har klinikken ved navn <span style=\"color: #000000;\"><a style=\"color: #000000;\" href=\"https:\/\/www.aatt.dk\/\" target=\"_blank\" rel=\"noopener\">\u00c5byh\u00f8j Tandl\u00e6ge Team<\/a><\/span>. Her er professionel tandpleje, hyggelig stemning, god kundeservice og fornuftige priser i h\u00f8js\u00e6det.<\/p>\n<h3>Fokus p\u00e5 den god kundeservice og hyggelig stemning<\/h3>\n<p>Hos \u00c5byh\u00f8j Tandl\u00e6ge Team er det meget vigtigt for personalet, at det skal v\u00e6re en god oplevelse for dig, n\u00e5r du bes\u00f8ger klinikken og f\u00e5r foretaget diverse behandlinger. Klinikken er indrettet, s\u00e5 den fremst\u00e5r s\u00e5 lidt klinisk som muligt, og du vil altid blive m\u00f8dt af et smil og en hilsen fra receptionisten, n\u00e5r du tr\u00e6der indenfor.<br>Tandl\u00e6gerne og klinikassistenterne har alle stort fokus p\u00e5 at m\u00f8de alle patienter med respekt, omsorg og forst\u00e5else. Derfor kan du trygt v\u00e6lge \u00c5byh\u00f8j Tandl\u00e6ge Team, hvis du er nerv\u00f8s for at g\u00e5 til tandl\u00e6ge, eller hvis du har decideret tandl\u00e6geskr\u00e6k. De har mange \u00e5rs erfaring i at hj\u00e6lpe patienter med tandl\u00e6geskr\u00e6k, s\u00e5 de bliver trygge ved at f\u00e5 ordnet deres t\u00e6nder.<\/p>\n<h3>Bredt udvalg af behandlinger \u2013 og mange med studierabat<\/h3>\n<p>\u00c5byh\u00f8j Tandl\u00e6ge Team kan hj\u00e6lpe med alt fra forebyggende tandpleje, tandrensninger og tandfyldninger til rodbehandlinger, kroner, broer og proteser. De samarbejder med dygtige tandteknikere og k\u00e6bekirurger, der hj\u00e6lper til ved mere avancerede behandlinger og operationer. Alle behandlingerne er til fornuftige priser. Studerende kan f\u00e5 15 % studierabat p\u00e5 en lang r\u00e6kke af behandlingerne \u2013 dog ikke forebyggende behandlinger og unders\u00f8gelser, da det ikke er tilladt af staten at give rabatter p\u00e5 disse.<\/p>\n<div class=\"wp-block-button\">&nbsp;<\/div><\/p>\n","protected":false},"excerpt":{"rendered":"<p>Tandl\u00e6ge i \u00c5rhus med venligt personale og fornuftige priser \u00c5byh\u00f8j Tandl\u00e6ge Team tilbyder en lang r\u00e6kke tandplejebehandlinger F\u00f8rstesalen i den r\u00f8de murstensbygning p\u00e5 Silkeborgvej 244 i \u00c5byh\u00f8j har siden 1954 huset en tandl\u00e6geklinik. I dag er det fjerde generation af tandl\u00e6ger, der har klinikken ved navn \u00c5byh\u00f8j Tandl\u00e6ge Team. Her er professionel tandpleje, hyggelig stemning, <a class=\"moretag btn btn-primary\" href=\"https:\/\/niipit.dk\/aabyhoj-tandlaegeklinik\/\">L\u00e6s mere<\/a><\/p>\n","protected":false},"author":1,"featured_media":0,"parent":0,"menu_order":0,"comment_status":"closed","ping_status":"closed","template":"frontpagePremium.php","meta":{"_exactmetrics_skip_tracking":false,"_exactmetrics_sitenote_active":false,"_exactmetrics_sitenote_note":"","_exactmetrics_sitenote_category":0,"_monsterinsights_skip_tracking":false,"_monsterinsights_sitenote_active":false,"_monsterinsights_sitenote_note":"","_monsterinsights_sitenote_category":0,"footnotes":""},"class_list":["post-5064","page","type-page","status-publish","hentry"],"yoast_head":"<!-- This site is optimized with the Yoast SEO Premium plugin v16.3 (Yoast SEO v27.4) - https:\/\/yoast.com\/product\/yoast-seo-premium-wordpress\/ -->\n<title>Rodbehandling \u2502 \u00c5byh\u00f8j Tandl\u00e6geTeam er Specialister i Rodbehandlinger<\/title>\n<meta name=\"description\" content=\"Hos \u00c5byh\u00f8j Tandl\u00e6ge Team har vi altid fokus p\u00e5 god kundeservice og hyggelig stemning \u2502 Bestil tid til dit n\u00e6ste eftersyn \u27a4\" \/>\n<meta name=\"robots\" content=\"index, follow, max-snippet:-1, max-image-preview:large, max-video-preview:-1\" \/>\n<link rel=\"canonical\" href=\"https:\/\/niipit.dk\/aabyhoj-tandlaegeklinik\/\" \/>\n<meta property=\"og:locale\" content=\"da_DK\" \/>\n<meta property=\"og:type\" content=\"article\" \/>\n<meta property=\"og:title\" content=\"Rodbehandling \u2502 \u00c5byh\u00f8j Tandl\u00e6geTeam er Specialister i Rodbehandlinger\" \/>\n<meta property=\"og:description\" content=\"Hos \u00c5byh\u00f8j Tandl\u00e6ge Team har vi altid fokus p\u00e5 god kundeservice og hyggelig stemning \u2502 Bestil tid til dit n\u00e6ste eftersyn \u27a4\" \/>\n<meta property=\"og:url\" content=\"https:\/\/niipit.dk\/aabyhoj-tandlaegeklinik\/\" \/>\n<meta property=\"og:site_name\" content=\"Aabyh\u00f8j Tandl\u00e6geklinik\" \/>\n<meta property=\"article:modified_time\" content=\"2021-09-25T06:13:18+00:00\" \/>\n<meta name=\"twitter:card\" content=\"summary_large_image\" \/>\n<meta name=\"twitter:label1\" content=\"Estimeret l\u00e6setid\" \/>\n\t<meta name=\"twitter:data1\" content=\"2 minutter\" \/>\n<script type=\"application\/ld+json\" class=\"yoast-schema-graph\">{\"@context\":\"https:\\\/\\\/schema.org\",\"@graph\":[{\"@type\":\"WebPage\",\"@id\":\"https:\\\/\\\/niipit.dk\\\/aabyhoj-tandlaegeklinik\\\/\",\"url\":\"https:\\\/\\\/niipit.dk\\\/aabyhoj-tandlaegeklinik\\\/\",\"name\":\"Rodbehandling \u2502 \u00c5byh\u00f8j Tandl\u00e6geTeam er Specialister i Rodbehandlinger\",\"isPartOf\":{\"@id\":\"https:\\\/\\\/niipit.dk\\\/aabyhoj-tandlaegeklinik\\\/#website\"},\"datePublished\":\"2018-08-10T20:29:34+00:00\",\"dateModified\":\"2021-09-25T06:13:18+00:00\",\"description\":\"Hos \u00c5byh\u00f8j Tandl\u00e6ge Team har vi altid fokus p\u00e5 god kundeservice og hyggelig stemning \u2502 Bestil tid til dit n\u00e6ste eftersyn \u27a4\",\"breadcrumb\":{\"@id\":\"https:\\\/\\\/niipit.dk\\\/aabyhoj-tandlaegeklinik\\\/#breadcrumb\"},\"inLanguage\":\"da-DK\",\"potentialAction\":[{\"@type\":\"ReadAction\",\"target\":[\"https:\\\/\\\/niipit.dk\\\/aabyhoj-tandlaegeklinik\\\/\"]}]},{\"@type\":\"BreadcrumbList\",\"@id\":\"https:\\\/\\\/niipit.dk\\\/aabyhoj-tandlaegeklinik\\\/#breadcrumb\",\"itemListElement\":[{\"@type\":\"ListItem\",\"position\":1,\"name\":\"Hjem\",\"item\":\"https:\\\/\\\/niipit.dk\\\/aabyhoj-tandlaegeklinik\\\/\"},{\"@type\":\"ListItem\",\"position\":2,\"name\":\"Forside\"}]},{\"@type\":\"WebSite\",\"@id\":\"https:\\\/\\\/niipit.dk\\\/aabyhoj-tandlaegeklinik\\\/#website\",\"url\":\"https:\\\/\\\/niipit.dk\\\/aabyhoj-tandlaegeklinik\\\/\",\"name\":\"Aabyh\u00f8j Tandl\u00e6geklinik\",\"description\":\"\u00c5byh\u00f8j Tandl\u00e6geTeam \u2502 Professionel tandpleje i \u00f8jenh\u00f8jde \u26b6\",\"potentialAction\":[{\"@type\":\"SearchAction\",\"target\":{\"@type\":\"EntryPoint\",\"urlTemplate\":\"https:\\\/\\\/niipit.dk\\\/aabyhoj-tandlaegeklinik\\\/?s={search_term_string}\"},\"query-input\":{\"@type\":\"PropertyValueSpecification\",\"valueRequired\":true,\"valueName\":\"search_term_string\"}}],\"inLanguage\":\"da-DK\"}]}<\/script>\n<!-- \/ Yoast SEO Premium plugin. -->","yoast_head_json":{"title":"Rodbehandling \u2502 \u00c5byh\u00f8j Tandl\u00e6geTeam er Specialister i Rodbehandlinger","description":"Hos \u00c5byh\u00f8j Tandl\u00e6ge Team har vi altid fokus p\u00e5 god kundeservice og hyggelig stemning \u2502 Bestil tid til dit n\u00e6ste eftersyn \u27a4","robots":{"index":"index","follow":"follow","max-snippet":"max-snippet:-1","max-image-preview":"max-image-preview:large","max-video-preview":"max-video-preview:-1"},"canonical":"https:\/\/niipit.dk\/aabyhoj-tandlaegeklinik\/","og_locale":"da_DK","og_type":"article","og_title":"Rodbehandling \u2502 \u00c5byh\u00f8j Tandl\u00e6geTeam er Specialister i Rodbehandlinger","og_description":"Hos \u00c5byh\u00f8j Tandl\u00e6ge Team har vi altid fokus p\u00e5 god kundeservice og hyggelig stemning \u2502 Bestil tid til dit n\u00e6ste eftersyn \u27a4","og_url":"https:\/\/niipit.dk\/aabyhoj-tandlaegeklinik\/","og_site_name":"Aabyh\u00f8j Tandl\u00e6geklinik","article_modified_time":"2021-09-25T06:13:18+00:00","twitter_card":"summary_large_image","twitter_misc":{"Estimeret l\u00e6setid":"2 minutter"},"schema":{"@context":"https:\/\/schema.org","@graph":[{"@type":"WebPage","@id":"https:\/\/niipit.dk\/aabyhoj-tandlaegeklinik\/","url":"https:\/\/niipit.dk\/aabyhoj-tandlaegeklinik\/","name":"Rodbehandling \u2502 \u00c5byh\u00f8j Tandl\u00e6geTeam er Specialister i Rodbehandlinger","isPartOf":{"@id":"https:\/\/niipit.dk\/aabyhoj-tandlaegeklinik\/#website"},"datePublished":"2018-08-10T20:29:34+00:00","dateModified":"2021-09-25T06:13:18+00:00","description":"Hos \u00c5byh\u00f8j Tandl\u00e6ge Team har vi altid fokus p\u00e5 god kundeservice og hyggelig stemning \u2502 Bestil tid til dit n\u00e6ste eftersyn \u27a4","breadcrumb":{"@id":"https:\/\/niipit.dk\/aabyhoj-tandlaegeklinik\/#breadcrumb"},"inLanguage":"da-DK","potentialAction":[{"@type":"ReadAction","target":["https:\/\/niipit.dk\/aabyhoj-tandlaegeklinik\/"]}]},{"@type":"BreadcrumbList","@id":"https:\/\/niipit.dk\/aabyhoj-tandlaegeklinik\/#breadcrumb","itemListElement":[{"@type":"ListItem","position":1,"name":"Hjem","item":"https:\/\/niipit.dk\/aabyhoj-tandlaegeklinik\/"},{"@type":"ListItem","position":2,"name":"Forside"}]},{"@type":"WebSite","@id":"https:\/\/niipit.dk\/aabyhoj-tandlaegeklinik\/#website","url":"https:\/\/niipit.dk\/aabyhoj-tandlaegeklinik\/","name":"Aabyh\u00f8j Tandl\u00e6geklinik","description":"\u00c5byh\u00f8j Tandl\u00e6geTeam \u2502 Professionel tandpleje i \u00f8jenh\u00f8jde \u26b6","potentialAction":[{"@type":"SearchAction","target":{"@type":"EntryPoint","urlTemplate":"https:\/\/niipit.dk\/aabyhoj-tandlaegeklinik\/?s={search_term_string}"},"query-input":{"@type":"PropertyValueSpecification","valueRequired":true,"valueName":"search_term_string"}}],"inLanguage":"da-DK"}]}},"_links":{"self":[{"href":"https:\/\/niipit.dk\/aabyhoj-tandlaegeklinik\/wp-json\/wp\/v2\/pages\/5064","targetHints":{"allow":["GET"]}}],"collection":[{"href":"https:\/\/niipit.dk\/aabyhoj-tandlaegeklinik\/wp-json\/wp\/v2\/pages"}],"about":[{"href":"https:\/\/niipit.dk\/aabyhoj-tandlaegeklinik\/wp-json\/wp\/v2\/types\/page"}],"author":[{"embeddable":true,"href":"https:\/\/niipit.dk\/aabyhoj-tandlaegeklinik\/wp-json\/wp\/v2\/users\/1"}],"replies":[{"embeddable":true,"href":"https:\/\/niipit.dk\/aabyhoj-tandlaegeklinik\/wp-json\/wp\/v2\/comments?post=5064"}],"version-history":[{"count":2,"href":"https:\/\/niipit.dk\/aabyhoj-tandlaegeklinik\/wp-json\/wp\/v2\/pages\/5064\/revisions"}],"predecessor-version":[{"id":6078,"href":"https:\/\/niipit.dk\/aabyhoj-tandlaegeklinik\/wp-json\/wp\/v2\/pages\/5064\/revisions\/6078"}],"wp:attachment":[{"href":"https:\/\/niipit.dk\/aabyhoj-tandlaegeklinik\/wp-json\/wp\/v2\/media?parent=5064"}],"curies":[{"name":"wp","href":"https:\/\/api.w.org\/{rel}","templated":true}]}}