{"id":5064,"date":"2020-04-10T22:29:34","date_gmt":"2020-04-10T20:29:34","guid":{"rendered":"https:\/\/niipit.dk\/aabenraaibevaegelse-shop\/?page_id=5064"},"modified":"2020-09-11T08:07:35","modified_gmt":"2020-09-11T06:07:35","slug":"frontpage","status":"publish","type":"page","link":"https:\/\/niipit.dk\/aabenraaibevaegelse\/","title":{"rendered":"Forside"},"content":{"rendered":"\n<hr class=\"wp-block-separator\"\/>\n\n\n\n<h2 class=\"wp-block-heading\">Aabenraa I bev\u00e6gelse er dit overblik over motionstilbud i kommunen<\/h2>\n\n\n\n<p>Aabenraa I bev\u00e6gelse er et projekt som kommunen har startet for dig.<br>I Aabenraa kommune samler vi alle aktiviteter p\u00e5 en app til dig s\u00e5 du nemmer kan finde rundt og se hvad der sker i dit lokalomr\u00e5de.<\/p>\n\n\n\n<p>Vi har samlet en oversigt over alle kommunens legepladser, shelterpladser, golfbaner, fodboldgolf,  udsigtspunkter, haller, lystfiskeri, skaterparker og mange andre aktiviteter.<\/p>\n\n\n\n<p>Du skal have nemt ved at finde indend\u00f8rs og udend\u00f8rs aktiviteter n\u00e5r du gerne vil ud og v\u00e6re aktiv.<\/p>\n\n\n\n<p><\/p>\n","protected":false},"excerpt":{"rendered":"<p>Aabenraa I bev\u00e6gelse er dit overblik over motionstilbud i kommunen Aabenraa I bev\u00e6gelse er et projekt som kommunen har startet for dig.I Aabenraa kommune samler vi alle aktiviteter p\u00e5 en app til dig s\u00e5 du nemmer kan finde rundt og se hvad der sker i dit lokalomr\u00e5de. Vi har samlet en oversigt over alle kommunens <a class=\"moretag btn btn-primary\" href=\"https:\/\/niipit.dk\/aabenraaibevaegelse\/\">L\u00e6s mere<\/a><\/p>\n","protected":false},"author":1,"featured_media":0,"parent":0,"menu_order":0,"comment_status":"closed","ping_status":"closed","template":"frontpagePremium.php","meta":{"_exactmetrics_skip_tracking":false,"_exactmetrics_sitenote_active":false,"_exactmetrics_sitenote_note":"","_exactmetrics_sitenote_category":0,"_monsterinsights_skip_tracking":false,"_monsterinsights_sitenote_active":false,"_monsterinsights_sitenote_note":"","_monsterinsights_sitenote_category":0,"footnotes":""},"class_list":["post-5064","page","type-page","status-publish","hentry"],"yoast_head":"<!-- This site is optimized with the Yoast SEO Premium plugin v16.3 (Yoast SEO v27.4) - https:\/\/yoast.com\/product\/yoast-seo-premium-wordpress\/ -->\n<title>Aabenraa I Bev\u00e6gelse - Vil du holde dig aktiv men savner overblik?<\/title>\n<meta name=\"description\" content=\"Aabenraa I Bev\u00e6gelse er dit overblik over motionstilbud i kommunen. Her kan du hurtigt finde aktuelle aktiviteter nu og her.\" \/>\n<meta name=\"robots\" content=\"index, follow, max-snippet:-1, max-image-preview:large, max-video-preview:-1\" \/>\n<link rel=\"canonical\" href=\"https:\/\/niipit.dk\/aabenraaibevaegelse\/\" \/>\n<meta property=\"og:locale\" content=\"da_DK\" \/>\n<meta property=\"og:type\" content=\"article\" \/>\n<meta property=\"og:title\" content=\"Aabenraa I Bev\u00e6gelse - Vil du holde dig aktiv men savner overblik?\" \/>\n<meta property=\"og:description\" content=\"Aabenraa I Bev\u00e6gelse er dit overblik over motionstilbud i kommunen. Her kan du hurtigt finde aktuelle aktiviteter nu og her.\" \/>\n<meta property=\"og:url\" content=\"https:\/\/niipit.dk\/aabenraaibevaegelse\/\" \/>\n<meta property=\"og:site_name\" content=\"Aabenraa I Bev\u00e6gelse\" \/>\n<meta property=\"article:modified_time\" content=\"2020-09-11T06:07:35+00:00\" \/>\n<meta name=\"twitter:card\" content=\"summary_large_image\" \/>\n<script type=\"application\/ld+json\" class=\"yoast-schema-graph\">{\"@context\":\"https:\\\/\\\/schema.org\",\"@graph\":[{\"@type\":\"WebPage\",\"@id\":\"https:\\\/\\\/niipit.dk\\\/aabenraaibevaegelse\\\/\",\"url\":\"https:\\\/\\\/niipit.dk\\\/aabenraaibevaegelse\\\/\",\"name\":\"Aabenraa I Bev\u00e6gelse - Vil du holde dig aktiv men savner overblik?\",\"isPartOf\":{\"@id\":\"https:\\\/\\\/niipit.dk\\\/aabenraaibevaegelse\\\/#website\"},\"datePublished\":\"2020-04-10T20:29:34+00:00\",\"dateModified\":\"2020-09-11T06:07:35+00:00\",\"description\":\"Aabenraa I Bev\u00e6gelse er dit overblik over motionstilbud i kommunen. Her kan du hurtigt finde aktuelle aktiviteter nu og her.\",\"breadcrumb\":{\"@id\":\"https:\\\/\\\/niipit.dk\\\/aabenraaibevaegelse\\\/#breadcrumb\"},\"inLanguage\":\"da-DK\",\"potentialAction\":[{\"@type\":\"ReadAction\",\"target\":[\"https:\\\/\\\/niipit.dk\\\/aabenraaibevaegelse\\\/\"]}]},{\"@type\":\"BreadcrumbList\",\"@id\":\"https:\\\/\\\/niipit.dk\\\/aabenraaibevaegelse\\\/#breadcrumb\",\"itemListElement\":[{\"@type\":\"ListItem\",\"position\":1,\"name\":\"Hjem\",\"item\":\"https:\\\/\\\/niipit.dk\\\/aabenraaibevaegelse\\\/\"},{\"@type\":\"ListItem\",\"position\":2,\"name\":\"Forside\"}]},{\"@type\":\"WebSite\",\"@id\":\"https:\\\/\\\/niipit.dk\\\/aabenraaibevaegelse\\\/#website\",\"url\":\"https:\\\/\\\/niipit.dk\\\/aabenraaibevaegelse\\\/\",\"name\":\"Aabenraa I Bev\u00e6gelse\",\"description\":\"Overblik over motionstilbud\",\"potentialAction\":[{\"@type\":\"SearchAction\",\"target\":{\"@type\":\"EntryPoint\",\"urlTemplate\":\"https:\\\/\\\/niipit.dk\\\/aabenraaibevaegelse\\\/?s={search_term_string}\"},\"query-input\":{\"@type\":\"PropertyValueSpecification\",\"valueRequired\":true,\"valueName\":\"search_term_string\"}}],\"inLanguage\":\"da-DK\"}]}<\/script>\n<!-- \/ Yoast SEO Premium plugin. -->","yoast_head_json":{"title":"Aabenraa I Bev\u00e6gelse - Vil du holde dig aktiv men savner overblik?","description":"Aabenraa I Bev\u00e6gelse er dit overblik over motionstilbud i kommunen. Her kan du hurtigt finde aktuelle aktiviteter nu og her.","robots":{"index":"index","follow":"follow","max-snippet":"max-snippet:-1","max-image-preview":"max-image-preview:large","max-video-preview":"max-video-preview:-1"},"canonical":"https:\/\/niipit.dk\/aabenraaibevaegelse\/","og_locale":"da_DK","og_type":"article","og_title":"Aabenraa I Bev\u00e6gelse - Vil du holde dig aktiv men savner overblik?","og_description":"Aabenraa I Bev\u00e6gelse er dit overblik over motionstilbud i kommunen. Her kan du hurtigt finde aktuelle aktiviteter nu og her.","og_url":"https:\/\/niipit.dk\/aabenraaibevaegelse\/","og_site_name":"Aabenraa I Bev\u00e6gelse","article_modified_time":"2020-09-11T06:07:35+00:00","twitter_card":"summary_large_image","schema":{"@context":"https:\/\/schema.org","@graph":[{"@type":"WebPage","@id":"https:\/\/niipit.dk\/aabenraaibevaegelse\/","url":"https:\/\/niipit.dk\/aabenraaibevaegelse\/","name":"Aabenraa I Bev\u00e6gelse - Vil du holde dig aktiv men savner overblik?","isPartOf":{"@id":"https:\/\/niipit.dk\/aabenraaibevaegelse\/#website"},"datePublished":"2020-04-10T20:29:34+00:00","dateModified":"2020-09-11T06:07:35+00:00","description":"Aabenraa I Bev\u00e6gelse er dit overblik over motionstilbud i kommunen. Her kan du hurtigt finde aktuelle aktiviteter nu og her.","breadcrumb":{"@id":"https:\/\/niipit.dk\/aabenraaibevaegelse\/#breadcrumb"},"inLanguage":"da-DK","potentialAction":[{"@type":"ReadAction","target":["https:\/\/niipit.dk\/aabenraaibevaegelse\/"]}]},{"@type":"BreadcrumbList","@id":"https:\/\/niipit.dk\/aabenraaibevaegelse\/#breadcrumb","itemListElement":[{"@type":"ListItem","position":1,"name":"Hjem","item":"https:\/\/niipit.dk\/aabenraaibevaegelse\/"},{"@type":"ListItem","position":2,"name":"Forside"}]},{"@type":"WebSite","@id":"https:\/\/niipit.dk\/aabenraaibevaegelse\/#website","url":"https:\/\/niipit.dk\/aabenraaibevaegelse\/","name":"Aabenraa I Bev\u00e6gelse","description":"Overblik over motionstilbud","potentialAction":[{"@type":"SearchAction","target":{"@type":"EntryPoint","urlTemplate":"https:\/\/niipit.dk\/aabenraaibevaegelse\/?s={search_term_string}"},"query-input":{"@type":"PropertyValueSpecification","valueRequired":true,"valueName":"search_term_string"}}],"inLanguage":"da-DK"}]}},"_links":{"self":[{"href":"https:\/\/niipit.dk\/aabenraaibevaegelse\/wp-json\/wp\/v2\/pages\/5064","targetHints":{"allow":["GET"]}}],"collection":[{"href":"https:\/\/niipit.dk\/aabenraaibevaegelse\/wp-json\/wp\/v2\/pages"}],"about":[{"href":"https:\/\/niipit.dk\/aabenraaibevaegelse\/wp-json\/wp\/v2\/types\/page"}],"author":[{"embeddable":true,"href":"https:\/\/niipit.dk\/aabenraaibevaegelse\/wp-json\/wp\/v2\/users\/1"}],"replies":[{"embeddable":true,"href":"https:\/\/niipit.dk\/aabenraaibevaegelse\/wp-json\/wp\/v2\/comments?post=5064"}],"version-history":[{"count":0,"href":"https:\/\/niipit.dk\/aabenraaibevaegelse\/wp-json\/wp\/v2\/pages\/5064\/revisions"}],"wp:attachment":[{"href":"https:\/\/niipit.dk\/aabenraaibevaegelse\/wp-json\/wp\/v2\/media?parent=5064"}],"curies":[{"name":"wp","href":"https:\/\/api.w.org\/{rel}","templated":true}]}}