{"id":5064,"date":"2018-08-10T22:29:34","date_gmt":"2018-08-10T20:29:34","guid":{"rendered":"https:\/\/niipit.dk\/vestjyllands-hoerecenter-shop\/?page_id=5064"},"modified":"2020-02-25T22:36:44","modified_gmt":"2020-02-25T21:36:44","slug":"frontpage","status":"publish","type":"page","link":"http:\/\/niipit.dk\/vestjyllands-hoerecenter\/","title":{"rendered":"Forside"},"content":{"rendered":"\n<hr class=\"wp-block-separator\"\/>\n\n\n\n<h2 class=\"wp-block-heading\">Nye h\u00f8reapparater giver bedre livskvalitet<\/h2>\n\n\n\n<p>H\u00f8retab har ingen alder og kan derfor ramme alle. Med et h\u00f8retab, forsvinder livskvaliteten ogs\u00e5 langsomt. Men de fleste h\u00f8retab kan der g\u00f8res noget ved. Desto hurtigere du erkender, at du har en nedsat h\u00f8relse, desto hurtigere kan vi hj\u00e6lpe dig.&nbsp;<\/p>\n\n\n\n<p>Vi er dit h\u00f8recenter &#8211; og vi er altid klar til at hj\u00e6lpe dig med en forbedret h\u00f8relse, en unik l\u00f8sning til dit behov og at finde det perfekte h\u00f8reapparat til dig. Vi ved hvilken forskel det g\u00f8r for livskvaliteten.<\/p>\n\n\n\n<div class=\"wp-block-button\"><a class=\"wp-block-button__link has-text-color has-very-dark-gray-color has-background has-very-light-gray-background-color\" href=\"https:\/\/www.vestjyllandshc.dk\/Afdelinger\">Se vores afdelinger<\/a><\/div>\n","protected":false},"excerpt":{"rendered":"<p>Nye h\u00f8reapparater giver bedre livskvalitet H\u00f8retab har ingen alder og kan derfor ramme alle. Med et h\u00f8retab, forsvinder livskvaliteten ogs\u00e5 langsomt. Men de fleste h\u00f8retab kan der g\u00f8res noget ved. Desto hurtigere du erkender, at du har en nedsat h\u00f8relse, desto hurtigere kan vi hj\u00e6lpe dig.&nbsp; Vi er dit h\u00f8recenter &#8211; og vi er altid <a class=\"moretag btn btn-primary\" href=\"http:\/\/niipit.dk\/vestjyllands-hoerecenter\/\">L\u00e6s mere<\/a><\/p>\n","protected":false},"author":1,"featured_media":0,"parent":0,"menu_order":0,"comment_status":"closed","ping_status":"closed","template":"frontpagePremium.php","meta":{"_exactmetrics_skip_tracking":false,"_exactmetrics_sitenote_active":false,"_exactmetrics_sitenote_note":"","_exactmetrics_sitenote_category":0,"_monsterinsights_skip_tracking":false,"_monsterinsights_sitenote_active":false,"_monsterinsights_sitenote_note":"","_monsterinsights_sitenote_category":0,"footnotes":""},"class_list":["post-5064","page","type-page","status-publish","hentry"],"yoast_head":"<!-- This site is optimized with the Yoast SEO Premium plugin v16.3 (Yoast SEO v27.5) - https:\/\/yoast.com\/product\/yoast-seo-premium-wordpress\/ -->\n<title>H\u00f8rev\u00e6rn \u2502 Undg\u00e5 H\u00f8reneds\u00e6ttelse p\u00e5 grund af St\u00f8jgener \u25b6<\/title>\n<meta name=\"description\" content=\"H\u00f8retab har ingen alder og kan derfor ramme alle. Med et h\u00f8retab, forsvinder livskvaliteten ogs\u00e5 langsomt. Men de fleste h\u00f8retab kan hj\u00e6lpes.\" \/>\n<meta name=\"robots\" content=\"index, follow, max-snippet:-1, max-image-preview:large, max-video-preview:-1\" \/>\n<link rel=\"canonical\" href=\"http:\/\/niipit.dk\/vestjyllands-hoerecenter\/\" \/>\n<meta property=\"og:locale\" content=\"da_DK\" \/>\n<meta property=\"og:type\" content=\"article\" \/>\n<meta property=\"og:title\" content=\"H\u00f8rev\u00e6rn \u2502 Undg\u00e5 H\u00f8reneds\u00e6ttelse p\u00e5 grund af St\u00f8jgener \u25b6\" \/>\n<meta property=\"og:description\" content=\"H\u00f8retab har ingen alder og kan derfor ramme alle. Med et h\u00f8retab, forsvinder livskvaliteten ogs\u00e5 langsomt. Men de fleste h\u00f8retab kan hj\u00e6lpes.\" \/>\n<meta property=\"og:url\" content=\"http:\/\/niipit.dk\/vestjyllands-hoerecenter\/\" \/>\n<meta property=\"og:site_name\" content=\"Vestjyllands H\u00f8recenter\" \/>\n<meta property=\"article:modified_time\" content=\"2020-02-25T21:36:44+00:00\" \/>\n<meta name=\"twitter:card\" content=\"summary_large_image\" \/>\n<meta name=\"twitter:label1\" content=\"Estimeret l\u00e6setid\" \/>\n\t<meta name=\"twitter:data1\" content=\"1 minut\" \/>\n<script type=\"application\/ld+json\" class=\"yoast-schema-graph\">{\"@context\":\"https:\\\/\\\/schema.org\",\"@graph\":[{\"@type\":\"WebPage\",\"@id\":\"http:\\\/\\\/niipit.dk\\\/vestjyllands-hoerecenter\\\/\",\"url\":\"http:\\\/\\\/niipit.dk\\\/vestjyllands-hoerecenter\\\/\",\"name\":\"H\u00f8rev\u00e6rn \u2502 Undg\u00e5 H\u00f8reneds\u00e6ttelse p\u00e5 grund af St\u00f8jgener \u25b6\",\"isPartOf\":{\"@id\":\"http:\\\/\\\/niipit.dk\\\/vestjyllands-hoerecenter\\\/#website\"},\"datePublished\":\"2018-08-10T20:29:34+00:00\",\"dateModified\":\"2020-02-25T21:36:44+00:00\",\"description\":\"H\u00f8retab har ingen alder og kan derfor ramme alle. Med et h\u00f8retab, forsvinder livskvaliteten ogs\u00e5 langsomt. Men de fleste h\u00f8retab kan hj\u00e6lpes.\",\"breadcrumb\":{\"@id\":\"http:\\\/\\\/niipit.dk\\\/vestjyllands-hoerecenter\\\/#breadcrumb\"},\"inLanguage\":\"da-DK\",\"potentialAction\":[{\"@type\":\"ReadAction\",\"target\":[\"http:\\\/\\\/niipit.dk\\\/vestjyllands-hoerecenter\\\/\"]}]},{\"@type\":\"BreadcrumbList\",\"@id\":\"http:\\\/\\\/niipit.dk\\\/vestjyllands-hoerecenter\\\/#breadcrumb\",\"itemListElement\":[{\"@type\":\"ListItem\",\"position\":1,\"name\":\"Hjem\",\"item\":\"http:\\\/\\\/niipit.dk\\\/vestjyllands-hoerecenter\\\/\"},{\"@type\":\"ListItem\",\"position\":2,\"name\":\"Forside\"}]},{\"@type\":\"WebSite\",\"@id\":\"http:\\\/\\\/niipit.dk\\\/vestjyllands-hoerecenter\\\/#website\",\"url\":\"http:\\\/\\\/niipit.dk\\\/vestjyllands-hoerecenter\\\/\",\"name\":\"Vestjyllands H\u00f8recenter\",\"description\":\"Kvalitet &amp; God Service hos Vestjyllands H\u00f8recenter\",\"potentialAction\":[{\"@type\":\"SearchAction\",\"target\":{\"@type\":\"EntryPoint\",\"urlTemplate\":\"http:\\\/\\\/niipit.dk\\\/vestjyllands-hoerecenter\\\/?s={search_term_string}\"},\"query-input\":{\"@type\":\"PropertyValueSpecification\",\"valueRequired\":true,\"valueName\":\"search_term_string\"}}],\"inLanguage\":\"da-DK\"}]}<\/script>\n<!-- \/ Yoast SEO Premium plugin. -->","yoast_head_json":{"title":"H\u00f8rev\u00e6rn \u2502 Undg\u00e5 H\u00f8reneds\u00e6ttelse p\u00e5 grund af St\u00f8jgener \u25b6","description":"H\u00f8retab har ingen alder og kan derfor ramme alle. Med et h\u00f8retab, forsvinder livskvaliteten ogs\u00e5 langsomt. Men de fleste h\u00f8retab kan hj\u00e6lpes.","robots":{"index":"index","follow":"follow","max-snippet":"max-snippet:-1","max-image-preview":"max-image-preview:large","max-video-preview":"max-video-preview:-1"},"canonical":"http:\/\/niipit.dk\/vestjyllands-hoerecenter\/","og_locale":"da_DK","og_type":"article","og_title":"H\u00f8rev\u00e6rn \u2502 Undg\u00e5 H\u00f8reneds\u00e6ttelse p\u00e5 grund af St\u00f8jgener \u25b6","og_description":"H\u00f8retab har ingen alder og kan derfor ramme alle. Med et h\u00f8retab, forsvinder livskvaliteten ogs\u00e5 langsomt. Men de fleste h\u00f8retab kan hj\u00e6lpes.","og_url":"http:\/\/niipit.dk\/vestjyllands-hoerecenter\/","og_site_name":"Vestjyllands H\u00f8recenter","article_modified_time":"2020-02-25T21:36:44+00:00","twitter_card":"summary_large_image","twitter_misc":{"Estimeret l\u00e6setid":"1 minut"},"schema":{"@context":"https:\/\/schema.org","@graph":[{"@type":"WebPage","@id":"http:\/\/niipit.dk\/vestjyllands-hoerecenter\/","url":"http:\/\/niipit.dk\/vestjyllands-hoerecenter\/","name":"H\u00f8rev\u00e6rn \u2502 Undg\u00e5 H\u00f8reneds\u00e6ttelse p\u00e5 grund af St\u00f8jgener \u25b6","isPartOf":{"@id":"http:\/\/niipit.dk\/vestjyllands-hoerecenter\/#website"},"datePublished":"2018-08-10T20:29:34+00:00","dateModified":"2020-02-25T21:36:44+00:00","description":"H\u00f8retab har ingen alder og kan derfor ramme alle. Med et h\u00f8retab, forsvinder livskvaliteten ogs\u00e5 langsomt. Men de fleste h\u00f8retab kan hj\u00e6lpes.","breadcrumb":{"@id":"http:\/\/niipit.dk\/vestjyllands-hoerecenter\/#breadcrumb"},"inLanguage":"da-DK","potentialAction":[{"@type":"ReadAction","target":["http:\/\/niipit.dk\/vestjyllands-hoerecenter\/"]}]},{"@type":"BreadcrumbList","@id":"http:\/\/niipit.dk\/vestjyllands-hoerecenter\/#breadcrumb","itemListElement":[{"@type":"ListItem","position":1,"name":"Hjem","item":"http:\/\/niipit.dk\/vestjyllands-hoerecenter\/"},{"@type":"ListItem","position":2,"name":"Forside"}]},{"@type":"WebSite","@id":"http:\/\/niipit.dk\/vestjyllands-hoerecenter\/#website","url":"http:\/\/niipit.dk\/vestjyllands-hoerecenter\/","name":"Vestjyllands H\u00f8recenter","description":"Kvalitet &amp; God Service hos Vestjyllands H\u00f8recenter","potentialAction":[{"@type":"SearchAction","target":{"@type":"EntryPoint","urlTemplate":"http:\/\/niipit.dk\/vestjyllands-hoerecenter\/?s={search_term_string}"},"query-input":{"@type":"PropertyValueSpecification","valueRequired":true,"valueName":"search_term_string"}}],"inLanguage":"da-DK"}]}},"_links":{"self":[{"href":"http:\/\/niipit.dk\/vestjyllands-hoerecenter\/wp-json\/wp\/v2\/pages\/5064","targetHints":{"allow":["GET"]}}],"collection":[{"href":"http:\/\/niipit.dk\/vestjyllands-hoerecenter\/wp-json\/wp\/v2\/pages"}],"about":[{"href":"http:\/\/niipit.dk\/vestjyllands-hoerecenter\/wp-json\/wp\/v2\/types\/page"}],"author":[{"embeddable":true,"href":"http:\/\/niipit.dk\/vestjyllands-hoerecenter\/wp-json\/wp\/v2\/users\/1"}],"replies":[{"embeddable":true,"href":"http:\/\/niipit.dk\/vestjyllands-hoerecenter\/wp-json\/wp\/v2\/comments?post=5064"}],"version-history":[{"count":0,"href":"http:\/\/niipit.dk\/vestjyllands-hoerecenter\/wp-json\/wp\/v2\/pages\/5064\/revisions"}],"wp:attachment":[{"href":"http:\/\/niipit.dk\/vestjyllands-hoerecenter\/wp-json\/wp\/v2\/media?parent=5064"}],"curies":[{"name":"wp","href":"https:\/\/api.w.org\/{rel}","templated":true}]}}