{"id":5764,"date":"2019-08-23T10:57:35","date_gmt":"2019-08-23T08:57:35","guid":{"rendered":"https:\/\/niipit.dk\/vangen-hundeskov-norresundby\/?page_id=5764"},"modified":"2019-08-23T10:57:35","modified_gmt":"2019-08-23T08:57:35","slug":"indsend-info","status":"publish","type":"page","link":"http:\/\/niipit.dk\/vangen-hundeskov-norresundby\/indsend-info\/","title":{"rendered":"Indsend info"},"content":{"rendered":"\n<p style=\"text-align:center\">Hvis du ligger inde med viden eller billeder om hundeskoven som du syntes vi skal have online s\u00e5 m\u00e5 du meget gerne indsende det til os s\u00e5 f\u00e5r vi det online hurtigst muligt.<\/p>\n\n\n\n<p style=\"text-align:center\">Brug formularen her under<\/p>\n","protected":false},"excerpt":{"rendered":"<p>Hvis du ligger inde med viden eller billeder om hundeskoven som du syntes vi skal have online s\u00e5 m\u00e5 du meget gerne indsende det til os s\u00e5 f\u00e5r vi det online hurtigst muligt. Brug formularen her under<\/p>\n","protected":false},"author":151,"featured_media":0,"parent":0,"menu_order":0,"comment_status":"closed","ping_status":"closed","template":"","meta":{"_exactmetrics_skip_tracking":false,"_exactmetrics_sitenote_active":false,"_exactmetrics_sitenote_note":"","_exactmetrics_sitenote_category":0,"_monsterinsights_skip_tracking":false,"_monsterinsights_sitenote_active":false,"_monsterinsights_sitenote_note":"","_monsterinsights_sitenote_category":0,"footnotes":""},"class_list":["post-5764","page","type-page","status-publish","hentry"],"yoast_head":"<!-- This site is optimized with the Yoast SEO Premium plugin v16.3 (Yoast SEO v27.3) - https:\/\/yoast.com\/product\/yoast-seo-premium-wordpress\/ -->\n<title>Indsend info - Vangen Hundeskov N\u00f8rresundby<\/title>\n<meta name=\"robots\" content=\"index, follow, max-snippet:-1, max-image-preview:large, max-video-preview:-1\" \/>\n<link rel=\"canonical\" href=\"https:\/\/niipit.dk\/vangen-hundeskov-norresundby\/indsend-info\/\" \/>\n<meta property=\"og:locale\" content=\"da_DK\" \/>\n<meta property=\"og:type\" content=\"article\" \/>\n<meta property=\"og:title\" content=\"Indsend info - Vangen Hundeskov N\u00f8rresundby\" \/>\n<meta property=\"og:description\" content=\"Hvis du ligger inde med viden eller billeder om hundeskoven som du syntes vi skal have online s\u00e5 m\u00e5 du meget gerne indsende det til os s\u00e5 f\u00e5r vi det online hurtigst muligt. Brug formularen her under\" \/>\n<meta property=\"og:url\" content=\"https:\/\/niipit.dk\/vangen-hundeskov-norresundby\/indsend-info\/\" \/>\n<meta property=\"og:site_name\" content=\"Vangen Hundeskov N\u00f8rresundby\" \/>\n<meta name=\"twitter:card\" content=\"summary_large_image\" \/>\n<script type=\"application\/ld+json\" class=\"yoast-schema-graph\">{\"@context\":\"https:\\\/\\\/schema.org\",\"@graph\":[{\"@type\":\"WebPage\",\"@id\":\"https:\\\/\\\/niipit.dk\\\/vangen-hundeskov-norresundby\\\/indsend-info\\\/\",\"url\":\"https:\\\/\\\/niipit.dk\\\/vangen-hundeskov-norresundby\\\/indsend-info\\\/\",\"name\":\"Indsend info - Vangen Hundeskov N\u00f8rresundby\",\"isPartOf\":{\"@id\":\"https:\\\/\\\/niipit.dk\\\/vangen-hundeskov-norresundby\\\/#website\"},\"datePublished\":\"2019-08-23T08:57:35+00:00\",\"breadcrumb\":{\"@id\":\"https:\\\/\\\/niipit.dk\\\/vangen-hundeskov-norresundby\\\/indsend-info\\\/#breadcrumb\"},\"inLanguage\":\"da-DK\",\"potentialAction\":[{\"@type\":\"ReadAction\",\"target\":[\"https:\\\/\\\/niipit.dk\\\/vangen-hundeskov-norresundby\\\/indsend-info\\\/\"]}]},{\"@type\":\"BreadcrumbList\",\"@id\":\"https:\\\/\\\/niipit.dk\\\/vangen-hundeskov-norresundby\\\/indsend-info\\\/#breadcrumb\",\"itemListElement\":[{\"@type\":\"ListItem\",\"position\":1,\"name\":\"Hjem\",\"item\":\"https:\\\/\\\/niipit.dk\\\/vangen-hundeskov-norresundby\\\/\"},{\"@type\":\"ListItem\",\"position\":2,\"name\":\"Indsend info\"}]},{\"@type\":\"WebSite\",\"@id\":\"https:\\\/\\\/niipit.dk\\\/vangen-hundeskov-norresundby\\\/#website\",\"url\":\"https:\\\/\\\/niipit.dk\\\/vangen-hundeskov-norresundby\\\/\",\"name\":\"Vangen Hundeskov N\u00f8rresundby\",\"description\":\"F\u00e5 din virksomhed p\u00e5 niipit\",\"potentialAction\":[{\"@type\":\"SearchAction\",\"target\":{\"@type\":\"EntryPoint\",\"urlTemplate\":\"https:\\\/\\\/niipit.dk\\\/vangen-hundeskov-norresundby\\\/?s={search_term_string}\"},\"query-input\":{\"@type\":\"PropertyValueSpecification\",\"valueRequired\":true,\"valueName\":\"search_term_string\"}}],\"inLanguage\":\"da-DK\"}]}<\/script>\n<!-- \/ Yoast SEO Premium plugin. -->","yoast_head_json":{"title":"Indsend info - Vangen Hundeskov N\u00f8rresundby","robots":{"index":"index","follow":"follow","max-snippet":"max-snippet:-1","max-image-preview":"max-image-preview:large","max-video-preview":"max-video-preview:-1"},"canonical":"https:\/\/niipit.dk\/vangen-hundeskov-norresundby\/indsend-info\/","og_locale":"da_DK","og_type":"article","og_title":"Indsend info - Vangen Hundeskov N\u00f8rresundby","og_description":"Hvis du ligger inde med viden eller billeder om hundeskoven som du syntes vi skal have online s\u00e5 m\u00e5 du meget gerne indsende det til os s\u00e5 f\u00e5r vi det online hurtigst muligt. Brug formularen her under","og_url":"https:\/\/niipit.dk\/vangen-hundeskov-norresundby\/indsend-info\/","og_site_name":"Vangen Hundeskov N\u00f8rresundby","twitter_card":"summary_large_image","schema":{"@context":"https:\/\/schema.org","@graph":[{"@type":"WebPage","@id":"https:\/\/niipit.dk\/vangen-hundeskov-norresundby\/indsend-info\/","url":"https:\/\/niipit.dk\/vangen-hundeskov-norresundby\/indsend-info\/","name":"Indsend info - Vangen Hundeskov N\u00f8rresundby","isPartOf":{"@id":"https:\/\/niipit.dk\/vangen-hundeskov-norresundby\/#website"},"datePublished":"2019-08-23T08:57:35+00:00","breadcrumb":{"@id":"https:\/\/niipit.dk\/vangen-hundeskov-norresundby\/indsend-info\/#breadcrumb"},"inLanguage":"da-DK","potentialAction":[{"@type":"ReadAction","target":["https:\/\/niipit.dk\/vangen-hundeskov-norresundby\/indsend-info\/"]}]},{"@type":"BreadcrumbList","@id":"https:\/\/niipit.dk\/vangen-hundeskov-norresundby\/indsend-info\/#breadcrumb","itemListElement":[{"@type":"ListItem","position":1,"name":"Hjem","item":"https:\/\/niipit.dk\/vangen-hundeskov-norresundby\/"},{"@type":"ListItem","position":2,"name":"Indsend info"}]},{"@type":"WebSite","@id":"https:\/\/niipit.dk\/vangen-hundeskov-norresundby\/#website","url":"https:\/\/niipit.dk\/vangen-hundeskov-norresundby\/","name":"Vangen Hundeskov N\u00f8rresundby","description":"F\u00e5 din virksomhed p\u00e5 niipit","potentialAction":[{"@type":"SearchAction","target":{"@type":"EntryPoint","urlTemplate":"https:\/\/niipit.dk\/vangen-hundeskov-norresundby\/?s={search_term_string}"},"query-input":{"@type":"PropertyValueSpecification","valueRequired":true,"valueName":"search_term_string"}}],"inLanguage":"da-DK"}]}},"_links":{"self":[{"href":"http:\/\/niipit.dk\/vangen-hundeskov-norresundby\/wp-json\/wp\/v2\/pages\/5764","targetHints":{"allow":["GET"]}}],"collection":[{"href":"http:\/\/niipit.dk\/vangen-hundeskov-norresundby\/wp-json\/wp\/v2\/pages"}],"about":[{"href":"http:\/\/niipit.dk\/vangen-hundeskov-norresundby\/wp-json\/wp\/v2\/types\/page"}],"author":[{"embeddable":true,"href":"http:\/\/niipit.dk\/vangen-hundeskov-norresundby\/wp-json\/wp\/v2\/users\/151"}],"replies":[{"embeddable":true,"href":"http:\/\/niipit.dk\/vangen-hundeskov-norresundby\/wp-json\/wp\/v2\/comments?post=5764"}],"version-history":[{"count":0,"href":"http:\/\/niipit.dk\/vangen-hundeskov-norresundby\/wp-json\/wp\/v2\/pages\/5764\/revisions"}],"wp:attachment":[{"href":"http:\/\/niipit.dk\/vangen-hundeskov-norresundby\/wp-json\/wp\/v2\/media?parent=5764"}],"curies":[{"name":"wp","href":"https:\/\/api.w.org\/{rel}","templated":true}]}}