{"id":5064,"date":"2018-08-10T22:29:34","date_gmt":"2018-08-10T20:29:34","guid":{"rendered":"https:\/\/niipit.dk\/soendernaesgaard-shop\/?page_id=5064"},"modified":"2020-04-13T22:48:18","modified_gmt":"2020-04-13T20:48:18","slug":"frontpage","status":"publish","type":"page","link":"http:\/\/niipit.dk\/soendernaesgaard\/","title":{"rendered":"Forside"},"content":{"rendered":"\n<hr class=\"wp-block-separator\"\/>\n\n\n\n<h2 class=\"wp-block-heading\">Hvad sker der med S\u00f8ndern\u00e6sg\u00e5rd ved Sk\u00e6rb\u00e6k?<\/h2>\n\n\n\n<p>S\u00f8ndern\u00e6sg\u00e5rd har valgt at lukke ned efter flere \u00e5r p\u00e5 bagen og Lea der stod for worksop og kurser holder nu focus p\u00e5 at undervise p\u00e5 UC SYD i Esbjerg.<\/p>\n\n\n\n<p>Mange har bes\u00f8gt S\u00f8ndern\u00e6sg\u00e5rd og pr\u00f8vet Gourmet under \u00e5ben himmel.<br>F\u00f8rst fik du en rundvisning i den store urtehave hvor der kunne samles ingredienser til maden.<br>Herefter gik turen til det k\u00e6mpe udek\u00f8kken, lige p\u00e5 gr\u00e6nsen til Nationalpark Vadehavet. hvor det var muligt at lave Pizza. Dejen var altid en l\u00e6kker langtidsh\u00e6vet dej der var lavet p\u00e5 friskkv\u00e6rnet enkorn \/ emmer eller m\u00e5ske k\u00e6mpedurum. R\u00f8m\u00f8slagteren stod for den gode skinke og Naturm\u00e6lk stod for den \u00f8kologiske ost der blev revet over pizzaen.<br>N\u00e5r du havde f\u00e5et det fyld p\u00e5 Pizzaen som du \u00f8nskede af lokale r\u00e5varer, blev den bagt i den bedste italienske stenovns stil. Stenovnen er bygget ude i det fri kun omgivet af naturen, b\u00e5lsted og vask.<br>Hvis du ville have en kold \u00f8l s\u00e5 stod Ribe Bryghus for \u00f8llet. Andre der ville have unden alkohol kunne nyde Vibegaards Frugtplantages drikkeklar single saft.<br>Det er det som kaldes vaske \u00e6gte Gourmet under \u00e5ben himmel.<\/p>\n\n\n\n<p>Naboen overtager alle aktiviteter s\u00e5 fortvivl ikke. Naturcenter T\u00f8nnisg\u00e5rd der i forvejen afholder mange aktiviteter i og omkring vadehavet tilbyder fremover ogs\u00e5 aktiviteter med mad under \u00e5ben himmel.<\/p>\n","protected":false},"excerpt":{"rendered":"<p>Hvad sker der med S\u00f8ndern\u00e6sg\u00e5rd ved Sk\u00e6rb\u00e6k? S\u00f8ndern\u00e6sg\u00e5rd har valgt at lukke ned efter flere \u00e5r p\u00e5 bagen og Lea der stod for worksop og kurser holder nu focus p\u00e5 at undervise p\u00e5 UC SYD i Esbjerg. Mange har bes\u00f8gt S\u00f8ndern\u00e6sg\u00e5rd og pr\u00f8vet Gourmet under \u00e5ben himmel.F\u00f8rst fik du en rundvisning i den store urtehave <a class=\"moretag btn btn-primary\" href=\"http:\/\/niipit.dk\/soendernaesgaard\/\">L\u00e6s mere<\/a><\/p>\n","protected":false},"author":1,"featured_media":0,"parent":0,"menu_order":0,"comment_status":"closed","ping_status":"closed","template":"frontpagePremium.php","meta":{"_exactmetrics_skip_tracking":false,"_exactmetrics_sitenote_active":false,"_exactmetrics_sitenote_note":"","_exactmetrics_sitenote_category":0,"_monsterinsights_skip_tracking":false,"_monsterinsights_sitenote_active":false,"_monsterinsights_sitenote_note":"","_monsterinsights_sitenote_category":0,"footnotes":""},"class_list":["post-5064","page","type-page","status-publish","hentry"],"yoast_head":"<!-- This site is optimized with the Yoast SEO Premium plugin v16.3 (Yoast SEO v27.3) - https:\/\/yoast.com\/product\/yoast-seo-premium-wordpress\/ -->\n<title>S\u00f8ndern\u00e6sg\u00e5rd<\/title>\n<meta name=\"description\" content=\"S\u00f8ndern\u00e6sg\u00e5rd\" \/>\n<meta name=\"robots\" content=\"index, follow, max-snippet:-1, max-image-preview:large, max-video-preview:-1\" \/>\n<link rel=\"canonical\" href=\"http:\/\/niipit.dk\/soendernaesgaard\/\" \/>\n<meta property=\"og:locale\" content=\"da_DK\" \/>\n<meta property=\"og:type\" content=\"article\" \/>\n<meta property=\"og:title\" content=\"S\u00f8ndern\u00e6sg\u00e5rd\" \/>\n<meta property=\"og:description\" content=\"S\u00f8ndern\u00e6sg\u00e5rd\" \/>\n<meta property=\"og:url\" content=\"http:\/\/niipit.dk\/soendernaesgaard\/\" \/>\n<meta property=\"og:site_name\" content=\"S\u00f8ndern\u00e6sg\u00e5rd\" \/>\n<meta property=\"article:modified_time\" content=\"2020-04-13T20:48:18+00:00\" \/>\n<meta name=\"twitter:card\" content=\"summary_large_image\" \/>\n<meta name=\"twitter:label1\" content=\"Estimeret l\u00e6setid\" \/>\n\t<meta name=\"twitter:data1\" content=\"1 minut\" \/>\n<script type=\"application\/ld+json\" class=\"yoast-schema-graph\">{\"@context\":\"https:\\\/\\\/schema.org\",\"@graph\":[{\"@type\":\"WebPage\",\"@id\":\"http:\\\/\\\/niipit.dk\\\/soendernaesgaard\\\/\",\"url\":\"http:\\\/\\\/niipit.dk\\\/soendernaesgaard\\\/\",\"name\":\"S\u00f8ndern\u00e6sg\u00e5rd\",\"isPartOf\":{\"@id\":\"http:\\\/\\\/niipit.dk\\\/soendernaesgaard\\\/#website\"},\"datePublished\":\"2018-08-10T20:29:34+00:00\",\"dateModified\":\"2020-04-13T20:48:18+00:00\",\"description\":\"S\u00f8ndern\u00e6sg\u00e5rd\",\"breadcrumb\":{\"@id\":\"http:\\\/\\\/niipit.dk\\\/soendernaesgaard\\\/#breadcrumb\"},\"inLanguage\":\"da-DK\",\"potentialAction\":[{\"@type\":\"ReadAction\",\"target\":[\"http:\\\/\\\/niipit.dk\\\/soendernaesgaard\\\/\"]}]},{\"@type\":\"BreadcrumbList\",\"@id\":\"http:\\\/\\\/niipit.dk\\\/soendernaesgaard\\\/#breadcrumb\",\"itemListElement\":[{\"@type\":\"ListItem\",\"position\":1,\"name\":\"Hjem\",\"item\":\"http:\\\/\\\/niipit.dk\\\/soendernaesgaard\\\/\"},{\"@type\":\"ListItem\",\"position\":2,\"name\":\"Forside\"}]},{\"@type\":\"WebSite\",\"@id\":\"http:\\\/\\\/niipit.dk\\\/soendernaesgaard\\\/#website\",\"url\":\"http:\\\/\\\/niipit.dk\\\/soendernaesgaard\\\/\",\"name\":\"S\u00f8ndern\u00e6sg\u00e5rd\",\"description\":\"F\u00e5 din virksomhed p\u00e5 niipit\",\"potentialAction\":[{\"@type\":\"SearchAction\",\"target\":{\"@type\":\"EntryPoint\",\"urlTemplate\":\"http:\\\/\\\/niipit.dk\\\/soendernaesgaard\\\/?s={search_term_string}\"},\"query-input\":{\"@type\":\"PropertyValueSpecification\",\"valueRequired\":true,\"valueName\":\"search_term_string\"}}],\"inLanguage\":\"da-DK\"}]}<\/script>\n<!-- \/ Yoast SEO Premium plugin. -->","yoast_head_json":{"title":"S\u00f8ndern\u00e6sg\u00e5rd","description":"S\u00f8ndern\u00e6sg\u00e5rd","robots":{"index":"index","follow":"follow","max-snippet":"max-snippet:-1","max-image-preview":"max-image-preview:large","max-video-preview":"max-video-preview:-1"},"canonical":"http:\/\/niipit.dk\/soendernaesgaard\/","og_locale":"da_DK","og_type":"article","og_title":"S\u00f8ndern\u00e6sg\u00e5rd","og_description":"S\u00f8ndern\u00e6sg\u00e5rd","og_url":"http:\/\/niipit.dk\/soendernaesgaard\/","og_site_name":"S\u00f8ndern\u00e6sg\u00e5rd","article_modified_time":"2020-04-13T20:48:18+00:00","twitter_card":"summary_large_image","twitter_misc":{"Estimeret l\u00e6setid":"1 minut"},"schema":{"@context":"https:\/\/schema.org","@graph":[{"@type":"WebPage","@id":"http:\/\/niipit.dk\/soendernaesgaard\/","url":"http:\/\/niipit.dk\/soendernaesgaard\/","name":"S\u00f8ndern\u00e6sg\u00e5rd","isPartOf":{"@id":"http:\/\/niipit.dk\/soendernaesgaard\/#website"},"datePublished":"2018-08-10T20:29:34+00:00","dateModified":"2020-04-13T20:48:18+00:00","description":"S\u00f8ndern\u00e6sg\u00e5rd","breadcrumb":{"@id":"http:\/\/niipit.dk\/soendernaesgaard\/#breadcrumb"},"inLanguage":"da-DK","potentialAction":[{"@type":"ReadAction","target":["http:\/\/niipit.dk\/soendernaesgaard\/"]}]},{"@type":"BreadcrumbList","@id":"http:\/\/niipit.dk\/soendernaesgaard\/#breadcrumb","itemListElement":[{"@type":"ListItem","position":1,"name":"Hjem","item":"http:\/\/niipit.dk\/soendernaesgaard\/"},{"@type":"ListItem","position":2,"name":"Forside"}]},{"@type":"WebSite","@id":"http:\/\/niipit.dk\/soendernaesgaard\/#website","url":"http:\/\/niipit.dk\/soendernaesgaard\/","name":"S\u00f8ndern\u00e6sg\u00e5rd","description":"F\u00e5 din virksomhed p\u00e5 niipit","potentialAction":[{"@type":"SearchAction","target":{"@type":"EntryPoint","urlTemplate":"http:\/\/niipit.dk\/soendernaesgaard\/?s={search_term_string}"},"query-input":{"@type":"PropertyValueSpecification","valueRequired":true,"valueName":"search_term_string"}}],"inLanguage":"da-DK"}]}},"_links":{"self":[{"href":"http:\/\/niipit.dk\/soendernaesgaard\/wp-json\/wp\/v2\/pages\/5064","targetHints":{"allow":["GET"]}}],"collection":[{"href":"http:\/\/niipit.dk\/soendernaesgaard\/wp-json\/wp\/v2\/pages"}],"about":[{"href":"http:\/\/niipit.dk\/soendernaesgaard\/wp-json\/wp\/v2\/types\/page"}],"author":[{"embeddable":true,"href":"http:\/\/niipit.dk\/soendernaesgaard\/wp-json\/wp\/v2\/users\/1"}],"replies":[{"embeddable":true,"href":"http:\/\/niipit.dk\/soendernaesgaard\/wp-json\/wp\/v2\/comments?post=5064"}],"version-history":[{"count":0,"href":"http:\/\/niipit.dk\/soendernaesgaard\/wp-json\/wp\/v2\/pages\/5064\/revisions"}],"wp:attachment":[{"href":"http:\/\/niipit.dk\/soendernaesgaard\/wp-json\/wp\/v2\/media?parent=5064"}],"curies":[{"name":"wp","href":"https:\/\/api.w.org\/{rel}","templated":true}]}}