{"id":5881,"date":"2019-12-14T21:45:59","date_gmt":"2019-12-14T20:45:59","guid":{"rendered":"https:\/\/niipit.dk\/madopskrifter\/?page_id=5881"},"modified":"2020-01-05T14:01:10","modified_gmt":"2020-01-05T13:01:10","slug":"send-din-madopskrift","status":"publish","type":"page","link":"http:\/\/niipit.dk\/madopskrifter\/send-din-madopskrift\/","title":{"rendered":"Send din madopskrift"},"content":{"rendered":"\n<h2 class=\"wp-block-heading\">Send os din bedste madopskrift<\/h2>\n\n\n\n<p>Har du en Madopskrift som du bare gerne vil dele med andre s\u00e5 kan du sende den ind her.<br><br>Send os et billede af den f\u00e6rdige ret og skriv hvad du har brugt til retten og beskriv hvordan du laver den. Hvis den ser fornuftig ud s\u00e5 kommer din opskrift online.<br><br>Vi optager kun opskrifter p\u00e5 over 400 ord<br>Du m\u00e5 gerne sende links med til opskriften hvis du har den et andet sted, men vi lover ikke at linket vedh\u00e6ftes din opskrift.<br>Mindst hver uge offentligg\u00f8r vi en mad opskrift.<\/p>\n\n\n\n<div class=\"wpcf7 no-js\" id=\"wpcf7-f5888-o1\" lang=\"da-DK\" dir=\"ltr\" data-wpcf7-id=\"5888\">\n<div class=\"screen-reader-response\"><p role=\"status\" aria-live=\"polite\" aria-atomic=\"true\"><\/p> <ul><\/ul><\/div>\n<form action=\"\/madopskrifter\/wp-json\/wp\/v2\/pages\/5881#wpcf7-f5888-o1\" method=\"post\" class=\"wpcf7-form init\" aria-label=\"Kontaktformular\" enctype=\"multipart\/form-data\" novalidate=\"novalidate\" data-status=\"init\">\n<fieldset class=\"hidden-fields-container\"><input type=\"hidden\" name=\"_wpcf7\" value=\"5888\" \/><input type=\"hidden\" name=\"_wpcf7_version\" value=\"6.1.5\" \/><input type=\"hidden\" name=\"_wpcf7_locale\" value=\"da_DK\" \/><input type=\"hidden\" name=\"_wpcf7_unit_tag\" value=\"wpcf7-f5888-o1\" \/><input type=\"hidden\" name=\"_wpcf7_container_post\" value=\"0\" \/><input type=\"hidden\" name=\"_wpcf7_posted_data_hash\" value=\"\" \/>\n<\/fieldset>\n<p><label> Dit navn (skal udfyldes)<br \/>\n<span class=\"wpcf7-form-control-wrap\" data-name=\"your-name\"><input size=\"40\" maxlength=\"400\" class=\"wpcf7-form-control wpcf7-text wpcf7-validates-as-required\" aria-required=\"true\" aria-invalid=\"false\" value=\"\" type=\"text\" name=\"your-name\" \/><\/span> <\/label>\n<\/p>\n<p><label> Din e-mail (skal udfyldes)<br \/>\n<span class=\"wpcf7-form-control-wrap\" data-name=\"your-email\"><input size=\"40\" maxlength=\"400\" class=\"wpcf7-form-control wpcf7-email wpcf7-validates-as-required wpcf7-text wpcf7-validates-as-email\" aria-required=\"true\" aria-invalid=\"false\" value=\"\" type=\"email\" name=\"your-email\" \/><\/span> <\/label>\n<\/p>\n<p><label> Er retten allergivenlig, skriv gerne hvilke<br \/>\n<span class=\"wpcf7-form-control-wrap\" data-name=\"text-432\"><input size=\"40\" maxlength=\"400\" class=\"wpcf7-form-control wpcf7-text\" aria-invalid=\"false\" value=\"\" type=\"text\" name=\"text-432\" \/><\/span> <\/label>\n<\/p>\n<p><label> Hvad kalder du din ret<br \/>\n<span class=\"wpcf7-form-control-wrap\" data-name=\"your-subject\"><input size=\"40\" maxlength=\"400\" class=\"wpcf7-form-control wpcf7-text\" aria-invalid=\"false\" value=\"\" type=\"text\" name=\"your-subject\" \/><\/span> <\/label>\n<\/p>\n<p><label> Hvilken kategori er din ret, v\u00e6lg venligst<br \/>\n<span class=\"wpcf7-form-control-wrap\" data-name=\"menu-379\"><select class=\"wpcf7-form-control wpcf7-select wpcf7-validates-as-required\" aria-required=\"true\" aria-invalid=\"false\" name=\"menu-379\"><option value=\"Forret\">Forret<\/option><option value=\"Hovedret\">Hovedret<\/option><option value=\"Dessert\">Dessert<\/option><option value=\"Sund\">Sund<\/option><option value=\"Andet\">Andet<\/option><\/select><\/span> <\/label>\n<\/p>\n<p><label> Hvor nem er din ret at lave<br \/>\n<span class=\"wpcf7-form-control-wrap\" data-name=\"checkbox-693\"><span class=\"wpcf7-form-control wpcf7-checkbox wpcf7-validates-as-required\"><span class=\"wpcf7-list-item first\"><input type=\"checkbox\" name=\"checkbox-693[]\" value=\"1 Stjerne \/ Nem, b\u00f8rn kan lave det her\" \/><span class=\"wpcf7-list-item-label\">1 Stjerne \/ Nem, b\u00f8rn kan lave det her<\/span><\/span><span class=\"wpcf7-list-item\"><input type=\"checkbox\" name=\"checkbox-693[]\" value=\"2 Stjerner \/ Nem for de fleste\" \/><span class=\"wpcf7-list-item-label\">2 Stjerner \/ Nem for de fleste<\/span><\/span><span class=\"wpcf7-list-item\"><input type=\"checkbox\" name=\"checkbox-693[]\" value=\"3 Stjerner \/ Du skal kunne lave mad\" \/><span class=\"wpcf7-list-item-label\">3 Stjerner \/ Du skal kunne lave mad<\/span><\/span><span class=\"wpcf7-list-item\"><input type=\"checkbox\" name=\"checkbox-693[]\" value=\"4 Stjerner \/ Kr\u00e6ver lidt evner i et k\u00f8kken\" \/><span class=\"wpcf7-list-item-label\">4 Stjerner \/ Kr\u00e6ver lidt evner i et k\u00f8kken<\/span><\/span><span class=\"wpcf7-list-item last\"><input type=\"checkbox\" name=\"checkbox-693[]\" value=\"5 Stjerner \/ Sv\u00e6r, for de \u00f8vede i et k\u00f8kken\" \/><span class=\"wpcf7-list-item-label\">5 Stjerner \/ Sv\u00e6r, for de \u00f8vede i et k\u00f8kken<\/span><\/span><\/span><\/span> <\/label>\n<\/p>\n<p><label> Link til hvor opskriften ogs\u00e5 findes<br \/>\n<span class=\"wpcf7-form-control-wrap\" data-name=\"url-476\"><input size=\"40\" maxlength=\"400\" class=\"wpcf7-form-control wpcf7-url wpcf7-validates-as-required wpcf7-text wpcf7-validates-as-url\" aria-required=\"true\" aria-invalid=\"false\" value=\"\" type=\"url\" name=\"url-476\" \/><\/span> <\/label>\n<\/p>\n<p><label> Billede 1 af den f\u00e6rdige ret<br \/>\n<span class=\"wpcf7-form-control-wrap\" data-name=\"file-231\"><input size=\"40\" class=\"wpcf7-form-control wpcf7-file\" accept=\"audio\/*,video\/*,image\/*\" aria-invalid=\"false\" type=\"file\" name=\"file-231\" \/><\/span> <\/label>\n<\/p>\n<p><label> Billede 2 af retten<br \/>\n<span class=\"wpcf7-form-control-wrap\" data-name=\"file-231\"><input size=\"40\" class=\"wpcf7-form-control wpcf7-file\" accept=\"audio\/*,video\/*,image\/*\" aria-invalid=\"false\" type=\"file\" name=\"file-231\" \/><\/span> <\/label>\n<\/p>\n<p><label> Billede 3 af retten<br \/>\n<span class=\"wpcf7-form-control-wrap\" data-name=\"file-231\"><input size=\"40\" class=\"wpcf7-form-control wpcf7-file\" accept=\"audio\/*,video\/*,image\/*\" aria-invalid=\"false\" type=\"file\" name=\"file-231\" \/><\/span> <\/label>\n<\/p>\n<p><label> Din opskrift<br \/>\n<span class=\"wpcf7-form-control-wrap\" data-name=\"your-message\"><textarea cols=\"40\" rows=\"10\" maxlength=\"2000\" class=\"wpcf7-form-control wpcf7-textarea\" aria-invalid=\"false\" name=\"your-message\"><\/textarea><\/span> <\/label>\n<\/p>\n<p><label> Kontrol sp\u00f8rgsm\u00e5l<br \/>\n<span class=\"wpcf7-form-control-wrap\" data-name=\"quiz-892\"><label><span class=\"wpcf7-quiz-label\">Hvad bruges piskefl\u00f8de ofte til<\/span> <input size=\"40\" class=\"wpcf7-form-control wpcf7-quiz\" autocomplete=\"off\" aria-required=\"true\" aria-invalid=\"false\" type=\"text\" name=\"quiz-892\" \/><\/label><input type=\"hidden\" name=\"_wpcf7_quiz_answer_quiz-892\" value=\"31127efe2359305f943a306627eb214a\" \/><\/span> <\/label>\n<\/p>\n<p><input class=\"wpcf7-form-control wpcf7-submit has-spinner\" type=\"submit\" value=\"Indsend\" \/>\n<\/p><div class=\"wpcf7-response-output\" aria-hidden=\"true\"><\/div>\n<\/form>\n<\/div>\n\n","protected":false},"excerpt":{"rendered":"<p>Send os din bedste madopskrift Har du en Madopskrift som du bare gerne vil dele med andre s\u00e5 kan du sende den ind her. Send os et billede af den f\u00e6rdige ret og skriv hvad du har brugt til retten og beskriv hvordan du laver den. Hvis den ser fornuftig ud s\u00e5 kommer din opskrift <a class=\"moretag btn btn-primary\" href=\"http:\/\/niipit.dk\/madopskrifter\/send-din-madopskrift\/\">L\u00e6s mere<\/a><\/p>\n","protected":false},"author":1,"featured_media":0,"parent":0,"menu_order":0,"comment_status":"closed","ping_status":"closed","template":"","meta":{"_exactmetrics_skip_tracking":false,"_exactmetrics_sitenote_active":false,"_exactmetrics_sitenote_note":"","_exactmetrics_sitenote_category":0,"_monsterinsights_skip_tracking":false,"_monsterinsights_sitenote_active":false,"_monsterinsights_sitenote_note":"","_monsterinsights_sitenote_category":0,"footnotes":""},"class_list":["post-5881","page","type-page","status-publish","hentry"],"yoast_head":"<!-- This site is optimized with the Yoast SEO Premium plugin v16.3 (Yoast SEO v27.3) - https:\/\/yoast.com\/product\/yoast-seo-premium-wordpress\/ -->\n<title>Send din madopskrift - Lad os se din bedste madopskrifter<\/title>\n<meta name=\"description\" content=\"Send din madopskrift - Vi elsker at lave mad her i Danmark - vis os din aller bedste madopskrifter s\u00e5 vi kan dele dem med andre sultne sj\u00e6le.\" \/>\n<meta name=\"robots\" content=\"index, follow, max-snippet:-1, max-image-preview:large, max-video-preview:-1\" \/>\n<link rel=\"canonical\" href=\"https:\/\/niipit.dk\/madopskrifter\/send-din-madopskrift\/\" \/>\n<meta property=\"og:locale\" content=\"da_DK\" \/>\n<meta property=\"og:type\" content=\"article\" \/>\n<meta property=\"og:title\" content=\"Send din madopskrift - Lad os se din bedste madopskrifter\" \/>\n<meta property=\"og:description\" content=\"Send din madopskrift - Vi elsker at lave mad her i Danmark - vis os din aller bedste madopskrifter s\u00e5 vi kan dele dem med andre sultne sj\u00e6le.\" \/>\n<meta property=\"og:url\" content=\"https:\/\/niipit.dk\/madopskrifter\/send-din-madopskrift\/\" \/>\n<meta property=\"og:site_name\" content=\"Madopskrifter\" \/>\n<meta property=\"article:modified_time\" content=\"2020-01-05T13:01:10+00:00\" \/>\n<meta property=\"og:image\" content=\"https:\/\/niipit.dk\/madopskrifter\/wp-content\/uploads\/sites\/376\/2019\/12\/Niipit-5-stjernet-film-anmeldelser.png\" \/>\n\t<meta property=\"og:image:width\" content=\"1246\" \/>\n\t<meta property=\"og:image:height\" content=\"782\" \/>\n\t<meta property=\"og:image:type\" content=\"image\/png\" \/>\n<meta name=\"twitter:card\" content=\"summary_large_image\" \/>\n<meta name=\"twitter:label1\" content=\"Estimeret l\u00e6setid\" \/>\n\t<meta name=\"twitter:data1\" content=\"1 minut\" \/>\n<script type=\"application\/ld+json\" class=\"yoast-schema-graph\">{\"@context\":\"https:\\\/\\\/schema.org\",\"@graph\":[{\"@type\":\"WebPage\",\"@id\":\"https:\\\/\\\/niipit.dk\\\/madopskrifter\\\/send-din-madopskrift\\\/\",\"url\":\"https:\\\/\\\/niipit.dk\\\/madopskrifter\\\/send-din-madopskrift\\\/\",\"name\":\"Send din madopskrift - Lad os se din bedste madopskrifter\",\"isPartOf\":{\"@id\":\"https:\\\/\\\/niipit.dk\\\/madopskrifter\\\/#website\"},\"datePublished\":\"2019-12-14T20:45:59+00:00\",\"dateModified\":\"2020-01-05T13:01:10+00:00\",\"description\":\"Send din madopskrift - Vi elsker at lave mad her i Danmark - vis os din aller bedste madopskrifter s\u00e5 vi kan dele dem med andre sultne sj\u00e6le.\",\"breadcrumb\":{\"@id\":\"https:\\\/\\\/niipit.dk\\\/madopskrifter\\\/send-din-madopskrift\\\/#breadcrumb\"},\"inLanguage\":\"da-DK\",\"potentialAction\":[{\"@type\":\"ReadAction\",\"target\":[\"https:\\\/\\\/niipit.dk\\\/madopskrifter\\\/send-din-madopskrift\\\/\"]}]},{\"@type\":\"BreadcrumbList\",\"@id\":\"https:\\\/\\\/niipit.dk\\\/madopskrifter\\\/send-din-madopskrift\\\/#breadcrumb\",\"itemListElement\":[{\"@type\":\"ListItem\",\"position\":1,\"name\":\"Hjem\",\"item\":\"https:\\\/\\\/niipit.dk\\\/madopskrifter\\\/\"},{\"@type\":\"ListItem\",\"position\":2,\"name\":\"Send din madopskrift\"}]},{\"@type\":\"WebSite\",\"@id\":\"https:\\\/\\\/niipit.dk\\\/madopskrifter\\\/#website\",\"url\":\"https:\\\/\\\/niipit.dk\\\/madopskrifter\\\/\",\"name\":\"Madopskrifter\",\"description\":\"Find de bedste mad opskrifter\",\"potentialAction\":[{\"@type\":\"SearchAction\",\"target\":{\"@type\":\"EntryPoint\",\"urlTemplate\":\"https:\\\/\\\/niipit.dk\\\/madopskrifter\\\/?s={search_term_string}\"},\"query-input\":{\"@type\":\"PropertyValueSpecification\",\"valueRequired\":true,\"valueName\":\"search_term_string\"}}],\"inLanguage\":\"da-DK\"}]}<\/script>\n<!-- \/ Yoast SEO Premium plugin. -->","yoast_head_json":{"title":"Send din madopskrift - Lad os se din bedste madopskrifter","description":"Send din madopskrift - Vi elsker at lave mad her i Danmark - vis os din aller bedste madopskrifter s\u00e5 vi kan dele dem med andre sultne sj\u00e6le.","robots":{"index":"index","follow":"follow","max-snippet":"max-snippet:-1","max-image-preview":"max-image-preview:large","max-video-preview":"max-video-preview:-1"},"canonical":"https:\/\/niipit.dk\/madopskrifter\/send-din-madopskrift\/","og_locale":"da_DK","og_type":"article","og_title":"Send din madopskrift - Lad os se din bedste madopskrifter","og_description":"Send din madopskrift - Vi elsker at lave mad her i Danmark - vis os din aller bedste madopskrifter s\u00e5 vi kan dele dem med andre sultne sj\u00e6le.","og_url":"https:\/\/niipit.dk\/madopskrifter\/send-din-madopskrift\/","og_site_name":"Madopskrifter","article_modified_time":"2020-01-05T13:01:10+00:00","og_image":[{"width":1246,"height":782,"url":"https:\/\/niipit.dk\/madopskrifter\/wp-content\/uploads\/sites\/376\/2019\/12\/Niipit-5-stjernet-film-anmeldelser.png","type":"image\/png"}],"twitter_card":"summary_large_image","twitter_misc":{"Estimeret l\u00e6setid":"1 minut"},"schema":{"@context":"https:\/\/schema.org","@graph":[{"@type":"WebPage","@id":"https:\/\/niipit.dk\/madopskrifter\/send-din-madopskrift\/","url":"https:\/\/niipit.dk\/madopskrifter\/send-din-madopskrift\/","name":"Send din madopskrift - Lad os se din bedste madopskrifter","isPartOf":{"@id":"https:\/\/niipit.dk\/madopskrifter\/#website"},"datePublished":"2019-12-14T20:45:59+00:00","dateModified":"2020-01-05T13:01:10+00:00","description":"Send din madopskrift - Vi elsker at lave mad her i Danmark - vis os din aller bedste madopskrifter s\u00e5 vi kan dele dem med andre sultne sj\u00e6le.","breadcrumb":{"@id":"https:\/\/niipit.dk\/madopskrifter\/send-din-madopskrift\/#breadcrumb"},"inLanguage":"da-DK","potentialAction":[{"@type":"ReadAction","target":["https:\/\/niipit.dk\/madopskrifter\/send-din-madopskrift\/"]}]},{"@type":"BreadcrumbList","@id":"https:\/\/niipit.dk\/madopskrifter\/send-din-madopskrift\/#breadcrumb","itemListElement":[{"@type":"ListItem","position":1,"name":"Hjem","item":"https:\/\/niipit.dk\/madopskrifter\/"},{"@type":"ListItem","position":2,"name":"Send din madopskrift"}]},{"@type":"WebSite","@id":"https:\/\/niipit.dk\/madopskrifter\/#website","url":"https:\/\/niipit.dk\/madopskrifter\/","name":"Madopskrifter","description":"Find de bedste mad opskrifter","potentialAction":[{"@type":"SearchAction","target":{"@type":"EntryPoint","urlTemplate":"https:\/\/niipit.dk\/madopskrifter\/?s={search_term_string}"},"query-input":{"@type":"PropertyValueSpecification","valueRequired":true,"valueName":"search_term_string"}}],"inLanguage":"da-DK"}]}},"_links":{"self":[{"href":"http:\/\/niipit.dk\/madopskrifter\/wp-json\/wp\/v2\/pages\/5881","targetHints":{"allow":["GET"]}}],"collection":[{"href":"http:\/\/niipit.dk\/madopskrifter\/wp-json\/wp\/v2\/pages"}],"about":[{"href":"http:\/\/niipit.dk\/madopskrifter\/wp-json\/wp\/v2\/types\/page"}],"author":[{"embeddable":true,"href":"http:\/\/niipit.dk\/madopskrifter\/wp-json\/wp\/v2\/users\/1"}],"replies":[{"embeddable":true,"href":"http:\/\/niipit.dk\/madopskrifter\/wp-json\/wp\/v2\/comments?post=5881"}],"version-history":[{"count":0,"href":"http:\/\/niipit.dk\/madopskrifter\/wp-json\/wp\/v2\/pages\/5881\/revisions"}],"wp:attachment":[{"href":"http:\/\/niipit.dk\/madopskrifter\/wp-json\/wp\/v2\/media?parent=5881"}],"curies":[{"name":"wp","href":"https:\/\/api.w.org\/{rel}","templated":true}]}}