{"id":5064,"date":"2018-08-10T22:29:34","date_gmt":"2018-08-10T20:29:34","guid":{"rendered":"https:\/\/niipit.dk\/madopskrifter-shop\/?page_id=5064"},"modified":"2020-01-05T14:00:05","modified_gmt":"2020-01-05T13:00:05","slug":"frontpage","status":"publish","type":"page","link":"http:\/\/niipit.dk\/madopskrifter\/","title":{"rendered":"Forside"},"content":{"rendered":"","protected":false},"excerpt":{"rendered":"","protected":false},"author":1,"featured_media":0,"parent":0,"menu_order":0,"comment_status":"closed","ping_status":"closed","template":"frontpagePremium.php","meta":{"_exactmetrics_skip_tracking":false,"_exactmetrics_sitenote_active":false,"_exactmetrics_sitenote_note":"","_exactmetrics_sitenote_category":0,"_monsterinsights_skip_tracking":false,"_monsterinsights_sitenote_active":false,"_monsterinsights_sitenote_note":"","_monsterinsights_sitenote_category":0,"footnotes":""},"class_list":["post-5064","page","type-page","status-publish","hentry"],"yoast_head":"<!-- This site is optimized with the Yoast SEO Premium plugin v16.3 (Yoast SEO v27.3) - https:\/\/yoast.com\/product\/yoast-seo-premium-wordpress\/ -->\n<title>Niipit Madopskrifter - Indsend eller l\u00e6s madopskrifter<\/title>\n<meta name=\"description\" content=\"Niipit Madopskrifter - her kan du l\u00e6se eller vise opskrifter og billeder p\u00e5 l\u00e6kker mad. Du kan kommentere og like p\u00e5 opskrifterne n\u00e5r du er logget ind\" \/>\n<meta name=\"robots\" content=\"index, follow, max-snippet:-1, max-image-preview:large, max-video-preview:-1\" \/>\n<link rel=\"canonical\" href=\"https:\/\/niipit.dk\/madopskrifter\/\" \/>\n<meta property=\"og:locale\" content=\"da_DK\" \/>\n<meta property=\"og:type\" content=\"article\" \/>\n<meta property=\"og:title\" content=\"Niipit Madopskrifter - Indsend eller l\u00e6s madopskrifter\" \/>\n<meta property=\"og:description\" content=\"Niipit Madopskrifter - her kan du l\u00e6se eller vise opskrifter og billeder p\u00e5 l\u00e6kker mad. Du kan kommentere og like p\u00e5 opskrifterne n\u00e5r du er logget ind\" \/>\n<meta property=\"og:url\" content=\"https:\/\/niipit.dk\/madopskrifter\/\" \/>\n<meta property=\"og:site_name\" content=\"Madopskrifter\" \/>\n<meta property=\"article:modified_time\" content=\"2020-01-05T13:00:05+00:00\" \/>\n<meta property=\"og:image\" content=\"https:\/\/niipit.dk\/madopskrifter\/wp-content\/uploads\/sites\/376\/2020\/01\/Niipit-Mad-Opskrifter.jpg\" \/>\n\t<meta property=\"og:image:width\" content=\"626\" \/>\n\t<meta property=\"og:image:height\" content=\"417\" \/>\n\t<meta property=\"og:image:type\" content=\"image\/jpeg\" \/>\n<meta name=\"twitter:card\" content=\"summary_large_image\" \/>\n<script type=\"application\/ld+json\" class=\"yoast-schema-graph\">{\"@context\":\"https:\\\/\\\/schema.org\",\"@graph\":[{\"@type\":\"WebPage\",\"@id\":\"https:\\\/\\\/niipit.dk\\\/madopskrifter\\\/\",\"url\":\"https:\\\/\\\/niipit.dk\\\/madopskrifter\\\/\",\"name\":\"Niipit Madopskrifter - Indsend eller l\u00e6s madopskrifter\",\"isPartOf\":{\"@id\":\"https:\\\/\\\/niipit.dk\\\/madopskrifter\\\/#website\"},\"datePublished\":\"2018-08-10T20:29:34+00:00\",\"dateModified\":\"2020-01-05T13:00:05+00:00\",\"description\":\"Niipit Madopskrifter - her kan du l\u00e6se eller vise opskrifter og billeder p\u00e5 l\u00e6kker mad. Du kan kommentere og like p\u00e5 opskrifterne n\u00e5r du er logget ind\",\"breadcrumb\":{\"@id\":\"https:\\\/\\\/niipit.dk\\\/madopskrifter\\\/#breadcrumb\"},\"inLanguage\":\"da-DK\",\"potentialAction\":[{\"@type\":\"ReadAction\",\"target\":[\"https:\\\/\\\/niipit.dk\\\/madopskrifter\\\/\"]}]},{\"@type\":\"BreadcrumbList\",\"@id\":\"https:\\\/\\\/niipit.dk\\\/madopskrifter\\\/#breadcrumb\",\"itemListElement\":[{\"@type\":\"ListItem\",\"position\":1,\"name\":\"Hjem\",\"item\":\"https:\\\/\\\/niipit.dk\\\/madopskrifter\\\/\"},{\"@type\":\"ListItem\",\"position\":2,\"name\":\"Forside\"}]},{\"@type\":\"WebSite\",\"@id\":\"https:\\\/\\\/niipit.dk\\\/madopskrifter\\\/#website\",\"url\":\"https:\\\/\\\/niipit.dk\\\/madopskrifter\\\/\",\"name\":\"Madopskrifter\",\"description\":\"Find de bedste mad opskrifter\",\"potentialAction\":[{\"@type\":\"SearchAction\",\"target\":{\"@type\":\"EntryPoint\",\"urlTemplate\":\"https:\\\/\\\/niipit.dk\\\/madopskrifter\\\/?s={search_term_string}\"},\"query-input\":{\"@type\":\"PropertyValueSpecification\",\"valueRequired\":true,\"valueName\":\"search_term_string\"}}],\"inLanguage\":\"da-DK\"}]}<\/script>\n<!-- \/ Yoast SEO Premium plugin. -->","yoast_head_json":{"title":"Niipit Madopskrifter - Indsend eller l\u00e6s madopskrifter","description":"Niipit Madopskrifter - her kan du l\u00e6se eller vise opskrifter og billeder p\u00e5 l\u00e6kker mad. Du kan kommentere og like p\u00e5 opskrifterne n\u00e5r du er logget ind","robots":{"index":"index","follow":"follow","max-snippet":"max-snippet:-1","max-image-preview":"max-image-preview:large","max-video-preview":"max-video-preview:-1"},"canonical":"https:\/\/niipit.dk\/madopskrifter\/","og_locale":"da_DK","og_type":"article","og_title":"Niipit Madopskrifter - Indsend eller l\u00e6s madopskrifter","og_description":"Niipit Madopskrifter - her kan du l\u00e6se eller vise opskrifter og billeder p\u00e5 l\u00e6kker mad. Du kan kommentere og like p\u00e5 opskrifterne n\u00e5r du er logget ind","og_url":"https:\/\/niipit.dk\/madopskrifter\/","og_site_name":"Madopskrifter","article_modified_time":"2020-01-05T13:00:05+00:00","og_image":[{"width":626,"height":417,"url":"https:\/\/niipit.dk\/madopskrifter\/wp-content\/uploads\/sites\/376\/2020\/01\/Niipit-Mad-Opskrifter.jpg","type":"image\/jpeg"}],"twitter_card":"summary_large_image","schema":{"@context":"https:\/\/schema.org","@graph":[{"@type":"WebPage","@id":"https:\/\/niipit.dk\/madopskrifter\/","url":"https:\/\/niipit.dk\/madopskrifter\/","name":"Niipit Madopskrifter - Indsend eller l\u00e6s madopskrifter","isPartOf":{"@id":"https:\/\/niipit.dk\/madopskrifter\/#website"},"datePublished":"2018-08-10T20:29:34+00:00","dateModified":"2020-01-05T13:00:05+00:00","description":"Niipit Madopskrifter - her kan du l\u00e6se eller vise opskrifter og billeder p\u00e5 l\u00e6kker mad. Du kan kommentere og like p\u00e5 opskrifterne n\u00e5r du er logget ind","breadcrumb":{"@id":"https:\/\/niipit.dk\/madopskrifter\/#breadcrumb"},"inLanguage":"da-DK","potentialAction":[{"@type":"ReadAction","target":["https:\/\/niipit.dk\/madopskrifter\/"]}]},{"@type":"BreadcrumbList","@id":"https:\/\/niipit.dk\/madopskrifter\/#breadcrumb","itemListElement":[{"@type":"ListItem","position":1,"name":"Hjem","item":"https:\/\/niipit.dk\/madopskrifter\/"},{"@type":"ListItem","position":2,"name":"Forside"}]},{"@type":"WebSite","@id":"https:\/\/niipit.dk\/madopskrifter\/#website","url":"https:\/\/niipit.dk\/madopskrifter\/","name":"Madopskrifter","description":"Find de bedste mad opskrifter","potentialAction":[{"@type":"SearchAction","target":{"@type":"EntryPoint","urlTemplate":"https:\/\/niipit.dk\/madopskrifter\/?s={search_term_string}"},"query-input":{"@type":"PropertyValueSpecification","valueRequired":true,"valueName":"search_term_string"}}],"inLanguage":"da-DK"}]}},"_links":{"self":[{"href":"http:\/\/niipit.dk\/madopskrifter\/wp-json\/wp\/v2\/pages\/5064","targetHints":{"allow":["GET"]}}],"collection":[{"href":"http:\/\/niipit.dk\/madopskrifter\/wp-json\/wp\/v2\/pages"}],"about":[{"href":"http:\/\/niipit.dk\/madopskrifter\/wp-json\/wp\/v2\/types\/page"}],"author":[{"embeddable":true,"href":"http:\/\/niipit.dk\/madopskrifter\/wp-json\/wp\/v2\/users\/1"}],"replies":[{"embeddable":true,"href":"http:\/\/niipit.dk\/madopskrifter\/wp-json\/wp\/v2\/comments?post=5064"}],"version-history":[{"count":0,"href":"http:\/\/niipit.dk\/madopskrifter\/wp-json\/wp\/v2\/pages\/5064\/revisions"}],"wp:attachment":[{"href":"http:\/\/niipit.dk\/madopskrifter\/wp-json\/wp\/v2\/media?parent=5064"}],"curies":[{"name":"wp","href":"https:\/\/api.w.org\/{rel}","templated":true}]}}