{"id":5105,"date":"2018-08-15T22:02:47","date_gmt":"2018-08-15T20:02:47","guid":{"rendered":"https:\/\/niipit.dk\/nv2-QogM\/?page_id=5105"},"modified":"2020-03-23T20:03:05","modified_gmt":"2020-03-23T19:03:05","slug":"om","status":"publish","type":"page","link":"http:\/\/niipit.dk\/billigebarnevogne\/om\/","title":{"rendered":"Om"},"content":{"rendered":"<div class=\"thrv_wrapper thrv_heading\" data-tag=\"h1\" data-css=\"tve-u-163a601a1f4\">\n<h2 style=\"text-align: center;\" data-css=\"tve-u-163a60192ea\">Om Billige Barnevogne<\/h2>\n<\/div>\n\n\n<hr class=\"wp-block-separator\"\/>\n\n\n\n<p class=\"has-text-align-center\"><strong>Om Billige Barnevogne. <br>Det er en blog med tips og ideer til hvordan du finder den bedste og m\u00e5ske ogs\u00e5 den billigste barnevogn<\/strong><\/p>\n\n\n\n<h2 class=\"has-text-align-center wp-block-heading\">Hvem er vi<\/h2>\n\n\n\n<p class=\"has-text-align-center\"><strong>Vi er bare nogle helt almindelige kvinder der har haft b\u00f8rn og nu gerne vil give lidt viden videre til vores barn og barnebarn.<br>Vi er ikke profesionelle eller kendte, vi er bare helt almindelige<\/strong><\/p>\n\n\n\n<h2 class=\"has-text-align-center wp-block-heading\">Uvildig blog<\/h2>\n\n\n\n<p class=\"has-text-align-center\"><strong>Her finder du ikke reklame men vores personlige mening og vurdering<\/strong><\/p>\n\n\n\n<h2 class=\"has-text-align-center wp-block-heading\">Tips og Ideer<\/h2>\n\n\n\n<p class=\"has-text-align-center\"><strong>Vi vil pr\u00f8ve at finde tips og ideer til dig om alt hvad vi kan st\u00f8ve op om billige barnevogne<br>Vi vil snakke med forhandlere af barnevogne og klapvogne og h\u00f8re hvad de siger af gode ting om vogne til vores b\u00f8rn<br>Vi vil kigge p\u00e5 <\/strong><a href=\"https:\/\/www.google.com\"><strong>Google<\/strong><\/a><strong> og se hvad de har af sp\u00e6ndende artikler og nogle af dem vil vi linke til.<\/strong><\/p>\n\n\n\n<hr class=\"wp-block-separator\"\/>\n\n\n\n<hr class=\"wp-block-separator\"\/>\n\n\n\n<h2 class=\"has-text-align-center wp-block-heading\">Vores Blog<\/h2>\n\n\n\n<p class=\"has-text-align-center\"><strong>Alle vores tips og ideer samt blogs kan du finde her<\/strong><\/p>\n\n\n\n<div class=\"wp-block-button aligncenter\"><a class=\"wp-block-button__link has-text-color has-very-dark-gray-color has-background\" href=\"https:\/\/niipit.dk\/billigebarnevogne\/category\/alle\/\" style=\"background-color:#6da87f\"><strong>L\u00c6S vores blogs<\/strong><\/a><\/div>\n\n\n\n<hr class=\"wp-block-separator\"\/>\n\n\n\n<hr class=\"wp-block-separator\"\/>\n\n\n\n<h2 class=\"has-text-align-center wp-block-heading\">Ved du noget?<\/h2>\n\n\n\n<p class=\"has-text-align-center\"><strong>Er der noget viden du ligger inde med som du syntes at vi skal vide s\u00e5 er du meget velkommen til at skrive til os <br>M\u00e5ske kan det v\u00e6re at vi skriver om det tips du er kommet med.<\/strong><\/p>\n\n\n\n<h2 class=\"has-text-align-center wp-block-heading\">Kontakt os<\/h2>\n\n\n\n<p class=\"has-text-align-center\"><strong>Du kan kontakte os via formularen herunder s\u00e5 ser vi p\u00e5 det og kontakter dig herefter<\/strong><\/p>\n\n\n\n<pre class=\"wp-block-code\"><code>\n<div class=\"wpcf7 no-js\" id=\"wpcf7-f5142-o1\" lang=\"en-US\" dir=\"ltr\" data-wpcf7-id=\"5142\">\n<div class=\"screen-reader-response\"><p role=\"status\" aria-live=\"polite\" aria-atomic=\"true\"><\/p> <ul><\/ul><\/div>\n<form action=\"\/billigebarnevogne\/wp-json\/wp\/v2\/pages\/5105#wpcf7-f5142-o1\" method=\"post\" class=\"wpcf7-form init\" aria-label=\"Contact form\" novalidate=\"novalidate\" data-status=\"init\">\n<fieldset class=\"hidden-fields-container\"><input type=\"hidden\" name=\"_wpcf7\" value=\"5142\" \/><input type=\"hidden\" name=\"_wpcf7_version\" value=\"6.1.5\" \/><input type=\"hidden\" name=\"_wpcf7_locale\" value=\"en_US\" \/><input type=\"hidden\" name=\"_wpcf7_unit_tag\" value=\"wpcf7-f5142-o1\" \/><input type=\"hidden\" name=\"_wpcf7_container_post\" value=\"0\" \/><input type=\"hidden\" name=\"_wpcf7_posted_data_hash\" value=\"\" \/>\n<\/fieldset>\n<p><span class=\"wpcf7-form-control-wrap\" data-name=\"your-name\"><input size=\"40\" maxlength=\"400\" class=\"wpcf7-form-control wpcf7-text wpcf7-validates-as-required\" aria-required=\"true\" aria-invalid=\"false\" placeholder=\"Navn\" value=\"\" type=\"text\" name=\"your-name\" \/><\/span><br \/>\n<span class=\"wpcf7-form-control-wrap\" data-name=\"your-email\"><input size=\"40\" maxlength=\"400\" class=\"wpcf7-form-control wpcf7-email wpcf7-validates-as-required wpcf7-text wpcf7-validates-as-email\" aria-required=\"true\" aria-invalid=\"false\" placeholder=\"Email\" value=\"\" type=\"email\" name=\"your-email\" \/><\/span><br \/>\n<span class=\"wpcf7-form-control-wrap\" data-name=\"your-subject\"><input size=\"40\" maxlength=\"400\" class=\"wpcf7-form-control wpcf7-text\" aria-invalid=\"false\" placeholder=\"Emne\" value=\"\" type=\"text\" name=\"your-subject\" \/><\/span><br \/>\n<span class=\"wpcf7-form-control-wrap\" data-name=\"your-message\"><textarea cols=\"40\" rows=\"10\" maxlength=\"2000\" class=\"wpcf7-form-control wpcf7-textarea\" aria-invalid=\"false\" placeholder=\"Indtast din besked...\" name=\"your-message\"><\/textarea><\/span><br \/>\n<input class=\"wpcf7-form-control wpcf7-submit has-spinner\" type=\"submit\" value=\"Send\" \/>\n<\/p><div class=\"wpcf7-response-output\" aria-hidden=\"true\"><\/div>\n<\/form>\n<\/div>\n<\/code><\/pre>\n\n\n\n<div class=\"wp-block-image\"><figure class=\"aligncenter\"><img loading=\"lazy\" decoding=\"async\" width=\"626\" height=\"574\" src=\"https:\/\/niipit.dk\/billigebarnevogne\/wp-content\/uploads\/sites\/306\/2019\/09\/Billige-Barnevogne-bloggen.jpg\" alt=\"Billige Barnevogne Bloggen\" class=\"wp-image-5795\" srcset=\"http:\/\/niipit.dk\/billigebarnevogne\/wp-content\/uploads\/sites\/306\/2019\/09\/Billige-Barnevogne-bloggen.jpg 626w, http:\/\/niipit.dk\/billigebarnevogne\/wp-content\/uploads\/sites\/306\/2019\/09\/Billige-Barnevogne-bloggen-300x275.jpg 300w, http:\/\/niipit.dk\/billigebarnevogne\/wp-content\/uploads\/sites\/306\/2019\/09\/Billige-Barnevogne-bloggen-600x550.jpg 600w\" sizes=\"auto, (max-width: 626px) 100vw, 626px\" \/><\/figure><\/div>\n","protected":false},"excerpt":{"rendered":"<p>Om Billige Barnevogne Om Billige Barnevogne. Det er en blog med tips og ideer til hvordan du finder den bedste og m\u00e5ske ogs\u00e5 den billigste barnevogn Hvem er vi Vi er bare nogle helt almindelige kvinder der har haft b\u00f8rn og nu gerne vil give lidt viden videre til vores barn og barnebarn.Vi er ikke <a class=\"moretag btn btn-primary\" href=\"http:\/\/niipit.dk\/billigebarnevogne\/om\/\">L\u00e6s mere<\/a><\/p>\n","protected":false},"author":151,"featured_media":0,"parent":0,"menu_order":0,"comment_status":"closed","ping_status":"closed","template":"","meta":{"_exactmetrics_skip_tracking":false,"_exactmetrics_sitenote_active":false,"_exactmetrics_sitenote_note":"","_exactmetrics_sitenote_category":0,"_monsterinsights_skip_tracking":false,"_monsterinsights_sitenote_active":false,"_monsterinsights_sitenote_note":"","_monsterinsights_sitenote_category":0,"footnotes":""},"class_list":["post-5105","page","type-page","status-publish","hentry"],"yoast_head":"<!-- This site is optimized with the Yoast SEO Premium plugin v16.3 (Yoast SEO v27.2) - https:\/\/yoast.com\/product\/yoast-seo-premium-wordpress\/ -->\n<title>Om Billige Barnevogne - Vores Barn - Fordi vores b\u00f8rn betyder alt<\/title>\n<meta name=\"description\" content=\"Om Billige Barnevogne - Hvad kan du forvente i vores blog? Hvor f\u00e5r vi vores viden fra? Hvilke viden kan du finde p\u00e5 bloggen? L\u00e6s det hele her.\" \/>\n<meta name=\"robots\" content=\"index, follow, max-snippet:-1, max-image-preview:large, max-video-preview:-1\" \/>\n<link rel=\"canonical\" href=\"http:\/\/niipit.dk\/billigebarnevogne\/om\/\" \/>\n<meta property=\"og:locale\" content=\"da_DK\" \/>\n<meta property=\"og:type\" content=\"article\" \/>\n<meta property=\"og:title\" content=\"Om Billige Barnevogne - Vores Barn - Fordi vores b\u00f8rn betyder alt\" \/>\n<meta property=\"og:description\" content=\"Om Billige Barnevogne - Hvad kan du forvente i vores blog? Hvor f\u00e5r vi vores viden fra? Hvilke viden kan du finde p\u00e5 bloggen? L\u00e6s det hele her.\" \/>\n<meta property=\"og:url\" content=\"http:\/\/niipit.dk\/billigebarnevogne\/om\/\" \/>\n<meta property=\"og:site_name\" content=\"Billige Barnevogne\" \/>\n<meta property=\"article:modified_time\" content=\"2020-03-23T19:03:05+00:00\" \/>\n<meta property=\"og:image\" content=\"https:\/\/niipit.dk\/billigebarnevogne\/wp-content\/uploads\/sites\/306\/2019\/09\/Billige-Barnevogne-bloggen.jpg\" \/>\n<meta name=\"twitter:card\" content=\"summary_large_image\" \/>\n<meta name=\"twitter:label1\" content=\"Estimeret l\u00e6setid\" \/>\n\t<meta name=\"twitter:data1\" content=\"1 minut\" \/>\n<script type=\"application\/ld+json\" class=\"yoast-schema-graph\">{\"@context\":\"https:\/\/schema.org\",\"@graph\":[{\"@type\":\"WebPage\",\"@id\":\"http:\/\/niipit.dk\/billigebarnevogne\/om\/\",\"url\":\"http:\/\/niipit.dk\/billigebarnevogne\/om\/\",\"name\":\"Om Billige Barnevogne - Vores Barn - Fordi vores b\u00f8rn betyder alt\",\"isPartOf\":{\"@id\":\"http:\/\/niipit.dk\/billigebarnevogne\/#website\"},\"primaryImageOfPage\":{\"@id\":\"http:\/\/niipit.dk\/billigebarnevogne\/om\/#primaryimage\"},\"image\":{\"@id\":\"http:\/\/niipit.dk\/billigebarnevogne\/om\/#primaryimage\"},\"thumbnailUrl\":\"https:\/\/niipit.dk\/billigebarnevogne\/wp-content\/uploads\/sites\/306\/2019\/09\/Billige-Barnevogne-bloggen.jpg\",\"datePublished\":\"2018-08-15T20:02:47+00:00\",\"dateModified\":\"2020-03-23T19:03:05+00:00\",\"description\":\"Om Billige Barnevogne - Hvad kan du forvente i vores blog? Hvor f\u00e5r vi vores viden fra? Hvilke viden kan du finde p\u00e5 bloggen? L\u00e6s det hele her.\",\"breadcrumb\":{\"@id\":\"http:\/\/niipit.dk\/billigebarnevogne\/om\/#breadcrumb\"},\"inLanguage\":\"da-DK\",\"potentialAction\":[{\"@type\":\"ReadAction\",\"target\":[\"http:\/\/niipit.dk\/billigebarnevogne\/om\/\"]}]},{\"@type\":\"ImageObject\",\"inLanguage\":\"da-DK\",\"@id\":\"http:\/\/niipit.dk\/billigebarnevogne\/om\/#primaryimage\",\"url\":\"https:\/\/niipit.dk\/billigebarnevogne\/wp-content\/uploads\/sites\/306\/2019\/09\/Billige-Barnevogne-bloggen.jpg\",\"contentUrl\":\"https:\/\/niipit.dk\/billigebarnevogne\/wp-content\/uploads\/sites\/306\/2019\/09\/Billige-Barnevogne-bloggen.jpg\"},{\"@type\":\"BreadcrumbList\",\"@id\":\"http:\/\/niipit.dk\/billigebarnevogne\/om\/#breadcrumb\",\"itemListElement\":[{\"@type\":\"ListItem\",\"position\":1,\"name\":\"Hjem\",\"item\":\"http:\/\/niipit.dk\/billigebarnevogne\/\"},{\"@type\":\"ListItem\",\"position\":2,\"name\":\"Om\"}]},{\"@type\":\"WebSite\",\"@id\":\"http:\/\/niipit.dk\/billigebarnevogne\/#website\",\"url\":\"http:\/\/niipit.dk\/billigebarnevogne\/\",\"name\":\"Billige Barnevogne\",\"description\":\"F\u00e5 din virksomhed p\u00e5 niipit\",\"potentialAction\":[{\"@type\":\"SearchAction\",\"target\":{\"@type\":\"EntryPoint\",\"urlTemplate\":\"http:\/\/niipit.dk\/billigebarnevogne\/?s={search_term_string}\"},\"query-input\":{\"@type\":\"PropertyValueSpecification\",\"valueRequired\":true,\"valueName\":\"search_term_string\"}}],\"inLanguage\":\"da-DK\"}]}<\/script>\n<!-- \/ Yoast SEO Premium plugin. -->","yoast_head_json":{"title":"Om Billige Barnevogne - Vores Barn - Fordi vores b\u00f8rn betyder alt","description":"Om Billige Barnevogne - Hvad kan du forvente i vores blog? Hvor f\u00e5r vi vores viden fra? Hvilke viden kan du finde p\u00e5 bloggen? L\u00e6s det hele her.","robots":{"index":"index","follow":"follow","max-snippet":"max-snippet:-1","max-image-preview":"max-image-preview:large","max-video-preview":"max-video-preview:-1"},"canonical":"http:\/\/niipit.dk\/billigebarnevogne\/om\/","og_locale":"da_DK","og_type":"article","og_title":"Om Billige Barnevogne - Vores Barn - Fordi vores b\u00f8rn betyder alt","og_description":"Om Billige Barnevogne - Hvad kan du forvente i vores blog? Hvor f\u00e5r vi vores viden fra? Hvilke viden kan du finde p\u00e5 bloggen? L\u00e6s det hele her.","og_url":"http:\/\/niipit.dk\/billigebarnevogne\/om\/","og_site_name":"Billige Barnevogne","article_modified_time":"2020-03-23T19:03:05+00:00","og_image":[{"url":"https:\/\/niipit.dk\/billigebarnevogne\/wp-content\/uploads\/sites\/306\/2019\/09\/Billige-Barnevogne-bloggen.jpg","type":"","width":"","height":""}],"twitter_card":"summary_large_image","twitter_misc":{"Estimeret l\u00e6setid":"1 minut"},"schema":{"@context":"https:\/\/schema.org","@graph":[{"@type":"WebPage","@id":"http:\/\/niipit.dk\/billigebarnevogne\/om\/","url":"http:\/\/niipit.dk\/billigebarnevogne\/om\/","name":"Om Billige Barnevogne - Vores Barn - Fordi vores b\u00f8rn betyder alt","isPartOf":{"@id":"http:\/\/niipit.dk\/billigebarnevogne\/#website"},"primaryImageOfPage":{"@id":"http:\/\/niipit.dk\/billigebarnevogne\/om\/#primaryimage"},"image":{"@id":"http:\/\/niipit.dk\/billigebarnevogne\/om\/#primaryimage"},"thumbnailUrl":"https:\/\/niipit.dk\/billigebarnevogne\/wp-content\/uploads\/sites\/306\/2019\/09\/Billige-Barnevogne-bloggen.jpg","datePublished":"2018-08-15T20:02:47+00:00","dateModified":"2020-03-23T19:03:05+00:00","description":"Om Billige Barnevogne - Hvad kan du forvente i vores blog? Hvor f\u00e5r vi vores viden fra? Hvilke viden kan du finde p\u00e5 bloggen? L\u00e6s det hele her.","breadcrumb":{"@id":"http:\/\/niipit.dk\/billigebarnevogne\/om\/#breadcrumb"},"inLanguage":"da-DK","potentialAction":[{"@type":"ReadAction","target":["http:\/\/niipit.dk\/billigebarnevogne\/om\/"]}]},{"@type":"ImageObject","inLanguage":"da-DK","@id":"http:\/\/niipit.dk\/billigebarnevogne\/om\/#primaryimage","url":"https:\/\/niipit.dk\/billigebarnevogne\/wp-content\/uploads\/sites\/306\/2019\/09\/Billige-Barnevogne-bloggen.jpg","contentUrl":"https:\/\/niipit.dk\/billigebarnevogne\/wp-content\/uploads\/sites\/306\/2019\/09\/Billige-Barnevogne-bloggen.jpg"},{"@type":"BreadcrumbList","@id":"http:\/\/niipit.dk\/billigebarnevogne\/om\/#breadcrumb","itemListElement":[{"@type":"ListItem","position":1,"name":"Hjem","item":"http:\/\/niipit.dk\/billigebarnevogne\/"},{"@type":"ListItem","position":2,"name":"Om"}]},{"@type":"WebSite","@id":"http:\/\/niipit.dk\/billigebarnevogne\/#website","url":"http:\/\/niipit.dk\/billigebarnevogne\/","name":"Billige Barnevogne","description":"F\u00e5 din virksomhed p\u00e5 niipit","potentialAction":[{"@type":"SearchAction","target":{"@type":"EntryPoint","urlTemplate":"http:\/\/niipit.dk\/billigebarnevogne\/?s={search_term_string}"},"query-input":{"@type":"PropertyValueSpecification","valueRequired":true,"valueName":"search_term_string"}}],"inLanguage":"da-DK"}]}},"_links":{"self":[{"href":"http:\/\/niipit.dk\/billigebarnevogne\/wp-json\/wp\/v2\/pages\/5105","targetHints":{"allow":["GET"]}}],"collection":[{"href":"http:\/\/niipit.dk\/billigebarnevogne\/wp-json\/wp\/v2\/pages"}],"about":[{"href":"http:\/\/niipit.dk\/billigebarnevogne\/wp-json\/wp\/v2\/types\/page"}],"author":[{"embeddable":true,"href":"http:\/\/niipit.dk\/billigebarnevogne\/wp-json\/wp\/v2\/users\/151"}],"replies":[{"embeddable":true,"href":"http:\/\/niipit.dk\/billigebarnevogne\/wp-json\/wp\/v2\/comments?post=5105"}],"version-history":[{"count":0,"href":"http:\/\/niipit.dk\/billigebarnevogne\/wp-json\/wp\/v2\/pages\/5105\/revisions"}],"wp:attachment":[{"href":"http:\/\/niipit.dk\/billigebarnevogne\/wp-json\/wp\/v2\/media?parent=5105"}],"curies":[{"name":"wp","href":"https:\/\/api.w.org\/{rel}","templated":true}]}}