{"id":6269,"date":"2020-04-21T10:50:29","date_gmt":"2020-04-21T08:50:29","guid":{"rendered":"https:\/\/niipit.dk\/ansatte\/?post_type=product&#038;p=6269"},"modified":"2020-04-21T13:58:50","modified_gmt":"2020-04-21T11:58:50","slug":"hjaelp-til-opsigelser","status":"publish","type":"product","link":"http:\/\/niipit.dk\/ansatte\/produkt\/hjaelp-til-opsigelser\/","title":{"rendered":"Hj\u00e6lp til opsigelser"},"content":{"rendered":"<h1>Hj\u00e6lp til opsigelser<\/h1>\n<h2>F\u00e5 hj\u00e6lp til juridisk korrekte opsigelser af ansatte<\/h2>\n<p>Har du brug for hj\u00e6lp til at opsige ansatte s\u00e5 er l\u00f8sningen m\u00e5ske lige her<\/p>\n<p>&nbsp;<\/p>\n","protected":false},"excerpt":{"rendered":"<p>Hj\u00e6lp til opsigelser F\u00e5 hj\u00e6lp til juridisk korrekte opsigelser af ansatte Har du brug for hj\u00e6lp til at opsige ansatte s\u00e5 er l\u00f8sningen m\u00e5ske lige her &nbsp;<\/p>\n","protected":false},"featured_media":6270,"template":"","meta":{"_exactmetrics_skip_tracking":false,"_exactmetrics_sitenote_active":false,"_exactmetrics_sitenote_note":"","_exactmetrics_sitenote_category":0,"_monsterinsights_skip_tracking":false,"_monsterinsights_sitenote_active":false,"_monsterinsights_sitenote_note":"","_monsterinsights_sitenote_category":0},"product_brand":[],"product_cat":[2173],"product_tag":[],"shoptype":[],"class_list":{"0":"post-6269","1":"product","2":"type-product","3":"status-publish","4":"has-post-thumbnail","6":"product_cat-b4b-freebee","8":"first","9":"instock","10":"shipping-taxable","11":"product-type-external"},"yoast_head":"<!-- This site is optimized with the Yoast SEO Premium plugin v16.3 (Yoast SEO v27.5) - https:\/\/yoast.com\/product\/yoast-seo-premium-wordpress\/ -->\n<title>Hj\u00e6lp til opsigelser - Ansatte<\/title>\n<meta name=\"robots\" content=\"index, follow, max-snippet:-1, max-image-preview:large, max-video-preview:-1\" \/>\n<link rel=\"canonical\" href=\"http:\/\/niipit.dk\/ansatte\/produkt\/hjaelp-til-opsigelser\/\" \/>\n<meta property=\"og:locale\" content=\"da_DK\" \/>\n<meta property=\"og:type\" content=\"article\" \/>\n<meta property=\"og:title\" content=\"Hj\u00e6lp til opsigelser - Ansatte\" \/>\n<meta property=\"og:description\" content=\"Hj\u00e6lp til opsigelser F\u00e5 hj\u00e6lp til juridisk korrekte opsigelser af ansatte Har du brug for hj\u00e6lp til at opsige ansatte s\u00e5 er l\u00f8sningen m\u00e5ske lige her &nbsp;\" \/>\n<meta property=\"og:url\" content=\"http:\/\/niipit.dk\/ansatte\/produkt\/hjaelp-til-opsigelser\/\" \/>\n<meta property=\"og:site_name\" content=\"Ansatte\" \/>\n<meta property=\"article:modified_time\" content=\"2020-04-21T11:58:50+00:00\" \/>\n<meta property=\"og:image\" content=\"http:\/\/niipit.dk\/ansatte\/wp-content\/uploads\/sites\/323\/2020\/04\/Opsigelser-ansatte.dk_.png\" \/>\n\t<meta property=\"og:image:width\" content=\"656\" \/>\n\t<meta property=\"og:image:height\" content=\"656\" \/>\n\t<meta property=\"og:image:type\" content=\"image\/png\" \/>\n<meta name=\"twitter:card\" content=\"summary_large_image\" \/>\n<script type=\"application\/ld+json\" class=\"yoast-schema-graph\">{\"@context\":\"https:\\\/\\\/schema.org\",\"@graph\":[{\"@type\":\"WebPage\",\"@id\":\"http:\\\/\\\/niipit.dk\\\/ansatte\\\/produkt\\\/hjaelp-til-opsigelser\\\/\",\"url\":\"http:\\\/\\\/niipit.dk\\\/ansatte\\\/produkt\\\/hjaelp-til-opsigelser\\\/\",\"name\":\"Hj\u00e6lp til opsigelser - Ansatte\",\"isPartOf\":{\"@id\":\"https:\\\/\\\/niipit.dk\\\/ansatte\\\/#website\"},\"primaryImageOfPage\":{\"@id\":\"http:\\\/\\\/niipit.dk\\\/ansatte\\\/produkt\\\/hjaelp-til-opsigelser\\\/#primaryimage\"},\"image\":{\"@id\":\"http:\\\/\\\/niipit.dk\\\/ansatte\\\/produkt\\\/hjaelp-til-opsigelser\\\/#primaryimage\"},\"thumbnailUrl\":\"http:\\\/\\\/niipit.dk\\\/ansatte\\\/wp-content\\\/uploads\\\/sites\\\/323\\\/2020\\\/04\\\/Opsigelser-ansatte.dk_.png\",\"datePublished\":\"2020-04-21T08:50:29+00:00\",\"dateModified\":\"2020-04-21T11:58:50+00:00\",\"breadcrumb\":{\"@id\":\"http:\\\/\\\/niipit.dk\\\/ansatte\\\/produkt\\\/hjaelp-til-opsigelser\\\/#breadcrumb\"},\"inLanguage\":\"da-DK\",\"potentialAction\":[{\"@type\":\"ReadAction\",\"target\":[\"http:\\\/\\\/niipit.dk\\\/ansatte\\\/produkt\\\/hjaelp-til-opsigelser\\\/\"]}]},{\"@type\":\"ImageObject\",\"inLanguage\":\"da-DK\",\"@id\":\"http:\\\/\\\/niipit.dk\\\/ansatte\\\/produkt\\\/hjaelp-til-opsigelser\\\/#primaryimage\",\"url\":\"http:\\\/\\\/niipit.dk\\\/ansatte\\\/wp-content\\\/uploads\\\/sites\\\/323\\\/2020\\\/04\\\/Opsigelser-ansatte.dk_.png\",\"contentUrl\":\"http:\\\/\\\/niipit.dk\\\/ansatte\\\/wp-content\\\/uploads\\\/sites\\\/323\\\/2020\\\/04\\\/Opsigelser-ansatte.dk_.png\",\"width\":656,\"height\":656,\"caption\":\"Opsigelser ansatte.dk\"},{\"@type\":\"BreadcrumbList\",\"@id\":\"http:\\\/\\\/niipit.dk\\\/ansatte\\\/produkt\\\/hjaelp-til-opsigelser\\\/#breadcrumb\",\"itemListElement\":[{\"@type\":\"ListItem\",\"position\":1,\"name\":\"Hjem\",\"item\":\"https:\\\/\\\/niipit.dk\\\/ansatte\\\/\"},{\"@type\":\"ListItem\",\"position\":2,\"name\":\"Shop\",\"item\":\"http:\\\/\\\/niipit.dk\\\/ansatte\\\/?page_id=5078\"},{\"@type\":\"ListItem\",\"position\":3,\"name\":\"Hj\u00e6lp til opsigelser\"}]},{\"@type\":\"WebSite\",\"@id\":\"https:\\\/\\\/niipit.dk\\\/ansatte\\\/#website\",\"url\":\"https:\\\/\\\/niipit.dk\\\/ansatte\\\/\",\"name\":\"Ansatte\",\"description\":\"F\u00e5 din virksomhed p\u00e5 niipit\",\"potentialAction\":[{\"@type\":\"SearchAction\",\"target\":{\"@type\":\"EntryPoint\",\"urlTemplate\":\"https:\\\/\\\/niipit.dk\\\/ansatte\\\/?s={search_term_string}\"},\"query-input\":{\"@type\":\"PropertyValueSpecification\",\"valueRequired\":true,\"valueName\":\"search_term_string\"}}],\"inLanguage\":\"da-DK\"}]}<\/script>\n<!-- \/ Yoast SEO Premium plugin. -->","yoast_head_json":{"title":"Hj\u00e6lp til opsigelser - Ansatte","robots":{"index":"index","follow":"follow","max-snippet":"max-snippet:-1","max-image-preview":"max-image-preview:large","max-video-preview":"max-video-preview:-1"},"canonical":"http:\/\/niipit.dk\/ansatte\/produkt\/hjaelp-til-opsigelser\/","og_locale":"da_DK","og_type":"article","og_title":"Hj\u00e6lp til opsigelser - Ansatte","og_description":"Hj\u00e6lp til opsigelser F\u00e5 hj\u00e6lp til juridisk korrekte opsigelser af ansatte Har du brug for hj\u00e6lp til at opsige ansatte s\u00e5 er l\u00f8sningen m\u00e5ske lige her &nbsp;","og_url":"http:\/\/niipit.dk\/ansatte\/produkt\/hjaelp-til-opsigelser\/","og_site_name":"Ansatte","article_modified_time":"2020-04-21T11:58:50+00:00","og_image":[{"width":656,"height":656,"url":"http:\/\/niipit.dk\/ansatte\/wp-content\/uploads\/sites\/323\/2020\/04\/Opsigelser-ansatte.dk_.png","type":"image\/png"}],"twitter_card":"summary_large_image","schema":{"@context":"https:\/\/schema.org","@graph":[{"@type":"WebPage","@id":"http:\/\/niipit.dk\/ansatte\/produkt\/hjaelp-til-opsigelser\/","url":"http:\/\/niipit.dk\/ansatte\/produkt\/hjaelp-til-opsigelser\/","name":"Hj\u00e6lp til opsigelser - Ansatte","isPartOf":{"@id":"https:\/\/niipit.dk\/ansatte\/#website"},"primaryImageOfPage":{"@id":"http:\/\/niipit.dk\/ansatte\/produkt\/hjaelp-til-opsigelser\/#primaryimage"},"image":{"@id":"http:\/\/niipit.dk\/ansatte\/produkt\/hjaelp-til-opsigelser\/#primaryimage"},"thumbnailUrl":"http:\/\/niipit.dk\/ansatte\/wp-content\/uploads\/sites\/323\/2020\/04\/Opsigelser-ansatte.dk_.png","datePublished":"2020-04-21T08:50:29+00:00","dateModified":"2020-04-21T11:58:50+00:00","breadcrumb":{"@id":"http:\/\/niipit.dk\/ansatte\/produkt\/hjaelp-til-opsigelser\/#breadcrumb"},"inLanguage":"da-DK","potentialAction":[{"@type":"ReadAction","target":["http:\/\/niipit.dk\/ansatte\/produkt\/hjaelp-til-opsigelser\/"]}]},{"@type":"ImageObject","inLanguage":"da-DK","@id":"http:\/\/niipit.dk\/ansatte\/produkt\/hjaelp-til-opsigelser\/#primaryimage","url":"http:\/\/niipit.dk\/ansatte\/wp-content\/uploads\/sites\/323\/2020\/04\/Opsigelser-ansatte.dk_.png","contentUrl":"http:\/\/niipit.dk\/ansatte\/wp-content\/uploads\/sites\/323\/2020\/04\/Opsigelser-ansatte.dk_.png","width":656,"height":656,"caption":"Opsigelser ansatte.dk"},{"@type":"BreadcrumbList","@id":"http:\/\/niipit.dk\/ansatte\/produkt\/hjaelp-til-opsigelser\/#breadcrumb","itemListElement":[{"@type":"ListItem","position":1,"name":"Hjem","item":"https:\/\/niipit.dk\/ansatte\/"},{"@type":"ListItem","position":2,"name":"Shop","item":"http:\/\/niipit.dk\/ansatte\/?page_id=5078"},{"@type":"ListItem","position":3,"name":"Hj\u00e6lp til opsigelser"}]},{"@type":"WebSite","@id":"https:\/\/niipit.dk\/ansatte\/#website","url":"https:\/\/niipit.dk\/ansatte\/","name":"Ansatte","description":"F\u00e5 din virksomhed p\u00e5 niipit","potentialAction":[{"@type":"SearchAction","target":{"@type":"EntryPoint","urlTemplate":"https:\/\/niipit.dk\/ansatte\/?s={search_term_string}"},"query-input":{"@type":"PropertyValueSpecification","valueRequired":true,"valueName":"search_term_string"}}],"inLanguage":"da-DK"}]}},"_links":{"self":[{"href":"http:\/\/niipit.dk\/ansatte\/wp-json\/wp\/v2\/product\/6269","targetHints":{"allow":["GET"]}}],"collection":[{"href":"http:\/\/niipit.dk\/ansatte\/wp-json\/wp\/v2\/product"}],"about":[{"href":"http:\/\/niipit.dk\/ansatte\/wp-json\/wp\/v2\/types\/product"}],"wp:featuredmedia":[{"embeddable":true,"href":"http:\/\/niipit.dk\/ansatte\/wp-json\/wp\/v2\/media\/6270"}],"wp:attachment":[{"href":"http:\/\/niipit.dk\/ansatte\/wp-json\/wp\/v2\/media?parent=6269"}],"wp:term":[{"taxonomy":"product_brand","embeddable":true,"href":"http:\/\/niipit.dk\/ansatte\/wp-json\/wp\/v2\/product_brand?post=6269"},{"taxonomy":"product_cat","embeddable":true,"href":"http:\/\/niipit.dk\/ansatte\/wp-json\/wp\/v2\/product_cat?post=6269"},{"taxonomy":"product_tag","embeddable":true,"href":"http:\/\/niipit.dk\/ansatte\/wp-json\/wp\/v2\/product_tag?post=6269"},{"taxonomy":"shoptype","embeddable":true,"href":"http:\/\/niipit.dk\/ansatte\/wp-json\/wp\/v2\/shoptype?post=6269"}],"curies":[{"name":"wp","href":"https:\/\/api.w.org\/{rel}","templated":true}]}}