{"id":6265,"date":"2020-04-21T12:47:52","date_gmt":"2020-04-21T10:47:52","guid":{"rendered":"https:\/\/niipit.dk\/ansatte\/?post_type=product&#038;p=6265"},"modified":"2020-04-21T13:29:06","modified_gmt":"2020-04-21T11:29:06","slug":"administration-og-vejledninger","status":"publish","type":"product","link":"http:\/\/niipit.dk\/ansatte\/produkt\/administration-og-vejledninger\/","title":{"rendered":"Administration og Vejledninger"},"content":{"rendered":"<h1>Hj\u00e6lp til Administration og Vejledninger<\/h1>\n<h2>Lederh\u00e5ndbog et eksempel p\u00e5 hvordan den kan se ud<\/h2>\n<p>Lederh\u00e5ndbogen er et st\u00e6rkt v\u00e6rkt\u00f8j til at f\u00e5 ideer til hvordan jeres h\u00e5ndbog skal se ud.<\/p>\n<p>&nbsp;<\/p>\n","protected":false},"excerpt":{"rendered":"<p>Hj\u00e6lp til Administration og Vejledninger Lederh\u00e5ndbog et eksempel p\u00e5 hvordan den kan se ud Lederh\u00e5ndbogen er et st\u00e6rkt v\u00e6rkt\u00f8j til at f\u00e5 ideer til hvordan jeres h\u00e5ndbog skal se ud. &nbsp;<\/p>\n","protected":false},"featured_media":6266,"template":"","meta":{"_exactmetrics_skip_tracking":false,"_exactmetrics_sitenote_active":false,"_exactmetrics_sitenote_note":"","_exactmetrics_sitenote_category":0,"_monsterinsights_skip_tracking":false,"_monsterinsights_sitenote_active":false,"_monsterinsights_sitenote_note":"","_monsterinsights_sitenote_category":0},"product_brand":[],"product_cat":[2173],"product_tag":[],"shoptype":[],"class_list":{"0":"post-6265","1":"product","2":"type-product","3":"status-publish","4":"has-post-thumbnail","6":"product_cat-b4b-freebee","8":"first","9":"instock","10":"shipping-taxable","11":"product-type-external"},"yoast_head":"<!-- This site is optimized with the Yoast SEO Premium plugin v16.3 (Yoast SEO v27.5) - https:\/\/yoast.com\/product\/yoast-seo-premium-wordpress\/ -->\n<title>Administration og Vejledninger - Ansatte<\/title>\n<meta name=\"robots\" content=\"index, follow, max-snippet:-1, max-image-preview:large, max-video-preview:-1\" \/>\n<link rel=\"canonical\" href=\"http:\/\/niipit.dk\/ansatte\/produkt\/administration-og-vejledninger\/\" \/>\n<meta property=\"og:locale\" content=\"da_DK\" \/>\n<meta property=\"og:type\" content=\"article\" \/>\n<meta property=\"og:title\" content=\"Administration og Vejledninger - Ansatte\" \/>\n<meta property=\"og:description\" content=\"Hj\u00e6lp til Administration og Vejledninger Lederh\u00e5ndbog et eksempel p\u00e5 hvordan den kan se ud Lederh\u00e5ndbogen er et st\u00e6rkt v\u00e6rkt\u00f8j til at f\u00e5 ideer til hvordan jeres h\u00e5ndbog skal se ud. &nbsp;\" \/>\n<meta property=\"og:url\" content=\"http:\/\/niipit.dk\/ansatte\/produkt\/administration-og-vejledninger\/\" \/>\n<meta property=\"og:site_name\" content=\"Ansatte\" \/>\n<meta property=\"article:modified_time\" content=\"2020-04-21T11:29:06+00:00\" \/>\n<meta property=\"og:image\" content=\"http:\/\/niipit.dk\/ansatte\/wp-content\/uploads\/sites\/323\/2020\/04\/Administration-og-Vejledninger-Ansatte.dk_.png\" \/>\n\t<meta property=\"og:image:width\" content=\"666\" \/>\n\t<meta property=\"og:image:height\" content=\"666\" \/>\n\t<meta property=\"og:image:type\" content=\"image\/png\" \/>\n<meta name=\"twitter:card\" content=\"summary_large_image\" \/>\n<script type=\"application\/ld+json\" class=\"yoast-schema-graph\">{\"@context\":\"https:\\\/\\\/schema.org\",\"@graph\":[{\"@type\":\"WebPage\",\"@id\":\"http:\\\/\\\/niipit.dk\\\/ansatte\\\/produkt\\\/administration-og-vejledninger\\\/\",\"url\":\"http:\\\/\\\/niipit.dk\\\/ansatte\\\/produkt\\\/administration-og-vejledninger\\\/\",\"name\":\"Administration og Vejledninger - Ansatte\",\"isPartOf\":{\"@id\":\"https:\\\/\\\/niipit.dk\\\/ansatte\\\/#website\"},\"primaryImageOfPage\":{\"@id\":\"http:\\\/\\\/niipit.dk\\\/ansatte\\\/produkt\\\/administration-og-vejledninger\\\/#primaryimage\"},\"image\":{\"@id\":\"http:\\\/\\\/niipit.dk\\\/ansatte\\\/produkt\\\/administration-og-vejledninger\\\/#primaryimage\"},\"thumbnailUrl\":\"http:\\\/\\\/niipit.dk\\\/ansatte\\\/wp-content\\\/uploads\\\/sites\\\/323\\\/2020\\\/04\\\/Administration-og-Vejledninger-Ansatte.dk_.png\",\"datePublished\":\"2020-04-21T10:47:52+00:00\",\"dateModified\":\"2020-04-21T11:29:06+00:00\",\"breadcrumb\":{\"@id\":\"http:\\\/\\\/niipit.dk\\\/ansatte\\\/produkt\\\/administration-og-vejledninger\\\/#breadcrumb\"},\"inLanguage\":\"da-DK\",\"potentialAction\":[{\"@type\":\"ReadAction\",\"target\":[\"http:\\\/\\\/niipit.dk\\\/ansatte\\\/produkt\\\/administration-og-vejledninger\\\/\"]}]},{\"@type\":\"ImageObject\",\"inLanguage\":\"da-DK\",\"@id\":\"http:\\\/\\\/niipit.dk\\\/ansatte\\\/produkt\\\/administration-og-vejledninger\\\/#primaryimage\",\"url\":\"http:\\\/\\\/niipit.dk\\\/ansatte\\\/wp-content\\\/uploads\\\/sites\\\/323\\\/2020\\\/04\\\/Administration-og-Vejledninger-Ansatte.dk_.png\",\"contentUrl\":\"http:\\\/\\\/niipit.dk\\\/ansatte\\\/wp-content\\\/uploads\\\/sites\\\/323\\\/2020\\\/04\\\/Administration-og-Vejledninger-Ansatte.dk_.png\",\"width\":666,\"height\":666,\"caption\":\"Administration og Vejledninger Ansatte.dk\"},{\"@type\":\"BreadcrumbList\",\"@id\":\"http:\\\/\\\/niipit.dk\\\/ansatte\\\/produkt\\\/administration-og-vejledninger\\\/#breadcrumb\",\"itemListElement\":[{\"@type\":\"ListItem\",\"position\":1,\"name\":\"Hjem\",\"item\":\"https:\\\/\\\/niipit.dk\\\/ansatte\\\/\"},{\"@type\":\"ListItem\",\"position\":2,\"name\":\"Shop\",\"item\":\"http:\\\/\\\/niipit.dk\\\/ansatte\\\/?page_id=5078\"},{\"@type\":\"ListItem\",\"position\":3,\"name\":\"Administration og Vejledninger\"}]},{\"@type\":\"WebSite\",\"@id\":\"https:\\\/\\\/niipit.dk\\\/ansatte\\\/#website\",\"url\":\"https:\\\/\\\/niipit.dk\\\/ansatte\\\/\",\"name\":\"Ansatte\",\"description\":\"F\u00e5 din virksomhed p\u00e5 niipit\",\"potentialAction\":[{\"@type\":\"SearchAction\",\"target\":{\"@type\":\"EntryPoint\",\"urlTemplate\":\"https:\\\/\\\/niipit.dk\\\/ansatte\\\/?s={search_term_string}\"},\"query-input\":{\"@type\":\"PropertyValueSpecification\",\"valueRequired\":true,\"valueName\":\"search_term_string\"}}],\"inLanguage\":\"da-DK\"}]}<\/script>\n<!-- \/ Yoast SEO Premium plugin. -->","yoast_head_json":{"title":"Administration og Vejledninger - Ansatte","robots":{"index":"index","follow":"follow","max-snippet":"max-snippet:-1","max-image-preview":"max-image-preview:large","max-video-preview":"max-video-preview:-1"},"canonical":"http:\/\/niipit.dk\/ansatte\/produkt\/administration-og-vejledninger\/","og_locale":"da_DK","og_type":"article","og_title":"Administration og Vejledninger - Ansatte","og_description":"Hj\u00e6lp til Administration og Vejledninger Lederh\u00e5ndbog et eksempel p\u00e5 hvordan den kan se ud Lederh\u00e5ndbogen er et st\u00e6rkt v\u00e6rkt\u00f8j til at f\u00e5 ideer til hvordan jeres h\u00e5ndbog skal se ud. &nbsp;","og_url":"http:\/\/niipit.dk\/ansatte\/produkt\/administration-og-vejledninger\/","og_site_name":"Ansatte","article_modified_time":"2020-04-21T11:29:06+00:00","og_image":[{"width":666,"height":666,"url":"http:\/\/niipit.dk\/ansatte\/wp-content\/uploads\/sites\/323\/2020\/04\/Administration-og-Vejledninger-Ansatte.dk_.png","type":"image\/png"}],"twitter_card":"summary_large_image","schema":{"@context":"https:\/\/schema.org","@graph":[{"@type":"WebPage","@id":"http:\/\/niipit.dk\/ansatte\/produkt\/administration-og-vejledninger\/","url":"http:\/\/niipit.dk\/ansatte\/produkt\/administration-og-vejledninger\/","name":"Administration og Vejledninger - Ansatte","isPartOf":{"@id":"https:\/\/niipit.dk\/ansatte\/#website"},"primaryImageOfPage":{"@id":"http:\/\/niipit.dk\/ansatte\/produkt\/administration-og-vejledninger\/#primaryimage"},"image":{"@id":"http:\/\/niipit.dk\/ansatte\/produkt\/administration-og-vejledninger\/#primaryimage"},"thumbnailUrl":"http:\/\/niipit.dk\/ansatte\/wp-content\/uploads\/sites\/323\/2020\/04\/Administration-og-Vejledninger-Ansatte.dk_.png","datePublished":"2020-04-21T10:47:52+00:00","dateModified":"2020-04-21T11:29:06+00:00","breadcrumb":{"@id":"http:\/\/niipit.dk\/ansatte\/produkt\/administration-og-vejledninger\/#breadcrumb"},"inLanguage":"da-DK","potentialAction":[{"@type":"ReadAction","target":["http:\/\/niipit.dk\/ansatte\/produkt\/administration-og-vejledninger\/"]}]},{"@type":"ImageObject","inLanguage":"da-DK","@id":"http:\/\/niipit.dk\/ansatte\/produkt\/administration-og-vejledninger\/#primaryimage","url":"http:\/\/niipit.dk\/ansatte\/wp-content\/uploads\/sites\/323\/2020\/04\/Administration-og-Vejledninger-Ansatte.dk_.png","contentUrl":"http:\/\/niipit.dk\/ansatte\/wp-content\/uploads\/sites\/323\/2020\/04\/Administration-og-Vejledninger-Ansatte.dk_.png","width":666,"height":666,"caption":"Administration og Vejledninger Ansatte.dk"},{"@type":"BreadcrumbList","@id":"http:\/\/niipit.dk\/ansatte\/produkt\/administration-og-vejledninger\/#breadcrumb","itemListElement":[{"@type":"ListItem","position":1,"name":"Hjem","item":"https:\/\/niipit.dk\/ansatte\/"},{"@type":"ListItem","position":2,"name":"Shop","item":"http:\/\/niipit.dk\/ansatte\/?page_id=5078"},{"@type":"ListItem","position":3,"name":"Administration og Vejledninger"}]},{"@type":"WebSite","@id":"https:\/\/niipit.dk\/ansatte\/#website","url":"https:\/\/niipit.dk\/ansatte\/","name":"Ansatte","description":"F\u00e5 din virksomhed p\u00e5 niipit","potentialAction":[{"@type":"SearchAction","target":{"@type":"EntryPoint","urlTemplate":"https:\/\/niipit.dk\/ansatte\/?s={search_term_string}"},"query-input":{"@type":"PropertyValueSpecification","valueRequired":true,"valueName":"search_term_string"}}],"inLanguage":"da-DK"}]}},"_links":{"self":[{"href":"http:\/\/niipit.dk\/ansatte\/wp-json\/wp\/v2\/product\/6265","targetHints":{"allow":["GET"]}}],"collection":[{"href":"http:\/\/niipit.dk\/ansatte\/wp-json\/wp\/v2\/product"}],"about":[{"href":"http:\/\/niipit.dk\/ansatte\/wp-json\/wp\/v2\/types\/product"}],"wp:featuredmedia":[{"embeddable":true,"href":"http:\/\/niipit.dk\/ansatte\/wp-json\/wp\/v2\/media\/6266"}],"wp:attachment":[{"href":"http:\/\/niipit.dk\/ansatte\/wp-json\/wp\/v2\/media?parent=6265"}],"wp:term":[{"taxonomy":"product_brand","embeddable":true,"href":"http:\/\/niipit.dk\/ansatte\/wp-json\/wp\/v2\/product_brand?post=6265"},{"taxonomy":"product_cat","embeddable":true,"href":"http:\/\/niipit.dk\/ansatte\/wp-json\/wp\/v2\/product_cat?post=6265"},{"taxonomy":"product_tag","embeddable":true,"href":"http:\/\/niipit.dk\/ansatte\/wp-json\/wp\/v2\/product_tag?post=6265"},{"taxonomy":"shoptype","embeddable":true,"href":"http:\/\/niipit.dk\/ansatte\/wp-json\/wp\/v2\/shoptype?post=6265"}],"curies":[{"name":"wp","href":"https:\/\/api.w.org\/{rel}","templated":true}]}}